{"id":4422,"date":"2025-10-14T09:29:02","date_gmt":"2025-10-14T09:29:02","guid":{"rendered":"https:\/\/vapestornado.com\/?post_type=product&#038;p=4422"},"modified":"2025-12-16T09:53:51","modified_gmt":"2025-12-16T09:53:51","slug":"waspe-150k-150000-puff-6-in-1-disposable-vape-pen-cartridge-best-wholesale-price-in-poland","status":"publish","type":"product","link":"https:\/\/vapestornado.com\/pl\/product\/waspe-150k-150000-puff-6-in-1-disposable-vape-pen-cartridge-best-wholesale-price-in-poland\/","title":{"rendered":"WASPE 150K 150000 Papieros\u00f3w 6 w 1 Jednorazowa Vape Pen Kartrid\u017c Najlepsza Cena Hurtowa w Polsce"},"content":{"rendered":"<h2 data-pm-slice=\"1 1 []\">WASPE 150K 150000 Papieros\u00f3w 6 w 1 Jednorazowa Vape Pen Kartrid\u017c Najlepsza Cena Hurtowa w Polsce<\/h2>\n<p data-start=\"112\" data-end=\"657\"><strong data-start=\"108\" data-end=\"134\">WASPE 150K 150000 Papieros\u00f3w<\/strong> zosta\u0142 stworzony dla jednej rzeczy: <strong data-start=\"159\" data-end=\"204\">maksymalnego czasu pracy z prawdziw\u0105 r\u00f3\u017cnorodno\u015bci\u0105 smak\u00f3w<\/strong> w jednej jednostce. Dostarcza do <strong data-start=\"236\" data-end=\"253\">150 000 puf\u00f3w<\/strong>, korzysta z <strong data-start=\"262\" data-end=\"300\">systemu wymiennych wk\u0142adek 6-w-1<\/strong>, i posiada <strong data-start=\"316\" data-end=\"350\">64ml nape\u0142nionego e-liquidu<\/strong>\u2014 wi\u0119c nie musisz wymienia\u0107 urz\u0105dze\u0144 co tydzie\u0144. A <strong data-start=\"397\" data-end=\"422\">potr\u00f3jna siatka grzewcza 1,0 \u03a9<\/strong> utrzymuje g\u0119sty dym i czysty smak podczas zmiany smak\u00f3w, podczas gdy <strong data-start=\"494\" data-end=\"515\">Inteligentny wy\u015bwietlacz LED<\/strong> wy\u015bwietla wyra\u017anie stan baterii i poziom e-liquidu. Z opcjami <strong data-start=\"566\" data-end=\"604\">Akumulator 650 mAh \u0142adowany przez Type-C<\/strong> i nikotyny <strong data-start=\"626\" data-end=\"640\">0%, 2%, 5%<\/strong>, pasuje zar\u00f3wno do u\u017cytkownik\u00f3w indywidualnych, jak i hurtowych, kt\u00f3rzy chc\u0105 produktu o du\u017cym popycie dla <strong data-start=\"726\" data-end=\"737\">Vape PL<\/strong> i szerszych rynk\u00f3w UE.<\/p>\n<h3 data-start=\"996\" data-end=\"1043\">Dlaczego WASPE 150K 150000 Papieros\u00f3w oferuje lepsz\u0105 warto\u015b\u0107 za papierosa?<\/h3>\n<ul data-start=\"1045\" data-end=\"2676\">\n<li data-start=\"1045\" data-end=\"1422\">\n<p data-start=\"1047\" data-end=\"1422\"><strong data-start=\"1047\" data-end=\"1096\">Wytrzyma\u0142o\u015b\u0107 150K wsparta du\u017cym zapasem 64ml.<\/strong> Cyfrowy ekran <strong data-start=\"1101\" data-end=\"1123\">WASPE 150000 Papieros\u00f3w<\/strong> format zosta\u0142 zaprojektowany, aby zmniejszy\u0107 konieczno\u015b\u0107 ci\u0105g\u0142ej wymiany, dlatego zyskuje uwag\u0119 w Polsce i poza ni\u0105. Dla wielu u\u017cytkownik\u00f3w por\u00f3wnuj\u0105cych <strong data-start=\"1254\" data-end=\"1269\">Cena parownika<\/strong> w por\u00f3wnaniu do d\u0142ugowieczno\u015bci w <strong data-start=\"1290\" data-end=\"1301\">Vape PL<\/strong>, urz\u0105dzenie o tej pojemno\u015bci mo\u017ce dostarczy\u0107 znacznie ni\u017cszy koszt na dzie\u0144 ni\u017c mniejsze \u201eJednoraz\u00f3wki\u201d szybko si\u0119 wyczerpuj\u0105ce.<\/p>\n<\/li>\n<li data-start=\"1424\" data-end=\"1739\">\n<p data-start=\"1426\" data-end=\"1739\"><strong data-start=\"1426\" data-end=\"1482\">Prze\u0142\u0105czanie kartrid\u017cy 6-w-1 zapobiega wypalaniu smaku.<\/strong> Urz\u0105dzenie o d\u0142ugiej \u017cywotno\u015bci dzia\u0142a tylko wtedy, gdy nadal je lubisz po dw\u00f3ch tygodniach. The <strong data-start=\"1556\" data-end=\"1598\">System kartrid\u017cy typu 6-w-1 z wymiennymi wk\u0142adami<\/strong> pozwala na natychmiastow\u0105 zmian\u0119 smak\u00f3w, co u\u0142atwia korzystanie z jednej jednostki zamiast kupowania wielu e-papieros\u00f3w, aby \u015bledzi\u0107 nowy <strong data-start=\"1722\" data-end=\"1738\">smak vapera<\/strong>.<\/p>\n<\/li>\n<li data-start=\"1741\" data-end=\"2061\">\n<p data-start=\"1743\" data-end=\"2061\"><strong data-start=\"1743\" data-end=\"1807\">Wynik potr\u00f3jnej siatki grza\u0142ki pozostaje g\u0142adki przy zmianie smak\u00f3w.<\/strong> Cyfrowy ekran <strong data-start=\"1812\" data-end=\"1837\">potr\u00f3jna siatka grzewcza 1,0 \u03a9<\/strong> r\u00f3wnomiernie rozprowadza ciep\u0142o i pomaga utrzyma\u0107 sta\u0142\u0105 par\u0119 i smak. To wa\u017cne podczas zmiany smak\u00f3w\u2014ta\u0144sze grza\u0142ki mog\u0105 zniekszta\u0142ca\u0107 smak lub odczuwa\u0107 ostro\u015b\u0107. Konfiguracja grza\u0142ek WASPE ma na celu czyste przej\u015bcia i mniej suchych, szorstkich poci\u0105gni\u0119\u0107.<\/p>\n<\/li>\n<li data-start=\"2063\" data-end=\"2363\">\n<p data-start=\"2065\" data-end=\"2363\"><strong data-start=\"2065\" data-end=\"2111\">Pojemno\u015b\u0107 akumulatora wielokrotnego \u0142adowania zachowuje warto\u015b\u0107.<\/strong> Dzi\u0119ki <strong data-start=\"2117\" data-end=\"2143\">\u0142adowanie Type-C 650mAh<\/strong>, urz\u0105dzenie mo\u017cna szybko nape\u0142ni\u0107 i u\u017cywa\u0107 przez d\u0142ugi czas. To zmniejsza marnotrawstwo zwi\u0105zane z \u201eroz\u0142adowaniem baterii\u201d\u2014jednym z g\u0142\u00f3wnych problem\u00f3w, z jakimi borykaj\u0105 si\u0119 u\u017cytkownicy przy zakupie <strong data-start=\"2306\" data-end=\"2328\">Tanie e-papierosy<\/strong> kt\u00f3re nie s\u0105 przeznaczone do d\u0142ugotrwa\u0142ego u\u017cytkowania.<\/p>\n<\/li>\n<li data-start=\"2365\" data-end=\"2676\">\n<p data-start=\"2367\" data-end=\"2676\"><strong data-start=\"2367\" data-end=\"2422\">Przeznaczone zar\u00f3wno do u\u017cytku osobistego, jak i hurtowej sprzeda\u017cy.<\/strong> G\u0142\u00f3wne parametry (150 tys. puf\u00f3w, 6 smak\u00f3w, 64 ml, ekran LED) s\u0105 \u0142atwe do sprzeda\u017cy w detalicznej sprzeda\u017cy. Dla dystrybutor\u00f3w to prosty produkt, kt\u00f3ry dobrze radzi sobie w Polsce, Hiszpanii, Francji i Holandii\u2014rynkach, gdzie urz\u0105dzenia o du\u017cej pojemno\u015bci mog\u0105 szybko si\u0119 sprzedawa\u0107.<\/p>\n<\/li>\n<\/ul>\n<p><strong><span style=\"color: #ff0000;\">Dodaj Amy do WhatsAppa, aby uzyska\u0107 szybk\u0105 odpowied\u017a i kupon na vape!<\/span><\/strong><\/p>\n<p><img fetchpriority=\"high\" decoding=\"async\" class=\"size-full wp-image-2932\" src=\"https:\/\/vapestornado.com\/wp-content\/uploads\/2024\/12\/Vape-Wholesale.jpg\" alt=\"Hurtowa sprzeda\u017c e-papieros\u00f3w\" width=\"229\" height=\"300\" \/><\/p>\n<h3><a href=\"https:\/\/wa.me\/8617776015835\" target=\"_blank\" rel=\"noopener\"><span style=\"color: #ff0000;\"><strong>WhatsApp: +86 17776015835<\/strong><\/span><\/a><\/h3>\n<p>&nbsp;<\/p>\n<h2><strong>WASPE 150K 150000 Paliw Funkcje produktu<\/strong><\/h2>\n<table>\n<thead>\n<tr>\n<th>Funkcja<\/th>\n<th>specyfikacja<\/th>\n<th>jak to dzia\u0142a<\/th>\n<\/tr>\n<\/thead>\n<tbody>\n<tr>\n<td>Nazwa produktu<\/td>\n<td>WASPE 150K 150000 Papieros\u00f3w<\/td>\n<td>Ultrawysoka pojemno\u015b\u0107 jednorazowego vapingu z mo\u017cliwo\u015bci\u0105 zmiany smak\u00f3w<\/td>\n<\/tr>\n<tr>\n<td>Liczba Zaci\u0105gni\u0119\u0107<\/td>\n<td>Do 150 000 puf\u00f3w<\/td>\n<td>Zaprojektowany, aby zmniejszy\u0107 cz\u0119stotliwo\u015b\u0107 wymiany dla intensywnych rutyn<\/td>\n<\/tr>\n<tr>\n<td>System Smaku<\/td>\n<td>systemu wymiennych wk\u0142adek 6-w-1<\/td>\n<td>Natychmiastowa zmiana smak\u00f3w w jednym urz\u0105dzeniu<\/td>\n<\/tr>\n<tr>\n<td>Pojemno\u015b\u0107 e-liquidu<\/td>\n<td>64 ml wst\u0119pnie nape\u0142nione<\/td>\n<td>Du\u017ca pojemno\u015b\u0107 wspiera d\u0142ugie sesje i wysok\u0105 ocen\u0119 chmur<\/td>\n<\/tr>\n<tr>\n<td>Cewka<\/td>\n<td>potr\u00f3jna siatka grzewcza 1,0 \u03a9<\/td>\n<td>R\u00f3wnomierne nagrzewanie dla g\u0119stej pary i sp\u00f3jnej klarowno\u015bci smaku<\/td>\n<\/tr>\n<tr>\n<td>Bateria<\/td>\n<td>650mAh \u0142adowalny<\/td>\n<td>\u0141aduj w razie potrzeby, aby kontynuowa\u0107 korzystanie z pe\u0142nej ilo\u015bci liquidu<\/td>\n<\/tr>\n<tr>\n<td>\u0141adowanie<\/td>\n<td>Szybkie \u0142adowanie typu C<\/td>\n<td>Szybkie uzupe\u0142nienia za pomoc\u0105 standardowych kabli EU<\/td>\n<\/tr>\n<tr>\n<td>Wy\u015bwietlacz<\/td>\n<td>Inteligentny wy\u015bwietlacz LED<\/td>\n<td>Pokazuje poziom baterii i e-liquid dla przewidywalnego codziennego u\u017cytkowania<\/td>\n<\/tr>\n<tr>\n<td>Opcje Nikotyny<\/td>\n<td>0% \/ 2% \/ 5%<\/td>\n<td>Obs\u0142uguje nikotyn\u0119 bez nikotyny, niskie i mocniejsze preferencje<\/td>\n<\/tr>\n<\/tbody>\n<\/table>\n<figure id=\"attachment_4416\" aria-describedby=\"caption-attachment-4416\" style=\"width: 300px\" class=\"wp-caption alignnone\"><img decoding=\"async\" class=\"size-medium wp-image-4416\" src=\"https:\/\/vapestornado.com\/wp-content\/uploads\/2025\/10\/WASPE-150K-150000-Puff-Disposable-Vape-Wholesale-Factory-Price-300x300.webp\" alt=\"WASPE 150K 150000 Puf\u00f3w Jednorazowy e-papieros hurtowa cena fabryczna\" width=\"300\" height=\"300\" srcset=\"https:\/\/vapestornado.com\/wp-content\/uploads\/2025\/10\/WASPE-150K-150000-Puff-Disposable-Vape-Wholesale-Factory-Price-300x300.webp 300w, https:\/\/vapestornado.com\/wp-content\/uploads\/2025\/10\/WASPE-150K-150000-Puff-Disposable-Vape-Wholesale-Factory-Price-150x150.webp 150w, https:\/\/vapestornado.com\/wp-content\/uploads\/2025\/10\/WASPE-150K-150000-Puff-Disposable-Vape-Wholesale-Factory-Price-768x768.webp 768w, https:\/\/vapestornado.com\/wp-content\/uploads\/2025\/10\/WASPE-150K-150000-Puff-Disposable-Vape-Wholesale-Factory-Price-12x12.webp 12w, https:\/\/vapestornado.com\/wp-content\/uploads\/2025\/10\/WASPE-150K-150000-Puff-Disposable-Vape-Wholesale-Factory-Price-600x600.webp 600w, https:\/\/vapestornado.com\/wp-content\/uploads\/2025\/10\/WASPE-150K-150000-Puff-Disposable-Vape-Wholesale-Factory-Price-100x100.webp 100w, https:\/\/vapestornado.com\/wp-content\/uploads\/2025\/10\/WASPE-150K-150000-Puff-Disposable-Vape-Wholesale-Factory-Price.webp 800w\" sizes=\"(max-width: 300px) 100vw, 300px\" \/><figcaption id=\"caption-attachment-4416\" class=\"wp-caption-text\">WASPE 150K 150000 Puf\u00f3w Jednorazowy e-papieros hurtowa cena fabryczna<\/figcaption><\/figure>\n<h2 class=\"product-title\"><strong>WASPE 150K 150000 Lista smak\u00f3w Puff Puff<\/strong><\/h2>\n<p data-start=\"2550\" data-end=\"2736\">1. Arbuz L\u00f3d &amp; Cytryna Lime &amp; Cytryna Brzoskwinia<br \/>\n2. Jagoda L\u00f3d &amp; Truskawka Kiwi &amp; Wi\u015bnia Truskawka L\u00f3d<br \/>\n3. Red Bull L\u00f3d &amp; Malina Pomp &amp; Kwa\u015bne Mango Truskawka<br \/>\n4. Truskawka Arbuz &amp; Soczysta Brzoskwinia L\u00f3d &amp; Potr\u00f3jne Jagody L\u00f3d<br \/>\n5. Wi\u015bnia Cola L\u00f3d &amp; Truskawka Red Bull L\u00f3d &amp; Arbuz Malina<br \/>\n6. Winogrono L\u00f3d &amp; Blue Razz Wi\u015bnia &amp; Truskawka L\u00f3d<br \/>\n7. Mieszane Jagody &amp; Czarny Smok L\u00f3d &amp; Truskawka Wi\u015bnia Cola<br \/>\n8. Musuj\u0105ca Cola L\u00f3d &amp; Nap\u00f3j Energetyczny &amp; Wi\u015bnia L\u00f3d<br \/>\n9. Truskawka Banan &amp; Kiwi Arbuz &amp; Kokos Truskawka<br \/>\n10. Red Bull Cola Ice &amp; Truskawka Malina Wi\u015bnia &amp; Czarna Porzeczka Smoczy Owoc<br \/>\n11. Truskawkowa Arbuzowa Guma do \u017bucia &amp; Kwa\u015bny Mango Ice &amp; Truskawkowa Winogrona Ice<br \/>\n12. Melon Passion Fruit &amp; Blackberry Ice &amp; Jab\u0142ko Kiwi<\/p>\n<div class=\"flex-shrink-0 flex flex-col relative items-end\">\n<div class=\"pt-0\">\n<div class=\"gizmo-bot-avatar flex h-8 w-8 items-center justify-center overflow-hidden rounded-full\">\n<div class=\"relative p-1 rounded-sm flex items-center justify-center bg-token-main-surface-primary text-token-text-primary h-8 w-8\">\n<h2 data-start=\"1200\" data-end=\"1487\">Vapes Tornado \u2013 Tw\u00f3j hurtowy sklep internetowy z najlepszymi markami vape<\/h2>\n<p data-start=\"1200\" data-end=\"1487\"><strong data-start=\"141\" data-end=\"177\">Sklep internetowy z e-papierosami Vapes Tornado<\/strong> jest Twoim zaufanym \u017ar\u00f3d\u0142em <strong data-start=\"205\" data-end=\"270\">premiumowe jednorazowe vape i hurtowe e-papierosy w Europie<\/strong>. W ofercie mamy najlepiej sprzedaj\u0105ce si\u0119 marki, takie jak <strong data-start=\"307\" data-end=\"362\"><a href=\"https:\/\/vapestornado.com\/pl\/product\/randm-12000-puffs-fumot-digital-disposable-vape-wholesale-price\/\">Fumot Waporyzator<\/a>, <a href=\"https:\/\/vapestornado.com\/pl\/product\/original-wga-ultra-35k-35000-puff-rechargeable-crystal-disposable-nicotine-vape-best-discount-price\/\">WGA VAPE<\/a>, <\/strong><strong data-start=\"307\" data-end=\"362\"><a href=\"https:\/\/vapestornado.com\/pl\/product\/vozol-gear-shisha-25k-25000-puffs-best-dtl-disposable-vape-hookah-cheap-price\/\">VOZOL BAR VAPE<\/a>, \u00a0 Bang Vape<\/strong>, i wi\u0119cej, zapewniaj\u0105c jako\u015b\u0107 i r\u00f3\u017cnorodno\u015b\u0107 dla ka\u017cdego klienta. Niezale\u017cnie od tego, czy jeste\u015b indywidualnym vaperem, czy hurtowym nabywc\u0105, dostarczamy <strong data-start=\"481\" data-end=\"550\">urz\u0105dzenia wysokiej wydajno\u015bci, stylowe wzory i konkurencyjne ceny<\/strong> spe\u0142niaj\u0105ce Twoje potrzeby.<\/p>\n<h2 data-start=\"2064\" data-end=\"2115\">FAQs o WASPE 150K 150000 Chmur Jednorazowy E-papieros<\/h2>\n<ol data-start=\"3648\" data-end=\"4929\">\n<li data-start=\"3648\" data-end=\"3906\">\n<p data-start=\"3651\" data-end=\"3906\"><strong data-start=\"3651\" data-end=\"3759\">Jak radzi sobie jednorazowy waporyzator WASPE 150K 150000 chmur 64ml z d\u0142ugoterminowym codziennym u\u017cytkowaniem bez szybkiego blakni\u0119cia?<\/strong><br data-start=\"3759\" data-end=\"3762\" \/>Pojemno\u015b\u0107 64ml wspiera d\u0142ugotrwa\u0142e u\u017cytkowanie, a \u0142adowanie Type-C pozwala na dalsze korzystanie, aby faktycznie osi\u0105gn\u0105\u0107 potencja\u0142 d\u0142ugiej \u017cywotno\u015bci urz\u0105dzenia.<\/p>\n<\/li>\n<li data-start=\"3908\" data-end=\"4121\">\n<p data-start=\"3911\" data-end=\"4121\"><strong data-start=\"3911\" data-end=\"3997\">Czy system wk\u0142ad\u00f3w WASPE 150000 chmur 6-w-1 utrzymuje smak \u015bwie\u017cy przez tygodnie?<\/strong><br data-start=\"3997\" data-end=\"4000\" \/>Tak. Zmiana smak\u00f3w zmniejsza \u201ezm\u0119czenie smakiem\u201d, kt\u00f3re jest g\u0142\u00f3wnym powodem, dla kt\u00f3rego wielu u\u017cytkownik\u00f3w rezygnuje z urz\u0105dze\u0144 o du\u017cej pojemno\u015bci na wczesnym etapie.<\/p>\n<\/li>\n<li data-start=\"4123\" data-end=\"4389\">\n<p data-start=\"4126\" data-end=\"4389\"><strong data-start=\"4126\" data-end=\"4227\">Jaka r\u00f3\u017cnica robi 1,0\u03a9 potr\u00f3jna siatka grza\u0142ki w jednorazowym podk\u0142adzie typu ecig, takim jak WASPE 150K?<\/strong><br data-start=\"4227\" data-end=\"4230\" \/>Potr\u00f3jne nagrzewanie siatki rozprowadza ciep\u0142o bardziej r\u00f3wnomiernie, poprawiaj\u0105c g\u0142adko\u015b\u0107 pary i pomagaj\u0105c zachowa\u0107 klarowno\u015b\u0107 smak\u00f3w \u2014 co jest szczeg\u00f3lnie wa\u017cne przy rotacji wielu smak\u00f3w.<\/p>\n<\/li>\n<li data-start=\"4391\" data-end=\"4632\">\n<p data-start=\"4394\" data-end=\"4632\"><strong data-start=\"4394\" data-end=\"4493\">Czy WASPE 150K jest lepsz\u0105 warto\u015bci\u0105 ni\u017c tanie e-papierosy, por\u00f3wnuj\u0105c cen\u0119 pary w Vape PL?<\/strong><br data-start=\"4493\" data-end=\"4496\" \/>Cz\u0119sto tak. Nawet je\u015bli cena pocz\u0105tkowa jest wy\u017csza, koszt na dzie\u0144 mo\u017ce by\u0107 ni\u017cszy ze wzgl\u0119du na znacznie mniejsz\u0105 liczb\u0119 wymian i mo\u017cliwo\u015b\u0107 \u0142adowania wielokrotnego u\u017cytku.<\/p>\n<\/li>\n<li data-start=\"4634\" data-end=\"4929\">\n<p data-start=\"4637\" data-end=\"4929\"><strong data-start=\"4637\" data-end=\"4746\">Dla kogo jest najbardziej odpowiedni WASPE 150K 150000 chmur \u2014 dla lekkich u\u017cytkownik\u00f3w czy ci\u0119\u017ckich, poszukuj\u0105cych mocnego smaku vapora?<\/strong><br data-start=\"4746\" data-end=\"4749\" \/>Jest g\u0142\u00f3wnie przeznaczony dla ci\u0119\u017cszych rutyn i u\u017cytkownik\u00f3w, kt\u00f3rzy chc\u0105 r\u00f3\u017cnorodno\u015bci bez noszenia wielu urz\u0105dze\u0144. Opcje nikotynowe (0%, 2%, 5%) pozwalaj\u0105 mu dopasowa\u0107 si\u0119 zar\u00f3wno do l\u017cejszych, jak i mocniejszych preferencji.<\/p>\n<\/li>\n<\/ol>\n<\/div>\n<\/div>\n<\/div>\n<\/div>","protected":false},"excerpt":{"rendered":"<p data-start=\"3411\" data-end=\"3490\">WASPE 150K 150000 Papieros\u00f3w, jednorazowy vape z systemem wk\u0142adek o 6-w-1, 64ml nape\u0142nionego e-liquidu, triple mesh coil o oporno\u015bci 1.0\u03a9, inteligentnym wy\u015bwietlaczem LED oraz \u0142adowaniem Type-C 650mAh. Silna i d\u0142ugotrwa\u0142a warto\u015b\u0107 dla kupuj\u0105cych Vape PL w por\u00f3wnaniu do cen vapor\u00f3w, najlepsze jednoraz\u00f3wki i tanie e-papierosy, z mo\u017cliwo\u015bci\u0105 zmiany smaku w stylu pod ecig.<\/p>\n<p><strong>Dodaj Amy na WhatsApp, aby uzyska\u0107 w\u0142a\u015bciw\u0105 odpowied\u017a i cen\u0119 z rabatem!<\/strong><\/p>\n<p><img fetchpriority=\"high\" decoding=\"async\" class=\"size-full wp-image-2932\" src=\"https:\/\/vapestornado.com\/wp-content\/uploads\/2024\/12\/Vape-Wholesale.jpg\" alt=\"Hurtowa sprzeda\u017c e-papieros\u00f3w\" width=\"229\" height=\"300\" \/><\/p>\n<h3><a href=\"https:\/\/wa.me\/8617776015835\"><span style=\"color: #ff0000;\"><strong>WhatsApp: +86 17776015835<\/strong><\/span><\/a><\/h3>","protected":false},"featured_media":4421,"comment_status":"open","ping_status":"closed","template":"","meta":{"_acf_changed":false,"_uag_custom_page_level_css":"","_lmt_disableupdate":"no","_lmt_disable":"","_monsterinsights_skip_tracking":false,"_monsterinsights_sitenote_active":false,"_monsterinsights_sitenote_note":"","_monsterinsights_sitenote_category":0,"site-sidebar-layout":"default","site-content-layout":"","ast-site-content-layout":"default","site-content-style":"default","site-sidebar-style":"default","ast-global-header-display":"","ast-banner-title-visibility":"","ast-main-header-display":"","ast-hfb-above-header-display":"","ast-hfb-below-header-display":"","ast-hfb-mobile-header-display":"","site-post-title":"","ast-breadcrumbs-content":"","ast-featured-img":"","footer-sml-layout":"","ast-disable-related-posts":"","theme-transparent-header-meta":"default","adv-header-id-meta":"","stick-header-meta":"","header-above-stick-meta":"","header-main-stick-meta":"","header-below-stick-meta":"","astra-migrate-meta-layouts":"set","ast-page-background-enabled":"default","ast-page-background-meta":{"desktop":{"background-color":"","background-image":"","background-repeat":"repeat","background-position":"center center","background-size":"auto","background-attachment":"scroll","background-type":"","background-media":"","overlay-type":"","overlay-color":"","overlay-opacity":"","overlay-gradient":""},"tablet":{"background-color":"","background-image":"","background-repeat":"repeat","background-position":"center center","background-size":"auto","background-attachment":"scroll","background-type":"","background-media":"","overlay-type":"","overlay-color":"","overlay-opacity":"","overlay-gradient":""},"mobile":{"background-color":"","background-image":"","background-repeat":"repeat","background-position":"center center","background-size":"auto","background-attachment":"scroll","background-type":"","background-media":"","overlay-type":"","overlay-color":"","overlay-opacity":"","overlay-gradient":""}},"ast-content-background-meta":{"desktop":{"background-color":"var(--ast-global-color-5)","background-image":"","background-repeat":"repeat","background-position":"center center","background-size":"auto","background-attachment":"scroll","background-type":"","background-media":"","overlay-type":"","overlay-color":"","overlay-opacity":"","overlay-gradient":""},"tablet":{"background-color":"var(--ast-global-color-5)","background-image":"","background-repeat":"repeat","background-position":"center center","background-size":"auto","background-attachment":"scroll","background-type":"","background-media":"","overlay-type":"","overlay-color":"","overlay-opacity":"","overlay-gradient":""},"mobile":{"background-color":"var(--ast-global-color-5)","background-image":"","background-repeat":"repeat","background-position":"center center","background-size":"auto","background-attachment":"scroll","background-type":"","background-media":"","overlay-type":"","overlay-color":"","overlay-opacity":"","overlay-gradient":""}},"_joinchat":[]},"product_brand":[],"product_cat":[394,154,142,144,146,60],"product_tag":[387,287,388,390,393,386,392,391],"class_list":{"0":"post-4422","1":"product","2":"type-product","3":"status-publish","4":"has-post-thumbnail","6":"product_cat-150000-puff","7":"product_cat-buy-disposable-vapes-in-netherlands","8":"product_cat-digital-box-disposable-vapes","9":"product_cat-low-nicotine-disposable-vapes","10":"product_cat-rechargeable-disposable-vapes","11":"product_cat-waspe-fihp-vape","12":"product_tag-cigarette-vapor","13":"product_tag-disposable-vape-pen","14":"product_tag-e-vape","15":"product_tag-online-vape-shop","16":"product_tag-vape-cartridge","17":"product_tag-vape-pen","18":"product_tag-waspe-150000-puff","19":"product_tag-waspe-150k","20":"desktop-align-left","21":"tablet-align-left","22":"mobile-align-left","24":"first","25":"instock","26":"sale","27":"shipping-taxable","28":"purchasable","29":"product-type-simple"},"acf":[],"uagb_featured_image_src":{"full":["https:\/\/vapestornado.com\/wp-content\/uploads\/2025\/10\/WASPE-AIVIOU-150K-Disposable-Vape-Wholesale-Price.webp",800,800,false],"thumbnail":["https:\/\/vapestornado.com\/wp-content\/uploads\/2025\/10\/WASPE-AIVIOU-150K-Disposable-Vape-Wholesale-Price-150x150.webp",150,150,true],"medium":["https:\/\/vapestornado.com\/wp-content\/uploads\/2025\/10\/WASPE-AIVIOU-150K-Disposable-Vape-Wholesale-Price-300x300.webp",300,300,true],"medium_large":["https:\/\/vapestornado.com\/wp-content\/uploads\/2025\/10\/WASPE-AIVIOU-150K-Disposable-Vape-Wholesale-Price-768x768.webp",768,768,true],"large":["https:\/\/vapestornado.com\/wp-content\/uploads\/2025\/10\/WASPE-AIVIOU-150K-Disposable-Vape-Wholesale-Price.webp",800,800,false],"1536x1536":["https:\/\/vapestornado.com\/wp-content\/uploads\/2025\/10\/WASPE-AIVIOU-150K-Disposable-Vape-Wholesale-Price.webp",800,800,false],"2048x2048":["https:\/\/vapestornado.com\/wp-content\/uploads\/2025\/10\/WASPE-AIVIOU-150K-Disposable-Vape-Wholesale-Price.webp",800,800,false],"trp-custom-language-flag":["https:\/\/vapestornado.com\/wp-content\/uploads\/2025\/10\/WASPE-AIVIOU-150K-Disposable-Vape-Wholesale-Price-12x12.webp",12,12,true],"woocommerce_thumbnail":["https:\/\/vapestornado.com\/wp-content\/uploads\/2025\/10\/WASPE-AIVIOU-150K-Disposable-Vape-Wholesale-Price-300x300.webp",300,300,true],"woocommerce_single":["https:\/\/vapestornado.com\/wp-content\/uploads\/2025\/10\/WASPE-AIVIOU-150K-Disposable-Vape-Wholesale-Price-600x600.webp",600,600,true],"woocommerce_gallery_thumbnail":["https:\/\/vapestornado.com\/wp-content\/uploads\/2025\/10\/WASPE-AIVIOU-150K-Disposable-Vape-Wholesale-Price-100x100.webp",100,100,true]},"uagb_author_info":{"display_name":"ESAMY","author_link":"https:\/\/vapestornado.com\/pl\/author\/"},"uagb_comment_info":1,"uagb_excerpt":"WASPE 150K 150000 Puff disposable vape with 6-in-1 flavour cartridge system, 64ml prefilled e-liquid, 1.0\u03a9 triple mesh coil, LED smart display and 650mAh Type-C recharge. Strong long-life value for Vape PL buyers comparing Vapor price, Best disposables and Cheap e-cigarettes, with pod ecig style flavour switching. Add Amy's whatsapp to get right reply and discount&hellip;","_links":{"self":[{"href":"https:\/\/vapestornado.com\/pl\/wp-json\/wp\/v2\/product\/4422","targetHints":{"allow":["GET"]}}],"collection":[{"href":"https:\/\/vapestornado.com\/pl\/wp-json\/wp\/v2\/product"}],"about":[{"href":"https:\/\/vapestornado.com\/pl\/wp-json\/wp\/v2\/types\/product"}],"replies":[{"embeddable":true,"href":"https:\/\/vapestornado.com\/pl\/wp-json\/wp\/v2\/comments?post=4422"}],"wp:featuredmedia":[{"embeddable":true,"href":"https:\/\/vapestornado.com\/pl\/wp-json\/wp\/v2\/media\/4421"}],"wp:attachment":[{"href":"https:\/\/vapestornado.com\/pl\/wp-json\/wp\/v2\/media?parent=4422"}],"wp:term":[{"taxonomy":"product_brand","embeddable":true,"href":"https:\/\/vapestornado.com\/pl\/wp-json\/wp\/v2\/product_brand?post=4422"},{"taxonomy":"product_cat","embeddable":true,"href":"https:\/\/vapestornado.com\/pl\/wp-json\/wp\/v2\/product_cat?post=4422"},{"taxonomy":"product_tag","embeddable":true,"href":"https:\/\/vapestornado.com\/pl\/wp-json\/wp\/v2\/product_tag?post=4422"}],"curies":[{"name":"wp","href":"https:\/\/api.w.org\/{rel}","templated":true}]}}