{"id":4411,"date":"2025-10-05T07:54:46","date_gmt":"2025-10-05T07:54:46","guid":{"rendered":"https:\/\/vapestornado.com\/?post_type=product&#038;p=4411"},"modified":"2025-09-30T09:13:19","modified_gmt":"2025-09-30T09:13:19","slug":"aivono-flame-30000-puffs-disposable-e-vapor-wholesale-at-low-price","status":"publish","type":"product","link":"https:\/\/vapestornado.com\/pl\/product\/aivono-flame-30000-puffs-disposable-e-vapor-wholesale-at-low-price\/","title":{"rendered":"AIVONO FLAME 30000 Pali Puszki E Vapor Hurtowa w Niskiej Cenie"},"content":{"rendered":"<h2 data-pm-slice=\"1 1 []\">AIVONO FLAME 30000 Jednorazowy Vape \u2013 Hurtowy E Vapor Pen<\/h2>\n<p data-start=\"232\" data-end=\"653\">Cyfrowy ekran <strong data-start=\"236\" data-end=\"278\">AIVONO FLAME 30000 Jednorazowy Vape Pen<\/strong> jest stworzony dla europejskiego rynku hurtowego, dostarczaj\u0105c do <strong data-start=\"340\" data-end=\"356\">30 000 zaci\u0105gni\u0119\u0107<\/strong> z <strong data-start=\"364\" data-end=\"386\">25mL zbiornik na e-liquid<\/strong>. Zaprojektowany jako opcja premium, <strong data-start=\"410\" data-end=\"420\">e waporyzator<\/strong> daje u\u017cytkownikom pe\u0142n\u0105 satysfakcj\u0119 z <strong data-start=\"471\" data-end=\"490\">vapor papierosowy<\/strong> alternatywy o bogatym smaku i p\u0142ynnym zaci\u0105ganiu. Sprzedawcy detaliczni korzystaj\u0105 z jego trwa\u0142ej konstrukcji, kt\u00f3ra zmniejsza cz\u0119stotliwo\u015b\u0107 wymiany i zwi\u0119ksza potencja\u0142 sprzeda\u017cy.<\/p>\n<p data-start=\"655\" data-end=\"1065\">Zasilany przez <strong data-start=\"668\" data-end=\"720\">Akumulator 650mAh z \u0142adowaniem Type-C<\/strong>, <strong data-start=\"726\" data-end=\"746\">AIVONO FLAME 30k<\/strong> jest stworzony dla sp\u00f3jnej wydajno\u015bci. The <strong data-start=\"787\" data-end=\"810\">Grza\u0142ka z podw\u00f3jn\u0105 siatk\u0105 1.2\u03a9<\/strong> wytwarza g\u0119ste chmury i czyst\u0105 klarowno\u015b\u0107 smaku, a <strong data-start=\"868\" data-end=\"898\">regulowany dwustopniowy przep\u0142yw powietrza<\/strong> pozwala u\u017cytkownikom wybiera\u0107 mi\u0119dzy bardziej szczelnym inhalacj\u0105 MTL a lu\u017aniejszym odczuciem RDL. Jego <strong data-start=\"972\" data-end=\"992\">Podw\u00f3jny wy\u015bwietlacz LED<\/strong> utrzymuje u\u017cytkownik\u00f3w pod kontrol\u0105, pokazuj\u0105c poziom na\u0142adowania baterii i poziom e-liquidu w czasie rzeczywistym.<\/p>\n<p data-start=\"1067\" data-end=\"1483\">Dost\u0119pny w hurtowych cenach poprzez zaufanych <strong data-start=\"1114\" data-end=\"1134\">internetowym sklepie z e-papierosami<\/strong> partner\u00f3w, <strong data-start=\"1149\" data-end=\"1171\">AIVONO FLAME 30000<\/strong> wyst\u0119puje w najlepszych smakach, takich jak Mango Ice, Grape Ice, Blueberry Ice, Blueberry Raspberry Pomegranate oraz Strawberry Watermelon. Z <strong data-start=\"1300\" data-end=\"1325\">ochron\u0105 blokady dla dzieci<\/strong> i trwa\u0142\u0105 konstrukcj\u0105, ten jednorazowy<strong data-start=\"1368\" data-end=\"1393\">\u00a0d\u0142ugopis do waporyzacji<\/strong> jest m\u0105drym wyborem dla dystrybutor\u00f3w i ko\u0144cowych u\u017cytkownik\u00f3w w Polsce.<\/p>\n<p><strong><span style=\"color: #ff0000;\">Dodaj Amy do WhatsAppa, aby uzyska\u0107 szybk\u0105 odpowied\u017a i kupon na vape!<\/span><\/strong><\/p>\n<p><img fetchpriority=\"high\" decoding=\"async\" class=\"size-full wp-image-2932\" src=\"https:\/\/vapestornado.com\/wp-content\/uploads\/2024\/12\/Vape-Wholesale.jpg\" alt=\"Hurtowa sprzeda\u017c e-papieros\u00f3w\" width=\"229\" height=\"300\" \/><\/p>\n<h3><a href=\"https:\/\/wa.me\/8617776015835\" target=\"_blank\" rel=\"noopener\"><span style=\"color: #ff0000;\"><strong>WhatsApp: +86 17776015835<\/strong><\/span><\/a><\/h3>\n<p>&nbsp;<\/p>\n<h2><strong>AIVONO AIM FLAME 30000 Puffs Funkcje produktu<\/strong><\/h2>\n<ul>\n<li data-start=\"1288\" data-end=\"1365\">\n<p data-start=\"1290\" data-end=\"1365\"><strong data-start=\"1290\" data-end=\"1312\">Do 30 000 puffs<\/strong> \u2013 Zaprojektowany do d\u0142ugotrwa\u0142ego u\u017cytkowania i efektywno\u015bci hurtowej.<\/p>\n<\/li>\n<li data-start=\"1366\" data-end=\"1439\">\n<p data-start=\"1368\" data-end=\"1439\"><strong data-start=\"1368\" data-end=\"1390\">25mL zbiornik na e-liquid<\/strong> \u2013 D\u0142u\u017csze sesje wapowania bez konieczno\u015bci wymiany.<\/p>\n<\/li>\n<li data-start=\"1440\" data-end=\"1518\">\n<p data-start=\"1442\" data-end=\"1518\"><strong data-start=\"1442\" data-end=\"1473\">akumulator o pojemno\u015bci 650 mAh<\/strong> \u2013 Szybki <strong data-start=\"1481\" data-end=\"1500\">\u0142adowanie typu C<\/strong> utrzymuje go gotowym do u\u017cycia.<\/p>\n<\/li>\n<li data-start=\"1519\" data-end=\"1596\">\n<p data-start=\"1521\" data-end=\"1596\"><strong data-start=\"1521\" data-end=\"1546\">Podw\u00f3jna siatka grza\u0142ki (1.2\u03a9)<\/strong> \u2013 Bogatszy smak i bardziej jednolita para wodna.<\/p>\n<\/li>\n<li data-start=\"1597\" data-end=\"1672\">\n<p data-start=\"1599\" data-end=\"1672\"><strong data-start=\"1599\" data-end=\"1629\">Regulowany dwustopniowy przep\u0142yw powietrza<\/strong> \u2013 Prze\u0142\u0105czaj mi\u0119dzy <strong data-start=\"1647\" data-end=\"1669\">MTL i DTL wapowanie<\/strong>.<\/p>\n<\/li>\n<li data-start=\"1673\" data-end=\"1736\">\n<p data-start=\"1675\" data-end=\"1736\"><strong data-start=\"1675\" data-end=\"1696\">Blokada dla dzieci<\/strong> \u2013 Dodatkowa ochrona dla spokoju ducha.<\/p>\n<\/li>\n<li data-start=\"1737\" data-end=\"1804\">\n<p data-start=\"1739\" data-end=\"1804\"><strong data-start=\"1739\" data-end=\"1759\">Podw\u00f3jny wy\u015bwietlacz LED<\/strong> \u2013 Monitorowanie e-liquidu i baterii w czasie rzeczywistym.<\/p>\n<\/li>\n<\/ul>\n<p>&nbsp;<\/p>\n<figure id=\"attachment_4409\" aria-describedby=\"caption-attachment-4409\" style=\"width: 300px\" class=\"wp-caption alignnone\"><img decoding=\"async\" class=\"size-medium wp-image-4409\" src=\"https:\/\/vapestornado.com\/wp-content\/uploads\/2025\/09\/Aivono-Flame-30k-30000-Puffs-Disposable-Vape-Box-300x300.webp\" alt=\"Aivono Flame 30k 30000 zaci\u0105gni\u0119\u0107 jednorazowy vape box\" width=\"300\" height=\"300\" srcset=\"https:\/\/vapestornado.com\/wp-content\/uploads\/2025\/09\/Aivono-Flame-30k-30000-Puffs-Disposable-Vape-Box-300x300.webp 300w, https:\/\/vapestornado.com\/wp-content\/uploads\/2025\/09\/Aivono-Flame-30k-30000-Puffs-Disposable-Vape-Box-150x150.webp 150w, https:\/\/vapestornado.com\/wp-content\/uploads\/2025\/09\/Aivono-Flame-30k-30000-Puffs-Disposable-Vape-Box-768x768.webp 768w, https:\/\/vapestornado.com\/wp-content\/uploads\/2025\/09\/Aivono-Flame-30k-30000-Puffs-Disposable-Vape-Box-12x12.webp 12w, https:\/\/vapestornado.com\/wp-content\/uploads\/2025\/09\/Aivono-Flame-30k-30000-Puffs-Disposable-Vape-Box-600x600.webp 600w, https:\/\/vapestornado.com\/wp-content\/uploads\/2025\/09\/Aivono-Flame-30k-30000-Puffs-Disposable-Vape-Box-100x100.webp 100w, https:\/\/vapestornado.com\/wp-content\/uploads\/2025\/09\/Aivono-Flame-30k-30000-Puffs-Disposable-Vape-Box.webp 800w\" sizes=\"(max-width: 300px) 100vw, 300px\" \/><figcaption id=\"caption-attachment-4409\" class=\"wp-caption-text\">Aivono Flame 30k 30000 zaci\u0105gni\u0119\u0107 jednorazowy vape box<\/figcaption><\/figure>\n<p>&nbsp;<\/p>\n<h2 class=\"product-title\"><strong>Lista smak\u00f3w AIVONOFLAME 30000 zaci\u0105gni\u0119\u0107<\/strong><\/h2>\n<p data-start=\"2550\" data-end=\"2736\">1. Mango Ice<br \/>\n2. Rape Ice<br \/>\n3.Bor\u00f3wka L\u00f3d<br \/>\n4. Jagoda, malina, granat<br \/>\n5.Truskawka Arbuz<\/p>\n<div class=\"flex-shrink-0 flex flex-col relative items-end\">\n<div class=\"pt-0\">\n<div class=\"gizmo-bot-avatar flex h-8 w-8 items-center justify-center overflow-hidden rounded-full\">\n<div class=\"relative p-1 rounded-sm flex items-center justify-center bg-token-main-surface-primary text-token-text-primary h-8 w-8\">\n<h2 data-start=\"1200\" data-end=\"1487\">Vapes Tornado \u2013 Tw\u00f3j hurtowy sklep internetowy z najlepszymi markami vape<\/h2>\n<p data-start=\"1200\" data-end=\"1487\"><strong data-start=\"141\" data-end=\"177\">Sklep internetowy z e-papierosami Vapes Tornado<\/strong> jest Twoim zaufanym \u017ar\u00f3d\u0142em <strong data-start=\"205\" data-end=\"270\">premiumowe jednorazowe vape i hurtowe e-papierosy w Europie<\/strong>. W ofercie mamy najlepiej sprzedaj\u0105ce si\u0119 marki, takie jak <strong data-start=\"307\" data-end=\"362\"><a href=\"https:\/\/vapestornado.com\/pl\/product\/randm-12000-puffs-fumot-digital-disposable-vape-wholesale-price\/\">Fumot Waporyzator<\/a>, <a href=\"https:\/\/vapestornado.com\/pl\/product\/original-wga-ultra-35k-35000-puff-rechargeable-crystal-disposable-nicotine-vape-best-discount-price\/\">WGA VAPE<\/a>, <\/strong><strong data-start=\"307\" data-end=\"362\"><a href=\"https:\/\/vapestornado.com\/pl\/product\/vozol-gear-shisha-25k-25000-puffs-best-dtl-disposable-vape-hookah-cheap-price\/\">VOZOL BAR VAPE<\/a>, \u00a0 Bang Vape<\/strong>, i wi\u0119cej, zapewniaj\u0105c jako\u015b\u0107 i r\u00f3\u017cnorodno\u015b\u0107 dla ka\u017cdego klienta. Niezale\u017cnie od tego, czy jeste\u015b indywidualnym vaperem, czy hurtowym nabywc\u0105, dostarczamy <strong data-start=\"481\" data-end=\"550\">urz\u0105dzenia wysokiej wydajno\u015bci, stylowe wzory i konkurencyjne ceny<\/strong> spe\u0142niaj\u0105ce Twoje potrzeby.<\/p>\n<h2 data-start=\"2064\" data-end=\"2115\">Najcz\u0119\u015bciej zadawane pytania o AIVONO 30000 Puff Disposable Vape<\/h2>\n<p data-start=\"1856\" data-end=\"2020\"><strong data-start=\"1856\" data-end=\"1903\">1. Jak d\u0142ugo dzia\u0142a AIVONO FLAME 30K?<\/strong><br data-start=\"1903\" data-end=\"1906\" \/>Ka\u017cde urz\u0105dzenie zapewnia do <strong data-start=\"1933\" data-end=\"1949\">30 000 zaci\u0105gni\u0119\u0107<\/strong>, co czyni je jednym z najd\u0142u\u017cej dzia\u0142aj\u0105cych jednorazowych e-papieros\u00f3w w swojej klasie.<\/p>\n<p data-start=\"2022\" data-end=\"2154\"><strong data-start=\"2022\" data-end=\"2057\">2. Czy bateria jest \u0142adowalna?<\/strong><br data-start=\"2057\" data-end=\"2060\" \/>Tak. Jest wyposa\u017cony w <strong data-start=\"2081\" data-end=\"2112\">akumulator o pojemno\u015bci 650 mAh<\/strong> i <strong data-start=\"2117\" data-end=\"2132\">portem Type-C<\/strong> do szybkiego \u0142adowania.<\/p>\n<p data-start=\"2156\" data-end=\"2307\"><strong data-start=\"2156\" data-end=\"2198\">3. Czy obs\u0142uguje regulowany przep\u0142yw powietrza?<\/strong><br data-start=\"2198\" data-end=\"2201\" \/>Tak. The <strong data-start=\"2210\" data-end=\"2234\">podw\u00f3jna kontrola przep\u0142ywu powietrza<\/strong> pozwala u\u017cytkownikom prze\u0142\u0105cza\u0107 si\u0119 mi\u0119dzy <strong data-start=\"2261\" data-end=\"2280\">ciasnymi inhalacjami MTL<\/strong> i <strong data-start=\"2285\" data-end=\"2304\">lu\u017aniejszymi DTL<\/strong>.<\/p>\n<p data-start=\"2309\" data-end=\"2532\"><strong data-start=\"2309\" data-end=\"2358\">4. Co czyni go lepszym dla hurtowych nabywc\u00f3w?<\/strong><br data-start=\"2358\" data-end=\"2361\" \/>Cyfrowy ekran <strong data-start=\"2365\" data-end=\"2426\">du\u017ca pojemno\u015b\u0107 na chmurki, \u0142adowalny design i wy\u015bwietlacz LED<\/strong> zwi\u0119kszaj\u0105 satysfakcj\u0119 klient\u00f3w i powtarzalno\u015b\u0107 zakup\u00f3w, co czyni go idealnym dla <strong data-start=\"2496\" data-end=\"2529\">dystrybutor\u00f3w sklep\u00f3w internetowych z e-papierosami<\/strong>.<\/p>\n<p data-start=\"2534\" data-end=\"2693\"><strong data-start=\"2534\" data-end=\"2568\">5. Jakie smaki s\u0105 dost\u0119pne?<\/strong><br data-start=\"2568\" data-end=\"2571\" \/>Najpopularniejsze smaki to <strong data-start=\"2591\" data-end=\"2690\">Mango Ice, Grape Ice, Blueberry Ice, Blueberry Raspberry Pomegranate oraz Strawberry Watermelon<\/strong>.<\/p>\n<\/div>\n<\/div>\n<\/div>\n<\/div>","protected":false},"excerpt":{"rendered":"<p data-start=\"2637\" data-end=\"2714\">AIVONO FLAME 30000 Jednorazowy Vape Pen \u2013 30K Puff E Vapor Hurtownia Europa<br \/>\nKup AIVONO FLAME 30K Puff LED Display E Shisha Pen \u2013 Online Vape Shop EU<br \/>\nAIVONO FLAME 30000 Puff Elektroniczny Papieros Vapor \u2013 Najlepszy Hurtowy Jednorazowy Vape<\/p>\n<p><strong>Dodaj Amy na WhatsApp, aby uzyska\u0107 w\u0142a\u015bciw\u0105 odpowied\u017a i cen\u0119 z rabatem!<\/strong><\/p>\n<p><img fetchpriority=\"high\" decoding=\"async\" class=\"size-full wp-image-2932\" src=\"https:\/\/vapestornado.com\/wp-content\/uploads\/2024\/12\/Vape-Wholesale.jpg\" alt=\"Hurtowa sprzeda\u017c e-papieros\u00f3w\" width=\"229\" height=\"300\" \/><\/p>\n<h3><a href=\"https:\/\/wa.me\/8617776015835\"><span style=\"color: #ff0000;\"><strong>WhatsApp: +86 17776015835<\/strong><\/span><\/a><\/h3>","protected":false},"featured_media":4405,"comment_status":"open","ping_status":"closed","template":"","meta":{"_acf_changed":false,"_uag_custom_page_level_css":"","_lmt_disableupdate":"no","_lmt_disable":"","_monsterinsights_skip_tracking":false,"_monsterinsights_sitenote_active":false,"_monsterinsights_sitenote_note":"","_monsterinsights_sitenote_category":0,"site-sidebar-layout":"default","site-content-layout":"","ast-site-content-layout":"default","site-content-style":"default","site-sidebar-style":"default","ast-global-header-display":"","ast-banner-title-visibility":"","ast-main-header-display":"","ast-hfb-above-header-display":"","ast-hfb-below-header-display":"","ast-hfb-mobile-header-display":"","site-post-title":"","ast-breadcrumbs-content":"","ast-featured-img":"","footer-sml-layout":"","ast-disable-related-posts":"","theme-transparent-header-meta":"default","adv-header-id-meta":"","stick-header-meta":"","header-above-stick-meta":"","header-main-stick-meta":"","header-below-stick-meta":"","astra-migrate-meta-layouts":"set","ast-page-background-enabled":"default","ast-page-background-meta":{"desktop":{"background-color":"","background-image":"","background-repeat":"repeat","background-position":"center center","background-size":"auto","background-attachment":"scroll","background-type":"","background-media":"","overlay-type":"","overlay-color":"","overlay-opacity":"","overlay-gradient":""},"tablet":{"background-color":"","background-image":"","background-repeat":"repeat","background-position":"center center","background-size":"auto","background-attachment":"scroll","background-type":"","background-media":"","overlay-type":"","overlay-color":"","overlay-opacity":"","overlay-gradient":""},"mobile":{"background-color":"","background-image":"","background-repeat":"repeat","background-position":"center center","background-size":"auto","background-attachment":"scroll","background-type":"","background-media":"","overlay-type":"","overlay-color":"","overlay-opacity":"","overlay-gradient":""}},"ast-content-background-meta":{"desktop":{"background-color":"var(--ast-global-color-5)","background-image":"","background-repeat":"repeat","background-position":"center center","background-size":"auto","background-attachment":"scroll","background-type":"","background-media":"","overlay-type":"","overlay-color":"","overlay-opacity":"","overlay-gradient":""},"tablet":{"background-color":"var(--ast-global-color-5)","background-image":"","background-repeat":"repeat","background-position":"center center","background-size":"auto","background-attachment":"scroll","background-type":"","background-media":"","overlay-type":"","overlay-color":"","overlay-opacity":"","overlay-gradient":""},"mobile":{"background-color":"var(--ast-global-color-5)","background-image":"","background-repeat":"repeat","background-position":"center center","background-size":"auto","background-attachment":"scroll","background-type":"","background-media":"","overlay-type":"","overlay-color":"","overlay-opacity":"","overlay-gradient":""}},"_joinchat":[]},"product_brand":[],"product_cat":[67,176,150,151,142,146],"product_tag":[389,387,388,390,386],"class_list":{"0":"post-4411","1":"product","2":"type-product","3":"status-publish","4":"has-post-thumbnail","6":"product_cat-30000-puff","7":"product_cat-aivono-vape","8":"product_cat-buy-disposable-vapes-in-belgium","9":"product_cat-buy-disposable-vapes-in-france","10":"product_cat-digital-box-disposable-vapes","11":"product_cat-rechargeable-disposable-vapes","12":"product_tag-aivono-flame-30000","13":"product_tag-cigarette-vapor","14":"product_tag-e-vape","15":"product_tag-online-vape-shop","16":"product_tag-vape-pen","17":"desktop-align-left","18":"tablet-align-left","19":"mobile-align-left","21":"first","22":"instock","23":"sale","24":"shipping-taxable","25":"purchasable","26":"product-type-simple"},"acf":[],"uagb_featured_image_src":{"full":["https:\/\/vapestornado.com\/wp-content\/uploads\/2025\/09\/Aivono-30k-30000-Puffs-Disposable-Vape-Vaper.webp",800,800,false],"thumbnail":["https:\/\/vapestornado.com\/wp-content\/uploads\/2025\/09\/Aivono-30k-30000-Puffs-Disposable-Vape-Vaper-150x150.webp",150,150,true],"medium":["https:\/\/vapestornado.com\/wp-content\/uploads\/2025\/09\/Aivono-30k-30000-Puffs-Disposable-Vape-Vaper-300x300.webp",300,300,true],"medium_large":["https:\/\/vapestornado.com\/wp-content\/uploads\/2025\/09\/Aivono-30k-30000-Puffs-Disposable-Vape-Vaper-768x768.webp",768,768,true],"large":["https:\/\/vapestornado.com\/wp-content\/uploads\/2025\/09\/Aivono-30k-30000-Puffs-Disposable-Vape-Vaper.webp",800,800,false],"1536x1536":["https:\/\/vapestornado.com\/wp-content\/uploads\/2025\/09\/Aivono-30k-30000-Puffs-Disposable-Vape-Vaper.webp",800,800,false],"2048x2048":["https:\/\/vapestornado.com\/wp-content\/uploads\/2025\/09\/Aivono-30k-30000-Puffs-Disposable-Vape-Vaper.webp",800,800,false],"trp-custom-language-flag":["https:\/\/vapestornado.com\/wp-content\/uploads\/2025\/09\/Aivono-30k-30000-Puffs-Disposable-Vape-Vaper-12x12.webp",12,12,true],"woocommerce_thumbnail":["https:\/\/vapestornado.com\/wp-content\/uploads\/2025\/09\/Aivono-30k-30000-Puffs-Disposable-Vape-Vaper-300x300.webp",300,300,true],"woocommerce_single":["https:\/\/vapestornado.com\/wp-content\/uploads\/2025\/09\/Aivono-30k-30000-Puffs-Disposable-Vape-Vaper-600x600.webp",600,600,true],"woocommerce_gallery_thumbnail":["https:\/\/vapestornado.com\/wp-content\/uploads\/2025\/09\/Aivono-30k-30000-Puffs-Disposable-Vape-Vaper-100x100.webp",100,100,true]},"uagb_author_info":{"display_name":"ESAMY","author_link":"https:\/\/vapestornado.com\/pl\/author\/"},"uagb_comment_info":0,"uagb_excerpt":"AIVONO FLAME 30000 Disposable Vape Pen \u2013 30K Puff E Vapor Wholesale Europe Buy AIVONO FLAME 30K Puff LED Display E Shisha Pen \u2013 Online Vape Shop EU AIVONO FLAME 30000 Puffs Electronic Cigarette Vapor \u2013 Best Wholesale Disposable Vape Add Amy's whatsapp to get right reply and discount price! WhatsApp: +86 17776015835","_links":{"self":[{"href":"https:\/\/vapestornado.com\/pl\/wp-json\/wp\/v2\/product\/4411","targetHints":{"allow":["GET"]}}],"collection":[{"href":"https:\/\/vapestornado.com\/pl\/wp-json\/wp\/v2\/product"}],"about":[{"href":"https:\/\/vapestornado.com\/pl\/wp-json\/wp\/v2\/types\/product"}],"replies":[{"embeddable":true,"href":"https:\/\/vapestornado.com\/pl\/wp-json\/wp\/v2\/comments?post=4411"}],"wp:featuredmedia":[{"embeddable":true,"href":"https:\/\/vapestornado.com\/pl\/wp-json\/wp\/v2\/media\/4405"}],"wp:attachment":[{"href":"https:\/\/vapestornado.com\/pl\/wp-json\/wp\/v2\/media?parent=4411"}],"wp:term":[{"taxonomy":"product_brand","embeddable":true,"href":"https:\/\/vapestornado.com\/pl\/wp-json\/wp\/v2\/product_brand?post=4411"},{"taxonomy":"product_cat","embeddable":true,"href":"https:\/\/vapestornado.com\/pl\/wp-json\/wp\/v2\/product_cat?post=4411"},{"taxonomy":"product_tag","embeddable":true,"href":"https:\/\/vapestornado.com\/pl\/wp-json\/wp\/v2\/product_tag?post=4411"}],"curies":[{"name":"wp","href":"https:\/\/api.w.org\/{rel}","templated":true}]}}