{"id":4410,"date":"2025-10-02T03:56:17","date_gmt":"2025-10-02T03:56:17","guid":{"rendered":"https:\/\/vapestornado.com\/?post_type=product&#038;p=4410"},"modified":"2025-09-30T08:04:32","modified_gmt":"2025-09-30T08:04:32","slug":"aivono-fatmax-50k-puff-smart-screen-disposable-e-shisha-hookah-bar","status":"publish","type":"product","link":"https:\/\/vapestornado.com\/pl\/product\/aivono-fatmax-50k-puff-smart-screen-disposable-e-shisha-hookah-bar\/","title":{"rendered":"AIVONO FATMAX 50K Puf Smart Screen Jednorazowa E Shisha Hookah Bar"},"content":{"rendered":"<h2 data-pm-slice=\"1 1 []\">AIVONO FATMAX 50K Jednorazowa Shisha Hookah Bar \u2013 Ekran Smart E Shisha<\/h2>\n<p data-start=\"242\" data-end=\"546\">Cyfrowy ekran <strong data-start=\"246\" data-end=\"267\">AIVONO FATMAX 50K<\/strong> to kolejny poziom <strong data-start=\"284\" data-end=\"309\">elektronicznej shishy bar<\/strong> zapewniaj\u0105cy d\u0142ugotrwa\u0142\u0105 wydajno\u015b\u0107 i intensywny smak. Ka\u017cde urz\u0105dzenie jest wst\u0119pnie nape\u0142nione <strong data-start=\"679\" data-end=\"707\">30 ml wysokiej jako\u015bci e-liquid<\/strong>, dostarczaj\u0105c do <strong data-start=\"726\" data-end=\"749\">50 000 g\u0142adkich puf\u00f3w<\/strong>\u2014 idealne do d\u0142ugotrwa\u0142ego u\u017cytkowania bez cz\u0119stych wymian. Wyposa\u017cony w precyzyjnie zaprojektowan\u0105 technologi\u0119 mesh coil,, \u00a0ten <strong data-start=\"452\" data-end=\"480\">jednorazowy shisha hookah<\/strong> dostarcza g\u0142adny vapor, bogaty smak i sta\u0142e zadowolenie.<\/p>\n<p data-start=\"548\" data-end=\"851\">Jego <strong data-start=\"552\" data-end=\"609\">800mAh akumulator z funkcj\u0105 szybkiego \u0142adowania Type-C<\/strong> zapewnia niezawodne sesje. W przeciwie\u0144stwie do zwyk\u0142ych jednorazowych vape'\u00f3w, FATMAX 50K posiada <strong data-start=\"1144\" data-end=\"1169\">czytelny wy\u015bwietlacz cyfrowy<\/strong> kt\u00f3ry pokazuje <strong data-start=\"1181\" data-end=\"1233\">poziom e-liquid i procent na\u0142adowania baterii w czasie rzeczywistym<\/strong>, zapobiegaj\u0105c suchym zaci\u0119ciom i zgadywankom. \u00a0Dost\u0119pny w <strong data-start=\"744\" data-end=\"785\">0%, 2%, 3% i 5% st\u0119\u017ceniach nikotyny<\/strong>, FATMAX 50K odpowiada szerokiemu gronu u\u017cytkownik\u00f3w\u2014od tych, kt\u00f3rzy preferuj\u0105 <strong data-start=\"1673\" data-end=\"1703\">bez nikotyny do\u015bwiadczenie shishy<\/strong> do palaczy e-papieros\u00f3w, kt\u00f3rzy chc\u0105 <strong data-start=\"1725\" data-end=\"1746\">silnego odczucia w gardle<\/strong>.<\/p>\n<p data-start=\"853\" data-end=\"1034\">Kompaktowy, a zarazem mocny, <strong data-start=\"879\" data-end=\"909\">AIVONO FATMAX 50K e-shisha<\/strong> jest <strong data-start=\"917\" data-end=\"947\">najlepszy jednorazowy bar z shish\u0105<\/strong> dla hurtownik\u00f3w i m\u0142odych doros\u0142ych poszukuj\u0105cych stylu, wytrzyma\u0142o\u015bci i wygody.<\/p>\n<p><strong><span style=\"color: #ff0000;\">Dodaj Amy do WhatsAppa, aby uzyska\u0107 szybk\u0105 odpowied\u017a i kupon na vape!<\/span><\/strong><\/p>\n<p><img fetchpriority=\"high\" decoding=\"async\" class=\"size-full wp-image-2932\" src=\"https:\/\/vapestornado.com\/wp-content\/uploads\/2024\/12\/Vape-Wholesale.jpg\" alt=\"Hurtowa sprzeda\u017c e-papieros\u00f3w\" width=\"229\" height=\"300\" \/><\/p>\n<h3><a href=\"https:\/\/wa.me\/8617776015835\" target=\"_blank\" rel=\"noopener\"><span style=\"color: #ff0000;\"><strong>WhatsApp: +86 17776015835<\/strong><\/span><\/a><\/h3>\n<p>&nbsp;<\/p>\n<h2><strong>Funkcje produktu AIVONO FATMAX 50K Puff<\/strong><\/h2>\n<ul>\n<li data-start=\"1069\" data-end=\"1112\">\n<p data-start=\"1071\" data-end=\"1112\">Do <strong data-start=\"1077\" data-end=\"1093\">50 000 zaci\u0105gni\u0119\u0107<\/strong> z zbiornikiem 30 ml<\/p>\n<\/li>\n<li data-start=\"1113\" data-end=\"1169\">\n<p data-start=\"1115\" data-end=\"1169\"><strong data-start=\"1115\" data-end=\"1133\">grza\u0142k\u0119 mesh 0,6 \u03a9<\/strong> dla g\u0142adkich chmur i pe\u0142nego smaku<\/p>\n<\/li>\n<li data-start=\"1170\" data-end=\"1229\">\n<p data-start=\"1172\" data-end=\"1229\"><strong data-start=\"1172\" data-end=\"1193\">Inteligentny wy\u015bwietlacz LED<\/strong> do monitorowania baterii i e-liquid\u00f3w<\/p>\n<\/li>\n<li data-start=\"1230\" data-end=\"1287\">\n<p data-start=\"1232\" data-end=\"1287\"><strong data-start=\"1232\" data-end=\"1270\">Bateria typu-C 800mAh do \u0142adowania<\/strong> dla d\u0142u\u017cszego u\u017cytkowania<\/p>\n<\/li>\n<li data-start=\"1288\" data-end=\"1340\">\n<p data-start=\"1290\" data-end=\"1340\">Elastyczno\u015b\u0107 nikotynowa: <strong data-start=\"1312\" data-end=\"1330\">0%, 2%, 3%, 5%<\/strong> opcje<\/p>\n<\/li>\n<li data-start=\"1341\" data-end=\"1405\">\n<p data-start=\"1343\" data-end=\"1405\">Inhalacja bezpo\u015brednio do p\u0142uc (DTL) dla do\u015bwiadczenia podobnego do shishy<\/p>\n<\/li>\n<\/ul>\n<figure id=\"attachment_4400\" aria-describedby=\"caption-attachment-4400\" style=\"width: 800px\" class=\"wp-caption alignnone\"><img decoding=\"async\" class=\"wp-image-4400 size-full\" src=\"https:\/\/vapestornado.com\/wp-content\/uploads\/2025\/09\/Aivono-50000-Puff-50k-Disposable-E-Shisha-Hookah.webp\" alt=\"Aivono 50000 Puff 50k Jednorazowa e-shisha hookah\" width=\"800\" height=\"800\" srcset=\"https:\/\/vapestornado.com\/wp-content\/uploads\/2025\/09\/Aivono-50000-Puff-50k-Disposable-E-Shisha-Hookah.webp 800w, https:\/\/vapestornado.com\/wp-content\/uploads\/2025\/09\/Aivono-50000-Puff-50k-Disposable-E-Shisha-Hookah-300x300.webp 300w, https:\/\/vapestornado.com\/wp-content\/uploads\/2025\/09\/Aivono-50000-Puff-50k-Disposable-E-Shisha-Hookah-150x150.webp 150w, https:\/\/vapestornado.com\/wp-content\/uploads\/2025\/09\/Aivono-50000-Puff-50k-Disposable-E-Shisha-Hookah-768x768.webp 768w, https:\/\/vapestornado.com\/wp-content\/uploads\/2025\/09\/Aivono-50000-Puff-50k-Disposable-E-Shisha-Hookah-12x12.webp 12w, https:\/\/vapestornado.com\/wp-content\/uploads\/2025\/09\/Aivono-50000-Puff-50k-Disposable-E-Shisha-Hookah-600x600.webp 600w, https:\/\/vapestornado.com\/wp-content\/uploads\/2025\/09\/Aivono-50000-Puff-50k-Disposable-E-Shisha-Hookah-100x100.webp 100w\" sizes=\"(max-width: 800px) 100vw, 800px\" \/><figcaption id=\"caption-attachment-4400\" class=\"wp-caption-text\">Aivono 50000 Puff 50k Jednorazowa e-shisha hookah<\/figcaption><\/figure>\n<h2 class=\"product-title\"><strong>Lista smak\u00f3w AIVONO FATMAX 50000 Puff<\/strong><\/h2>\n<p data-start=\"2550\" data-end=\"2736\">1. Wi\u015bnia Malina<\/p>\n<p data-start=\"2550\" data-end=\"2736\">2. Dwa Jab\u0142ka<\/p>\n<p data-start=\"2550\" data-end=\"2736\">3. Mi\u0119ta Winogronowa<\/p>\n<p data-start=\"2550\" data-end=\"2736\">4. Guma Bor\u00f3wkowa<\/p>\n<p data-start=\"2550\" data-end=\"2736\">5. Mi\u0142o\u015b\u0107 66<\/p>\n<p data-start=\"2550\" data-end=\"2736\">6. Jasny Sen<\/p>\n<p data-start=\"2550\" data-end=\"2736\">7. Lush Ice<\/p>\n<p data-start=\"2550\" data-end=\"2736\">8. Brzoskwinia Ice<\/p>\n<p data-start=\"2550\" data-end=\"2736\">9. Jagoda Ice<\/p>\n<p data-start=\"2550\" data-end=\"2736\">10. Truskawkowa Pi\u0142ka<\/p>\n<div class=\"flex-shrink-0 flex flex-col relative items-end\">\n<div class=\"pt-0\">\n<div class=\"gizmo-bot-avatar flex h-8 w-8 items-center justify-center overflow-hidden rounded-full\">\n<div class=\"relative p-1 rounded-sm flex items-center justify-center bg-token-main-surface-primary text-token-text-primary h-8 w-8\">\n<h2 data-start=\"1200\" data-end=\"1487\">Vapes Tornado \u2013 Tw\u00f3j hurtowy sklep internetowy z e-papierosami najlepszych marek<\/h2>\n<p data-start=\"1200\" data-end=\"1487\"><strong data-start=\"141\" data-end=\"177\">Sklep internetowy z e-papierosami Vapes Tornado<\/strong> jest Twoim zaufanym \u017ar\u00f3d\u0142em <strong data-start=\"205\" data-end=\"270\">premiumowe jednorazowe vape i hurtowe e-papierosy w Europie<\/strong>. W ofercie mamy najlepiej sprzedaj\u0105ce si\u0119 marki, takie jak <strong data-start=\"307\" data-end=\"362\"><a href=\"https:\/\/vapestornado.com\/pl\/product\/vozol-gear-shisha-25k-25000-puffs-best-dtl-disposable-vape-hookah-cheap-price\/\">VOZOL BAR VAPE<\/a>, <a href=\"https:\/\/vapestornado.com\/pl\/product\/randm-12000-puffs-fumot-digital-disposable-vape-wholesale-price\/\">Fumot Waporyzator<\/a>, <a href=\"https:\/\/vapestornado.com\/pl\/product\/original-wga-ultra-35k-35000-puff-rechargeable-crystal-disposable-nicotine-vape-best-discount-price\/\">WGA VAPE<\/a>, Bang Vape<\/strong>, i wi\u0119cej, zapewniaj\u0105c jako\u015b\u0107 i r\u00f3\u017cnorodno\u015b\u0107 dla ka\u017cdego klienta. Niezale\u017cnie od tego, czy jeste\u015b indywidualnym vaperem, czy hurtowym nabywc\u0105, dostarczamy <strong data-start=\"481\" data-end=\"550\">urz\u0105dzenia wysokiej wydajno\u015bci, stylowe wzory i konkurencyjne ceny<\/strong> spe\u0142niaj\u0105ce Twoje potrzeby.<\/p>\n<h2 data-start=\"2064\" data-end=\"2115\">FAQs dotycz\u0105ce AIVONO FATMAX 50K Puff Disposable Vape<\/h2>\n<p data-start=\"1456\" data-end=\"1582\"><strong data-start=\"1456\" data-end=\"1504\">1. Jak d\u0142ugo dzia\u0142a AIVONO 50K?<\/strong><br data-start=\"1504\" data-end=\"1507\" \/>Zapewnia do <strong data-start=\"1525\" data-end=\"1541\">50 000 zaci\u0105gni\u0119\u0107<\/strong>, co czyni go idealnym do d\u0142ugotrwa\u0142ego wapowania.<\/p>\n<p data-start=\"1584\" data-end=\"1703\"><strong data-start=\"1584\" data-end=\"1622\">2. Czy FATMAX 50000 puf\u00f3w jest \u0142adowalny?<\/strong><br data-start=\"1622\" data-end=\"1625\" \/>Tak, zawiera <strong data-start=\"1645\" data-end=\"1683\">Bateria typu-C 800mAh do \u0142adowania<\/strong> do d\u0142ugotrwa\u0142ego u\u017cytkowania.<\/p>\n<p data-start=\"1705\" data-end=\"1837\"><strong data-start=\"1705\" data-end=\"1750\">3. Jakie moce nikotyny s\u0105 dost\u0119pne?<\/strong><br data-start=\"1750\" data-end=\"1753\" \/>Urz\u0105dzenie obs\u0142uguje <strong data-start=\"1773\" data-end=\"1803\">nikotyna 0%, 2%, 3% i 5%<\/strong> dopasowa\u0107 r\u00f3\u017cne preferencje.<\/p>\n<p data-start=\"1839\" data-end=\"1956\"><strong data-start=\"1839\" data-end=\"1868\">4. Czy ma ekran?<\/strong><br data-start=\"1868\" data-end=\"1871\" \/>Tak, <strong data-start=\"1880\" data-end=\"1901\">inteligentny wy\u015bwietlacz LED<\/strong> pokazuje zar\u00f3wno poziom baterii, jak i poziom e-liquidu w czasie rzeczywistym.<\/p>\n<p data-start=\"1958\" data-end=\"2195\"><strong data-start=\"1958\" data-end=\"2017\">5. Czy ten bar shisha jest odpowiedni do hurtowej sprzeda\u017cy w Europie?<\/strong><br data-start=\"2017\" data-end=\"2020\" \/>Oczywi\u015bcie. <strong data-start=\"2036\" data-end=\"2057\">AIVONO FATMAX 50K<\/strong> \u0142\u0105czy wysok\u0105 liczb\u0119 puf\u00f3w, nowoczesny design i elastyczne opcje nikotyny, co czyni go idealnym dla <strong data-start=\"2151\" data-end=\"2192\">hurtowego rynku jednorazowych shisha w UE<\/strong>.<\/p>\n<\/div>\n<\/div>\n<\/div>\n<\/div>","protected":false},"excerpt":{"rendered":"<p data-start=\"2473\" data-end=\"2550\">AIVONO FATMAX 50K Puff E Shisha \u2013 Jednorazowa Shisha Hookah z Ekranem Smart Bar<\/p>\n<p data-start=\"2554\" data-end=\"2633\">Najlepsza Hurtowa Jednorazowa Shisha Hookah \u2013 AIVONO FATMAX 50K Elektroniczna Shisha<\/p>\n<p data-start=\"2637\" data-end=\"2714\">AIVONO FATMAX 50K Smart Screen E Shisha Bar \u2013 50 000 Puff\u00f3w Jednorazowa Hookah<\/p>\n<p><strong>Dodaj Amy na WhatsApp, aby uzyska\u0107 w\u0142a\u015bciw\u0105 odpowied\u017a i cen\u0119 z rabatem!<\/strong><\/p>\n<p><img fetchpriority=\"high\" decoding=\"async\" class=\"size-full wp-image-2932\" src=\"https:\/\/vapestornado.com\/wp-content\/uploads\/2024\/12\/Vape-Wholesale.jpg\" alt=\"Hurtowa sprzeda\u017c e-papieros\u00f3w\" width=\"229\" height=\"300\" \/><\/p>\n<h3><a href=\"https:\/\/wa.me\/8617776015835\"><span style=\"color: #ff0000;\"><strong>WhatsApp: +86 17776015835<\/strong><\/span><\/a><\/h3>","protected":false},"featured_media":4404,"comment_status":"open","ping_status":"closed","template":"","meta":{"_acf_changed":false,"_uag_custom_page_level_css":"","_lmt_disableupdate":"no","_lmt_disable":"","_monsterinsights_skip_tracking":false,"_monsterinsights_sitenote_active":false,"_monsterinsights_sitenote_note":"","_monsterinsights_sitenote_category":0,"site-sidebar-layout":"default","site-content-layout":"","ast-site-content-layout":"default","site-content-style":"default","site-sidebar-style":"default","ast-global-header-display":"","ast-banner-title-visibility":"","ast-main-header-display":"","ast-hfb-above-header-display":"","ast-hfb-below-header-display":"","ast-hfb-mobile-header-display":"","site-post-title":"","ast-breadcrumbs-content":"","ast-featured-img":"","footer-sml-layout":"","ast-disable-related-posts":"","theme-transparent-header-meta":"default","adv-header-id-meta":"","stick-header-meta":"","header-above-stick-meta":"","header-main-stick-meta":"","header-below-stick-meta":"","astra-migrate-meta-layouts":"set","ast-page-background-enabled":"default","ast-page-background-meta":{"desktop":{"background-color":"","background-image":"","background-repeat":"repeat","background-position":"center center","background-size":"auto","background-attachment":"scroll","background-type":"","background-media":"","overlay-type":"","overlay-color":"","overlay-opacity":"","overlay-gradient":""},"tablet":{"background-color":"","background-image":"","background-repeat":"repeat","background-position":"center center","background-size":"auto","background-attachment":"scroll","background-type":"","background-media":"","overlay-type":"","overlay-color":"","overlay-opacity":"","overlay-gradient":""},"mobile":{"background-color":"","background-image":"","background-repeat":"repeat","background-position":"center center","background-size":"auto","background-attachment":"scroll","background-type":"","background-media":"","overlay-type":"","overlay-color":"","overlay-opacity":"","overlay-gradient":""}},"ast-content-background-meta":{"desktop":{"background-color":"var(--ast-global-color-5)","background-image":"","background-repeat":"repeat","background-position":"center center","background-size":"auto","background-attachment":"scroll","background-type":"","background-media":"","overlay-type":"","overlay-color":"","overlay-opacity":"","overlay-gradient":""},"tablet":{"background-color":"var(--ast-global-color-5)","background-image":"","background-repeat":"repeat","background-position":"center center","background-size":"auto","background-attachment":"scroll","background-type":"","background-media":"","overlay-type":"","overlay-color":"","overlay-opacity":"","overlay-gradient":""},"mobile":{"background-color":"var(--ast-global-color-5)","background-image":"","background-repeat":"repeat","background-position":"center center","background-size":"auto","background-attachment":"scroll","background-type":"","background-media":"","overlay-type":"","overlay-color":"","overlay-opacity":"","overlay-gradient":""}},"_joinchat":[]},"product_brand":[],"product_cat":[344,176,149,153,156,158,142,143,144,146],"product_tag":[385,355,380,368,381],"class_list":{"0":"post-4410","1":"product","2":"type-product","3":"status-publish","4":"has-post-thumbnail","6":"product_cat-80000-puff","7":"product_cat-aivono-vape","8":"product_cat-buy-disposable-vapes-in-austria","9":"product_cat-buy-disposable-vapes-in-italy","10":"product_cat-buy-disposable-vapes-in-poland","11":"product_cat-buy-disposable-vapes-in-spain","12":"product_cat-digital-box-disposable-vapes","13":"product_cat-dual-mesh-disposable-vapes","14":"product_cat-low-nicotine-disposable-vapes","15":"product_cat-rechargeable-disposable-vapes","16":"product_tag-aivono-fatbear-80k","17":"product_tag-big-puff-vape","18":"product_tag-disposable-vapes-online","19":"product_tag-disposable-vapor","20":"product_tag-vapes-online-wholesale","21":"desktop-align-left","22":"tablet-align-left","23":"mobile-align-left","25":"first","26":"instock","27":"sale","28":"shipping-taxable","29":"purchasable","30":"product-type-simple"},"acf":[],"uagb_featured_image_src":{"full":["https:\/\/vapestornado.com\/wp-content\/uploads\/2025\/09\/Big-Puff-50k-Disposable-E-Shisha-Hookah-Wholesale.webp",800,800,false],"thumbnail":["https:\/\/vapestornado.com\/wp-content\/uploads\/2025\/09\/Big-Puff-50k-Disposable-E-Shisha-Hookah-Wholesale-150x150.webp",150,150,true],"medium":["https:\/\/vapestornado.com\/wp-content\/uploads\/2025\/09\/Big-Puff-50k-Disposable-E-Shisha-Hookah-Wholesale-300x300.webp",300,300,true],"medium_large":["https:\/\/vapestornado.com\/wp-content\/uploads\/2025\/09\/Big-Puff-50k-Disposable-E-Shisha-Hookah-Wholesale-768x768.webp",768,768,true],"large":["https:\/\/vapestornado.com\/wp-content\/uploads\/2025\/09\/Big-Puff-50k-Disposable-E-Shisha-Hookah-Wholesale.webp",800,800,false],"1536x1536":["https:\/\/vapestornado.com\/wp-content\/uploads\/2025\/09\/Big-Puff-50k-Disposable-E-Shisha-Hookah-Wholesale.webp",800,800,false],"2048x2048":["https:\/\/vapestornado.com\/wp-content\/uploads\/2025\/09\/Big-Puff-50k-Disposable-E-Shisha-Hookah-Wholesale.webp",800,800,false],"trp-custom-language-flag":["https:\/\/vapestornado.com\/wp-content\/uploads\/2025\/09\/Big-Puff-50k-Disposable-E-Shisha-Hookah-Wholesale-12x12.webp",12,12,true],"woocommerce_thumbnail":["https:\/\/vapestornado.com\/wp-content\/uploads\/2025\/09\/Big-Puff-50k-Disposable-E-Shisha-Hookah-Wholesale-300x300.webp",300,300,true],"woocommerce_single":["https:\/\/vapestornado.com\/wp-content\/uploads\/2025\/09\/Big-Puff-50k-Disposable-E-Shisha-Hookah-Wholesale-600x600.webp",600,600,true],"woocommerce_gallery_thumbnail":["https:\/\/vapestornado.com\/wp-content\/uploads\/2025\/09\/Big-Puff-50k-Disposable-E-Shisha-Hookah-Wholesale-100x100.webp",100,100,true]},"uagb_author_info":{"display_name":"ESAMY","author_link":"https:\/\/vapestornado.com\/pl\/author\/"},"uagb_comment_info":0,"uagb_excerpt":"AIVONO FATMAX 50K Puff E Shisha \u2013 Smart Screen Disposable Shisha Hookah Bar Best Wholesale Disposable Shisha Hookah \u2013 AIVONO FATMAX 50K Electronic Shisha AIVONO FATMAX 50K Smart Screen E Shisha Bar \u2013 50,000 Puff Disposable Hookah Add Amy's whatsapp to get right reply and discount price! WhatsApp: +86 17776015835","_links":{"self":[{"href":"https:\/\/vapestornado.com\/pl\/wp-json\/wp\/v2\/product\/4410","targetHints":{"allow":["GET"]}}],"collection":[{"href":"https:\/\/vapestornado.com\/pl\/wp-json\/wp\/v2\/product"}],"about":[{"href":"https:\/\/vapestornado.com\/pl\/wp-json\/wp\/v2\/types\/product"}],"replies":[{"embeddable":true,"href":"https:\/\/vapestornado.com\/pl\/wp-json\/wp\/v2\/comments?post=4410"}],"wp:featuredmedia":[{"embeddable":true,"href":"https:\/\/vapestornado.com\/pl\/wp-json\/wp\/v2\/media\/4404"}],"wp:attachment":[{"href":"https:\/\/vapestornado.com\/pl\/wp-json\/wp\/v2\/media?parent=4410"}],"wp:term":[{"taxonomy":"product_brand","embeddable":true,"href":"https:\/\/vapestornado.com\/pl\/wp-json\/wp\/v2\/product_brand?post=4410"},{"taxonomy":"product_cat","embeddable":true,"href":"https:\/\/vapestornado.com\/pl\/wp-json\/wp\/v2\/product_cat?post=4410"},{"taxonomy":"product_tag","embeddable":true,"href":"https:\/\/vapestornado.com\/pl\/wp-json\/wp\/v2\/product_tag?post=4410"}],"curies":[{"name":"wp","href":"https:\/\/api.w.org\/{rel}","templated":true}]}}