{"id":4387,"date":"2025-09-26T07:55:26","date_gmt":"2025-09-26T07:55:26","guid":{"rendered":"https:\/\/vapestornado.com\/?post_type=product&#038;p=4387"},"modified":"2025-11-29T08:57:46","modified_gmt":"2025-11-29T08:57:46","slug":"vopk-triple-60k-60000-puffs-3-in-1-flavor-best-vape-to-buy","status":"publish","type":"product","link":"https:\/\/vapestornado.com\/pl\/product\/vopk-triple-60k-60000-puffs-3-in-1-flavor-best-vape-to-buy\/","title":{"rendered":"Vopk Triple 60K 60000 Paliw 3 w 1 Smak Najlepszy Vape do Zakupu"},"content":{"rendered":"<h2 data-pm-slice=\"1 1 []\">Vopk Triple 60K 60000 Paliw 3 w 1 Smak Najlepszy Vape do Zakupu<\/h2>\n<p data-start=\"192\" data-end=\"640\">Cyfrowy ekran <strong data-start=\"196\" data-end=\"215\">Vopk Triple 60K<\/strong> jest zaprojektowany dla m\u0142odych europejskich vaper\u00f3w, kt\u00f3rzy oczekuj\u0105 d\u0142ugotrwa\u0142ej wydajno\u015bci, odwa\u017cnych smak\u00f3w i nowoczesnych funkcji. Wype\u0142niony <strong data-start=\"338\" data-end=\"354\">60 000 puffs<\/strong>, a <strong data-start=\"358\" data-end=\"380\">zbiornik na e-liquid o pojemno\u015bci 54 ml<\/strong>, oraz w <strong data-start=\"386\" data-end=\"412\">potr\u00f3jne 0,9\u03a9 siatkowe cewki<\/strong>, zapewnia g\u0142adki vapor i sta\u0142y smak przy ka\u017cdym zaci\u0105gni\u0119ciu. Jego <strong data-start=\"479\" data-end=\"512\">3-w-1 system rotacji smak\u00f3w<\/strong> zapewnia r\u00f3\u017cnorodno\u015b\u0107 bez konieczno\u015bci zmiany urz\u0105dze\u0144, czyni\u0105c go <strong data-start=\"570\" data-end=\"590\">najlepszym e-papierosem do zakupu<\/strong> dla tych, kt\u00f3rzy ceni\u0105 zar\u00f3wno moc, jak i wygod\u0119.<\/p>\n<p data-start=\"642\" data-end=\"1022\">Wyposa\u017cony w <strong data-start=\"658\" data-end=\"689\">akumulator o pojemno\u015bci 650 mAh<\/strong>, <strong data-start=\"691\" data-end=\"715\">Szybkie \u0142adowanie typu C<\/strong>i <strong data-start=\"723\" data-end=\"744\">inteligentny wy\u015bwietlacz LED<\/strong>, <strong data-start=\"750\" data-end=\"771\">Vopk Triple 60000<\/strong> oferuje nieprzerwan\u0105 wydajno\u015b\u0107 z mo\u017cliwo\u015bci\u0105 \u015bledzenia poziomu baterii i e-liquid w czasie rzeczywistym. Niezale\u017cnie od tego, czy szukasz mocnej satysfakcji z <strong data-start=\"907\" data-end=\"921\">5% nikotyny<\/strong> lub niskiego nikotyny <strong data-start=\"935\" data-end=\"948\">opcja 2%<\/strong>, to <strong data-start=\"955\" data-end=\"987\">Jednorazowy e-papieros z mo\u017cliwo\u015bci\u0105 \u0142adowania<\/strong> jest dostosowana do Twoich preferencji.<\/p>\n<p><strong><span style=\"color: #ff0000;\">Dodaj Amy do WhatsAppa, aby uzyska\u0107 szybk\u0105 odpowied\u017a i kupon na vape!<\/span><\/strong><\/p>\n<p><img fetchpriority=\"high\" decoding=\"async\" class=\"size-full wp-image-2932\" src=\"https:\/\/vapestornado.com\/wp-content\/uploads\/2024\/12\/Vape-Wholesale.jpg\" alt=\"Hurtowa sprzeda\u017c e-papieros\u00f3w\" width=\"229\" height=\"300\" \/><\/p>\n<h3><a href=\"https:\/\/wa.me\/8617776015835\" target=\"_blank\" rel=\"noopener\"><span style=\"color: #ff0000;\"><strong>WhatsApp: +86 17776015835<\/strong><\/span><\/a><\/h3>\n<p>&nbsp;<\/p>\n<h2><strong>Vopk Triple 60K Puf Funkcje produktu<\/strong><\/h2>\n<ul>\n<li data-start=\"1069\" data-end=\"1137\">\n<p data-start=\"1071\" data-end=\"1137\">Ogromny <strong data-start=\"1079\" data-end=\"1095\">60 000 puffs<\/strong> \u2013 d\u0142ugotrwa\u0142e wapowanie bez wymiany<\/p>\n<\/li>\n<li data-start=\"1138\" data-end=\"1176\">\n<p data-start=\"1140\" data-end=\"1176\"><strong data-start=\"1140\" data-end=\"1157\">54mL e-liquid<\/strong> do d\u0142ugotrwa\u0142ego u\u017cytkowania<\/p>\n<\/li>\n<li data-start=\"1177\" data-end=\"1247\">\n<p data-start=\"1179\" data-end=\"1247\"><strong data-start=\"1179\" data-end=\"1203\">3-w-1 prze\u0142\u0105cznik smak\u00f3w<\/strong> \u2013 prze\u0142\u0105czanie mi\u0119dzy 3 profilami w jednym urz\u0105dzeniu<\/p>\n<\/li>\n<li data-start=\"1248\" data-end=\"1301\">\n<p data-start=\"1250\" data-end=\"1301\"><strong data-start=\"1250\" data-end=\"1277\">Potr\u00f3jna siatka grza\u0142ki (0,9\u03a9)<\/strong> dla bogatego, g\u0119stego parowania<\/p>\n<\/li>\n<li data-start=\"1302\" data-end=\"1367\">\n<p data-start=\"1304\" data-end=\"1367\"><strong data-start=\"1304\" data-end=\"1335\">akumulator o pojemno\u015bci 650 mAh<\/strong> z <strong data-start=\"1341\" data-end=\"1365\">Szybkie \u0142adowanie typu C<\/strong><\/p>\n<\/li>\n<li data-start=\"1368\" data-end=\"1428\">\n<p data-start=\"1370\" data-end=\"1428\"><strong data-start=\"1370\" data-end=\"1390\">Inteligentny ekran LED<\/strong> pokazuje poziom e-liquid i baterii<\/p>\n<\/li>\n<li data-start=\"1429\" data-end=\"1470\">\n<p data-start=\"1431\" data-end=\"1470\">Elastyczny <strong data-start=\"1440\" data-end=\"1468\">opcje nikotyny: 2% i 5%<\/strong><\/p>\n<\/li>\n<li data-start=\"1471\" data-end=\"1533\">\n<p data-start=\"1473\" data-end=\"1533\">10 unikalnych <strong data-start=\"1483\" data-end=\"1506\">potr\u00f3jnych mieszanek smakowych<\/strong> dla satysfakcji przez ca\u0142y dzie\u0144<\/p>\n<\/li>\n<\/ul>\n<figure id=\"attachment_4380\" aria-describedby=\"caption-attachment-4380\" style=\"width: 300px\" class=\"wp-caption alignnone\"><img decoding=\"async\" class=\"size-medium wp-image-4380\" src=\"https:\/\/vapestornado.com\/wp-content\/uploads\/2025\/09\/VOPK-Tripe-60k-Puffs-Vape-Cartridge-300x300.webp\" alt=\"VOPK Tripe 60k Puf Wk\u0142ad do e-papierosa\" width=\"300\" height=\"300\" srcset=\"https:\/\/vapestornado.com\/wp-content\/uploads\/2025\/09\/VOPK-Tripe-60k-Puffs-Vape-Cartridge-300x300.webp 300w, https:\/\/vapestornado.com\/wp-content\/uploads\/2025\/09\/VOPK-Tripe-60k-Puffs-Vape-Cartridge-150x150.webp 150w, https:\/\/vapestornado.com\/wp-content\/uploads\/2025\/09\/VOPK-Tripe-60k-Puffs-Vape-Cartridge-768x768.webp 768w, https:\/\/vapestornado.com\/wp-content\/uploads\/2025\/09\/VOPK-Tripe-60k-Puffs-Vape-Cartridge-12x12.webp 12w, https:\/\/vapestornado.com\/wp-content\/uploads\/2025\/09\/VOPK-Tripe-60k-Puffs-Vape-Cartridge-600x600.webp 600w, https:\/\/vapestornado.com\/wp-content\/uploads\/2025\/09\/VOPK-Tripe-60k-Puffs-Vape-Cartridge-100x100.webp 100w, https:\/\/vapestornado.com\/wp-content\/uploads\/2025\/09\/VOPK-Tripe-60k-Puffs-Vape-Cartridge.webp 800w\" sizes=\"(max-width: 300px) 100vw, 300px\" \/><figcaption id=\"caption-attachment-4380\" class=\"wp-caption-text\">VOPK Tripe 60k Puf Wk\u0142ad do e-papierosa<\/figcaption><\/figure>\n<h2 class=\"product-title\"><strong>Lista smak\u00f3w Vopk Triple 60K Puf 3 w 1<\/strong><\/h2>\n<p data-start=\"2550\" data-end=\"2736\">1. Arbuz z lodem \/ Potr\u00f3jny arbuz z lodem \/ Lody truskawkowe<br \/>\n2. Truskawka banan \/ Malina arbuz \/ Ananas kokos<br \/>\n3.brzoskwinia jagoda \/Blue razz ice \/Arbuz brzoskwinia mango<br \/>\n4.Kwas mango ananas \/Red bull truskawka \/Czarna porzeczka ice<br \/>\n5.Kiwi marakuja \/Truskawka wi\u015bnia \/Love 66<br \/>\n6.Podw\u00f3jne jab\u0142ko ice \/Owoc tropikalny \/Truskawka arbuz guma do \u017cucia<br \/>\n7.Winogrono ice \/Truskawka kiwi \/Arbuz red bull<br \/>\n8.Truskawka arbuz \/Jagoda malina \/Cytryna limonka<br \/>\n9.Banan ananas \/Red bull ice \/Truskawka mango<br \/>\n10.Misiek gummy \/Truskawka wanilia Coke \/Jagoda wata cukrowa<\/p>\n<div class=\"flex-shrink-0 flex flex-col relative items-end\">\n<div class=\"pt-0\">\n<div class=\"gizmo-bot-avatar flex h-8 w-8 items-center justify-center overflow-hidden rounded-full\">\n<div class=\"relative p-1 rounded-sm flex items-center justify-center bg-token-main-surface-primary text-token-text-primary h-8 w-8\">\n<h2 data-start=\"1200\" data-end=\"1487\">Vapes Tornado \u2013 Tw\u00f3j hurtowy sklep internetowy z e-papierosami najlepszych marek<\/h2>\n<p data-start=\"1200\" data-end=\"1487\"><strong data-start=\"141\" data-end=\"177\">Sklep internetowy z e-papierosami Vapes Tornado<\/strong> jest Twoim zaufanym \u017ar\u00f3d\u0142em <strong data-start=\"205\" data-end=\"270\">premiumowe jednorazowe vape i hurtowe e-papierosy w Europie<\/strong>. W ofercie mamy najlepiej sprzedaj\u0105ce si\u0119 marki, takie jak <strong data-start=\"307\" data-end=\"362\"><a href=\"https:\/\/vapestornado.com\/pl\/product\/elf-bar-raya-d3-25000-puffs-best-disposable-vape-wholesale-in-uk\/\">ELF BAR Waporyzator<\/a>, <a href=\"https:\/\/vapestornado.com\/pl\/product\/randm-tornado-15000-disposable-vape-wholesale-price\/\">Fumot Waporyzator<\/a>, <a href=\"https:\/\/vapestornado.com\/pl\/product\/original-vozol-star-40000-puff-40k-best-disposable-vape-2025-wholesale-cheap-price\/\">VOZOL VAPE<\/a>, Bang Vape<\/strong>, i wi\u0119cej, zapewniaj\u0105c jako\u015b\u0107 i r\u00f3\u017cnorodno\u015b\u0107 dla ka\u017cdego klienta. Niezale\u017cnie od tego, czy jeste\u015b indywidualnym vaperem, czy hurtowym nabywc\u0105, dostarczamy <strong data-start=\"481\" data-end=\"550\">urz\u0105dzenia wysokiej wydajno\u015bci, stylowe wzory i konkurencyjne ceny<\/strong> spe\u0142niaj\u0105ce Twoje potrzeby.<\/p>\n<h2 data-start=\"2064\" data-end=\"2115\">Najcz\u0119\u015bciej zadawane pytania dotycz\u0105ce Vopk Triple 60K Disposable Vape<\/h2>\n<p data-start=\"1587\" data-end=\"1707\"><strong data-start=\"1587\" data-end=\"1642\">1. Ile puf\u00f3w zapewnia Vopk Triple 60K?<\/strong><br data-start=\"1642\" data-end=\"1645\" \/>Dostarczaj\u0105c do <strong data-start=\"1663\" data-end=\"1679\">60 000 puffs<\/strong>, idealny do d\u0142ugotrwa\u0142ego u\u017cytkowania.<\/p>\n<p data-start=\"1709\" data-end=\"1840\"><strong data-start=\"1709\" data-end=\"1754\">2. Czy Vopk Triple 60000 jest \u0142adowalny?<\/strong><br data-start=\"1754\" data-end=\"1757\" \/>Tak, posiada <strong data-start=\"1776\" data-end=\"1807\">akumulator o pojemno\u015bci 650 mAh<\/strong> z <strong data-start=\"1813\" data-end=\"1837\">Szybkie \u0142adowanie typu C<\/strong>.<\/p>\n<p data-start=\"1842\" data-end=\"2021\"><strong data-start=\"1842\" data-end=\"1901\">3. Co sprawia, \u017ce Vopk Triple 60K jest najlepszym vape do zakupu?<\/strong><br data-start=\"1901\" data-end=\"1904\" \/>Jego <strong data-start=\"1908\" data-end=\"1977\">System smak\u00f3w 3-w-1, ogromna liczba puf\u00f3w i \u0142adowalny design<\/strong> czyni\u0105 go wyr\u00f3\u017cniaj\u0105cym si\u0119 na rynku europejskim.<\/p>\n<p data-start=\"2023\" data-end=\"2142\"><strong data-start=\"2023\" data-end=\"2068\">4. Jakie dost\u0119pne s\u0105 mocno\u015bci nikotyny?<\/strong><br data-start=\"2068\" data-end=\"2071\" \/>Mo\u017cesz wybiera\u0107 spo\u015br\u00f3d <strong data-start=\"2094\" data-end=\"2114\">2% lub 5% nikotyna<\/strong> dopasowana do Twoich preferencji.<\/p>\n<p data-start=\"2144\" data-end=\"2282\"><strong data-start=\"2144\" data-end=\"2193\">5. Czy Vopk Triple 60000 ma wy\u015bwietlacz?<\/strong><br data-start=\"2193\" data-end=\"2196\" \/>Tak, <strong data-start=\"2205\" data-end=\"2226\">inteligentny wy\u015bwietlacz LED<\/strong> \u015bledzi poziom baterii i e-liquidu w czasie rzeczywistym.<\/p>\n<\/div>\n<\/div>\n<\/div>\n<\/div>","protected":false},"excerpt":{"rendered":"<p data-start=\"2563\" data-end=\"2634\">Vopk Triple 60K 60000 Puffs Jednorazowy E-papieros \u2013 Najlepszy E-papieros do Zakupu w Europie<\/p>\n<p data-start=\"2638\" data-end=\"2711\">Vopk Triple 60000 Puffs \u0141adowalny Jednorazowy E-papieros z 3-w-1 Smakiem<\/p>\n<p data-start=\"2715\" data-end=\"2788\">Najlepszy E-papieros do Zakupu \u2013 Vopk Triple 60K 60000 Puffs z Ekranem LED i Typ-C<\/p>\n<p><strong>Dodaj Amy na WhatsApp, aby uzyska\u0107 w\u0142a\u015bciw\u0105 odpowied\u017a i cen\u0119 z rabatem!<\/strong><\/p>\n<p><img fetchpriority=\"high\" decoding=\"async\" class=\"size-full wp-image-2932\" src=\"https:\/\/vapestornado.com\/wp-content\/uploads\/2024\/12\/Vape-Wholesale.jpg\" alt=\"Hurtowa sprzeda\u017c e-papieros\u00f3w\" width=\"229\" height=\"300\" \/><\/p>\n<h3><a href=\"https:\/\/wa.me\/8617776015835\"><span style=\"color: #ff0000;\"><strong>WhatsApp: +86 17776015835<\/strong><\/span><\/a><\/h3>","protected":false},"featured_media":4385,"comment_status":"open","ping_status":"closed","template":"","meta":{"_acf_changed":false,"_uag_custom_page_level_css":"","_lmt_disableupdate":"no","_lmt_disable":"","_monsterinsights_skip_tracking":false,"_monsterinsights_sitenote_active":false,"_monsterinsights_sitenote_note":"","_monsterinsights_sitenote_category":0,"site-sidebar-layout":"default","site-content-layout":"","ast-site-content-layout":"default","site-content-style":"default","site-sidebar-style":"default","ast-global-header-display":"","ast-banner-title-visibility":"","ast-main-header-display":"","ast-hfb-above-header-display":"","ast-hfb-below-header-display":"","ast-hfb-mobile-header-display":"","site-post-title":"","ast-breadcrumbs-content":"","ast-featured-img":"","footer-sml-layout":"","ast-disable-related-posts":"","theme-transparent-header-meta":"default","adv-header-id-meta":"","stick-header-meta":"","header-above-stick-meta":"","header-main-stick-meta":"","header-below-stick-meta":"","astra-migrate-meta-layouts":"set","ast-page-background-enabled":"default","ast-page-background-meta":{"desktop":{"background-color":"","background-image":"","background-repeat":"repeat","background-position":"center center","background-size":"auto","background-attachment":"scroll","background-type":"","background-media":"","overlay-type":"","overlay-color":"","overlay-opacity":"","overlay-gradient":""},"tablet":{"background-color":"","background-image":"","background-repeat":"repeat","background-position":"center center","background-size":"auto","background-attachment":"scroll","background-type":"","background-media":"","overlay-type":"","overlay-color":"","overlay-opacity":"","overlay-gradient":""},"mobile":{"background-color":"","background-image":"","background-repeat":"repeat","background-position":"center center","background-size":"auto","background-attachment":"scroll","background-type":"","background-media":"","overlay-type":"","overlay-color":"","overlay-opacity":"","overlay-gradient":""}},"ast-content-background-meta":{"desktop":{"background-color":"var(--ast-global-color-5)","background-image":"","background-repeat":"repeat","background-position":"center center","background-size":"auto","background-attachment":"scroll","background-type":"","background-media":"","overlay-type":"","overlay-color":"","overlay-opacity":"","overlay-gradient":""},"tablet":{"background-color":"var(--ast-global-color-5)","background-image":"","background-repeat":"repeat","background-position":"center center","background-size":"auto","background-attachment":"scroll","background-type":"","background-media":"","overlay-type":"","overlay-color":"","overlay-opacity":"","overlay-gradient":""},"mobile":{"background-color":"var(--ast-global-color-5)","background-image":"","background-repeat":"repeat","background-position":"center center","background-size":"auto","background-attachment":"scroll","background-type":"","background-media":"","overlay-type":"","overlay-color":"","overlay-opacity":"","overlay-gradient":""}},"_joinchat":[]},"product_brand":[],"product_cat":[343,149,153,156,157,159,142,146,290],"product_tag":[384,380,368,381,383,382],"class_list":{"0":"post-4387","1":"product","2":"type-product","3":"status-publish","4":"has-post-thumbnail","6":"product_cat-60000-puff","7":"product_cat-buy-disposable-vapes-in-austria","8":"product_cat-buy-disposable-vapes-in-italy","9":"product_cat-buy-disposable-vapes-in-poland","10":"product_cat-buy-disposable-vapes-in-portugal","11":"product_cat-buy-disposable-vapes-in-sweden","12":"product_cat-digital-box-disposable-vapes","13":"product_cat-rechargeable-disposable-vapes","14":"product_cat-vopk-vape","15":"product_tag-3-in-1-disposable-vape","16":"product_tag-disposable-vapes-online","17":"product_tag-disposable-vapor","18":"product_tag-vapes-online-wholesale","19":"product_tag-vopk-60000-puff","20":"product_tag-vopk-triple-60k","21":"desktop-align-left","22":"tablet-align-left","23":"mobile-align-left","25":"first","26":"instock","27":"sale","28":"shipping-taxable","29":"purchasable","30":"product-type-simple"},"acf":[],"uagb_featured_image_src":{"full":["https:\/\/vapestornado.com\/wp-content\/uploads\/2025\/09\/VOPK-Tripe-60000-Puffs-Pen-Cartridge-Wholesale.webp",800,800,false],"thumbnail":["https:\/\/vapestornado.com\/wp-content\/uploads\/2025\/09\/VOPK-Tripe-60000-Puffs-Pen-Cartridge-Wholesale-150x150.webp",150,150,true],"medium":["https:\/\/vapestornado.com\/wp-content\/uploads\/2025\/09\/VOPK-Tripe-60000-Puffs-Pen-Cartridge-Wholesale-300x300.webp",300,300,true],"medium_large":["https:\/\/vapestornado.com\/wp-content\/uploads\/2025\/09\/VOPK-Tripe-60000-Puffs-Pen-Cartridge-Wholesale-768x768.webp",768,768,true],"large":["https:\/\/vapestornado.com\/wp-content\/uploads\/2025\/09\/VOPK-Tripe-60000-Puffs-Pen-Cartridge-Wholesale.webp",800,800,false],"1536x1536":["https:\/\/vapestornado.com\/wp-content\/uploads\/2025\/09\/VOPK-Tripe-60000-Puffs-Pen-Cartridge-Wholesale.webp",800,800,false],"2048x2048":["https:\/\/vapestornado.com\/wp-content\/uploads\/2025\/09\/VOPK-Tripe-60000-Puffs-Pen-Cartridge-Wholesale.webp",800,800,false],"trp-custom-language-flag":["https:\/\/vapestornado.com\/wp-content\/uploads\/2025\/09\/VOPK-Tripe-60000-Puffs-Pen-Cartridge-Wholesale-12x12.webp",12,12,true],"woocommerce_thumbnail":["https:\/\/vapestornado.com\/wp-content\/uploads\/2025\/09\/VOPK-Tripe-60000-Puffs-Pen-Cartridge-Wholesale-300x300.webp",300,300,true],"woocommerce_single":["https:\/\/vapestornado.com\/wp-content\/uploads\/2025\/09\/VOPK-Tripe-60000-Puffs-Pen-Cartridge-Wholesale-600x600.webp",600,600,true],"woocommerce_gallery_thumbnail":["https:\/\/vapestornado.com\/wp-content\/uploads\/2025\/09\/VOPK-Tripe-60000-Puffs-Pen-Cartridge-Wholesale-100x100.webp",100,100,true]},"uagb_author_info":{"display_name":"ESAMY","author_link":"https:\/\/vapestornado.com\/pl\/author\/"},"uagb_comment_info":1,"uagb_excerpt":"Vopk Triple 60K 60000 Puffs Disposable Vape \u2013 Best Vape to Buy Europe Vopk Triple 60000 Puffs Rechargeable Disposable Vape with 3-in-1 Flavor Best Vape to Buy \u2013 Vopk Triple 60K 60000 Puffs with LED Screen &amp; Type-C Add Amy's whatsapp to get right reply and discount price! WhatsApp: +86 17776015835","_links":{"self":[{"href":"https:\/\/vapestornado.com\/pl\/wp-json\/wp\/v2\/product\/4387","targetHints":{"allow":["GET"]}}],"collection":[{"href":"https:\/\/vapestornado.com\/pl\/wp-json\/wp\/v2\/product"}],"about":[{"href":"https:\/\/vapestornado.com\/pl\/wp-json\/wp\/v2\/types\/product"}],"replies":[{"embeddable":true,"href":"https:\/\/vapestornado.com\/pl\/wp-json\/wp\/v2\/comments?post=4387"}],"wp:featuredmedia":[{"embeddable":true,"href":"https:\/\/vapestornado.com\/pl\/wp-json\/wp\/v2\/media\/4385"}],"wp:attachment":[{"href":"https:\/\/vapestornado.com\/pl\/wp-json\/wp\/v2\/media?parent=4387"}],"wp:term":[{"taxonomy":"product_brand","embeddable":true,"href":"https:\/\/vapestornado.com\/pl\/wp-json\/wp\/v2\/product_brand?post=4387"},{"taxonomy":"product_cat","embeddable":true,"href":"https:\/\/vapestornado.com\/pl\/wp-json\/wp\/v2\/product_cat?post=4387"},{"taxonomy":"product_tag","embeddable":true,"href":"https:\/\/vapestornado.com\/pl\/wp-json\/wp\/v2\/product_tag?post=4387"}],"curies":[{"name":"wp","href":"https:\/\/api.w.org\/{rel}","templated":true}]}}