{"id":4379,"date":"2025-09-25T02:51:29","date_gmt":"2025-09-25T02:51:29","guid":{"rendered":"https:\/\/vapestornado.com\/?post_type=product&#038;p=4379"},"modified":"2025-09-25T03:40:09","modified_gmt":"2025-09-25T03:40:09","slug":"vopk-80000-puff-80k-4-in-1-four-flavors-disposable-vapes-online-wholesale","status":"publish","type":"product","link":"https:\/\/vapestornado.com\/pl\/product\/vopk-80000-puff-80k-4-in-1-four-flavors-disposable-vapes-online-wholesale\/","title":{"rendered":"VOPK 80000 Puff 80k 4 w 1 Cztery Smaki Jednorazowe Podpaski E-papierosy Hurt Online"},"content":{"rendered":"<h2 data-pm-slice=\"1 1 []\">VOPK 80000 Puff 80k 4 w 1 Cztery Smaki Jednorazowe Podpaski E-papierosy Hurt Online<\/h2>\n<p data-start=\"175\" data-end=\"532\">Cyfrowy ekran <strong data-start=\"179\" data-end=\"214\">VOPK 80000 Puff jednorazowy e-papieros<\/strong> jest stworzony dla waper\u00f3w, kt\u00f3rzy pragn\u0105 <strong data-start=\"244\" data-end=\"293\">moc, r\u00f3\u017cnorodno\u015b\u0107 i wygoda w jednym urz\u0105dzeniu<\/strong>. Z <strong data-start=\"300\" data-end=\"328\">technologia smaku 4 w 1<\/strong>, u\u017cytkownicy mog\u0105 natychmiast prze\u0142\u0105cza\u0107 si\u0119 mi\u0119dzy czterema premium smakami bez konieczno\u015bci noszenia wielu kapsu\u0142ek. Oferuj\u0105c do <strong data-start=\"433\" data-end=\"457\">80 tys. zaci\u0105gni\u0119\u0107 na urz\u0105dzenie<\/strong>, ten model jest <strong data-start=\"475\" data-end=\"515\">najlepszym wyborem w e-papierosach hurtowych online<\/strong> w ca\u0142ej Polsce.<\/p>\n<p data-start=\"534\" data-end=\"1007\">Wyposa\u017cony w <strong data-start=\"550\" data-end=\"568\">0,9\u03a9 siatkowa grza\u0142ka<\/strong>, <strong data-start=\"570\" data-end=\"608\">Akumulator 650 mAh \u0142adowany przez Type-C<\/strong>i <strong data-start=\"616\" data-end=\"642\">cyfrowy ekran wy\u015bwietlacza<\/strong>, <strong data-start=\"648\" data-end=\"660\">VOPK 80k<\/strong> zapewnia bogaty smak, g\u0119st\u0105 par\u0119 i pe\u0142n\u0105 kontrol\u0119 nad poziomem oleju i baterii. Z opcjami nikotyny na poziomie <strong data-start=\"764\" data-end=\"782\">0%, 2% i 5%<\/strong>, zaspokaja potrzeby zar\u00f3wno okazjonalnych u\u017cytkownik\u00f3w, jak i do\u015bwiadczonych vaper\u00f3w. Kompaktowy, a jednocze\u015bnie pot\u0119\u017cny, to idealny <strong data-start=\"878\" data-end=\"905\">jednorazowy zestaw mod\u00f3w do e-papieros\u00f3w<\/strong> dla <b>u\u017cytkownik\u00f3w<\/b>, oferuj\u0105c nowoczesny design i niezawodn\u0105 wydajno\u015b\u0107.<\/p>\n<p><strong><span style=\"color: #ff0000;\">Dodaj Amy do WhatsAppa, aby uzyska\u0107 szybk\u0105 odpowied\u017a i kupon na vape!<\/span><\/strong><\/p>\n<p><img fetchpriority=\"high\" decoding=\"async\" class=\"size-full wp-image-2932\" src=\"https:\/\/vapestornado.com\/wp-content\/uploads\/2024\/12\/Vape-Wholesale.jpg\" alt=\"Hurtowa sprzeda\u017c e-papieros\u00f3w\" width=\"229\" height=\"300\" \/><\/p>\n<h3><a href=\"https:\/\/wa.me\/8617776015835\" target=\"_blank\" rel=\"noopener\"><span style=\"color: #ff0000;\"><strong>WhatsApp: +86 17776015835<\/strong><\/span><\/a><\/h3>\n<p>&nbsp;<\/p>\n<h2><strong>Funkcje produktu VOPK 80000 Puff<\/strong><\/h2>\n<h2 data-start=\"201\" data-end=\"249\"><\/h2>\n<ul data-start=\"251\" data-end=\"944\">\n<li data-start=\"251\" data-end=\"343\">\n<p data-start=\"253\" data-end=\"343\"><strong data-start=\"253\" data-end=\"277\">Masowe 80 000 puf\u00f3w<\/strong> \u2013 zaprojektowany do d\u0142ugotrwa\u0142ego u\u017cytkowania, idealny do hurtowej i hurtowej sprzeda\u017cy.<\/p>\n<\/li>\n<li data-start=\"344\" data-end=\"438\">\n<p data-start=\"346\" data-end=\"438\"><strong data-start=\"346\" data-end=\"370\">System smak\u00f3w 4-w-1<\/strong> \u2013 ciesz si\u0119 czterema smakami w jednym urz\u0105dzeniu, bez konieczno\u015bci zmiany pod\u00f3w.<\/p>\n<\/li>\n<li data-start=\"439\" data-end=\"518\">\n<p data-start=\"441\" data-end=\"518\"><strong data-start=\"441\" data-end=\"459\">Grza\u0142ka Mesh 0,9\u03a9<\/strong> \u2013 zapewnia jednolit\u0105 g\u0119sto\u015b\u0107 pary i wzmocniony smak.<\/p>\n<\/li>\n<li data-start=\"519\" data-end=\"606\">\n<p data-start=\"521\" data-end=\"606\"><strong data-start=\"521\" data-end=\"552\">Akumulator 650 mAh<\/strong> \u2013 szybkie \u0142adowanie Type-C pozwala na korzystanie w podr\u00f3\u017cy.<\/p>\n<\/li>\n<li data-start=\"607\" data-end=\"693\">\n<p data-start=\"609\" data-end=\"693\"><strong data-start=\"609\" data-end=\"634\">Inteligentny cyfrowy wy\u015bwietlacz<\/strong> \u2013 monitoruj poziom na\u0142adowania baterii i poziom e-liquidu w czasie rzeczywistym.<\/p>\n<\/li>\n<li data-start=\"694\" data-end=\"776\">\n<p data-start=\"696\" data-end=\"776\"><strong data-start=\"696\" data-end=\"727\">Opcje nikotyny: 0%, 2%, 5%<\/strong> \u2013 elastyczno\u015b\u0107 dostosowania do r\u00f3\u017cnych potrzeb wapowania.<\/p>\n<\/li>\n<li data-start=\"777\" data-end=\"862\">\n<p data-start=\"779\" data-end=\"862\"><strong data-start=\"779\" data-end=\"807\">Przeno\u015bny i \u0142atwy w u\u017cyciu<\/strong> \u2013 ergonomiczny du\u017cy ustnik i lekka konstrukcja.<\/p>\n<\/li>\n<li data-start=\"863\" data-end=\"944\">\n<p data-start=\"865\" data-end=\"944\"><strong data-start=\"865\" data-end=\"885\">10 kombinacji smak\u00f3w<\/strong> \u2013 szeroki wyb\u00f3r, aby zaspokoi\u0107 r\u00f3\u017cne gusta.<\/p>\n<\/li>\n<\/ul>\n<figure id=\"attachment_4374\" aria-describedby=\"caption-attachment-4374\" style=\"width: 300px\" class=\"wp-caption alignnone\"><img decoding=\"async\" class=\"size-medium wp-image-4374\" src=\"https:\/\/vapestornado.com\/wp-content\/uploads\/2025\/09\/VOPK-80000-Puffs-Nicotine-Free-Disposable-Vape-300x300.webp\" alt=\"VOPK 80000 Puf\u00f3w Beznikotynowa Jednorazowa Vape\" width=\"300\" height=\"300\" srcset=\"https:\/\/vapestornado.com\/wp-content\/uploads\/2025\/09\/VOPK-80000-Puffs-Nicotine-Free-Disposable-Vape-300x300.webp 300w, https:\/\/vapestornado.com\/wp-content\/uploads\/2025\/09\/VOPK-80000-Puffs-Nicotine-Free-Disposable-Vape-150x150.webp 150w, https:\/\/vapestornado.com\/wp-content\/uploads\/2025\/09\/VOPK-80000-Puffs-Nicotine-Free-Disposable-Vape-768x768.webp 768w, https:\/\/vapestornado.com\/wp-content\/uploads\/2025\/09\/VOPK-80000-Puffs-Nicotine-Free-Disposable-Vape-12x12.webp 12w, https:\/\/vapestornado.com\/wp-content\/uploads\/2025\/09\/VOPK-80000-Puffs-Nicotine-Free-Disposable-Vape-600x600.webp 600w, https:\/\/vapestornado.com\/wp-content\/uploads\/2025\/09\/VOPK-80000-Puffs-Nicotine-Free-Disposable-Vape-100x100.webp 100w, https:\/\/vapestornado.com\/wp-content\/uploads\/2025\/09\/VOPK-80000-Puffs-Nicotine-Free-Disposable-Vape.webp 800w\" sizes=\"(max-width: 300px) 100vw, 300px\" \/><figcaption id=\"caption-attachment-4374\" class=\"wp-caption-text\">VOPK 80000 Puf\u00f3w Beznikotynowa Jednorazowa Vape<\/figcaption><\/figure>\n<h2 class=\"product-title\"><strong>Lista smak\u00f3w VOPK 80000 Puf\u00f3w 80k 4 w 1<\/strong><\/h2>\n<p data-start=\"2550\" data-end=\"2736\">1. arbuz l\u00f3d \/ Potr\u00f3jny arbuz l\u00f3d \/ Blue razz l\u00f3d \/ Truskawkowe lody<br \/>\n2. Jagoda malinowa \/ Fuji l\u00f3d \/ Mieszane jagody \/ Jagoda kokosowa cukierki<br \/>\n3. Truskawka arbuz \/ \u017burawina winogrono \/ Mango l\u00f3d \/ Truskawka malinowa cukierki<br \/>\n4. Red bull l\u00f3d \/ Passion fruit kiwi limonka \/ Kwa\u015bne jab\u0142ko malina truskawka \/ Arbuzowa guma do \u017cucia<br \/>\n5. L\u00f3d z jagodami\/ Brzoskwinia mango arbuz\/ Melon jab\u0142ko\/ Gazowany l\u00f3d wi\u015bniowy<br \/>\n6. Truskawka mango\/ Truskawka kiwi\/ Arbuz Dragon Fruit\/ Mi\u015b Gumy<br \/>\n7. Love 66\/ Malina arbuz\/ Truskawka Malina wi\u015bnia\/ Cukierkowa wi\u015bnia l\u00f3d<br \/>\n8. Truskawka banan\/ Ananas kokos l\u00f3d\/ Mango brzoskwinia morela\/ Aloes mango melon<br \/>\n9. T\u0119czowa Cukierka\/ Brzoskwinia l\u00f3d\/ Cytryna kwa\u015bna pomara\u0144cza\/ \u017burawina Cytryna<br \/>\n10. Kiwi marakuja guawa\/ Truskawka wi\u015bnia\/ Winogrono l\u00f3d\/ Truskawkowa Cukierka<\/p>\n<div class=\"flex-shrink-0 flex flex-col relative items-end\">\n<div class=\"pt-0\">\n<div class=\"gizmo-bot-avatar flex h-8 w-8 items-center justify-center overflow-hidden rounded-full\">\n<div class=\"relative p-1 rounded-sm flex items-center justify-center bg-token-main-surface-primary text-token-text-primary h-8 w-8\">\n<h2 data-start=\"1200\" data-end=\"1487\">Vapes Tornado \u2013 Tw\u00f3j hurtowy sklep internetowy z e-papierosami najlepszych marek<\/h2>\n<p data-start=\"1200\" data-end=\"1487\"><strong data-start=\"141\" data-end=\"177\">Sklep internetowy z e-papierosami Vapes Tornado<\/strong> jest Twoim zaufanym \u017ar\u00f3d\u0142em <strong data-start=\"205\" data-end=\"270\">premiumowe jednorazowe vape i hurtowe e-papierosy w Europie<\/strong>. W ofercie mamy najlepiej sprzedaj\u0105ce si\u0119 marki, takie jak <strong data-start=\"307\" data-end=\"362\"><a href=\"https:\/\/vapestornado.com\/pl\/product\/elf-bar-raya-d3-25000-puffs-best-disposable-vape-wholesale-in-uk\/\">ELF BAR Waporyzator<\/a>, <a href=\"https:\/\/vapestornado.com\/pl\/product\/randm-tornado-15000-disposable-vape-wholesale-price\/\">Fumot Waporyzator<\/a>, <a href=\"https:\/\/vapestornado.com\/pl\/product\/original-vozol-star-40000-puff-40k-best-disposable-vape-2025-wholesale-cheap-price\/\">VOZOL VAPE<\/a>, Bang Vape<\/strong>, i wi\u0119cej, zapewniaj\u0105c jako\u015b\u0107 i r\u00f3\u017cnorodno\u015b\u0107 dla ka\u017cdego klienta. Niezale\u017cnie od tego, czy jeste\u015b indywidualnym vaperem, czy hurtowym nabywc\u0105, dostarczamy <strong data-start=\"481\" data-end=\"550\">urz\u0105dzenia wysokiej wydajno\u015bci, stylowe wzory i konkurencyjne ceny<\/strong> spe\u0142niaj\u0105ce Twoje potrzeby.<\/p>\n<h2 data-start=\"2064\" data-end=\"2115\">Najcz\u0119\u015bciej zadawane pytania o VOPK 80000 Puff 80k 4 w 1 Jednorazowy e-papieros<\/h2>\n<p data-start=\"1035\" data-end=\"1198\"><strong data-start=\"1035\" data-end=\"1107\">Q1: Ile puf\u00f3w zapewnia jednorazowy e-papieros VOPK 80000 Puff?<\/strong><br data-start=\"1107\" data-end=\"1110\" \/>A1: Ka\u017cde urz\u0105dzenie dostarcza do <strong data-start=\"1141\" data-end=\"1157\">80 000 puf\u00f3w<\/strong>, co czyni go idealnym do d\u0142ugotrwa\u0142ego u\u017cytkowania.<\/p>\n<p data-start=\"1200\" data-end=\"1379\"><strong data-start=\"1200\" data-end=\"1281\">Q2: Co wyr\u00f3\u017cnia VOPK 80k w por\u00f3wnaniu do innych jednorazowych e-papieros\u00f3w dost\u0119pnych online?<\/strong><br data-start=\"1281\" data-end=\"1284\" \/>A2: Posiada <strong data-start=\"1302\" data-end=\"1326\">system smak\u00f3w 4-w-1<\/strong>, pozwalaj\u0105cy cieszy\u0107 si\u0119 czterema smakami w jednym urz\u0105dzeniu.<\/p>\n<p data-start=\"1381\" data-end=\"1530\"><strong data-start=\"1381\" data-end=\"1433\">Q3: Czy VOPK 80000 Pali wci\u0105gni\u0119\u0107 obs\u0142uguje \u0142adowanie?<\/strong><br data-start=\"1433\" data-end=\"1436\" \/>A3: Tak, jest wyposa\u017cony w <strong data-start=\"1461\" data-end=\"1499\">Akumulator 650 mAh \u0142adowany przez Type-C<\/strong> do efektywnego szybkiego \u0142adowania.<\/p>\n<p data-start=\"1532\" data-end=\"1693\"><strong data-start=\"1532\" data-end=\"1610\">Q4: Jakie poziomy nikotyny s\u0105 dost\u0119pne dla jednorazowego e-papierosa VOPK 80k?<\/strong><br data-start=\"1610\" data-end=\"1613\" \/>A4: Opcje obejmuj\u0105 <strong data-start=\"1633\" data-end=\"1651\">0%, 2% i 5%<\/strong>, spe\u0142niaj\u0105c potrzeby r\u00f3\u017cnych palaczy elektronicznych.<\/p>\n<p data-start=\"1695\" data-end=\"1910\"><strong data-start=\"1695\" data-end=\"1762\">Q5: Dlaczego VOPK 80k jest popularny na hurtowych rynkach w Polsce?<\/strong><br data-start=\"1762\" data-end=\"1765\" \/>A5: Jego <strong data-start=\"1773\" data-end=\"1840\">wysoka pojemno\u015b\u0107 na wci\u0105gni\u0119cia, wy\u015bwietlacz ekranowy i wiele wybor\u00f3w smakowych<\/strong> czyni\u0105 go bardzo atrakcyjnym dla hurtowych nabywc\u00f3w i m\u0142odych konsument\u00f3w.<\/p>\n<\/div>\n<\/div>\n<\/div>\n<\/div>","protected":false},"excerpt":{"rendered":"<p data-start=\"2159\" data-end=\"2246\"><strong data-start=\"2159\" data-end=\"2244\">VOPK 80000 Puff jednorazowe e-papierosy \u2013 4 w 1 smak, 80 tys. zaci\u0105gni\u0119\u0107, najlepsza cena hurtowa<\/strong><\/p>\n<p data-start=\"2250\" data-end=\"2331\"><strong data-start=\"2250\" data-end=\"2329\">Hurtowe zestawy jednorazowych e-papieros\u00f3w VOPK 80k \u2013 wy\u015bwietlacz ekranowy i mo\u017cliwo\u015b\u0107 \u0142adowania<\/strong><\/p>\n<p data-start=\"2335\" data-end=\"2416\"><strong data-start=\"2335\" data-end=\"2414\">VOPK 80000 Puff 4 w 1 jednorazowy zestaw e-papieros\u00f3w \u2013 premium e-papierosy online na rynek Polski<\/strong><\/p>\n<p><strong>Dodaj Amy na WhatsApp, aby uzyska\u0107 w\u0142a\u015bciw\u0105 odpowied\u017a i cen\u0119 z rabatem!<\/strong><\/p>\n<p><img fetchpriority=\"high\" decoding=\"async\" class=\"size-full wp-image-2932\" src=\"https:\/\/vapestornado.com\/wp-content\/uploads\/2024\/12\/Vape-Wholesale.jpg\" alt=\"Hurtowa sprzeda\u017c e-papieros\u00f3w\" width=\"229\" height=\"300\" \/><\/p>\n<h3><a href=\"https:\/\/wa.me\/8617776015835\"><span style=\"color: #ff0000;\"><strong>WhatsApp: +86 17776015835<\/strong><\/span><\/a><\/h3>","protected":false},"featured_media":4373,"comment_status":"open","ping_status":"closed","template":"","meta":{"_acf_changed":false,"_uag_custom_page_level_css":"","_lmt_disableupdate":"no","_lmt_disable":"","_monsterinsights_skip_tracking":false,"_monsterinsights_sitenote_active":false,"_monsterinsights_sitenote_note":"","_monsterinsights_sitenote_category":0,"site-sidebar-layout":"default","site-content-layout":"","ast-site-content-layout":"default","site-content-style":"default","site-sidebar-style":"default","ast-global-header-display":"","ast-banner-title-visibility":"","ast-main-header-display":"","ast-hfb-above-header-display":"","ast-hfb-below-header-display":"","ast-hfb-mobile-header-display":"","site-post-title":"","ast-breadcrumbs-content":"","ast-featured-img":"","footer-sml-layout":"","ast-disable-related-posts":"","theme-transparent-header-meta":"default","adv-header-id-meta":"","stick-header-meta":"","header-above-stick-meta":"","header-main-stick-meta":"","header-below-stick-meta":"","astra-migrate-meta-layouts":"set","ast-page-background-enabled":"default","ast-page-background-meta":{"desktop":{"background-color":"","background-image":"","background-repeat":"repeat","background-position":"center center","background-size":"auto","background-attachment":"scroll","background-type":"","background-media":"","overlay-type":"","overlay-color":"","overlay-opacity":"","overlay-gradient":""},"tablet":{"background-color":"","background-image":"","background-repeat":"repeat","background-position":"center center","background-size":"auto","background-attachment":"scroll","background-type":"","background-media":"","overlay-type":"","overlay-color":"","overlay-opacity":"","overlay-gradient":""},"mobile":{"background-color":"","background-image":"","background-repeat":"repeat","background-position":"center center","background-size":"auto","background-attachment":"scroll","background-type":"","background-media":"","overlay-type":"","overlay-color":"","overlay-opacity":"","overlay-gradient":""}},"ast-content-background-meta":{"desktop":{"background-color":"var(--ast-global-color-5)","background-image":"","background-repeat":"repeat","background-position":"center center","background-size":"auto","background-attachment":"scroll","background-type":"","background-media":"","overlay-type":"","overlay-color":"","overlay-opacity":"","overlay-gradient":""},"tablet":{"background-color":"var(--ast-global-color-5)","background-image":"","background-repeat":"repeat","background-position":"center center","background-size":"auto","background-attachment":"scroll","background-type":"","background-media":"","overlay-type":"","overlay-color":"","overlay-opacity":"","overlay-gradient":""},"mobile":{"background-color":"var(--ast-global-color-5)","background-image":"","background-repeat":"repeat","background-position":"center center","background-size":"auto","background-attachment":"scroll","background-type":"","background-media":"","overlay-type":"","overlay-color":"","overlay-opacity":"","overlay-gradient":""}},"_joinchat":[]},"product_brand":[],"product_cat":[344,149,153,156,158,142,143,144,146,290],"product_tag":[378,380,368,381,377,379],"class_list":{"0":"post-4379","1":"product","2":"type-product","3":"status-publish","4":"has-post-thumbnail","6":"product_cat-80000-puff","7":"product_cat-buy-disposable-vapes-in-austria","8":"product_cat-buy-disposable-vapes-in-italy","9":"product_cat-buy-disposable-vapes-in-poland","10":"product_cat-buy-disposable-vapes-in-spain","11":"product_cat-digital-box-disposable-vapes","12":"product_cat-dual-mesh-disposable-vapes","13":"product_cat-low-nicotine-disposable-vapes","14":"product_cat-rechargeable-disposable-vapes","15":"product_cat-vopk-vape","16":"product_tag-4-in-1-vape","17":"product_tag-disposable-vapes-online","18":"product_tag-disposable-vapor","19":"product_tag-vapes-online-wholesale","20":"product_tag-vopk-80000-puff","21":"product_tag-vopk-80k","22":"desktop-align-left","23":"tablet-align-left","24":"mobile-align-left","26":"first","27":"instock","28":"sale","29":"shipping-taxable","30":"purchasable","31":"product-type-simple"},"acf":[],"uagb_featured_image_src":{"full":["https:\/\/vapestornado.com\/wp-content\/uploads\/2025\/09\/VOPK-80k-80000-Puffs-Disposable-Vape-Mod-Kits.webp",800,800,false],"thumbnail":["https:\/\/vapestornado.com\/wp-content\/uploads\/2025\/09\/VOPK-80k-80000-Puffs-Disposable-Vape-Mod-Kits-150x150.webp",150,150,true],"medium":["https:\/\/vapestornado.com\/wp-content\/uploads\/2025\/09\/VOPK-80k-80000-Puffs-Disposable-Vape-Mod-Kits-300x300.webp",300,300,true],"medium_large":["https:\/\/vapestornado.com\/wp-content\/uploads\/2025\/09\/VOPK-80k-80000-Puffs-Disposable-Vape-Mod-Kits-768x768.webp",768,768,true],"large":["https:\/\/vapestornado.com\/wp-content\/uploads\/2025\/09\/VOPK-80k-80000-Puffs-Disposable-Vape-Mod-Kits.webp",800,800,false],"1536x1536":["https:\/\/vapestornado.com\/wp-content\/uploads\/2025\/09\/VOPK-80k-80000-Puffs-Disposable-Vape-Mod-Kits.webp",800,800,false],"2048x2048":["https:\/\/vapestornado.com\/wp-content\/uploads\/2025\/09\/VOPK-80k-80000-Puffs-Disposable-Vape-Mod-Kits.webp",800,800,false],"trp-custom-language-flag":["https:\/\/vapestornado.com\/wp-content\/uploads\/2025\/09\/VOPK-80k-80000-Puffs-Disposable-Vape-Mod-Kits-12x12.webp",12,12,true],"woocommerce_thumbnail":["https:\/\/vapestornado.com\/wp-content\/uploads\/2025\/09\/VOPK-80k-80000-Puffs-Disposable-Vape-Mod-Kits-300x300.webp",300,300,true],"woocommerce_single":["https:\/\/vapestornado.com\/wp-content\/uploads\/2025\/09\/VOPK-80k-80000-Puffs-Disposable-Vape-Mod-Kits-600x600.webp",600,600,true],"woocommerce_gallery_thumbnail":["https:\/\/vapestornado.com\/wp-content\/uploads\/2025\/09\/VOPK-80k-80000-Puffs-Disposable-Vape-Mod-Kits-100x100.webp",100,100,true]},"uagb_author_info":{"display_name":"ESAMY","author_link":"https:\/\/vapestornado.com\/pl\/author\/"},"uagb_comment_info":1,"uagb_excerpt":"VOPK 80000 Puff Disposable Vapes \u2013 4-in-1 Flavor, 80k Puffs, Best Wholesale Price Wholesale VOPK 80k Disposable Vape Mod Kits \u2013 Screen Display &amp; Rechargeable VOPK 80000 Puff 4-in-1 Disposable Vape Kit\u2013 Premium Vapes Online for EU Market Add Amy's whatsapp to get right reply and discount price! WhatsApp: +86 17776015835","_links":{"self":[{"href":"https:\/\/vapestornado.com\/pl\/wp-json\/wp\/v2\/product\/4379","targetHints":{"allow":["GET"]}}],"collection":[{"href":"https:\/\/vapestornado.com\/pl\/wp-json\/wp\/v2\/product"}],"about":[{"href":"https:\/\/vapestornado.com\/pl\/wp-json\/wp\/v2\/types\/product"}],"replies":[{"embeddable":true,"href":"https:\/\/vapestornado.com\/pl\/wp-json\/wp\/v2\/comments?post=4379"}],"wp:featuredmedia":[{"embeddable":true,"href":"https:\/\/vapestornado.com\/pl\/wp-json\/wp\/v2\/media\/4373"}],"wp:attachment":[{"href":"https:\/\/vapestornado.com\/pl\/wp-json\/wp\/v2\/media?parent=4379"}],"wp:term":[{"taxonomy":"product_brand","embeddable":true,"href":"https:\/\/vapestornado.com\/pl\/wp-json\/wp\/v2\/product_brand?post=4379"},{"taxonomy":"product_cat","embeddable":true,"href":"https:\/\/vapestornado.com\/pl\/wp-json\/wp\/v2\/product_cat?post=4379"},{"taxonomy":"product_tag","embeddable":true,"href":"https:\/\/vapestornado.com\/pl\/wp-json\/wp\/v2\/product_tag?post=4379"}],"curies":[{"name":"wp","href":"https:\/\/api.w.org\/{rel}","templated":true}]}}