{"id":4369,"date":"2025-09-20T09:23:19","date_gmt":"2025-09-20T09:23:19","guid":{"rendered":"https:\/\/vapestornado.com\/?post_type=product&#038;p=4369"},"modified":"2025-09-23T08:18:09","modified_gmt":"2025-09-23T08:18:09","slug":"okso-70000-puff-3-in-1-flavor-adjustable-disposable-vape-pod","status":"publish","type":"product","link":"https:\/\/vapestornado.com\/pl\/product\/okso-70000-puff-3-in-1-flavor-adjustable-disposable-vape-pod\/","title":{"rendered":"OKSO 70000 Chmur 3 w 1 Smak Regulowany Jednorazowy Waporyzator Pod"},"content":{"rendered":"<h2 data-pm-slice=\"1 1 []\">OKSO 70000 Chmur 3 w 1 Smak Regulowany Jednorazowy Waporyzator Pod<\/h2>\n<p data-start=\"204\" data-end=\"627\">Cyfrowy ekran <strong data-start=\"208\" data-end=\"247\">OKSO 70000 Puff Jednorazowy Vape Pod<\/strong> zosta\u0142 stworzony dla palaczy, kt\u00f3rzy chc\u0105 maksymalnej wydajno\u015bci i r\u00f3\u017cnorodno\u015bci w jednym eleganckim urz\u0105dzeniu. Z <strong data-start=\"338\" data-end=\"367\">imponuj\u0105c\u0105 liczb\u0105 70 tysi\u0119cy chmur<\/strong>, a <strong data-start=\"371\" data-end=\"395\">systemem smak\u00f3w 3-w-1<\/strong>, oraz w <strong data-start=\"401\" data-end=\"423\">regulowanym przep\u0142ywem powietrza<\/strong>, wyznacza nowy standard dla d\u0142ugotrwa\u0142ych jednorazowych e-papieros\u00f3w. Ka\u017cdy pod mie\u015bci <strong data-start=\"498\" data-end=\"526\">48 ml e-liquid (16 ml \u00d7 3)<\/strong>, daj\u0105c trzy odwa\u017cne wybory smakowe w jednym urz\u0105dzeniu \u2014 mo\u017cna swobodnie prze\u0142\u0105cza\u0107 i cieszy\u0107 si\u0119 \u015bwie\u017cym smakiem w ka\u017cdej chwili.<\/p>\n<p data-start=\"629\" data-end=\"1100\">Cyfrowy ekran <strong data-start=\"633\" data-end=\"650\">OKSO 70 tysi\u0119cy puf<\/strong> jest wyposa\u017cony w <strong data-start=\"671\" data-end=\"702\">technologia potr\u00f3jnej siatki grzewczej<\/strong> do g\u0142adkiego, g\u0119stego parowania i sta\u0142ego smaku od pocz\u0105tku do ko\u0144ca. Jego <strong data-start=\"774\" data-end=\"812\">Akumulator 650 mAh \u0142adowany przez Type-C<\/strong> i <strong data-start=\"817\" data-end=\"839\">wy\u015bwietlacz LED<\/strong> informuje o poziomie oleju i mocy, zapewniaj\u0105c brak niespodzianek. Zaprojektowany z my\u015bl\u0105 o palaczach z UE, ten pod \u0142\u0105czy <strong data-start=\"959\" data-end=\"976\">ogromn\u0105 pojemno\u015b\u0107<\/strong>, <strong data-start=\"978\" data-end=\"1000\">elastyczno\u015b\u0107 smak\u00f3w<\/strong>, oraz w <strong data-start=\"1006\" data-end=\"1023\">nowoczesny design<\/strong>, co czyni go jednym z <strong data-start=\"1046\" data-end=\"1097\">najlepsze regulowane jednorazowe vape o smaku w 2025 roku<\/strong>.<\/p>\n<p data-start=\"1102\" data-end=\"1247\">Niezale\u017cnie od tego, czy do <strong data-start=\"1114\" data-end=\"1134\">kupc\u00f3w hurtowych<\/strong> or <strong data-start=\"1138\" data-end=\"1158\">indywidualni u\u017cytkownicy<\/strong>, <strong data-start=\"1164\" data-end=\"1183\">OKSO 70000 Chmurka<\/strong> jest najlepszym wyborem na rynku jednorazowych e-papieros\u00f3w.<\/p>\n<p><strong><span style=\"color: #ff0000;\">Dodaj Amy do WhatsAppa, aby uzyska\u0107 szybk\u0105 odpowied\u017a i kupon na vape!<\/span><\/strong><\/p>\n<p><img fetchpriority=\"high\" decoding=\"async\" class=\"size-full wp-image-2932\" src=\"https:\/\/vapestornado.com\/wp-content\/uploads\/2024\/12\/Vape-Wholesale.jpg\" alt=\"Hurtowa sprzeda\u017c e-papieros\u00f3w\" width=\"229\" height=\"300\" \/><\/p>\n<h3><a href=\"https:\/\/wa.me\/8617776015835\" target=\"_blank\" rel=\"noopener\"><span style=\"color: #ff0000;\"><strong>WhatsApp: +86 17776015835<\/strong><\/span><\/a><\/h3>\n<p>&nbsp;<\/p>\n<h2><strong>Funkcje produktu OKSO 70000 Puff<\/strong><\/h2>\n<p>Puff\u00f3w: 70000 puff\u00f3w<br \/>\nRdze\u0144: Mesh coil *3<br \/>\nE-liquid: 48ml (16ml*3)<br \/>\nNikotyna: 0%\/2%\/3%\/5%<br \/>\nBateria: 650mAh, \u0142adowanie typu C<br \/>\nWy\u015bwietlacz LED dla oleju i baterii<br \/>\nWaga produktu: 134,5g\/szt.<br \/>\nRozmiar produktu: 45*44*127mm<\/p>\n<figure id=\"attachment_4365\" aria-describedby=\"caption-attachment-4365\" style=\"width: 300px\" class=\"wp-caption alignnone\"><img decoding=\"async\" class=\"size-medium wp-image-4365\" src=\"https:\/\/vapestornado.com\/wp-content\/uploads\/2025\/09\/OKSO-3in1-70000-Puffs-Disposable-Vape-300x300.webp\" alt=\"Jednorazowy e-papieros OKSO 3 w 1 70000 Puff\u00f3w\" width=\"300\" height=\"300\" srcset=\"https:\/\/vapestornado.com\/wp-content\/uploads\/2025\/09\/OKSO-3in1-70000-Puffs-Disposable-Vape-300x300.webp 300w, https:\/\/vapestornado.com\/wp-content\/uploads\/2025\/09\/OKSO-3in1-70000-Puffs-Disposable-Vape-150x150.webp 150w, https:\/\/vapestornado.com\/wp-content\/uploads\/2025\/09\/OKSO-3in1-70000-Puffs-Disposable-Vape-768x768.webp 768w, https:\/\/vapestornado.com\/wp-content\/uploads\/2025\/09\/OKSO-3in1-70000-Puffs-Disposable-Vape-12x12.webp 12w, https:\/\/vapestornado.com\/wp-content\/uploads\/2025\/09\/OKSO-3in1-70000-Puffs-Disposable-Vape-600x600.webp 600w, https:\/\/vapestornado.com\/wp-content\/uploads\/2025\/09\/OKSO-3in1-70000-Puffs-Disposable-Vape-100x100.webp 100w, https:\/\/vapestornado.com\/wp-content\/uploads\/2025\/09\/OKSO-3in1-70000-Puffs-Disposable-Vape.webp 800w\" sizes=\"(max-width: 300px) 100vw, 300px\" \/><figcaption id=\"caption-attachment-4365\" class=\"wp-caption-text\">Jednorazowy e-papieros OKSO 3 w 1 70000 Puff\u00f3w<\/figcaption><\/figure>\n<h2 class=\"product-title\"><strong>Lista smak\u00f3w OKSO 70000 Puff<\/strong><\/h2>\n<p data-start=\"2550\" data-end=\"2736\">1. Jagoda, Malina\\Mieszane jagody\\Jab\u0142ko, Brzoskwinia<br \/>\n2. Arbuz z lodem\\Pan Niebieski\\Zielony winogron, Arbuz<br \/>\n3. Truskawka z lodem\\Sok z d\u017cungli\\Smoczy melon<br \/>\n4. Winogrono z lodem\\Czarna porzeczka z lodem\\D\u017cem jagodowy<br \/>\n5. Wi\u015bnia z lodem\\Dwa jab\u0142ka\\Truskawka, Malina, Wi\u015bnia z lodem<br \/>\n6. Soczysta brzoskwinia\\Cola wi\u015bniowa\\Mi\u0119kka cukierkowa wi\u015bnia<br \/>\n7. Truskawka, Kiwi\\Guma arbuzowa\\Potr\u00f3jne mango z lodem<br \/>\n8.Kiwi Passion Fruit Guava\\L\u00f3d Cola\\Passion Fruit Mango ice<br \/>\n9.Ananas ice\\Truskawka Arbuz\\Truskawka Winogrono<br \/>\n10.Swie\u017ca Mi\u0119ta\\Cytryna Lime\\Arbuz Mojito<\/p>\n<div class=\"flex-shrink-0 flex flex-col relative items-end\">\n<div class=\"pt-0\">\n<div class=\"gizmo-bot-avatar flex h-8 w-8 items-center justify-center overflow-hidden rounded-full\">\n<div class=\"relative p-1 rounded-sm flex items-center justify-center bg-token-main-surface-primary text-token-text-primary h-8 w-8\">\n<h2 data-start=\"1200\" data-end=\"1487\">Vapes Tornado \u2013 Tw\u00f3j Hurtowy Sklep Online z Vape'ami dla Najlepszych Europejskich Marek Vape<\/h2>\n<p data-start=\"1200\" data-end=\"1487\"><strong data-start=\"213\" data-end=\"248\">Sklep internetowy z e-papierosami Vapes Tornado<\/strong> to Twoje zaufane miejsce, w kt\u00f3rym znajdziesz wysokiej jako\u015bci jednorazowe vape i hurtowe e-papierosy w ca\u0142ej Europie. Specjalizujemy si\u0119 w oferowaniu szerokiego wyboru<strong data-start=\"403\" data-end=\"431\">\u00a0popularnych marek e-papieros\u00f3w<\/strong>, w tym <strong data-start=\"443\" data-end=\"502\"><a href=\"https:\/\/vapestornado.com\/pl\/product-category\/elf-bar-vape\/\">ELF BAR Waporyzator<\/a>, Vapme VAPE, <a href=\"https:\/\/vapestornado.com\/pl\/product\/vozol-gear-power-20k-20000-puffs-vape-rechargeable-disposable-box-bulk-buy-cheap-price\/\">VOZOL VAPE<\/a><\/strong><strong data-start=\"443\" data-end=\"502\">, oraz w <a href=\"https:\/\/vapestornado.com\/pl\/product-category\/bang-vape\/\">Bang Vape<\/a><\/strong>. Nasz sklep zosta\u0142 stworzony, aby obs\u0142ugiwa\u0107 zar\u00f3wno klient\u00f3w indywidualnych, jak i nabywc\u00f3w hurtowych, dostarczaj\u0105c niezawodne produkty, kt\u00f3re \u0142\u0105cz\u0105 w sobie wysok\u0105 wydajno\u015b\u0107, stylowy wygl\u0105d i konkurencyjne ceny.<\/p>\n<h2 data-start=\"2064\" data-end=\"2115\">Najcz\u0119\u015bciej zadawane pytania o OKSO 70000 Puf\u00f3w Jednorazowy E-papieros<\/h2>\n<p data-start=\"1275\" data-end=\"1451\"><strong data-start=\"1275\" data-end=\"1351\">Q1: Ile puf\u00f3w zapewnia jednorazowy e-papieros OKSO 70000 Puf\u00f3w?<\/strong><br data-start=\"1351\" data-end=\"1354\" \/>A1: Do <strong data-start=\"1364\" data-end=\"1380\">70 000 puf\u00f3w<\/strong> dzi\u0119ki du\u017cej pojemno\u015bci e-liquid 48 ml i wydajnym siatkowymi grza\u0142kami.<\/p>\n<p data-start=\"1453\" data-end=\"1655\"><strong data-start=\"1453\" data-end=\"1528\">Q2: Co wyr\u00f3\u017cnia OKSO 70k Puf\u00f3w od innych jednorazowych e-papieros\u00f3w?<\/strong><br data-start=\"1528\" data-end=\"1531\" \/>A2: Posiada <strong data-start=\"1549\" data-end=\"1573\">systemem smak\u00f3w 3-w-1<\/strong> z regulowanym przep\u0142ywem powietrza, pozwalaj\u0105cym cieszy\u0107 si\u0119 trzema wysokiej jako\u015bci smakami w jednym urz\u0105dzeniu.<\/p>\n<p data-start=\"1657\" data-end=\"1813\"><strong data-start=\"1657\" data-end=\"1701\">Q3: Czy OKSO 70000 Puff jest na\u0142adowywany?<\/strong><br data-start=\"1701\" data-end=\"1704\" \/>A3: Tak, posiada <strong data-start=\"1722\" data-end=\"1760\">Akumulator 650 mAh \u0142adowany przez Type-C<\/strong> z ekranem LED pokazuj\u0105cym poziom oleju i na\u0142adowania baterii.<\/p>\n<p data-start=\"1815\" data-end=\"1979\"><strong data-start=\"1815\" data-end=\"1893\">Q4: Jakie mocno\u015bci nikotyny s\u0105 dost\u0119pne dla jednorazowego e-papierosa OKSO 70k Puff?<\/strong><br data-start=\"1893\" data-end=\"1896\" \/>A4: Opcje obejmuj\u0105 <strong data-start=\"1916\" data-end=\"1946\">nikotyna 0%, 2%, 3% i 5%<\/strong> dopasowane do r\u00f3\u017cnych preferencji.<\/p>\n<p data-start=\"1981\" data-end=\"2177\"><strong data-start=\"1981\" data-end=\"2047\">Q5: Dla kogo jest przeznaczony jednorazowy pod OKSO 70k Puff?<\/strong><br data-start=\"2047\" data-end=\"2050\" \/>A5: Jest idealny dla <strong data-start=\"2069\" data-end=\"2119\">m\u0119\u017cczyzn w wieku 25\u201335 lat na rynku polskim<\/strong> kt\u00f3rym zale\u017cy na d\u0142ugotrwa\u0142ym, bogatym w smak do\u015bwiadczeniu vapingowym.<\/p>\n<\/div>\n<\/div>\n<\/div>\n<\/div>","protected":false},"excerpt":{"rendered":"<p data-start=\"2514\" data-end=\"2583\"><strong data-start=\"2514\" data-end=\"2581\">OKSO 70K Puff Jednorazowy E-papieros 3-w-1 \u2013 Du\u017ce Chmurki, Wi\u0119kszy Smak<\/strong><\/p>\n<p data-start=\"2587\" data-end=\"2663\"><strong data-start=\"2587\" data-end=\"2661\">Hurtowy OKSO 70000 Puff Vape Pod \u2013 Potr\u00f3jny Smak, Regulowany Przep\u0142yw Powietrza<\/strong><\/p>\n<p data-start=\"2667\" data-end=\"2739\"><strong data-start=\"2667\" data-end=\"2737\">OKSO 70000 Jednorazowy Vape Pod \u2013 Najlepszy 70K Puff Vape na Rynku UE 2025<\/strong><\/p>\n<p><strong>Dodaj Amy na WhatsApp, aby uzyska\u0107 w\u0142a\u015bciw\u0105 odpowied\u017a i cen\u0119 z rabatem!<\/strong><\/p>\n<p><img fetchpriority=\"high\" decoding=\"async\" class=\"size-full wp-image-2932\" src=\"https:\/\/vapestornado.com\/wp-content\/uploads\/2024\/12\/Vape-Wholesale.jpg\" alt=\"Hurtowa sprzeda\u017c e-papieros\u00f3w\" width=\"229\" height=\"300\" \/><\/p>\n<h3><a href=\"https:\/\/wa.me\/8617776015835\"><span style=\"color: #ff0000;\"><strong>WhatsApp: +86 17776015835<\/strong><\/span><\/a><\/h3>","protected":false},"featured_media":4364,"comment_status":"open","ping_status":"closed","template":"","meta":{"_acf_changed":false,"_uag_custom_page_level_css":"","_lmt_disableupdate":"no","_lmt_disable":"","_monsterinsights_skip_tracking":false,"_monsterinsights_sitenote_active":false,"_monsterinsights_sitenote_note":"","_monsterinsights_sitenote_category":0,"site-sidebar-layout":"default","site-content-layout":"","ast-site-content-layout":"default","site-content-style":"default","site-sidebar-style":"default","ast-global-header-display":"","ast-banner-title-visibility":"","ast-main-header-display":"","ast-hfb-above-header-display":"","ast-hfb-below-header-display":"","ast-hfb-mobile-header-display":"","site-post-title":"","ast-breadcrumbs-content":"","ast-featured-img":"","footer-sml-layout":"","ast-disable-related-posts":"","theme-transparent-header-meta":"default","adv-header-id-meta":"","stick-header-meta":"","header-above-stick-meta":"","header-main-stick-meta":"","header-below-stick-meta":"","astra-migrate-meta-layouts":"set","ast-page-background-enabled":"default","ast-page-background-meta":{"desktop":{"background-color":"","background-image":"","background-repeat":"repeat","background-position":"center center","background-size":"auto","background-attachment":"scroll","background-type":"","background-media":"","overlay-type":"","overlay-color":"","overlay-opacity":"","overlay-gradient":""},"tablet":{"background-color":"","background-image":"","background-repeat":"repeat","background-position":"center center","background-size":"auto","background-attachment":"scroll","background-type":"","background-media":"","overlay-type":"","overlay-color":"","overlay-opacity":"","overlay-gradient":""},"mobile":{"background-color":"","background-image":"","background-repeat":"repeat","background-position":"center center","background-size":"auto","background-attachment":"scroll","background-type":"","background-media":"","overlay-type":"","overlay-color":"","overlay-opacity":"","overlay-gradient":""}},"ast-content-background-meta":{"desktop":{"background-color":"var(--ast-global-color-5)","background-image":"","background-repeat":"repeat","background-position":"center center","background-size":"auto","background-attachment":"scroll","background-type":"","background-media":"","overlay-type":"","overlay-color":"","overlay-opacity":"","overlay-gradient":""},"tablet":{"background-color":"var(--ast-global-color-5)","background-image":"","background-repeat":"repeat","background-position":"center center","background-size":"auto","background-attachment":"scroll","background-type":"","background-media":"","overlay-type":"","overlay-color":"","overlay-opacity":"","overlay-gradient":""},"mobile":{"background-color":"var(--ast-global-color-5)","background-image":"","background-repeat":"repeat","background-position":"center center","background-size":"auto","background-attachment":"scroll","background-type":"","background-media":"","overlay-type":"","overlay-color":"","overlay-opacity":"","overlay-gradient":""}},"_joinchat":[]},"product_brand":[],"product_cat":[149,153,156,158,142,143,144,146],"product_tag":[368,374,375,376],"class_list":{"0":"post-4369","1":"product","2":"type-product","3":"status-publish","4":"has-post-thumbnail","6":"product_cat-buy-disposable-vapes-in-austria","7":"product_cat-buy-disposable-vapes-in-italy","8":"product_cat-buy-disposable-vapes-in-poland","9":"product_cat-buy-disposable-vapes-in-spain","10":"product_cat-digital-box-disposable-vapes","11":"product_cat-dual-mesh-disposable-vapes","12":"product_cat-low-nicotine-disposable-vapes","13":"product_cat-rechargeable-disposable-vapes","14":"product_tag-disposable-vapor","15":"product_tag-okso-70000-puff","16":"product_tag-okso-70k-puff","17":"product_tag-okso-vape","18":"desktop-align-left","19":"tablet-align-left","20":"mobile-align-left","22":"first","23":"instock","24":"sale","25":"shipping-taxable","26":"purchasable","27":"product-type-simple"},"acf":[],"uagb_featured_image_src":{"full":["https:\/\/vapestornado.com\/wp-content\/uploads\/2025\/09\/OKSO-3-IN-1-70000-PUFF-Disposable-Vape-Wholesale-Price.webp",800,800,false],"thumbnail":["https:\/\/vapestornado.com\/wp-content\/uploads\/2025\/09\/OKSO-3-IN-1-70000-PUFF-Disposable-Vape-Wholesale-Price-150x150.webp",150,150,true],"medium":["https:\/\/vapestornado.com\/wp-content\/uploads\/2025\/09\/OKSO-3-IN-1-70000-PUFF-Disposable-Vape-Wholesale-Price-300x300.webp",300,300,true],"medium_large":["https:\/\/vapestornado.com\/wp-content\/uploads\/2025\/09\/OKSO-3-IN-1-70000-PUFF-Disposable-Vape-Wholesale-Price-768x768.webp",768,768,true],"large":["https:\/\/vapestornado.com\/wp-content\/uploads\/2025\/09\/OKSO-3-IN-1-70000-PUFF-Disposable-Vape-Wholesale-Price.webp",800,800,false],"1536x1536":["https:\/\/vapestornado.com\/wp-content\/uploads\/2025\/09\/OKSO-3-IN-1-70000-PUFF-Disposable-Vape-Wholesale-Price.webp",800,800,false],"2048x2048":["https:\/\/vapestornado.com\/wp-content\/uploads\/2025\/09\/OKSO-3-IN-1-70000-PUFF-Disposable-Vape-Wholesale-Price.webp",800,800,false],"trp-custom-language-flag":["https:\/\/vapestornado.com\/wp-content\/uploads\/2025\/09\/OKSO-3-IN-1-70000-PUFF-Disposable-Vape-Wholesale-Price-12x12.webp",12,12,true],"woocommerce_thumbnail":["https:\/\/vapestornado.com\/wp-content\/uploads\/2025\/09\/OKSO-3-IN-1-70000-PUFF-Disposable-Vape-Wholesale-Price-300x300.webp",300,300,true],"woocommerce_single":["https:\/\/vapestornado.com\/wp-content\/uploads\/2025\/09\/OKSO-3-IN-1-70000-PUFF-Disposable-Vape-Wholesale-Price-600x600.webp",600,600,true],"woocommerce_gallery_thumbnail":["https:\/\/vapestornado.com\/wp-content\/uploads\/2025\/09\/OKSO-3-IN-1-70000-PUFF-Disposable-Vape-Wholesale-Price-100x100.webp",100,100,true]},"uagb_author_info":{"display_name":"ESAMY","author_link":"https:\/\/vapestornado.com\/pl\/author\/"},"uagb_comment_info":1,"uagb_excerpt":"OKSO 70K Puff 3-in-1 Disposable Vape \u2013 Big Puffs, Bigger Flavor Wholesale OKSO 70000 Puff Vape Pod \u2013 Triple Flavor, Adjustable Airflow OKSO 70000 Disposable Vape Pod \u2013 Best 70K Puff Vape 2025 EU Market Add Amy's whatsapp to get right reply and discount price! WhatsApp: +86 17776015835","_links":{"self":[{"href":"https:\/\/vapestornado.com\/pl\/wp-json\/wp\/v2\/product\/4369","targetHints":{"allow":["GET"]}}],"collection":[{"href":"https:\/\/vapestornado.com\/pl\/wp-json\/wp\/v2\/product"}],"about":[{"href":"https:\/\/vapestornado.com\/pl\/wp-json\/wp\/v2\/types\/product"}],"replies":[{"embeddable":true,"href":"https:\/\/vapestornado.com\/pl\/wp-json\/wp\/v2\/comments?post=4369"}],"wp:featuredmedia":[{"embeddable":true,"href":"https:\/\/vapestornado.com\/pl\/wp-json\/wp\/v2\/media\/4364"}],"wp:attachment":[{"href":"https:\/\/vapestornado.com\/pl\/wp-json\/wp\/v2\/media?parent=4369"}],"wp:term":[{"taxonomy":"product_brand","embeddable":true,"href":"https:\/\/vapestornado.com\/pl\/wp-json\/wp\/v2\/product_brand?post=4369"},{"taxonomy":"product_cat","embeddable":true,"href":"https:\/\/vapestornado.com\/pl\/wp-json\/wp\/v2\/product_cat?post=4369"},{"taxonomy":"product_tag","embeddable":true,"href":"https:\/\/vapestornado.com\/pl\/wp-json\/wp\/v2\/product_tag?post=4369"}],"curies":[{"name":"wp","href":"https:\/\/api.w.org\/{rel}","templated":true}]}}