{"id":4355,"date":"2025-09-19T03:35:21","date_gmt":"2025-09-19T03:35:21","guid":{"rendered":"https:\/\/vapestornado.com\/?post_type=product&#038;p=4355"},"modified":"2025-09-19T06:51:26","modified_gmt":"2025-09-19T06:51:26","slug":"uzy-60000-puff-60k-disposable-vapor-3-in-1-triple-flavor-bulk-buy-online","status":"publish","type":"product","link":"https:\/\/vapestornado.com\/pl\/product\/uzy-60000-puff-60k-disposable-vapor-3-in-1-triple-flavor-bulk-buy-online\/","title":{"rendered":"UZY 60000 Puff 60k Jednorazowy Vapor 3 w 1 Potr\u00f3jny Smak Kup Online Hurtowo"},"content":{"rendered":"<h2 data-pm-slice=\"1 1 []\">UZY 60000 Puff 3-w-1 Jednorazowy Vapor o Potr\u00f3jnym Smaku \u2013 Zakup Hurtowy Online w Najlepszej Cenie<\/h2>\n<p data-start=\"312\" data-end=\"738\">Cyfrowy ekran <strong data-start=\"316\" data-end=\"351\">Jednorazowy waporyzator UZY 60000 Puff<\/strong> zosta\u0142 stworzony dla waper\u00f3w, kt\u00f3rzy pragn\u0105 r\u00f3\u017cnorodno\u015bci, mocy i niezawodno\u015bci w jednym urz\u0105dzeniu. Z imponuj\u0105c\u0105 <strong data-start=\"447\" data-end=\"468\">pojemno\u015bci\u0105 60 tys. zaci\u0105gni\u0119\u0107<\/strong> i unikalny <strong data-start=\"482\" data-end=\"513\">system potr\u00f3jnego smaku 3-w-1<\/strong>, ka\u017cde urz\u0105dzenie typu pod zapewnia <strong data-start=\"536\" data-end=\"556\">54 ml e-liquidu<\/strong> podzielony na trzy oddzielne komory, zachowuj\u0105c \u015bwie\u017co\u015b\u0107 i odr\u0119bno\u015b\u0107 ka\u017cdego smaku. UZY 60000 puff vape to idealny wyb\u00f3r dla<strong data-start=\"662\" data-end=\"702\"> waper\u00f3w <\/strong>kt\u00f3rzy wymagaj\u0105 wydajno\u015bci i stylu.<\/p>\n<p data-start=\"740\" data-end=\"1112\">Wyposa\u017cony w <strong data-start=\"754\" data-end=\"785\">technologia potr\u00f3jnej siatki grzewczej<\/strong>, UZY 60k zapewnia g\u0142adk\u0105 par\u0119 i bogaty smak przy ka\u017cdym zaci\u0105gni\u0119ciu. The <strong data-start=\"854\" data-end=\"875\">inteligentny wy\u015bwietlacz LED<\/strong> informuje na bie\u017c\u0105co o poziomie baterii i e-liquidu, dzi\u0119ki czemu nigdy nie zabraknie Ci niespodziewanie. Zasilany mocn\u0105 <strong data-start=\"984\" data-end=\"1041\">bateri\u0105 850mAh z mo\u017cliwo\u015bci\u0105 \u0142adowania przez Type-C<\/strong>, czas przestoju jest minimalny, co czyni to urz\u0105dzenie niezawodnym do codziennego u\u017cytku.<\/p>\n<p data-start=\"1114\" data-end=\"1403\">Dost\u0119pne w <strong data-start=\"1127\" data-end=\"1167\">0%, 2%, 3% i 5% st\u0119\u017ceniach nikotyny<\/strong>, zaspokaja ka\u017cd\u0105 preferencj\u0119 \u2014 od lekkiego, okazjonalnego wapowania po mocniejsze uderzenie. The <strong data-start=\"1248\" data-end=\"1282\">nowoczesny design inspirowany kryszta\u0142em<\/strong> nie tylko sprawia wra\u017cenie premium w d\u0142oni, ale tak\u017ce wygl\u0105da elegancko, przemawiaj\u0105c do m\u0142odych doros\u0142ych, kt\u00f3rzy ceni\u0105 zar\u00f3wno funkcjonalno\u015b\u0107, jak i estetyk\u0119.<\/p>\n<p data-start=\"1405\" data-end=\"1739\">W celu <strong data-start=\"1409\" data-end=\"1434\">hurtowych nabywc\u00f3w<\/strong>, UZY 60000 Puff wyr\u00f3\u017cnia si\u0119 jako <strong data-start=\"1471\" data-end=\"1518\">bestseller w kategorii jednorazowych vape<\/strong>, \u0142\u0105cz\u0105c <strong data-start=\"1530\" data-end=\"1612\">d\u0142ugotrwa\u0142\u0105 wydajno\u015b\u0107, autentyczne smaki i konkurencyjne ceny hurtowe<\/strong> kt\u00f3ry zapewnia wysokie mar\u017ce zysku. Je\u015bli chcesz <strong data-start=\"1664\" data-end=\"1694\">kupi\u0107 jednorazowe e-papierosy online<\/strong> do swojego sklepu, UZY 60k to bezpieczny wyb\u00f3r.<\/p>\n<p><strong><span style=\"color: #ff0000;\">Dodaj Amy do WhatsAppa, aby uzyska\u0107 szybk\u0105 odpowied\u017a i kupon na vape!<\/span><\/strong><\/p>\n<p><img fetchpriority=\"high\" decoding=\"async\" class=\"size-full wp-image-2932\" src=\"https:\/\/vapestornado.com\/wp-content\/uploads\/2024\/12\/Vape-Wholesale.jpg\" alt=\"Hurtowa sprzeda\u017c e-papieros\u00f3w\" width=\"229\" height=\"300\" \/><\/p>\n<h3><a href=\"https:\/\/wa.me\/8617776015835\" target=\"_blank\" rel=\"noopener\"><span style=\"color: #ff0000;\"><strong>WhatsApp: +86 17776015835<\/strong><\/span><\/a><\/h3>\n<p>&nbsp;<\/p>\n<h2><strong>UZY 60000 Zaci\u0105gni\u0119\u0107 \u2013 Cechy Produktu<\/strong><\/h2>\n<p>Zaci\u0105gni\u0119cia: 60000 Zaci\u0105gni\u0119\u0107<br \/>\n3 w 1 Potr\u00f3jne Smaki<br \/>\nPodw\u00f3jna Siatka Grzewcza<br \/>\nE-liquid: 54ml (18ml+18ml+18ml)<br \/>\nNikotyna: 0%\/2%\/3%\/5%<br \/>\nBateria: 850mah<br \/>\nMo\u017cliwo\u015b\u0107 \u0142adowania: Port \u0142adowania typu C<br \/>\nWy\u015bwietlacz LED (Smart Screen) Wskazuje Poziom Baterii i E-liquidu<br \/>\nRegulacja mocy: Wersje Pro i Max<br \/>\nWaga produktu: 120g\/szt.<\/p>\n<figure id=\"attachment_4354\" aria-describedby=\"caption-attachment-4354\" style=\"width: 800px\" class=\"wp-caption alignnone\"><img decoding=\"async\" class=\"wp-image-4354 size-full\" src=\"https:\/\/vapestornado.com\/wp-content\/uploads\/2025\/09\/UZY-Triple-Flavor-60000-60K-Puffs-Disposable-Vape.webp\" alt=\"UZY Potr\u00f3jny Smak 60000 60K Zaci\u0105gni\u0119\u0107 Jednorazowy E-papieros\" width=\"800\" height=\"800\" srcset=\"https:\/\/vapestornado.com\/wp-content\/uploads\/2025\/09\/UZY-Triple-Flavor-60000-60K-Puffs-Disposable-Vape.webp 800w, https:\/\/vapestornado.com\/wp-content\/uploads\/2025\/09\/UZY-Triple-Flavor-60000-60K-Puffs-Disposable-Vape-300x300.webp 300w, https:\/\/vapestornado.com\/wp-content\/uploads\/2025\/09\/UZY-Triple-Flavor-60000-60K-Puffs-Disposable-Vape-150x150.webp 150w, https:\/\/vapestornado.com\/wp-content\/uploads\/2025\/09\/UZY-Triple-Flavor-60000-60K-Puffs-Disposable-Vape-768x768.webp 768w, https:\/\/vapestornado.com\/wp-content\/uploads\/2025\/09\/UZY-Triple-Flavor-60000-60K-Puffs-Disposable-Vape-12x12.webp 12w, https:\/\/vapestornado.com\/wp-content\/uploads\/2025\/09\/UZY-Triple-Flavor-60000-60K-Puffs-Disposable-Vape-600x600.webp 600w, https:\/\/vapestornado.com\/wp-content\/uploads\/2025\/09\/UZY-Triple-Flavor-60000-60K-Puffs-Disposable-Vape-100x100.webp 100w\" sizes=\"(max-width: 800px) 100vw, 800px\" \/><figcaption id=\"caption-attachment-4354\" class=\"wp-caption-text\">UZY Potr\u00f3jny Smak 60000 60K Zaci\u0105gni\u0119\u0107 Jednorazowy E-papieros<\/figcaption><\/figure>\n<h2 class=\"product-title\"><strong> UZY 60000 Zaci\u0105gni\u0119\u0107 \u2013 Lista Smak\u00f3w<\/strong><\/h2>\n<p>1. Jagoda Malina \/Truskawka Kiwi \/Limonka Cytryna<br \/>\n2. Kiwi Marakuja Gujawa \/Jagoda L\u00f3d \/Brzoskwinia Mango<br \/>\n3. Truskawka Arbuz \/Cola L\u00f3d \/Wi\u015bnia Cola<br \/>\n4. Brzoskwinia L\u00f3d \/Truskawka Malina Wi\u015bnia L\u00f3d \/Dwa Jab\u0142ka L\u00f3d<br \/>\n5. Winogrono L\u00f3d \/ Love 666 (Marakuja Melon) \/ Truskawka Red Bull<br \/>\n6. Mr Blue \/ Gummy Bear \/ Red Bull Ice<br \/>\n7. Brzoskwinia mango ananas \/ Blue Razz Ice \/ Malina Arbuz<br \/>\n8. Arbuzowy l\u00f3d \/ Potr\u00f3jny melonowy l\u00f3d \/ Truskawkowo-bananowy<br \/>\n9. Letni brzoskwiniowy l\u00f3d \/ Truskawkowy l\u00f3d \/ Niebieski malinowy l\u00f3d<br \/>\n10. Wi\u015bniowy l\u00f3d \/ Mieszane jagody \/ Czarny smoczy l\u00f3d<\/p>\n<div class=\"flex-shrink-0 flex flex-col relative items-end\">\n<div class=\"pt-0\">\n<div class=\"gizmo-bot-avatar flex h-8 w-8 items-center justify-center overflow-hidden rounded-full\">\n<div class=\"relative p-1 rounded-sm flex items-center justify-center bg-token-main-surface-primary text-token-text-primary h-8 w-8\">\n<h2 data-start=\"1200\" data-end=\"1487\">Vapes Tornado \u2013 Tw\u00f3j Hurtowy Sklep Online z Vape'ami dla Najlepszych Europejskich Marek Vape<\/h2>\n<p data-start=\"1200\" data-end=\"1487\"><strong data-start=\"213\" data-end=\"248\">Sklep internetowy z e-papierosami Vapes Tornado<\/strong> to Twoje zaufane miejsce, w kt\u00f3rym znajdziesz wysokiej jako\u015bci jednorazowe vape i hurtowe e-papierosy w ca\u0142ej Europie. Specjalizujemy si\u0119 w oferowaniu szerokiego wyboru<strong data-start=\"403\" data-end=\"431\">\u00a0popularnych marek e-papieros\u00f3w<\/strong>, w tym <strong data-start=\"443\" data-end=\"502\"><a href=\"https:\/\/vapestornado.com\/pl\/product\/waspe-aiviou-3-in-1-60000-puffs-disposable-vape-kit-best-price\/\">WASPE VAPE<\/a>, Vapme VAPE, <a href=\"https:\/\/vapestornado.com\/pl\/product\/vozol-gear-power-20k-20000-puffs-vape-rechargeable-disposable-box-bulk-buy-cheap-price\/\">VOZOL VAPE<\/a><\/strong><strong data-start=\"443\" data-end=\"502\">, oraz w <a href=\"https:\/\/vapestornado.com\/pl\/product-category\/fumot-vape\/\">FUMOT VAPE<\/a><\/strong>. Nasz sklep zosta\u0142 stworzony, aby obs\u0142ugiwa\u0107 zar\u00f3wno klient\u00f3w indywidualnych, jak i nabywc\u00f3w hurtowych, dostarczaj\u0105c niezawodne produkty, kt\u00f3re \u0142\u0105cz\u0105 w sobie wysok\u0105 wydajno\u015b\u0107, stylowy wygl\u0105d i konkurencyjne ceny.<\/p>\n<h2 data-start=\"2064\" data-end=\"2115\">FAQ na temat jednorazowego e-papierosa UZY 60000 Puff<\/h2>\n<p data-start=\"152\" data-end=\"362\"><strong data-start=\"152\" data-end=\"223\">1. Ile smak\u00f3w oferuje jednorazowy e-papieros UZY 60000 Puff?<\/strong><br data-start=\"223\" data-end=\"226\" \/>Ka\u017cde urz\u0105dzenie zawiera <strong data-start=\"249\" data-end=\"280\">system potr\u00f3jnego smaku 3-w-1<\/strong>, daj\u0105c trzy oddzielne komory na e-liquid o \u0142\u0105cznej pojemno\u015bci <strong data-start=\"342\" data-end=\"359\">54 ml<\/strong>.<\/p>\n<p data-start=\"364\" data-end=\"530\"><strong data-start=\"364\" data-end=\"404\">2. Czy UZY 60k Puff jest \u0142adowalny?<\/strong><br data-start=\"404\" data-end=\"407\" \/>Tak. Jest wyposa\u017cony w <strong data-start=\"429\" data-end=\"447\">Bateria 850mAh<\/strong> i obs\u0142uguje <strong data-start=\"461\" data-end=\"485\">Szybkie \u0142adowanie typu C<\/strong>, co zapewnia d\u0142u\u017csze u\u017cytkowanie i minimalne przestoje.<\/p>\n<p data-start=\"532\" data-end=\"731\"><strong data-start=\"532\" data-end=\"599\">3. Jakie moce nikotyny s\u0105 dost\u0119pne dla UZY 60000 Puff?<\/strong><br data-start=\"599\" data-end=\"602\" \/>UZY 60k Puff jest dost\u0119pny w <strong data-start=\"635\" data-end=\"675\">mocach nikotyny 0%, 2%, 3% i 5%<\/strong>, dzi\u0119ki czemu jest odpowiedni dla r\u00f3\u017cnych preferencji vapingowych.<\/p>\n<p data-start=\"733\" data-end=\"913\"><strong data-start=\"733\" data-end=\"776\">4. Jak dzia\u0142a inteligentny wy\u015bwietlacz LED?<\/strong><br data-start=\"776\" data-end=\"779\" \/>Wbudowany <strong data-start=\"792\" data-end=\"806\">ekran LED<\/strong> pokazuje <strong data-start=\"813\" data-end=\"855\">procent na\u0142adowania baterii i poziom e-liquidu<\/strong>, dzi\u0119ki czemu zawsze wiesz, kiedy na\u0142adowa\u0107 lub zmieni\u0107 smaki.<\/p>\n<p data-start=\"915\" data-end=\"1149\"><strong data-start=\"915\" data-end=\"989\">5. Dlaczego UZY 60000 Puff jest popularny w sprzeda\u017cy hurtowej w Europie?<\/strong><br data-start=\"989\" data-end=\"992\" \/>Jego <strong data-start=\"996\" data-end=\"1086\">du\u017ca liczba zaci\u0105gni\u0119\u0107, potr\u00f3jny system smak\u00f3w, mocna bateria i konkurencyjna cena hurtowa<\/strong> czyni\u0105 go najlepiej sprzedaj\u0105cym si\u0119 wyborem dla dystrybutor\u00f3w i sprzedawc\u00f3w detalicznych.<\/p>\n<\/div>\n<\/div>\n<\/div>\n<\/div>","protected":false},"excerpt":{"rendered":"<p><strong data-start=\"114\" data-end=\"149\">Jednorazowy waporyzator UZY 60000 Puff<\/strong> dostarcza <strong data-start=\"159\" data-end=\"184\">Potr\u00f3jne smaki 3 w 1<\/strong>, do <strong data-start=\"192\" data-end=\"205\">60 tys. zaci\u0105gni\u0119\u0107<\/strong>i <strong data-start=\"213\" data-end=\"234\">inteligentny wy\u015bwietlacz LED<\/strong> z <strong data-start=\"240\" data-end=\"278\" data-is-only-node=\"\">Bateria 850mAh \u0142adowana przez Type-C<\/strong>. Idealny dla <strong data-start=\"290\" data-end=\"325\">hurtowych nabywc\u00f3w w Europie<\/strong> os\u00f3b szukaj\u0105cych d\u0142ugotrwa\u0142ej wydajno\u015bci w <strong data-start=\"370\" data-end=\"384\">najlepszej cenie<\/strong>.<\/p>\n<p><strong>Dodaj Amy na WhatsApp, aby uzyska\u0107 w\u0142a\u015bciw\u0105 odpowied\u017a i cen\u0119 z rabatem!<\/strong><\/p>\n<p><img fetchpriority=\"high\" decoding=\"async\" class=\"size-full wp-image-2932\" src=\"https:\/\/vapestornado.com\/wp-content\/uploads\/2024\/12\/Vape-Wholesale.jpg\" alt=\"Hurtowa sprzeda\u017c e-papieros\u00f3w\" width=\"229\" height=\"300\" \/><\/p>\n<h3><a href=\"https:\/\/wa.me\/8617776015835\"><span style=\"color: #ff0000;\"><strong>WhatsApp: +86 17776015835<\/strong><\/span><\/a><\/h3>","protected":false},"featured_media":4353,"comment_status":"open","ping_status":"closed","template":"","meta":{"_acf_changed":false,"_uag_custom_page_level_css":"","_lmt_disableupdate":"no","_lmt_disable":"","_monsterinsights_skip_tracking":false,"_monsterinsights_sitenote_active":false,"_monsterinsights_sitenote_note":"","_monsterinsights_sitenote_category":0,"site-sidebar-layout":"default","site-content-layout":"","ast-site-content-layout":"default","site-content-style":"default","site-sidebar-style":"default","ast-global-header-display":"","ast-banner-title-visibility":"","ast-main-header-display":"","ast-hfb-above-header-display":"","ast-hfb-below-header-display":"","ast-hfb-mobile-header-display":"","site-post-title":"","ast-breadcrumbs-content":"","ast-featured-img":"","footer-sml-layout":"","ast-disable-related-posts":"","theme-transparent-header-meta":"default","adv-header-id-meta":"","stick-header-meta":"","header-above-stick-meta":"","header-main-stick-meta":"","header-below-stick-meta":"","astra-migrate-meta-layouts":"set","ast-page-background-enabled":"default","ast-page-background-meta":{"desktop":{"background-color":"","background-image":"","background-repeat":"repeat","background-position":"center center","background-size":"auto","background-attachment":"scroll","background-type":"","background-media":"","overlay-type":"","overlay-color":"","overlay-opacity":"","overlay-gradient":""},"tablet":{"background-color":"","background-image":"","background-repeat":"repeat","background-position":"center center","background-size":"auto","background-attachment":"scroll","background-type":"","background-media":"","overlay-type":"","overlay-color":"","overlay-opacity":"","overlay-gradient":""},"mobile":{"background-color":"","background-image":"","background-repeat":"repeat","background-position":"center center","background-size":"auto","background-attachment":"scroll","background-type":"","background-media":"","overlay-type":"","overlay-color":"","overlay-opacity":"","overlay-gradient":""}},"ast-content-background-meta":{"desktop":{"background-color":"var(--ast-global-color-5)","background-image":"","background-repeat":"repeat","background-position":"center center","background-size":"auto","background-attachment":"scroll","background-type":"","background-media":"","overlay-type":"","overlay-color":"","overlay-opacity":"","overlay-gradient":""},"tablet":{"background-color":"var(--ast-global-color-5)","background-image":"","background-repeat":"repeat","background-position":"center center","background-size":"auto","background-attachment":"scroll","background-type":"","background-media":"","overlay-type":"","overlay-color":"","overlay-opacity":"","overlay-gradient":""},"mobile":{"background-color":"var(--ast-global-color-5)","background-image":"","background-repeat":"repeat","background-position":"center center","background-size":"auto","background-attachment":"scroll","background-type":"","background-media":"","overlay-type":"","overlay-color":"","overlay-opacity":"","overlay-gradient":""}},"_joinchat":{"telephone":"17776015835"}},"product_brand":[],"product_cat":[343,152,156,158,142,357,144,146,356],"product_tag":[369,370,368,366,367,364],"class_list":{"0":"post-4355","1":"product","2":"type-product","3":"status-publish","4":"has-post-thumbnail","6":"product_cat-60000-puff","7":"product_cat-buy-disposable-vapes-in-cermany","8":"product_cat-buy-disposable-vapes-in-poland","9":"product_cat-buy-disposable-vapes-in-spain","10":"product_cat-digital-box-disposable-vapes","11":"product_cat-flavor-adjustable-vape","12":"product_cat-low-nicotine-disposable-vapes","13":"product_cat-rechargeable-disposable-vapes","14":"product_cat-uzy-vape","15":"product_tag-buy-disposable-vape-online","16":"product_tag-disposable-vape-bulk-buy","17":"product_tag-disposable-vapor","18":"product_tag-uzy-60000-puff","19":"product_tag-uzy-60k-puff","20":"product_tag-wholesale-cheap-price","21":"desktop-align-left","22":"tablet-align-left","23":"mobile-align-left","25":"first","26":"instock","27":"sale","28":"shipping-taxable","29":"purchasable","30":"product-type-simple"},"acf":[],"uagb_featured_image_src":{"full":["https:\/\/vapestornado.com\/wp-content\/uploads\/2025\/09\/UZY-Triple-Flavor-60000-60K-Puffs-Disposable-Vape-BOx.webp",800,800,false],"thumbnail":["https:\/\/vapestornado.com\/wp-content\/uploads\/2025\/09\/UZY-Triple-Flavor-60000-60K-Puffs-Disposable-Vape-BOx-150x150.webp",150,150,true],"medium":["https:\/\/vapestornado.com\/wp-content\/uploads\/2025\/09\/UZY-Triple-Flavor-60000-60K-Puffs-Disposable-Vape-BOx-300x300.webp",300,300,true],"medium_large":["https:\/\/vapestornado.com\/wp-content\/uploads\/2025\/09\/UZY-Triple-Flavor-60000-60K-Puffs-Disposable-Vape-BOx-768x768.webp",768,768,true],"large":["https:\/\/vapestornado.com\/wp-content\/uploads\/2025\/09\/UZY-Triple-Flavor-60000-60K-Puffs-Disposable-Vape-BOx.webp",800,800,false],"1536x1536":["https:\/\/vapestornado.com\/wp-content\/uploads\/2025\/09\/UZY-Triple-Flavor-60000-60K-Puffs-Disposable-Vape-BOx.webp",800,800,false],"2048x2048":["https:\/\/vapestornado.com\/wp-content\/uploads\/2025\/09\/UZY-Triple-Flavor-60000-60K-Puffs-Disposable-Vape-BOx.webp",800,800,false],"trp-custom-language-flag":["https:\/\/vapestornado.com\/wp-content\/uploads\/2025\/09\/UZY-Triple-Flavor-60000-60K-Puffs-Disposable-Vape-BOx-12x12.webp",12,12,true],"woocommerce_thumbnail":["https:\/\/vapestornado.com\/wp-content\/uploads\/2025\/09\/UZY-Triple-Flavor-60000-60K-Puffs-Disposable-Vape-BOx-300x300.webp",300,300,true],"woocommerce_single":["https:\/\/vapestornado.com\/wp-content\/uploads\/2025\/09\/UZY-Triple-Flavor-60000-60K-Puffs-Disposable-Vape-BOx-600x600.webp",600,600,true],"woocommerce_gallery_thumbnail":["https:\/\/vapestornado.com\/wp-content\/uploads\/2025\/09\/UZY-Triple-Flavor-60000-60K-Puffs-Disposable-Vape-BOx-100x100.webp",100,100,true]},"uagb_author_info":{"display_name":"ESAMY","author_link":"https:\/\/vapestornado.com\/pl\/author\/"},"uagb_comment_info":1,"uagb_excerpt":"UZY 60000 Puff Disposable Vapor delivers 3-in-1 triple flavors, up to 60k puffs, and a smart LED display with 850mAh Type-C rechargeable battery. Ideal for bulk wholesale buyers in Europe looking for long-lasting performance at the best price. Add Amy's whatsapp to get right reply and discount price! WhatsApp: +86 17776015835","_links":{"self":[{"href":"https:\/\/vapestornado.com\/pl\/wp-json\/wp\/v2\/product\/4355","targetHints":{"allow":["GET"]}}],"collection":[{"href":"https:\/\/vapestornado.com\/pl\/wp-json\/wp\/v2\/product"}],"about":[{"href":"https:\/\/vapestornado.com\/pl\/wp-json\/wp\/v2\/types\/product"}],"replies":[{"embeddable":true,"href":"https:\/\/vapestornado.com\/pl\/wp-json\/wp\/v2\/comments?post=4355"}],"wp:featuredmedia":[{"embeddable":true,"href":"https:\/\/vapestornado.com\/pl\/wp-json\/wp\/v2\/media\/4353"}],"wp:attachment":[{"href":"https:\/\/vapestornado.com\/pl\/wp-json\/wp\/v2\/media?parent=4355"}],"wp:term":[{"taxonomy":"product_brand","embeddable":true,"href":"https:\/\/vapestornado.com\/pl\/wp-json\/wp\/v2\/product_brand?post=4355"},{"taxonomy":"product_cat","embeddable":true,"href":"https:\/\/vapestornado.com\/pl\/wp-json\/wp\/v2\/product_cat?post=4355"},{"taxonomy":"product_tag","embeddable":true,"href":"https:\/\/vapestornado.com\/pl\/wp-json\/wp\/v2\/product_tag?post=4355"}],"curies":[{"name":"wp","href":"https:\/\/api.w.org\/{rel}","templated":true}]}}