{"id":4339,"date":"2025-09-16T08:10:51","date_gmt":"2025-09-16T08:10:51","guid":{"rendered":"https:\/\/vapestornado.com\/?post_type=product&#038;p=4339"},"modified":"2025-09-16T09:18:02","modified_gmt":"2025-09-16T09:18:02","slug":"bang-leader-110k-110000-puffs-6-in-1-flavors-2-nicotine-disposable-vape-wholesale-price","status":"publish","type":"product","link":"https:\/\/vapestornado.com\/pl\/product\/bang-leader-110k-110000-puffs-6-in-1-flavors-2-nicotine-disposable-vape-wholesale-price\/","title":{"rendered":"Bang Leader 110k 110000 Zaci\u0105gni\u0119\u0107 6 w 1 Smak\u00f3w 2% Nikotynowy Jednorazowy Vape Cena Hurtowa"},"content":{"rendered":"<h2 data-pm-slice=\"1 1 []\">Bang Leader 110k 110000 Zaci\u0105gni\u0119\u0107 6 w 1 Smak\u00f3w 2% Nikotynowy Jednorazowy Vape Cena Hurtowa<\/h2>\n<p data-start=\"229\" data-end=\"623\"><strong data-start=\"273\" data-end=\"293\">Bang Leader 110K to<\/strong>\u00a0pot\u0119ga <strong data-start=\"308\" data-end=\"331\">jednorazowy pen vape<\/strong> zaprojektowana z my\u015bl\u0105 o wydajno\u015bci i warto\u015bci hurtowej. Zaprojektowany z my\u015bl\u0105 o rynku europejskim, ten produkt zapewnia ogromn\u0105 <strong data-start=\"454\" data-end=\"471\">liczb\u0119 110 000 zaci\u0105gni\u0119\u0107<\/strong>, zasilany przez <strong data-start=\"486\" data-end=\"524\">Akumulator 650 mAh \u0142adowany przez Type-C<\/strong> i jest wspierany przez <strong data-start=\"544\" data-end=\"563\">cyfrowy wy\u015bwietlacz<\/strong> kt\u00f3ry \u015bledzi zar\u00f3wno poziom oleju, jak i baterii, zapewniaj\u0105c pe\u0142n\u0105 kontrol\u0119.<\/p>\n<p data-start=\"625\" data-end=\"1060\">Dzi\u0119ki <strong data-start=\"630\" data-end=\"656\">Rotacja smak\u00f3w 6-w-1<\/strong>, u\u017cytkownicy ciesz\u0105 si\u0119 doskona\u0142ym do\u015bwiadczeniem waporyzacji \u2013 prze\u0142\u0105czaj\u0105c si\u0119 mi\u0119dzy \u017cywymi, owocowymi mieszankami a lodowato ch\u0142odnymi uderzeniami bez mieszania smak\u00f3w. Wspierany przez <strong data-start=\"789\" data-end=\"818\">technologi\u0119 poczw\u00f3rnej siatki grzewczej<\/strong>, ka\u017cde zaci\u0105gni\u0119cie jest g\u0142adkie, sp\u00f3jne i satysfakcjonuj\u0105ce. The <strong data-start=\"873\" data-end=\"902\">opcje nikotyny 2% i 5%<\/strong> uczyni\u0107 go odpowiednim zar\u00f3wno dla u\u017cytkownik\u00f3w okazjonalnych, jak i zaawansowanych, odwo\u0142uj\u0105c si\u0119 bezpo\u015brednio do waper\u00f3w, kt\u00f3rzy wymagaj\u0105 stylu, mocy i wytrzyma\u0142o\u015bci.<\/p>\n<p data-start=\"1062\" data-end=\"1408\">Dla hurtownik\u00f3w <strong data-start=\"1083\" data-end=\"1110\">Bang Leader 110000 Pali<\/strong> to nie tylko jednorazowy waporyzator \u2014 to bestseller z du\u017cym popytem powracaj\u0105cym. Jego <strong data-start=\"1185\" data-end=\"1203\">projekt premium<\/strong>, wysoka liczba zaci\u0105gni\u0119\u0107 i zr\u00f3wnowa\u017cone smaki tworz\u0105 wysokie mar\u017ce detaliczne i zmniejszaj\u0105 liczb\u0119 reklamacji klient\u00f3w, co czyni go idealnym wyborem dla kupuj\u0105cych hurtowo poszukuj\u0105cych <strong data-start=\"1355\" data-end=\"1395\">jednorazowego vape w najlepszej cenie hurtowej<\/strong> w Europie.<\/p>\n<p><strong><span style=\"color: #ff0000;\">Dodaj Amy do WhatsAppa, aby uzyska\u0107 szybk\u0105 odpowied\u017a i kupon na vape!<\/span><\/strong><\/p>\n<p><img fetchpriority=\"high\" decoding=\"async\" class=\"size-full wp-image-2932\" src=\"https:\/\/vapestornado.com\/wp-content\/uploads\/2024\/12\/Vape-Wholesale.jpg\" alt=\"Hurtowa sprzeda\u017c e-papieros\u00f3w\" width=\"229\" height=\"300\" \/><\/p>\n<h3><a href=\"https:\/\/wa.me\/8617776015835\" target=\"_blank\" rel=\"noopener\"><span style=\"color: #ff0000;\"><strong>WhatsApp: +86 17776015835<\/strong><\/span><\/a><\/h3>\n<p>&nbsp;<\/p>\n<h2><strong>Bang Leader 110k 110000 Zaci\u0105gni\u0119\u0107 - Cechy Produktu<\/strong><\/h2>\n<p>Zaci\u0105gni\u0119cia: 110000 Zaci\u0105gni\u0119\u0107<br \/>\n6 w 1 Cztery Smaki<br \/>\nMoc Nikotyny: 2%\/5%<br \/>\nBateria: 650mah<br \/>\nMo\u017cliwo\u015b\u0107 \u0142adowania: Typ C<br \/>\nWy\u015bwietlacz LED (inteligentny ekran) dla oleju i baterii<\/p>\n<h2 class=\"product-title\"><strong>Bang Leader 110k Zaci\u0105gni\u0119\u0107 - Lista Smak\u00f3w<\/strong><\/h2>\n<ol data-start=\"232\" data-end=\"874\">\n<li data-start=\"232\" data-end=\"298\">\n<p data-start=\"235\" data-end=\"298\"><strong data-start=\"235\" data-end=\"296\">Arbuzowy L\u00f3d \/ Truskawkowa Mamba \/ Truskawkowy Arbuz<\/strong><\/p>\n<\/li>\n<li data-start=\"299\" data-end=\"351\">\n<p data-start=\"302\" data-end=\"351\"><strong data-start=\"302\" data-end=\"349\">L\u00f3d Fuji \/ Jab\u0142ko Winogrono \/ Wi\u015bnia Granat<\/strong><\/p>\n<\/li>\n<li data-start=\"352\" data-end=\"415\">\n<p data-start=\"355\" data-end=\"415\"><strong data-start=\"355\" data-end=\"413\">Jagodowy L\u00f3d \/ Malinowa Cytryna \/ Arbuzowa Guma Balonowa<\/strong><\/p>\n<\/li>\n<li data-start=\"416\" data-end=\"500\">\n<p data-start=\"419\" data-end=\"500\"><strong data-start=\"419\" data-end=\"498\">Jagody Maliny \/ Kwa\u015bne Ananasy Pomara\u0144cze \/ Maliny Arbuzy<\/strong><\/p>\n<\/li>\n<li data-start=\"501\" data-end=\"556\">\n<p data-start=\"504\" data-end=\"556\"><strong data-start=\"504\" data-end=\"554\">Winogronowy L\u00f3d \/ Mango Brzoskwinia \/ Jagodowy Arbuz<\/strong><\/p>\n<\/li>\n<li data-start=\"557\" data-end=\"621\">\n<p data-start=\"560\" data-end=\"621\"><strong data-start=\"560\" data-end=\"619\">Truskawkowy L\u00f3d \/ Brzoskwiniowa Cytryna \/ Kiwi Marakuja Guawa<\/strong><\/p>\n<\/li>\n<li data-start=\"622\" data-end=\"686\">\n<p data-start=\"625\" data-end=\"686\"><strong data-start=\"625\" data-end=\"684\">Ananas Kokos \/ Jagodowy Red Bull \/ Arbuzowy L\u00f3d<\/strong><\/p>\n<\/li>\n<li data-start=\"687\" data-end=\"745\">\n<p data-start=\"690\" data-end=\"745\"><strong data-start=\"690\" data-end=\"743\">Truskawkowe Kiwi \/ Jagodowy Kokos \/ Mieszanka Jag\u00f3d<\/strong><\/p>\n<\/li>\n<li data-start=\"746\" data-end=\"806\">\n<p data-start=\"749\" data-end=\"806\"><strong data-start=\"749\" data-end=\"804\">Cytrynowy Romans \/ Jagodowa Malina \/ Brzoskwiniowy Mentol<\/strong><\/p>\n<\/li>\n<li data-start=\"807\" data-end=\"874\">\n<p data-start=\"811\" data-end=\"874\"><strong data-start=\"811\" data-end=\"872\">Brzoskwiniowy L\u00f3d \/ Czarna Porzeczka Ananasowy L\u00f3d \/ Zielone Jab\u0142ko Kiwi<\/strong><\/p>\n<\/li>\n<\/ol>\n<div class=\"flex-shrink-0 flex flex-col relative items-end\">\n<div class=\"pt-0\">\n<div class=\"gizmo-bot-avatar flex h-8 w-8 items-center justify-center overflow-hidden rounded-full\">\n<div class=\"relative p-1 rounded-sm flex items-center justify-center bg-token-main-surface-primary text-token-text-primary h-8 w-8\">\n<figure id=\"attachment_4333\" aria-describedby=\"caption-attachment-4333\" style=\"width: 300px\" class=\"wp-caption alignnone\"><img decoding=\"async\" class=\"size-medium wp-image-4333\" src=\"https:\/\/vapestornado.com\/wp-content\/uploads\/2025\/09\/Bang-110k-110000-Puffs-Disposable-Vape-300x300.webp\" alt=\"Bang 110k 110000 Zaci\u0105gni\u0119\u0107 Jednorazowy Waporyzator\" width=\"300\" height=\"300\" srcset=\"https:\/\/vapestornado.com\/wp-content\/uploads\/2025\/09\/Bang-110k-110000-Puffs-Disposable-Vape-300x300.webp 300w, https:\/\/vapestornado.com\/wp-content\/uploads\/2025\/09\/Bang-110k-110000-Puffs-Disposable-Vape-150x150.webp 150w, https:\/\/vapestornado.com\/wp-content\/uploads\/2025\/09\/Bang-110k-110000-Puffs-Disposable-Vape-768x768.webp 768w, https:\/\/vapestornado.com\/wp-content\/uploads\/2025\/09\/Bang-110k-110000-Puffs-Disposable-Vape-12x12.webp 12w, https:\/\/vapestornado.com\/wp-content\/uploads\/2025\/09\/Bang-110k-110000-Puffs-Disposable-Vape-600x600.webp 600w, https:\/\/vapestornado.com\/wp-content\/uploads\/2025\/09\/Bang-110k-110000-Puffs-Disposable-Vape-100x100.webp 100w, https:\/\/vapestornado.com\/wp-content\/uploads\/2025\/09\/Bang-110k-110000-Puffs-Disposable-Vape.webp 800w\" sizes=\"(max-width: 300px) 100vw, 300px\" \/><figcaption id=\"caption-attachment-4333\" class=\"wp-caption-text\">Bang 110k 110000 Zaci\u0105gni\u0119\u0107 Jednorazowy Waporyzator<\/figcaption><\/figure>\n<h2 data-start=\"435\" data-end=\"491\"><strong data-start=\"439\" data-end=\"489\">Dlaczego warto wybra\u0107 jednorazowy Vape Pen Bang Leader 110k?<\/strong><\/h2>\n<\/div>\n<ul data-start=\"276\" data-end=\"737\">\n<li data-start=\"276\" data-end=\"341\">\n<p data-start=\"278\" data-end=\"341\"><strong data-start=\"281\" data-end=\"298\">110 000 Zaci\u0105gni\u0119\u0107<\/strong> \u2013 ultra d\u0142ugotrwa\u0142y jednorazowy vape pen<\/p>\n<\/li>\n<li data-start=\"342\" data-end=\"424\">\n<p data-start=\"344\" data-end=\"424\"><strong data-start=\"347\" data-end=\"385\">Akumulator 650mAh \u0142adowany przez Type-C<\/strong> \u2013 wydajne zasilanie z szybkim \u0142adowaniem<\/p>\n<\/li>\n<li data-start=\"425\" data-end=\"499\">\n<p data-start=\"427\" data-end=\"499\"><strong data-start=\"430\" data-end=\"455\">Inteligentny cyfrowy wy\u015bwietlacz<\/strong> \u2013 pokazuje poziom oleju<\/p>\n<\/li>\n<li data-start=\"500\" data-end=\"578\">\n<p data-start=\"502\" data-end=\"578\"><strong data-start=\"505\" data-end=\"529\">Konstrukcja smaku 6 w 1<\/strong> \u2013 prze\u0142\u0105czaj si\u0119 mi\u0119dzy sze\u015bcioma mieszankami premium, bez mieszania<\/p>\n<\/li>\n<li data-start=\"579\" data-end=\"655\">\n<p data-start=\"581\" data-end=\"655\"><strong data-start=\"584\" data-end=\"611\">Opcje Nikotyny 2% \/ 5%<\/strong> \u2013 dostosowane dla europejskiego rynku m\u0119\u017cczyzn w wieku 25\u201335 lat<\/p>\n<\/li>\n<li data-start=\"656\" data-end=\"737\">\n<p data-start=\"658\" data-end=\"737\"><strong data-start=\"660\" data-end=\"683\">Zalety Hurtowe<\/strong> \u2013 wysokie mar\u017ce, powtarzalny popyt, niski wska\u017anik reklamacji<\/p>\n<\/li>\n<\/ul>\n<\/div>\n<\/div>\n<\/div>\n<div class=\"flex-shrink-0 flex flex-col relative items-end\">\n<div class=\"pt-0\">\n<div class=\"gizmo-bot-avatar flex h-8 w-8 items-center justify-center overflow-hidden rounded-full\">\n<div class=\"relative p-1 rounded-sm flex items-center justify-center bg-token-main-surface-primary text-token-text-primary h-8 w-8\">\n<h2 data-start=\"1200\" data-end=\"1487\">Vapes Tornado \u2013 Twoje centrum hurtowe dla najlepszych marek vape w Europie<\/h2>\n<p data-start=\"1200\" data-end=\"1487\"><strong data-start=\"213\" data-end=\"248\">Sklep internetowy Vapes Tornado<\/strong> to Twoje zaufane miejsce, w kt\u00f3rym znajdziesz wysokiej jako\u015bci jednorazowe vape i hurtowe e-papierosy w ca\u0142ej Europie. Specjalizujemy si\u0119 w oferowaniu szerokiego wyboru <strong data-start=\"403\" data-end=\"431\">najpopularniejszych marek vape<\/strong>, w tym <strong data-start=\"443\" data-end=\"502\"><a href=\"https:\/\/vapestornado.com\/pl\/product\/buy-authentic-waspe-100000-puffs-low-nicotine-disposable-vape-pen-at-wholesale-price\/\">WASPE VAPE<\/a>, BANGBOX VAPE, <a href=\"https:\/\/vapestornado.com\/pl\/product\/vozol-gear-power-20k-20000-puffs-vape-rechargeable-disposable-box-bulk-buy-cheap-price\/\">VOZOL VAPE<\/a><\/strong><strong data-start=\"443\" data-end=\"502\">, oraz w <a href=\"https:\/\/vapestornado.com\/pl\/product-category\/fumot-vape\/\">FUMOT VAPE<\/a><\/strong>. Nasz sklep zosta\u0142 stworzony, aby obs\u0142ugiwa\u0107 zar\u00f3wno klient\u00f3w indywidualnych, jak i nabywc\u00f3w hurtowych, dostarczaj\u0105c niezawodne produkty, kt\u00f3re \u0142\u0105cz\u0105 w sobie wysok\u0105 wydajno\u015b\u0107, stylowy wygl\u0105d i konkurencyjne ceny.<\/p>\n<\/div>\n<\/div>\n<\/div>\n<\/div>","protected":false},"excerpt":{"rendered":"<p><strong data-start=\"108\" data-end=\"148\">Jednorazowy Vape Pen Bang Leader 110K<\/strong> zapewnia ogromn\u0105 <strong data-start=\"168\" data-end=\"185\">liczb\u0119 110 000 zaci\u0105gni\u0119\u0107<\/strong> z <strong data-start=\"193\" data-end=\"217\">system 6-w-1 smak\u00f3w<\/strong>, oferuj\u0105c u\u017cytkownikom d\u0142ugotrwa\u0142\u0105 r\u00f3\u017cnorodno\u015b\u0107 w ka\u017cdym urz\u0105dzeniu. Wyposa\u017cony w opcje <strong data-start=\"286\" data-end=\"324\">Akumulator 650 mAh \u0142adowany przez Type-C<\/strong>, <strong data-start=\"326\" data-end=\"345\" data-is-only-node=\"\">cyfrowy wy\u015bwietlacz<\/strong>, oraz w <strong data-start=\"351\" data-end=\"379\">nikotyny 2% lub 5%<\/strong>, zosta\u0142 zaprojektowany z my\u015bl\u0105 o g\u0142adkim smaku, niezawodnej wydajno\u015bci i maksymalnej warto\u015bci. Idealny dla hurtowych nabywc\u00f3w poszukuj\u0105cych <strong data-start=\"497\" data-end=\"537\">jednorazowego vape w najlepszej cenie hurtowej<\/strong>.<\/p>\n<p><strong>Dodaj Amy na WhatsApp, aby uzyska\u0107 w\u0142a\u015bciw\u0105 odpowied\u017a i cen\u0119 z rabatem!<\/strong><\/p>\n<p><img fetchpriority=\"high\" decoding=\"async\" class=\"size-full wp-image-2932\" src=\"https:\/\/vapestornado.com\/wp-content\/uploads\/2024\/12\/Vape-Wholesale.jpg\" alt=\"Hurtowa sprzeda\u017c e-papieros\u00f3w\" width=\"229\" height=\"300\" \/><\/p>\n<h3><a href=\"https:\/\/wa.me\/8617776015835\"><span style=\"color: #ff0000;\"><strong>WhatsApp: +86 17776015835<\/strong><\/span><\/a><\/h3>","protected":false},"featured_media":4338,"comment_status":"open","ping_status":"closed","template":"","meta":{"_acf_changed":false,"_uag_custom_page_level_css":"","_lmt_disableupdate":"no","_lmt_disable":"","_monsterinsights_skip_tracking":false,"_monsterinsights_sitenote_active":false,"_monsterinsights_sitenote_note":"","_monsterinsights_sitenote_category":0,"site-sidebar-layout":"default","site-content-layout":"","ast-site-content-layout":"default","site-content-style":"default","site-sidebar-style":"default","ast-global-header-display":"","ast-banner-title-visibility":"","ast-main-header-display":"","ast-hfb-above-header-display":"","ast-hfb-below-header-display":"","ast-hfb-mobile-header-display":"","site-post-title":"","ast-breadcrumbs-content":"","ast-featured-img":"","footer-sml-layout":"","ast-disable-related-posts":"","theme-transparent-header-meta":"default","adv-header-id-meta":"","stick-header-meta":"","header-above-stick-meta":"","header-main-stick-meta":"","header-below-stick-meta":"","astra-migrate-meta-layouts":"set","ast-page-background-enabled":"default","ast-page-background-meta":{"desktop":{"background-color":"","background-image":"","background-repeat":"repeat","background-position":"center center","background-size":"auto","background-attachment":"scroll","background-type":"","background-media":"","overlay-type":"","overlay-color":"","overlay-opacity":"","overlay-gradient":""},"tablet":{"background-color":"","background-image":"","background-repeat":"repeat","background-position":"center center","background-size":"auto","background-attachment":"scroll","background-type":"","background-media":"","overlay-type":"","overlay-color":"","overlay-opacity":"","overlay-gradient":""},"mobile":{"background-color":"","background-image":"","background-repeat":"repeat","background-position":"center center","background-size":"auto","background-attachment":"scroll","background-type":"","background-media":"","overlay-type":"","overlay-color":"","overlay-opacity":"","overlay-gradient":""}},"ast-content-background-meta":{"desktop":{"background-color":"var(--ast-global-color-5)","background-image":"","background-repeat":"repeat","background-position":"center center","background-size":"auto","background-attachment":"scroll","background-type":"","background-media":"","overlay-type":"","overlay-color":"","overlay-opacity":"","overlay-gradient":""},"tablet":{"background-color":"var(--ast-global-color-5)","background-image":"","background-repeat":"repeat","background-position":"center center","background-size":"auto","background-attachment":"scroll","background-type":"","background-media":"","overlay-type":"","overlay-color":"","overlay-opacity":"","overlay-gradient":""},"mobile":{"background-color":"var(--ast-global-color-5)","background-image":"","background-repeat":"repeat","background-position":"center center","background-size":"auto","background-attachment":"scroll","background-type":"","background-media":"","overlay-type":"","overlay-color":"","overlay-opacity":"","overlay-gradient":""}},"_joinchat":{"telephone":"17776015835"}},"product_brand":[],"product_cat":[62,152,156,158,142,357,144,146],"product_tag":[360,358,196,355,359,354],"class_list":{"0":"post-4339","1":"product","2":"type-product","3":"status-publish","4":"has-post-thumbnail","6":"product_cat-bang-vape","7":"product_cat-buy-disposable-vapes-in-cermany","8":"product_cat-buy-disposable-vapes-in-poland","9":"product_cat-buy-disposable-vapes-in-spain","10":"product_cat-digital-box-disposable-vapes","11":"product_cat-flavor-adjustable-vape","12":"product_cat-low-nicotine-disposable-vapes","13":"product_cat-rechargeable-disposable-vapes","14":"product_tag-bang-leader-110000-puff","15":"product_tag-bang-leader-110k","16":"product_tag-bang-vape","17":"product_tag-big-puff-vape","18":"product_tag-cheapest-vape","19":"product_tag-flavor-adjustable-vape","20":"desktop-align-left","21":"tablet-align-left","22":"mobile-align-left","24":"first","25":"instock","26":"sale","27":"shipping-taxable","28":"purchasable","29":"product-type-simple"},"acf":[],"uagb_featured_image_src":{"full":["https:\/\/vapestornado.com\/wp-content\/uploads\/2025\/09\/Bang-Leader-110000-Puffs-110K-6-in-1-Flavors-Vape-Pen.webp",800,800,false],"thumbnail":["https:\/\/vapestornado.com\/wp-content\/uploads\/2025\/09\/Bang-Leader-110000-Puffs-110K-6-in-1-Flavors-Vape-Pen-150x150.webp",150,150,true],"medium":["https:\/\/vapestornado.com\/wp-content\/uploads\/2025\/09\/Bang-Leader-110000-Puffs-110K-6-in-1-Flavors-Vape-Pen-300x300.webp",300,300,true],"medium_large":["https:\/\/vapestornado.com\/wp-content\/uploads\/2025\/09\/Bang-Leader-110000-Puffs-110K-6-in-1-Flavors-Vape-Pen-768x768.webp",768,768,true],"large":["https:\/\/vapestornado.com\/wp-content\/uploads\/2025\/09\/Bang-Leader-110000-Puffs-110K-6-in-1-Flavors-Vape-Pen.webp",800,800,false],"1536x1536":["https:\/\/vapestornado.com\/wp-content\/uploads\/2025\/09\/Bang-Leader-110000-Puffs-110K-6-in-1-Flavors-Vape-Pen.webp",800,800,false],"2048x2048":["https:\/\/vapestornado.com\/wp-content\/uploads\/2025\/09\/Bang-Leader-110000-Puffs-110K-6-in-1-Flavors-Vape-Pen.webp",800,800,false],"trp-custom-language-flag":["https:\/\/vapestornado.com\/wp-content\/uploads\/2025\/09\/Bang-Leader-110000-Puffs-110K-6-in-1-Flavors-Vape-Pen-12x12.webp",12,12,true],"woocommerce_thumbnail":["https:\/\/vapestornado.com\/wp-content\/uploads\/2025\/09\/Bang-Leader-110000-Puffs-110K-6-in-1-Flavors-Vape-Pen-300x300.webp",300,300,true],"woocommerce_single":["https:\/\/vapestornado.com\/wp-content\/uploads\/2025\/09\/Bang-Leader-110000-Puffs-110K-6-in-1-Flavors-Vape-Pen-600x600.webp",600,600,true],"woocommerce_gallery_thumbnail":["https:\/\/vapestornado.com\/wp-content\/uploads\/2025\/09\/Bang-Leader-110000-Puffs-110K-6-in-1-Flavors-Vape-Pen-100x100.webp",100,100,true]},"uagb_author_info":{"display_name":"ESAMY","author_link":"https:\/\/vapestornado.com\/pl\/author\/"},"uagb_comment_info":0,"uagb_excerpt":"Bang Leader 110K Disposable Vape Pen delivers a massive 110,000 puffs with a 6-in-1 flavor system, giving users long-lasting variety in every device. Equipped with a 650mAh Type-C rechargeable battery, digital display, and 2% or 5% nicotin options, it\u2019s designed for smooth taste, reliable performance, and maximum value. Perfect for wholesale buyers looking for a&hellip;","_links":{"self":[{"href":"https:\/\/vapestornado.com\/pl\/wp-json\/wp\/v2\/product\/4339","targetHints":{"allow":["GET"]}}],"collection":[{"href":"https:\/\/vapestornado.com\/pl\/wp-json\/wp\/v2\/product"}],"about":[{"href":"https:\/\/vapestornado.com\/pl\/wp-json\/wp\/v2\/types\/product"}],"replies":[{"embeddable":true,"href":"https:\/\/vapestornado.com\/pl\/wp-json\/wp\/v2\/comments?post=4339"}],"wp:featuredmedia":[{"embeddable":true,"href":"https:\/\/vapestornado.com\/pl\/wp-json\/wp\/v2\/media\/4338"}],"wp:attachment":[{"href":"https:\/\/vapestornado.com\/pl\/wp-json\/wp\/v2\/media?parent=4339"}],"wp:term":[{"taxonomy":"product_brand","embeddable":true,"href":"https:\/\/vapestornado.com\/pl\/wp-json\/wp\/v2\/product_brand?post=4339"},{"taxonomy":"product_cat","embeddable":true,"href":"https:\/\/vapestornado.com\/pl\/wp-json\/wp\/v2\/product_cat?post=4339"},{"taxonomy":"product_tag","embeddable":true,"href":"https:\/\/vapestornado.com\/pl\/wp-json\/wp\/v2\/product_tag?post=4339"}],"curies":[{"name":"wp","href":"https:\/\/api.w.org\/{rel}","templated":true}]}}