{"id":4319,"date":"2025-08-29T08:39:13","date_gmt":"2025-08-29T08:39:13","guid":{"rendered":"https:\/\/vapestornado.com\/?post_type=product&#038;p=4319"},"modified":"2025-08-29T09:18:04","modified_gmt":"2025-08-29T09:18:04","slug":"buy-authentic-waspe-100000-puffs-low-nicotine-disposable-vape-pen-at-wholesale-price","status":"publish","type":"product","link":"https:\/\/vapestornado.com\/pl\/product\/buy-authentic-waspe-100000-puffs-low-nicotine-disposable-vape-pen-at-wholesale-price\/","title":{"rendered":"Kup Autentyczny WASPE 100000 Zaci\u0105gni\u0119\u0107 Jednorazowy Vape Pen o Niskiej Zawarto\u015bci Nikotyny w Cenie Hurtowej"},"content":{"rendered":"<h2 data-pm-slice=\"1 1 []\">Kup Autentyczny WASPE 100000 Zaci\u0105gni\u0119\u0107 Jednorazowy Vape Pen o Niskiej Zawarto\u015bci Nikotyny w Cenie Hurtowej<\/h2>\n<p data-start=\"375\" data-end=\"654\">Cyfrowy ekran <strong data-start=\"379\" data-end=\"421\">WASPE 100000 Zaci\u0105gni\u0119\u0107 Jednorazowy Vape Pen<\/strong> jest stworzony dla tych, kt\u00f3rzy wymagaj\u0105 du\u017cej wydajno\u015bci w kompaktowej obudowie. Z niesamowit\u0105 <strong data-start=\"508\" data-end=\"530\">pojemno\u015bci\u0105 100K zaci\u0105gni\u0119\u0107<\/strong> i <strong data-start=\"537\" data-end=\"559\">zbiornikiem na e-liquid o pojemno\u015bci 56 ml<\/strong>, zapewnia niezr\u00f3wnan\u0105 warto\u015b\u0107 zar\u00f3wno do u\u017cytku osobistego, jak i dystrybucji hurtowej w ca\u0142ej Europie.<\/p>\n<p data-start=\"656\" data-end=\"909\">Zaprojektowany z <strong data-start=\"672\" data-end=\"698\">poczw\u00f3rnymi grza\u0142kami siatkowymi (1,0 \u03a9)<\/strong>, ka\u017cde zaci\u0105gni\u0119cie jest g\u0142adkie, wyraziste i sp\u00f3jne. System <strong data-start=\"748\" data-end=\"782\">wymiennych smak\u00f3w 4 w 1<\/strong> zapewnia \u015bwie\u017co\u015b\u0107 i ekscytacj\u0119 podczas wapowania, idealny dla m\u0142odszych waper\u00f3w, kt\u00f3rzy chc\u0105 r\u00f3\u017cnorodno\u015bci bez noszenia wielu urz\u0105dze\u0144.<\/p>\n<p data-start=\"911\" data-end=\"1248\">Cyfrowy ekran <strong data-start=\"915\" data-end=\"953\">Akumulator 650 mAh \u0142adowany przez Type-C<\/strong> zapewnia d\u0142ugotrwa\u0142e sesje, a <strong data-start=\"995\" data-end=\"1010\">wy\u015bwietlacz LED<\/strong> daje natychmiastowe informacje o poziomie baterii i p\u0142ynu \u2013 eliminuj\u0105c zgadywanie i dodaj\u0105c pe\u0142n\u0105 kontrol\u0119. Dost\u0119pny w <strong data-start=\"1118\" data-end=\"1149\">mocach nikotyny 2% i 5%<\/strong>, <strong data-start=\"1155\" data-end=\"1189\">Jednorazowy Vape Pen WASPE 100K<\/strong> zachowuje odpowiedni\u0105 r\u00f3wnowag\u0119 mi\u0119dzy moc\u0105 a wygod\u0105.<\/p>\n<p><strong><span style=\"color: #ff0000;\">Dodaj Amy do WhatsAppa, aby uzyska\u0107 szybk\u0105 odpowied\u017a i kupon na vape!<\/span><\/strong><\/p>\n<p><img fetchpriority=\"high\" decoding=\"async\" class=\"size-full wp-image-2932\" src=\"https:\/\/vapestornado.com\/wp-content\/uploads\/2024\/12\/Vape-Wholesale.jpg\" alt=\"Hurtowa sprzeda\u017c e-papieros\u00f3w\" width=\"229\" height=\"300\" \/><\/p>\n<h3><a href=\"https:\/\/wa.me\/8617776015835\" target=\"_blank\" rel=\"noopener\"><span style=\"color: #ff0000;\"><strong>WhatsApp: +86 17776015835<\/strong><\/span><\/a><\/h3>\n<p>&nbsp;<\/p>\n<h2><strong>Cechy produktu WASPE 100000 Puffs<\/strong><\/h2>\n<p><strong data-start=\"1252\" data-end=\"1280\">100 000 zaci\u0105gni\u0119\u0107 na urz\u0105dzenie<\/strong><br data-start=\"1280\" data-end=\"1283\" \/><strong data-start=\"1285\" data-end=\"1316\">System prze\u0142\u0105czania smak\u00f3w 4 w 1<\/strong><br data-start=\"1316\" data-end=\"1319\" \/><strong data-start=\"1321\" data-end=\"1354\">Poczw\u00f3rna siatka grzewcza dla bogatej pary<\/strong><br data-start=\"1354\" data-end=\"1357\" \/><strong data-start=\"1359\" data-end=\"1403\">Pojemno\u015b\u0107 e-liquidu 56 ml | 2% \/ 5% nikotyny<\/strong><br data-start=\"1403\" data-end=\"1406\" \/><strong data-start=\"1408\" data-end=\"1446\">Akumulator 650 mAh \u0142adowany przez Type-C<\/strong><br data-start=\"1446\" data-end=\"1449\" \/><strong data-start=\"1451\" data-end=\"1495\">Ekran LED dla baterii<\/strong><\/p>\n<h2 class=\"product-title\"><strong>Lista smak\u00f3w WASPE 100000 Puffs<\/strong><\/h2>\n<p>1. Arbuzowy l\u00f3d<br \/>\n2. Truskawkowy arbuz<br \/>\n3. Red Bull Ice<br \/>\n4. Truskawka Malina Wi\u015bnia<br \/>\n5. Truskawkowy banan<br \/>\n6. Jagodowy l\u00f3d<br \/>\n7. Wi\u015bniowa Cola Ice<br \/>\nArbuz Guma Balonowa<br \/>\n8. Soczysta brzoskwinia Ice<br \/>\n9. Winogronowy l\u00f3d<br \/>\n10. Mieszane jagody<br \/>\n11. Truskawkowy Red Bull<br \/>\nLodowa Czere\u015bniowa Cola<br \/>\n12. Jagoda Malina<\/p>\n<figure id=\"attachment_4314\" aria-describedby=\"caption-attachment-4314\" style=\"width: 300px\" class=\"wp-caption alignnone\"><img decoding=\"async\" class=\"size-medium wp-image-4314\" src=\"https:\/\/vapestornado.com\/wp-content\/uploads\/2025\/08\/WASPE-100000-Puff-100k-Online-Vape-Shop-300x300.webp\" alt=\"WASPE 100000 Puff 100k Sklep Internetowy z Vape\" width=\"300\" height=\"300\" srcset=\"https:\/\/vapestornado.com\/wp-content\/uploads\/2025\/08\/WASPE-100000-Puff-100k-Online-Vape-Shop-300x300.webp 300w, https:\/\/vapestornado.com\/wp-content\/uploads\/2025\/08\/WASPE-100000-Puff-100k-Online-Vape-Shop-150x150.webp 150w, https:\/\/vapestornado.com\/wp-content\/uploads\/2025\/08\/WASPE-100000-Puff-100k-Online-Vape-Shop-768x768.webp 768w, https:\/\/vapestornado.com\/wp-content\/uploads\/2025\/08\/WASPE-100000-Puff-100k-Online-Vape-Shop-12x12.webp 12w, https:\/\/vapestornado.com\/wp-content\/uploads\/2025\/08\/WASPE-100000-Puff-100k-Online-Vape-Shop-600x600.webp 600w, https:\/\/vapestornado.com\/wp-content\/uploads\/2025\/08\/WASPE-100000-Puff-100k-Online-Vape-Shop-100x100.webp 100w, https:\/\/vapestornado.com\/wp-content\/uploads\/2025\/08\/WASPE-100000-Puff-100k-Online-Vape-Shop.webp 800w\" sizes=\"(max-width: 300px) 100vw, 300px\" \/><figcaption id=\"caption-attachment-4314\" class=\"wp-caption-text\">WASPE 100000 Puff 100k Sklep Internetowy z Vape<\/figcaption><\/figure>\n<div class=\"flex-shrink-0 flex flex-col relative items-end\">\n<div class=\"pt-0\">\n<div class=\"gizmo-bot-avatar flex h-8 w-8 items-center justify-center overflow-hidden rounded-full\">\n<div class=\"relative p-1 rounded-sm flex items-center justify-center bg-token-main-surface-primary text-token-text-primary h-8 w-8\">\n<h2 data-start=\"435\" data-end=\"491\"><strong data-start=\"439\" data-end=\"489\">Dlaczego warto wybra\u0107 jednorazowy Vape Pen WASPE 100K?<\/strong><\/h2>\n<p data-start=\"492\" data-end=\"586\">Podkre\u015bl pojemno\u015b\u0107 100 000 zaci\u0105gni\u0119\u0107, trwa\u0142\u0105 konstrukcj\u0119 i atrakcyjno\u015b\u0107 dla m\u0142odego rynku w Europie.<\/p>\n<h3 data-start=\"588\" data-end=\"639\"><strong data-start=\"592\" data-end=\"637\">System 4 smak\u00f3w w 1 dla nieprzerwanej r\u00f3\u017cnorodno\u015bci<\/strong><\/h3>\n<p data-start=\"640\" data-end=\"708\">Wyja\u015bnij wymienne smaki, dzi\u0119ki kt\u00f3rym jedno urz\u0105dzenie sprawia wra\u017cenie czterech.<\/p>\n<h3 data-start=\"710\" data-end=\"757\"><strong data-start=\"714\" data-end=\"755\">Du\u017ca pojemno\u015b\u0107 z in\u017cynieri\u0105 Premium<\/strong><\/h3>\n<p data-start=\"758\" data-end=\"835\">Podkre\u015bl 56 ml e-liquidu, poczw\u00f3rne cewki siatkowe (1,0 \u03a9) i niezmiennie wyrazisty smak.<\/p>\n<h3 data-start=\"837\" data-end=\"888\"><strong data-start=\"841\" data-end=\"886\">Inteligentna moc, zaprojektowana dla rynku w Polsce<\/strong><\/h3>\n<p data-start=\"889\" data-end=\"987\">Zaprezentuj bateri\u0119 650mAh Type-C z mo\u017cliwo\u015bci\u0105 \u0142adowania i wy\u015bwietlacz LED stanu baterii<\/p>\n<h3 data-start=\"989\" data-end=\"1035\"><strong data-start=\"993\" data-end=\"1033\">Idealna r\u00f3wnowaga mocy nikotyny<\/strong><\/h3>\n<p data-start=\"1036\" data-end=\"1112\">Zaoferuj szczeg\u00f3\u0142y dotycz\u0105ce opcji nikotyny 2% i 5%, aby dopasowa\u0107 si\u0119 do r\u00f3\u017cnych preferencji.<\/p>\n<h3 data-start=\"1114\" data-end=\"1171\"><strong data-start=\"1118\" data-end=\"1169\">WASPE 100000 Puffs \u2013 Stworzony dla potrzeb hurtowych<\/strong><\/h3>\n<p data-start=\"1172\" data-end=\"1260\">Wzmocnij siln\u0105 warto\u015b\u0107, niezawodno\u015b\u0107 i atrakcyjno\u015b\u0107 dla dystrybutor\u00f3w na rynkach UE.<\/p>\n<\/div>\n<h3><\/h3>\n<div class=\"relative p-1 rounded-sm flex items-center justify-center bg-token-main-surface-primary text-token-text-primary h-8 w-8\">\n<h2>FAQ dotycz\u0105ce jednorazowego e-papierosa WASPE 100000 Puffs<\/h2>\n<\/div>\n<\/div>\n<\/div>\n<\/div>\n<div class=\"flex-shrink-0 flex flex-col relative items-end\">\n<div class=\"pt-0\">\n<div class=\"gizmo-bot-avatar flex h-8 w-8 items-center justify-center overflow-hidden rounded-full\">\n<div class=\"relative p-1 rounded-sm flex items-center justify-center bg-token-main-surface-primary text-token-text-primary h-8 w-8\">\n<div class=\"mb-2 flex gap-3 empty:hidden -ml-2\">\n<p data-start=\"308\" data-end=\"562\"><strong data-start=\"308\" data-end=\"364\">1. Jak d\u0142ugo dzia\u0142a jedno urz\u0105dzenie WASPE 100000 Puffs?<\/strong><br data-start=\"364\" data-end=\"367\" \/>WASPE 100K oferuje do <strong data-start=\"395\" data-end=\"412\">100 000 zaci\u0105gni\u0119\u0107<\/strong>, co zwykle wystarcza na kilka tygodni, w zale\u017cno\u015bci od cz\u0119stotliwo\u015bci u\u017cytkowania. Nabywcy hurtowi cz\u0119sto podkre\u015blaj\u0105 jego wyd\u0142u\u017con\u0105 \u017cywotno\u015b\u0107 jako g\u0142\u00f3wny atut sprzeda\u017cy.<\/p>\n<p data-start=\"564\" data-end=\"753\"><strong data-start=\"564\" data-end=\"614\">2. Czy mog\u0119 na\u0142adowa\u0107 waporyzator WASPE 100000 Puffs?<\/strong><br data-start=\"614\" data-end=\"617\" \/>Tak. Jest wyposa\u017cony w <strong data-start=\"638\" data-end=\"676\">Akumulator 650 mAh \u0142adowany przez Type-C<\/strong>port \u0142adowania Type-C<\/p>\n<p data-start=\"755\" data-end=\"1019\"><strong data-start=\"755\" data-end=\"830\">, zapewniaj\u0105c pe\u0142ne wykorzystanie 56 ml e-liquidu bez przerw.<\/strong><br data-start=\"830\" data-end=\"833\" \/>3. Co odr\u00f3\u017cnia WASPE 100K od innych jednorazowych waporyzator\u00f3w? <strong data-start=\"894\" data-end=\"964\">W przeciwie\u0144stwie do standardowych jednoraz\u00f3wek, WASPE 100000 Puffs \u0142\u0105czy w sobie<\/strong>wymienne smaki 4 w 1, poczw\u00f3rne grza\u0142ki mesh i inteligentny wy\u015bwietlacz LED<\/p>\n<p data-start=\"1021\" data-end=\"1198\"><strong data-start=\"1021\" data-end=\"1081\">, dzi\u0119ki czemu jest wszechstronny i trwa\u0142y do codziennego u\u017cytku.<\/strong><br data-start=\"1081\" data-end=\"1084\" \/>4. Czy WASPE 100K jest dost\u0119pny w wariantach o niskiej zawarto\u015bci nikotyny? <strong data-start=\"1105\" data-end=\"1133\">Poziomy nikotyny 2% i 5%<\/strong>Tak. Jest oferowany w<\/p>\n<p data-start=\"1200\" data-end=\"1487\"><strong data-start=\"1200\" data-end=\"1278\">5. Dlaczego WASPE 100000 Puffs jest popularny w\u015br\u00f3d nabywc\u00f3w hurtowych w UE?<\/strong><br data-start=\"1278\" data-end=\"1281\" \/>Jego po\u0142\u0105czenie <strong data-start=\"1300\" data-end=\"1386\">Pojemno\u015b\u0107 100 tys. zaci\u0105gni\u0119\u0107, konstrukcja z mo\u017cliwo\u015bci\u0105 \u0142adowania, wiele smak\u00f3w i system cewek premium<\/strong> zapewnia doskona\u0142\u0105 warto\u015b\u0107, czyni\u0105c go niezawodnym wyborem dla sprzedawc\u00f3w detalicznych, kt\u00f3rych celem jest grupa wiekowa 25\u201335 lat.<\/p>\n<\/div>\n<h2 data-start=\"1200\" data-end=\"1487\">Vapes Tornado \u2013 Twoje centrum hurtowe dla najlepszych marek vape w Europie<\/h2>\n<p data-start=\"1200\" data-end=\"1487\"><strong data-start=\"213\" data-end=\"248\">Sklep internetowy Vapes Tornado<\/strong> to Twoje zaufane miejsce, w kt\u00f3rym znajdziesz wysokiej jako\u015bci jednorazowe vape i hurtowe e-papierosy w ca\u0142ej Europie. Specjalizujemy si\u0119 w oferowaniu szerokiego wyboru <strong data-start=\"403\" data-end=\"431\">najpopularniejszych marek vape<\/strong>, w tym <strong data-start=\"443\" data-end=\"502\"><a href=\"https:\/\/vapestornado.com\/pl\/product-category\/aivono-vape\/\">AIVONO VAPE<\/a>, BANGBOX VAPE, <a href=\"https:\/\/vapestornado.com\/pl\/product-category\/elf-bar-vape\/\">Palenisko ELF BAR<\/a>, oraz w <a href=\"https:\/\/vapestornado.com\/pl\/product-category\/fumot-vape\/\">FUMOT VAPE<\/a><\/strong>. Nasz sklep zosta\u0142 stworzony, aby obs\u0142ugiwa\u0107 zar\u00f3wno klient\u00f3w indywidualnych, jak i nabywc\u00f3w hurtowych, dostarczaj\u0105c niezawodne produkty, kt\u00f3re \u0142\u0105cz\u0105 w sobie wysok\u0105 wydajno\u015b\u0107, stylowy wygl\u0105d i konkurencyjne ceny.<\/p>\n<\/div>\n<\/div>\n<\/div>\n<\/div>","protected":false},"excerpt":{"rendered":"<p>WASPE 100K \u2013 100 000 Zaci\u0105gni\u0119\u0107, 4 Smaki, Jeden Pot\u0119\u017cny Jednorazowy Vape Pen.<\/p>\n<p>Zmieniaj Smaki, Utrzymuj Moc \u2013 WASPE 100000 Zaci\u0105gni\u0119\u0107 z \u0141adowaniem Type-C.<\/p>\n<p>Jednorazowy Vape Pen Stworzony dla Europy \u2013 WASPE 100K, Du\u017ce Chmury, Wi\u0119ksza Warto\u015b\u0107.<\/p>\n<p><strong>Dodaj Amy na WhatsApp, aby uzyska\u0107 w\u0142a\u015bciw\u0105 odpowied\u017a i cen\u0119 z rabatem!<\/strong><\/p>\n<p><img fetchpriority=\"high\" decoding=\"async\" class=\"size-full wp-image-2932\" src=\"https:\/\/vapestornado.com\/wp-content\/uploads\/2024\/12\/Vape-Wholesale.jpg\" alt=\"Hurtowa sprzeda\u017c e-papieros\u00f3w\" width=\"229\" height=\"300\" \/><\/p>\n<h3><a href=\"https:\/\/wa.me\/8617776015835\"><span style=\"color: #ff0000;\"><strong>WhatsApp: +86 17776015835<\/strong><\/span><\/a><\/h3>\n<p>&nbsp;<\/p>","protected":false},"featured_media":4318,"comment_status":"open","ping_status":"closed","template":"","meta":{"_acf_changed":false,"_uag_custom_page_level_css":"","_lmt_disableupdate":"no","_lmt_disable":"","_monsterinsights_skip_tracking":false,"_monsterinsights_sitenote_active":false,"_monsterinsights_sitenote_note":"","_monsterinsights_sitenote_category":0,"site-sidebar-layout":"default","site-content-layout":"","ast-site-content-layout":"default","site-content-style":"default","site-sidebar-style":"default","ast-global-header-display":"","ast-banner-title-visibility":"","ast-main-header-display":"","ast-hfb-above-header-display":"","ast-hfb-below-header-display":"","ast-hfb-mobile-header-display":"","site-post-title":"","ast-breadcrumbs-content":"","ast-featured-img":"","footer-sml-layout":"","ast-disable-related-posts":"","theme-transparent-header-meta":"default","adv-header-id-meta":"","stick-header-meta":"","header-above-stick-meta":"","header-main-stick-meta":"","header-below-stick-meta":"","astra-migrate-meta-layouts":"set","ast-page-background-enabled":"default","ast-page-background-meta":{"desktop":{"background-color":"","background-image":"","background-repeat":"repeat","background-position":"center center","background-size":"auto","background-attachment":"scroll","background-type":"","background-media":"","overlay-type":"","overlay-color":"","overlay-opacity":"","overlay-gradient":""},"tablet":{"background-color":"","background-image":"","background-repeat":"repeat","background-position":"center center","background-size":"auto","background-attachment":"scroll","background-type":"","background-media":"","overlay-type":"","overlay-color":"","overlay-opacity":"","overlay-gradient":""},"mobile":{"background-color":"","background-image":"","background-repeat":"repeat","background-position":"center center","background-size":"auto","background-attachment":"scroll","background-type":"","background-media":"","overlay-type":"","overlay-color":"","overlay-opacity":"","overlay-gradient":""}},"ast-content-background-meta":{"desktop":{"background-color":"var(--ast-global-color-5)","background-image":"","background-repeat":"repeat","background-position":"center center","background-size":"auto","background-attachment":"scroll","background-type":"","background-media":"","overlay-type":"","overlay-color":"","overlay-opacity":"","overlay-gradient":""},"tablet":{"background-color":"var(--ast-global-color-5)","background-image":"","background-repeat":"repeat","background-position":"center center","background-size":"auto","background-attachment":"scroll","background-type":"","background-media":"","overlay-type":"","overlay-color":"","overlay-opacity":"","overlay-gradient":""},"mobile":{"background-color":"var(--ast-global-color-5)","background-image":"","background-repeat":"repeat","background-position":"center center","background-size":"auto","background-attachment":"scroll","background-type":"","background-media":"","overlay-type":"","overlay-color":"","overlay-opacity":"","overlay-gradient":""}},"_joinchat":{"telephone":"17776015835"}},"product_brand":[],"product_cat":[346,150,151,152,156,158,142,146,171,60],"product_tag":[350,348,349,163],"class_list":{"0":"post-4319","1":"product","2":"type-product","3":"status-publish","4":"has-post-thumbnail","6":"product_cat-100000-puff","7":"product_cat-buy-disposable-vapes-in-belgium","8":"product_cat-buy-disposable-vapes-in-france","9":"product_cat-buy-disposable-vapes-in-cermany","10":"product_cat-buy-disposable-vapes-in-poland","11":"product_cat-buy-disposable-vapes-in-spain","12":"product_cat-digital-box-disposable-vapes","13":"product_cat-rechargeable-disposable-vapes","14":"product_cat-vapsolo-disposable-vapes","15":"product_cat-waspe-fihp-vape","16":"product_tag-four-flavor-disposable-vape","17":"product_tag-waspe-100000-puffs","18":"product_tag-waspe-100k-4-in-1","19":"product_tag-waspe-vape","20":"desktop-align-left","21":"tablet-align-left","22":"mobile-align-left","24":"first","25":"instock","26":"sale","27":"shipping-taxable","28":"purchasable","29":"product-type-simple"},"acf":[],"uagb_featured_image_src":{"full":["https:\/\/vapestornado.com\/wp-content\/uploads\/2025\/08\/WASPE-100000-Puffs-4-Flavors-No-Nicotine-Vape.webp",800,800,false],"thumbnail":["https:\/\/vapestornado.com\/wp-content\/uploads\/2025\/08\/WASPE-100000-Puffs-4-Flavors-No-Nicotine-Vape-150x150.webp",150,150,true],"medium":["https:\/\/vapestornado.com\/wp-content\/uploads\/2025\/08\/WASPE-100000-Puffs-4-Flavors-No-Nicotine-Vape-300x300.webp",300,300,true],"medium_large":["https:\/\/vapestornado.com\/wp-content\/uploads\/2025\/08\/WASPE-100000-Puffs-4-Flavors-No-Nicotine-Vape-768x768.webp",768,768,true],"large":["https:\/\/vapestornado.com\/wp-content\/uploads\/2025\/08\/WASPE-100000-Puffs-4-Flavors-No-Nicotine-Vape.webp",800,800,false],"1536x1536":["https:\/\/vapestornado.com\/wp-content\/uploads\/2025\/08\/WASPE-100000-Puffs-4-Flavors-No-Nicotine-Vape.webp",800,800,false],"2048x2048":["https:\/\/vapestornado.com\/wp-content\/uploads\/2025\/08\/WASPE-100000-Puffs-4-Flavors-No-Nicotine-Vape.webp",800,800,false],"trp-custom-language-flag":["https:\/\/vapestornado.com\/wp-content\/uploads\/2025\/08\/WASPE-100000-Puffs-4-Flavors-No-Nicotine-Vape-12x12.webp",12,12,true],"woocommerce_thumbnail":["https:\/\/vapestornado.com\/wp-content\/uploads\/2025\/08\/WASPE-100000-Puffs-4-Flavors-No-Nicotine-Vape-300x300.webp",300,300,true],"woocommerce_single":["https:\/\/vapestornado.com\/wp-content\/uploads\/2025\/08\/WASPE-100000-Puffs-4-Flavors-No-Nicotine-Vape-600x600.webp",600,600,true],"woocommerce_gallery_thumbnail":["https:\/\/vapestornado.com\/wp-content\/uploads\/2025\/08\/WASPE-100000-Puffs-4-Flavors-No-Nicotine-Vape-100x100.webp",100,100,true]},"uagb_author_info":{"display_name":"ESAMY","author_link":"https:\/\/vapestornado.com\/pl\/author\/"},"uagb_comment_info":2,"uagb_excerpt":"WASPE 100K \u2013 100,000 Puffs, 4 Flavors, One Powerful Disposable Vape Pen. Switch Flavors, Stay Powered \u2013 WASPE 100000 Puffs with Type-C Recharge. The Disposable Vape Pen Built for Europe \u2013 WASPE 100K, Big Clouds, Bigger Value. Add Amy's whatsapp to get right reply and discount price! WhatsApp: +86 17776015835 &nbsp;","_links":{"self":[{"href":"https:\/\/vapestornado.com\/pl\/wp-json\/wp\/v2\/product\/4319","targetHints":{"allow":["GET"]}}],"collection":[{"href":"https:\/\/vapestornado.com\/pl\/wp-json\/wp\/v2\/product"}],"about":[{"href":"https:\/\/vapestornado.com\/pl\/wp-json\/wp\/v2\/types\/product"}],"replies":[{"embeddable":true,"href":"https:\/\/vapestornado.com\/pl\/wp-json\/wp\/v2\/comments?post=4319"}],"wp:featuredmedia":[{"embeddable":true,"href":"https:\/\/vapestornado.com\/pl\/wp-json\/wp\/v2\/media\/4318"}],"wp:attachment":[{"href":"https:\/\/vapestornado.com\/pl\/wp-json\/wp\/v2\/media?parent=4319"}],"wp:term":[{"taxonomy":"product_brand","embeddable":true,"href":"https:\/\/vapestornado.com\/pl\/wp-json\/wp\/v2\/product_brand?post=4319"},{"taxonomy":"product_cat","embeddable":true,"href":"https:\/\/vapestornado.com\/pl\/wp-json\/wp\/v2\/product_cat?post=4319"},{"taxonomy":"product_tag","embeddable":true,"href":"https:\/\/vapestornado.com\/pl\/wp-json\/wp\/v2\/product_tag?post=4319"}],"curies":[{"name":"wp","href":"https:\/\/api.w.org\/{rel}","templated":true}]}}