{"id":4312,"date":"2025-08-28T08:42:28","date_gmt":"2025-08-28T08:42:28","guid":{"rendered":"https:\/\/vapestornado.com\/?post_type=product&#038;p=4312"},"modified":"2025-08-28T09:33:49","modified_gmt":"2025-08-28T09:33:49","slug":"original-wga-ultra-35k-35000-puff-rechargeable-crystal-disposable-nicotine-vape-best-discount-price","status":"publish","type":"product","link":"https:\/\/vapestornado.com\/pl\/product\/original-wga-ultra-35k-35000-puff-rechargeable-crystal-disposable-nicotine-vape-best-discount-price\/","title":{"rendered":"Oryginalny WGA ULTRA 35k 35000 Puff Jednorazowy Kryszta\u0142owy Vape Nikotynowy z Mo\u017cliwo\u015bci\u0105 \u0141adowania, Najlepsza Cena Promocyjna"},"content":{"rendered":"<h1 data-pm-slice=\"1 1 []\">Oryginalny WGA ULTRA 35k 35000 Puff Jednorazowy Kryszta\u0142owy Vape Nikotynowy z Mo\u017cliwo\u015bci\u0105 \u0141adowania, Najlepsza Cena Promocyjna<\/h1>\n<p data-start=\"361\" data-end=\"697\">Cyfrowy ekran <strong data-start=\"425\" data-end=\"466\">Jednorazowy Vape WGA Ultra 35k<\/strong> wyznacza nowy standard d\u0142ugotrwa\u0142ej wydajno\u015bci i g\u0142adkiego smaku w bran\u017cy vapingowej. Ten pot\u0119\u017cny waporyzator zapewnia do <strong data-start=\"519\" data-end=\"535\">35 000 zaci\u0105gni\u0119\u0107<\/strong>, co czyni go jednym z najbardziej wytrzyma\u0142ych jednorazowych vape'\u00f3w w swojej kategorii. Idealnie dopasowany rozmiar 108*48*23.6mm \u0142\u0105czy styl i praktyczno\u015b\u0107 do codziennego u\u017cytku.<\/p>\n<h3 data-start=\"699\" data-end=\"741\">35 000 Zaci\u0105gni\u0119\u0107 Dzi\u0119ki 35 ml E-liquidu<\/h3>\n<p data-start=\"742\" data-end=\"1051\">W przeciwie\u0144stwie do mniejszych jednoraz\u00f3wek, WGA 35k Disposable Vape zawiera hojne <strong data-start=\"817\" data-end=\"847\">35 ml wst\u0119pnie nape\u0142nionego e-liquidu<\/strong>, zapewniaj\u0105c, \u017ce ka\u017cda sesja jest pe\u0142na smaku. Niezale\u017cnie od tego, czy wolisz mocne uderzenie nikotyny, czy \u0142agodniejsze zaci\u0105gni\u0119cie, jest on dost\u0119pny w opcjach <strong data-start=\"969\" data-end=\"998\">2% i 5% nikotyny<\/strong>, co pozwala wybra\u0107 to, co pasuje do Twojego stylu \u017cycia.<\/p>\n<h3 data-start=\"1053\" data-end=\"1089\">Zasilanie z mo\u017cliwo\u015bci\u0105 \u0142adowania przez Type-C<\/h3>\n<p data-start=\"1090\" data-end=\"1396\">Wewn\u0105trz tej kompaktowej konstrukcji znajduje si\u0119 <strong data-start=\"1122\" data-end=\"1153\">akumulator 550mAh<\/strong> wspierane przez <strong data-start=\"1167\" data-end=\"1186\">\u0142adowanie typu C<\/strong>, zapewniaj\u0105c szybkie \u0142adowanie przy minimalnym czasie przestoju. W przeciwie\u0144stwie do typowych jednoraz\u00f3wek, kt\u00f3re ko\u0144cz\u0105 si\u0119, gdy bateria s\u0142abnie, to urz\u0105dzenie daje to, co najlepsze z obu \u015bwiat\u00f3w: wygod\u0119 jednoraz\u00f3wki z wydajno\u015bci\u0105 \u0142adowania.<\/p>\n<h3 data-start=\"1398\" data-end=\"1425\">Inteligentny cyfrowy wy\u015bwietlacz<\/h3>\n<p data-start=\"1426\" data-end=\"1715\">Koniec z zgadywaniem. Na <strong data-start=\"1448\" data-end=\"1467\">cyfrowy wy\u015bwietlacz<\/strong> wyra\u017anie wida\u0107 <strong data-start=\"1487\" data-end=\"1529\">procent na\u0142adowania baterii i poziom e-liquidu<\/strong>, dzi\u0119ki czemu masz kontrol\u0119 na ka\u017cdym kroku. To sprawia, \u017ce WGA Ultra 35k jest szczeg\u00f3lnie atrakcyjny dla m\u0119\u017cczyzn, kt\u00f3rzy chc\u0105 niezawodnego, prostego urz\u0105dzenia bez k\u0142opot\u00f3w z niepewno\u015bci\u0105.<\/p>\n<h3 data-start=\"1717\" data-end=\"1756\">Podw\u00f3jna Siatka Grzewcza dla Maksymalnego Smaku<\/h3>\n<p data-start=\"1757\" data-end=\"1990\">Wbudowany <strong data-start=\"1770\" data-end=\"1788\">podw\u00f3jna grza\u0142ka siatkowa<\/strong> wzmacnia ka\u017cde zaci\u0105gni\u0119cie, wytwarzaj\u0105c g\u0119ste chmury pary i mocny, sp\u00f3jny smak. Niezale\u017cnie od tego, czy lubisz owocowe mieszanki, czy lodowe klasyki, grza\u0142ka zapewnia p\u0142ynn\u0105 wydajno\u015b\u0107 bez ostrych lub spalonych uderze\u0144.<\/p>\n<h3 data-start=\"1992\" data-end=\"2019\">30 Smak\u00f3w do Odkrycia<\/h3>\n<p data-start=\"2020\" data-end=\"2342\">Dzi\u0119ki <strong data-start=\"2025\" data-end=\"2048\">30 ekscytuj\u0105cych smak\u00f3w<\/strong>, WGA Crystal Ultra 35k ma co\u015b dla ka\u017cdego podniebienia. Popularne wybory to <strong data-start=\"2130\" data-end=\"2206\">Jagoda Malina, Cola L\u00f3d, Red Bull, Mojito, Kaktus L\u00f3d, Pe\u0142nia Brzoskwini,<\/strong> i <strong data-start=\"2211\" data-end=\"2231\">Smoczy Owoc L\u00f3d<\/strong>. Od orze\u017awiaj\u0105cej mi\u0119ty po wyraziste mieszanki napoj\u00f3w gazowanych, ten vape zosta\u0142 zaprojektowany, aby zaspokoi\u0107 szeroki zakres gust\u00f3w europejskich.<\/p>\n<p><strong><span style=\"color: #ff0000;\">Dodaj Amy do WhatsAppa, aby uzyska\u0107 szybk\u0105 odpowied\u017a i kupon na vape!<\/span><\/strong><\/p>\n<p><img fetchpriority=\"high\" decoding=\"async\" class=\"size-full wp-image-2932\" src=\"https:\/\/vapestornado.com\/wp-content\/uploads\/2024\/12\/Vape-Wholesale.jpg\" alt=\"Hurtowa sprzeda\u017c e-papieros\u00f3w\" width=\"229\" height=\"300\" \/><\/p>\n<h3><a href=\"https:\/\/wa.me\/8617776015835\" target=\"_blank\" rel=\"noopener\"><span style=\"color: #ff0000;\"><strong>WhatsApp: +86 17776015835<\/strong><\/span><\/a><\/h3>\n<p>&nbsp;<\/p>\n<h2><strong>Cechy produktu WGA ULTRA 35k<\/strong><\/h2>\n<p>&nbsp;<\/p>\n<p>Puff: 35000 zaci\u0105gni\u0119\u0107<br \/>\nE-liquid: 35 ml<br \/>\nMoc nikotyny: 2%\/5%<br \/>\nBateria: 550 mAh z mo\u017cliwo\u015bci\u0105 \u0142adowania typu C<br \/>\nCyfrowy wy\u015bwietlacz oleju i e-liquidu<br \/>\nPodw\u00f3jna Siatka Grzewcza<br \/>\nRozmiar produktu: 108*48*23,6 mm<\/p>\n<figure id=\"attachment_4307\" aria-describedby=\"caption-attachment-4307\" style=\"width: 300px\" class=\"wp-caption alignnone\"><img decoding=\"async\" class=\"size-medium wp-image-4307\" src=\"https:\/\/vapestornado.com\/wp-content\/uploads\/2025\/08\/WGA-35K-Ultra-35000-Puffs-Rechargeable-Disposable-Vape-300x300.webp\" alt=\"WGA Ultra 35K 35000 Zaci\u0105gni\u0119\u0107 Jednorazowy Vape z mo\u017cliwo\u015bci\u0105 \u0142adowania\" width=\"300\" height=\"300\" srcset=\"https:\/\/vapestornado.com\/wp-content\/uploads\/2025\/08\/WGA-35K-Ultra-35000-Puffs-Rechargeable-Disposable-Vape-300x300.webp 300w, https:\/\/vapestornado.com\/wp-content\/uploads\/2025\/08\/WGA-35K-Ultra-35000-Puffs-Rechargeable-Disposable-Vape-150x150.webp 150w, https:\/\/vapestornado.com\/wp-content\/uploads\/2025\/08\/WGA-35K-Ultra-35000-Puffs-Rechargeable-Disposable-Vape-768x768.webp 768w, https:\/\/vapestornado.com\/wp-content\/uploads\/2025\/08\/WGA-35K-Ultra-35000-Puffs-Rechargeable-Disposable-Vape-12x12.webp 12w, https:\/\/vapestornado.com\/wp-content\/uploads\/2025\/08\/WGA-35K-Ultra-35000-Puffs-Rechargeable-Disposable-Vape-600x600.webp 600w, https:\/\/vapestornado.com\/wp-content\/uploads\/2025\/08\/WGA-35K-Ultra-35000-Puffs-Rechargeable-Disposable-Vape-100x100.webp 100w, https:\/\/vapestornado.com\/wp-content\/uploads\/2025\/08\/WGA-35K-Ultra-35000-Puffs-Rechargeable-Disposable-Vape.webp 800w\" sizes=\"(max-width: 300px) 100vw, 300px\" \/><figcaption id=\"caption-attachment-4307\" class=\"wp-caption-text\">WGA Ultra 35K 35000 Zaci\u0105gni\u0119\u0107 Jednorazowy Vape z mo\u017cliwo\u015bci\u0105 \u0142adowania<\/figcaption><\/figure>\n<h2 class=\"product-title\"><strong>Lista smak\u00f3w WGA Crystal ULTRA 35k<\/strong><\/h2>\n<p>1. Jagoda Malina<br \/>\n2. Cola L\u00f3d<br \/>\n3. Podw\u00f3jne Jab\u0142ko<br \/>\n4. Fanta<br \/>\n5. Red Bull<br \/>\n6. Truskawka L\u00f3d<br \/>\n7. L\u00f3d winogronowy<br \/>\n8. Cytryna Limonka<br \/>\n9. L\u00f3d arbuzowy<br \/>\n10. \u015awie\u017ca mi\u0119ta<br \/>\n11. Truskawka Kiwi<br \/>\n12. Kiwi Marakuja Guawa<br \/>\n13. Pan Niebieski<br \/>\n14. R\u00f3\u017cowa lemoniada<br \/>\n15. Herbata WGA (Mro\u017cona czarna herbata)<br \/>\n16. Brzoskwiniowy poca\u0142unek<br \/>\n17. Liczi z mi\u0119t\u0105<br \/>\n18. Soda z czarnej porzeczki<br \/>\n19. Kwa\u015bne jab\u0142ko z cytryn\u0105<br \/>\n20. Mieszane jagody<br \/>\n21. Kaktus Kiwi<br \/>\n22. Kaktus Ice<br \/>\n23. Smoczy Owoc L\u00f3d<br \/>\n24. Wi\u015bniowa Cola<br \/>\n25. Truskawka Redbull<br \/>\n26. Truskawka Arbuz<br \/>\n27. Jager Red Energy<br \/>\n28. Mojito<br \/>\n29. Zielone Jab\u0142ko<br \/>\n30. Szalony Niebieski L\u00f3d<\/p>\n<p>&nbsp;<\/p>\n<article class=\"w-full text-token-text-primary focus-visible:outline-2 focus-visible:outline-offset-[-4px]\" dir=\"auto\" data-testid=\"conversation-turn-32\" data-scroll-anchor=\"false\">\n<div class=\"m-auto text-base py-[18px] px-6\">\n<div class=\"mx-auto flex flex-1 text-base gap-4 md:gap-5 lg:gap-6 md:max-w-3xl lg:max-w-[40rem] xl:max-w-[48rem]\">\n<div class=\"group\/conversation-turn relative flex w-full min-w-0 flex-col @xs\/thread:px-0 @sm\/thread:px-1.5 @md\/thread:px-4\">\n<div class=\"flex-col gap-1 md:gap-3\">\n<div class=\"flex max-w-full flex-col flex-grow\">\n<div class=\"min-h-8 text-message flex w-full flex-col items-end gap-2 whitespace-normal break-words text-start [.text-message+&amp;]:mt-5\" dir=\"auto\" data-message-author-role=\"user\" data-message-id=\"ffac41ca-1db4-431b-873a-32c4052956f1\">\n<div class=\"flex w-full flex-col gap-1 empty:hidden items-end rtl:items-start\">\n<div class=\"relative max-w-[var(--user-chat-width,70%)] rounded-3xl bg-token-message-surface px-5 py-2.5\">\n<div class=\"absolute bottom-0 right-full top-0 -mr-3.5 hidden pr-5 pt-2 [.group\/conversation-turn:hover_&amp;]:flex\">\n<div class=\"flex\">\n<article class=\"w-full text-token-text-primary focus-visible:outline-2 focus-visible:outline-offset-[-4px]\" dir=\"auto\" data-testid=\"conversation-turn-39\" data-scroll-anchor=\"true\">\n<div class=\"m-auto text-base py-[18px] px-6\">\n<div class=\"mx-auto flex flex-1 text-base gap-4 md:gap-5 lg:gap-6 md:max-w-3xl lg:max-w-[40rem] xl:max-w-[48rem]\">\n<div class=\"group\/conversation-turn relative flex w-full min-w-0 flex-col agent-turn @xs\/thread:px-0 @sm\/thread:px-1.5 @md\/thread:px-4\">\n<div class=\"flex-col gap-1 md:gap-3\">\n<div class=\"flex max-w-full flex-col flex-grow\">\n<div class=\"min-h-8 text-message flex w-full flex-col items-end gap-2 whitespace-normal break-words text-start [.text-message+&amp;]:mt-5\" dir=\"auto\" data-message-author-role=\"assistant\" data-message-id=\"55a23854-ec57-48dd-bd4f-6118f43d6241\" data-message-model-slug=\"gpt-4o\">\n<div class=\"flex w-full flex-col gap-1 empty:hidden first:pt-[3px]\">\n<div class=\"markdown prose w-full break-words dark:prose-invert light\"><\/div>\n<\/div>\n<\/div>\n<\/div>\n<\/div>\n<\/div>\n<\/div>\n<\/div>\n<\/article>\n<\/div>\n<\/div>\n<\/div>\n<\/div>\n<\/div>\n<\/div>\n<\/div>\n<\/div>\n<\/div>\n<\/div>\n<\/article>\n<h2>Dlaczego warto wybra\u0107 WGA ULTRA 35k Vape?<\/h2>\n<div class=\"flex-shrink-0 flex flex-col relative items-end\">\n<div class=\"pt-0\">\n<div class=\"gizmo-bot-avatar flex h-8 w-8 items-center justify-center overflow-hidden rounded-full\">\n<div class=\"relative p-1 rounded-sm flex items-center justify-center bg-token-main-surface-primary text-token-text-primary h-8 w-8\">\n<p data-start=\"313\" data-end=\"860\">Cyfrowy ekran <strong data-start=\"317\" data-end=\"358\">WGA Crystal Ultra 35k Jednorazowy Vape<\/strong> jest stworzony dla waper\u00f3w, kt\u00f3rzy pragn\u0105 <strong data-start=\"388\" data-end=\"417\">mocy, smaku i kontroli<\/strong> w jednym eleganckim urz\u0105dzeniu. Z pojemno\u015bci\u0105 do <strong data-start=\"450\" data-end=\"466\">35 000 zaci\u0105gni\u0119\u0107<\/strong>, a <strong data-start=\"470\" data-end=\"493\">35 ml wst\u0119pnie nape\u0142nionego zbiornika<\/strong>i <strong data-start=\"501\" data-end=\"519\">podw\u00f3jna grza\u0142ka siatkowa<\/strong>, zapewnia wyrazisty smak przy ka\u017cdym zaci\u0105gni\u0119ciu. The <strong data-start=\"566\" data-end=\"591\">inteligentny wy\u015bwietlacz cyfrowy<\/strong> informuje na bie\u017c\u0105co o poziomach e-liquidu i baterii, a <strong data-start=\"652\" data-end=\"689\">akumulator USB-C o pojemno\u015bci 550 mAh<\/strong> zapewnia, \u017ce nigdy nie przegapisz \u017cadnego momentu. Dost\u0119pny w <strong data-start=\"734\" data-end=\"757\">30 ekscytuj\u0105cych smak\u00f3w<\/strong> i <strong data-start=\"762\" data-end=\"792\">st\u0119\u017ceniach nikotyny 2% lub 5%<\/strong>, to najlepszy wyb\u00f3r hurtowy dla czo\u0142owego europejskiego rynku vape.<\/p>\n<p data-start=\"313\" data-end=\"860\">Por\u00f3wnaj z <a href=\"https:\/\/vapestornado.com\/pl\/product\/wga-crystal-plus-20000-puff-vape-2-in-1-rechargeable-disposable-vape-wholesale-bulk-buy\/\">WGA 20K<\/a>, WGA 30K to ulepszenie zapewniaj\u0105ce wy\u017csz\u0105 jako\u015b\u0107 wapowania.<\/p>\n<\/div>\n<h3><\/h3>\n<div class=\"relative p-1 rounded-sm flex items-center justify-center bg-token-main-surface-primary text-token-text-primary h-8 w-8\">\n<h2>FAQ dotycz\u0105ce jednorazowego e-papierosa WGA Crystal ULTRA 35000<\/h2>\n<\/div>\n<\/div>\n<\/div>\n<\/div>\n<div class=\"flex-shrink-0 flex flex-col relative items-end\">\n<div class=\"pt-0\">\n<div class=\"gizmo-bot-avatar flex h-8 w-8 items-center justify-center overflow-hidden rounded-full\">\n<div class=\"relative p-1 rounded-sm flex items-center justify-center bg-token-main-surface-primary text-token-text-primary h-8 w-8\">\n<div class=\"mb-2 flex gap-3 empty:hidden -ml-2\">\n<p data-start=\"2405\" data-end=\"2541\"><strong data-start=\"2405\" data-end=\"2466\">1. Ile zaci\u0105gni\u0119\u0107 oferuje WGA Crystal Ultra 35k?<\/strong><br data-start=\"2466\" data-end=\"2469\" \/>Oferuje do <strong data-start=\"2485\" data-end=\"2501\">35 000 zaci\u0105gni\u0119\u0107<\/strong>, w zale\u017cno\u015bci od osobistych nawyk\u00f3w wapowania.<\/p>\n<p data-start=\"2543\" data-end=\"2713\"><strong data-start=\"2543\" data-end=\"2594\">2. Czy jednorazowy vape WGA 35k mo\u017cna \u0142adowa\u0107?<\/strong><br data-start=\"2594\" data-end=\"2597\" \/>Tak, jest wyposa\u017cony w <strong data-start=\"2618\" data-end=\"2656\">Akumulator 550mAh typu C z mo\u017cliwo\u015bci\u0105 \u0142adowania<\/strong>, umo\u017cliwiaj\u0105c \u0142adowanie podczas korzystania z tego samego urz\u0105dzenia.<\/p>\n<p data-start=\"2715\" data-end=\"2825\"><strong data-start=\"2715\" data-end=\"2759\">3. Jakie s\u0105 dost\u0119pne moce nikotyny?<\/strong><br data-start=\"2759\" data-end=\"2762\" \/>Urz\u0105dzenie jest dost\u0119pne w obu wersjach: <strong data-start=\"2794\" data-end=\"2822\">Poziomy nikotyny 2% i 5%<\/strong>.<\/p>\n<p data-start=\"2827\" data-end=\"3023\"><strong data-start=\"2827\" data-end=\"2896\">4. Co odr\u00f3\u017cnia WGA Ultra 35k od innych jednoraz\u00f3wek?<\/strong><br data-start=\"2896\" data-end=\"2899\" \/>Jego <strong data-start=\"2903\" data-end=\"2966\">podw\u00f3jna siatka grzewcza, cyfrowy wy\u015bwietlacz i pojemno\u015b\u0107 35 ml e-liquidu<\/strong> wyr\u00f3\u017cniaj\u0105 go, zapewniaj\u0105c zar\u00f3wno wydajno\u015b\u0107, jak i kontrol\u0119.<\/p>\n<p data-start=\"3025\" data-end=\"3207\"><strong data-start=\"3025\" data-end=\"3088\">5. Ile smak\u00f3w oferuje jednorazowy vape WGA 35k?<\/strong><br data-start=\"3088\" data-end=\"3091\" \/>Jest dost\u0119pny w <strong data-start=\"3103\" data-end=\"3117\">30 smak\u00f3w<\/strong>, od owocowych mieszanek, takich jak Strawberry Kiwi, po odwa\u017cne opcje, takie jak Jager Red Energy.<\/p>\n<\/div>\n<\/div>\n<\/div>\n<\/div>\n<\/div>","protected":false},"excerpt":{"rendered":"<p data-start=\"274\" data-end=\"349\"><strong data-start=\"274\" data-end=\"347\">Hurtownia jednorazowych e-papieros\u00f3w WGA Crystal Ultra 35k 35000 zaci\u0105gni\u0119\u0107 w Europie<\/strong><\/p>\n<p data-start=\"274\" data-end=\"349\"><strong data-start=\"353\" data-end=\"424\">WGA 35k Jednorazowy Vape z Cyfrowym Wy\u015bwietlaczem<\/strong><\/p>\n<p data-start=\"430\" data-end=\"494\"><strong data-start=\"430\" data-end=\"492\">Kup e-papierosa WGA Ultra 35000 zaci\u0105gni\u0119\u0107 online \u2013 najlepsza cena z rabatem<\/strong><\/p>\n<p><strong>Dodaj Amy na WhatsApp, aby uzyska\u0107 w\u0142a\u015bciw\u0105 odpowied\u017a i cen\u0119 z rabatem!<\/strong><\/p>\n<p><img fetchpriority=\"high\" decoding=\"async\" class=\"size-full wp-image-2932\" src=\"https:\/\/vapestornado.com\/wp-content\/uploads\/2024\/12\/Vape-Wholesale.jpg\" alt=\"Hurtowa sprzeda\u017c e-papieros\u00f3w\" width=\"229\" height=\"300\" \/><\/p>\n<h3><a href=\"https:\/\/wa.me\/8617776015835\"><span style=\"color: #ff0000;\"><strong>WhatsApp: +86 17776015835<\/strong><\/span><\/a><\/h3>\n<p>&nbsp;<\/p>","protected":false},"featured_media":4311,"comment_status":"open","ping_status":"closed","template":"","meta":{"_acf_changed":false,"_uag_custom_page_level_css":"","_lmt_disableupdate":"no","_lmt_disable":"","_monsterinsights_skip_tracking":false,"_monsterinsights_sitenote_active":false,"_monsterinsights_sitenote_note":"","_monsterinsights_sitenote_category":0,"site-sidebar-layout":"default","site-content-layout":"","ast-site-content-layout":"default","site-content-style":"default","site-sidebar-style":"default","ast-global-header-display":"","ast-banner-title-visibility":"","ast-main-header-display":"","ast-hfb-above-header-display":"","ast-hfb-below-header-display":"","ast-hfb-mobile-header-display":"","site-post-title":"","ast-breadcrumbs-content":"","ast-featured-img":"","footer-sml-layout":"","ast-disable-related-posts":"","theme-transparent-header-meta":"default","adv-header-id-meta":"","stick-header-meta":"","header-above-stick-meta":"","header-main-stick-meta":"","header-below-stick-meta":"","astra-migrate-meta-layouts":"set","ast-page-background-enabled":"default","ast-page-background-meta":{"desktop":{"background-color":"","background-image":"","background-repeat":"repeat","background-position":"center center","background-size":"auto","background-attachment":"scroll","background-type":"","background-media":"","overlay-type":"","overlay-color":"","overlay-opacity":"","overlay-gradient":""},"tablet":{"background-color":"","background-image":"","background-repeat":"repeat","background-position":"center center","background-size":"auto","background-attachment":"scroll","background-type":"","background-media":"","overlay-type":"","overlay-color":"","overlay-opacity":"","overlay-gradient":""},"mobile":{"background-color":"","background-image":"","background-repeat":"repeat","background-position":"center center","background-size":"auto","background-attachment":"scroll","background-type":"","background-media":"","overlay-type":"","overlay-color":"","overlay-opacity":"","overlay-gradient":""}},"ast-content-background-meta":{"desktop":{"background-color":"var(--ast-global-color-5)","background-image":"","background-repeat":"repeat","background-position":"center center","background-size":"auto","background-attachment":"scroll","background-type":"","background-media":"","overlay-type":"","overlay-color":"","overlay-opacity":"","overlay-gradient":""},"tablet":{"background-color":"var(--ast-global-color-5)","background-image":"","background-repeat":"repeat","background-position":"center center","background-size":"auto","background-attachment":"scroll","background-type":"","background-media":"","overlay-type":"","overlay-color":"","overlay-opacity":"","overlay-gradient":""},"mobile":{"background-color":"var(--ast-global-color-5)","background-image":"","background-repeat":"repeat","background-position":"center center","background-size":"auto","background-attachment":"scroll","background-type":"","background-media":"","overlay-type":"","overlay-color":"","overlay-opacity":"","overlay-gradient":""}},"_joinchat":{"telephone":"17776015835"}},"product_brand":[],"product_cat":[19,175,149,158,143,146,171],"product_tag":[342,340,339,341],"class_list":{"0":"post-4312","1":"product","2":"type-product","3":"status-publish","4":"has-post-thumbnail","6":"product_cat-vapes","7":"product_cat-35000-puff","8":"product_cat-buy-disposable-vapes-in-austria","9":"product_cat-buy-disposable-vapes-in-spain","10":"product_cat-dual-mesh-disposable-vapes","11":"product_cat-rechargeable-disposable-vapes","12":"product_cat-vapsolo-disposable-vapes","13":"product_tag-wga-35000-puff","14":"product_tag-wga-35k","15":"product_tag-wga-crystal-ultra-35k","16":"product_tag-wga-crystal-vape","17":"desktop-align-left","18":"tablet-align-left","19":"mobile-align-left","21":"first","22":"instock","23":"sale","24":"shipping-taxable","25":"purchasable","26":"product-type-simple"},"acf":[],"uagb_featured_image_src":{"full":["https:\/\/vapestornado.com\/wp-content\/uploads\/2025\/08\/Wholesale-WGA-Ultra-35000-Puffs-Disposable-Vape.webp",800,800,false],"thumbnail":["https:\/\/vapestornado.com\/wp-content\/uploads\/2025\/08\/Wholesale-WGA-Ultra-35000-Puffs-Disposable-Vape-150x150.webp",150,150,true],"medium":["https:\/\/vapestornado.com\/wp-content\/uploads\/2025\/08\/Wholesale-WGA-Ultra-35000-Puffs-Disposable-Vape-300x300.webp",300,300,true],"medium_large":["https:\/\/vapestornado.com\/wp-content\/uploads\/2025\/08\/Wholesale-WGA-Ultra-35000-Puffs-Disposable-Vape-768x768.webp",768,768,true],"large":["https:\/\/vapestornado.com\/wp-content\/uploads\/2025\/08\/Wholesale-WGA-Ultra-35000-Puffs-Disposable-Vape.webp",800,800,false],"1536x1536":["https:\/\/vapestornado.com\/wp-content\/uploads\/2025\/08\/Wholesale-WGA-Ultra-35000-Puffs-Disposable-Vape.webp",800,800,false],"2048x2048":["https:\/\/vapestornado.com\/wp-content\/uploads\/2025\/08\/Wholesale-WGA-Ultra-35000-Puffs-Disposable-Vape.webp",800,800,false],"trp-custom-language-flag":["https:\/\/vapestornado.com\/wp-content\/uploads\/2025\/08\/Wholesale-WGA-Ultra-35000-Puffs-Disposable-Vape-12x12.webp",12,12,true],"woocommerce_thumbnail":["https:\/\/vapestornado.com\/wp-content\/uploads\/2025\/08\/Wholesale-WGA-Ultra-35000-Puffs-Disposable-Vape-300x300.webp",300,300,true],"woocommerce_single":["https:\/\/vapestornado.com\/wp-content\/uploads\/2025\/08\/Wholesale-WGA-Ultra-35000-Puffs-Disposable-Vape-600x600.webp",600,600,true],"woocommerce_gallery_thumbnail":["https:\/\/vapestornado.com\/wp-content\/uploads\/2025\/08\/Wholesale-WGA-Ultra-35000-Puffs-Disposable-Vape-100x100.webp",100,100,true]},"uagb_author_info":{"display_name":"ESAMY","author_link":"https:\/\/vapestornado.com\/pl\/author\/"},"uagb_comment_info":1,"uagb_excerpt":"WGA Crystal Ultra 35k Disposable Vape 35000 Puffs Wholesale in Europe WGA 35k Disposable Vape with Digital Display &amp; Rechargeable Battery Buy WGA Ultra 35000 Puff Vape Online \u2013 Best Discount Price Add Amy's whatsapp to get right reply and discount price! WhatsApp: +86 17776015835 &nbsp;","_links":{"self":[{"href":"https:\/\/vapestornado.com\/pl\/wp-json\/wp\/v2\/product\/4312","targetHints":{"allow":["GET"]}}],"collection":[{"href":"https:\/\/vapestornado.com\/pl\/wp-json\/wp\/v2\/product"}],"about":[{"href":"https:\/\/vapestornado.com\/pl\/wp-json\/wp\/v2\/types\/product"}],"replies":[{"embeddable":true,"href":"https:\/\/vapestornado.com\/pl\/wp-json\/wp\/v2\/comments?post=4312"}],"wp:featuredmedia":[{"embeddable":true,"href":"https:\/\/vapestornado.com\/pl\/wp-json\/wp\/v2\/media\/4311"}],"wp:attachment":[{"href":"https:\/\/vapestornado.com\/pl\/wp-json\/wp\/v2\/media?parent=4312"}],"wp:term":[{"taxonomy":"product_brand","embeddable":true,"href":"https:\/\/vapestornado.com\/pl\/wp-json\/wp\/v2\/product_brand?post=4312"},{"taxonomy":"product_cat","embeddable":true,"href":"https:\/\/vapestornado.com\/pl\/wp-json\/wp\/v2\/product_cat?post=4312"},{"taxonomy":"product_tag","embeddable":true,"href":"https:\/\/vapestornado.com\/pl\/wp-json\/wp\/v2\/product_tag?post=4312"}],"curies":[{"name":"wp","href":"https:\/\/api.w.org\/{rel}","templated":true}]}}