{"id":4126,"date":"2025-04-14T03:07:08","date_gmt":"2025-04-14T03:07:08","guid":{"rendered":"https:\/\/vapestornado.com\/?post_type=product&#038;p=4126"},"modified":"2025-12-05T06:58:11","modified_gmt":"2025-12-05T06:58:11","slug":"bang-box-50000-puff-50k-disposables-vape-pod-double-flavour","status":"publish","type":"product","link":"https:\/\/vapestornado.com\/pl\/product\/bang-box-50000-puff-50k-disposables-vape-pod-double-flavour\/","title":{"rendered":"Bang Box 50000 zaci\u0105gni\u0119\u0107 50k Jednorazowy Podw\u00f3jny smak"},"content":{"rendered":"<h2 data-pm-slice=\"1 1 []\">Bang Box 50000 zaci\u0105gni\u0119\u0107 50k Jednorazowy Podw\u00f3jny smak<\/h2>\n<p data-start=\"1203\" data-end=\"1522\">Bang Box 50000 Puf mie\u015bci 45ml zbiornik o podw\u00f3jnym smaku, 850mAh \u0142adowalny akumulator typu-C, cewk\u0119 mesh i inteligentny ekran w jednym urz\u0105dzeniu, kt\u00f3re zapewnia do 50 000 puf\u00f3w bez konieczno\u015bci cz\u0119stej wymiany.<\/p>\n<p data-start=\"568\" data-end=\"863\"><strong data-start=\"568\" data-end=\"608\">Do 50 000 puf\u00f3w z zbiornikiem 45ml:<\/strong><br data-start=\"608\" data-end=\"611\" \/>Bang Box 50k jest zaprojektowany do d\u0142ugotrwa\u0142ego codziennego u\u017cytku. The <strong data-start=\"656\" data-end=\"684\">45ml wst\u0119pnie nape\u0142niony zbiornik<\/strong> wspiera <strong data-start=\"698\" data-end=\"720\">ocen\u0119 50 000 puf\u00f3w<\/strong>, wi\u0119c u\u017cytkownicy zazwyczaj korzystaj\u0105 z urz\u0105dzenia znacznie d\u0142u\u017cej ni\u017c przy wymianie na jednorazowe 10k\u201320k. To r\u00f3wnie\u017c utrzymuje koszt za puf\u0119 na sta\u0142ym poziomie w czasie.<\/p>\n<p data-start=\"865\" data-end=\"1176\"><strong data-start=\"865\" data-end=\"916\">System podw\u00f3jnego smaku dla natychmiastowej zmiany:<\/strong><br data-start=\"916\" data-end=\"919\" \/>Dwa profile smakowe s\u0105 wbudowane w jedno urz\u0105dzenie. The <strong data-start=\"970\" data-end=\"991\">podw\u00f3jny system smaku<\/strong> pozwala u\u017cytkownikom zmienia\u0107 smaki kiedy tylko chc\u0105, bez konieczno\u015bci noszenia drugiego e-papierosa lub czekania na nape\u0142nienie. Jest to praktyczne dla os\u00f3b, kt\u00f3re codziennie prze\u0142\u0105czaj\u0105 si\u0119 mi\u0119dzy s\u0142odkimi a ch\u0142odnymi profilami.<\/p>\n<p data-start=\"1178\" data-end=\"1456\"><strong data-start=\"1178\" data-end=\"1220\">Mesh cewka dla stabilnej pary i smaku:<\/strong><br data-start=\"1220\" data-end=\"1223\" \/>Bang Box 50000 puf u\u017cywa <strong data-start=\"1237\" data-end=\"1261\">technologii mesh coil<\/strong> do r\u00f3wnomiernego podgrzewania e-liquidu. To pomaga unika\u0107 ostrej suchej chrypy i utrzymuje g\u0142adk\u0105 wydajno\u015b\u0107 pary na du\u017cym zbiorniku \u2014 co jest wa\u017cne w urz\u0105dzeniach o du\u017cej pojemno\u015bci, gdzie utrata smaku mo\u017ce pojawi\u0107 si\u0119 p\u00f3\u017ano w cyklu \u017cycia.<\/p>\n<p data-start=\"1458\" data-end=\"1707\"><strong data-start=\"1458\" data-end=\"1507\">Inteligentny cyfrowy wy\u015bwietlacz do \u015bledzenia w czasie rzeczywistym:<\/strong><br data-start=\"1507\" data-end=\"1510\" \/>Cyfrowy ekran <strong data-start=\"1514\" data-end=\"1530\">inteligentnego ekranu<\/strong> pokazuje <strong data-start=\"1537\" data-end=\"1573\">poziom na\u0142adowania baterii i poziom e-liquidu<\/strong> podczas vapowania. To eliminuje zgadywank\u0119, dzi\u0119ki czemu u\u017cytkownicy mog\u0105 na\u0142adowa\u0107 urz\u0105dzenie zanim moc spadnie i unikn\u0105\u0107 niespodziewanych suchych zaci\u0105gni\u0119\u0107 pod koniec tanku.<\/p>\n<p data-start=\"1709\" data-end=\"1964\"><strong data-start=\"1709\" data-end=\"1748\">Akumulator typu-C o pojemno\u015bci 850mAh do \u0142adowania:<\/strong><br data-start=\"1748\" data-end=\"1751\" \/>Cyfrowy ekran <strong data-start=\"1755\" data-end=\"1773\">Bateria 850mAh<\/strong> jest wystarczaj\u0105co du\u017cy na du\u017cy tank i wysok\u0105 liczb\u0119 zaci\u0105gni\u0119\u0107. Z <strong data-start=\"1824\" data-end=\"1852\">szybkie \u0142adowanie USB typu C<\/strong>, czas przestoju jest kr\u00f3tki, a u\u017cytkownicy mog\u0105 doko\u0144czy\u0107 pe\u0142n\u0105 ilo\u015b\u0107 p\u0142ynu zamiast wyrzuca\u0107 urz\u0105dzenie wcze\u015bniej z powodu niskiej mocy.<\/p>\n<p data-start=\"666\" data-end=\"1235\"><strong style=\"font-size: 16px;\"><span style=\"color: #ff0000;\">Dodaj Amy na WhatsApp, aby uzyska\u0107 szybk\u0105 odpowied\u017a i cen\u0119 ze zni\u017ck\u0105!<\/span><\/strong><\/p>\n<p><img fetchpriority=\"high\" decoding=\"async\" class=\"size-full wp-image-2932\" src=\"https:\/\/vapestornado.com\/wp-content\/uploads\/2024\/12\/Vape-Wholesale.jpg\" alt=\"Hurtowa sprzeda\u017c e-papieros\u00f3w\" width=\"229\" height=\"300\" \/><\/p>\n<h3><a href=\"https:\/\/wa.me\/8617776015835\" target=\"_blank\" rel=\"noopener\"><span style=\"color: #ff0000;\"><strong>WhatsApp: +86 17776015835<\/strong><\/span><\/a><\/h3>\n<h2><\/h2>\n<h2 data-start=\"1258\" data-end=\"1303\"><strong data-start=\"1265\" data-end=\"1303\">Dlaczego Bang Box 50k to pozycja obowi\u0105zkowa<\/strong><\/h2>\n<table>\n<thead>\n<tr>\n<th>Funkcja \/ Parametr<\/th>\n<th align=\"right\">Specyfikacja<\/th>\n<th>Wyja\u015bnienie<\/th>\n<\/tr>\n<\/thead>\n<tbody>\n<tr>\n<td>Nazwa produktu<\/td>\n<td align=\"right\">Jednorazowego e-papierosa Bang Box 50000 zaci\u0105gni\u0119\u0107<\/td>\n<td>Przejrzysta nazwa modelu dla powtarzalnych zam\u00f3wie\u0144 i wyszukiwania.<\/td>\n<\/tr>\n<tr>\n<td>Pojemno\u015b\u0107 zaci\u0105gni\u0119\u0107<\/td>\n<td align=\"right\">Do 50 000 zaci\u0105gni\u0119\u0107<\/td>\n<td>Wysokowydajny jednorazowy; mniej wymian.<\/td>\n<\/tr>\n<tr>\n<td>Obj\u0119to\u015b\u0107 E-Liquidu<\/td>\n<td align=\"right\">45ml wst\u0119pnie nape\u0142nione<\/td>\n<td>Du\u017cy zbiornik wspiera d\u0142ugie sesje bez konieczno\u015bci uzupe\u0142niania.<\/td>\n<\/tr>\n<tr>\n<td>System Smaku<\/td>\n<td align=\"right\">Vape z Podw\u00f3jnym Smakiem<\/td>\n<td>Dwa smaki w jednym urz\u0105dzeniu; prze\u0142\u0105czaj w dowolnym momencie.<\/td>\n<\/tr>\n<tr>\n<td>Typ Grza\u0142ki<\/td>\n<td align=\"right\">Cewka Mesh<\/td>\n<td>R\u00f3wnomierne podgrzewanie = p\u0142ynniejsze zaci\u0105gni\u0119cia i bardziej stabilny smak.<\/td>\n<\/tr>\n<tr>\n<td>Bateria<\/td>\n<td align=\"right\">850mAh do\u0142adowywalna bateria<\/td>\n<td>Na\u0142aduj, aby wykorzysta\u0107 ca\u0142y e-liquid zamiast marnowa\u0107 zaci\u0105gni\u0119cia.<\/td>\n<\/tr>\n<tr>\n<td>\u0141adowanie<\/td>\n<td align=\"right\">USB Typ-C<\/td>\n<td>Standard szybkiego \u0142adowania; \u0142atwy dost\u0119p do kabla.<\/td>\n<\/tr>\n<tr>\n<td>Wy\u015bwietlacz<\/td>\n<td align=\"right\">Inteligentny cyfrowy ekran<\/td>\n<td>Pokazuje poziom baterii + e-liquid w czasie rzeczywistym.<\/td>\n<\/tr>\n<tr>\n<td>U\u017cytkownicy docelowi<\/td>\n<td align=\"right\">Casualowi do intensywnych vaper\u00f3w<\/td>\n<td>D\u0142uga pojemno\u015b\u0107 i prosta obs\u0142uga pasuj\u0105 do obu grup.<\/td>\n<\/tr>\n<tr>\n<td>Dopasowanie do rynku<\/td>\n<td align=\"right\">Sprzeda\u017c detaliczna i hurtowa w Polsce<\/td>\n<td>Wysoka liczba zaci\u0105gni\u0119\u0107 + podw\u00f3jny smak wspiera powtarzalne zakupy.<\/td>\n<\/tr>\n<\/tbody>\n<\/table>\n<h2 class=\"product-title\"><strong>Recenzja smak\u00f3w jednoraz\u00f3wek Bang Box 50000 Puff<\/strong><\/h2>\n<article class=\"w-full text-token-text-primary focus-visible:outline-2 focus-visible:outline-offset-[-4px]\" dir=\"auto\" data-testid=\"conversation-turn-32\" data-scroll-anchor=\"false\">\n<div class=\"m-auto text-base py-[18px] px-6\">\n<div class=\"mx-auto flex flex-1 text-base gap-4 md:gap-5 lg:gap-6 md:max-w-3xl lg:max-w-[40rem] xl:max-w-[48rem]\">\n<div class=\"group\/conversation-turn relative flex w-full min-w-0 flex-col @xs\/thread:px-0 @sm\/thread:px-1.5 @md\/thread:px-4\">\n<div class=\"flex-col gap-1 md:gap-3\">\n<div class=\"flex max-w-full flex-col flex-grow\">\n<div class=\"min-h-8 text-message flex w-full flex-col items-end gap-2 whitespace-normal break-words text-start [.text-message+&amp;]:mt-5\" dir=\"auto\" data-message-author-role=\"user\" data-message-id=\"ffac41ca-1db4-431b-873a-32c4052956f1\">\n<div class=\"flex w-full flex-col gap-1 empty:hidden items-end rtl:items-start\">\n<div class=\"relative max-w-[var(--user-chat-width,70%)] rounded-3xl bg-token-message-surface px-5 py-2.5\">\n<div class=\"absolute bottom-0 right-full top-0 -mr-3.5 hidden pr-5 pt-2 [.group\/conversation-turn:hover_&amp;]:flex\">\n<div class=\"flex\">\n<article class=\"w-full text-token-text-primary focus-visible:outline-2 focus-visible:outline-offset-[-4px]\" dir=\"auto\" data-testid=\"conversation-turn-39\" data-scroll-anchor=\"true\">\n<div class=\"m-auto text-base py-[18px] px-6\">\n<div class=\"mx-auto flex flex-1 text-base gap-4 md:gap-5 lg:gap-6 md:max-w-3xl lg:max-w-[40rem] xl:max-w-[48rem]\">\n<div class=\"group\/conversation-turn relative flex w-full min-w-0 flex-col agent-turn @xs\/thread:px-0 @sm\/thread:px-1.5 @md\/thread:px-4\">\n<div class=\"flex-col gap-1 md:gap-3\">\n<div class=\"flex max-w-full flex-col flex-grow\">\n<div class=\"min-h-8 text-message flex w-full flex-col items-end gap-2 whitespace-normal break-words text-start [.text-message+&amp;]:mt-5\" dir=\"auto\" data-message-author-role=\"assistant\" data-message-id=\"55a23854-ec57-48dd-bd4f-6118f43d6241\" data-message-model-slug=\"gpt-4o\">\n<div class=\"flex w-full flex-col gap-1 empty:hidden first:pt-[3px]\">\n<div class=\"markdown prose w-full break-words dark:prose-invert light\">\n<p class=\"\" data-start=\"2451\" data-end=\"2502\">1. Truskawka Kiwi<br \/>\n2.Arbuzowa Guma Balonowa<br \/>\n3.Ananas Mango Brzoskwinia<br \/>\n4.Nap\u00f3j energetyczny<br \/>\n5.Sok Brzoskwiniowy<br \/>\n6.Jab\u0142ko Gruszka<br \/>\n7.Jagodowy L\u00f3d<br \/>\n8.Czarny Smoczy L\u00f3d<br \/>\n9.Jagoda Kwa\u015bna Malina L\u00f3d<br \/>\n10.Truskawka Malina Cukierki<br \/>\n11.Niebieska Malina L\u00f3d<br \/>\n12. Lody truskawkowe<\/p>\n<figure id=\"attachment_4121\" aria-describedby=\"caption-attachment-4121\" style=\"width: 851px\" class=\"wp-caption alignnone\"><img decoding=\"async\" class=\"wp-image-4121 size-full\" src=\"https:\/\/vapestornado.com\/wp-content\/uploads\/2025\/04\/Bang-Box-50000-Puff-50k-Vape.webp\" alt=\"Bang Box 50000 zaci\u0105gni\u0119\u0107 50k Vape\" width=\"851\" height=\"851\" srcset=\"https:\/\/vapestornado.com\/wp-content\/uploads\/2025\/04\/Bang-Box-50000-Puff-50k-Vape.webp 851w, https:\/\/vapestornado.com\/wp-content\/uploads\/2025\/04\/Bang-Box-50000-Puff-50k-Vape-300x300.webp 300w, https:\/\/vapestornado.com\/wp-content\/uploads\/2025\/04\/Bang-Box-50000-Puff-50k-Vape-150x150.webp 150w, https:\/\/vapestornado.com\/wp-content\/uploads\/2025\/04\/Bang-Box-50000-Puff-50k-Vape-768x768.webp 768w, https:\/\/vapestornado.com\/wp-content\/uploads\/2025\/04\/Bang-Box-50000-Puff-50k-Vape-600x600.webp 600w, https:\/\/vapestornado.com\/wp-content\/uploads\/2025\/04\/Bang-Box-50000-Puff-50k-Vape-100x100.webp 100w\" sizes=\"(max-width: 851px) 100vw, 851px\" \/><figcaption id=\"caption-attachment-4121\" class=\"wp-caption-text\">Bang Box 50000 zaci\u0105gni\u0119\u0107 50k Vape<\/figcaption><\/figure>\n<\/div>\n<\/div>\n<\/div>\n<\/div>\n<\/div>\n<\/div>\n<\/div>\n<\/div>\n<\/article>\n<\/div>\n<\/div>\n<\/div>\n<\/div>\n<\/div>\n<\/div>\n<\/div>\n<\/div>\n<\/div>\n<\/div>\n<\/article>\n<h2>Dlaczego warto wybra\u0107 Vapestornado do hurtowej sprzeda\u017cy Bang Box 50000 zaci\u0105gni\u0119\u0107?<\/h2>\n<div class=\"flex-shrink-0 flex flex-col relative items-end\">\n<div class=\"pt-0\">\n<div class=\"gizmo-bot-avatar flex h-8 w-8 items-center justify-center overflow-hidden rounded-full\">\n<div class=\"relative p-1 rounded-sm flex items-center justify-center bg-token-main-surface-primary text-token-text-primary h-8 w-8\">\n<p>W Vapestornado nie tylko sprzedajemy e-papierosy \u2013 dostarczamy warto\u015b\u0107, jako\u015b\u0107 i us\u0142ugi, na kt\u00f3re mo\u017cesz liczy\u0107. Jako zaufany dostawca hurtowy <strong data-start=\"410\" data-end=\"449\">Jednorazowego e-papierosa Bang Box 50000 zaci\u0105gni\u0119\u0107<\/strong>, oferujemy <strong data-start=\"460\" data-end=\"488\">konkurencyjne ceny hurtowe<\/strong>, zapewniaj\u0105c <strong data-start=\"511\" data-end=\"537\">najni\u017csze stawki hurtowe<\/strong> bez kompromis\u00f3w w kwestii autentyczno\u015bci produktu. Nasz zesp\u00f3\u0142 wybiera tylko <strong data-start=\"608\" data-end=\"634\">oryginalne produkty<\/strong> z gwarancj\u0105 wydajno\u015bci i sp\u00f3jno\u015bci smaku. Z <strong data-start=\"692\" data-end=\"716\">szybka wysy\u0142ka globalna<\/strong>, dedykowany <strong data-start=\"730\" data-end=\"766\">mened\u017cer konta dla klient\u00f3w hurtowych<\/strong>, oraz aktualizacje zapas\u00f3w w czasie rzeczywistym, dzi\u0119ki czemu Twoja firma wyprzedza konkurencj\u0119. Niezale\u017cnie od tego, czy jeste\u015b sklepem z e-papierosami, dystrybutorem czy sprzedawc\u0105 internetowym, <strong data-start=\"901\" data-end=\"917\">Vapestornado<\/strong> jest Twoim niezawodnym partnerem w zakresie <strong data-start=\"947\" data-end=\"994\">produkt\u00f3w o wysokim popycie, takich jak Bang Box 50k Puff<\/strong>\u2014wspierany przez profesjonaln\u0105 obs\u0142ug\u0119 i bezkonkurencyjne oferty.<\/p>\n<p data-start=\"559\" data-end=\"933\" data-is-last-node=\"\" data-is-only-node=\"\">Mamy te\u017c inne popularne vape z ekranem, takie jak <a href=\"https:\/\/vapestornado.com\/pl\/product\/solaris-25000-puff-solar-charging-dispsoable-vape-kit-usa\/\">SOLARIS 25000 PUFF\u00d3W<\/a>, <a href=\"https:\/\/vapestornado.com\/pl\/product\/elfbar-planet-25000-wholesale-disposable-vape-kit-with-digital-screen\/\">ELF BAR Planet 25000<\/a>, <a href=\"https:\/\/vapestornado.com\/pl\/product\/elfworld-ai22000-22k-puff-disposable-vape-pen-kit-best-seller-in-poland\/\">Elf WORLD AI 22000<\/a>, i wiele innych.<\/p>\n<\/div>\n<div class=\"relative p-1 rounded-sm flex items-center justify-center bg-token-main-surface-primary text-token-text-primary h-8 w-8\">\n<h2>FAQ<\/h2>\n<p data-start=\"3043\" data-end=\"3258\"><strong data-start=\"3043\" data-end=\"3118\">1. Czy jednorazowe urz\u0105dzenia potrzebuj\u0105 specjalnej \u0142adowarki do Bang Box 50000 Puff?<\/strong><br data-start=\"3118\" data-end=\"3121\" \/>Nie. The <strong data-start=\"3129\" data-end=\"3168\">Jednorazowego e-papierosa Bang Box 50000 zaci\u0105gni\u0119\u0107<\/strong> u\u017cywa <strong data-start=\"3174\" data-end=\"3188\">USB Typ-C<\/strong>, wi\u0119c dowolny standardowy kabel typu-C i bezpieczny zasilacz USB b\u0119d\u0105 dzia\u0142a\u0107.<\/p>\n<p data-start=\"3260\" data-end=\"3561\"><strong data-start=\"3260\" data-end=\"3350\">2. Kt\u00f3re jednorazowe urz\u0105dzenie faktycznie wytrzymuje najd\u0142u\u017cej: Bang Box 50000 Puff czy Bang Box 30k?<\/strong><br data-start=\"3350\" data-end=\"3353\" \/>W codziennym u\u017cytkowaniu <strong data-start=\"3374\" data-end=\"3397\">Bang Box 50000 Puf<\/strong> zazwyczaj wytrzymuje d\u0142u\u017cej, poniewa\u017c \u0142\u0105czy <strong data-start=\"3441\" data-end=\"3500\">50 000 zaci\u0105gni\u0119\u0107, 45ml e-liquid, oraz akumulator do \u0142adowania<\/strong>, podczas gdy wi\u0119kszo\u015b\u0107 modeli 30k ma mniej p\u0142ynu i szybciej si\u0119 wyczerpuje.<\/p>\n<p data-start=\"3563\" data-end=\"3814\"><strong data-start=\"3563\" data-end=\"3627\">3. Czy system podw\u00f3jnego smaku Bang Box 50000 Puff jest tego wart?<\/strong><br data-start=\"3627\" data-end=\"3630\" \/>Tak, je\u015bli r\u00f3\u017cnorodno\u015b\u0107 smak\u00f3w ma znaczenie. The <strong data-start=\"3665\" data-end=\"3705\">Bang Box 50000 Puff podw\u00f3jny smak vape<\/strong> format daje dwa profile w jednym urz\u0105dzeniu, wi\u0119c zmiana smak\u00f3w jest natychmiastowa i nie wymaga drugiego urz\u0105dzenia.<\/p>\n<p data-start=\"3816\" data-end=\"4050\"><strong data-start=\"3816\" data-end=\"3886\">4. Czy Bang Box 50000 Puff utrzymuje intensywno\u015b\u0107 smaku blisko ko\u0144ca?<\/strong><br data-start=\"3886\" data-end=\"3889\" \/>Cyfrowy ekran <strong data-start=\"3893\" data-end=\"3906\">siatka grzewcza<\/strong> pomaga utrzyma\u0107 r\u00f3wnomierne podgrzewanie w du\u017cym zbiorniku, zmniejszaj\u0105c spadek smaku na ko\u0144cu i suchy zaci\u0105g, kt\u00f3re mog\u0105 si\u0119 zdarzy\u0107 w wysokowydajnych jednorazowych urz\u0105dzeniach.<\/p>\n<p data-start=\"4052\" data-end=\"4308\"><strong data-start=\"4052\" data-end=\"4122\">5. Czy mog\u0119 zabra\u0107 jednorazowy vape Bang Box 50000 Puff na samolot?<\/strong><br data-start=\"4122\" data-end=\"4125\" \/>Wi\u0119kszo\u015b\u0107 linii lotniczych zezwala na jednorazowe e-papierosy <strong data-start=\"4157\" data-end=\"4185\">tylko w baga\u017cu podr\u0119cznym<\/strong>, nie do baga\u017cu rejestrowanego, poniewa\u017c zawieraj\u0105 baterie. Trzymaj w <strong data-start=\"4246\" data-end=\"4269\">Bang Box 50000 Puf<\/strong> zamkni\u0119tym opakowaniu i przestrzegaj przepis\u00f3w linii lotniczych\/ lokalnych.<\/p>\n<\/div>\n<\/div>\n<\/div>\n<\/div>","protected":false},"excerpt":{"rendered":"<p class=\"LC20lb MBeuO DKV0Md\">Bang Box 50000 Puf Jednorazowy E-papieros z 45ml zbiornikiem o podw\u00f3jnym smaku<br \/>\nBang Box 50000 Puf E-papieros z podw\u00f3jnym smakiem i inteligentnym wy\u015bwietlaczem cyfrowym<br \/>\nBang Box 50k Puf \u0141adowalny urz\u0105dzenie jednorazowe z siatk\u0105 cewk\u0105 typu-C<\/p>\n<p><strong>Dodaj Amy na WhatsApp, aby uzyska\u0107 w\u0142a\u015bciw\u0105 odpowied\u017a i cen\u0119 z rabatem!<\/strong><\/p>\n<p><img fetchpriority=\"high\" decoding=\"async\" class=\"size-full wp-image-2932\" src=\"https:\/\/vapestornado.com\/wp-content\/uploads\/2024\/12\/Vape-Wholesale.jpg\" alt=\"Hurtowa sprzeda\u017c e-papieros\u00f3w\" width=\"229\" height=\"300\" \/><\/p>\n<h3><a href=\"https:\/\/wa.me\/8617776015835\"><span style=\"color: #ff0000;\"><strong>WhatsApp: +86 17776015835<\/strong><\/span><\/a><\/h3>\n<p>&nbsp;<\/p>","protected":false},"featured_media":4122,"comment_status":"open","ping_status":"closed","template":"","meta":{"_acf_changed":false,"_uag_custom_page_level_css":"","_lmt_disableupdate":"no","_lmt_disable":"","_monsterinsights_skip_tracking":false,"_monsterinsights_sitenote_active":false,"_monsterinsights_sitenote_note":"","_monsterinsights_sitenote_category":0,"site-sidebar-layout":"default","site-content-layout":"","ast-site-content-layout":"default","site-content-style":"default","site-sidebar-style":"default","ast-global-header-display":"","ast-banner-title-visibility":"","ast-main-header-display":"","ast-hfb-above-header-display":"","ast-hfb-below-header-display":"","ast-hfb-mobile-header-display":"","site-post-title":"","ast-breadcrumbs-content":"","ast-featured-img":"","footer-sml-layout":"","ast-disable-related-posts":"","theme-transparent-header-meta":"default","adv-header-id-meta":"","stick-header-meta":"","header-above-stick-meta":"","header-main-stick-meta":"","header-below-stick-meta":"","astra-migrate-meta-layouts":"set","ast-page-background-enabled":"default","ast-page-background-meta":{"desktop":{"background-color":"","background-image":"","background-repeat":"repeat","background-position":"center center","background-size":"auto","background-attachment":"scroll","background-type":"","background-media":"","overlay-type":"","overlay-color":"","overlay-opacity":"","overlay-gradient":""},"tablet":{"background-color":"","background-image":"","background-repeat":"repeat","background-position":"center center","background-size":"auto","background-attachment":"scroll","background-type":"","background-media":"","overlay-type":"","overlay-color":"","overlay-opacity":"","overlay-gradient":""},"mobile":{"background-color":"","background-image":"","background-repeat":"repeat","background-position":"center center","background-size":"auto","background-attachment":"scroll","background-type":"","background-media":"","overlay-type":"","overlay-color":"","overlay-opacity":"","overlay-gradient":""}},"ast-content-background-meta":{"desktop":{"background-color":"var(--ast-global-color-5)","background-image":"","background-repeat":"repeat","background-position":"center center","background-size":"auto","background-attachment":"scroll","background-type":"","background-media":"","overlay-type":"","overlay-color":"","overlay-opacity":"","overlay-gradient":""},"tablet":{"background-color":"var(--ast-global-color-5)","background-image":"","background-repeat":"repeat","background-position":"center center","background-size":"auto","background-attachment":"scroll","background-type":"","background-media":"","overlay-type":"","overlay-color":"","overlay-opacity":"","overlay-gradient":""},"mobile":{"background-color":"var(--ast-global-color-5)","background-image":"","background-repeat":"repeat","background-position":"center center","background-size":"auto","background-attachment":"scroll","background-type":"","background-media":"","overlay-type":"","overlay-color":"","overlay-opacity":"","overlay-gradient":""}},"_joinchat":{"telephone":"17776015835"}},"product_brand":[],"product_cat":[192,64,150,151,142,146],"product_tag":[332,333,474,105,195,189],"class_list":{"0":"post-4126","1":"product","2":"type-product","3":"status-publish","4":"has-post-thumbnail","6":"product_cat-50000-puff","7":"product_cat-bangbox-vape","8":"product_cat-buy-disposable-vapes-in-belgium","9":"product_cat-buy-disposable-vapes-in-france","10":"product_cat-digital-box-disposable-vapes","11":"product_cat-rechargeable-disposable-vapes","12":"product_tag-bang-box-50000","13":"product_tag-bang-box-50k","14":"product_tag-bang-hot-sale-vape","15":"product_tag-digital-disposable-vape","16":"product_tag-dual-flavor-disposable-vape","17":"product_tag-puff-50k","18":"desktop-align-left","19":"tablet-align-left","20":"mobile-align-left","22":"first","23":"instock","24":"sale","25":"shipping-taxable","26":"purchasable","27":"product-type-simple"},"acf":[],"uagb_featured_image_src":{"full":["https:\/\/vapestornado.com\/wp-content\/uploads\/2025\/04\/Bang-Box-50000-Puff-Best-Double-Flavor-Vape-scaled.webp",2560,2560,false],"thumbnail":["https:\/\/vapestornado.com\/wp-content\/uploads\/2025\/04\/Bang-Box-50000-Puff-Best-Double-Flavor-Vape-150x150.webp",150,150,true],"medium":["https:\/\/vapestornado.com\/wp-content\/uploads\/2025\/04\/Bang-Box-50000-Puff-Best-Double-Flavor-Vape-300x300.webp",300,300,true],"medium_large":["https:\/\/vapestornado.com\/wp-content\/uploads\/2025\/04\/Bang-Box-50000-Puff-Best-Double-Flavor-Vape-768x768.webp",768,768,true],"large":["https:\/\/vapestornado.com\/wp-content\/uploads\/2025\/04\/Bang-Box-50000-Puff-Best-Double-Flavor-Vape-1024x1024.webp",1024,1024,true],"1536x1536":["https:\/\/vapestornado.com\/wp-content\/uploads\/2025\/04\/Bang-Box-50000-Puff-Best-Double-Flavor-Vape-1536x1536.webp",1536,1536,true],"2048x2048":["https:\/\/vapestornado.com\/wp-content\/uploads\/2025\/04\/Bang-Box-50000-Puff-Best-Double-Flavor-Vape-2048x2048.webp",2048,2048,true],"trp-custom-language-flag":["https:\/\/vapestornado.com\/wp-content\/uploads\/2025\/04\/Bang-Box-50000-Puff-Best-Double-Flavor-Vape-scaled.webp",12,12,false],"woocommerce_thumbnail":["https:\/\/vapestornado.com\/wp-content\/uploads\/2025\/04\/Bang-Box-50000-Puff-Best-Double-Flavor-Vape-300x300.webp",300,300,true],"woocommerce_single":["https:\/\/vapestornado.com\/wp-content\/uploads\/2025\/04\/Bang-Box-50000-Puff-Best-Double-Flavor-Vape-600x600.webp",600,600,true],"woocommerce_gallery_thumbnail":["https:\/\/vapestornado.com\/wp-content\/uploads\/2025\/04\/Bang-Box-50000-Puff-Best-Double-Flavor-Vape-100x100.webp",100,100,true]},"uagb_author_info":{"display_name":"ESAMY","author_link":"https:\/\/vapestornado.com\/pl\/author\/"},"uagb_comment_info":0,"uagb_excerpt":"Bang Box 50000 Puff Disposable Vape with 45ml Dual-Flavor Tank Bang Box 50000 Puff Dual Flavour Vape with Smart Digital Display Bang Box 50k Puff Type-C Rechargeable Mesh Coil Disposable Device Add Amy's whatsapp to get right reply and discount price! WhatsApp: +86 17776015835 &nbsp;","_links":{"self":[{"href":"https:\/\/vapestornado.com\/pl\/wp-json\/wp\/v2\/product\/4126","targetHints":{"allow":["GET"]}}],"collection":[{"href":"https:\/\/vapestornado.com\/pl\/wp-json\/wp\/v2\/product"}],"about":[{"href":"https:\/\/vapestornado.com\/pl\/wp-json\/wp\/v2\/types\/product"}],"replies":[{"embeddable":true,"href":"https:\/\/vapestornado.com\/pl\/wp-json\/wp\/v2\/comments?post=4126"}],"wp:featuredmedia":[{"embeddable":true,"href":"https:\/\/vapestornado.com\/pl\/wp-json\/wp\/v2\/media\/4122"}],"wp:attachment":[{"href":"https:\/\/vapestornado.com\/pl\/wp-json\/wp\/v2\/media?parent=4126"}],"wp:term":[{"taxonomy":"product_brand","embeddable":true,"href":"https:\/\/vapestornado.com\/pl\/wp-json\/wp\/v2\/product_brand?post=4126"},{"taxonomy":"product_cat","embeddable":true,"href":"https:\/\/vapestornado.com\/pl\/wp-json\/wp\/v2\/product_cat?post=4126"},{"taxonomy":"product_tag","embeddable":true,"href":"https:\/\/vapestornado.com\/pl\/wp-json\/wp\/v2\/product_tag?post=4126"}],"curies":[{"name":"wp","href":"https:\/\/api.w.org\/{rel}","templated":true}]}}