{"id":4118,"date":"2025-04-13T08:12:11","date_gmt":"2025-04-13T08:12:11","guid":{"rendered":"https:\/\/vapestornado.com\/?post_type=product&#038;p=4118"},"modified":"2025-08-21T12:11:56","modified_gmt":"2025-08-21T12:11:56","slug":"solaris-25000-puff-solar-charging-dispsoable-vape-kit-usa","status":"publish","type":"product","link":"https:\/\/vapestornado.com\/pl\/product\/solaris-25000-puff-solar-charging-dispsoable-vape-kit-usa\/","title":{"rendered":"Solaris 25000 Puff Jednorazowy Zestaw Vape z \u0141adowaniem Solarnym Polska"},"content":{"rendered":"<h1 data-pm-slice=\"1 1 []\">Solaris 25000 Puff Jednorazowy Zestaw Vape z \u0141adowaniem Solarnym Polska<\/h1>\n<p data-start=\"309\" data-end=\"774\">Cyfrowy ekran <strong data-start=\"313\" data-end=\"361\">Solarnym Jednorazowym E-papierosem z \u0141adowaniem Solaris 25000<\/strong> wprowadza nowy standard w zakresie zr\u00f3wnowa\u017conego rozwoju i wydajno\u015bci. Jako pierwszy <strong data-start=\"436\" data-end=\"468\">jednorazowy vape o pojemno\u015bci 25 000 zaci\u0105gni\u0119\u0107<\/strong> z wbudowanym panelem s\u0142onecznym, \u0142\u0105czy ekologiczne \u0142adowanie z wysok\u0105 wytrzyma\u0142o\u015bci\u0105, co czyni go praktycznym rozwi\u0105zaniem do d\u0142ugotrwa\u0142ego u\u017cytkowania. Wyposa\u017cony w 18 ml wst\u0119pnie nape\u0142niony zbiornik na e-liquid oraz akumulator \u0142adowalny, Solaris zapewnia sta\u0142\u0105 produkcj\u0119 pary zaprojektowan\u0105 z my\u015bl\u0105 o niezawodno\u015bci w ka\u017cdych warunkach.<\/p>\n<p data-start=\"776\" data-end=\"1047\">Do \u0142adowania u\u017cytkownicy maj\u0105 do dyspozycji dwie opcje: panel s\u0142oneczny do ci\u0105g\u0142ego u\u017cytkowania na zewn\u0105trz lub USB typu C do szybkiego i efektywnego \u0142adowania (kabel nie jest do\u0142\u0105czony). Ta elastyczno\u015b\u0107 sprawia, \u017ce Solaris jest zaufanym towarzyszem podczas podr\u00f3\u017cy, w\u0119dr\u00f3wek czy codziennych aktywno\u015bci.<\/p>\n<p data-start=\"1049\" data-end=\"1276\">Podw\u00f3jne tryby waporyzacji \u2014 <strong data-start=\"1069\" data-end=\"1089\">Normalny i Boost<\/strong> \u2014 w po\u0142\u0105czeniu z podw\u00f3jnymi siatkowymi grza\u0142kami zapewniaj\u0105 p\u0142ynny przep\u0142yw powietrza i pe\u0142n\u0105 intensywno\u015b\u0107 smaku. Regulowany przep\u0142yw powietrza pozwala na dostosowanie ci\u0105gu, gwarantuj\u0105c satysfakcj\u0119 z MTL oraz zwi\u0119kszon\u0105 produkcj\u0119 chmur.<\/p>\n<p data-start=\"1278\" data-end=\"1637\">Ekran HD pokazuje w czasie rzeczywistym status zaci\u0105gni\u0119\u0107 i baterii, z interaktywnymi animacjami dodaj\u0105cymi nowoczesnego charakteru. Wyko\u0144czenie Starlight Embedded Glow podnosi jego design, oferuj\u0105c premium wygl\u0105d, kt\u00f3ry przyci\u0105ga m\u0142odych doros\u0142ych konsument\u00f3w. Aktywacja przez zaci\u0105gni\u0119cie, bez przycisk\u00f3w, Solaris jest prosty w u\u017cyciu, \u0142\u0105cz\u0105c zaawansowan\u0105 technologi\u0119 z \u0142atwo\u015bci\u0105 obs\u0142ugi.<\/p>\n<p data-start=\"1639\" data-end=\"1865\">Dla hurtownik\u00f3w i detalist\u00f3w w Polsce, <strong data-start=\"1684\" data-end=\"1732\">Solarnym Jednorazowym E-papierosem z \u0141adowaniem Solaris 25000<\/strong> oferuje wyj\u0105tkowy produkt, kt\u00f3ry spe\u0142nia rosn\u0105ce zapotrzebowanie na zr\u00f3wnowa\u017cone, wysokopojemno\u015bciowe urz\u0105dzenia, zapewniaj\u0105c jednocze\u015bnie siln\u0105 warto\u015b\u0107 odsprzeda\u017cy.<\/p>\n<p data-start=\"666\" data-end=\"1235\"><strong style=\"font-size: 16px;\"><span style=\"color: #ff0000;\">Dodaj Amy na WhatsApp, aby uzyska\u0107 szybk\u0105 odpowied\u017a i cen\u0119 ze zni\u017ck\u0105!<\/span><\/strong><\/p>\n<p><img fetchpriority=\"high\" decoding=\"async\" class=\"size-full wp-image-2932\" src=\"https:\/\/vapestornado.com\/wp-content\/uploads\/2024\/12\/Vape-Wholesale.jpg\" alt=\"Hurtowa sprzeda\u017c e-papieros\u00f3w\" width=\"229\" height=\"300\" \/><\/p>\n<h3><a href=\"https:\/\/wa.me\/8617776015835\" target=\"_blank\" rel=\"noopener\"><span style=\"color: #ff0000;\"><strong>WhatsApp: +86 17776015835<\/strong><\/span><\/a><\/h3>\n<p>&nbsp;<\/p>\n<h2><strong>Solaris 25000 Puff Kluczowe cechy produktu<\/strong><\/h2>\n<ul>\n<li class=\"\" data-start=\"1597\" data-end=\"1621\">\n<p class=\"\" data-start=\"1599\" data-end=\"1621\">Do <strong data-start=\"1605\" data-end=\"1621\">25 000 zaci\u0105gni\u0119\u0107<\/strong><\/p>\n<\/li>\n<li class=\"\" data-start=\"1622\" data-end=\"1684\">\n<p class=\"\" data-start=\"1624\" data-end=\"1684\"><strong data-start=\"1624\" data-end=\"1652\">Panel s\u0142oneczny + USB typu C<\/strong> \u0142adowanie (kabel nie jest do\u0142\u0105czony)<\/p>\n<\/li>\n<li class=\"\" data-start=\"1685\" data-end=\"1714\">\n<p class=\"\" data-start=\"1687\" data-end=\"1714\"><strong data-start=\"1687\" data-end=\"1714\">18 ml wst\u0119pnie nape\u0142nionego e-liquidu<\/strong><\/p>\n<\/li>\n<li class=\"\" data-start=\"1715\" data-end=\"1748\">\n<p class=\"\" data-start=\"1717\" data-end=\"1748\"><strong data-start=\"1717\" data-end=\"1748\">Moc nikotyny 5% (50mg)<\/strong><\/p>\n<\/li>\n<li class=\"\" data-start=\"1749\" data-end=\"1773\">\n<p class=\"\" data-start=\"1751\" data-end=\"1773\"><strong data-start=\"1751\" data-end=\"1773\">Regulowany przep\u0142yw powietrza<\/strong><\/p>\n<\/li>\n<li class=\"\" data-start=\"1774\" data-end=\"1805\">\n<p class=\"\" data-start=\"1776\" data-end=\"1805\"><strong data-start=\"1776\" data-end=\"1789\">Dwa tryby<\/strong>: Normalny<\/p>\n<\/li>\n<li class=\"\" data-start=\"1806\" data-end=\"1847\">\n<p class=\"\" data-start=\"1808\" data-end=\"1847\"><strong data-start=\"1808\" data-end=\"1827\">Podw\u00f3jne grza\u0142ki mesh<\/strong> dla wzmocnionego smaku<\/p>\n<\/li>\n<li class=\"\" data-start=\"1848\" data-end=\"1872\">\n<p class=\"\" data-start=\"1850\" data-end=\"1872\"><strong data-start=\"1850\" data-end=\"1872\">Animowany ekran HD<\/strong><\/p>\n<\/li>\n<li class=\"\" data-start=\"1873\" data-end=\"1900\">\n<p class=\"\" data-start=\"1875\" data-end=\"1900\"><strong data-start=\"1875\" data-end=\"1900\">Efekt blasku gwiazd<\/strong><\/p>\n<\/li>\n<li class=\"\" data-start=\"1901\" data-end=\"1932\">\n<p class=\"\" data-start=\"1903\" data-end=\"1932\"><strong data-start=\"1903\" data-end=\"1921\">Aktywowany wdechem<\/strong> Wapowanie MTL<\/p>\n<\/li>\n<li class=\"\" data-start=\"1933\" data-end=\"1977\">\n<p class=\"\" data-start=\"1935\" data-end=\"1977\"><strong data-start=\"1935\" data-end=\"1977\">Ekologiczny i przyjazny dla u\u017cytkownika design<\/strong><\/p>\n<\/li>\n<\/ul>\n<h2 class=\"product-title\"><strong>Recenzja smak\u00f3w jednorazowych e-papieros\u00f3w Solaris 25000 Puff<\/strong><\/h2>\n<article class=\"w-full text-token-text-primary focus-visible:outline-2 focus-visible:outline-offset-[-4px]\" dir=\"auto\" data-testid=\"conversation-turn-32\" data-scroll-anchor=\"false\">\n<div class=\"m-auto text-base py-[18px] px-6\">\n<div class=\"mx-auto flex flex-1 text-base gap-4 md:gap-5 lg:gap-6 md:max-w-3xl lg:max-w-[40rem] xl:max-w-[48rem]\">\n<div class=\"group\/conversation-turn relative flex w-full min-w-0 flex-col @xs\/thread:px-0 @sm\/thread:px-1.5 @md\/thread:px-4\">\n<div class=\"flex-col gap-1 md:gap-3\">\n<div class=\"flex max-w-full flex-col flex-grow\">\n<div class=\"min-h-8 text-message flex w-full flex-col items-end gap-2 whitespace-normal break-words text-start [.text-message+&amp;]:mt-5\" dir=\"auto\" data-message-author-role=\"user\" data-message-id=\"ffac41ca-1db4-431b-873a-32c4052956f1\">\n<div class=\"flex w-full flex-col gap-1 empty:hidden items-end rtl:items-start\">\n<div class=\"relative max-w-[var(--user-chat-width,70%)] rounded-3xl bg-token-message-surface px-5 py-2.5\">\n<div class=\"absolute bottom-0 right-full top-0 -mr-3.5 hidden pr-5 pt-2 [.group\/conversation-turn:hover_&amp;]:flex\">\n<div class=\"flex\">\n<article class=\"w-full text-token-text-primary focus-visible:outline-2 focus-visible:outline-offset-[-4px]\" dir=\"auto\" data-testid=\"conversation-turn-39\" data-scroll-anchor=\"true\">\n<div class=\"m-auto text-base py-[18px] px-6\">\n<div class=\"mx-auto flex flex-1 text-base gap-4 md:gap-5 lg:gap-6 md:max-w-3xl lg:max-w-[40rem] xl:max-w-[48rem]\">\n<div class=\"group\/conversation-turn relative flex w-full min-w-0 flex-col agent-turn @xs\/thread:px-0 @sm\/thread:px-1.5 @md\/thread:px-4\">\n<div class=\"flex-col gap-1 md:gap-3\">\n<div class=\"flex max-w-full flex-col flex-grow\">\n<div class=\"min-h-8 text-message flex w-full flex-col items-end gap-2 whitespace-normal break-words text-start [.text-message+&amp;]:mt-5\" dir=\"auto\" data-message-author-role=\"assistant\" data-message-id=\"55a23854-ec57-48dd-bd4f-6118f43d6241\" data-message-model-slug=\"gpt-4o\">\n<div class=\"flex w-full flex-col gap-1 empty:hidden first:pt-[3px]\">\n<div class=\"markdown prose w-full break-words dark:prose-invert light\">\n<ul>\n<li class=\"\" data-start=\"2002\" data-end=\"2063\">\n<p class=\"\" data-start=\"2004\" data-end=\"2063\"><strong data-start=\"2004\" data-end=\"2017\">Blue Razz<\/strong> \u2013 S\u0142odka i cierpka mieszanka malinowo-jagodowa<\/p>\n<\/li>\n<li class=\"\" data-start=\"2064\" data-end=\"2128\">\n<p class=\"\" data-start=\"2066\" data-end=\"2128\"><strong data-start=\"2066\" data-end=\"2082\">Niebieski Slurpie<\/strong> \u2013 Mro\u017any niebieski slush dla ch\u0142odnego, nostalgicznego przyp\u0142ywu<\/p>\n<\/li>\n<li class=\"\" data-start=\"2129\" data-end=\"2179\">\n<p class=\"\" data-start=\"2131\" data-end=\"2179\"><strong data-start=\"2131\" data-end=\"2146\">Czere\u015bniowa Bomba<\/strong> \u2013 Wybuchowy smak wi\u015bni<\/p>\n<\/li>\n<li class=\"\" data-start=\"2180\" data-end=\"2241\">\n<p class=\"\" data-start=\"2182\" data-end=\"2241\"><strong data-start=\"2182\" data-end=\"2195\">Ch\u0142odna Mi\u0119ta<\/strong> \u2013 Rze\u015bka, orze\u017awiaj\u0105ca mi\u0119ta dla czystego wyko\u0144czenia<\/p>\n<\/li>\n<li class=\"\" data-start=\"2242\" data-end=\"2325\">\n<p class=\"\" data-start=\"2244\" data-end=\"2325\"><strong data-start=\"2244\" data-end=\"2274\">Mango Dragonfruit Lemonada<\/strong> \u2013 Tropikalna fuzja mango, smoczego owocu i cytrus\u00f3w<\/p>\n<\/li>\n<li class=\"\" data-start=\"2326\" data-end=\"2378\">\n<p class=\"\" data-start=\"2328\" data-end=\"2378\"><strong data-start=\"2328\" data-end=\"2342\">Mi\u0119towy Miami<\/strong> \u2013 G\u0142adka mi\u0119ta z nadmorskim klimatem<\/p>\n<\/li>\n<li class=\"\" data-start=\"2379\" data-end=\"2448\">\n<p class=\"\" data-start=\"2381\" data-end=\"2448\"><strong data-start=\"2381\" data-end=\"2406\">Truskawkowa Arbuz<\/strong> \u2013 Soczyste po\u0142\u0105czenie truskawki i arbuza<\/p>\n<\/li>\n<li class=\"\" data-start=\"2449\" data-end=\"2502\">\n<p class=\"\" data-start=\"2451\" data-end=\"2502\"><strong data-start=\"2451\" data-end=\"2467\">Letni Wystrza\u0142<\/strong> \u2013 Wybuch mieszanych letnich owoc\u00f3w<\/p>\n<\/li>\n<li class=\"\" data-start=\"2449\" data-end=\"2502\">\n<p class=\"\" data-start=\"2451\" data-end=\"2502\"><strong style=\"font-size: 16px;\" data-start=\"2505\" data-end=\"2525\">Arbuzowy Chill<\/strong><span style=\"font-size: 16px;\"> \u2013 Orze\u017awiaj\u0105cy smak sch\u0142odzonego arbuza<\/span><\/p>\n<p>&nbsp;<\/p>\n<p>&nbsp;<\/p>\n<p>&nbsp;<\/p>\n<div class=\"mceTemp\">\n<p>&nbsp;<\/p>\n<p><img decoding=\"async\" class=\"wp-image-4112 size-full\" src=\"https:\/\/vapestornado.com\/wp-content\/uploads\/2025\/04\/Solaris-25K-Disposable-Wholesale.png\" alt=\"Solaris 25K Jednorazowy Hurt\" width=\"800\" height=\"800\" srcset=\"https:\/\/vapestornado.com\/wp-content\/uploads\/2025\/04\/Solaris-25K-Disposable-Wholesale.png 800w, https:\/\/vapestornado.com\/wp-content\/uploads\/2025\/04\/Solaris-25K-Disposable-Wholesale-300x300.png 300w, https:\/\/vapestornado.com\/wp-content\/uploads\/2025\/04\/Solaris-25K-Disposable-Wholesale-150x150.png 150w, https:\/\/vapestornado.com\/wp-content\/uploads\/2025\/04\/Solaris-25K-Disposable-Wholesale-768x768.png 768w, https:\/\/vapestornado.com\/wp-content\/uploads\/2025\/04\/Solaris-25K-Disposable-Wholesale-600x600.png 600w, https:\/\/vapestornado.com\/wp-content\/uploads\/2025\/04\/Solaris-25K-Disposable-Wholesale-100x100.png 100w\" sizes=\"(max-width: 800px) 100vw, 800px\" \/><\/p>\n<\/div>\n<\/li>\n<\/ul>\n<\/div>\n<\/div>\n<\/div>\n<\/div>\n<\/div>\n<\/div>\n<\/div>\n<\/div>\n<\/article>\n<\/div>\n<\/div>\n<\/div>\n<\/div>\n<\/div>\n<\/div>\n<\/div>\n<\/div>\n<\/div>\n<\/div>\n<\/article>\n<h2>Dlaczego warto wybra\u0107 Vapestornado do zakupu hurtowego Solaris 25000 Puff?<\/h2>\n<div class=\"flex-shrink-0 flex flex-col relative items-end\">\n<div class=\"pt-0\">\n<div class=\"gizmo-bot-avatar flex h-8 w-8 items-center justify-center overflow-hidden rounded-full\">\n<div class=\"relative p-1 rounded-sm flex items-center justify-center bg-token-main-surface-primary text-token-text-primary h-8 w-8\">\n<p>At\u00a0<strong>VapeTornado<\/strong>, szczycimy si\u0119 dostarczaniem\u00a0<strong>wysokiej jako\u015bci produkt\u00f3w vapingowych w bezkonkurencyjnych cenach<\/strong>\u2014a Elf Box Crystal Bar 600 nie jest wyj\u0105tkiem! Oto dlaczego warto u nas kupowa\u0107:<\/p>\n<p class=\"\" data-start=\"49\" data-end=\"193\"><strong data-start=\"49\" data-end=\"81\">Bezkonkurencyjne Ceny Hurtowe<\/strong> \u2013 Korzystaj z najlepszych ofert hurtowych na rynku, co czyni nas preferowanym dostawc\u0105 dla sklep\u00f3w z e-papierosami i sprzedawc\u00f3w na ca\u0142ym \u015bwiecie.<\/p>\n<p class=\"\" data-start=\"195\" data-end=\"340\"><strong data-start=\"195\" data-end=\"228\">Szybka Wysy\u0142ka<\/strong> \u2013 Dostarczamy Twoje zam\u00f3wienia szybko i bezpiecznie, z niezawodnymi opcjami wysy\u0142ki na ca\u0142y \u015bwiat, dostosowanymi do Twoich potrzeb.<\/p>\n<p class=\"\" data-start=\"342\" data-end=\"487\"><strong data-start=\"342\" data-end=\"367\">100% Oryginalne Produkty<\/strong> \u2013 Po\u017cegnaj si\u0119 z podr\u00f3bkami! Gwarantujemy wy\u0142\u0105cznie oryginalne jednorazowe vape Solaris 25000 z potwierdzon\u0105 jako\u015bci\u0105 i wydajno\u015bci\u0105.<\/p>\n<p class=\"\" data-start=\"489\" data-end=\"627\"><strong data-start=\"489\" data-end=\"516\">Profesjonalna Obs\u0142uga Klienta<\/strong> \u2013 Masz pytania? Nasz do\u015bwiadczony zesp\u00f3\u0142 ds. e-papieros\u00f3w jest tutaj dla Ciebie w ka\u017cdej chwili, zapewniaj\u0105c sprawn\u0105 i bezproblemow\u0105 obs\u0142ug\u0119.<\/p>\n<p data-start=\"559\" data-end=\"933\" data-is-last-node=\"\" data-is-only-node=\"\">Mamy te\u017c inne popularne vape z ekranem, takie jak <a href=\"https:\/\/vapestornado.com\/pl\/product\/bang-king-vape-36000-puff-dual-vaping-mode-disposables-pod-best-price\/\">BANG KING 36000 Shisha<\/a>, <a href=\"https:\/\/vapestornado.com\/pl\/product\/waspe-aiviou-3-in-1-60000-puffs-disposable-vape-kit-best-price\/\">WASPE 60000 3 w 1<\/a>, <a href=\"https:\/\/vapestornado.com\/pl\/product\/alfakh-crown-bar-20000-puffs-disposable-shisha-hookah-wholesale-vape-pen\/\">ALFAKH 20000<\/a>, i wiele innych.<\/p>\n<\/div>\n<div class=\"relative p-1 rounded-sm flex items-center justify-center bg-token-main-surface-primary text-token-text-primary h-8 w-8\">\n<h2>FAQ dotycz\u0105ce Solaris 25000 Puff<\/h2>\n<p class=\"\" data-start=\"155\" data-end=\"385\"><strong data-start=\"155\" data-end=\"212\">1. Jak na\u0142adowa\u0107 jednorazowego e-papierosa Solaris 25000?<\/strong><br data-start=\"212\" data-end=\"215\" \/>Solaris 25000 oferuje dwie metody \u0142adowania: wbudowany <strong data-start=\"276\" data-end=\"291\">panel s\u0142oneczny<\/strong> do ekologicznego \u0142adowania oraz <strong data-start=\"324\" data-end=\"343\">port USB typu C<\/strong> (kabel nie jest do\u0142\u0105czony) do szybkiego \u0142adowania.<\/p>\n<p class=\"\" data-start=\"387\" data-end=\"576\"><strong data-start=\"387\" data-end=\"438\">2. Ile zaci\u0105gni\u0119\u0107 oferuje Solaris 25000?<\/strong><br data-start=\"438\" data-end=\"441\" \/>Ka\u017cde urz\u0105dzenie zapewnia oko\u0142o <strong data-start=\"476\" data-end=\"492\">25 000 zaci\u0105gni\u0119\u0107<\/strong>, dzi\u0119ki swojej du\u017cej pojemno\u015bci <strong data-start=\"522\" data-end=\"550\">18 ml wst\u0119pnie nape\u0142nionego e-liquidu<\/strong> i akumulatorowi.<\/p>\n<p class=\"\" data-start=\"578\" data-end=\"805\"><strong data-start=\"578\" data-end=\"637\">3. Jaka jest r\u00f3\u017cnica mi\u0119dzy trybem Normal a Boost?<\/strong><br data-start=\"637\" data-end=\"640\" \/>Tryb Normal oferuje p\u0142ynniejsze, standardowe wra\u017cenia z wapowania, a tryb Boost intensyfikuje produkcj\u0119 pary i uderzenie w gard\u0142o \u2014 idealny dla u\u017cytkownik\u00f3w poszukuj\u0105cych mocniejszych dozna\u0144.<\/p>\n<p class=\"\" data-start=\"807\" data-end=\"1031\"><strong data-start=\"807\" data-end=\"860\">4. Czy Solaris 25000 mo\u017cna nape\u0142nia\u0107, czy jest jednorazowy?<\/strong><br data-start=\"860\" data-end=\"863\" \/>Solaris 25000 to <strong data-start=\"882\" data-end=\"901\">jednorazowy e-papieros<\/strong>. Podczas gdy jest <strong data-start=\"915\" data-end=\"931\">\u0142adowalny<\/strong>, jest dostarczany <strong data-start=\"942\" data-end=\"975\">wst\u0119pnie nape\u0142niony i nienadaj\u0105cy si\u0119 do ponownego nape\u0142nienia<\/strong>, oferuj\u0105c wygod\u0119 bez konieczno\u015bci konserwacji.<\/p>\n<p class=\"\" data-start=\"1033\" data-end=\"1232\"><strong data-start=\"1033\" data-end=\"1094\">5. Jak\u0105 moc nikotyny zawiera Solaris 25000?<\/strong><br data-start=\"1094\" data-end=\"1097\" \/>Ka\u017cda jednostka zawiera <strong data-start=\"1116\" data-end=\"1138\">5% (50mg) nikotyny<\/strong>, zapewniaj\u0105c satysfakcjonuj\u0105ce uderzenie odpowiednie dla doros\u0142ych u\u017cytkownik\u00f3w poszukuj\u0105cych mocniejszych wra\u017ce\u0144 nikotynowych.<\/p>\n<\/div>\n<\/div>\n<\/div>\n<\/div>","protected":false},"excerpt":{"rendered":"<p class=\"LC20lb MBeuO DKV0Md\">Solaris 25000 Puff Najlepszy sklep internetowy z e-papierosami Polska<br \/>\nSolaris 25000 Puff Vape Hurtownia Tania Cena<br \/>\nGor\u0105ca Sprzeda\u017c Jednorazowe E-papierosy Solaris 25000 Puff<\/p>\n<p><strong>Dodaj Amy na WhatsApp, aby uzyska\u0107 w\u0142a\u015bciw\u0105 odpowied\u017a i cen\u0119 z rabatem!<\/strong><\/p>\n<p><img fetchpriority=\"high\" decoding=\"async\" class=\"size-full wp-image-2932\" src=\"https:\/\/vapestornado.com\/wp-content\/uploads\/2024\/12\/Vape-Wholesale.jpg\" alt=\"Hurtowa sprzeda\u017c e-papieros\u00f3w\" width=\"229\" height=\"300\" \/><\/p>\n<h3><a href=\"https:\/\/wa.me\/8617776015835\"><span style=\"color: #ff0000;\"><strong>WhatsApp: +86 17776015835<\/strong><\/span><\/a><\/h3>\n<p>&nbsp;<\/p>","protected":false},"featured_media":4114,"comment_status":"open","ping_status":"closed","template":"","meta":{"_acf_changed":false,"_uag_custom_page_level_css":"","_lmt_disableupdate":"no","_lmt_disable":"","_monsterinsights_skip_tracking":false,"_monsterinsights_sitenote_active":false,"_monsterinsights_sitenote_note":"","_monsterinsights_sitenote_category":0,"site-sidebar-layout":"default","site-content-layout":"","ast-site-content-layout":"default","site-content-style":"default","site-sidebar-style":"default","ast-global-header-display":"","ast-banner-title-visibility":"","ast-main-header-display":"","ast-hfb-above-header-display":"","ast-hfb-below-header-display":"","ast-hfb-mobile-header-display":"","site-post-title":"","ast-breadcrumbs-content":"","ast-featured-img":"","footer-sml-layout":"","ast-disable-related-posts":"","theme-transparent-header-meta":"default","adv-header-id-meta":"","stick-header-meta":"","header-above-stick-meta":"","header-main-stick-meta":"","header-below-stick-meta":"","astra-migrate-meta-layouts":"set","ast-page-background-enabled":"default","ast-page-background-meta":{"desktop":{"background-color":"","background-image":"","background-repeat":"repeat","background-position":"center center","background-size":"auto","background-attachment":"scroll","background-type":"","background-media":"","overlay-type":"","overlay-color":"","overlay-opacity":"","overlay-gradient":""},"tablet":{"background-color":"","background-image":"","background-repeat":"repeat","background-position":"center center","background-size":"auto","background-attachment":"scroll","background-type":"","background-media":"","overlay-type":"","overlay-color":"","overlay-opacity":"","overlay-gradient":""},"mobile":{"background-color":"","background-image":"","background-repeat":"repeat","background-position":"center center","background-size":"auto","background-attachment":"scroll","background-type":"","background-media":"","overlay-type":"","overlay-color":"","overlay-opacity":"","overlay-gradient":""}},"ast-content-background-meta":{"desktop":{"background-color":"var(--ast-global-color-5)","background-image":"","background-repeat":"repeat","background-position":"center center","background-size":"auto","background-attachment":"scroll","background-type":"","background-media":"","overlay-type":"","overlay-color":"","overlay-opacity":"","overlay-gradient":""},"tablet":{"background-color":"var(--ast-global-color-5)","background-image":"","background-repeat":"repeat","background-position":"center center","background-size":"auto","background-attachment":"scroll","background-type":"","background-media":"","overlay-type":"","overlay-color":"","overlay-opacity":"","overlay-gradient":""},"mobile":{"background-color":"var(--ast-global-color-5)","background-image":"","background-repeat":"repeat","background-position":"center center","background-size":"auto","background-attachment":"scroll","background-type":"","background-media":"","overlay-type":"","overlay-color":"","overlay-opacity":"","overlay-gradient":""}},"_joinchat":{"telephone":"17776015835"}},"product_brand":[],"product_cat":[68,149,156,142,146],"product_tag":[105,331,330],"class_list":{"0":"post-4118","1":"product","2":"type-product","3":"status-publish","4":"has-post-thumbnail","6":"product_cat-25000-puff","7":"product_cat-buy-disposable-vapes-in-austria","8":"product_cat-buy-disposable-vapes-in-poland","9":"product_cat-digital-box-disposable-vapes","10":"product_cat-rechargeable-disposable-vapes","11":"product_tag-digital-disposable-vape","12":"product_tag-dispsoable-vape-kit-usa","13":"product_tag-solaris-25000-puff","14":"desktop-align-left","15":"tablet-align-left","16":"mobile-align-left","18":"first","19":"instock","20":"sale","21":"shipping-taxable","22":"purchasable","23":"product-type-simple"},"acf":[],"uagb_featured_image_src":{"full":["https:\/\/vapestornado.com\/wp-content\/uploads\/2025\/04\/Solaris-25000-Puffs-Rechargeable-Disposable.png",800,800,false],"thumbnail":["https:\/\/vapestornado.com\/wp-content\/uploads\/2025\/04\/Solaris-25000-Puffs-Rechargeable-Disposable-150x150.png",150,150,true],"medium":["https:\/\/vapestornado.com\/wp-content\/uploads\/2025\/04\/Solaris-25000-Puffs-Rechargeable-Disposable-300x300.png",300,300,true],"medium_large":["https:\/\/vapestornado.com\/wp-content\/uploads\/2025\/04\/Solaris-25000-Puffs-Rechargeable-Disposable-768x768.png",768,768,true],"large":["https:\/\/vapestornado.com\/wp-content\/uploads\/2025\/04\/Solaris-25000-Puffs-Rechargeable-Disposable.png",800,800,false],"1536x1536":["https:\/\/vapestornado.com\/wp-content\/uploads\/2025\/04\/Solaris-25000-Puffs-Rechargeable-Disposable.png",800,800,false],"2048x2048":["https:\/\/vapestornado.com\/wp-content\/uploads\/2025\/04\/Solaris-25000-Puffs-Rechargeable-Disposable.png",800,800,false],"trp-custom-language-flag":["https:\/\/vapestornado.com\/wp-content\/uploads\/2025\/04\/Solaris-25000-Puffs-Rechargeable-Disposable.png",12,12,false],"woocommerce_thumbnail":["https:\/\/vapestornado.com\/wp-content\/uploads\/2025\/04\/Solaris-25000-Puffs-Rechargeable-Disposable-300x300.png",300,300,true],"woocommerce_single":["https:\/\/vapestornado.com\/wp-content\/uploads\/2025\/04\/Solaris-25000-Puffs-Rechargeable-Disposable-600x600.png",600,600,true],"woocommerce_gallery_thumbnail":["https:\/\/vapestornado.com\/wp-content\/uploads\/2025\/04\/Solaris-25000-Puffs-Rechargeable-Disposable-100x100.png",100,100,true]},"uagb_author_info":{"display_name":"ESAMY","author_link":"https:\/\/vapestornado.com\/pl\/author\/"},"uagb_comment_info":0,"uagb_excerpt":"Solaris 25000 Puff\u00a0 Best online Vape store USA Solaris 25000 Puff vape Wholesale Cheap Price Hot Selling Solaris 25000 Puff Disposables Vapor Add Amy's whatsapp to get right reply and discount price! WhatsApp: +86 17776015835 &nbsp;","_links":{"self":[{"href":"https:\/\/vapestornado.com\/pl\/wp-json\/wp\/v2\/product\/4118","targetHints":{"allow":["GET"]}}],"collection":[{"href":"https:\/\/vapestornado.com\/pl\/wp-json\/wp\/v2\/product"}],"about":[{"href":"https:\/\/vapestornado.com\/pl\/wp-json\/wp\/v2\/types\/product"}],"replies":[{"embeddable":true,"href":"https:\/\/vapestornado.com\/pl\/wp-json\/wp\/v2\/comments?post=4118"}],"wp:featuredmedia":[{"embeddable":true,"href":"https:\/\/vapestornado.com\/pl\/wp-json\/wp\/v2\/media\/4114"}],"wp:attachment":[{"href":"https:\/\/vapestornado.com\/pl\/wp-json\/wp\/v2\/media?parent=4118"}],"wp:term":[{"taxonomy":"product_brand","embeddable":true,"href":"https:\/\/vapestornado.com\/pl\/wp-json\/wp\/v2\/product_brand?post=4118"},{"taxonomy":"product_cat","embeddable":true,"href":"https:\/\/vapestornado.com\/pl\/wp-json\/wp\/v2\/product_cat?post=4118"},{"taxonomy":"product_tag","embeddable":true,"href":"https:\/\/vapestornado.com\/pl\/wp-json\/wp\/v2\/product_tag?post=4118"}],"curies":[{"name":"wp","href":"https:\/\/api.w.org\/{rel}","templated":true}]}}