{"id":4111,"date":"2025-04-11T09:55:33","date_gmt":"2025-04-11T09:55:33","guid":{"rendered":"https:\/\/vapestornado.com\/?post_type=product&#038;p=4111"},"modified":"2025-12-04T03:58:48","modified_gmt":"2025-12-04T03:58:48","slug":"high-quality-bang-leader-30000-puffs-disposable-box-pod-vaporizer","status":"publish","type":"product","link":"https:\/\/vapestornado.com\/pl\/product\/high-quality-bang-leader-30000-puffs-disposable-box-pod-vaporizer\/","title":{"rendered":"Wysokiej Jako\u015bci Bang Leader 30000 Zaci\u0105gni\u0119\u0107 Jednorazowy Box Pod Vaporizer"},"content":{"rendered":"<h1 data-pm-slice=\"1 1 []\">Wysokiej Jako\u015bci Bang Leader 30000 Zaci\u0105gni\u0119\u0107 Jednorazowy Box Pod Vaporizer<\/h1>\n<p data-start=\"1148\" data-end=\"1548\">Je\u015bli chcesz jednorazowego urz\u0105dzenia, kt\u00f3re dzia\u0142a znacznie d\u0142u\u017cej ni\u017c standardowe, pozwala na natychmiastow\u0105 zmian\u0119 mi\u0119dzy dwoma smakami i informuje Ci\u0119 za pomoc\u0105 inteligentnego ekranu, Bang Leader 30000 Puff zapewnia do 30 000 puf\u00f3w dzi\u0119ki podw\u00f3jnym cewkom siatkowym, rotacji dw\u00f3ch smak\u00f3w i \u0142adowaniu Type-C w kompaktowej obudowie.<\/p>\n<ul>\n<li data-start=\"759\" data-end=\"922\">\n<p data-start=\"761\" data-end=\"922\"><strong data-start=\"761\" data-end=\"779\">Zbudowany, aby wytrzyma\u0107:<\/strong> Dzi\u0119ki <strong data-start=\"785\" data-end=\"807\">do 30 000 puf\u00f3w<\/strong>, to jest <strong data-start=\"819\" data-end=\"854\">najd\u0142u\u017cej dzia\u0142aj\u0105cym jednorazowym e-papierosem<\/strong> opcja w swojej klasie, zmniejszaj\u0105ca konieczno\u015b\u0107 wymiany i koszt na pufa.<\/p>\n<\/li>\n<li data-start=\"923\" data-end=\"1082\">\n<p data-start=\"925\" data-end=\"1082\"><strong data-start=\"925\" data-end=\"953\">Dwa smaki, jedno urz\u0105dzenie:<\/strong> Cyfrowy ekran <strong data-start=\"958\" data-end=\"1001\">Bang Leader 30000 Puff dual flavor vape<\/strong> pozwala na natychmiastowe prze\u0142\u0105czanie mi\u0119dzy dwoma profilami \u2014 bez potrzeby dodatkowego urz\u0105dzenia do vapowania.<\/p>\n<\/li>\n<li data-start=\"1083\" data-end=\"1235\">\n<p data-start=\"1085\" data-end=\"1235\"><strong data-start=\"1085\" data-end=\"1107\">Kontrola w czasie rzeczywistym:<\/strong> Jako <strong data-start=\"1113\" data-end=\"1148\">jednorazowy vape z ekranem LED<\/strong>, pokazuje poziom baterii i e-liquid jasno, wi\u0119c nigdy nie zgadujesz w trakcie sesji.<\/p>\n<\/li>\n<li data-start=\"1236\" data-end=\"1377\">\n<p data-start=\"1238\" data-end=\"1377\"><strong data-start=\"1238\" data-end=\"1267\">Niezawodne dostarczanie smaku:<\/strong> <strong data-start=\"1268\" data-end=\"1287\">Podw\u00f3jne grza\u0142ki mesh<\/strong> utrzymuje g\u0119st\u0105 par\u0119 i \u0142agodny smak od pierwszego do ostatniego pufa, nawet przy d\u0142ugotrwa\u0142ym u\u017cytkowaniu.<\/p>\n<\/li>\n<li data-start=\"1378\" data-end=\"1517\">\n<p data-start=\"1380\" data-end=\"1517\"><strong data-start=\"1380\" data-end=\"1411\">Wygodna moc na wynos:<\/strong> <strong data-start=\"1412\" data-end=\"1450\">Akumulator 550mAh typu C z mo\u017cliwo\u015bci\u0105 \u0142adowania<\/strong> oznacza, \u017ce mo\u017cesz doko\u0144czy\u0107 pe\u0142ny zbiornik, nie martwi\u0105c si\u0119 o szybkie wyczerpanie urz\u0105dzenia.<\/p>\n<\/li>\n<\/ul>\n<h2 class=\"\" data-start=\"1229\" data-end=\"1282\"><strong data-start=\"1235\" data-end=\"1282\">Specyfikacja Vape Bang Leader 30000 Puff<\/strong><\/h2>\n<table>\n<thead>\n<tr>\n<th>Parametr<\/th>\n<th align=\"right\">Specyfikacja<\/th>\n<th>Wyja\u015bnienie dla u\u017cytkownika<\/th>\n<\/tr>\n<\/thead>\n<tbody>\n<tr>\n<td>Pojemno\u015b\u0107 zaci\u0105gni\u0119\u0107<\/td>\n<td align=\"right\">Do 30 000 puffs<\/td>\n<td>Najd\u0142u\u017cej dzia\u0142aj\u0105ce jednorazowe vape w swojej klasie; mniej konieczno\u015bci ponownych zakup\u00f3w.<\/td>\n<\/tr>\n<tr>\n<td>System Smaku<\/td>\n<td align=\"right\">Podw\u00f3jna rotacja smaku<\/td>\n<td>Dwa smaki w jednym urz\u0105dzeniu; obr\u00f3\u0107, aby natychmiast zmieni\u0107.<\/td>\n<\/tr>\n<tr>\n<td>Typ Grza\u0142ki<\/td>\n<td align=\"right\">Podw\u00f3jne grza\u0142ki mesh<\/td>\n<td>R\u00f3wnomierne nagrzewanie = mocniejszy smak, bardziej g\u0142adki parownik, mniej blakni\u0119cia.<\/td>\n<\/tr>\n<tr>\n<td>Bateria<\/td>\n<td align=\"right\">550mAh do\u0142adowywalna bateria<\/td>\n<td>Wystarczaj\u0105ca moc na d\u0142ugie u\u017cytkowanie; na\u0142aduj zamiast traci\u0107 pufy.<\/td>\n<\/tr>\n<tr>\n<td>\u0141adowanie<\/td>\n<td align=\"right\">USB Typ-C<\/td>\n<td>Szybki, uniwersalny standard kabla do \u0142adowania.<\/td>\n<\/tr>\n<tr>\n<td>Wy\u015bwietlacz<\/td>\n<td align=\"right\">Inteligentny ekran LED<\/td>\n<td>Pokazuje poziom baterii + poziom e-liquid, aby\u015b mia\u0142 kontrol\u0119.<\/td>\n<\/tr>\n<tr>\n<td>Aktywacja<\/td>\n<td align=\"right\">Aktywowany wdechem<\/td>\n<td>Brak przycisk\u00f3w; wdychaj, aby pali\u0107\u2014przyjazny dla pocz\u0105tkuj\u0105cych.<\/td>\n<\/tr>\n<tr>\n<td>Styl obudowy<\/td>\n<td align=\"right\">Kompaktowa konstrukcja pude\u0142kowa<\/td>\n<td>\u0141atwy do przenoszenia, solidny w kieszeniach lub torbach.<\/td>\n<\/tr>\n<tr>\n<td>Przeznaczenie<\/td>\n<td align=\"right\">Codzienne + intensywne sesje<\/td>\n<td>Dzia\u0142a dla okazjonalnych u\u017cytkownik\u00f3w i vaper\u00f3w o wysokiej cz\u0119stotliwo\u015bci.<\/td>\n<\/tr>\n<\/tbody>\n<\/table>\n<p data-start=\"666\" data-end=\"1235\"><strong style=\"font-size: 16px;\"><span style=\"color: #ff0000;\">Dodaj Amy na WhatsApp, aby uzyska\u0107 szybk\u0105 odpowied\u017a i cen\u0119 ze zni\u017ck\u0105!<\/span><\/strong><\/p>\n<p><img fetchpriority=\"high\" decoding=\"async\" class=\"size-full wp-image-2932\" src=\"https:\/\/vapestornado.com\/wp-content\/uploads\/2024\/12\/Vape-Wholesale.jpg\" alt=\"Hurtowa sprzeda\u017c e-papieros\u00f3w\" width=\"229\" height=\"300\" \/><\/p>\n<h3><a href=\"https:\/\/wa.me\/8617776015835\" target=\"_blank\" rel=\"noopener\"><span style=\"color: #ff0000;\"><strong>WhatsApp: +86 17776015835<\/strong><\/span><\/a><\/h3>\n<p>&nbsp;<\/p>\n<h2 class=\"product-title\"><strong>Bang Leader 30k Jednorazowe E-papierosy \u2013 Przegl\u0105d Smak\u00f3w<\/strong><\/h2>\n<article class=\"w-full text-token-text-primary focus-visible:outline-2 focus-visible:outline-offset-[-4px]\" dir=\"auto\" data-testid=\"conversation-turn-32\" data-scroll-anchor=\"false\">\n<div class=\"m-auto text-base py-[18px] px-6\">\n<div class=\"mx-auto flex flex-1 text-base gap-4 md:gap-5 lg:gap-6 md:max-w-3xl lg:max-w-[40rem] xl:max-w-[48rem]\">\n<div class=\"group\/conversation-turn relative flex w-full min-w-0 flex-col @xs\/thread:px-0 @sm\/thread:px-1.5 @md\/thread:px-4\">\n<div class=\"flex-col gap-1 md:gap-3\">\n<div class=\"flex max-w-full flex-col flex-grow\">\n<div class=\"min-h-8 text-message flex w-full flex-col items-end gap-2 whitespace-normal break-words text-start [.text-message+&amp;]:mt-5\" dir=\"auto\" data-message-author-role=\"user\" data-message-id=\"ffac41ca-1db4-431b-873a-32c4052956f1\">\n<div class=\"flex w-full flex-col gap-1 empty:hidden items-end rtl:items-start\">\n<div class=\"relative max-w-[var(--user-chat-width,70%)] rounded-3xl bg-token-message-surface px-5 py-2.5\">\n<div class=\"absolute bottom-0 right-full top-0 -mr-3.5 hidden pr-5 pt-2 [.group\/conversation-turn:hover_&amp;]:flex\">\n<div class=\"flex\">\n<article class=\"w-full text-token-text-primary focus-visible:outline-2 focus-visible:outline-offset-[-4px]\" dir=\"auto\" data-testid=\"conversation-turn-39\" data-scroll-anchor=\"true\">\n<div class=\"m-auto text-base py-[18px] px-6\">\n<div class=\"mx-auto flex flex-1 text-base gap-4 md:gap-5 lg:gap-6 md:max-w-3xl lg:max-w-[40rem] xl:max-w-[48rem]\">\n<div class=\"group\/conversation-turn relative flex w-full min-w-0 flex-col agent-turn @xs\/thread:px-0 @sm\/thread:px-1.5 @md\/thread:px-4\">\n<div class=\"flex-col gap-1 md:gap-3\">\n<div class=\"flex max-w-full flex-col flex-grow\">\n<div class=\"min-h-8 text-message flex w-full flex-col items-end gap-2 whitespace-normal break-words text-start [.text-message+&amp;]:mt-5\" dir=\"auto\" data-message-author-role=\"assistant\" data-message-id=\"55a23854-ec57-48dd-bd4f-6118f43d6241\" data-message-model-slug=\"gpt-4o\">\n<div class=\"flex w-full flex-col gap-1 empty:hidden first:pt-[3px]\">\n<div class=\"markdown prose w-full break-words dark:prose-invert light\">\n<p>1. Arbuzowy L\u00f3d<br \/>\n2. Arbuzowy L\u00f3d<br \/>\n3. Arbuz Truskawkowy<br \/>\n4. Truskawka i Arbuz<br \/>\n5. Jagoda Malina<br \/>\n6. Jagoda Malina<br \/>\n7. Mro\u017cona Jagoda<br \/>\n8. Mro\u017cona Jagoda<br \/>\n9. Red Bull<br \/>\n10. Red Bull<br \/>\n11. Truskawka Kiwi<br \/>\n12. Truskawka Kiwi<\/p>\n<figure id=\"attachment_4109\" aria-describedby=\"caption-attachment-4109\" style=\"width: 800px\" class=\"wp-caption alignnone\"><img decoding=\"async\" class=\"wp-image-4109 size-full\" src=\"https:\/\/vapestornado.com\/wp-content\/uploads\/2025\/04\/High-Quality-Bang-Leader-30000-Puffs-Pen-Pod.webp\" alt=\"Wysokiej Jako\u015bci Bang Leader 30000 Zaci\u0105gni\u0119\u0107 Pen Pod\" width=\"800\" height=\"800\" srcset=\"https:\/\/vapestornado.com\/wp-content\/uploads\/2025\/04\/High-Quality-Bang-Leader-30000-Puffs-Pen-Pod.webp 800w, https:\/\/vapestornado.com\/wp-content\/uploads\/2025\/04\/High-Quality-Bang-Leader-30000-Puffs-Pen-Pod-300x300.webp 300w, https:\/\/vapestornado.com\/wp-content\/uploads\/2025\/04\/High-Quality-Bang-Leader-30000-Puffs-Pen-Pod-150x150.webp 150w, https:\/\/vapestornado.com\/wp-content\/uploads\/2025\/04\/High-Quality-Bang-Leader-30000-Puffs-Pen-Pod-768x768.webp 768w, https:\/\/vapestornado.com\/wp-content\/uploads\/2025\/04\/High-Quality-Bang-Leader-30000-Puffs-Pen-Pod-600x600.webp 600w, https:\/\/vapestornado.com\/wp-content\/uploads\/2025\/04\/High-Quality-Bang-Leader-30000-Puffs-Pen-Pod-100x100.webp 100w\" sizes=\"(max-width: 800px) 100vw, 800px\" \/><figcaption id=\"caption-attachment-4109\" class=\"wp-caption-text\">Wysokiej Jako\u015bci Bang Leader 30000 Zaci\u0105gni\u0119\u0107 Pen Pod<\/figcaption><\/figure>\n<\/div>\n<\/div>\n<\/div>\n<\/div>\n<\/div>\n<\/div>\n<\/div>\n<\/div>\n<\/article>\n<\/div>\n<\/div>\n<\/div>\n<\/div>\n<\/div>\n<\/div>\n<\/div>\n<\/div>\n<\/div>\n<\/div>\n<\/article>\n<h2>Dlaczego Wyb\u00f3r Vapestornado to Najlepsze Miejsce do Kupowania E-papieros\u00f3w?<\/h2>\n<div class=\"flex-shrink-0 flex flex-col relative items-end\">\n<div class=\"pt-0\">\n<div class=\"gizmo-bot-avatar flex h-8 w-8 items-center justify-center overflow-hidden rounded-full\">\n<div class=\"relative p-1 rounded-sm flex items-center justify-center bg-token-main-surface-primary text-token-text-primary h-8 w-8\">\n<p>At\u00a0<strong>VapeTornado<\/strong>, szczycimy si\u0119 dostarczaniem\u00a0<strong>wysokiej jako\u015bci produkt\u00f3w vapingowych w bezkonkurencyjnych cenach<\/strong>\u2014a Bang Leader 30000 Zaci\u0105gni\u0119\u0107 30k nie jest wyj\u0105tkiem! Oto dlaczego powiniene\u015b kupowa\u0107 u nas:<\/p>\n<p class=\"\" data-start=\"49\" data-end=\"193\"><strong data-start=\"49\" data-end=\"81\">Bezkonkurencyjne Ceny Hurtowe<\/strong> \u2013 Korzystaj z najlepszych ofert hurtowych na rynku, co czyni nas preferowanym dostawc\u0105 dla sklep\u00f3w z e-papierosami i sprzedawc\u00f3w na ca\u0142ym \u015bwiecie.<\/p>\n<p class=\"\" data-start=\"195\" data-end=\"340\"><strong data-start=\"195\" data-end=\"228\">Szybka Wysy\u0142ka<\/strong> \u2013 Dostarczamy Twoje zam\u00f3wienia szybko i bezpiecznie, z niezawodnymi opcjami wysy\u0142ki na ca\u0142y \u015bwiat, dostosowanymi do Twoich potrzeb.<\/p>\n<p class=\"\" data-start=\"342\" data-end=\"487\"><strong data-start=\"342\" data-end=\"367\">100% Oryginalne Produkty<\/strong> \u2013 Po\u017cegnaj si\u0119 z podr\u00f3bkami! Gwarantujemy wy\u0142\u0105cznie oryginalne vape Bang Leader 30000 Puffs o zweryfikowanej jako\u015bci i wydajno\u015bci.<\/p>\n<p class=\"\" data-start=\"489\" data-end=\"627\"><strong data-start=\"489\" data-end=\"516\">Profesjonalna Obs\u0142uga Klienta<\/strong> \u2013 Masz pytania? Nasz do\u015bwiadczony zesp\u00f3\u0142 ds. e-papieros\u00f3w jest tutaj dla Ciebie w ka\u017cdej chwili, zapewniaj\u0105c sprawn\u0105 i bezproblemow\u0105 obs\u0142ug\u0119.<\/p>\n<p data-start=\"559\" data-end=\"933\" data-is-last-node=\"\" data-is-only-node=\"\">Mamy te\u017c inne popularne vape z ekranem, takie jak <a href=\"https:\/\/vapestornado.com\/pl\/product\/wga-legend-ultra-30k-30000-puffs-rechargeable-vape-pod-twins-flavor\/\">WGA Crystal 30000 Zaci\u0105gni\u0119\u0107<\/a>, <a href=\"https:\/\/vapestornado.com\/pl\/product\/waspe-aiviou-3-in-1-60000-puffs-disposable-vape-kit-best-price\/\">WASPE 60000 3 w 1<\/a>, <a href=\"https:\/\/vapestornado.com\/pl\/product\/uzy-crystal-50000-puff-twin-flavor-bulk-vapes-for-cheap\/\">UZY Crystal 50000<\/a>, i wiele innych.<\/p>\n<\/div>\n<div class=\"relative p-1 rounded-sm flex items-center justify-center bg-token-main-surface-primary text-token-text-primary h-8 w-8\">\n<h2>FAQ dotycz\u0105ce Bang Leader 30000 Zaci\u0105gni\u0119\u0107, Kt\u00f3re Powiniene\u015b Zna\u0107<\/h2>\n<p data-start=\"1588\" data-end=\"1913\"><strong data-start=\"1588\" data-end=\"1678\">P: \u201eMam do\u015b\u0107 jednoraz\u00f3wek, kt\u00f3re ko\u0144cz\u0105 si\u0119 w kilka dni. Czy ta naprawd\u0119 wytrzyma?\u201d<\/strong><br data-start=\"1678\" data-end=\"1681\" \/><strong data-start=\"1681\" data-end=\"1687\">A:<\/strong> Tak. Bang Leader zapewnia <strong data-start=\"1718\" data-end=\"1740\">do 30 000 puf\u00f3w<\/strong>, wi\u0119c wi\u0119kszo\u015b\u0107 u\u017cytkownik\u00f3w otrzymuje <strong data-start=\"1760\" data-end=\"1776\">tygodnie u\u017cytkowania<\/strong>, a nie dni. Jest zaprojektowany dla intensywnych vaper\u00f3w, kt\u00f3rzy chc\u0105 mniej wymian, oraz dla okazjonalnych u\u017cytkownik\u00f3w, kt\u00f3rzy chc\u0105 urz\u0105dzenia, kt\u00f3re pozostaje niezawodne na d\u0142u\u017cej.<\/p>\n<p data-start=\"1915\" data-end=\"2197\"><strong data-start=\"1915\" data-end=\"1980\">P: \u201eCzy jednoraz\u00f3wka z du\u017c\u0105 ilo\u015bci\u0105 puf\u00f3w traci smak w po\u0142owie?\u201d<\/strong><br data-start=\"1980\" data-end=\"1983\" \/><strong data-start=\"1983\" data-end=\"1989\">A:<\/strong> To powszechny problem z standardowymi cewkami. Bang Leader rozwi\u0105zuje to za pomoc\u0105 <strong data-start=\"2061\" data-end=\"2090\">technologia podw\u00f3jnej siatki grzewczej<\/strong>, kt\u00f3re r\u00f3wnomiernie podgrzewaj\u0105 e-liquid i utrzymuj\u0105 stabilny profil smaku oraz g\u0119sto\u015b\u0107 pary podczas d\u0142ugich sesji.<\/p>\n<p data-start=\"2199\" data-end=\"2470\"><strong data-start=\"2199\" data-end=\"2261\">P: \u201eLubi\u0119 zmienia\u0107 smaki. Czy musz\u0119 kupi\u0107 dwa urz\u0105dzenia?\u201d<\/strong><br data-start=\"2261\" data-end=\"2264\" \/><strong data-start=\"2264\" data-end=\"2270\">A:<\/strong> Nie. To jest prawdziwy <strong data-start=\"2290\" data-end=\"2333\">Bang Leader 30000 Puff dual flavor vape<\/strong>. System rotacji podw\u00f3jnych smak\u00f3w pozwala Ci <strong data-start=\"2376\" data-end=\"2415\">prze\u0142\u0105cza\u0107 si\u0119 mi\u0119dzy dwoma smakami natychmiast<\/strong> z jednym ruchem, zapewniaj\u0105c r\u00f3\u017cnorodno\u015b\u0107 bez konieczno\u015bci noszenia zapas\u00f3w.<\/p>\n<p data-start=\"2472\" data-end=\"2734\"><strong data-start=\"2472\" data-end=\"2524\">P: \u201eJak wiem, kiedy bateria lub liquid jest na wyczerpaniu?\u201d<\/strong><br data-start=\"2524\" data-end=\"2527\" \/><strong data-start=\"2527\" data-end=\"2533\">A:<\/strong> Wbudowany inteligentny ekran pokazuje to jako <strong data-start=\"2573\" data-end=\"2608\">jednorazowy vape z ekranem LED<\/strong> kt\u00f3ry pokazuje <strong data-start=\"2620\" data-end=\"2663\">poziom baterii i e-liquid w czasie rzeczywistym<\/strong>. B\u0119dziesz dok\u0142adnie wiedzia\u0142, kiedy na\u0142adowa\u0107 lub wymieni\u0107 \u2014 bez niespodziewanych suchych zaci\u0119\u0107.<\/p>\n<p data-start=\"2954\" data-end=\"3124\"><strong data-start=\"2954\" data-end=\"3001\">P: \u201eCzy jest wystarczaj\u0105co przeno\u015bny na codzienne noszenie?\u201d<\/strong><br data-start=\"3001\" data-end=\"3004\" \/><strong data-start=\"3004\" data-end=\"3010\">A:<\/strong> Tak. Kompaktowa, pude\u0142kowa obudowa jest <strong data-start=\"3047\" data-end=\"3078\">przyjazna dla kieszeni i trwa\u0142a<\/strong>, stworzona do dojazd\u00f3w, podr\u00f3\u017cy i wieczornych wyj\u015b\u0107.<\/p>\n<p data-start=\"3126\" data-end=\"3428\"><strong data-start=\"3126\" data-end=\"3170\">P: \u201eCzy smaki s\u0105 intensywne i popularne?\u201d<\/strong><br data-start=\"3170\" data-end=\"3173\" \/><strong data-start=\"3173\" data-end=\"3179\">A:<\/strong> Oferta skupia si\u0119 na parach smak\u00f3w, kt\u00f3re pozostaj\u0105 przyjemne przez d\u0142ugi czas \u2014 jak <strong data-start=\"3254\" data-end=\"3292\">Red Bull<\/strong>, <strong data-start=\"3294\" data-end=\"3325\">Truskawka Kiwi<\/strong>, oraz w <strong data-start=\"3331\" data-end=\"3368\">Jagodowy L\u00f3d<\/strong>. Podw\u00f3jne podgrzewanie siatk\u0105 utrzymuje ka\u017cdy profil czysty i sp\u00f3jny.<\/p>\n<\/div>\n<\/div>\n<\/div>\n<\/div>","protected":false},"excerpt":{"rendered":"<p class=\"LC20lb MBeuO DKV0Md\">Bang Leader 30000 Zaci\u0105gni\u0119\u0107 Tanie E-papierosy Sklep z Wyrobami Tytoniowymi Hurtownia Polska<br \/>\nBang Leader 30000 Zaci\u0105gni\u0119\u0107 2 w 1 Podw\u00f3jny Smak Vape Box Cena Hurtowa<br \/>\nBang Leader 30000 Zaci\u0105gni\u0119\u0107 Tanie E-papierosy Kup Hurtowo<\/p>\n<p><strong>Dodaj Amy na WhatsApp, aby uzyska\u0107 w\u0142a\u015bciw\u0105 odpowied\u017a i cen\u0119 z rabatem!<\/strong><\/p>\n<p><img fetchpriority=\"high\" decoding=\"async\" class=\"size-full wp-image-2932\" src=\"https:\/\/vapestornado.com\/wp-content\/uploads\/2024\/12\/Vape-Wholesale.jpg\" alt=\"Hurtowa sprzeda\u017c e-papieros\u00f3w\" width=\"229\" height=\"300\" \/><\/p>\n<h3><a href=\"https:\/\/wa.me\/8617776015835\"><span style=\"color: #ff0000;\"><strong>WhatsApp: +86 17776015835<\/strong><\/span><\/a><\/h3>\n<p>&nbsp;<\/p>","protected":false},"featured_media":4105,"comment_status":"open","ping_status":"closed","template":"","meta":{"_acf_changed":false,"_uag_custom_page_level_css":"","_lmt_disableupdate":"no","_lmt_disable":"","_monsterinsights_skip_tracking":false,"_monsterinsights_sitenote_active":false,"_monsterinsights_sitenote_note":"","_monsterinsights_sitenote_category":0,"site-sidebar-layout":"default","site-content-layout":"","ast-site-content-layout":"default","site-content-style":"default","site-sidebar-style":"default","ast-global-header-display":"","ast-banner-title-visibility":"","ast-main-header-display":"","ast-hfb-above-header-display":"","ast-hfb-below-header-display":"","ast-hfb-mobile-header-display":"","site-post-title":"","ast-breadcrumbs-content":"","ast-featured-img":"","footer-sml-layout":"","ast-disable-related-posts":"","theme-transparent-header-meta":"default","adv-header-id-meta":"","stick-header-meta":"","header-above-stick-meta":"","header-main-stick-meta":"","header-below-stick-meta":"","astra-migrate-meta-layouts":"set","ast-page-background-enabled":"default","ast-page-background-meta":{"desktop":{"background-color":"","background-image":"","background-repeat":"repeat","background-position":"center center","background-size":"auto","background-attachment":"scroll","background-type":"","background-media":"","overlay-type":"","overlay-color":"","overlay-opacity":"","overlay-gradient":""},"tablet":{"background-color":"","background-image":"","background-repeat":"repeat","background-position":"center center","background-size":"auto","background-attachment":"scroll","background-type":"","background-media":"","overlay-type":"","overlay-color":"","overlay-opacity":"","overlay-gradient":""},"mobile":{"background-color":"","background-image":"","background-repeat":"repeat","background-position":"center center","background-size":"auto","background-attachment":"scroll","background-type":"","background-media":"","overlay-type":"","overlay-color":"","overlay-opacity":"","overlay-gradient":""}},"ast-content-background-meta":{"desktop":{"background-color":"var(--ast-global-color-5)","background-image":"","background-repeat":"repeat","background-position":"center center","background-size":"auto","background-attachment":"scroll","background-type":"","background-media":"","overlay-type":"","overlay-color":"","overlay-opacity":"","overlay-gradient":""},"tablet":{"background-color":"var(--ast-global-color-5)","background-image":"","background-repeat":"repeat","background-position":"center center","background-size":"auto","background-attachment":"scroll","background-type":"","background-media":"","overlay-type":"","overlay-color":"","overlay-opacity":"","overlay-gradient":""},"mobile":{"background-color":"var(--ast-global-color-5)","background-image":"","background-repeat":"repeat","background-position":"center center","background-size":"auto","background-attachment":"scroll","background-type":"","background-media":"","overlay-type":"","overlay-color":"","overlay-opacity":"","overlay-gradient":""}},"_joinchat":{"telephone":"17776015835"}},"product_brand":[],"product_cat":[67,278,154,156,142],"product_tag":[470,469,328,105,198],"class_list":{"0":"post-4111","1":"product","2":"type-product","3":"status-publish","4":"has-post-thumbnail","6":"product_cat-30000-puff","7":"product_cat-bang-leader-vape","8":"product_cat-buy-disposable-vapes-in-netherlands","9":"product_cat-buy-disposable-vapes-in-poland","10":"product_cat-digital-box-disposable-vapes","11":"product_tag-30k-puff-vape","12":"product_tag-bang-leader-30k","13":"product_tag-cheap-e-cigs","14":"product_tag-digital-disposable-vape","15":"product_tag-double-flavor-disposable-vape","16":"desktop-align-left","17":"tablet-align-left","18":"mobile-align-left","20":"first","21":"instock","22":"sale","23":"shipping-taxable","24":"purchasable","25":"product-type-simple"},"acf":[],"uagb_featured_image_src":{"full":["https:\/\/vapestornado.com\/wp-content\/uploads\/2025\/04\/Bang-30000-Puffs-Pro-Big-Screen-Double-Flavors-Disposable.webp",800,800,false],"thumbnail":["https:\/\/vapestornado.com\/wp-content\/uploads\/2025\/04\/Bang-30000-Puffs-Pro-Big-Screen-Double-Flavors-Disposable-150x150.webp",150,150,true],"medium":["https:\/\/vapestornado.com\/wp-content\/uploads\/2025\/04\/Bang-30000-Puffs-Pro-Big-Screen-Double-Flavors-Disposable-300x300.webp",300,300,true],"medium_large":["https:\/\/vapestornado.com\/wp-content\/uploads\/2025\/04\/Bang-30000-Puffs-Pro-Big-Screen-Double-Flavors-Disposable-768x768.webp",768,768,true],"large":["https:\/\/vapestornado.com\/wp-content\/uploads\/2025\/04\/Bang-30000-Puffs-Pro-Big-Screen-Double-Flavors-Disposable.webp",800,800,false],"1536x1536":["https:\/\/vapestornado.com\/wp-content\/uploads\/2025\/04\/Bang-30000-Puffs-Pro-Big-Screen-Double-Flavors-Disposable.webp",800,800,false],"2048x2048":["https:\/\/vapestornado.com\/wp-content\/uploads\/2025\/04\/Bang-30000-Puffs-Pro-Big-Screen-Double-Flavors-Disposable.webp",800,800,false],"trp-custom-language-flag":["https:\/\/vapestornado.com\/wp-content\/uploads\/2025\/04\/Bang-30000-Puffs-Pro-Big-Screen-Double-Flavors-Disposable.webp",12,12,false],"woocommerce_thumbnail":["https:\/\/vapestornado.com\/wp-content\/uploads\/2025\/04\/Bang-30000-Puffs-Pro-Big-Screen-Double-Flavors-Disposable-300x300.webp",300,300,true],"woocommerce_single":["https:\/\/vapestornado.com\/wp-content\/uploads\/2025\/04\/Bang-30000-Puffs-Pro-Big-Screen-Double-Flavors-Disposable-600x600.webp",600,600,true],"woocommerce_gallery_thumbnail":["https:\/\/vapestornado.com\/wp-content\/uploads\/2025\/04\/Bang-30000-Puffs-Pro-Big-Screen-Double-Flavors-Disposable-100x100.webp",100,100,true]},"uagb_author_info":{"display_name":"ESAMY","author_link":"https:\/\/vapestornado.com\/pl\/author\/"},"uagb_comment_info":0,"uagb_excerpt":"Bang Leader 30000 Puffs Cheap E Cigs Smoke Shop Wholesale Poland Bang Leader 30000 Puffs 2 in 1 Double Flavor Vape Box Wholesale Price Bang Leader 30000 Puffs\u00a0 Cheap ECigs Buy In Bulk Add Amy's whatsapp to get right reply and discount price! WhatsApp: +86 17776015835 &nbsp;","_links":{"self":[{"href":"https:\/\/vapestornado.com\/pl\/wp-json\/wp\/v2\/product\/4111","targetHints":{"allow":["GET"]}}],"collection":[{"href":"https:\/\/vapestornado.com\/pl\/wp-json\/wp\/v2\/product"}],"about":[{"href":"https:\/\/vapestornado.com\/pl\/wp-json\/wp\/v2\/types\/product"}],"replies":[{"embeddable":true,"href":"https:\/\/vapestornado.com\/pl\/wp-json\/wp\/v2\/comments?post=4111"}],"wp:featuredmedia":[{"embeddable":true,"href":"https:\/\/vapestornado.com\/pl\/wp-json\/wp\/v2\/media\/4105"}],"wp:attachment":[{"href":"https:\/\/vapestornado.com\/pl\/wp-json\/wp\/v2\/media?parent=4111"}],"wp:term":[{"taxonomy":"product_brand","embeddable":true,"href":"https:\/\/vapestornado.com\/pl\/wp-json\/wp\/v2\/product_brand?post=4111"},{"taxonomy":"product_cat","embeddable":true,"href":"https:\/\/vapestornado.com\/pl\/wp-json\/wp\/v2\/product_cat?post=4111"},{"taxonomy":"product_tag","embeddable":true,"href":"https:\/\/vapestornado.com\/pl\/wp-json\/wp\/v2\/product_tag?post=4111"}],"curies":[{"name":"wp","href":"https:\/\/api.w.org\/{rel}","templated":true}]}}