{"id":4103,"date":"2025-04-10T09:29:15","date_gmt":"2025-04-10T09:29:15","guid":{"rendered":"https:\/\/vapestornado.com\/?post_type=product&#038;p=4103"},"modified":"2025-12-02T09:08:48","modified_gmt":"2025-12-02T09:08:48","slug":"bang-leader-45000-puff-45k-cheap-e-cigs-bulk-buy-online","status":"publish","type":"product","link":"https:\/\/vapestornado.com\/pl\/product\/bang-leader-45000-puff-45k-cheap-e-cigs-bulk-buy-online\/","title":{"rendered":"Bang Leader 45000 Puff 45k Tanie E Papierosy Kup Online Hurtowo"},"content":{"rendered":"<h1 data-pm-slice=\"1 1 []\">Bang Leader 45000 Puff 45k Tanie E Papierosy Kup Online Hurtowo<\/h1>\n<p data-start=\"465\" data-end=\"826\">Cyfrowy ekran <strong data-start=\"469\" data-end=\"511\">Bang Leader 45000 Puff Jednorazowy Vape<\/strong> stanowi jedn\u0105 z najbardziej pot\u0119\u017cnych i niezawodnych opcji w kategorii jednorazowych e-papieros\u00f3w o 45 000 puf\u00f3w. Z wymienn\u0105 bateri\u0105 650mAh, mocami nikotyny 0%, 2% i 5% oraz imponuj\u0105c\u0105 pojemno\u015bci\u0105 45 000 puf\u00f3w, urz\u0105dzenie zapewnia d\u0142ugotrwa\u0142e i stabilne do\u015bwiadczenie wapowania, idealne na d\u0142u\u017csze sesje.<\/p>\n<h4 data-start=\"828\" data-end=\"878\">1. Wysokowydajna bateria i inteligentny wy\u015bwietlacz<\/h4>\n<p data-start=\"879\" data-end=\"1303\">Wyposa\u017cony w <strong data-start=\"895\" data-end=\"926\">akumulator o pojemno\u015bci 650 mAh<\/strong>, e-papieros Bang Leader zapewnia mo\u017cliwo\u015b\u0107 d\u0142ugich sesji wapowania bez obaw o cz\u0119ste \u0142adowanie. Posiada r\u00f3wnie\u017c <strong data-start=\"1058\" data-end=\"1083\">cyfrowy inteligentny wy\u015bwietlacz<\/strong> kt\u00f3ry dostarcza informacje w czasie rzeczywistym o poziomie baterii i e-liquidzie, daj\u0105c u\u017cytkownikom pe\u0142n\u0105 kontrol\u0119 podczas u\u017cytkowania. Ta funkcja eliminuje zgadywanie, pomagaj\u0105c monitorowa\u0107 stan urz\u0105dzenia i zapewniaj\u0105c bezproblemowe korzystanie.<\/p>\n<h4 data-start=\"1305\" data-end=\"1337\">2. Optymalizowany drut siatkowy 1.0\u03a9<\/h4>\n<p data-start=\"1338\" data-end=\"1634\">Cyfrowy ekran <strong data-start=\"1342\" data-end=\"1360\">1.0\u03a9 siatkowa grza\u0142ka<\/strong> stosowany w e-papierosie Bang Leader zwi\u0119ksza produkcj\u0119 pary i zapewnia p\u0142ynne, pe\u0142ne smaku zaci\u0105gni\u0119cia od pocz\u0105tku do ko\u0144ca. Konstrukcja drutu siatkowego oferuje lepsz\u0105 wydajno\u015b\u0107 grzewcz\u0105, zapewniaj\u0105c jednolit\u0105 i stabiln\u0105 par\u0119 podczas ca\u0142ego u\u017cytkowania urz\u0105dzenia, co podnosi og\u00f3lne do\u015bwiadczenie wapowania.<\/p>\n<h4 data-start=\"1636\" data-end=\"1672\">3. Podw\u00f3jny system zmiany smaku<\/h4>\n<p data-start=\"1673\" data-end=\"1877\">Wyj\u0105tkow\u0105 cech\u0105 tego e-papierosa jest jego <strong data-start=\"1712\" data-end=\"1744\">podw\u00f3jny system zmiany smaku<\/strong>, kt\u00f3ry pozwala u\u017cytkownikom natychmiast prze\u0142\u0105cza\u0107 si\u0119 mi\u0119dzy dwoma r\u00f3\u017cnymi profilami smakowymi. Do najpopularniejszych kombinacji smakowych nale\u017c\u0105:<\/p>\n<ul data-start=\"1878\" data-end=\"2042\">\n<li data-start=\"1878\" data-end=\"1928\">\n<p data-start=\"1880\" data-end=\"1928\"><strong data-start=\"1880\" data-end=\"1928\">Blueberry Raspberry<\/strong><\/p>\n<\/li>\n<li data-start=\"1929\" data-end=\"1969\">\n<p data-start=\"1931\" data-end=\"1969\"><strong data-start=\"1931\" data-end=\"1969\">Red Bull<\/strong><\/p>\n<\/li>\n<li data-start=\"1970\" data-end=\"2003\">\n<p data-start=\"1972\" data-end=\"2003\"><strong data-start=\"1972\" data-end=\"2003\">Cola Ice<\/strong><\/p>\n<\/li>\n<li data-start=\"2004\" data-end=\"2042\">\n<p data-start=\"2006\" data-end=\"2042\"><strong data-start=\"2006\" data-end=\"2042\">Blueberry Ice<\/strong><\/p>\n<\/li>\n<\/ul>\n<p data-start=\"2044\" data-end=\"2199\">Ten podw\u00f3jny system smak\u00f3w zapewnia wszechstronno\u015b\u0107, umo\u017cliwiaj\u0105c u\u017cytkownikom cieszenie si\u0119 r\u00f3\u017cnorodno\u015bci\u0105 smak\u00f3w w jednym urz\u0105dzeniu, co sprawia, \u017ce do\u015bwiadczenie wapowania jest ekscytuj\u0105ce i \u015bwie\u017ce.<\/p>\n<h4 data-start=\"2201\" data-end=\"2236\">4. Kompaktowy i przeno\u015bny design<\/h4>\n<p data-start=\"2237\" data-end=\"2544\">Cyfrowy ekran <strong data-start=\"2241\" data-end=\"2267\">Bang Leader 45000 Puff<\/strong> zosta\u0142 zaprojektowany tak, aby by\u0142 kompaktowy i mie\u015bci\u0142 si\u0119 w kieszeni, zapewniaj\u0105c wygod\u0119 u\u017cytkowania w podr\u00f3\u017cy. Jego ergonomiczny kszta\u0142t pozwala na \u0142atwe noszenie, zar\u00f3wno do codziennego u\u017cytku, jak i podczas podr\u00f3\u017cy. To praktyczne rozwi\u0105zanie dla tych, kt\u00f3rzy szukaj\u0105 wysokowydajnego, przeno\u015bnego urz\u0105dzenia do wapowania.<\/p>\n<h4 data-start=\"2546\" data-end=\"2585\">5. Silny popyt na rynku europejskim<\/h4>\n<p data-start=\"2586\" data-end=\"2963\">Jako wysokiej klasy jednorazowy e-papieros, <strong data-start=\"2620\" data-end=\"2646\">Bang Leader 45000 Puff<\/strong> jest dostosowany do rosn\u0105cego zapotrzebowania na rynku europejskim. Jego wydajno\u015b\u0107 i funkcje czyni\u0105 go doskona\u0142ym wyborem zar\u00f3wno do u\u017cytku osobistego, jak i do hurtowej dystrybucji. Dla sklep\u00f3w z e-papierosami i reseller\u00f3w, oferuje du\u017cy potencja\u0142 popytu, <strong data-start=\"2884\" data-end=\"2907\">konkurencyjne mar\u017ce<\/strong>, i urz\u0105dzenie zaprojektowane, aby przyci\u0105ga\u0107 <strong data-start=\"2942\" data-end=\"2962\">powtarzaj\u0105cych si\u0119 klient\u00f3w<\/strong>.<\/p>\n<h4 data-start=\"2965\" data-end=\"2998\">6. Opcje mocy nikotyny<\/h4>\n<p data-start=\"2999\" data-end=\"3233\">Urz\u0105dzenie dost\u0119pne jest w trzech opcjach mocy nikotyny: <strong data-start=\"3059\" data-end=\"3077\">0%, 2% i 5%<\/strong>, dostosowane do szerokiego zakresu u\u017cytkownik\u00f3w. Niezale\u017cnie od tego, czy wolisz do\u015bwiadczenie bez nikotyny, czy mocniejszy zastrzyk, Bang Leader 45000 Puff ma co\u015b dla ka\u017cdego.<\/p>\n<p data-start=\"666\" data-end=\"1235\"><strong style=\"font-size: 16px;\"><span style=\"color: #ff0000;\">Dodaj Amy na WhatsApp, aby uzyska\u0107 szybk\u0105 odpowied\u017a i cen\u0119 ze zni\u017ck\u0105!<\/span><\/strong><\/p>\n<p><img fetchpriority=\"high\" decoding=\"async\" class=\"size-full wp-image-2932\" src=\"https:\/\/vapestornado.com\/wp-content\/uploads\/2024\/12\/Vape-Wholesale.jpg\" alt=\"Hurtowa sprzeda\u017c e-papieros\u00f3w\" width=\"229\" height=\"300\" \/><\/p>\n<h3><a href=\"https:\/\/wa.me\/8617776015835\" target=\"_blank\" rel=\"noopener\"><span style=\"color: #ff0000;\"><strong>WhatsApp: +86 17776015835<\/strong><\/span><\/a><\/h3>\n<p>&nbsp;<\/p>\n<h2><strong>Bang Leader 45000 Kluczowe cechy produktu<\/strong><\/h2>\n<p>Marka: BANG LEADER<br \/>\nPUFF\u00d3W: 45000<br \/>\nBateria: 650mah, \u0142adowalna<br \/>\nRezystancja: 1.0ohm<br \/>\n2 w 1 podw\u00f3jny smak<br \/>\nCyfrowy wy\u015bwietlacz oleju i baterii<br \/>\nNikotyna 0% 2% 5%<\/p>\n<h2 class=\"product-title\"><strong>Bang Leader 45k Jednorazowe e-papierosy \u2013 przegl\u0105d smak\u00f3w<\/strong><\/h2>\n<article class=\"w-full text-token-text-primary focus-visible:outline-2 focus-visible:outline-offset-[-4px]\" dir=\"auto\" data-testid=\"conversation-turn-32\" data-scroll-anchor=\"false\">\n<div class=\"m-auto text-base py-[18px] px-6\">\n<div class=\"mx-auto flex flex-1 text-base gap-4 md:gap-5 lg:gap-6 md:max-w-3xl lg:max-w-[40rem] xl:max-w-[48rem]\">\n<div class=\"group\/conversation-turn relative flex w-full min-w-0 flex-col @xs\/thread:px-0 @sm\/thread:px-1.5 @md\/thread:px-4\">\n<div class=\"flex-col gap-1 md:gap-3\">\n<div class=\"flex max-w-full flex-col flex-grow\">\n<div class=\"min-h-8 text-message flex w-full flex-col items-end gap-2 whitespace-normal break-words text-start [.text-message+&amp;]:mt-5\" dir=\"auto\" data-message-author-role=\"user\" data-message-id=\"ffac41ca-1db4-431b-873a-32c4052956f1\">\n<div class=\"flex w-full flex-col gap-1 empty:hidden items-end rtl:items-start\">\n<div class=\"relative max-w-[var(--user-chat-width,70%)] rounded-3xl bg-token-message-surface px-5 py-2.5\">\n<div class=\"absolute bottom-0 right-full top-0 -mr-3.5 hidden pr-5 pt-2 [.group\/conversation-turn:hover_&amp;]:flex\">\n<div class=\"flex\">\n<article class=\"w-full text-token-text-primary focus-visible:outline-2 focus-visible:outline-offset-[-4px]\" dir=\"auto\" data-testid=\"conversation-turn-39\" data-scroll-anchor=\"true\">\n<div class=\"m-auto text-base py-[18px] px-6\">\n<div class=\"mx-auto flex flex-1 text-base gap-4 md:gap-5 lg:gap-6 md:max-w-3xl lg:max-w-[40rem] xl:max-w-[48rem]\">\n<div class=\"group\/conversation-turn relative flex w-full min-w-0 flex-col agent-turn @xs\/thread:px-0 @sm\/thread:px-1.5 @md\/thread:px-4\">\n<div class=\"flex-col gap-1 md:gap-3\">\n<div class=\"flex max-w-full flex-col flex-grow\">\n<div class=\"min-h-8 text-message flex w-full flex-col items-end gap-2 whitespace-normal break-words text-start [.text-message+&amp;]:mt-5\" dir=\"auto\" data-message-author-role=\"assistant\" data-message-id=\"55a23854-ec57-48dd-bd4f-6118f43d6241\" data-message-model-slug=\"gpt-4o\">\n<div class=\"flex w-full flex-col gap-1 empty:hidden first:pt-[3px]\">\n<div class=\"markdown prose w-full break-words dark:prose-invert light\">\n<p>1.Watermelon Ice<br \/>\n2.Strawberry and Watermelon<br \/>\n3.Strawberry and watermelon<br \/>\n4.Blueberry Raspberry<br \/>\n5.Blueberry Watermelon<br \/>\n6. Blueberry Ice<br \/>\n7. Blueberry Ice<br \/>\n8. Red Bull<br \/>\n9. Red Bull<br \/>\n10. Strawberry Kiwi<br \/>\n11. Cola Ice<br \/>\n12. Pineapple Ice<\/p>\n<figure id=\"attachment_4097\" aria-describedby=\"caption-attachment-4097\" style=\"width: 300px\" class=\"wp-caption alignnone\"><img decoding=\"async\" class=\"size-medium wp-image-4097\" src=\"https:\/\/vapestornado.com\/wp-content\/uploads\/2025\/04\/Bang-45000-Puff-Buy-Vape-Mods-Online-300x300.webp\" alt=\"Bang 45000 Puff Kup Vape Mody Online\" width=\"300\" height=\"300\" srcset=\"https:\/\/vapestornado.com\/wp-content\/uploads\/2025\/04\/Bang-45000-Puff-Buy-Vape-Mods-Online-300x300.webp 300w, https:\/\/vapestornado.com\/wp-content\/uploads\/2025\/04\/Bang-45000-Puff-Buy-Vape-Mods-Online-150x150.webp 150w, https:\/\/vapestornado.com\/wp-content\/uploads\/2025\/04\/Bang-45000-Puff-Buy-Vape-Mods-Online-768x768.webp 768w, https:\/\/vapestornado.com\/wp-content\/uploads\/2025\/04\/Bang-45000-Puff-Buy-Vape-Mods-Online-600x600.webp 600w, https:\/\/vapestornado.com\/wp-content\/uploads\/2025\/04\/Bang-45000-Puff-Buy-Vape-Mods-Online-100x100.webp 100w, https:\/\/vapestornado.com\/wp-content\/uploads\/2025\/04\/Bang-45000-Puff-Buy-Vape-Mods-Online.webp 800w\" sizes=\"(max-width: 300px) 100vw, 300px\" \/><figcaption id=\"caption-attachment-4097\" class=\"wp-caption-text\">Bang 45000 Puff Kup Vape Mody Online<\/figcaption><\/figure>\n<\/div>\n<\/div>\n<\/div>\n<\/div>\n<\/div>\n<\/div>\n<\/div>\n<\/div>\n<\/article>\n<\/div>\n<\/div>\n<\/div>\n<\/div>\n<\/div>\n<\/div>\n<\/div>\n<\/div>\n<\/div>\n<\/div>\n<\/article>\n<h2>Dlaczego Wyb\u00f3r Vapestornado to Najlepsze Miejsce do Kupowania E-papieros\u00f3w?<\/h2>\n<div class=\"flex-shrink-0 flex flex-col relative items-end\">\n<div class=\"pt-0\">\n<div class=\"gizmo-bot-avatar flex h-8 w-8 items-center justify-center overflow-hidden rounded-full\">\n<div class=\"relative p-1 rounded-sm flex items-center justify-center bg-token-main-surface-primary text-token-text-primary h-8 w-8\">\n<p>At\u00a0<strong>VapeTornado<\/strong>, szczycimy si\u0119 dostarczaniem\u00a0<strong>wysokiej jako\u015bci produkt\u00f3w vapingowych w bezkonkurencyjnych cenach<\/strong>\u2014i Bang Leader 45000 Puff 45k nie jest wyj\u0105tkiem! Oto dlaczego warto u nas kupowa\u0107:<\/p>\n<p class=\"\" data-start=\"49\" data-end=\"193\"><strong data-start=\"49\" data-end=\"81\">Bezkonkurencyjne Ceny Hurtowe<\/strong> \u2013 Korzystaj z najlepszych ofert hurtowych na rynku, co czyni nas preferowanym dostawc\u0105 dla sklep\u00f3w z e-papierosami i sprzedawc\u00f3w na ca\u0142ym \u015bwiecie.<\/p>\n<p class=\"\" data-start=\"195\" data-end=\"340\"><strong data-start=\"195\" data-end=\"228\">Szybka Wysy\u0142ka<\/strong> \u2013 Dostarczamy Twoje zam\u00f3wienia szybko i bezpiecznie, z niezawodnymi opcjami wysy\u0142ki na ca\u0142y \u015bwiat, dostosowanymi do Twoich potrzeb.<\/p>\n<p class=\"\" data-start=\"342\" data-end=\"487\"><strong data-start=\"342\" data-end=\"367\">100% Oryginalne Produkty<\/strong> \u2013 Po\u017cegnaj si\u0119 z podr\u00f3bkami! Gwarantujemy wy\u0142\u0105cznie oryginalny Bang 45000 Puff Kup E-papieros z potwierdzon\u0105 jako\u015bci\u0105 i wydajno\u015bci\u0105.<\/p>\n<p class=\"\" data-start=\"489\" data-end=\"627\"><strong data-start=\"489\" data-end=\"516\">Profesjonalna Obs\u0142uga Klienta<\/strong> \u2013 Masz pytania? Nasz do\u015bwiadczony zesp\u00f3\u0142 ds. e-papieros\u00f3w jest tutaj dla Ciebie w ka\u017cdej chwili, zapewniaj\u0105c sprawn\u0105 i bezproblemow\u0105 obs\u0142ug\u0119.<\/p>\n<p data-start=\"559\" data-end=\"933\" data-is-last-node=\"\" data-is-only-node=\"\">Mamy te\u017c inne popularne vape z ekranem, takie jak <a href=\"https:\/\/vapestornado.com\/pl\/product\/wga-legend-ultra-30k-30000-puffs-rechargeable-vape-pod-twins-flavor\/\">WGA Crystal 30000 Zaci\u0105gni\u0119\u0107<\/a>, <a href=\"https:\/\/vapestornado.com\/pl\/product\/waspe-aiviou-3-in-1-60000-puffs-disposable-vape-kit-best-price\/\">WASPE 60000 3 w 1<\/a>, <a href=\"https:\/\/vapestornado.com\/pl\/product\/uzy-crystal-50000-puff-twin-flavor-bulk-vapes-for-cheap\/\">UZY Crystal 50000<\/a>, i wiele innych.<\/p>\n<\/div>\n<div class=\"relative p-1 rounded-sm flex items-center justify-center bg-token-main-surface-primary text-token-text-primary h-8 w-8\">\n<h2>FAQ dotycz\u0105ce Bang Leader 45000 Puff \u2013 Co warto wiedzie\u0107<\/h2>\n<p class=\"\" data-start=\"1408\" data-end=\"1608\"><strong data-start=\"1408\" data-end=\"1466\">1. Jak d\u0142ugo dzia\u0142a Bang Leader 45000 Puff?<\/strong><br data-start=\"1466\" data-end=\"1469\" \/>To urz\u0105dzenie oferuje do <strong data-start=\"1494\" data-end=\"1509\">45000 zaci\u0105gni\u0119\u0107<\/strong>, co mo\u017ce wystarczy\u0107 na tygodnie, w zale\u017cno\u015bci od u\u017cytkowania, dzi\u0119ki czemu idealnie nadaje si\u0119 do d\u0142ugotrwa\u0142ego wapowania lub odsprzeda\u017cy.<\/p>\n<p class=\"\" data-start=\"1610\" data-end=\"1771\"><strong data-start=\"1610\" data-end=\"1659\">2. Czy mog\u0119 na\u0142adowa\u0107 Bang Leader 45000?<\/strong><br data-start=\"1659\" data-end=\"1662\" \/>Tak! Jest wyposa\u017cony w wbudowany <strong data-start=\"1692\" data-end=\"1723\">akumulator o pojemno\u015bci 650 mAh<\/strong> i port \u0142adowania typu C do szybkiego \u0142adowania.<\/p>\n<p class=\"\" data-start=\"1773\" data-end=\"1986\"><strong data-start=\"1773\" data-end=\"1826\">3. Jaka jest korzy\u015b\u0107 z systemu podw\u00f3jnego smaku?<\/strong><br data-start=\"1826\" data-end=\"1829\" \/>Cyfrowy ekran <strong data-start=\"1833\" data-end=\"1857\">2 w 1 podw\u00f3jny smak<\/strong> daje wi\u0119ksz\u0105 r\u00f3\u017cnorodno\u015b\u0107 w jednym urz\u0105dzeniu. Mo\u017cesz cieszy\u0107 si\u0119 jednym smakiem, prze\u0142\u0105czy\u0107 si\u0119 na drugi lub miesza\u0107, aby uzyska\u0107 wyj\u0105tkowe doznania smakowe.<\/p>\n<p class=\"\" data-start=\"1988\" data-end=\"2168\"><strong data-start=\"1988\" data-end=\"2047\">4. Czy jest spos\u00f3b, aby sprawdzi\u0107 poziom baterii i e-liquidu?<\/strong><br data-start=\"2047\" data-end=\"2050\" \/>Absolutnie! The <strong data-start=\"2066\" data-end=\"2091\">inteligentny wy\u015bwietlacz cyfrowy<\/strong> pokazuje zar\u00f3wno \u017cywotno\u015b\u0107 baterii, jak i pozosta\u0142y e-liquid, dzi\u0119ki czemu zawsze masz kontrol\u0119.<\/p>\n<p class=\"\" data-start=\"2170\" data-end=\"2384\"><strong data-start=\"2170\" data-end=\"2225\">5. Jakie s\u0105 najpopularniejsze kombinacje smak\u00f3w?<\/strong><br data-start=\"2225\" data-end=\"2228\" \/>Popularne wybory to <strong data-start=\"2246\" data-end=\"2277\">Truskawka Kiwi<\/strong>, <strong data-start=\"2279\" data-end=\"2316\">Jagodowy L\u00f3d<\/strong>, oraz w <strong data-start=\"2322\" data-end=\"2354\">Pineapple Ice<\/strong> \u2013 ulubione przez fan\u00f3w nie bez powodu!<\/p>\n<\/div>\n<\/div>\n<\/div>\n<\/div>","protected":false},"excerpt":{"rendered":"<p class=\"LC20lb MBeuO DKV0Md\">Bang Leader 45000 Tanie E Papierosy Hurtownia w Polsce<br \/>\nBang 45000 Puff 45k 2 w 1 Podw\u00f3jny Smak Vape Box Cena Hurtowa<br \/>\nBang Leader Puff 45k Tanie E Papierosy Kup w Du\u017cych Ilo\u015bciach<\/p>\n<p><strong>Dodaj Amy na WhatsApp, aby uzyska\u0107 w\u0142a\u015bciw\u0105 odpowied\u017a i cen\u0119 z rabatem!<\/strong><\/p>\n<p><img fetchpriority=\"high\" decoding=\"async\" class=\"size-full wp-image-2932\" src=\"https:\/\/vapestornado.com\/wp-content\/uploads\/2024\/12\/Vape-Wholesale.jpg\" alt=\"Hurtowa sprzeda\u017c e-papieros\u00f3w\" width=\"229\" height=\"300\" \/><\/p>\n<h3><a href=\"https:\/\/wa.me\/8617776015835\"><span style=\"color: #ff0000;\"><strong>WhatsApp: +86 17776015835<\/strong><\/span><\/a><\/h3>\n<p>&nbsp;<\/p>","protected":false},"featured_media":4098,"comment_status":"open","ping_status":"closed","template":"","meta":{"_acf_changed":false,"_uag_custom_page_level_css":"","_lmt_disableupdate":"no","_lmt_disable":"","_monsterinsights_skip_tracking":false,"_monsterinsights_sitenote_active":false,"_monsterinsights_sitenote_note":"","_monsterinsights_sitenote_category":0,"site-sidebar-layout":"default","site-content-layout":"","ast-site-content-layout":"default","site-content-style":"default","site-sidebar-style":"default","ast-global-header-display":"","ast-banner-title-visibility":"","ast-main-header-display":"","ast-hfb-above-header-display":"","ast-hfb-below-header-display":"","ast-hfb-mobile-header-display":"","site-post-title":"","ast-breadcrumbs-content":"","ast-featured-img":"","footer-sml-layout":"","ast-disable-related-posts":"","theme-transparent-header-meta":"default","adv-header-id-meta":"","stick-header-meta":"","header-above-stick-meta":"","header-main-stick-meta":"","header-below-stick-meta":"","astra-migrate-meta-layouts":"set","ast-page-background-enabled":"default","ast-page-background-meta":{"desktop":{"background-color":"","background-image":"","background-repeat":"repeat","background-position":"center center","background-size":"auto","background-attachment":"scroll","background-type":"","background-media":"","overlay-type":"","overlay-color":"","overlay-opacity":"","overlay-gradient":""},"tablet":{"background-color":"","background-image":"","background-repeat":"repeat","background-position":"center center","background-size":"auto","background-attachment":"scroll","background-type":"","background-media":"","overlay-type":"","overlay-color":"","overlay-opacity":"","overlay-gradient":""},"mobile":{"background-color":"","background-image":"","background-repeat":"repeat","background-position":"center center","background-size":"auto","background-attachment":"scroll","background-type":"","background-media":"","overlay-type":"","overlay-color":"","overlay-opacity":"","overlay-gradient":""}},"ast-content-background-meta":{"desktop":{"background-color":"var(--ast-global-color-5)","background-image":"","background-repeat":"repeat","background-position":"center center","background-size":"auto","background-attachment":"scroll","background-type":"","background-media":"","overlay-type":"","overlay-color":"","overlay-opacity":"","overlay-gradient":""},"tablet":{"background-color":"var(--ast-global-color-5)","background-image":"","background-repeat":"repeat","background-position":"center center","background-size":"auto","background-attachment":"scroll","background-type":"","background-media":"","overlay-type":"","overlay-color":"","overlay-opacity":"","overlay-gradient":""},"mobile":{"background-color":"var(--ast-global-color-5)","background-image":"","background-repeat":"repeat","background-position":"center center","background-size":"auto","background-attachment":"scroll","background-type":"","background-media":"","overlay-type":"","overlay-color":"","overlay-opacity":"","overlay-gradient":""}},"_joinchat":{"telephone":"17776015835"}},"product_brand":[],"product_cat":[265,278,154,156,142],"product_tag":[329,327,328,105,198],"class_list":{"0":"post-4103","1":"product","2":"type-product","3":"status-publish","4":"has-post-thumbnail","6":"product_cat-45000-puff","7":"product_cat-bang-leader-vape","8":"product_cat-buy-disposable-vapes-in-netherlands","9":"product_cat-buy-disposable-vapes-in-poland","10":"product_cat-digital-box-disposable-vapes","11":"product_tag-bang-leader-45000","12":"product_tag-bang-leader-45k","13":"product_tag-cheap-e-cigs","14":"product_tag-digital-disposable-vape","15":"product_tag-double-flavor-disposable-vape","16":"desktop-align-left","17":"tablet-align-left","18":"mobile-align-left","20":"first","21":"instock","22":"sale","23":"shipping-taxable","24":"purchasable","25":"product-type-simple"},"acf":[],"uagb_featured_image_src":{"full":["https:\/\/vapestornado.com\/wp-content\/uploads\/2025\/04\/Bang-Leader-45k-45000-Puff-Vape-Box-Cheap-Price.webp",800,800,false],"thumbnail":["https:\/\/vapestornado.com\/wp-content\/uploads\/2025\/04\/Bang-Leader-45k-45000-Puff-Vape-Box-Cheap-Price-150x150.webp",150,150,true],"medium":["https:\/\/vapestornado.com\/wp-content\/uploads\/2025\/04\/Bang-Leader-45k-45000-Puff-Vape-Box-Cheap-Price-300x300.webp",300,300,true],"medium_large":["https:\/\/vapestornado.com\/wp-content\/uploads\/2025\/04\/Bang-Leader-45k-45000-Puff-Vape-Box-Cheap-Price-768x768.webp",768,768,true],"large":["https:\/\/vapestornado.com\/wp-content\/uploads\/2025\/04\/Bang-Leader-45k-45000-Puff-Vape-Box-Cheap-Price.webp",800,800,false],"1536x1536":["https:\/\/vapestornado.com\/wp-content\/uploads\/2025\/04\/Bang-Leader-45k-45000-Puff-Vape-Box-Cheap-Price.webp",800,800,false],"2048x2048":["https:\/\/vapestornado.com\/wp-content\/uploads\/2025\/04\/Bang-Leader-45k-45000-Puff-Vape-Box-Cheap-Price.webp",800,800,false],"trp-custom-language-flag":["https:\/\/vapestornado.com\/wp-content\/uploads\/2025\/04\/Bang-Leader-45k-45000-Puff-Vape-Box-Cheap-Price.webp",12,12,false],"woocommerce_thumbnail":["https:\/\/vapestornado.com\/wp-content\/uploads\/2025\/04\/Bang-Leader-45k-45000-Puff-Vape-Box-Cheap-Price-300x300.webp",300,300,true],"woocommerce_single":["https:\/\/vapestornado.com\/wp-content\/uploads\/2025\/04\/Bang-Leader-45k-45000-Puff-Vape-Box-Cheap-Price-600x600.webp",600,600,true],"woocommerce_gallery_thumbnail":["https:\/\/vapestornado.com\/wp-content\/uploads\/2025\/04\/Bang-Leader-45k-45000-Puff-Vape-Box-Cheap-Price-100x100.webp",100,100,true]},"uagb_author_info":{"display_name":"ESAMY","author_link":"https:\/\/vapestornado.com\/pl\/author\/"},"uagb_comment_info":0,"uagb_excerpt":"Bang Leader 45000 Cheap E Cigs Smoke Shop Wholesale Poland Bang\u00a0 45000 Puff 45k 2 in 1 Double Flavor Vape Box Wholesale Price Bang Leader Puff 45k Cheap ECigs Buy In Bulk Add Amy's whatsapp to get right reply and discount price! WhatsApp: +86 17776015835 &nbsp;","_links":{"self":[{"href":"https:\/\/vapestornado.com\/pl\/wp-json\/wp\/v2\/product\/4103","targetHints":{"allow":["GET"]}}],"collection":[{"href":"https:\/\/vapestornado.com\/pl\/wp-json\/wp\/v2\/product"}],"about":[{"href":"https:\/\/vapestornado.com\/pl\/wp-json\/wp\/v2\/types\/product"}],"replies":[{"embeddable":true,"href":"https:\/\/vapestornado.com\/pl\/wp-json\/wp\/v2\/comments?post=4103"}],"wp:featuredmedia":[{"embeddable":true,"href":"https:\/\/vapestornado.com\/pl\/wp-json\/wp\/v2\/media\/4098"}],"wp:attachment":[{"href":"https:\/\/vapestornado.com\/pl\/wp-json\/wp\/v2\/media?parent=4103"}],"wp:term":[{"taxonomy":"product_brand","embeddable":true,"href":"https:\/\/vapestornado.com\/pl\/wp-json\/wp\/v2\/product_brand?post=4103"},{"taxonomy":"product_cat","embeddable":true,"href":"https:\/\/vapestornado.com\/pl\/wp-json\/wp\/v2\/product_cat?post=4103"},{"taxonomy":"product_tag","embeddable":true,"href":"https:\/\/vapestornado.com\/pl\/wp-json\/wp\/v2\/product_tag?post=4103"}],"curies":[{"name":"wp","href":"https:\/\/api.w.org\/{rel}","templated":true}]}}