{"id":4089,"date":"2025-04-08T03:43:30","date_gmt":"2025-04-08T03:43:30","guid":{"rendered":"https:\/\/vapestornado.com\/?post_type=product&#038;p=4089"},"modified":"2025-08-23T12:34:43","modified_gmt":"2025-08-23T12:34:43","slug":"wga-legend-ultra-30k-30000-puffs-rechargeable-vape-pod-twins-flavor","status":"publish","type":"product","link":"https:\/\/vapestornado.com\/pl\/product\/wga-legend-ultra-30k-30000-puffs-rechargeable-vape-pod-twins-flavor\/","title":{"rendered":"WGA Legend Ultra 30K 30000 Zaci\u0105gni\u0119\u0107 Podw\u00f3jny Smak Wymiennych Pod\u00f3w Vape z Mo\u017cliwo\u015bci\u0105 \u0141adowania"},"content":{"rendered":"<h1 data-pm-slice=\"1 1 []\">WGA Legend Ultra 30K 30000 Zaci\u0105gni\u0119\u0107 Podw\u00f3jny Smak Wymiennych Pod\u00f3w Vape z Mo\u017cliwo\u015bci\u0105 \u0141adowania<\/h1>\n<p class=\"\" data-start=\"402\" data-end=\"928\">Cyfrowy ekran <strong data-start=\"316\" data-end=\"374\">WGA Legend Ultra 30K 30000 Zaci\u0105gni\u0119\u0107, \u0141adowalny Pod Vape<\/strong> na nowo definiuje wszechstronno\u015b\u0107 dzi\u0119ki swoim <strong data-start=\"406\" data-end=\"429\">dwufazowy system smak\u00f3w<\/strong>, umo\u017cliwiaj\u0105c prze\u0142\u0105czanie si\u0119 mi\u0119dzy dwoma <strong data-start=\"466\" data-end=\"491\">10ml zbiornikami do ponownego nape\u0142niania<\/strong> dla dynamicznego do\u015bwiadczenia waporyzacji. Ka\u017cde zaci\u0105gni\u0119cie jest zasilane przez zaawansowane <strong data-start=\"558\" data-end=\"582\">technologii mesh coil<\/strong>, zapewniaj\u0105c g\u0142adk\u0105 par\u0119 i intensywny smak. Zaprojektowany z <strong data-start=\"657\" data-end=\"679\">eleganck\u0105 kryszta\u0142ow\u0105 obudow\u0119<\/strong>, jest trwa\u0142y, stylowy i idealny do codziennych podr\u00f3\u017cy.<\/p>\n<p>Wyposa\u017cony w <strong data-start=\"761\" data-end=\"792\">akumulator o pojemno\u015bci 650 mAh<\/strong> i <strong data-start=\"797\" data-end=\"821\">Szybkie \u0142adowanie typu C<\/strong>, Legend Ultra 30K zapewnia minimalne przestoje i niezawodne u\u017cytkowanie przez ca\u0142y dzie\u0144. Funkcja <strong data-start=\"899\" data-end=\"924\">inteligentny wy\u015bwietlacz cyfrowy<\/strong> informuje na bie\u017c\u0105co o poziomie e-liquidu i \u017cywotno\u015bci baterii, daj\u0105c pe\u0142n\u0105 kontrol\u0119 nad sesjami. Oferuj\u0105c do <strong data-start=\"1039\" data-end=\"1055\">30 000 zaci\u0105gni\u0119\u0107<\/strong>, wiele mocy nikotyny i zgodno\u015b\u0107 z TPD w ca\u0142ej Europie, stanowi idealn\u0105 r\u00f3wnowag\u0119 wydajno\u015bci, stylu i warto\u015bci hurtowej.<\/p>\n<p data-start=\"666\" data-end=\"1235\"><strong style=\"font-size: 16px;\"><span style=\"color: #ff0000;\">Dodaj Amy na WhatsApp, aby uzyska\u0107 szybk\u0105 odpowied\u017a i cen\u0119 ze zni\u017ck\u0105!<\/span><\/strong><\/p>\n<p><img fetchpriority=\"high\" decoding=\"async\" class=\"size-full wp-image-2932\" src=\"https:\/\/vapestornado.com\/wp-content\/uploads\/2024\/12\/Vape-Wholesale.jpg\" alt=\"Hurtowa sprzeda\u017c e-papieros\u00f3w\" width=\"229\" height=\"300\" \/><\/p>\n<h3><a href=\"https:\/\/wa.me\/8617776015835\" target=\"_blank\" rel=\"noopener\"><span style=\"color: #ff0000;\"><strong>WhatsApp: +86 17776015835<\/strong><\/span><\/a><\/h3>\n<p>&nbsp;<\/p>\n<h2><strong>Kluczowe cechy produktu WGA Legend Ultra 30K<\/strong><\/h2>\n<p>\u2022 Do 30000 zaci\u0105gni\u0119\u0107<br \/>\n\u2022 Wst\u0119pnie nape\u0142niony pod o pojemno\u015bci 2 ml<br \/>\n\u2022 2 x 10 ml E-liquidu do ponownego nape\u0142niania<br \/>\n\u2022 Zintegrowana bateria 650 mAh<br \/>\n\u2022 Siatkowa grza\u0142ka<br \/>\n\u2022 Inteligentny wy\u015bwietlacz<br \/>\n\u2022 Wapowanie z dwoma smakami<br \/>\n\u2022 Port typu C<br \/>\n\u2022 Zgodny z TPD<\/p>\n<figure id=\"attachment_4069\" aria-describedby=\"caption-attachment-4069\" style=\"width: 800px\" class=\"wp-caption alignnone\"><img decoding=\"async\" class=\"wp-image-4069 size-full\" src=\"https:\/\/vapestornado.com\/wp-content\/uploads\/2025\/04\/WGA-Crystal-Legend-Ultra-30000-30k-Disposable-Vape.webp\" alt=\"WGA Crystal Legend Ultra 30000 30k Jednorazowy Vape\" width=\"800\" height=\"800\" srcset=\"https:\/\/vapestornado.com\/wp-content\/uploads\/2025\/04\/WGA-Crystal-Legend-Ultra-30000-30k-Disposable-Vape.webp 800w, https:\/\/vapestornado.com\/wp-content\/uploads\/2025\/04\/WGA-Crystal-Legend-Ultra-30000-30k-Disposable-Vape-300x300.webp 300w, https:\/\/vapestornado.com\/wp-content\/uploads\/2025\/04\/WGA-Crystal-Legend-Ultra-30000-30k-Disposable-Vape-150x150.webp 150w, https:\/\/vapestornado.com\/wp-content\/uploads\/2025\/04\/WGA-Crystal-Legend-Ultra-30000-30k-Disposable-Vape-768x768.webp 768w, https:\/\/vapestornado.com\/wp-content\/uploads\/2025\/04\/WGA-Crystal-Legend-Ultra-30000-30k-Disposable-Vape-600x600.webp 600w, https:\/\/vapestornado.com\/wp-content\/uploads\/2025\/04\/WGA-Crystal-Legend-Ultra-30000-30k-Disposable-Vape-100x100.webp 100w\" sizes=\"(max-width: 800px) 100vw, 800px\" \/><figcaption id=\"caption-attachment-4069\" class=\"wp-caption-text\">WGA Crystal Legend Ultra 30000 30k Jednorazowy Vape<\/figcaption><\/figure>\n<h2 class=\"product-title\"><strong>Recenzja smak\u00f3w jednoraz\u00f3wek WGA Legend Ultra 30K<\/strong><\/h2>\n<article class=\"w-full text-token-text-primary focus-visible:outline-2 focus-visible:outline-offset-[-4px]\" dir=\"auto\" data-testid=\"conversation-turn-32\" data-scroll-anchor=\"false\">\n<div class=\"m-auto text-base py-[18px] px-6\">\n<div class=\"mx-auto flex flex-1 text-base gap-4 md:gap-5 lg:gap-6 md:max-w-3xl lg:max-w-[40rem] xl:max-w-[48rem]\">\n<div class=\"group\/conversation-turn relative flex w-full min-w-0 flex-col @xs\/thread:px-0 @sm\/thread:px-1.5 @md\/thread:px-4\">\n<div class=\"flex-col gap-1 md:gap-3\">\n<div class=\"flex max-w-full flex-col flex-grow\">\n<div class=\"min-h-8 text-message flex w-full flex-col items-end gap-2 whitespace-normal break-words text-start [.text-message+&amp;]:mt-5\" dir=\"auto\" data-message-author-role=\"user\" data-message-id=\"ffac41ca-1db4-431b-873a-32c4052956f1\">\n<div class=\"flex w-full flex-col gap-1 empty:hidden items-end rtl:items-start\">\n<div class=\"relative max-w-[var(--user-chat-width,70%)] rounded-3xl bg-token-message-surface px-5 py-2.5\">\n<div class=\"absolute bottom-0 right-full top-0 -mr-3.5 hidden pr-5 pt-2 [.group\/conversation-turn:hover_&amp;]:flex\">\n<div class=\"flex\">\n<article class=\"w-full text-token-text-primary focus-visible:outline-2 focus-visible:outline-offset-[-4px]\" dir=\"auto\" data-testid=\"conversation-turn-39\" data-scroll-anchor=\"true\">\n<div class=\"m-auto text-base py-[18px] px-6\">\n<div class=\"mx-auto flex flex-1 text-base gap-4 md:gap-5 lg:gap-6 md:max-w-3xl lg:max-w-[40rem] xl:max-w-[48rem]\">\n<div class=\"group\/conversation-turn relative flex w-full min-w-0 flex-col agent-turn @xs\/thread:px-0 @sm\/thread:px-1.5 @md\/thread:px-4\">\n<div class=\"flex-col gap-1 md:gap-3\">\n<div class=\"flex max-w-full flex-col flex-grow\">\n<div class=\"min-h-8 text-message flex w-full flex-col items-end gap-2 whitespace-normal break-words text-start [.text-message+&amp;]:mt-5\" dir=\"auto\" data-message-author-role=\"assistant\" data-message-id=\"55a23854-ec57-48dd-bd4f-6118f43d6241\" data-message-model-slug=\"gpt-4o\">\n<div class=\"flex w-full flex-col gap-1 empty:hidden first:pt-[3px]\">\n<div class=\"markdown prose w-full break-words dark:prose-invert light\">\n<ol data-start=\"21\" data-end=\"608\">\n<li class=\"\" data-start=\"21\" data-end=\"56\">\n<p class=\"\" data-start=\"24\" data-end=\"56\">Blueberry Ice \u2013 Strawberry Ice (Mro\u017cona Jagoda \u2013 Mro\u017cona Truskawka)<\/p>\n<\/li>\n<li class=\"\" data-start=\"57\" data-end=\"121\">\n<p class=\"\" data-start=\"60\" data-end=\"121\">Blueberry Raspberry Cherry \u2013 Blueberry Strawberry Cranberry (Jagoda Malina Wi\u015bnia \u2013 Jagoda Truskawka \u017burawina)<\/p>\n<\/li>\n<li class=\"\" data-start=\"122\" data-end=\"164\">\n<p class=\"\" data-start=\"125\" data-end=\"164\">Blue Razz Cherry \u2013 Blue Razz Lemonade (Niebieska Malina Wi\u015bnia \u2013 Niebieska Malina Lemoniada)<\/p>\n<\/li>\n<li class=\"\" data-start=\"165\" data-end=\"193\">\n<p class=\"\" data-start=\"168\" data-end=\"193\">Blue Slush \u2013 Pink Slush (Niebieski Sorbet \u2013 R\u00f3\u017cowy Sorbet)<\/p>\n<\/li>\n<li class=\"\" data-start=\"194\" data-end=\"230\">\n<p class=\"\" data-start=\"197\" data-end=\"230\">Fizzy Cherry \u2013 Cherry Raspberry (Musuj\u0105ca Wi\u015bnia \u2013 Wi\u015bnia Malina)<\/p>\n<\/li>\n<li class=\"\" data-start=\"231\" data-end=\"265\">\n<p class=\"\" data-start=\"234\" data-end=\"265\">Glacier Mint \u2013 Potr\u00f3jny Mentol<\/p>\n<\/li>\n<li class=\"\" data-start=\"266\" data-end=\"291\">\n<p class=\"\" data-start=\"269\" data-end=\"291\">Gummy Bear \u2013 T\u0119cza<\/p>\n<\/li>\n<li class=\"\" data-start=\"292\" data-end=\"333\">\n<p class=\"\" data-start=\"295\" data-end=\"333\">Juicy Peach \u2013 Mango Peach Arbuz<\/p>\n<\/li>\n<li class=\"\" data-start=\"334\" data-end=\"363\">\n<p class=\"\" data-start=\"337\" data-end=\"363\">Lemon Lime \u2013 Lemoniadowy Sorbet<\/p>\n<\/li>\n<li class=\"\" data-start=\"364\" data-end=\"399\">\n<p class=\"\" data-start=\"368\" data-end=\"399\">Mr Blue \u2013 Niebieska Kwa\u015bna Malina<\/p>\n<\/li>\n<li class=\"\" data-start=\"400\" data-end=\"442\">\n<p class=\"\" data-start=\"404\" data-end=\"442\">Peach Guava Strawberry \u2013 Soczysta Brzoskwinia<\/p>\n<\/li>\n<li class=\"\" data-start=\"443\" data-end=\"476\">\n<p class=\"\" data-start=\"447\" data-end=\"476\">Pineapple Ice \u2013 Soczyste Mango<\/p>\n<\/li>\n<li class=\"\" data-start=\"477\" data-end=\"514\">\n<p class=\"\" data-start=\"481\" data-end=\"514\">Sakura Grape \u2013 Winogronowy \u017belek<\/p>\n<\/li>\n<li class=\"\" data-start=\"515\" data-end=\"572\">\n<p class=\"\" data-start=\"519\" data-end=\"572\">Strawberry Raspberry Ice \u2013 Truskawkowa T\u0119cza Skittles<\/p>\n<\/li>\n<li class=\"\" data-start=\"573\" data-end=\"608\">\n<p class=\"\" data-start=\"577\" data-end=\"608\">Watermelon Ice \u2013 Podw\u00f3jne Jab\u0142ko<\/p>\n<\/li>\n<\/ol>\n<\/div>\n<\/div>\n<\/div>\n<\/div>\n<\/div>\n<\/div>\n<\/div>\n<\/div>\n<\/article>\n<\/div>\n<\/div>\n<\/div>\n<\/div>\n<\/div>\n<\/div>\n<\/div>\n<\/div>\n<\/div>\n<\/div>\n<\/article>\n<h2>Dlaczego warto wybra\u0107 Vapestornado do zakupu hurtowego WGA Crystal 30K Puff?<\/h2>\n<div class=\"flex-shrink-0 flex flex-col relative items-end\">\n<div class=\"pt-0\">\n<div class=\"gizmo-bot-avatar flex h-8 w-8 items-center justify-center overflow-hidden rounded-full\">\n<div class=\"relative p-1 rounded-sm flex items-center justify-center bg-token-main-surface-primary text-token-text-primary h-8 w-8\">\n<p>At\u00a0<strong>VapeTornado<\/strong>, szczycimy si\u0119 dostarczaniem\u00a0<strong>wysokiej jako\u015bci produkt\u00f3w vapingowych w bezkonkurencyjnych cenach<\/strong>\u2014a Elf Box Crystal Bar 600 nie jest wyj\u0105tkiem! Oto dlaczego warto u nas kupowa\u0107:<\/p>\n<p class=\"\" data-start=\"49\" data-end=\"193\"><strong data-start=\"49\" data-end=\"81\">Bezkonkurencyjne Ceny Hurtowe<\/strong> \u2013 Korzystaj z najlepszych ofert hurtowych na rynku, co czyni nas preferowanym dostawc\u0105 dla sklep\u00f3w z e-papierosami i sprzedawc\u00f3w na ca\u0142ym \u015bwiecie.<\/p>\n<p class=\"\" data-start=\"195\" data-end=\"340\"><strong data-start=\"195\" data-end=\"228\">Szybka Wysy\u0142ka<\/strong> \u2013 Dostarczamy Twoje zam\u00f3wienia szybko i bezpiecznie, z niezawodnymi opcjami wysy\u0142ki na ca\u0142y \u015bwiat, dostosowanymi do Twoich potrzeb.<\/p>\n<p class=\"\" data-start=\"342\" data-end=\"487\"><strong data-start=\"342\" data-end=\"367\">100% Oryginalne Produkty<\/strong> \u2013 Po\u017cegnaj podr\u00f3bki! Gwarantujemy tylko oryginalne jednorazowe e-papierosy WASPE Triple o zweryfikowanej jako\u015bci i wydajno\u015bci.<\/p>\n<p class=\"\" data-start=\"489\" data-end=\"627\"><strong data-start=\"489\" data-end=\"516\">Profesjonalna Obs\u0142uga Klienta<\/strong> \u2013 Masz pytania? Nasz do\u015bwiadczony zesp\u00f3\u0142 ds. e-papieros\u00f3w jest tutaj dla Ciebie w ka\u017cdej chwili, zapewniaj\u0105c sprawn\u0105 i bezproblemow\u0105 obs\u0142ug\u0119.<\/p>\n<p data-start=\"559\" data-end=\"933\" data-is-last-node=\"\" data-is-only-node=\"\">Mamy te\u017c inne popularne vape z ekranem, takie jak <a href=\"https:\/\/vapestornado.com\/pl\/product\/bang-king-vape-36000-puff-dual-vaping-mode-disposables-pod-best-price\/\">BANG KING 36000 Shisha<\/a>, <a href=\"https:\/\/vapestornado.com\/pl\/product\/waspe-aiviou-3-in-1-60000-puffs-disposable-vape-kit-best-price\/\">WASPE 60000 3 w 1<\/a>, <a href=\"https:\/\/vapestornado.com\/pl\/product\/alfakh-crown-bar-20000-puffs-disposable-shisha-hookah-wholesale-vape-pen\/\">ALFAKH 20000<\/a>, i wiele innych.<\/p>\n<\/div>\n<div class=\"relative p-1 rounded-sm flex items-center justify-center bg-token-main-surface-primary text-token-text-primary h-8 w-8\">\n<h2>FAQ dotycz\u0105ce WGA Legend Ultra 30000<\/h2>\n<p class=\"\" data-start=\"1444\" data-end=\"1657\"><strong data-start=\"1444\" data-end=\"1503\">1. Jak prze\u0142\u0105cza\u0107 smaki w WGA Legend Ultra 30K?<\/strong><br data-start=\"1503\" data-end=\"1506\" \/>Urz\u0105dzenie posiada konstrukcj\u0119 z dwoma zbiornikami. Po prostu prze\u0142\u0105cz selektor lub wdychaj z wyznaczonej strony, aby prze\u0142\u0105cza\u0107 si\u0119 mi\u0119dzy dwoma wst\u0119pnie nape\u0142nionymi smakami po 10 ml.<\/p>\n<p class=\"\" data-start=\"1659\" data-end=\"1864\"><strong data-start=\"1659\" data-end=\"1719\">2. Czy WGA Legend Ultra 30K mo\u017cna nape\u0142nia\u0107, czy jest jednorazowy?<\/strong><br data-start=\"1719\" data-end=\"1722\" \/>To urz\u0105dzenie zawiera <strong data-start=\"1743\" data-end=\"1775\">2 pojemniki do nape\u0142niania po 10 ml<\/strong>, dzi\u0119ki czemu mo\u017cesz \u0142atwo uzupe\u0142ni\u0107 swoje ulubione smaki e-liquidu, gdy pocz\u0105tkowe nape\u0142nienie si\u0119 sko\u0144czy.<\/p>\n<p class=\"\" data-start=\"1866\" data-end=\"2058\"><strong data-start=\"1866\" data-end=\"1906\">3. Co pokazuje inteligentny wy\u015bwietlacz?<\/strong><br data-start=\"1906\" data-end=\"1909\" \/>Cyfrowy ekran <strong data-start=\"1913\" data-end=\"1930\">Inteligentny wy\u015bwietlacz<\/strong> dostarcza aktualnych informacji o poziomie na\u0142adowania baterii i stanie e-liquidu, dzi\u0119ki czemu \u0142atwo jest wiedzie\u0107, kiedy nale\u017cy na\u0142adowa\u0107 lub uzupe\u0142ni\u0107.<\/p>\n<p class=\"\" data-start=\"2060\" data-end=\"2231\"><strong data-start=\"2060\" data-end=\"2109\">4. Czy WGA Legend Ultra 30K jest zgodny z TPD?<\/strong><br data-start=\"2109\" data-end=\"2112\" \/>Tak, jest <strong data-start=\"2122\" data-end=\"2139\">Zgodny z TPD<\/strong>, co oznacza, \u017ce przestrzega surowych przepis\u00f3w dotycz\u0105cych bezpiecze\u0144stwa i jako\u015bci produkt\u00f3w do waporyzacji w Polsce i UE.<\/p>\n<p class=\"\" data-start=\"2233\" data-end=\"2446\"><strong data-start=\"2233\" data-end=\"2295\">5. Jak d\u0142ugo wytrzymuje bateria 650 mAh po pe\u0142nym na\u0142adowaniu?<\/strong><br data-start=\"2295\" data-end=\"2298\" \/>Dzi\u0119ki wydajnej technologii grza\u0142ki siatkowej bateria mo\u017ce z \u0142atwo\u015bci\u0105 wytrzyma\u0107 d\u0142ugie sesje waporyzacji i obs\u0142uguje szybkie <strong data-start=\"2424\" data-end=\"2434\">Typ-C<\/strong> \u0142adowanie.<\/p>\n<\/div>\n<\/div>\n<\/div>\n<\/div>","protected":false},"excerpt":{"rendered":"<p class=\"LC20lb MBeuO DKV0Md\">WGA Legend Ultra 30K Najlepszy sklep z vape online w Wielkiej Brytanii<br \/>\nWGA crystal 30000 puffs 30k vape Cena hurtowa z rabatem<br \/>\nWGA Legend Ultra Jednorazowy Kryszta\u0142owy Vape 30K 30000 Zaci\u0105gni\u0119\u0107<\/p>\n<p><strong>Dodaj Amy na WhatsApp, aby uzyska\u0107 w\u0142a\u015bciw\u0105 odpowied\u017a i cen\u0119 z rabatem!<\/strong><\/p>\n<p><img fetchpriority=\"high\" decoding=\"async\" class=\"size-full wp-image-2932\" src=\"https:\/\/vapestornado.com\/wp-content\/uploads\/2024\/12\/Vape-Wholesale.jpg\" alt=\"Hurtowa sprzeda\u017c e-papieros\u00f3w\" width=\"229\" height=\"300\" \/><\/p>\n<h3><a href=\"https:\/\/wa.me\/8617776015835\"><span style=\"color: #ff0000;\"><strong>WhatsApp: +86 17776015835<\/strong><\/span><\/a><\/h3>\n<p>&nbsp;<\/p>","protected":false},"featured_media":4073,"comment_status":"open","ping_status":"closed","template":"","meta":{"_acf_changed":false,"_uag_custom_page_level_css":"","_lmt_disableupdate":"no","_lmt_disable":"","_monsterinsights_skip_tracking":false,"_monsterinsights_sitenote_active":false,"_monsterinsights_sitenote_note":"","_monsterinsights_sitenote_category":0,"site-sidebar-layout":"default","site-content-layout":"","ast-site-content-layout":"default","site-content-style":"default","site-sidebar-style":"default","ast-global-header-display":"","ast-banner-title-visibility":"","ast-main-header-display":"","ast-hfb-above-header-display":"","ast-hfb-below-header-display":"","ast-hfb-mobile-header-display":"","site-post-title":"","ast-breadcrumbs-content":"","ast-featured-img":"","footer-sml-layout":"","ast-disable-related-posts":"","theme-transparent-header-meta":"default","adv-header-id-meta":"","stick-header-meta":"","header-above-stick-meta":"","header-main-stick-meta":"","header-below-stick-meta":"","astra-migrate-meta-layouts":"set","ast-page-background-enabled":"default","ast-page-background-meta":{"desktop":{"background-color":"","background-image":"","background-repeat":"repeat","background-position":"center center","background-size":"auto","background-attachment":"scroll","background-type":"","background-media":"","overlay-type":"","overlay-color":"","overlay-opacity":"","overlay-gradient":""},"tablet":{"background-color":"","background-image":"","background-repeat":"repeat","background-position":"center center","background-size":"auto","background-attachment":"scroll","background-type":"","background-media":"","overlay-type":"","overlay-color":"","overlay-opacity":"","overlay-gradient":""},"mobile":{"background-color":"","background-image":"","background-repeat":"repeat","background-position":"center center","background-size":"auto","background-attachment":"scroll","background-type":"","background-media":"","overlay-type":"","overlay-color":"","overlay-opacity":"","overlay-gradient":""}},"ast-content-background-meta":{"desktop":{"background-color":"var(--ast-global-color-5)","background-image":"","background-repeat":"repeat","background-position":"center center","background-size":"auto","background-attachment":"scroll","background-type":"","background-media":"","overlay-type":"","overlay-color":"","overlay-opacity":"","overlay-gradient":""},"tablet":{"background-color":"var(--ast-global-color-5)","background-image":"","background-repeat":"repeat","background-position":"center center","background-size":"auto","background-attachment":"scroll","background-type":"","background-media":"","overlay-type":"","overlay-color":"","overlay-opacity":"","overlay-gradient":""},"mobile":{"background-color":"var(--ast-global-color-5)","background-image":"","background-repeat":"repeat","background-position":"center center","background-size":"auto","background-attachment":"scroll","background-type":"","background-media":"","overlay-type":"","overlay-color":"","overlay-opacity":"","overlay-gradient":""}},"_joinchat":{"telephone":"17776015835"}},"product_brand":[],"product_cat":[67,150,152,141,142],"product_tag":[105,324,323],"class_list":{"0":"post-4089","1":"product","2":"type-product","3":"status-publish","4":"has-post-thumbnail","6":"product_cat-30000-puff","7":"product_cat-buy-disposable-vapes-in-belgium","8":"product_cat-buy-disposable-vapes-in-cermany","9":"product_cat-crystal-disposable-vapes","10":"product_cat-digital-box-disposable-vapes","11":"product_tag-digital-disposable-vape","12":"product_tag-wga-crystal-30k","13":"product_tag-wga-legend-ultra-30k","14":"desktop-align-left","15":"tablet-align-left","16":"mobile-align-left","18":"first","19":"instock","20":"sale","21":"shipping-taxable","22":"purchasable","23":"product-type-simple"},"acf":[],"uagb_featured_image_src":{"full":["https:\/\/vapestornado.com\/wp-content\/uploads\/2025\/04\/Wga-Legend-Ultra-30000-Puffs.webp",800,800,false],"thumbnail":["https:\/\/vapestornado.com\/wp-content\/uploads\/2025\/04\/Wga-Legend-Ultra-30000-Puffs-150x150.webp",150,150,true],"medium":["https:\/\/vapestornado.com\/wp-content\/uploads\/2025\/04\/Wga-Legend-Ultra-30000-Puffs-300x300.webp",300,300,true],"medium_large":["https:\/\/vapestornado.com\/wp-content\/uploads\/2025\/04\/Wga-Legend-Ultra-30000-Puffs-768x768.webp",768,768,true],"large":["https:\/\/vapestornado.com\/wp-content\/uploads\/2025\/04\/Wga-Legend-Ultra-30000-Puffs.webp",800,800,false],"1536x1536":["https:\/\/vapestornado.com\/wp-content\/uploads\/2025\/04\/Wga-Legend-Ultra-30000-Puffs.webp",800,800,false],"2048x2048":["https:\/\/vapestornado.com\/wp-content\/uploads\/2025\/04\/Wga-Legend-Ultra-30000-Puffs.webp",800,800,false],"trp-custom-language-flag":["https:\/\/vapestornado.com\/wp-content\/uploads\/2025\/04\/Wga-Legend-Ultra-30000-Puffs.webp",12,12,false],"woocommerce_thumbnail":["https:\/\/vapestornado.com\/wp-content\/uploads\/2025\/04\/Wga-Legend-Ultra-30000-Puffs-300x300.webp",300,300,true],"woocommerce_single":["https:\/\/vapestornado.com\/wp-content\/uploads\/2025\/04\/Wga-Legend-Ultra-30000-Puffs-600x600.webp",600,600,true],"woocommerce_gallery_thumbnail":["https:\/\/vapestornado.com\/wp-content\/uploads\/2025\/04\/Wga-Legend-Ultra-30000-Puffs-100x100.webp",100,100,true]},"uagb_author_info":{"display_name":"ESAMY","author_link":"https:\/\/vapestornado.com\/pl\/author\/"},"uagb_comment_info":0,"uagb_excerpt":"WGA Legend Ultra 30K Best online Vape store UK WGA crystal 30000 puffs 30k vape Wholesale Discount Price WGA Legend Ultra Disposable Crystal Vape 30K 30000 Puffs Add Amy's whatsapp to get right reply and discount price! WhatsApp: +86 17776015835 &nbsp;","_links":{"self":[{"href":"https:\/\/vapestornado.com\/pl\/wp-json\/wp\/v2\/product\/4089","targetHints":{"allow":["GET"]}}],"collection":[{"href":"https:\/\/vapestornado.com\/pl\/wp-json\/wp\/v2\/product"}],"about":[{"href":"https:\/\/vapestornado.com\/pl\/wp-json\/wp\/v2\/types\/product"}],"replies":[{"embeddable":true,"href":"https:\/\/vapestornado.com\/pl\/wp-json\/wp\/v2\/comments?post=4089"}],"wp:featuredmedia":[{"embeddable":true,"href":"https:\/\/vapestornado.com\/pl\/wp-json\/wp\/v2\/media\/4073"}],"wp:attachment":[{"href":"https:\/\/vapestornado.com\/pl\/wp-json\/wp\/v2\/media?parent=4089"}],"wp:term":[{"taxonomy":"product_brand","embeddable":true,"href":"https:\/\/vapestornado.com\/pl\/wp-json\/wp\/v2\/product_brand?post=4089"},{"taxonomy":"product_cat","embeddable":true,"href":"https:\/\/vapestornado.com\/pl\/wp-json\/wp\/v2\/product_cat?post=4089"},{"taxonomy":"product_tag","embeddable":true,"href":"https:\/\/vapestornado.com\/pl\/wp-json\/wp\/v2\/product_tag?post=4089"}],"curies":[{"name":"wp","href":"https:\/\/api.w.org\/{rel}","templated":true}]}}