{"id":4056,"date":"2025-04-02T09:32:30","date_gmt":"2025-04-02T09:32:30","guid":{"rendered":"https:\/\/vapestornado.com\/?post_type=product&#038;p=4056"},"modified":"2025-08-23T12:03:58","modified_gmt":"2025-08-23T12:03:58","slug":"elfbar-planet-25000-wholesale-disposable-vape-kit-with-digital-screen","status":"publish","type":"product","link":"https:\/\/vapestornado.com\/pl\/product\/elfbar-planet-25000-wholesale-disposable-vape-kit-with-digital-screen\/","title":{"rendered":"ELFBAR Planet 25000 Hurtowy Jednorazowy Zestaw Vape z Ekranem Cyfrowym"},"content":{"rendered":"<h1 data-pm-slice=\"1 1 []\">ELFBAR Planet 25000 Hurtowy Jednorazowy Zestaw Vape z Ekranem Cyfrowym<\/h1>\n<p class=\"\" data-start=\"105\" data-end=\"610\">Cyfrowy ekran <strong data-start=\"303\" data-end=\"342\">ELFBAR Planet 25000 Jednorazowy Vape<\/strong> jest stworzony dla hurtownik\u00f3w i sprzedawc\u00f3w detalicznych poszukuj\u0105cych wysokiej jako\u015bci, trwa\u0142ego urz\u0105dzenia z nowoczesnymi funkcjami. Zapewniaj\u0105c do <strong data-start=\"460\" data-end=\"476\">25 000 zaci\u0105gni\u0119\u0107<\/strong>, jest fabrycznie nape\u0142niony <strong data-start=\"503\" data-end=\"523\">18 ml e-liquidu<\/strong> o mocy nikotyny 5%, zapewniaj\u0105c p\u0142ynne i wyraziste wra\u017cenia z vapingu.<\/p>\n<p>Jego <strong data-start=\"608\" data-end=\"631\">cyfrowy wy\u015bwietlacz LED<\/strong> dostarcza u\u017cytkownikom aktualne informacje o poziomie baterii i e-liquidu, a <strong data-start=\"700\" data-end=\"739\">regulowane ustawienia mocy (13W\u201325W)<\/strong> zapewniaj\u0105 elastyczno\u015b\u0107 zar\u00f3wno pod wzgl\u0119dem intensywno\u015bci smaku, jak i produkcji chmur. Zasilany przez <strong data-start=\"822\" data-end=\"853\">Akumulator 800mAh<\/strong> z szybkim <strong data-start=\"864\" data-end=\"883\">\u0142adowanie typu C<\/strong>, ELFBAR Planet gwarantuje niezawodne dzia\u0142anie.<\/p>\n<p>Dzi\u0119ki eleganckiemu wygl\u0105dowi, <strong data-start=\"968\" data-end=\"993\">system podw\u00f3jnej siatki grzewczej<\/strong>, i konkurencyjnej <strong data-start=\"1011\" data-end=\"1032\">cenami hurtowymi<\/strong>, to urz\u0105dzenie jest dochodowym dodatkiem dla dystrybutor\u00f3w vape i w\u0142a\u015bcicieli sklep\u00f3w, kt\u00f3rzy chc\u0105 oferowa\u0107 jednorazowe urz\u0105dzenie o du\u017cej pojemno\u015bci ze stylem i tre\u015bci\u0105.<\/p>\n<p data-start=\"666\" data-end=\"1235\"><strong style=\"font-size: 16px;\"><span style=\"color: #ff0000;\">Dodaj Amy na WhatsApp, aby uzyska\u0107 szybk\u0105 odpowied\u017a i cen\u0119 ze zni\u017ck\u0105!<\/span><\/strong><\/p>\n<p><img fetchpriority=\"high\" decoding=\"async\" class=\"size-full wp-image-2932\" src=\"https:\/\/vapestornado.com\/wp-content\/uploads\/2024\/12\/Vape-Wholesale.jpg\" alt=\"Hurtowa sprzeda\u017c e-papieros\u00f3w\" width=\"229\" height=\"300\" \/><\/p>\n<h3><a href=\"https:\/\/wa.me\/8617776015835\" target=\"_blank\" rel=\"noopener\"><span style=\"color: #ff0000;\"><strong>WhatsApp: +86 17776015835<\/strong><\/span><\/a><\/h3>\n<p>&nbsp;<\/p>\n<h2><strong>ELFBAR Planet 25000 Kluczowe cechy produktu<\/strong><\/h2>\n<p>Marka: Elf Bar<br \/>\nModel: PLANET 25000<br \/>\nIlo\u015b\u0107 zaci\u0105gni\u0119\u0107: 25000<br \/>\nMoc nikotyny: 5% (50 mg)<br \/>\nPojemno\u015b\u0107 p\u0142ynu: 18 ml<br \/>\nBateria<br \/>\nPojemno\u015b\u0107 baterii: 800mAh<br \/>\nNowoczesne \u0142adowanie USB-C<br \/>\nRegulowana moc<\/p>\n<h2 class=\"product-title\"><strong>ELF BAR Planet 25000 Jednorazowe Smaki<\/strong><\/h2>\n<article class=\"w-full text-token-text-primary focus-visible:outline-2 focus-visible:outline-offset-[-4px]\" dir=\"auto\" data-testid=\"conversation-turn-32\" data-scroll-anchor=\"false\">\n<div class=\"m-auto text-base py-[18px] px-6\">\n<div class=\"mx-auto flex flex-1 text-base gap-4 md:gap-5 lg:gap-6 md:max-w-3xl lg:max-w-[40rem] xl:max-w-[48rem]\">\n<div class=\"group\/conversation-turn relative flex w-full min-w-0 flex-col @xs\/thread:px-0 @sm\/thread:px-1.5 @md\/thread:px-4\">\n<div class=\"flex-col gap-1 md:gap-3\">\n<div class=\"flex max-w-full flex-col flex-grow\">\n<div class=\"min-h-8 text-message flex w-full flex-col items-end gap-2 whitespace-normal break-words text-start [.text-message+&amp;]:mt-5\" dir=\"auto\" data-message-author-role=\"user\" data-message-id=\"ffac41ca-1db4-431b-873a-32c4052956f1\">\n<div class=\"flex w-full flex-col gap-1 empty:hidden items-end rtl:items-start\">\n<div class=\"relative max-w-[var(--user-chat-width,70%)] rounded-3xl bg-token-message-surface px-5 py-2.5\">\n<div class=\"absolute bottom-0 right-full top-0 -mr-3.5 hidden pr-5 pt-2 [.group\/conversation-turn:hover_&amp;]:flex\">\n<div class=\"flex\">\n<article class=\"w-full text-token-text-primary focus-visible:outline-2 focus-visible:outline-offset-[-4px]\" dir=\"auto\" data-testid=\"conversation-turn-39\" data-scroll-anchor=\"true\">\n<div class=\"m-auto text-base py-[18px] px-6\">\n<div class=\"mx-auto flex flex-1 text-base gap-4 md:gap-5 lg:gap-6 md:max-w-3xl lg:max-w-[40rem] xl:max-w-[48rem]\">\n<div class=\"group\/conversation-turn relative flex w-full min-w-0 flex-col agent-turn @xs\/thread:px-0 @sm\/thread:px-1.5 @md\/thread:px-4\">\n<div class=\"flex-col gap-1 md:gap-3\">\n<div class=\"flex max-w-full flex-col flex-grow\">\n<div class=\"min-h-8 text-message flex w-full flex-col items-end gap-2 whitespace-normal break-words text-start [.text-message+&amp;]:mt-5\" dir=\"auto\" data-message-author-role=\"assistant\" data-message-id=\"55a23854-ec57-48dd-bd4f-6118f43d6241\" data-message-model-slug=\"gpt-4o\">\n<div class=\"flex w-full flex-col gap-1 empty:hidden first:pt-[3px]\">\n<div class=\"markdown prose w-full break-words dark:prose-invert light\">\n<p>1 Arbuz<br \/>\n2 Winogrono<br \/>\n3 Podw\u00f3jne Jab\u0142ko<br \/>\n4 Niebieska Malina L\u00f3d<br \/>\n5 Grejpfrutowa Zielona Herbata<br \/>\n6 Ja\u015bminowa Malina<br \/>\n7 Bia\u0142a Brzoskwinia Baja Splash<br \/>\n8 Arbuz Wi\u015bnia<br \/>\n9 Kwa\u015bna Je\u017cyna Bor\u00f3wka<br \/>\n10 Wi\u015bnia Limonka<br \/>\n11 Ananas Arbuz<br \/>\n12 Ananas Marakuja Baja<br \/>\n13 Truskawka Brzoskwinia+<br \/>\n14 \u017burawina Pomara\u0144cza Baja Splash<br \/>\n15 Podw\u00f3jna Brzoskwinia Limonka<br \/>\n16 Tropikalny Wybuch T\u0119czy<\/p>\n<figure id=\"attachment_4055\" aria-describedby=\"caption-attachment-4055\" style=\"width: 800px\" class=\"wp-caption alignnone\"><img decoding=\"async\" class=\"wp-image-4055 size-full\" src=\"https:\/\/vapestornado.com\/wp-content\/uploads\/2025\/04\/ELFBAR-Planet-25000-Wholesale-Price.webp\" alt=\"ELFBAR Planet 25000 Cena Hurtowa\" width=\"800\" height=\"800\" srcset=\"https:\/\/vapestornado.com\/wp-content\/uploads\/2025\/04\/ELFBAR-Planet-25000-Wholesale-Price.webp 800w, https:\/\/vapestornado.com\/wp-content\/uploads\/2025\/04\/ELFBAR-Planet-25000-Wholesale-Price-300x300.webp 300w, https:\/\/vapestornado.com\/wp-content\/uploads\/2025\/04\/ELFBAR-Planet-25000-Wholesale-Price-150x150.webp 150w, https:\/\/vapestornado.com\/wp-content\/uploads\/2025\/04\/ELFBAR-Planet-25000-Wholesale-Price-768x768.webp 768w, https:\/\/vapestornado.com\/wp-content\/uploads\/2025\/04\/ELFBAR-Planet-25000-Wholesale-Price-600x600.webp 600w, https:\/\/vapestornado.com\/wp-content\/uploads\/2025\/04\/ELFBAR-Planet-25000-Wholesale-Price-100x100.webp 100w\" sizes=\"(max-width: 800px) 100vw, 800px\" \/><figcaption id=\"caption-attachment-4055\" class=\"wp-caption-text\">ELFBAR Planet 25000 Cena Hurtowa<\/figcaption><\/figure>\n<\/div>\n<\/div>\n<\/div>\n<\/div>\n<\/div>\n<\/div>\n<\/div>\n<\/div>\n<\/article>\n<\/div>\n<\/div>\n<\/div>\n<\/div>\n<\/div>\n<\/div>\n<\/div>\n<\/div>\n<\/div>\n<\/div>\n<\/article>\n<h2>Dlaczego warto wybra\u0107 Vapestornado do zakupu ELFBAR Planet 25000?<\/h2>\n<div class=\"flex-shrink-0 flex flex-col relative items-end\">\n<div class=\"pt-0\">\n<div class=\"gizmo-bot-avatar flex h-8 w-8 items-center justify-center overflow-hidden rounded-full\">\n<div class=\"relative p-1 rounded-sm flex items-center justify-center bg-token-main-surface-primary text-token-text-primary h-8 w-8\">\n<p>At\u00a0<strong>VapeTornado<\/strong>, szczycimy si\u0119 dostarczaniem\u00a0<strong>wysokiej jako\u015bci produkt\u00f3w vapingowych w bezkonkurencyjnych cenach<\/strong>\u2014a ELFBAR Planet 25000 nie jest wyj\u0105tkiem! Oto dlaczego warto u nas kupowa\u0107:<\/p>\n<p><strong>Najlepsze Ceny Hurtowe<\/strong>\u00a0\u2013 Oferujemy\u00a0<strong>konkurencyjne ceny hurtowe<\/strong><span style=\"font-size: 16px;\">, co czyni nas najlepszym wyborem dla sprzedawc\u00f3w i sklep\u00f3w z e-papierosami.<\/span><\/p>\n<p><strong>Szybka<\/strong>\u00a0\u2013 Zrealizuj swoje zam\u00f3wienie\u00a0<strong>szybko i bezpiecznie<\/strong>, z opcjami wysy\u0142ki na ca\u0142y \u015bwiat.<br \/>\n<strong>100% autentyczne produkty<\/strong>\u00a0\u2013 \u017badnych podr\u00f3bek \u2014 tylko\u00a0<strong>oryginalne jednoraz\u00f3wki WASPE Triple<\/strong>\u00a0o zweryfikowanej jako\u015bci.<br \/>\n<strong>Doskona\u0142a obs\u0142uga klienta<\/strong>\u00a0\u2013 Masz pytania? Nasi\u00a0<strong>eksperci od vape<\/strong> s\u0105 gotowi pom\u00f3c Ci 24\/7.<\/p>\n<p data-start=\"559\" data-end=\"933\" data-is-last-node=\"\" data-is-only-node=\"\">Mamy te\u017c inne popularne vape z ekranem, takie jak <a href=\"https:\/\/vapestornado.com\/pl\/product\/vapme-goat-40000-puff-40k-hookah-shisha-pen-price-wholesale-e-cigarette\/\">Vapme Goat 40000 Shisha<\/a>, <a href=\"https:\/\/vapestornado.com\/pl\/product\/2025-new-vopk-ultra-40000-puffs-double-flavor-disposable-vape-factory-suppliers\/\">VOPK 40000 2 w 1 Jednorazowy Vape<\/a>, <a href=\"https:\/\/vapestornado.com\/pl\/product\/bang-beach-22000-20k-puff-disposable-vape-pen-with-screen-reddit-hot\/\">Bang Beach 22000<\/a>, i wiele innych.<\/p>\n<\/div>\n<div class=\"relative p-1 rounded-sm flex items-center justify-center bg-token-main-surface-primary text-token-text-primary h-8 w-8\">\n<h2>FAQ<\/h2>\n<h3 class=\"\" data-start=\"2124\" data-end=\"2138\"><\/h3>\n<ol data-start=\"2140\" data-end=\"3057\">\n<li class=\"\" data-start=\"2140\" data-end=\"2390\">\n<p class=\"\" data-start=\"2143\" data-end=\"2390\"><strong data-start=\"2143\" data-end=\"2209\">Jak dostosowa\u0107 ustawienia mocy w ELFBAR Planet 25000?<\/strong><br data-start=\"2209\" data-end=\"2212\" \/>Urz\u0105dzenie posiada <strong data-start=\"2235\" data-end=\"2273\">regulowan\u0105 moc od 13W do 25W<\/strong>. Mo\u017cesz dostosowa\u0107 ustawienia mocy za pomoc\u0105 <strong data-start=\"2320\" data-end=\"2352\">przycisku sterowania na dole<\/strong> aby uzyska\u0107 spersonalizowane wra\u017cenia z wapowania.<\/p>\n<\/li>\n<li class=\"\" data-start=\"2392\" data-end=\"2607\">\n<p class=\"\" data-start=\"2395\" data-end=\"2607\"><strong data-start=\"2395\" data-end=\"2450\">Jak d\u0142ugo wytrzymuje bateria ELFBAR Planet 25000?<\/strong><br data-start=\"2450\" data-end=\"2453\" \/>Cyfrowy ekran <strong data-start=\"2460\" data-end=\"2491\">Akumulator 800mAh<\/strong> zapewnia wyd\u0142u\u017cone u\u017cytkowanie i mo\u017cna go \u0142atwo <strong data-start=\"2532\" data-end=\"2555\">na\u0142adowa\u0107 przez USB-C<\/strong>, zapewniaj\u0105c zasilanie przez ca\u0142y dzie\u0144.<\/p>\n<\/li>\n<li class=\"\" data-start=\"2609\" data-end=\"2842\">\n<p class=\"\" data-start=\"2612\" data-end=\"2842\"><strong data-start=\"2612\" data-end=\"2666\">Czy ELFBAR Planet 25000 jest dobry dla mi\u0142o\u015bnik\u00f3w smak\u00f3w?<\/strong><br data-start=\"2666\" data-end=\"2669\" \/>Zdecydowanie! Dzi\u0119ki <strong data-start=\"2689\" data-end=\"2708\">podw\u00f3jne grza\u0142ki siatkowe<\/strong> i <strong data-start=\"2713\" data-end=\"2735\">regulowanym przep\u0142ywem powietrza<\/strong>, zapewnia <strong data-start=\"2749\" data-end=\"2776\">intensywne, g\u0142adkie smaki<\/strong> i <strong data-start=\"2781\" data-end=\"2806\">bogat\u0105 produkcj\u0119 pary<\/strong> dla doskona\u0142ych wra\u017ce\u0144 z wapowania.<\/p>\n<\/li>\n<li class=\"\" data-start=\"2844\" data-end=\"3057\">\n<p class=\"\" data-start=\"2847\" data-end=\"3057\"><strong data-start=\"2847\" data-end=\"2898\">Czy mog\u0119 zabra\u0107 ELFBAR Planet 25000 na pok\u0142ad samolotu?<\/strong><br data-start=\"2898\" data-end=\"2901\" \/>Tak, ale musisz <strong data-start=\"2922\" data-end=\"2955\">przechowywa\u0107 go w baga\u017cu podr\u0119cznym<\/strong> zgodnie z przepisami linii lotniczych. <strong data-start=\"2984\" data-end=\"3054\">Unikaj umieszczania go w baga\u017cu rejestrowanym ze wzgl\u0119du na bezpiecze\u0144stwo baterii<\/strong>.<\/p>\n<\/li>\n<\/ol>\n<\/div>\n<\/div>\n<\/div>\n<\/div>","protected":false},"excerpt":{"rendered":"<p class=\"LC20lb MBeuO DKV0Md\">Cyfrowy ekran <strong data-start=\"1185\" data-end=\"1211\">ELFBAR Planet 25K Vape<\/strong> zapewnia 25 000 zaci\u0105gni\u0119\u0107, cyfrowy ekran i regulowan\u0105 moc \u2013 idealny dla <strong data-start=\"1284\" data-end=\"1309\">hurtowych zam\u00f3wieniach<\/strong> w Europie.<br \/>\nCyfrowy Jednorazowy Vape ELF BAR Planet 25000 - Cena Fabryczna Bezpo\u015brednia<\/p>\n<p><strong>Dodaj Amy na WhatsApp, aby uzyska\u0107 w\u0142a\u015bciw\u0105 odpowied\u017a i cen\u0119 z rabatem!<\/strong><\/p>\n<p><img fetchpriority=\"high\" decoding=\"async\" class=\"size-full wp-image-2932\" src=\"https:\/\/vapestornado.com\/wp-content\/uploads\/2024\/12\/Vape-Wholesale.jpg\" alt=\"Hurtowa sprzeda\u017c e-papieros\u00f3w\" width=\"229\" height=\"300\" \/><\/p>\n<h3><a href=\"https:\/\/wa.me\/8617776015835\"><span style=\"color: #ff0000;\"><strong>WhatsApp: +86 17776015835<\/strong><\/span><\/a><\/h3>\n<p>&nbsp;<\/p>","protected":false},"featured_media":4050,"comment_status":"open","ping_status":"closed","template":"","meta":{"_acf_changed":false,"_uag_custom_page_level_css":"","_lmt_disableupdate":"no","_lmt_disable":"","_monsterinsights_skip_tracking":false,"_monsterinsights_sitenote_active":false,"_monsterinsights_sitenote_note":"","_monsterinsights_sitenote_category":0,"site-sidebar-layout":"default","site-content-layout":"","ast-site-content-layout":"default","site-content-style":"default","site-sidebar-style":"default","ast-global-header-display":"","ast-banner-title-visibility":"","ast-main-header-display":"","ast-hfb-above-header-display":"","ast-hfb-below-header-display":"","ast-hfb-mobile-header-display":"","site-post-title":"","ast-breadcrumbs-content":"","ast-featured-img":"","footer-sml-layout":"","ast-disable-related-posts":"","theme-transparent-header-meta":"default","adv-header-id-meta":"","stick-header-meta":"","header-above-stick-meta":"","header-main-stick-meta":"","header-below-stick-meta":"","astra-migrate-meta-layouts":"set","ast-page-background-enabled":"default","ast-page-background-meta":{"desktop":{"background-color":"","background-image":"","background-repeat":"repeat","background-position":"center center","background-size":"auto","background-attachment":"scroll","background-type":"","background-media":"","overlay-type":"","overlay-color":"","overlay-opacity":"","overlay-gradient":""},"tablet":{"background-color":"","background-image":"","background-repeat":"repeat","background-position":"center center","background-size":"auto","background-attachment":"scroll","background-type":"","background-media":"","overlay-type":"","overlay-color":"","overlay-opacity":"","overlay-gradient":""},"mobile":{"background-color":"","background-image":"","background-repeat":"repeat","background-position":"center center","background-size":"auto","background-attachment":"scroll","background-type":"","background-media":"","overlay-type":"","overlay-color":"","overlay-opacity":"","overlay-gradient":""}},"ast-content-background-meta":{"desktop":{"background-color":"var(--ast-global-color-5)","background-image":"","background-repeat":"repeat","background-position":"center center","background-size":"auto","background-attachment":"scroll","background-type":"","background-media":"","overlay-type":"","overlay-color":"","overlay-opacity":"","overlay-gradient":""},"tablet":{"background-color":"var(--ast-global-color-5)","background-image":"","background-repeat":"repeat","background-position":"center center","background-size":"auto","background-attachment":"scroll","background-type":"","background-media":"","overlay-type":"","overlay-color":"","overlay-opacity":"","overlay-gradient":""},"mobile":{"background-color":"var(--ast-global-color-5)","background-image":"","background-repeat":"repeat","background-position":"center center","background-size":"auto","background-attachment":"scroll","background-type":"","background-media":"","overlay-type":"","overlay-color":"","overlay-opacity":"","overlay-gradient":""}},"_joinchat":{"telephone":"17776015835"}},"product_brand":[],"product_cat":[68,156,254,146],"product_tag":[105,252,311,313,312],"class_list":{"0":"post-4056","1":"product","2":"type-product","3":"status-publish","4":"has-post-thumbnail","6":"product_cat-25000-puff","7":"product_cat-buy-disposable-vapes-in-poland","8":"product_cat-elf-bar-vape","9":"product_cat-rechargeable-disposable-vapes","10":"product_tag-digital-disposable-vape","11":"product_tag-elf-bar","12":"product_tag-elf-bar-planet-25000","13":"product_tag-vape-with-digital-screen","14":"product_tag-wholesale-disposable-vape-kit","15":"desktop-align-left","16":"tablet-align-left","17":"mobile-align-left","19":"first","20":"instock","21":"sale","22":"shipping-taxable","23":"purchasable","24":"product-type-simple"},"acf":[],"uagb_featured_image_src":{"full":["https:\/\/vapestornado.com\/wp-content\/uploads\/2025\/04\/ELF-BAR-Planet-25000-Disposable-Vape-Pen.webp",800,800,false],"thumbnail":["https:\/\/vapestornado.com\/wp-content\/uploads\/2025\/04\/ELF-BAR-Planet-25000-Disposable-Vape-Pen-150x150.webp",150,150,true],"medium":["https:\/\/vapestornado.com\/wp-content\/uploads\/2025\/04\/ELF-BAR-Planet-25000-Disposable-Vape-Pen-300x300.webp",300,300,true],"medium_large":["https:\/\/vapestornado.com\/wp-content\/uploads\/2025\/04\/ELF-BAR-Planet-25000-Disposable-Vape-Pen-768x768.webp",768,768,true],"large":["https:\/\/vapestornado.com\/wp-content\/uploads\/2025\/04\/ELF-BAR-Planet-25000-Disposable-Vape-Pen.webp",800,800,false],"1536x1536":["https:\/\/vapestornado.com\/wp-content\/uploads\/2025\/04\/ELF-BAR-Planet-25000-Disposable-Vape-Pen.webp",800,800,false],"2048x2048":["https:\/\/vapestornado.com\/wp-content\/uploads\/2025\/04\/ELF-BAR-Planet-25000-Disposable-Vape-Pen.webp",800,800,false],"trp-custom-language-flag":["https:\/\/vapestornado.com\/wp-content\/uploads\/2025\/04\/ELF-BAR-Planet-25000-Disposable-Vape-Pen.webp",12,12,false],"woocommerce_thumbnail":["https:\/\/vapestornado.com\/wp-content\/uploads\/2025\/04\/ELF-BAR-Planet-25000-Disposable-Vape-Pen-300x300.webp",300,300,true],"woocommerce_single":["https:\/\/vapestornado.com\/wp-content\/uploads\/2025\/04\/ELF-BAR-Planet-25000-Disposable-Vape-Pen-600x600.webp",600,600,true],"woocommerce_gallery_thumbnail":["https:\/\/vapestornado.com\/wp-content\/uploads\/2025\/04\/ELF-BAR-Planet-25000-Disposable-Vape-Pen-100x100.webp",100,100,true]},"uagb_author_info":{"display_name":"ESAMY","author_link":"https:\/\/vapestornado.com\/pl\/author\/"},"uagb_comment_info":0,"uagb_excerpt":"The ELFBAR Planet 25K Vape delivers 25,000 puffs, digital screen, and adjustable wattage\u2014ideal for wholesale bulk orders in Europe. Digital Disposable Vape ELF BAR Planet 25000 Factory Direct Price Add Amy's whatsapp to get right reply and discount price! WhatsApp: +86 17776015835 &nbsp;","_links":{"self":[{"href":"https:\/\/vapestornado.com\/pl\/wp-json\/wp\/v2\/product\/4056","targetHints":{"allow":["GET"]}}],"collection":[{"href":"https:\/\/vapestornado.com\/pl\/wp-json\/wp\/v2\/product"}],"about":[{"href":"https:\/\/vapestornado.com\/pl\/wp-json\/wp\/v2\/types\/product"}],"replies":[{"embeddable":true,"href":"https:\/\/vapestornado.com\/pl\/wp-json\/wp\/v2\/comments?post=4056"}],"wp:featuredmedia":[{"embeddable":true,"href":"https:\/\/vapestornado.com\/pl\/wp-json\/wp\/v2\/media\/4050"}],"wp:attachment":[{"href":"https:\/\/vapestornado.com\/pl\/wp-json\/wp\/v2\/media?parent=4056"}],"wp:term":[{"taxonomy":"product_brand","embeddable":true,"href":"https:\/\/vapestornado.com\/pl\/wp-json\/wp\/v2\/product_brand?post=4056"},{"taxonomy":"product_cat","embeddable":true,"href":"https:\/\/vapestornado.com\/pl\/wp-json\/wp\/v2\/product_cat?post=4056"},{"taxonomy":"product_tag","embeddable":true,"href":"https:\/\/vapestornado.com\/pl\/wp-json\/wp\/v2\/product_tag?post=4056"}],"curies":[{"name":"wp","href":"https:\/\/api.w.org\/{rel}","templated":true}]}}