{"id":4048,"date":"2025-03-29T10:23:46","date_gmt":"2025-03-29T10:23:46","guid":{"rendered":"https:\/\/vapestornado.com\/?post_type=product&#038;p=4048"},"modified":"2025-08-23T12:02:26","modified_gmt":"2025-08-23T12:02:26","slug":"mesii-vast-energy-30k-30000-puffs-airflow-adjustable-disposable-vape-bar-to-buy-germany","status":"publish","type":"product","link":"https:\/\/vapestornado.com\/pl\/product\/mesii-vast-energy-30k-30000-puffs-airflow-adjustable-disposable-vape-bar-to-buy-germany\/","title":{"rendered":"Mesii Vast Energy 30k 30000 Zaci\u0105gni\u0119\u0107 Regulowany Przep\u0142yw Powietrza Jednorazowy Vape Bar do Kupienia Niemcy"},"content":{"rendered":"<h1 data-pm-slice=\"1 1 []\">Mesii Vast Energy 30k 30000 Zaci\u0105gni\u0119\u0107 Regulowany Przep\u0142yw Powietrza Jednorazowy Vape Bar do Kupienia Niemcy<\/h1>\n<p>Cyfrowy ekran <strong data-start=\"324\" data-end=\"373\">Mesii Vast Energy 30000 Puffs Jednorazowy E-papieros<\/strong> to pot\u0119\u017cny wyb\u00f3r dla hurtownik\u00f3w i sprzedawc\u00f3w detalicznych vape w Niemczech, poszukuj\u0105cych zaawansowanych funkcji i warto\u015bci przy zakupach hurtowych. Dostarczaj\u0105c do <strong data-start=\"504\" data-end=\"520\">30 000 zaci\u0105gni\u0119\u0107<\/strong>, to urz\u0105dzenie \u0142\u0105czy <strong data-start=\"543\" data-end=\"572\">technologia podw\u00f3jnej siatki grzewczej<\/strong> z <strong data-start=\"578\" data-end=\"600\">regulowanym przep\u0142ywem powietrza<\/strong>, daj\u0105c u\u017cytkownikom elastyczno\u015b\u0107 w prze\u0142\u0105czaniu si\u0119 mi\u0119dzy ciasnymi zaci\u0105gni\u0119ciami MTL a przewiewnymi chmurami DTL.<\/p>\n<p>Zasilany przez <strong data-start=\"709\" data-end=\"740\">Akumulator 800mAh<\/strong> z <strong data-start=\"746\" data-end=\"770\">Szybkie \u0142adowanie typu C<\/strong>, zapewnia niezawodne dzia\u0142anie i minimalne przestoje. Pe\u0142ny <strong data-start=\"830\" data-end=\"854\">cyfrowy wy\u015bwietlacz<\/strong> zapewnia aktualizacje w czasie rzeczywistym dotycz\u0105ce baterii, poziomu e-liquidu i czterech <strong data-start=\"920\" data-end=\"948\">konfigurowalnych tryb\u00f3w zasilania<\/strong>, umo\u017cliwiaj\u0105c u\u017cytkownikom personalizacj\u0119 stylu vapingu.<\/p>\n<p>Dzi\u0119ki d\u0142ugotrwa\u0142ej pojemno\u015bci, p\u0142ynnej produkcji pary i <strong data-start=\"1070\" data-end=\"1103\">konkurencyjne ceny hurtowe<\/strong>, Mesii Vast Energy 30K wyr\u00f3\u017cnia si\u0119 jako doskona\u0142a opcja hurtowa dla sprzedawc\u00f3w detalicznych, kt\u00f3rzy chc\u0105 rozszerzy\u0107 sw\u00f3j asortyment o wysokiej jako\u015bci jednorazowy vape bar.<\/p>\n<p data-start=\"666\" data-end=\"1235\"><strong style=\"font-size: 16px;\"><span style=\"color: #ff0000;\">Dodaj Amy na WhatsApp, aby uzyska\u0107 szybk\u0105 odpowied\u017a i cen\u0119 ze zni\u017ck\u0105!<\/span><\/strong><\/p>\n<p><img fetchpriority=\"high\" decoding=\"async\" class=\"size-full wp-image-2932\" src=\"https:\/\/vapestornado.com\/wp-content\/uploads\/2024\/12\/Vape-Wholesale.jpg\" alt=\"Hurtowa sprzeda\u017c e-papieros\u00f3w\" width=\"229\" height=\"300\" \/><\/p>\n<h3><a href=\"https:\/\/wa.me\/8617776015835\" target=\"_blank\" rel=\"noopener\"><span style=\"color: #ff0000;\"><strong>WhatsApp: +86 17776015835<\/strong><\/span><\/a><\/h3>\n<p>&nbsp;<\/p>\n<h2><strong>Mesii Vast Energy 30000 Kluczowe Cechy Produktu<\/strong><\/h2>\n<ul>\n<li class=\"\" data-start=\"589\" data-end=\"738\">\n<p class=\"\" data-start=\"591\" data-end=\"738\"><strong data-start=\"591\" data-end=\"632\">Opcje Nikotyny dla Ka\u017cdego<\/strong> \u2013 Wybierz spo\u015br\u00f3d 0, 2, 3 lub 5 procent nikotyny, aby dopasowa\u0107 poziom do swojego stylu wapowania.<\/p>\n<\/li>\n<li class=\"\" data-start=\"739\" data-end=\"834\">\n<p class=\"\" data-start=\"741\" data-end=\"834\"><strong data-start=\"741\" data-end=\"770\">Wysoka Pojemno\u015b\u0107 30000 Zaci\u0105gni\u0119\u0107<\/strong> \u2013 Zaprojektowany do d\u0142ugotrwa\u0142ego u\u017cytkowania bez cz\u0119stych wymian.<\/p>\n<\/li>\n<li class=\"\" data-start=\"835\" data-end=\"940\">\n<p class=\"\" data-start=\"837\" data-end=\"940\"><strong data-start=\"837\" data-end=\"864\">Zbiornik na Liquid 30ml<\/strong> \u2013 Ciesz si\u0119 d\u0142ugimi sesjami wapowania bez konieczno\u015bci ci\u0105g\u0142ego uzupe\u0142niania.<\/p>\n<\/li>\n<li class=\"\" data-start=\"941\" data-end=\"1081\">\n<p class=\"\" data-start=\"943\" data-end=\"1081\"><strong data-start=\"943\" data-end=\"992\">Zaawansowana Podw\u00f3jna Grza\u0142ka Mesh z Regulacj\u0105 Mocy<\/strong> \u2013 Zwi\u0119ksza produkcj\u0119 pary i sp\u00f3jno\u015b\u0107 smaku, jednocze\u015bnie umo\u017cliwiaj\u0105c personalizacj\u0119 mocy.<\/p>\n<\/li>\n<li class=\"\" data-start=\"1082\" data-end=\"1203\">\n<p class=\"\" data-start=\"1084\" data-end=\"1203\"><strong data-start=\"1084\" data-end=\"1107\">Wy\u015bwietlacz Pe\u0142noekranowy<\/strong> \u2013 B\u0105d\u017a na bie\u017c\u0105co dzi\u0119ki cyfrowemu wska\u017anikowi poziomu liquidu, poziomu mocy, czasu wapowania i ustawie\u0144 mocy.<\/p>\n<\/li>\n<li class=\"\" data-start=\"1204\" data-end=\"1334\">\n<p class=\"\" data-start=\"1206\" data-end=\"1334\"><strong data-start=\"1206\" data-end=\"1255\">Kontrola Przep\u0142ywu Powietrza dla Spersonalizowanego Do\u015bwiadczenia<\/strong> \u2013 Dostosuj przep\u0142yw powietrza, aby osi\u0105gn\u0105\u0107 idealn\u0105 r\u00f3wnowag\u0119 smaku i g\u0119sto\u015bci pary.<\/p>\n<\/li>\n<li class=\"\" data-start=\"1335\" data-end=\"1434\">\n<p class=\"\" data-start=\"1337\" data-end=\"1434\"><strong data-start=\"1337\" data-end=\"1368\">Akumulator 800mAh<\/strong> \u2013 Obs\u0142uguje <strong data-start=\"1380\" data-end=\"1403\">szybkie \u0142adowanie USB-C<\/strong> dla szybkiego przywr\u00f3cenia zasilania.<\/p>\n<\/li>\n<li class=\"\" data-start=\"1435\" data-end=\"1544\">\n<p class=\"\" data-start=\"1437\" data-end=\"1544\"><strong data-start=\"1437\" data-end=\"1479\">Cztery tryby zasilania (ECO, PLUS, PRO, MAX)<\/strong> \u2013 Dostosuj intensywno\u015b\u0107 wapowania, aby uzyska\u0107 optymalne wra\u017cenia.<\/p>\n<\/li>\n<li class=\"\" data-start=\"1545\" data-end=\"1627\">\n<p class=\"\" data-start=\"1547\" data-end=\"1627\"><strong data-start=\"1547\" data-end=\"1585\">Prze\u0142\u0105cznik dotykowy<\/strong> \u2013 Dodaje futurystycznego akcentu podczas wapowania.<\/p>\n<\/li>\n<li class=\"\" data-start=\"1628\" data-end=\"1705\">\n<p class=\"\" data-start=\"1630\" data-end=\"1705\"><strong data-start=\"1630\" data-end=\"1670\">Konstrukcja w stylu pancernej skorupy<\/strong> \u2013 Zapewnia trwa\u0142o\u015b\u0107 i bezpiecze\u0144stwo.<\/p>\n<\/li>\n<\/ul>\n<h2 class=\"product-title\"><strong>Mesii Vast Energy 30000 Puff Jednorazowe zestawy Lista smak\u00f3w<\/strong><\/h2>\n<article class=\"w-full text-token-text-primary focus-visible:outline-2 focus-visible:outline-offset-[-4px]\" dir=\"auto\" data-testid=\"conversation-turn-32\" data-scroll-anchor=\"false\">\n<div class=\"m-auto text-base py-[18px] px-6\">\n<div class=\"mx-auto flex flex-1 text-base gap-4 md:gap-5 lg:gap-6 md:max-w-3xl lg:max-w-[40rem] xl:max-w-[48rem]\">\n<div class=\"group\/conversation-turn relative flex w-full min-w-0 flex-col @xs\/thread:px-0 @sm\/thread:px-1.5 @md\/thread:px-4\">\n<div class=\"flex-col gap-1 md:gap-3\">\n<div class=\"flex max-w-full flex-col flex-grow\">\n<div class=\"min-h-8 text-message flex w-full flex-col items-end gap-2 whitespace-normal break-words text-start [.text-message+&amp;]:mt-5\" dir=\"auto\" data-message-author-role=\"user\" data-message-id=\"ffac41ca-1db4-431b-873a-32c4052956f1\">\n<div class=\"flex w-full flex-col gap-1 empty:hidden items-end rtl:items-start\">\n<div class=\"relative max-w-[var(--user-chat-width,70%)] rounded-3xl bg-token-message-surface px-5 py-2.5\">\n<div class=\"absolute bottom-0 right-full top-0 -mr-3.5 hidden pr-5 pt-2 [.group\/conversation-turn:hover_&amp;]:flex\">\n<div class=\"flex\">\n<article class=\"w-full text-token-text-primary focus-visible:outline-2 focus-visible:outline-offset-[-4px]\" dir=\"auto\" data-testid=\"conversation-turn-39\" data-scroll-anchor=\"true\">\n<div class=\"m-auto text-base py-[18px] px-6\">\n<div class=\"mx-auto flex flex-1 text-base gap-4 md:gap-5 lg:gap-6 md:max-w-3xl lg:max-w-[40rem] xl:max-w-[48rem]\">\n<div class=\"group\/conversation-turn relative flex w-full min-w-0 flex-col agent-turn @xs\/thread:px-0 @sm\/thread:px-1.5 @md\/thread:px-4\">\n<div class=\"flex-col gap-1 md:gap-3\">\n<div class=\"flex max-w-full flex-col flex-grow\">\n<div class=\"min-h-8 text-message flex w-full flex-col items-end gap-2 whitespace-normal break-words text-start [.text-message+&amp;]:mt-5\" dir=\"auto\" data-message-author-role=\"assistant\" data-message-id=\"55a23854-ec57-48dd-bd4f-6118f43d6241\" data-message-model-slug=\"gpt-4o\">\n<div class=\"flex w-full flex-col gap-1 empty:hidden first:pt-[3px]\">\n<div class=\"markdown prose w-full break-words dark:prose-invert light\">\n<p>1. Arbuzowy L\u00f3d<br \/>\n2.Winogronowy L\u00f3d<br \/>\n3.Jagodowa bomba<br \/>\n4.Truskawka Kiwi<br \/>\n5.Niebieska malina z lodem<br \/>\n6.Brzoskwiniowy L\u00f3d<br \/>\n7.Wi\u015bniowa Cola L\u00f3d<br \/>\n8.Kwa\u015bne Jab\u0142ko L\u00f3d<br \/>\n9.Mi\u0119towy koktajl z Miami<br \/>\n10.Cytryna Limonka<br \/>\n11.Truskawka Arbuz<br \/>\n12.Marakuja Pomara\u0144cza Guawa<br \/>\n13.Malina Arbuz<br \/>\n14.Ananas Mango<br \/>\n15.Smoczy Owoc Banan Wi\u015bnia<\/p>\n<figure id=\"attachment_4014\" aria-describedby=\"caption-attachment-4014\" style=\"width: 800px\" class=\"wp-caption alignnone\"><img decoding=\"async\" class=\"wp-image-4014 size-full\" src=\"https:\/\/vapestornado.com\/wp-content\/uploads\/2025\/03\/Mesii-Vape-30K-Vast-Energy-Bulk-Buy-Price.webp\" alt=\"Mesii Vape 30K Vast Energy Cena zakupu hurtowego\" width=\"800\" height=\"800\" srcset=\"https:\/\/vapestornado.com\/wp-content\/uploads\/2025\/03\/Mesii-Vape-30K-Vast-Energy-Bulk-Buy-Price.webp 800w, https:\/\/vapestornado.com\/wp-content\/uploads\/2025\/03\/Mesii-Vape-30K-Vast-Energy-Bulk-Buy-Price-300x300.webp 300w, https:\/\/vapestornado.com\/wp-content\/uploads\/2025\/03\/Mesii-Vape-30K-Vast-Energy-Bulk-Buy-Price-150x150.webp 150w, https:\/\/vapestornado.com\/wp-content\/uploads\/2025\/03\/Mesii-Vape-30K-Vast-Energy-Bulk-Buy-Price-768x768.webp 768w, https:\/\/vapestornado.com\/wp-content\/uploads\/2025\/03\/Mesii-Vape-30K-Vast-Energy-Bulk-Buy-Price-600x600.webp 600w, https:\/\/vapestornado.com\/wp-content\/uploads\/2025\/03\/Mesii-Vape-30K-Vast-Energy-Bulk-Buy-Price-100x100.webp 100w\" sizes=\"(max-width: 800px) 100vw, 800px\" \/><figcaption id=\"caption-attachment-4014\" class=\"wp-caption-text\">Mesii Vape 30K Vast Energy Cena zakupu hurtowego<\/figcaption><\/figure>\n<\/div>\n<\/div>\n<\/div>\n<\/div>\n<\/div>\n<\/div>\n<\/div>\n<\/div>\n<\/article>\n<\/div>\n<\/div>\n<\/div>\n<\/div>\n<\/div>\n<\/div>\n<\/div>\n<\/div>\n<\/div>\n<\/div>\n<\/article>\n<h2>Dlaczego warto wybra\u0107 Vapestornado do zakupu Mesii Vast Energy 30k?<\/h2>\n<div class=\"flex-shrink-0 flex flex-col relative items-end\">\n<div class=\"pt-0\">\n<div class=\"gizmo-bot-avatar flex h-8 w-8 items-center justify-center overflow-hidden rounded-full\">\n<div class=\"relative p-1 rounded-sm flex items-center justify-center bg-token-main-surface-primary text-token-text-primary h-8 w-8\">\n<p>At\u00a0<strong>VapeTornado<\/strong>, szczycimy si\u0119 dostarczaniem\u00a0<strong>wysokiej jako\u015bci produkt\u00f3w vapingowych w bezkonkurencyjnych cenach<\/strong>\u2014a Mesii Vast Energy 30k nie jest wyj\u0105tkiem! Oto dlaczego warto kupi\u0107 u nas:<\/p>\n<p><strong>Najlepsze Ceny Hurtowe<\/strong>\u00a0\u2013 Oferujemy\u00a0<strong>konkurencyjne ceny hurtowe<\/strong><span style=\"font-size: 16px;\">, co czyni nas najlepszym wyborem dla sprzedawc\u00f3w i sklep\u00f3w z e-papierosami.<\/span><\/p>\n<p><strong>Szybka<\/strong>\u00a0\u2013 Zrealizuj swoje zam\u00f3wienie\u00a0<strong>szybko i bezpiecznie<\/strong>, z opcjami wysy\u0142ki na ca\u0142y \u015bwiat.<br \/>\n<strong>100% autentyczne produkty<\/strong>\u00a0\u2013 \u017badnych podr\u00f3bek \u2014 tylko\u00a0<strong>oryginalne jednoraz\u00f3wki WASPE Triple<\/strong>\u00a0o zweryfikowanej jako\u015bci.<br \/>\n<strong>Doskona\u0142a obs\u0142uga klienta<\/strong>\u00a0\u2013 Masz pytania? Nasi\u00a0<strong>eksperci od vape<\/strong> s\u0105 gotowi pom\u00f3c Ci 24\/7.<\/p>\n<p data-start=\"559\" data-end=\"933\" data-is-last-node=\"\" data-is-only-node=\"\">Mamy te\u017c inne popularne vape z ekranem, takie jak <a href=\"https:\/\/vapestornado.com\/pl\/product\/mesii-couple-50k-disposable-shisha-hookah-50000-puffs-vape-with-digital-display\/\">Para Mesii 50000<\/a>, <a href=\"https:\/\/vapestornado.com\/pl\/product\/wholesale-bang-beach-38000-puff-38k-vape-disposable-vaporizer-e-cig-at-cheap-prices\/\">BANG BEACH Jednorazowy E-papieros<\/a>, <a href=\"https:\/\/vapestornado.com\/pl\/product\/waspe-aiviou-3-in-1-60000-puffs-disposable-vape-kit-best-price\/\">WASPE Triple 60000 Zaci\u0105gni\u0119\u0107<\/a>, i wiele innych.<\/p>\n<\/div>\n<div class=\"relative p-1 rounded-sm flex items-center justify-center bg-token-main-surface-primary text-token-text-primary h-8 w-8\">\n<h2>FAQ dla Bang King 30000<\/h2>\n<p class=\"\" data-start=\"2261\" data-end=\"2438\"><strong data-start=\"2261\" data-end=\"2321\">1. Jak d\u0142ugo wystarcza Mesii Vast Energy 30000 Puffs?<\/strong><br data-start=\"2321\" data-end=\"2324\" \/>Z <strong data-start=\"2331\" data-end=\"2354\">pojemno\u015bci\u0105 30000 zaci\u0105gni\u0119\u0107<\/strong>, ten e-papieros zosta\u0142 zaprojektowany do d\u0142ugotrwa\u0142ego u\u017cytkowania, r\u00f3\u017cni\u0105c si\u0119 w zale\u017cno\u015bci od osobistych nawyk\u00f3w palenia.<\/p>\n<p class=\"\" data-start=\"2440\" data-end=\"2641\"><strong data-start=\"2440\" data-end=\"2491\">2. Czy mog\u0119 dostosowa\u0107 moc i ustawienia przep\u0142ywu powietrza?<\/strong><br data-start=\"2491\" data-end=\"2494\" \/>Tak, urz\u0105dzenie posiada <strong data-start=\"2519\" data-end=\"2539\">cztery tryby zasilania<\/strong> (ECO, PLUS, PRO, MAX) oraz <strong data-start=\"2566\" data-end=\"2588\">regulowanym przep\u0142ywem powietrza<\/strong>, co pozwala dostosowa\u0107 wra\u017cenia z palenia.<\/p>\n<p class=\"\" data-start=\"2643\" data-end=\"2828\"><strong data-start=\"2643\" data-end=\"2697\">3. Jak sprawdzi\u0107 poziom na\u0142adowania baterii i p\u0142ynu e-liquid?<\/strong><br data-start=\"2697\" data-end=\"2700\" \/>Cyfrowy ekran <strong data-start=\"2704\" data-end=\"2735\">pe\u0142noekranowy wy\u015bwietlacz cyfrowy<\/strong> dostarcza aktualne informacje o stanie baterii, poziomie oleju, czasie palenia i ustawieniach mocy.<\/p>\n<p class=\"\" data-start=\"2830\" data-end=\"2989\"><strong data-start=\"2830\" data-end=\"2870\">4. Czy waporyzator ma szybkie \u0142adowanie?<\/strong><br data-start=\"2870\" data-end=\"2873\" \/>Tak, <strong data-start=\"2882\" data-end=\"2913\">Akumulator 800mAh<\/strong> obs\u0142uguje <strong data-start=\"2923\" data-end=\"2946\">szybkie \u0142adowanie USB-C<\/strong>, zapewniaj\u0105c minimalny czas przestoju mi\u0119dzy u\u017cyciami.<\/p>\n<\/div>\n<\/div>\n<\/div>\n<\/div>","protected":false},"excerpt":{"rendered":"<p class=\"LC20lb MBeuO DKV0Md\">Bang King 30000 Pro Jednorazowy Vape Box w Promocji<br \/>\nHurtownia Bang King 30000 Puff Vape Box Mod<br \/>\nBang King 30000 Najlepszy Vape Hurtownia we Francji<\/p>\n<p><strong>Dodaj Amy na WhatsApp, aby uzyska\u0107 w\u0142a\u015bciw\u0105 odpowied\u017a i cen\u0119 z rabatem!<\/strong><\/p>\n<p><img fetchpriority=\"high\" decoding=\"async\" class=\"size-full wp-image-2932\" src=\"https:\/\/vapestornado.com\/wp-content\/uploads\/2024\/12\/Vape-Wholesale.jpg\" alt=\"Hurtowa sprzeda\u017c e-papieros\u00f3w\" width=\"229\" height=\"300\" \/><\/p>\n<h3><a href=\"https:\/\/wa.me\/8617776015835\"><span style=\"color: #ff0000;\"><strong>WhatsApp: +86 17776015835<\/strong><\/span><\/a><\/h3>\n<p>&nbsp;<\/p>","protected":false},"featured_media":4019,"comment_status":"open","ping_status":"closed","template":"","meta":{"_acf_changed":false,"_uag_custom_page_level_css":"","_lmt_disableupdate":"no","_lmt_disable":"","_monsterinsights_skip_tracking":false,"_monsterinsights_sitenote_active":false,"_monsterinsights_sitenote_note":"","_monsterinsights_sitenote_category":0,"site-sidebar-layout":"default","site-content-layout":"","ast-site-content-layout":"default","site-content-style":"default","site-sidebar-style":"default","ast-global-header-display":"","ast-banner-title-visibility":"","ast-main-header-display":"","ast-hfb-above-header-display":"","ast-hfb-below-header-display":"","ast-hfb-mobile-header-display":"","site-post-title":"","ast-breadcrumbs-content":"","ast-featured-img":"","footer-sml-layout":"","ast-disable-related-posts":"","theme-transparent-header-meta":"default","adv-header-id-meta":"","stick-header-meta":"","header-above-stick-meta":"","header-main-stick-meta":"","header-below-stick-meta":"","astra-migrate-meta-layouts":"set","ast-page-background-enabled":"default","ast-page-background-meta":{"desktop":{"background-color":"","background-image":"","background-repeat":"repeat","background-position":"center center","background-size":"auto","background-attachment":"scroll","background-type":"","background-media":"","overlay-type":"","overlay-color":"","overlay-opacity":"","overlay-gradient":""},"tablet":{"background-color":"","background-image":"","background-repeat":"repeat","background-position":"center center","background-size":"auto","background-attachment":"scroll","background-type":"","background-media":"","overlay-type":"","overlay-color":"","overlay-opacity":"","overlay-gradient":""},"mobile":{"background-color":"","background-image":"","background-repeat":"repeat","background-position":"center center","background-size":"auto","background-attachment":"scroll","background-type":"","background-media":"","overlay-type":"","overlay-color":"","overlay-opacity":"","overlay-gradient":""}},"ast-content-background-meta":{"desktop":{"background-color":"var(--ast-global-color-5)","background-image":"","background-repeat":"repeat","background-position":"center center","background-size":"auto","background-attachment":"scroll","background-type":"","background-media":"","overlay-type":"","overlay-color":"","overlay-opacity":"","overlay-gradient":""},"tablet":{"background-color":"var(--ast-global-color-5)","background-image":"","background-repeat":"repeat","background-position":"center center","background-size":"auto","background-attachment":"scroll","background-type":"","background-media":"","overlay-type":"","overlay-color":"","overlay-opacity":"","overlay-gradient":""},"mobile":{"background-color":"var(--ast-global-color-5)","background-image":"","background-repeat":"repeat","background-position":"center center","background-size":"auto","background-attachment":"scroll","background-type":"","background-media":"","overlay-type":"","overlay-color":"","overlay-opacity":"","overlay-gradient":""}},"_joinchat":{"telephone":"17776015835"}},"product_brand":[],"product_cat":[67,149,151,143,277,146],"product_tag":[310,105,309,250,94],"class_list":{"0":"post-4048","1":"product","2":"type-product","3":"status-publish","4":"has-post-thumbnail","6":"product_cat-30000-puff","7":"product_cat-buy-disposable-vapes-in-austria","8":"product_cat-buy-disposable-vapes-in-france","9":"product_cat-dual-mesh-disposable-vapes","10":"product_cat-mesii-vape","11":"product_cat-rechargeable-disposable-vapes","12":"product_tag-airflow-adjustable-disposable-vape","13":"product_tag-digital-disposable-vape","14":"product_tag-mesii-vast-energy-30000","15":"product_tag-puff-30k","16":"product_tag-rechargeable-disposable-vape","17":"desktop-align-left","18":"tablet-align-left","19":"mobile-align-left","21":"first","22":"instock","23":"sale","24":"shipping-taxable","25":"purchasable","26":"product-type-simple"},"acf":[],"uagb_featured_image_src":{"full":["https:\/\/vapestornado.com\/wp-content\/uploads\/2025\/03\/Messi-Vast-Energy-30000-Puff-Disposable-Vape-E-Cig.webp",800,800,false],"thumbnail":["https:\/\/vapestornado.com\/wp-content\/uploads\/2025\/03\/Messi-Vast-Energy-30000-Puff-Disposable-Vape-E-Cig-150x150.webp",150,150,true],"medium":["https:\/\/vapestornado.com\/wp-content\/uploads\/2025\/03\/Messi-Vast-Energy-30000-Puff-Disposable-Vape-E-Cig-300x300.webp",300,300,true],"medium_large":["https:\/\/vapestornado.com\/wp-content\/uploads\/2025\/03\/Messi-Vast-Energy-30000-Puff-Disposable-Vape-E-Cig-768x768.webp",768,768,true],"large":["https:\/\/vapestornado.com\/wp-content\/uploads\/2025\/03\/Messi-Vast-Energy-30000-Puff-Disposable-Vape-E-Cig.webp",800,800,false],"1536x1536":["https:\/\/vapestornado.com\/wp-content\/uploads\/2025\/03\/Messi-Vast-Energy-30000-Puff-Disposable-Vape-E-Cig.webp",800,800,false],"2048x2048":["https:\/\/vapestornado.com\/wp-content\/uploads\/2025\/03\/Messi-Vast-Energy-30000-Puff-Disposable-Vape-E-Cig.webp",800,800,false],"trp-custom-language-flag":["https:\/\/vapestornado.com\/wp-content\/uploads\/2025\/03\/Messi-Vast-Energy-30000-Puff-Disposable-Vape-E-Cig.webp",12,12,false],"woocommerce_thumbnail":["https:\/\/vapestornado.com\/wp-content\/uploads\/2025\/03\/Messi-Vast-Energy-30000-Puff-Disposable-Vape-E-Cig-300x300.webp",300,300,true],"woocommerce_single":["https:\/\/vapestornado.com\/wp-content\/uploads\/2025\/03\/Messi-Vast-Energy-30000-Puff-Disposable-Vape-E-Cig-600x600.webp",600,600,true],"woocommerce_gallery_thumbnail":["https:\/\/vapestornado.com\/wp-content\/uploads\/2025\/03\/Messi-Vast-Energy-30000-Puff-Disposable-Vape-E-Cig-100x100.webp",100,100,true]},"uagb_author_info":{"display_name":"ESAMY","author_link":"https:\/\/vapestornado.com\/pl\/author\/"},"uagb_comment_info":0,"uagb_excerpt":"Bang King 30000 Pro Disposable Vape Box on Sale Wholesale Bang King 30000 Puff Vape Box Mod Wholesale Bang King 30000 Best Vape Wholesale in France Add Amy's whatsapp to get right reply and discount price! WhatsApp: +86 17776015835 &nbsp;","_links":{"self":[{"href":"https:\/\/vapestornado.com\/pl\/wp-json\/wp\/v2\/product\/4048","targetHints":{"allow":["GET"]}}],"collection":[{"href":"https:\/\/vapestornado.com\/pl\/wp-json\/wp\/v2\/product"}],"about":[{"href":"https:\/\/vapestornado.com\/pl\/wp-json\/wp\/v2\/types\/product"}],"replies":[{"embeddable":true,"href":"https:\/\/vapestornado.com\/pl\/wp-json\/wp\/v2\/comments?post=4048"}],"wp:featuredmedia":[{"embeddable":true,"href":"https:\/\/vapestornado.com\/pl\/wp-json\/wp\/v2\/media\/4019"}],"wp:attachment":[{"href":"https:\/\/vapestornado.com\/pl\/wp-json\/wp\/v2\/media?parent=4048"}],"wp:term":[{"taxonomy":"product_brand","embeddable":true,"href":"https:\/\/vapestornado.com\/pl\/wp-json\/wp\/v2\/product_brand?post=4048"},{"taxonomy":"product_cat","embeddable":true,"href":"https:\/\/vapestornado.com\/pl\/wp-json\/wp\/v2\/product_cat?post=4048"},{"taxonomy":"product_tag","embeddable":true,"href":"https:\/\/vapestornado.com\/pl\/wp-json\/wp\/v2\/product_tag?post=4048"}],"curies":[{"name":"wp","href":"https:\/\/api.w.org\/{rel}","templated":true}]}}