{"id":4047,"date":"2025-04-01T10:04:57","date_gmt":"2025-04-01T10:04:57","guid":{"rendered":"https:\/\/vapestornado.com\/?post_type=product&#038;p=4047"},"modified":"2025-08-23T12:00:28","modified_gmt":"2025-08-23T12:00:28","slug":"aivono-fatpro-22000-puffs-shisha-hookah-digital-screen-wholesaledisposables-vape-pod-shop-on-line-copy","status":"publish","type":"product","link":"https:\/\/vapestornado.com\/pl\/product\/aivono-fatpro-22000-puffs-shisha-hookah-digital-screen-wholesaledisposables-vape-pod-shop-on-line-copy\/","title":{"rendered":"AIVONO Fatpro 22000 Zaci\u0105gni\u0119\u0107 Shisha Hookah Ekran Cyfrowy Hurt"},"content":{"rendered":"<h1 data-pm-slice=\"1 1 []\">AIVONO Fatpro 22000 Zaci\u0105gni\u0119\u0107 Shisha Hookah Ekran Cyfrowy Hurt<\/h1>\n<p class=\"\" data-start=\"1287\" data-end=\"1418\">Cyfrowy ekran <strong data-start=\"310\" data-end=\"362\">AIVONO Fatpro 22000 Puffs Jednorazowy Shisha Vape<\/strong> jest przeznaczony dla dystrybutor\u00f3w i sklep\u00f3w z e-papierosami poszukuj\u0105cych urz\u0105dzenia premium o d\u0142ugiej \u017cywotno\u015bci. Zapewniaj\u0105c do <strong data-start=\"470\" data-end=\"486\">22 000 zaci\u0105gni\u0119\u0107<\/strong> z du\u017c\u0105 <strong data-start=\"503\" data-end=\"529\">pojemno\u015bci\u0105 28ml e-liquidu<\/strong>, ten e-papieros w stylu hookah zapewnia d\u0142ugotrwa\u0142e u\u017cytkowanie i niezmienne zadowolenie.<\/p>\n<p>Wyposa\u017cony w <strong data-start=\"629\" data-end=\"655\">cyfrowy ekran wy\u015bwietlacza<\/strong>, u\u017cytkownicy mog\u0105 \u0142atwo monitorowa\u0107 \u017cywotno\u015b\u0107 baterii i poziom e-liquidu w czasie rzeczywistym. The <strong data-start=\"733\" data-end=\"762\">technologi\u0119 grza\u0142ki siatkowej 0,6 \u03a9<\/strong> zwi\u0119ksza g\u0119sto\u015b\u0107 pary i bogactwo smaku, a <strong data-start=\"817\" data-end=\"845\">Port \u0142adowania typu C<\/strong> gwarantuje szybkie \u0142adowanie.<\/p>\n<p>Dost\u0119pne w <strong data-start=\"896\" data-end=\"919\">10 ekscytuj\u0105cych smakach<\/strong>, od owocowych mieszanek po lodowe i inspirowane s\u0142odyczami opcje, AIVONO Fatpro 22K zaspokaja r\u00f3\u017cnorodne gusta. Dzi\u0119ki po\u0142\u0105czeniu <strong data-start=\"1047\" data-end=\"1123\">wysokiej liczby zaci\u0105gni\u0119\u0107, niezawodnej wydajno\u015bci i konkurencyjnych cen hurtowych<\/strong>, jest to najlepszy wyb\u00f3r dla sprzedawc\u00f3w detalicznych rozszerzaj\u0105cych sw\u00f3j asortyment o jednorazowe e-papierosy w du\u017cych ilo\u015bciach.<\/p>\n<p data-start=\"666\" data-end=\"1235\"><strong style=\"font-size: 16px;\"><span style=\"color: #ff0000;\">Dodaj Amy na WhatsApp, aby uzyska\u0107 szybk\u0105 odpowied\u017a i cen\u0119 ze zni\u017ck\u0105!<\/span><\/strong><\/p>\n<p><img fetchpriority=\"high\" decoding=\"async\" class=\"size-full wp-image-2932\" src=\"https:\/\/vapestornado.com\/wp-content\/uploads\/2024\/12\/Vape-Wholesale.jpg\" alt=\"Hurtowa sprzeda\u017c e-papieros\u00f3w\" width=\"229\" height=\"300\" \/><\/p>\n<h3><a href=\"https:\/\/wa.me\/8617776015835\" target=\"_blank\" rel=\"noopener\"><span style=\"color: #ff0000;\"><strong>WhatsApp: +86 17776015835<\/strong><\/span><\/a><\/h3>\n<p>&nbsp;<\/p>\n<h2><strong>AIVONO Fatpro 22000 Kluczowe cechy produktu<\/strong><\/h2>\n<ul>\n<li><strong>22 000 zaci\u0105gni\u0119\u0107<\/strong>\u00a0\u2013 Jeden z najd\u0142u\u017cej dzia\u0142aj\u0105cych jednorazowych e-papieros\u00f3w na rynku.<\/li>\n<li><strong>Pojemno\u015b\u0107 e-liquidu 28 ml<\/strong>\u00a0\u2013 Nie wymaga uzupe\u0142niania, tylko czysta przyjemno\u015b\u0107 z wapowania.<\/li>\n<li><strong>Akumulator 600 mAh z mo\u017cliwo\u015bci\u0105 \u0142adowania<\/strong>\u00a0(Technologia Pure Cobalt Core) \u2013 Wydajne zasilanie dla d\u0142u\u017cszego u\u017cytkowania.<\/li>\n<li><strong>Cewka siatkowa 0,6 \u03a9<\/strong>\u00a0\u2013 Wzmacnia smak i produkcj\u0119 pary, zapewniaj\u0105c doskona\u0142e wra\u017cenia.<\/li>\n<li><strong>Cyfrowy wy\u015bwietlacz ekranowy<\/strong>\u00a0\u2013 Monitoruje \u017cywotno\u015b\u0107 baterii i poziom e-liquidu dla wygody.<\/li>\n<li><strong>Szybkie \u0142adowanie typu C<\/strong>\u00a0\u2013 Szybkie \u0142adowanie dla nieprzerwanych sesji.<\/li>\n<li><strong>Konstrukcja DTL (bezpo\u015brednio do p\u0142uc)<\/strong>\u00a0\u2013 Idealna do g\u0142\u0119bokich, satysfakcjonuj\u0105cych inhalacji.<\/li>\n<li><strong>Wiele opcji nikotyny (0%\/2%\/3%\/5%)<\/strong>\u00a0\u2013 Odpowiednie dla wszystkich preferencji.<\/li>\n<li><strong>Lekki<\/strong>\u00a0\u2013 \u0141atwy do przenoszenia w dowolnym miejscu.<\/li>\n<li><strong>Sprzeda\u017c hurtowa<\/strong>\u00a0\u2013 Dost\u0119pne zam\u00f3wienia hurtowe (200 sztuk w pude\u0142ku).<\/li>\n<\/ul>\n<h2 class=\"product-title\"><strong>Lista smak\u00f3w jednorazowych AIVONO Fatpro 22k Puff<\/strong><\/h2>\n<article class=\"w-full text-token-text-primary focus-visible:outline-2 focus-visible:outline-offset-[-4px]\" dir=\"auto\" data-testid=\"conversation-turn-32\" data-scroll-anchor=\"false\">\n<div class=\"m-auto text-base py-[18px] px-6\">\n<div class=\"mx-auto flex flex-1 text-base gap-4 md:gap-5 lg:gap-6 md:max-w-3xl lg:max-w-[40rem] xl:max-w-[48rem]\">\n<div class=\"group\/conversation-turn relative flex w-full min-w-0 flex-col @xs\/thread:px-0 @sm\/thread:px-1.5 @md\/thread:px-4\">\n<div class=\"flex-col gap-1 md:gap-3\">\n<div class=\"flex max-w-full flex-col flex-grow\">\n<div class=\"min-h-8 text-message flex w-full flex-col items-end gap-2 whitespace-normal break-words text-start [.text-message+&amp;]:mt-5\" dir=\"auto\" data-message-author-role=\"user\" data-message-id=\"ffac41ca-1db4-431b-873a-32c4052956f1\">\n<div class=\"flex w-full flex-col gap-1 empty:hidden items-end rtl:items-start\">\n<div class=\"relative max-w-[var(--user-chat-width,70%)] rounded-3xl bg-token-message-surface px-5 py-2.5\">\n<div class=\"absolute bottom-0 right-full top-0 -mr-3.5 hidden pr-5 pt-2 [.group\/conversation-turn:hover_&amp;]:flex\">\n<div class=\"flex\">\n<article class=\"w-full text-token-text-primary focus-visible:outline-2 focus-visible:outline-offset-[-4px]\" dir=\"auto\" data-testid=\"conversation-turn-39\" data-scroll-anchor=\"true\">\n<div class=\"m-auto text-base py-[18px] px-6\">\n<div class=\"mx-auto flex flex-1 text-base gap-4 md:gap-5 lg:gap-6 md:max-w-3xl lg:max-w-[40rem] xl:max-w-[48rem]\">\n<div class=\"group\/conversation-turn relative flex w-full min-w-0 flex-col agent-turn @xs\/thread:px-0 @sm\/thread:px-1.5 @md\/thread:px-4\">\n<div class=\"flex-col gap-1 md:gap-3\">\n<div class=\"flex max-w-full flex-col flex-grow\">\n<div class=\"min-h-8 text-message flex w-full flex-col items-end gap-2 whitespace-normal break-words text-start [.text-message+&amp;]:mt-5\" dir=\"auto\" data-message-author-role=\"assistant\" data-message-id=\"55a23854-ec57-48dd-bd4f-6118f43d6241\" data-message-model-slug=\"gpt-4o\">\n<div class=\"flex w-full flex-col gap-1 empty:hidden first:pt-[3px]\">\n<div class=\"markdown prose w-full break-words dark:prose-invert light\">\n<p>Podnie\u015b swoj\u0105 podr\u00f3\u017c z wapowaniem dzi\u0119ki\u00a0<strong>AIVONO Fatpro 22000 Zaci\u0105gni\u0119\u0107<\/strong>\u00a0i jego wyj\u0105tkowemu wyborowi r\u0119cznie robionych smak\u00f3w. Ka\u017cdy wariant jest fachowo mieszany, aby zapewni\u0107 charakterystyczne i satysfakcjonuj\u0105ce do\u015bwiadczenie, zapewniaj\u0105c, \u017ce ka\u017cdy wdech jest tak samo niezapomniany jak poprzedni.<\/p>\n<p>1. B\u0142ogo\u015b\u0107 Bli\u017aniaczych Jab\u0142ek: Idealny duet chrupi\u0105cych smak\u00f3w czerwonego i zielonego jab\u0142ka, \u0142\u0105cz\u0105cy naturaln\u0105 s\u0142odycz z orze\u017awiaj\u0105c\u0105 cierpko\u015bci\u0105 dla o\u017cywczego wapowania.<\/p>\n<p>2. Mro\u017ane Winogrono: Soczyste fioletowe winogrona spotykaj\u0105 si\u0119 z ekscytuj\u0105cym mi\u0119towym ch\u0142odem, tworz\u0105c wyrafinowan\u0105 mieszank\u0119, kt\u00f3ra jest zar\u00f3wno owocowa, jak i orze\u017awiaj\u0105co ch\u0142odna.<\/p>\n<p>3. Arktyczny Arbuz: Ultras\u0142odkie smaki arbuza s\u0105 wzmocnione lodowatym mentolowym wyko\u0144czeniem, zapewniaj\u0105c najwy\u017csze uczucie gaszenia pragnienia.<\/p>\n<p>4. Mro\u017cona Mieszanka Jagodowa: \u017bywa mieszanka truskawek, jag\u00f3d i je\u017cyn, wyko\u0144czona lodowatym wydechem dla idealnie zr\u00f3wnowa\u017conego owocowego ch\u0142odu.<\/p>\n<p>5. Jagodowa Guma Balonowa: Zabawne odtworzenie klasycznej gumy balonowej, wype\u0142nione autentyczn\u0105 jagodow\u0105 s\u0142odycz\u0105 i g\u0142adkim, ci\u0105gn\u0105cym si\u0119 wyko\u0144czeniem.<\/p>\n<p>6. Rubinowa Jagodowa Fuzja: Soczyste wi\u015bnie przeplataj\u0105 si\u0119 z pikantnymi malinami, tworz\u0105c dynamiczny profil smakowy, kt\u00f3ry jest zar\u00f3wno odwa\u017cny, jak i niezwykle soczysty.<\/p>\n<p>7. Mro\u017any Brzoskwiniowy Raj: Dojrza\u0142e, mu\u015bni\u0119te s\u0142o\u0144cem brzoskwinie s\u0105 podkre\u015blone mro\u017an\u0105 mentolow\u0105 bryz\u0105, dzi\u0119ki czemu jest to ca\u0142oroczna tropikalna ucieczka.<\/p>\n<p>8. Eliksir Enigmy: Tajemnicza i kusz\u0105ca mieszanka egzotycznych owoc\u00f3w z subtelnymi kwiatowymi nutami, stworzona, aby intrygowa\u0107 i zachwyca\u0107 zmys\u0142y.<\/p>\n<p>9. Krajobraz Sn\u00f3w: Kremowa, warstwowa mieszanka nut tropikalnych i jagodowych, oferuj\u0105ca g\u0142adkie i senne wra\u017cenia z wapowania.<\/p>\n<p>10. Truskawkowy Splash: Wybuch naturalnej s\u0142odyczy \u015bwie\u017co zebranych truskawek, ten smak zapewnia jasne, soczyste uderzenie z ka\u017cdym wdechem.<\/p>\n<figure id=\"attachment_4020\" aria-describedby=\"caption-attachment-4020\" style=\"width: 800px\" class=\"wp-caption alignnone\"><img decoding=\"async\" class=\"wp-image-4020 size-full\" src=\"https:\/\/vapestornado.com\/wp-content\/uploads\/2025\/03\/AIVONO-22000-Disposable-Puff-Bar.webp\" alt=\"AIVONO 22000 Jednorazowy Puff Bar\" width=\"800\" height=\"800\" srcset=\"https:\/\/vapestornado.com\/wp-content\/uploads\/2025\/03\/AIVONO-22000-Disposable-Puff-Bar.webp 800w, https:\/\/vapestornado.com\/wp-content\/uploads\/2025\/03\/AIVONO-22000-Disposable-Puff-Bar-300x300.webp 300w, https:\/\/vapestornado.com\/wp-content\/uploads\/2025\/03\/AIVONO-22000-Disposable-Puff-Bar-150x150.webp 150w, https:\/\/vapestornado.com\/wp-content\/uploads\/2025\/03\/AIVONO-22000-Disposable-Puff-Bar-768x768.webp 768w, https:\/\/vapestornado.com\/wp-content\/uploads\/2025\/03\/AIVONO-22000-Disposable-Puff-Bar-600x600.webp 600w, https:\/\/vapestornado.com\/wp-content\/uploads\/2025\/03\/AIVONO-22000-Disposable-Puff-Bar-100x100.webp 100w\" sizes=\"(max-width: 800px) 100vw, 800px\" \/><figcaption id=\"caption-attachment-4020\" class=\"wp-caption-text\">AIVONO 22000 Jednorazowy Puff Bar<\/figcaption><\/figure>\n<p>&nbsp;<\/p>\n<\/div>\n<\/div>\n<\/div>\n<\/div>\n<\/div>\n<\/div>\n<\/div>\n<\/div>\n<\/article>\n<\/div>\n<\/div>\n<\/div>\n<\/div>\n<\/div>\n<\/div>\n<\/div>\n<\/div>\n<\/div>\n<\/div>\n<\/article>\n<h2>Dlaczego warto wybra\u0107 Vapestornado do zakupu AIVONO Fatpro 22000 Puff?<\/h2>\n<div class=\"flex-shrink-0 flex flex-col relative items-end\">\n<div class=\"pt-0\">\n<div class=\"gizmo-bot-avatar flex h-8 w-8 items-center justify-center overflow-hidden rounded-full\">\n<div class=\"relative p-1 rounded-sm flex items-center justify-center bg-token-main-surface-primary text-token-text-primary h-8 w-8\">\n<p>At\u00a0<strong>VapeTornado<\/strong>, szczycimy si\u0119 dostarczaniem\u00a0<strong>wysokiej jako\u015bci produkt\u00f3w vapingowych w bezkonkurencyjnych cenach<\/strong>\u2014a AIVONO Fatpro 22000 nie jest wyj\u0105tkiem! Oto dlaczego warto u nas kupowa\u0107:<\/p>\n<p><strong>Najlepsze Ceny Hurtowe<\/strong>\u00a0\u2013 Oferujemy\u00a0<strong>konkurencyjne ceny hurtowe<\/strong><span style=\"font-size: 16px;\">, co czyni nas najlepszym wyborem dla sprzedawc\u00f3w i sklep\u00f3w z e-papierosami.<\/span><\/p>\n<p><strong>Szybka<\/strong>\u00a0\u2013 Zrealizuj swoje zam\u00f3wienie\u00a0<strong>szybko i bezpiecznie<\/strong>, z opcjami wysy\u0142ki na ca\u0142y \u015bwiat.<br \/>\n<strong>100% autentyczne produkty<\/strong>\u00a0\u2013 \u017badnych podr\u00f3bek \u2014 tylko\u00a0<strong>oryginalne jednoraz\u00f3wki WASPE Triple<\/strong>\u00a0o zweryfikowanej jako\u015bci.<br \/>\n<strong>Doskona\u0142a obs\u0142uga klienta<\/strong>\u00a0\u2013 Masz pytania? Nasi\u00a0<strong>eksperci od vape<\/strong> s\u0105 gotowi pom\u00f3c Ci 24\/7.<\/p>\n<p data-start=\"559\" data-end=\"933\" data-is-last-node=\"\" data-is-only-node=\"\">Mamy te\u017c inne popularne vape z ekranem, takie jak <a href=\"https:\/\/vapestornado.com\/pl\/product\/vapme-goat-40000-puff-40k-hookah-shisha-pen-price-wholesale-e-cigarette\/\">Vapme Goat 40000 Shisha<\/a>, <a href=\"https:\/\/vapestornado.com\/pl\/product\/2025-new-vopk-ultra-40000-puffs-double-flavor-disposable-vape-factory-suppliers\/\">VOPK 40000 2 w 1 Jednorazowy Vape<\/a>, <a href=\"https:\/\/vapestornado.com\/pl\/product\/bang-beach-22000-20k-puff-disposable-vape-pen-with-screen-reddit-hot\/\">Bang Beach 22000<\/a>, i wiele innych.<\/p>\n<\/div>\n<div class=\"relative p-1 rounded-sm flex items-center justify-center bg-token-main-surface-primary text-token-text-primary h-8 w-8\">\n<h2>FAQ<\/h2>\n<p><strong>1. Jak d\u0142ugo dzia\u0142a AIVONO Fatpro 22000?<\/strong><\/p>\n<p>Dzi\u0119ki\u00a0<strong>22 000 zaci\u0105gni\u0119\u0107<\/strong>, to urz\u0105dzenie dzia\u0142a znacznie d\u0142u\u017cej ni\u017c standardowe jednoraz\u00f3wki. W zale\u017cno\u015bci od u\u017cytkowania, mo\u017ce s\u0142u\u017cy\u0107 umiarkowanym waperom przez tygodnie, a nawet miesi\u0105ce.<\/p>\n<p><strong>2. Czy AIVONO Fatpro mo\u017cna \u0142adowa\u0107?<\/strong><\/p>\n<p>Tak! Posiada on\u00a0<strong>Port \u0142adowania typu C<\/strong>\u00a0i\u00a0<strong>Bateria 600 mAh<\/strong>, co pozwala w pe\u0142ni wykorzysta\u0107\u00a0<strong>pojemno\u015bci\u0105 28 ml e-liquidu<\/strong>\u00a0bez wyczerpania energii.<\/p>\n<p><strong>3. Jakie moce nikotyny s\u0105 dost\u0119pne?<\/strong><\/p>\n<p>AIVONO Fatpro oferuje\u00a0<strong>0% (bez nikotyny), 2%, 3% i 5% soli nikotynowej<\/strong>\u00a0opcje, dostosowane do wszystkich typ\u00f3w waper\u00f3w.<\/p>\n<p><strong>4. Czy obs\u0142uguje g\u0142\u0119bokie wdechy do p\u0142uc (DTL)?<\/strong><\/p>\n<p>Tak! The\u00a0<strong>grza\u0142k\u0119 mesh 0,6 \u03a9<\/strong>\u00a0i\u00a0<strong>Konstrukcja DTL<\/strong>\u00a0czyni\u0105c go idealnym do wdech\u00f3w bezpo\u015brednio do p\u0142uc, produkuj\u0105c\u00a0<strong>g\u0142adkie, pe\u0142ne smaku chmury<\/strong>.<\/p>\n<\/div>\n<\/div>\n<\/div>\n<\/div>","protected":false},"excerpt":{"rendered":"<p class=\"LC20lb MBeuO DKV0Md\">Cyfrowy ekran <strong data-start=\"1217\" data-end=\"1250\">AIVONO Fatpro 22K Shisha Vape<\/strong> oferuje 22 000 zaci\u0105gni\u0119\u0107, cyfrowy wy\u015bwietlacz i technologi\u0119 siatkowej grza\u0142ki. \u015awietny wyb\u00f3r dla <strong data-start=\"1334\" data-end=\"1359\">zam\u00f3wie\u0144 hurtowych<\/strong>.<\/p>\n<p><strong>Dodaj Amy na WhatsApp, aby uzyska\u0107 w\u0142a\u015bciw\u0105 odpowied\u017a i cen\u0119 z rabatem!<\/strong><\/p>\n<p><img fetchpriority=\"high\" decoding=\"async\" class=\"size-full wp-image-2932\" src=\"https:\/\/vapestornado.com\/wp-content\/uploads\/2024\/12\/Vape-Wholesale.jpg\" alt=\"Hurtowa sprzeda\u017c e-papieros\u00f3w\" width=\"229\" height=\"300\" \/><\/p>\n<h3><a href=\"https:\/\/wa.me\/8617776015835\"><span style=\"color: #ff0000;\"><strong>WhatsApp: +86 17776015835<\/strong><\/span><\/a><\/h3>\n<p>&nbsp;<\/p>","protected":false},"featured_media":4026,"comment_status":"open","ping_status":"closed","template":"","meta":{"_acf_changed":false,"_uag_custom_page_level_css":"","_lmt_disableupdate":"no","_lmt_disable":"","_monsterinsights_skip_tracking":false,"_monsterinsights_sitenote_active":false,"_monsterinsights_sitenote_note":"","_monsterinsights_sitenote_category":0,"site-sidebar-layout":"default","site-content-layout":"","ast-site-content-layout":"default","site-content-style":"default","site-sidebar-style":"default","ast-global-header-display":"","ast-banner-title-visibility":"","ast-main-header-display":"","ast-hfb-above-header-display":"","ast-hfb-below-header-display":"","ast-hfb-mobile-header-display":"","site-post-title":"","ast-breadcrumbs-content":"","ast-featured-img":"","footer-sml-layout":"","ast-disable-related-posts":"","theme-transparent-header-meta":"default","adv-header-id-meta":"","stick-header-meta":"","header-above-stick-meta":"","header-main-stick-meta":"","header-below-stick-meta":"","astra-migrate-meta-layouts":"set","ast-page-background-enabled":"default","ast-page-background-meta":{"desktop":{"background-color":"","background-image":"","background-repeat":"repeat","background-position":"center center","background-size":"auto","background-attachment":"scroll","background-type":"","background-media":"","overlay-type":"","overlay-color":"","overlay-opacity":"","overlay-gradient":""},"tablet":{"background-color":"","background-image":"","background-repeat":"repeat","background-position":"center center","background-size":"auto","background-attachment":"scroll","background-type":"","background-media":"","overlay-type":"","overlay-color":"","overlay-opacity":"","overlay-gradient":""},"mobile":{"background-color":"","background-image":"","background-repeat":"repeat","background-position":"center center","background-size":"auto","background-attachment":"scroll","background-type":"","background-media":"","overlay-type":"","overlay-color":"","overlay-opacity":"","overlay-gradient":""}},"ast-content-background-meta":{"desktop":{"background-color":"var(--ast-global-color-5)","background-image":"","background-repeat":"repeat","background-position":"center center","background-size":"auto","background-attachment":"scroll","background-type":"","background-media":"","overlay-type":"","overlay-color":"","overlay-opacity":"","overlay-gradient":""},"tablet":{"background-color":"var(--ast-global-color-5)","background-image":"","background-repeat":"repeat","background-position":"center center","background-size":"auto","background-attachment":"scroll","background-type":"","background-media":"","overlay-type":"","overlay-color":"","overlay-opacity":"","overlay-gradient":""},"mobile":{"background-color":"var(--ast-global-color-5)","background-image":"","background-repeat":"repeat","background-position":"center center","background-size":"auto","background-attachment":"scroll","background-type":"","background-media":"","overlay-type":"","overlay-color":"","overlay-opacity":"","overlay-gradient":""}},"_joinchat":{"telephone":"17776015835"}},"product_brand":[],"product_cat":[176,154,147],"product_tag":[308,105,284,296,94],"class_list":{"0":"post-4047","1":"product","2":"type-product","3":"status-publish","4":"has-post-thumbnail","6":"product_cat-aivono-vape","7":"product_cat-buy-disposable-vapes-in-netherlands","8":"product_cat-shisha-hookah-disposable-vapes","9":"product_tag-aivono-fatpro-22000","10":"product_tag-digital-disposable-vape","11":"product_tag-disposable-shisha","12":"product_tag-puff-bar","13":"product_tag-rechargeable-disposable-vape","14":"desktop-align-left","15":"tablet-align-left","16":"mobile-align-left","18":"first","19":"instock","20":"sale","21":"shipping-taxable","22":"purchasable","23":"product-type-simple"},"acf":[],"uagb_featured_image_src":{"full":["https:\/\/vapestornado.com\/wp-content\/uploads\/2025\/03\/Wholesale-Vape-Original-Ainovo-Aim-Fatpro-22000-Puffs.webp",800,800,false],"thumbnail":["https:\/\/vapestornado.com\/wp-content\/uploads\/2025\/03\/Wholesale-Vape-Original-Ainovo-Aim-Fatpro-22000-Puffs-150x150.webp",150,150,true],"medium":["https:\/\/vapestornado.com\/wp-content\/uploads\/2025\/03\/Wholesale-Vape-Original-Ainovo-Aim-Fatpro-22000-Puffs-300x300.webp",300,300,true],"medium_large":["https:\/\/vapestornado.com\/wp-content\/uploads\/2025\/03\/Wholesale-Vape-Original-Ainovo-Aim-Fatpro-22000-Puffs-768x768.webp",768,768,true],"large":["https:\/\/vapestornado.com\/wp-content\/uploads\/2025\/03\/Wholesale-Vape-Original-Ainovo-Aim-Fatpro-22000-Puffs.webp",800,800,false],"1536x1536":["https:\/\/vapestornado.com\/wp-content\/uploads\/2025\/03\/Wholesale-Vape-Original-Ainovo-Aim-Fatpro-22000-Puffs.webp",800,800,false],"2048x2048":["https:\/\/vapestornado.com\/wp-content\/uploads\/2025\/03\/Wholesale-Vape-Original-Ainovo-Aim-Fatpro-22000-Puffs.webp",800,800,false],"trp-custom-language-flag":["https:\/\/vapestornado.com\/wp-content\/uploads\/2025\/03\/Wholesale-Vape-Original-Ainovo-Aim-Fatpro-22000-Puffs.webp",12,12,false],"woocommerce_thumbnail":["https:\/\/vapestornado.com\/wp-content\/uploads\/2025\/03\/Wholesale-Vape-Original-Ainovo-Aim-Fatpro-22000-Puffs-300x300.webp",300,300,true],"woocommerce_single":["https:\/\/vapestornado.com\/wp-content\/uploads\/2025\/03\/Wholesale-Vape-Original-Ainovo-Aim-Fatpro-22000-Puffs-600x600.webp",600,600,true],"woocommerce_gallery_thumbnail":["https:\/\/vapestornado.com\/wp-content\/uploads\/2025\/03\/Wholesale-Vape-Original-Ainovo-Aim-Fatpro-22000-Puffs-100x100.webp",100,100,true]},"uagb_author_info":{"display_name":"ESAMY","author_link":"https:\/\/vapestornado.com\/pl\/author\/"},"uagb_comment_info":0,"uagb_excerpt":"The AIVONO Fatpro 22K Shisha Vape offers 22,000 puffs, digital display, and mesh coil technology. A great choice for bulk wholesale orders. Add Amy's whatsapp to get right reply and discount price! WhatsApp: +86 17776015835 &nbsp;","_links":{"self":[{"href":"https:\/\/vapestornado.com\/pl\/wp-json\/wp\/v2\/product\/4047","targetHints":{"allow":["GET"]}}],"collection":[{"href":"https:\/\/vapestornado.com\/pl\/wp-json\/wp\/v2\/product"}],"about":[{"href":"https:\/\/vapestornado.com\/pl\/wp-json\/wp\/v2\/types\/product"}],"replies":[{"embeddable":true,"href":"https:\/\/vapestornado.com\/pl\/wp-json\/wp\/v2\/comments?post=4047"}],"wp:featuredmedia":[{"embeddable":true,"href":"https:\/\/vapestornado.com\/pl\/wp-json\/wp\/v2\/media\/4026"}],"wp:attachment":[{"href":"https:\/\/vapestornado.com\/pl\/wp-json\/wp\/v2\/media?parent=4047"}],"wp:term":[{"taxonomy":"product_brand","embeddable":true,"href":"https:\/\/vapestornado.com\/pl\/wp-json\/wp\/v2\/product_brand?post=4047"},{"taxonomy":"product_cat","embeddable":true,"href":"https:\/\/vapestornado.com\/pl\/wp-json\/wp\/v2\/product_cat?post=4047"},{"taxonomy":"product_tag","embeddable":true,"href":"https:\/\/vapestornado.com\/pl\/wp-json\/wp\/v2\/product_tag?post=4047"}],"curies":[{"name":"wp","href":"https:\/\/api.w.org\/{rel}","templated":true}]}}