{"id":4046,"date":"2025-03-31T09:39:14","date_gmt":"2025-03-31T09:39:14","guid":{"rendered":"https:\/\/vapestornado.com\/?post_type=product&#038;p=4046"},"modified":"2025-08-23T11:59:15","modified_gmt":"2025-08-23T11:59:15","slug":"aivono-aim-boom-25000-puffs-rechargeable-disposables-vape-pod-shop-on-line","status":"publish","type":"product","link":"https:\/\/vapestornado.com\/pl\/product\/aivono-aim-boom-25000-puffs-rechargeable-disposables-vape-pod-shop-on-line\/","title":{"rendered":"Aivono Aim Boom 25000 Zaci\u0105gni\u0119\u0107 Akumulatorowe Jednorazowe Vape Pod Sklep Online"},"content":{"rendered":"<h1 data-pm-slice=\"1 1 []\">Aivono Aim Boom 25000 Zaci\u0105gni\u0119\u0107 Akumulatorowe Jednorazowe Vape Pod Sklep Online<\/h1>\n<p class=\"\" data-start=\"1287\" data-end=\"1418\">Cyfrowy ekran <strong data-start=\"285\" data-end=\"332\">Aivono Aim Boom 25000 Puffs Jednorazowy Vape<\/strong> jest stworzony dla hurtownik\u00f3w i sklep\u00f3w z e-papierosami poszukuj\u0105cych urz\u0105dze\u0144 o du\u017cej pojemno\u015bci i niezawodno\u015bci. Oferuj\u0105c do <strong data-start=\"429\" data-end=\"445\">25 000 zaci\u0105gni\u0119\u0107<\/strong>, ten pod zapewnia d\u0142ugotrwa\u0142e sesje wspierane przez <strong data-start=\"501\" data-end=\"532\">akumulator o pojemno\u015bci 650 mAh<\/strong> z <strong data-start=\"538\" data-end=\"557\">\u0142adowanie typu C<\/strong>. <strong data-start=\"563\" data-end=\"596\">28 ml fabrycznie nape\u0142nionego zbiornika na e-liquid<\/strong> w po\u0142\u0105czeniu z <strong data-start=\"611\" data-end=\"640\">technologia podw\u00f3jnej siatki grzewczej<\/strong> gwarantuje p\u0142ynn\u0105 par\u0119 i mocny smak od pocz\u0105tku do ko\u0144ca.<\/p>\n<p>Jego <strong data-start=\"727\" data-end=\"752\">inteligentny wy\u015bwietlacz cyfrowy<\/strong> informuje u\u017cytkownik\u00f3w o poziomie na\u0142adowania baterii i poziomie e-liquidu w czasie rzeczywistym, dodaj\u0105c zar\u00f3wno wygody, jak i kontroli. Zaprojektowany z my\u015bl\u0105 o sprzeda\u017cy hurtowej, Aivono Aim Boom 25K jest op\u0142acaln\u0105 opcj\u0105 dla dystrybutor\u00f3w, kt\u00f3rzy chc\u0105 zapewni\u0107 klientom trwa\u0142e, aromatyczne i op\u0142acalne jednorazowe kapsu\u0142ki do e-papieros\u00f3w.<\/p>\n<p data-start=\"666\" data-end=\"1235\"><strong style=\"font-size: 16px;\"><span style=\"color: #ff0000;\">Dodaj Amy na WhatsApp, aby uzyska\u0107 szybk\u0105 odpowied\u017a i cen\u0119 ze zni\u017ck\u0105!<\/span><\/strong><\/p>\n<p><img fetchpriority=\"high\" decoding=\"async\" class=\"size-full wp-image-2932\" src=\"https:\/\/vapestornado.com\/wp-content\/uploads\/2024\/12\/Vape-Wholesale.jpg\" alt=\"Hurtowa sprzeda\u017c e-papieros\u00f3w\" width=\"229\" height=\"300\" \/><\/p>\n<h3><a href=\"https:\/\/wa.me\/8617776015835\" target=\"_blank\" rel=\"noopener\"><span style=\"color: #ff0000;\"><strong>WhatsApp: +86 17776015835<\/strong><\/span><\/a><\/h3>\n<p>&nbsp;<\/p>\n<h2><strong>Aivono Aim Boom 25000 Kluczowe cechy produktu<\/strong><\/h2>\n<ul>\n<li class=\"\" data-start=\"593\" data-end=\"724\">\n<p class=\"\" data-start=\"595\" data-end=\"724\"><strong data-start=\"595\" data-end=\"627\">Konfigurowalne poziomy nikotyny<\/strong> \u2013 Wybierz 0 procent, 2 procent, 3 procent lub 5 procent nikotyny, aby dopasowa\u0107 do swoich preferencji.<\/p>\n<\/li>\n<li class=\"\" data-start=\"725\" data-end=\"822\">\n<p class=\"\" data-start=\"727\" data-end=\"822\"><strong data-start=\"727\" data-end=\"758\">Ogromna pojemno\u015b\u0107 25000 zaci\u0105gni\u0119\u0107<\/strong> \u2013 Zaprojektowany do d\u0142ugotrwa\u0142ego vapowania bez cz\u0119stych wymian.<\/p>\n<\/li>\n<li class=\"\" data-start=\"823\" data-end=\"939\">\n<p class=\"\" data-start=\"825\" data-end=\"939\"><strong data-start=\"825\" data-end=\"852\">Zbiornik na e-liquid o pojemno\u015bci 28 ml<\/strong> \u2013 Mie\u015bci du\u017co e-liquidu, co zapewnia d\u0142ugotrwa\u0142e u\u017cytkowanie i zmniejsza potrzeb\u0119 ci\u0105g\u0142ego uzupe\u0142niania.<\/p>\n<\/li>\n<li class=\"\" data-start=\"940\" data-end=\"1051\">\n<p class=\"\" data-start=\"942\" data-end=\"1051\"><strong data-start=\"942\" data-end=\"969\">Zaawansowana grza\u0142ka siatkowa 1.2\u03a9<\/strong> \u2013 Zwi\u0119ksza produkcj\u0119 pary i sp\u00f3jno\u015b\u0107 smaku, zapewniaj\u0105c satysfakcjonuj\u0105ce wra\u017cenia.<\/p>\n<\/li>\n<li class=\"\" data-start=\"1052\" data-end=\"1177\">\n<p class=\"\" data-start=\"1054\" data-end=\"1177\"><strong data-start=\"1054\" data-end=\"1085\">Akumulator 650mAh z mo\u017cliwo\u015bci\u0105 \u0142adowania<\/strong> \u2013 D\u0142ugotrwa\u0142a wydajno\u015b\u0107 z \u0142adowaniem Type-C dla szybkiego i wydajnego przywracania zasilania.<\/p>\n<\/li>\n<li class=\"\" data-start=\"1178\" data-end=\"1277\">\n<p class=\"\" data-start=\"1180\" data-end=\"1277\"><strong data-start=\"1180\" data-end=\"1205\">Inteligentny cyfrowy wy\u015bwietlacz<\/strong> \u2013 Pokazuje w czasie rzeczywistym poziom e-liquidu i baterii, eliminuj\u0105c zgadywanie.<\/p>\n<\/li>\n<li class=\"\" data-start=\"1278\" data-end=\"1343\">\n<p class=\"\" data-start=\"1280\" data-end=\"1343\"><strong data-start=\"1280\" data-end=\"1304\">Projekt logo z pod\u015bwietleniem<\/strong> \u2013 Dodaje stylowego akcentu podczas vapowania.<\/p>\n<\/li>\n<li class=\"\" data-start=\"1344\" data-end=\"1453\">\n<p class=\"\" data-start=\"1346\" data-end=\"1453\"><strong data-start=\"1346\" data-end=\"1369\">Podw\u00f3jne prze\u0142\u0105czanie siatki<\/strong> \u2013 Zapewnia r\u00f3wnomierne nagrzewanie i p\u0142ynn\u0105 produkcj\u0119 pary, co gwarantuje najwy\u017cszej jako\u015bci wra\u017cenia z wapowania.<\/p>\n<\/li>\n<\/ul>\n<h2 class=\"product-title\"><strong>Lista smak\u00f3w Aivono Aim Boom 25000 Puff<\/strong><\/h2>\n<article class=\"w-full text-token-text-primary focus-visible:outline-2 focus-visible:outline-offset-[-4px]\" dir=\"auto\" data-testid=\"conversation-turn-32\" data-scroll-anchor=\"false\">\n<div class=\"m-auto text-base py-[18px] px-6\">\n<div class=\"mx-auto flex flex-1 text-base gap-4 md:gap-5 lg:gap-6 md:max-w-3xl lg:max-w-[40rem] xl:max-w-[48rem]\">\n<div class=\"group\/conversation-turn relative flex w-full min-w-0 flex-col @xs\/thread:px-0 @sm\/thread:px-1.5 @md\/thread:px-4\">\n<div class=\"flex-col gap-1 md:gap-3\">\n<div class=\"flex max-w-full flex-col flex-grow\">\n<div class=\"min-h-8 text-message flex w-full flex-col items-end gap-2 whitespace-normal break-words text-start [.text-message+&amp;]:mt-5\" dir=\"auto\" data-message-author-role=\"user\" data-message-id=\"ffac41ca-1db4-431b-873a-32c4052956f1\">\n<div class=\"flex w-full flex-col gap-1 empty:hidden items-end rtl:items-start\">\n<div class=\"relative max-w-[var(--user-chat-width,70%)] rounded-3xl bg-token-message-surface px-5 py-2.5\">\n<div class=\"absolute bottom-0 right-full top-0 -mr-3.5 hidden pr-5 pt-2 [.group\/conversation-turn:hover_&amp;]:flex\">\n<div class=\"flex\">\n<article class=\"w-full text-token-text-primary focus-visible:outline-2 focus-visible:outline-offset-[-4px]\" dir=\"auto\" data-testid=\"conversation-turn-39\" data-scroll-anchor=\"true\">\n<div class=\"m-auto text-base py-[18px] px-6\">\n<div class=\"mx-auto flex flex-1 text-base gap-4 md:gap-5 lg:gap-6 md:max-w-3xl lg:max-w-[40rem] xl:max-w-[48rem]\">\n<div class=\"group\/conversation-turn relative flex w-full min-w-0 flex-col agent-turn @xs\/thread:px-0 @sm\/thread:px-1.5 @md\/thread:px-4\">\n<div class=\"flex-col gap-1 md:gap-3\">\n<div class=\"flex max-w-full flex-col flex-grow\">\n<div class=\"min-h-8 text-message flex w-full flex-col items-end gap-2 whitespace-normal break-words text-start [.text-message+&amp;]:mt-5\" dir=\"auto\" data-message-author-role=\"assistant\" data-message-id=\"55a23854-ec57-48dd-bd4f-6118f43d6241\" data-message-model-slug=\"gpt-4o\">\n<div class=\"flex w-full flex-col gap-1 empty:hidden first:pt-[3px]\">\n<div class=\"markdown prose w-full break-words dark:prose-invert light\">\n<p>1.Miami Mi\u0119ta<br \/>\n2.Arbuz z lodem<br \/>\n3.Niebieska Malina z Lodem<br \/>\n4.Malina Brzoskwinia Limonka<br \/>\n5.Niebieski Rancher<br \/>\n6.Kwa\u015bne Mango Ananas<br \/>\n7.Truskawka B-Pop<br \/>\n8.Zielone Jab\u0142ko Winogrono<br \/>\n9.Melon Cytryna<br \/>\n10. Arbuz z Wi\u015bni\u0105 z Lodem<\/p>\n<figure id=\"attachment_4027\" aria-describedby=\"caption-attachment-4027\" style=\"width: 1024px\" class=\"wp-caption alignnone\"><img decoding=\"async\" class=\"wp-image-4027 size-large\" src=\"https:\/\/vapestornado.com\/wp-content\/uploads\/2025\/03\/Aim-Boom-25000-Factory-Price-1024x900.jpg\" alt=\"Aim Boom 25000 Cena fabryczna\" width=\"1024\" height=\"900\" srcset=\"https:\/\/vapestornado.com\/wp-content\/uploads\/2025\/03\/Aim-Boom-25000-Factory-Price-1024x900.jpg 1024w, https:\/\/vapestornado.com\/wp-content\/uploads\/2025\/03\/Aim-Boom-25000-Factory-Price-300x264.jpg 300w, https:\/\/vapestornado.com\/wp-content\/uploads\/2025\/03\/Aim-Boom-25000-Factory-Price-768x675.jpg 768w, https:\/\/vapestornado.com\/wp-content\/uploads\/2025\/03\/Aim-Boom-25000-Factory-Price-1536x1349.jpg 1536w, https:\/\/vapestornado.com\/wp-content\/uploads\/2025\/03\/Aim-Boom-25000-Factory-Price-2048x1799.jpg 2048w, https:\/\/vapestornado.com\/wp-content\/uploads\/2025\/03\/Aim-Boom-25000-Factory-Price-600x527.jpg 600w\" sizes=\"(max-width: 1024px) 100vw, 1024px\" \/><figcaption id=\"caption-attachment-4027\" class=\"wp-caption-text\">Aim Boom 25000 Cena fabryczna<\/figcaption><\/figure>\n<\/div>\n<\/div>\n<\/div>\n<\/div>\n<\/div>\n<\/div>\n<\/div>\n<\/div>\n<\/article>\n<\/div>\n<\/div>\n<\/div>\n<\/div>\n<\/div>\n<\/div>\n<\/div>\n<\/div>\n<\/div>\n<\/div>\n<\/article>\n<h2>Dlaczego warto wybra\u0107 Vapestornado, aby kupi\u0107 Aivono Aim Boom 25000Puff?<\/h2>\n<div class=\"flex-shrink-0 flex flex-col relative items-end\">\n<div class=\"pt-0\">\n<div class=\"gizmo-bot-avatar flex h-8 w-8 items-center justify-center overflow-hidden rounded-full\">\n<div class=\"relative p-1 rounded-sm flex items-center justify-center bg-token-main-surface-primary text-token-text-primary h-8 w-8\">\n<p>At\u00a0<strong>VapeTornado<\/strong>, szczycimy si\u0119 dostarczaniem\u00a0<strong>wysokiej jako\u015bci produkt\u00f3w vapingowych w bezkonkurencyjnych cenach<\/strong>\u2014a Aivono Aim Boom 25000 nie jest wyj\u0105tkiem! Oto dlaczego warto kupi\u0107 u nas:<\/p>\n<p><strong>Najlepsze Ceny Hurtowe<\/strong>\u00a0\u2013 Oferujemy\u00a0<strong>konkurencyjne ceny hurtowe<\/strong><span style=\"font-size: 16px;\">, co czyni nas najlepszym wyborem dla sprzedawc\u00f3w i sklep\u00f3w z e-papierosami.<\/span><\/p>\n<p><strong>Szybka<\/strong>\u00a0\u2013 Zrealizuj swoje zam\u00f3wienie\u00a0<strong>szybko i bezpiecznie<\/strong>, z opcjami wysy\u0142ki na ca\u0142y \u015bwiat.<br \/>\n<strong>100% autentyczne produkty<\/strong>\u00a0\u2013 \u017badnych podr\u00f3bek \u2014 tylko\u00a0<strong>oryginalne jednoraz\u00f3wki WASPE Triple<\/strong>\u00a0o zweryfikowanej jako\u015bci.<br \/>\n<strong>Doskona\u0142a obs\u0142uga klienta<\/strong>\u00a0\u2013 Masz pytania? Nasi\u00a0<strong>eksperci od vape<\/strong> s\u0105 gotowi pom\u00f3c Ci 24\/7.<\/p>\n<p data-start=\"559\" data-end=\"933\" data-is-last-node=\"\" data-is-only-node=\"\">Mamy te\u017c inne popularne vape z ekranem, takie jak <a href=\"https:\/\/vapestornado.com\/pl\/product\/vapme-goat-40000-puff-40k-hookah-shisha-pen-price-wholesale-e-cigarette\/\">Vapme Goat 40000 Shisha<\/a>, <a href=\"https:\/\/vapestornado.com\/pl\/product\/2025-new-vopk-ultra-40000-puffs-double-flavor-disposable-vape-factory-suppliers\/\">VOPK 40000 2 w 1 Jednorazowy Vape<\/a>, <a href=\"https:\/\/vapestornado.com\/pl\/product\/bang-beach-22000-20k-puff-disposable-vape-pen-with-screen-reddit-hot\/\">Bang Beach 22000<\/a>, i wiele innych.<\/p>\n<\/div>\n<div class=\"relative p-1 rounded-sm flex items-center justify-center bg-token-main-surface-primary text-token-text-primary h-8 w-8\">\n<h2>FAQ<\/h2>\n<p class=\"\" data-start=\"1950\" data-end=\"2133\"><strong data-start=\"1950\" data-end=\"2008\">1. Jak d\u0142ugo wytrzymuje Aivono Aim Boom 25000 Puffs?<\/strong><br data-start=\"2008\" data-end=\"2011\" \/>Z pojemno\u015bci\u0105 25000 zaci\u0105gni\u0119\u0107, urz\u0105dzenie jest zaprojektowane, aby dzia\u0142a\u0107 przez d\u0142u\u017cszy czas, w zale\u017cno\u015bci od indywidualnych nawyk\u00f3w u\u017cytkowania.<\/p>\n<p class=\"\" data-start=\"2135\" data-end=\"2277\"><strong data-start=\"2135\" data-end=\"2166\">2. Czy mog\u0119 na\u0142adowa\u0107 waporyzator?<\/strong><br data-start=\"2166\" data-end=\"2169\" \/>Tak, urz\u0105dzenie posiada akumulator o pojemno\u015bci 650 mAh z \u0142adowaniem typu C, co umo\u017cliwia szybkie i \u0142atwe \u0142adowanie.<\/p>\n<p class=\"\" data-start=\"2279\" data-end=\"2455\"><strong data-start=\"2279\" data-end=\"2333\">3. Jak sprawdzi\u0107 poziom na\u0142adowania baterii i p\u0142ynu e-liquid?<\/strong><br data-start=\"2333\" data-end=\"2336\" \/>Inteligentny ekran wy\u015bwietlacza dostarcza aktualne informacje o stanie baterii i poziomach e-liquidu, co zapewnia bezproblemowe u\u017cytkowanie.<\/p>\n<p class=\"\" data-start=\"2457\" data-end=\"2622\"><strong data-start=\"2457\" data-end=\"2513\">4. Co sprawia, \u017ce technologia z podw\u00f3jn\u0105 siatk\u0105 jest wyj\u0105tkowa?<\/strong><br data-start=\"2513\" data-end=\"2516\" \/>Podw\u00f3jna siatka grzewcza zwi\u0119ksza produkcj\u0119 pary, zapewniaj\u0105c g\u0142adkie i sp\u00f3jne zaci\u0105gni\u0119cia o bogatym smaku.<\/p>\n<\/div>\n<\/div>\n<\/div>\n<\/div>","protected":false},"excerpt":{"rendered":"<p class=\"LC20lb MBeuO DKV0Md\">Cyfrowy ekran <strong data-start=\"1060\" data-end=\"1092\">Aivono Aim Boom 25K Pod do e-papieros\u00f3w<\/strong> oferuje 25 000 zaci\u0105gni\u0119\u0107, podw\u00f3jne cewki siatkowe i inteligentny wy\u015bwietlacz. Najlepszy wyb\u00f3r dla <strong data-start=\"1167\" data-end=\"1197\">hurtowych zam\u00f3wie\u0144 e-papieros\u00f3w<\/strong>.<\/p>\n<p><strong>Dodaj Amy na WhatsApp, aby uzyska\u0107 w\u0142a\u015bciw\u0105 odpowied\u017a i cen\u0119 z rabatem!<\/strong><\/p>\n<p><img fetchpriority=\"high\" decoding=\"async\" class=\"size-full wp-image-2932\" src=\"https:\/\/vapestornado.com\/wp-content\/uploads\/2024\/12\/Vape-Wholesale.jpg\" alt=\"Hurtowa sprzeda\u017c e-papieros\u00f3w\" width=\"229\" height=\"300\" \/><\/p>\n<h3><a href=\"https:\/\/wa.me\/8617776015835\"><span style=\"color: #ff0000;\"><strong>WhatsApp: +86 17776015835<\/strong><\/span><\/a><\/h3>\n<p>&nbsp;<\/p>","protected":false},"featured_media":4030,"comment_status":"open","ping_status":"closed","template":"","meta":{"_acf_changed":false,"_uag_custom_page_level_css":"","_lmt_disableupdate":"no","_lmt_disable":"","_monsterinsights_skip_tracking":false,"_monsterinsights_sitenote_active":false,"_monsterinsights_sitenote_note":"","_monsterinsights_sitenote_category":0,"site-sidebar-layout":"default","site-content-layout":"","ast-site-content-layout":"default","site-content-style":"default","site-sidebar-style":"default","ast-global-header-display":"","ast-banner-title-visibility":"","ast-main-header-display":"","ast-hfb-above-header-display":"","ast-hfb-below-header-display":"","ast-hfb-mobile-header-display":"","site-post-title":"","ast-breadcrumbs-content":"","ast-featured-img":"","footer-sml-layout":"","ast-disable-related-posts":"","theme-transparent-header-meta":"default","adv-header-id-meta":"","stick-header-meta":"","header-above-stick-meta":"","header-main-stick-meta":"","header-below-stick-meta":"","astra-migrate-meta-layouts":"set","ast-page-background-enabled":"default","ast-page-background-meta":{"desktop":{"background-color":"","background-image":"","background-repeat":"repeat","background-position":"center center","background-size":"auto","background-attachment":"scroll","background-type":"","background-media":"","overlay-type":"","overlay-color":"","overlay-opacity":"","overlay-gradient":""},"tablet":{"background-color":"","background-image":"","background-repeat":"repeat","background-position":"center center","background-size":"auto","background-attachment":"scroll","background-type":"","background-media":"","overlay-type":"","overlay-color":"","overlay-opacity":"","overlay-gradient":""},"mobile":{"background-color":"","background-image":"","background-repeat":"repeat","background-position":"center center","background-size":"auto","background-attachment":"scroll","background-type":"","background-media":"","overlay-type":"","overlay-color":"","overlay-opacity":"","overlay-gradient":""}},"ast-content-background-meta":{"desktop":{"background-color":"var(--ast-global-color-5)","background-image":"","background-repeat":"repeat","background-position":"center center","background-size":"auto","background-attachment":"scroll","background-type":"","background-media":"","overlay-type":"","overlay-color":"","overlay-opacity":"","overlay-gradient":""},"tablet":{"background-color":"var(--ast-global-color-5)","background-image":"","background-repeat":"repeat","background-position":"center center","background-size":"auto","background-attachment":"scroll","background-type":"","background-media":"","overlay-type":"","overlay-color":"","overlay-opacity":"","overlay-gradient":""},"mobile":{"background-color":"var(--ast-global-color-5)","background-image":"","background-repeat":"repeat","background-position":"center center","background-size":"auto","background-attachment":"scroll","background-type":"","background-media":"","overlay-type":"","overlay-color":"","overlay-opacity":"","overlay-gradient":""}},"_joinchat":{"telephone":"17776015835"}},"product_brand":[],"product_cat":[68,176,156,158,142],"product_tag":[307,105,211,94,302],"class_list":{"0":"post-4046","1":"product","2":"type-product","3":"status-publish","4":"has-post-thumbnail","6":"product_cat-25000-puff","7":"product_cat-aivono-vape","8":"product_cat-buy-disposable-vapes-in-poland","9":"product_cat-buy-disposable-vapes-in-spain","10":"product_cat-digital-box-disposable-vapes","11":"product_tag-aivono-aim-boom-25000","12":"product_tag-digital-disposable-vape","13":"product_tag-puff-25k","14":"product_tag-rechargeable-disposable-vape","15":"product_tag-vape-box-mod","16":"desktop-align-left","17":"tablet-align-left","18":"mobile-align-left","20":"first","21":"instock","22":"sale","23":"shipping-taxable","24":"purchasable","25":"product-type-simple"},"acf":[],"uagb_featured_image_src":{"full":["https:\/\/vapestornado.com\/wp-content\/uploads\/2025\/03\/Aivono-Aim-Boom-25000-Best-Disposable-Vape-Wholesale.jpg",1080,1080,false],"thumbnail":["https:\/\/vapestornado.com\/wp-content\/uploads\/2025\/03\/Aivono-Aim-Boom-25000-Best-Disposable-Vape-Wholesale-150x150.jpg",150,150,true],"medium":["https:\/\/vapestornado.com\/wp-content\/uploads\/2025\/03\/Aivono-Aim-Boom-25000-Best-Disposable-Vape-Wholesale-300x300.jpg",300,300,true],"medium_large":["https:\/\/vapestornado.com\/wp-content\/uploads\/2025\/03\/Aivono-Aim-Boom-25000-Best-Disposable-Vape-Wholesale-768x768.jpg",768,768,true],"large":["https:\/\/vapestornado.com\/wp-content\/uploads\/2025\/03\/Aivono-Aim-Boom-25000-Best-Disposable-Vape-Wholesale-1024x1024.jpg",1024,1024,true],"1536x1536":["https:\/\/vapestornado.com\/wp-content\/uploads\/2025\/03\/Aivono-Aim-Boom-25000-Best-Disposable-Vape-Wholesale.jpg",1080,1080,false],"2048x2048":["https:\/\/vapestornado.com\/wp-content\/uploads\/2025\/03\/Aivono-Aim-Boom-25000-Best-Disposable-Vape-Wholesale.jpg",1080,1080,false],"trp-custom-language-flag":["https:\/\/vapestornado.com\/wp-content\/uploads\/2025\/03\/Aivono-Aim-Boom-25000-Best-Disposable-Vape-Wholesale.jpg",12,12,false],"woocommerce_thumbnail":["https:\/\/vapestornado.com\/wp-content\/uploads\/2025\/03\/Aivono-Aim-Boom-25000-Best-Disposable-Vape-Wholesale-300x300.jpg",300,300,true],"woocommerce_single":["https:\/\/vapestornado.com\/wp-content\/uploads\/2025\/03\/Aivono-Aim-Boom-25000-Best-Disposable-Vape-Wholesale-600x600.jpg",600,600,true],"woocommerce_gallery_thumbnail":["https:\/\/vapestornado.com\/wp-content\/uploads\/2025\/03\/Aivono-Aim-Boom-25000-Best-Disposable-Vape-Wholesale-100x100.jpg",100,100,true]},"uagb_author_info":{"display_name":"ESAMY","author_link":"https:\/\/vapestornado.com\/pl\/author\/"},"uagb_comment_info":0,"uagb_excerpt":"The Aivono Aim Boom 25K Vape Pod offers 25,000 puffs, dual mesh coils, and a smart display. A top pick for wholesale bulk vape orders. Add Amy's whatsapp to get right reply and discount price! WhatsApp: +86 17776015835 &nbsp;","_links":{"self":[{"href":"https:\/\/vapestornado.com\/pl\/wp-json\/wp\/v2\/product\/4046","targetHints":{"allow":["GET"]}}],"collection":[{"href":"https:\/\/vapestornado.com\/pl\/wp-json\/wp\/v2\/product"}],"about":[{"href":"https:\/\/vapestornado.com\/pl\/wp-json\/wp\/v2\/types\/product"}],"replies":[{"embeddable":true,"href":"https:\/\/vapestornado.com\/pl\/wp-json\/wp\/v2\/comments?post=4046"}],"wp:featuredmedia":[{"embeddable":true,"href":"https:\/\/vapestornado.com\/pl\/wp-json\/wp\/v2\/media\/4030"}],"wp:attachment":[{"href":"https:\/\/vapestornado.com\/pl\/wp-json\/wp\/v2\/media?parent=4046"}],"wp:term":[{"taxonomy":"product_brand","embeddable":true,"href":"https:\/\/vapestornado.com\/pl\/wp-json\/wp\/v2\/product_brand?post=4046"},{"taxonomy":"product_cat","embeddable":true,"href":"https:\/\/vapestornado.com\/pl\/wp-json\/wp\/v2\/product_cat?post=4046"},{"taxonomy":"product_tag","embeddable":true,"href":"https:\/\/vapestornado.com\/pl\/wp-json\/wp\/v2\/product_tag?post=4046"}],"curies":[{"name":"wp","href":"https:\/\/api.w.org\/{rel}","templated":true}]}}