{"id":4044,"date":"2025-03-30T09:23:45","date_gmt":"2025-03-30T09:23:45","guid":{"rendered":"https:\/\/vapestornado.com\/?post_type=product&#038;p=4044"},"modified":"2025-08-23T11:57:41","modified_gmt":"2025-08-23T11:57:41","slug":"bang-king-30000-pro-puff-30k-disposable-device-wholesale-price","status":"publish","type":"product","link":"https:\/\/vapestornado.com\/pl\/product\/bang-king-30000-pro-puff-30k-disposable-device-wholesale-price\/","title":{"rendered":"Bang King 30000 Pro Puff 30k Jednorazowe Urz\u0105dzenie Cena Hurtowa"},"content":{"rendered":"<h1 data-pm-slice=\"1 1 []\">Bang King 30000 Pro Puff 30k Jednorazowe Urz\u0105dzenie Cena Hurtowa<\/h1>\n<p>Cyfrowy ekran <strong data-start=\"383\" data-end=\"427\">Bang King 30000 Pro Puff Jednorazowy Vape<\/strong> jest przeznaczony dla hurtownik\u00f3w i sprzedawc\u00f3w detalicznych, kt\u00f3rzy chc\u0105 zaopatrzy\u0107 si\u0119 w urz\u0105dzenie premium o d\u0142ugiej \u017cywotno\u015bci. Oferuj\u0105c do <strong data-start=\"537\" data-end=\"553\">30 000 zaci\u0105gni\u0119\u0107<\/strong>, ten jednorazowy waporyzator zapewnia wyd\u0142u\u017cone sesje z niezmienn\u0105 jako\u015bci\u0105 smaku. Jego <strong data-start=\"634\" data-end=\"671\">36 ml wst\u0119pnie nape\u0142nionej pojemno\u015bci e-liquidu<\/strong> i <strong data-start=\"676\" data-end=\"694\">1.0\u03a9 siatkowa grza\u0142ka<\/strong> zapewnia g\u0142adk\u0105 par\u0119 i bogaty smak od pierwszego do ostatniego wdechu.<\/p>\n<p>Zasilany przez <strong data-start=\"787\" data-end=\"818\">akumulator 850mAh<\/strong> z <strong data-start=\"824\" data-end=\"848\">Szybkie \u0142adowanie typu C<\/strong>, Bang King 30K Pro Puff gwarantuje nieprzerwane u\u017cytkowanie. Opcje mocy nikotyny <strong data-start=\"936\" data-end=\"958\">0%, 2%, 3% i 5%<\/strong> sprawiaj\u0105, \u017ce nadaje si\u0119 dla szerokiego grona klient\u00f3w, a <strong data-start=\"1013\" data-end=\"1044\">12 profesjonalnie zmieszanych smak\u00f3w<\/strong> zapewnia wszechstronno\u015b\u0107 dla ka\u017cdego gustu.<\/p>\n<p>Dla nabywc\u00f3w hurtowych urz\u0105dzenie to jest mocnym graczem na <strong data-start=\"1159\" data-end=\"1195\">polskim hurtowym rynku jednorazowych waporyzator\u00f3w<\/strong>, \u0142\u0105cz\u0105c trwa\u0142o\u015b\u0107, doskona\u0142y smak i konkurencyjne ceny. Niezawodny wyb\u00f3r dla sklep\u00f3w poszukuj\u0105cych e-papieros\u00f3w o du\u017cej pojemno\u015bci i du\u017cym popycie.<\/p>\n<h2><strong>Najwa\u017cniejsze cechy produktu:<\/strong><\/h2>\n<p>\u2714\u00a0<strong>30 000 Zaci\u0105gni\u0119\u0107<\/strong>\u00a0\u2013 Ultratrwa\u0142a wydajno\u015b\u0107 dla d\u0142u\u017cszego u\u017cytkowania.<br \/>\n\u2714\u00a0<strong>36 ml Pojemno\u015bci E-Liquidu<\/strong>\u00a0\u2013 Nie wymaga uzupe\u0142niania, tylko czysta przyjemno\u015b\u0107 z wapowania.<br \/>\n\u2714\u00a0<strong>System Pojedynczego Smaku<\/strong>\u00a0\u2013 Profesjonalnie opracowane smaki, kt\u00f3re pozostaj\u0105 bogate i sp\u00f3jne przez ca\u0142y czas u\u017cytkowania.<br \/>\n\u2714\u00a0<strong>Port Type-C z Mo\u017cliwo\u015bci\u0105 \u0141adowania<\/strong>\u00a0\u2013 Wyposa\u017cony w\u00a0<strong>Bateria 850mAh<\/strong>\u00a0dla nieprzerwanych sesji.<br \/>\n\u2714\u00a0<strong>Grza\u0142ka Mesh 1.0\u03a9<\/strong>\u00a0\u2013 Wzmacnia dostarczanie smaku, zapewniaj\u0105c p\u0142ynniejsze i bardziej intensywne doznania.<br \/>\n\u2714\u00a0<strong>Wiele st\u0119\u017ce\u0144 nikotyny (0%\/2%\/3%\/5%)<\/strong>\u00a0\u2013 Odpowiednie dla wszystkich preferencji.<br \/>\n\u2714\u00a0<strong>Dost\u0119pnych 12 pysznych smak\u00f3w<\/strong>\u00a0\u2013 R\u00f3\u017cnorodno\u015b\u0107 opcji, aby zadowoli\u0107 ka\u017cde podniebienie.<\/p>\n<p>Idealny dla\u00a0<strong>hurtowych nabywc\u00f3w i detalist\u00f3w<\/strong>,\u00a0<strong>Bang King 30K Pro Puff<\/strong>\u00a0to najwy\u017cszej klasy jednorazowy waporyzator, kt\u00f3ry gwarantuje satysfakcj\u0119 klienta dzi\u0119ki swojej\u00a0<strong>wysokiej liczbie zaci\u0105gni\u0119\u0107, doskona\u0142ej konsystencji smaku i wygodzie<\/strong>.<\/p>\n<p data-start=\"666\" data-end=\"1235\"><strong style=\"font-size: 16px;\"><span style=\"color: #ff0000;\">Dodaj Amy na WhatsApp, aby uzyska\u0107 szybk\u0105 odpowied\u017a i cen\u0119 ze zni\u017ck\u0105!<\/span><\/strong><\/p>\n<p><img fetchpriority=\"high\" decoding=\"async\" class=\"size-full wp-image-2932\" src=\"https:\/\/vapestornado.com\/wp-content\/uploads\/2024\/12\/Vape-Wholesale.jpg\" alt=\"Hurtowa sprzeda\u017c e-papieros\u00f3w\" width=\"229\" height=\"300\" \/><\/p>\n<h3><a href=\"https:\/\/wa.me\/8617776015835\" target=\"_blank\" rel=\"noopener\"><span style=\"color: #ff0000;\"><strong>WhatsApp: +86 17776015835<\/strong><\/span><\/a><\/h3>\n<p>&nbsp;<\/p>\n<h2><strong>Bang King 30000 Pro Kluczowe cechy produktu<\/strong><\/h2>\n<p>Marka: Bang King<br \/>\nNikotyna: 0%\/2%\/3%\/5%<br \/>\nZaci\u0105gni\u0119cia: 30000 zaci\u0105gni\u0119\u0107<br \/>\nBateria: 850 mah<br \/>\nPojemno\u015b\u0107: 36 ml<br \/>\nOporno\u015b\u0107: Grza\u0142ka Mesh 1.0 \u03a9<br \/>\nMo\u017cliwo\u015b\u0107 \u0142adowania: type-C<br \/>\nUrz\u0105dzenie jednorazowe<br \/>\nDost\u0119pnych 12 smak\u00f3w<\/p>\n<p>&nbsp;<\/p>\n<figure id=\"attachment_4033\" aria-describedby=\"caption-attachment-4033\" style=\"width: 800px\" class=\"wp-caption alignnone\"><img decoding=\"async\" class=\"wp-image-4033 size-full\" src=\"https:\/\/vapestornado.com\/wp-content\/uploads\/2025\/03\/Bang-King-30K-30000-PRO-Puffs-Disposable-Vape-Pen.webp\" alt=\"Bang King 30K 30000 PRO Puffs Jednorazowy Vape Pen\" width=\"800\" height=\"800\" srcset=\"https:\/\/vapestornado.com\/wp-content\/uploads\/2025\/03\/Bang-King-30K-30000-PRO-Puffs-Disposable-Vape-Pen.webp 800w, https:\/\/vapestornado.com\/wp-content\/uploads\/2025\/03\/Bang-King-30K-30000-PRO-Puffs-Disposable-Vape-Pen-300x300.webp 300w, https:\/\/vapestornado.com\/wp-content\/uploads\/2025\/03\/Bang-King-30K-30000-PRO-Puffs-Disposable-Vape-Pen-150x150.webp 150w, https:\/\/vapestornado.com\/wp-content\/uploads\/2025\/03\/Bang-King-30K-30000-PRO-Puffs-Disposable-Vape-Pen-768x768.webp 768w, https:\/\/vapestornado.com\/wp-content\/uploads\/2025\/03\/Bang-King-30K-30000-PRO-Puffs-Disposable-Vape-Pen-600x600.webp 600w, https:\/\/vapestornado.com\/wp-content\/uploads\/2025\/03\/Bang-King-30K-30000-PRO-Puffs-Disposable-Vape-Pen-100x100.webp 100w\" sizes=\"(max-width: 800px) 100vw, 800px\" \/><figcaption id=\"caption-attachment-4033\" class=\"wp-caption-text\">Bang King 30K 30000 PRO Puffs Jednorazowy Vape Pen<\/figcaption><\/figure>\n<h2 class=\"product-title\"><strong>Lista smak\u00f3w jednorazowych pod\u00f3w Bang King 30000 Puffs<\/strong><\/h2>\n<article class=\"w-full text-token-text-primary focus-visible:outline-2 focus-visible:outline-offset-[-4px]\" dir=\"auto\" data-testid=\"conversation-turn-32\" data-scroll-anchor=\"false\">\n<div class=\"m-auto text-base py-[18px] px-6\">\n<div class=\"mx-auto flex flex-1 text-base gap-4 md:gap-5 lg:gap-6 md:max-w-3xl lg:max-w-[40rem] xl:max-w-[48rem]\">\n<div class=\"group\/conversation-turn relative flex w-full min-w-0 flex-col @xs\/thread:px-0 @sm\/thread:px-1.5 @md\/thread:px-4\">\n<div class=\"flex-col gap-1 md:gap-3\">\n<div class=\"flex max-w-full flex-col flex-grow\">\n<div class=\"min-h-8 text-message flex w-full flex-col items-end gap-2 whitespace-normal break-words text-start [.text-message+&amp;]:mt-5\" dir=\"auto\" data-message-author-role=\"user\" data-message-id=\"ffac41ca-1db4-431b-873a-32c4052956f1\">\n<div class=\"flex w-full flex-col gap-1 empty:hidden items-end rtl:items-start\">\n<div class=\"relative max-w-[var(--user-chat-width,70%)] rounded-3xl bg-token-message-surface px-5 py-2.5\">\n<div class=\"absolute bottom-0 right-full top-0 -mr-3.5 hidden pr-5 pt-2 [.group\/conversation-turn:hover_&amp;]:flex\">\n<div class=\"flex\">\n<article class=\"w-full text-token-text-primary focus-visible:outline-2 focus-visible:outline-offset-[-4px]\" dir=\"auto\" data-testid=\"conversation-turn-39\" data-scroll-anchor=\"true\">\n<div class=\"m-auto text-base py-[18px] px-6\">\n<div class=\"mx-auto flex flex-1 text-base gap-4 md:gap-5 lg:gap-6 md:max-w-3xl lg:max-w-[40rem] xl:max-w-[48rem]\">\n<div class=\"group\/conversation-turn relative flex w-full min-w-0 flex-col agent-turn @xs\/thread:px-0 @sm\/thread:px-1.5 @md\/thread:px-4\">\n<div class=\"flex-col gap-1 md:gap-3\">\n<div class=\"flex max-w-full flex-col flex-grow\">\n<div class=\"min-h-8 text-message flex w-full flex-col items-end gap-2 whitespace-normal break-words text-start [.text-message+&amp;]:mt-5\" dir=\"auto\" data-message-author-role=\"assistant\" data-message-id=\"55a23854-ec57-48dd-bd4f-6118f43d6241\" data-message-model-slug=\"gpt-4o\">\n<div class=\"flex w-full flex-col gap-1 empty:hidden first:pt-[3px]\">\n<div class=\"markdown prose w-full break-words dark:prose-invert light\">\n<p>1. Truskawka Arbuz<br \/>\n2. Jagodowy L\u00f3d<br \/>\n3. \u015awie\u017ca Mi\u0119ta<br \/>\n4. Truskawkowe Winogrono<br \/>\n5. Jagoda \u017burawina Wi\u015bnia<br \/>\n6. Arbuz<br \/>\n7. Truskawka Kiwi<br \/>\n8. Mi\u0119ta Blue Razz<br \/>\n9. Potr\u00f3jna Jagoda<br \/>\n10. Arbuz Wi\u015bnia<br \/>\n11. Malina Dark Sparkle<br \/>\n12. Jagoda Malina<\/p>\n<\/div>\n<\/div>\n<\/div>\n<\/div>\n<\/div>\n<\/div>\n<\/div>\n<\/div>\n<\/article>\n<\/div>\n<\/div>\n<\/div>\n<\/div>\n<\/div>\n<\/div>\n<\/div>\n<\/div>\n<\/div>\n<\/div>\n<\/article>\n<h2>Dlaczego warto wybra\u0107 Vapestornado do zakupu Bang King 30000 Pro?<\/h2>\n<div class=\"flex-shrink-0 flex flex-col relative items-end\">\n<div class=\"pt-0\">\n<div class=\"gizmo-bot-avatar flex h-8 w-8 items-center justify-center overflow-hidden rounded-full\">\n<div class=\"relative p-1 rounded-sm flex items-center justify-center bg-token-main-surface-primary text-token-text-primary h-8 w-8\">\n<p>At\u00a0<strong>VapeTornado<\/strong>, szczycimy si\u0119 dostarczaniem\u00a0<strong>wysokiej jako\u015bci produkt\u00f3w vapingowych w bezkonkurencyjnych cenach<\/strong>\u2014a Bang King 30000 Pro nie jest wyj\u0105tkiem! Oto dlaczego powiniene\u015b kupi\u0107 u nas:<\/p>\n<p><strong>Najlepsze Ceny Hurtowe<\/strong>\u00a0\u2013 Oferujemy\u00a0<strong>konkurencyjne ceny hurtowe<\/strong><span style=\"font-size: 16px;\">, co czyni nas najlepszym wyborem dla sprzedawc\u00f3w i sklep\u00f3w z e-papierosami.<\/span><\/p>\n<p><strong>Szybka<\/strong>\u00a0\u2013 Zrealizuj swoje zam\u00f3wienie\u00a0<strong>szybko i bezpiecznie<\/strong>, z opcjami wysy\u0142ki na ca\u0142y \u015bwiat.<br \/>\n<strong>100% autentyczne produkty<\/strong>\u00a0\u2013 \u017badnych podr\u00f3bek \u2014 tylko\u00a0<strong>oryginalne jednoraz\u00f3wki WASPE Triple<\/strong>\u00a0o zweryfikowanej jako\u015bci.<br \/>\n<strong>Doskona\u0142a obs\u0142uga klienta<\/strong>\u00a0\u2013 Masz pytania? Nasi\u00a0<strong>eksperci od vape<\/strong> s\u0105 gotowi pom\u00f3c Ci 24\/7.<\/p>\n<p data-start=\"559\" data-end=\"933\" data-is-last-node=\"\" data-is-only-node=\"\">Mamy te\u017c inne popularne vape z ekranem, takie jak <a href=\"https:\/\/vapestornado.com\/pl\/product\/mesii-couple-50k-disposable-shisha-hookah-50000-puffs-vape-with-digital-display\/\">Para Mesii 50000<\/a>, <a href=\"https:\/\/vapestornado.com\/pl\/product\/vopk-cool-9000-puffs-disposable-vapes-bar-puff-9k\/\">VOPK 9000 Puff Jednorazowy Vape<\/a>, <a href=\"https:\/\/vapestornado.com\/pl\/product\/bang-beach-22000-20k-puff-disposable-vape-pen-with-screen-reddit-hot\/\">Bang Beach 22000<\/a>, i wiele innych.<\/p>\n<\/div>\n<div class=\"relative p-1 rounded-sm flex items-center justify-center bg-token-main-surface-primary text-token-text-primary h-8 w-8\">\n<h2>FAQ dla Bang King 30000<\/h2>\n<h3><strong>1. Jak d\u0142ugo dzia\u0142a Bang King 30K Pro Puff?<\/strong><\/h3>\n<p>Dzi\u0119ki\u00a0<strong>30 000 zaci\u0105gni\u0119\u0107<\/strong>, to urz\u0105dzenie mo\u017ce dzia\u0142a\u0107 znacznie d\u0142u\u017cej ni\u017c standardowe jednoraz\u00f3wki, w zale\u017cno\u015bci od cz\u0119stotliwo\u015bci u\u017cytkowania. Dla umiarkowanych waper\u00f3w mo\u017ce wystarczy\u0107 na tygodnie, a nawet miesi\u0105ce.<\/p>\n<h3><strong>2. Czy Bang King 30K jest \u0142adowalny?<\/strong><\/h3>\n<p>Tak! Posiada on\u00a0<strong>Port \u0142adowania typu C<\/strong>, co pozwala zmaksymalizowa\u0107\u00a0<strong>36 ml pojemno\u015bci e-liquidu<\/strong>\u00a0bez przerywania do\u015bwiadczenia przez wyczerpanie baterii.<\/p>\n<h3><strong>3. Jakie moce nikotyny s\u0105 dost\u0119pne?<\/strong><\/h3>\n<p>Cyfrowy ekran\u00a0<strong>Bang King 30K Pro Puff<\/strong>\u00a0wyst\u0119puje w\u00a0<strong>0% (beznikotynowy), 2%, 3% i 5% nikotyny<\/strong>\u00a0opcje, zaspokajaj\u0105ce zar\u00f3wno okazjonalnych, jak i na\u0142ogowych u\u017cytkownik\u00f3w.<\/p>\n<h3><strong>4. Czy smak pozostaje niezmienny podczas u\u017cytkowania?<\/strong><\/h3>\n<p>Absolutnie! Dzi\u0119ki swojemu\u00a0<strong>systemowi pojedynczego smaku i grza\u0142ce siatkowej 1.0\u03a9<\/strong>, smak pozostaje bogaty i jednolity od pierwszego do ostatniego zaci\u0105gni\u0119cia.<\/p>\n<\/div>\n<\/div>\n<\/div>\n<\/div>","protected":false},"excerpt":{"rendered":"<p class=\"LC20lb MBeuO DKV0Md\">Cyfrowy ekran <strong data-start=\"1343\" data-end=\"1374\">Bang King 30K Pro Puff Vape<\/strong> oferuje 30 000 zaci\u0105gni\u0119\u0107, 36 ml e-liquidu i wygod\u0119 \u0142adowania. Niezawodny, aromatyczny jednorazowy waporyzator w hurtowych cenach.<\/p>\n<p><strong>Dodaj Amy na WhatsApp, aby uzyska\u0107 w\u0142a\u015bciw\u0105 odpowied\u017a i cen\u0119 z rabatem!<\/strong><\/p>\n<p><img fetchpriority=\"high\" decoding=\"async\" class=\"size-full wp-image-2932\" src=\"https:\/\/vapestornado.com\/wp-content\/uploads\/2024\/12\/Vape-Wholesale.jpg\" alt=\"Hurtowa sprzeda\u017c e-papieros\u00f3w\" width=\"229\" height=\"300\" \/><\/p>\n<h3><a href=\"https:\/\/wa.me\/8617776015835\"><span style=\"color: #ff0000;\"><strong>WhatsApp: +86 17776015835<\/strong><\/span><\/a><\/h3>\n<p>&nbsp;<\/p>","protected":false},"featured_media":4037,"comment_status":"open","ping_status":"closed","template":"","meta":{"_acf_changed":false,"_uag_custom_page_level_css":"","_lmt_disableupdate":"no","_lmt_disable":"","_monsterinsights_skip_tracking":false,"_monsterinsights_sitenote_active":false,"_monsterinsights_sitenote_note":"","_monsterinsights_sitenote_category":0,"site-sidebar-layout":"default","site-content-layout":"","ast-site-content-layout":"default","site-content-style":"default","site-sidebar-style":"default","ast-global-header-display":"","ast-banner-title-visibility":"","ast-main-header-display":"","ast-hfb-above-header-display":"","ast-hfb-below-header-display":"","ast-hfb-mobile-header-display":"","site-post-title":"","ast-breadcrumbs-content":"","ast-featured-img":"","footer-sml-layout":"","ast-disable-related-posts":"","theme-transparent-header-meta":"default","adv-header-id-meta":"","stick-header-meta":"","header-above-stick-meta":"","header-main-stick-meta":"","header-below-stick-meta":"","astra-migrate-meta-layouts":"set","ast-page-background-enabled":"default","ast-page-background-meta":{"desktop":{"background-color":"","background-image":"","background-repeat":"repeat","background-position":"center center","background-size":"auto","background-attachment":"scroll","background-type":"","background-media":"","overlay-type":"","overlay-color":"","overlay-opacity":"","overlay-gradient":""},"tablet":{"background-color":"","background-image":"","background-repeat":"repeat","background-position":"center center","background-size":"auto","background-attachment":"scroll","background-type":"","background-media":"","overlay-type":"","overlay-color":"","overlay-opacity":"","overlay-gradient":""},"mobile":{"background-color":"","background-image":"","background-repeat":"repeat","background-position":"center center","background-size":"auto","background-attachment":"scroll","background-type":"","background-media":"","overlay-type":"","overlay-color":"","overlay-opacity":"","overlay-gradient":""}},"ast-content-background-meta":{"desktop":{"background-color":"var(--ast-global-color-5)","background-image":"","background-repeat":"repeat","background-position":"center center","background-size":"auto","background-attachment":"scroll","background-type":"","background-media":"","overlay-type":"","overlay-color":"","overlay-opacity":"","overlay-gradient":""},"tablet":{"background-color":"var(--ast-global-color-5)","background-image":"","background-repeat":"repeat","background-position":"center center","background-size":"auto","background-attachment":"scroll","background-type":"","background-media":"","overlay-type":"","overlay-color":"","overlay-opacity":"","overlay-gradient":""},"mobile":{"background-color":"var(--ast-global-color-5)","background-image":"","background-repeat":"repeat","background-position":"center center","background-size":"auto","background-attachment":"scroll","background-type":"","background-media":"","overlay-type":"","overlay-color":"","overlay-opacity":"","overlay-gradient":""}},"_joinchat":{"telephone":"17776015835"}},"product_brand":[],"product_cat":[67,63,151,144,146],"product_tag":[305,306,105,94,302],"class_list":{"0":"post-4044","1":"product","2":"type-product","3":"status-publish","4":"has-post-thumbnail","6":"product_cat-30000-puff","7":"product_cat-bangking","8":"product_cat-buy-disposable-vapes-in-france","9":"product_cat-low-nicotine-disposable-vapes","10":"product_cat-rechargeable-disposable-vapes","11":"product_tag-bang-king","12":"product_tag-bang-king-30000","13":"product_tag-digital-disposable-vape","14":"product_tag-rechargeable-disposable-vape","15":"product_tag-vape-box-mod","16":"desktop-align-left","17":"tablet-align-left","18":"mobile-align-left","20":"first","21":"instock","22":"sale","23":"shipping-taxable","24":"purchasable","25":"product-type-simple"},"acf":[],"uagb_featured_image_src":{"full":["https:\/\/vapestornado.com\/wp-content\/uploads\/2025\/03\/Bang-King-30000-Puffs-Disposable-Vape-Best-Price.webp",800,800,false],"thumbnail":["https:\/\/vapestornado.com\/wp-content\/uploads\/2025\/03\/Bang-King-30000-Puffs-Disposable-Vape-Best-Price-150x150.webp",150,150,true],"medium":["https:\/\/vapestornado.com\/wp-content\/uploads\/2025\/03\/Bang-King-30000-Puffs-Disposable-Vape-Best-Price-300x300.webp",300,300,true],"medium_large":["https:\/\/vapestornado.com\/wp-content\/uploads\/2025\/03\/Bang-King-30000-Puffs-Disposable-Vape-Best-Price-768x768.webp",768,768,true],"large":["https:\/\/vapestornado.com\/wp-content\/uploads\/2025\/03\/Bang-King-30000-Puffs-Disposable-Vape-Best-Price.webp",800,800,false],"1536x1536":["https:\/\/vapestornado.com\/wp-content\/uploads\/2025\/03\/Bang-King-30000-Puffs-Disposable-Vape-Best-Price.webp",800,800,false],"2048x2048":["https:\/\/vapestornado.com\/wp-content\/uploads\/2025\/03\/Bang-King-30000-Puffs-Disposable-Vape-Best-Price.webp",800,800,false],"trp-custom-language-flag":["https:\/\/vapestornado.com\/wp-content\/uploads\/2025\/03\/Bang-King-30000-Puffs-Disposable-Vape-Best-Price.webp",12,12,false],"woocommerce_thumbnail":["https:\/\/vapestornado.com\/wp-content\/uploads\/2025\/03\/Bang-King-30000-Puffs-Disposable-Vape-Best-Price-300x300.webp",300,300,true],"woocommerce_single":["https:\/\/vapestornado.com\/wp-content\/uploads\/2025\/03\/Bang-King-30000-Puffs-Disposable-Vape-Best-Price-600x600.webp",600,600,true],"woocommerce_gallery_thumbnail":["https:\/\/vapestornado.com\/wp-content\/uploads\/2025\/03\/Bang-King-30000-Puffs-Disposable-Vape-Best-Price-100x100.webp",100,100,true]},"uagb_author_info":{"display_name":"ESAMY","author_link":"https:\/\/vapestornado.com\/pl\/author\/"},"uagb_comment_info":0,"uagb_excerpt":"The Bang King 30K Pro Puff Vape offers 30,000 puffs, 36ml e-liquid, and rechargeable convenience. A reliable, flavorful disposable at wholesale bulk prices. Add Amy's whatsapp to get right reply and discount price! WhatsApp: +86 17776015835 &nbsp;","_links":{"self":[{"href":"https:\/\/vapestornado.com\/pl\/wp-json\/wp\/v2\/product\/4044","targetHints":{"allow":["GET"]}}],"collection":[{"href":"https:\/\/vapestornado.com\/pl\/wp-json\/wp\/v2\/product"}],"about":[{"href":"https:\/\/vapestornado.com\/pl\/wp-json\/wp\/v2\/types\/product"}],"replies":[{"embeddable":true,"href":"https:\/\/vapestornado.com\/pl\/wp-json\/wp\/v2\/comments?post=4044"}],"wp:featuredmedia":[{"embeddable":true,"href":"https:\/\/vapestornado.com\/pl\/wp-json\/wp\/v2\/media\/4037"}],"wp:attachment":[{"href":"https:\/\/vapestornado.com\/pl\/wp-json\/wp\/v2\/media?parent=4044"}],"wp:term":[{"taxonomy":"product_brand","embeddable":true,"href":"https:\/\/vapestornado.com\/pl\/wp-json\/wp\/v2\/product_brand?post=4044"},{"taxonomy":"product_cat","embeddable":true,"href":"https:\/\/vapestornado.com\/pl\/wp-json\/wp\/v2\/product_cat?post=4044"},{"taxonomy":"product_tag","embeddable":true,"href":"https:\/\/vapestornado.com\/pl\/wp-json\/wp\/v2\/product_tag?post=4044"}],"curies":[{"name":"wp","href":"https:\/\/api.w.org\/{rel}","templated":true}]}}