{"id":4013,"date":"2025-03-27T09:03:34","date_gmt":"2025-03-27T09:03:34","guid":{"rendered":"https:\/\/vapestornado.com\/?post_type=product&#038;p=4013"},"modified":"2025-12-16T09:46:56","modified_gmt":"2025-12-16T09:46:56","slug":"waspe-aiviou-3-in-1-60000-puffs-disposable-vape-kit-best-price","status":"publish","type":"product","link":"https:\/\/vapestornado.com\/pl\/product\/waspe-aiviou-3-in-1-60000-puffs-disposable-vape-kit-best-price\/","title":{"rendered":"Waspe Aiviou 3 w 1 60000 Puffs Jednorazowy Zestaw Vape Najlepsza Cena"},"content":{"rendered":"<h1 data-pm-slice=\"1 1 []\">Waspe 60000 Puffs Jednorazowy zestaw e-papieros\u00f3w z 3 smakami + 54ml e-liquid<\/h1>\n<p data-start=\"1232\" data-end=\"1466\">Cyfrowy ekran <strong data-start=\"99\" data-end=\"134\">Waspe Aiviou 3 w 1 60000 Puffs<\/strong> jest stworzony dla m\u0119\u017cczyzn, kt\u00f3rzy nie chc\u0105 nosi\u0107 dw\u00f3ch lub trzech urz\u0105dze\u0144, aby unikn\u0105\u0107 znudzenia smakiem. Otrzymujesz <strong data-start=\"236\" data-end=\"279\">trzy wst\u0119pnie nape\u0142nione wk\u0142ady 18ml (\u0142\u0105cznie 54ml)<\/strong> w jednym urz\u0105dzeniu, <strong data-start=\"295\" data-end=\"320\">potr\u00f3jny prze\u0142\u0105cznik smak\u00f3w<\/strong>, oraz w <strong data-start=\"326\" data-end=\"356\">wydajno\u015b\u0107 cewki mesh 0,9\u03a9<\/strong> kt\u00f3ra pozostaje g\u0142adka nawet przy intensywnym u\u017cytkowaniu. Dodaj do tego <strong data-start=\"410\" data-end=\"425\">wy\u015bwietlacz LED<\/strong> i <strong data-start=\"430\" data-end=\"468\">\u0142adowaln\u0105 bateri\u0119 650mAh z portem Type-C<\/strong>, i staje si\u0119 to urz\u0105dzeniem na d\u0142ugi czas, kt\u00f3re mo\u017cna codziennie obs\u0142ugiwa\u0107 \u2014 bez zgadywania, bez marnowania liquidu.<\/p>\n<h3 data-start=\"772\" data-end=\"823\">Dlaczego Waspe 60000 Puffs wyr\u00f3\u017cnia si\u0119 spo\u015br\u00f3d wysokowydajnych jednoraz\u00f3wek?<\/h3>\n<ul data-start=\"825\" data-end=\"2411\">\n<li data-start=\"825\" data-end=\"1147\">\n<p data-start=\"827\" data-end=\"1147\"><strong data-start=\"827\" data-end=\"866\">3 smaki bez konieczno\u015bci noszenia dodatkowych akcesori\u00f3w.<\/strong> Taki <strong data-start=\"872\" data-end=\"900\">Jednorazowy e-papieros z 3 smakami<\/strong> u\u017cywa prawdziwego <strong data-start=\"913\" data-end=\"940\">systemu prze\u0142\u0105czania 3 w 1<\/strong>, dzi\u0119ki czemu mo\u017cna prze\u0142\u0105cza\u0107 si\u0119 mi\u0119dzy profilami, gdy zmienia si\u0119 gust. Dla wielu u\u017cytkownik\u00f3w to r\u00f3\u017cnica mi\u0119dzy ko\u0144czeniem urz\u0105dzenia o du\u017cej pojemno\u015bci a porzuceniem go w po\u0142owie, poniewa\u017c jeden smak si\u0119 znudzi\u0142.<\/p>\n<\/li>\n<li data-start=\"1149\" data-end=\"1502\">\n<p data-start=\"1151\" data-end=\"1502\"><strong data-start=\"1151\" data-end=\"1199\">Prawdziwa wytrzyma\u0142o\u015b\u0107 poparta rzeczywist\u0105 pojemno\u015bci\u0105 liquidu.<\/strong> <strong data-start=\"1200\" data-end=\"1221\">Waspe 60000 Puffs<\/strong> to nie tylko du\u017ca liczba na opakowaniu\u2014<strong data-start=\"1257\" data-end=\"1274\">54ml (3\u00d718ml)<\/strong> jest zaprojektowany do d\u0142ugoterminowego u\u017cytkowania. Dlatego dobrze si\u0119 sprzedaje na rynkach o du\u017cym obrocie, takich jak <strong data-start=\"1361\" data-end=\"1416\">Polska, Niemcy, Hiszpania, Francja i Holandia<\/strong>, szczeg\u00f3lnie dla kupuj\u0105cych, kt\u00f3rzy chc\u0105 mniej wymian i bardziej przewidywalnych koszt\u00f3w na dzie\u0144.<\/p>\n<\/li>\n<li data-start=\"1504\" data-end=\"1775\">\n<p data-start=\"1506\" data-end=\"1775\"><strong data-start=\"1506\" data-end=\"1551\">Stabilno\u015b\u0107 siatki grzewczej podczas d\u0142ugich sesji.<\/strong> Dzi\u0119ki <strong data-start=\"1557\" data-end=\"1581\">0,9\u03a9 siatki grzewcze (\u00d73)<\/strong>, para pozostaje g\u0142adka, a smak jest wyra\u017any g\u0142\u0119biej w wk\u0142adkach. To ma znaczenie dla intensywnych u\u017cytkownik\u00f3w, kt\u00f3rzy pal\u0105 ci\u0105g\u0142e pufy\u2014ogrzewanie siatk\u0105 zmniejsza ostre, suche kraw\u0119dzie, kt\u00f3re ta\u0144sze wk\u0142adki mog\u0105 rozwija\u0107 z czasem.<\/p>\n<\/li>\n<li data-start=\"1777\" data-end=\"2070\">\n<p data-start=\"1779\" data-end=\"2070\"><strong data-start=\"1779\" data-end=\"1816\">Wy\u015bwietlacz LED pozwala zachowa\u0107 kontrol\u0119.<\/strong> Inteligentny wy\u015bwietlacz pokazuje stan baterii i e-liquidu, dzi\u0119ki czemu wiesz, czy jest gotowy na d\u0142ugi dzie\u0144 pracy, czy najpierw musisz go na\u0142adowa\u0107. To praktyczny szczeg\u00f3\u0142, kt\u00f3rego oczekuj\u0105 u\u017cytkownicy urz\u0105dze\u0144, kt\u00f3re konkuruj\u0105 w <strong data-start=\"2027\" data-end=\"2055\">Ranking e-papieros\u00f3w 2025<\/strong> rozmowach.<\/p>\n<\/li>\n<li data-start=\"2072\" data-end=\"2411\">\n<p data-start=\"2074\" data-end=\"2411\"><strong data-start=\"2074\" data-end=\"2129\">Wygoda \u0142adowania wielokrotnego, kt\u00f3ra przewy\u017csza impulsywne zakupy.<\/strong> Je\u015bli Twoja rutyna obejmuje \u201e<strong data-start=\"2156\" data-end=\"2174\">Kupowanie papieros\u00f3w<\/strong>\u201d przestaje dzia\u0142a\u0107 lub wymaga ostatniej chwili wymiany, projekt z \u0142adowaniem Type-C pomaga przerwa\u0107 ten cykl. Dla wielu klient\u00f3w, kt\u00f3rzy <strong data-start=\"2287\" data-end=\"2310\">Kupuj\u0105 vapor w Polsce<\/strong>, warto\u015b\u0107 jest prosta: jedno urz\u0105dzenie dzia\u0142a d\u0142u\u017cej, a ty \u0142adujesz je, zamiast kupowa\u0107 nowe co kilka dni.<\/p>\n<\/li>\n<\/ul>\n<p data-start=\"666\" data-end=\"1235\"><strong style=\"font-size: 16px;\"><span style=\"color: #ff0000;\">Dodaj Amy na WhatsApp, aby uzyska\u0107 szybk\u0105 odpowied\u017a i cen\u0119 ze zni\u017ck\u0105!<\/span><\/strong><\/p>\n<p><img fetchpriority=\"high\" decoding=\"async\" class=\"size-full wp-image-2932\" src=\"https:\/\/vapestornado.com\/wp-content\/uploads\/2024\/12\/Vape-Wholesale.jpg\" alt=\"Hurtowa sprzeda\u017c e-papieros\u00f3w\" width=\"229\" height=\"300\" \/><\/p>\n<h3><a href=\"https:\/\/wa.me\/8617776015835\" target=\"_blank\" rel=\"noopener\"><span style=\"color: #ff0000;\"><strong>WhatsApp: +86 17776015835<\/strong><\/span><\/a><\/h3>\n<p>&nbsp;<\/p>\n<h2><strong>Waspe Aiviou 3 w 1 60000 Puffs G\u0142\u00f3wne cechy produktu<\/strong><\/h2>\n<table>\n<thead>\n<tr>\n<th>Funkcja<\/th>\n<th>specyfikacja<\/th>\n<th>jak to dzia\u0142a<\/th>\n<\/tr>\n<\/thead>\n<tbody>\n<tr>\n<td>Nazwa produktu<\/td>\n<td>Waspe Aiviou 3 w 1 60000 Puffs<\/td>\n<td>Tr\u00f3jwk\u0142adkowy jednorazowy zestaw vape z mo\u017cliwo\u015bci\u0105 zmiany smaku.<\/td>\n<\/tr>\n<tr>\n<td>Pojemno\u015b\u0107 zaci\u0105gni\u0119\u0107<\/td>\n<td>Do 60 000 puf\u00f3w<\/td>\n<td>Wysoka pojemno\u015b\u0107 wyj\u015bciowa zaprojektowana, aby zmniejszy\u0107 cz\u0119stotliwo\u015b\u0107 wymian.<\/td>\n<\/tr>\n<tr>\n<td>System Smaku<\/td>\n<td>3-w-1 Tr\u00f3jstronna zmiana smaku<\/td>\n<td>Pozwala na natychmiastow\u0105 zmian\u0119 smak\u00f3w bez konieczno\u015bci zmiany urz\u0105dzenia.<\/td>\n<\/tr>\n<tr>\n<td>Pojemno\u015b\u0107 e-liquid<\/td>\n<td>Razem 54ml (3\u00d718ml wk\u0142ad\u00f3w)<\/td>\n<td>Du\u017ca ilo\u015b\u0107 p\u0142ynu zapewnia d\u0142ug\u0105 \u017cywotno\u015b\u0107 i d\u0142u\u017csze sesje.<\/td>\n<\/tr>\n<tr>\n<td>System Cewkowy<\/td>\n<td>Grza\u0142ka Mesh 0,9\u03a9 \u00d73<\/td>\n<td>R\u00f3wnomierne podgrzewanie poprawia g\u0142adko\u015b\u0107 i pomaga utrzyma\u0107 sp\u00f3jny smak.<\/td>\n<\/tr>\n<tr>\n<td>Bateria<\/td>\n<td>650mAh \u0142adowalny<\/td>\n<td>\u0141adowanie zapobiega wczesnemu wyrzucaniu przed ko\u0144cem p\u0142ynu.<\/td>\n<\/tr>\n<tr>\n<td>\u0141adowanie<\/td>\n<td>Szybkie \u0142adowanie typu C<\/td>\n<td>Szybkie uzupe\u0142nianie za pomoc\u0105 nowoczesnych kabli powszechnie u\u017cywanych w Europie.<\/td>\n<\/tr>\n<tr>\n<td>Wy\u015bwietlacz<\/td>\n<td>Wska\u017anik LED baterii i e-liquidu<\/td>\n<td>Wyra\u017anie pokazuje status, aby unikn\u0105\u0107 niespodzianek podczas codziennego u\u017cytkowania.<\/td>\n<\/tr>\n<tr>\n<td>Opcje Nikotyny<\/td>\n<td>0% \/ 2% \/ 5%<\/td>\n<td>Bez nikotyny, niskie lub mocniejsze uderzenie w gard\u0142o w zale\u017cno\u015bci od preferencji.<\/td>\n<\/tr>\n<\/tbody>\n<\/table>\n<h2 class=\"product-title\"><strong>WASPE 60K 60000 Puffs Jednorazowe E-papierosy Lista Smak\u00f3w<\/strong><\/h2>\n<article class=\"w-full text-token-text-primary focus-visible:outline-2 focus-visible:outline-offset-[-4px]\" dir=\"auto\" data-testid=\"conversation-turn-32\" data-scroll-anchor=\"false\">\n<div class=\"m-auto text-base py-[18px] px-6\">\n<div class=\"mx-auto flex flex-1 text-base gap-4 md:gap-5 lg:gap-6 md:max-w-3xl lg:max-w-[40rem] xl:max-w-[48rem]\">\n<div class=\"group\/conversation-turn relative flex w-full min-w-0 flex-col @xs\/thread:px-0 @sm\/thread:px-1.5 @md\/thread:px-4\">\n<div class=\"flex-col gap-1 md:gap-3\">\n<div class=\"flex max-w-full flex-col flex-grow\">\n<div class=\"min-h-8 text-message flex w-full flex-col items-end gap-2 whitespace-normal break-words text-start [.text-message+&amp;]:mt-5\" dir=\"auto\" data-message-author-role=\"user\" data-message-id=\"ffac41ca-1db4-431b-873a-32c4052956f1\">\n<div class=\"flex w-full flex-col gap-1 empty:hidden items-end rtl:items-start\">\n<div class=\"relative max-w-[var(--user-chat-width,70%)] rounded-3xl bg-token-message-surface px-5 py-2.5\">\n<div class=\"absolute bottom-0 right-full top-0 -mr-3.5 hidden pr-5 pt-2 [.group\/conversation-turn:hover_&amp;]:flex\">\n<div class=\"flex\">\n<article class=\"w-full text-token-text-primary focus-visible:outline-2 focus-visible:outline-offset-[-4px]\" dir=\"auto\" data-testid=\"conversation-turn-39\" data-scroll-anchor=\"true\">\n<div class=\"m-auto text-base py-[18px] px-6\">\n<div class=\"mx-auto flex flex-1 text-base gap-4 md:gap-5 lg:gap-6 md:max-w-3xl lg:max-w-[40rem] xl:max-w-[48rem]\">\n<div class=\"group\/conversation-turn relative flex w-full min-w-0 flex-col agent-turn @xs\/thread:px-0 @sm\/thread:px-1.5 @md\/thread:px-4\">\n<div class=\"flex-col gap-1 md:gap-3\">\n<div class=\"flex max-w-full flex-col flex-grow\">\n<div class=\"min-h-8 text-message flex w-full flex-col items-end gap-2 whitespace-normal break-words text-start [.text-message+&amp;]:mt-5\" dir=\"auto\" data-message-author-role=\"assistant\" data-message-id=\"55a23854-ec57-48dd-bd4f-6118f43d6241\" data-message-model-slug=\"gpt-4o\">\n<div class=\"flex w-full flex-col gap-1 empty:hidden first:pt-[3px]\">\n<div class=\"markdown prose w-full break-words dark:prose-invert light\">\n<p>1. Arbuzowy L\u00f3d<br \/>\n2. Truskawkowy Arbuz<br \/>\n3. Jagodowy L\u00f3d<br \/>\n4. Truskawka Malina Wi\u015bnia<br \/>\n5. Brzoskwiniowy L\u00f3d<br \/>\n6. Red Bull Ice<br \/>\n7. Mieszane Jagody<br \/>\n8. Potr\u00f3jny Melonowy L\u00f3d<br \/>\n9. Winogronowy L\u00f3d<br \/>\n10. Truskawkowy Banan<br \/>\n11. Wi\u015bniowa Cola Ice<br \/>\n12. Jagoda Malina<\/p>\n<figure id=\"attachment_4688\" aria-describedby=\"caption-attachment-4688\" style=\"width: 225px\" class=\"wp-caption alignnone\"><img decoding=\"async\" class=\"size-medium wp-image-4688\" src=\"https:\/\/vapestornado.com\/wp-content\/uploads\/2025\/12\/WASPE-60000-PUFF-3-IN-1-Diposable-Vape-All-Flaovr-225x300.jpg\" alt=\"Waspe Aiviou 3 w 1 60000 Puffs Jednorazowy e-papieros Wszystkie Smaki\" width=\"225\" height=\"300\" srcset=\"https:\/\/vapestornado.com\/wp-content\/uploads\/2025\/12\/WASPE-60000-PUFF-3-IN-1-Diposable-Vape-All-Flaovr-225x300.jpg 225w, https:\/\/vapestornado.com\/wp-content\/uploads\/2025\/12\/WASPE-60000-PUFF-3-IN-1-Diposable-Vape-All-Flaovr-768x1024.jpg 768w, https:\/\/vapestornado.com\/wp-content\/uploads\/2025\/12\/WASPE-60000-PUFF-3-IN-1-Diposable-Vape-All-Flaovr-1152x1536.jpg 1152w, https:\/\/vapestornado.com\/wp-content\/uploads\/2025\/12\/WASPE-60000-PUFF-3-IN-1-Diposable-Vape-All-Flaovr-9x12.jpg 9w, https:\/\/vapestornado.com\/wp-content\/uploads\/2025\/12\/WASPE-60000-PUFF-3-IN-1-Diposable-Vape-All-Flaovr-600x800.jpg 600w, https:\/\/vapestornado.com\/wp-content\/uploads\/2025\/12\/WASPE-60000-PUFF-3-IN-1-Diposable-Vape-All-Flaovr.jpg 1280w\" sizes=\"(max-width: 225px) 100vw, 225px\" \/><figcaption id=\"caption-attachment-4688\" class=\"wp-caption-text\">Waspe Aiviou 3 w 1 60000 Puffs Jednorazowy e-papieros Wszystkie Smaki<\/figcaption><\/figure>\n<\/div>\n<\/div>\n<\/div>\n<\/div>\n<\/div>\n<\/div>\n<\/div>\n<\/div>\n<\/article>\n<\/div>\n<\/div>\n<\/div>\n<\/div>\n<\/div>\n<\/div>\n<\/div>\n<\/div>\n<\/div>\n<\/div>\n<\/article>\n<h2>Dlaczego wybra\u0107 Vapestornado do zakupu Waspe 60k Puffs?<\/h2>\n<div class=\"flex-shrink-0 flex flex-col relative items-end\">\n<div class=\"pt-0\">\n<div class=\"gizmo-bot-avatar flex h-8 w-8 items-center justify-center overflow-hidden rounded-full\">\n<div class=\"relative p-1 rounded-sm flex items-center justify-center bg-token-main-surface-primary text-token-text-primary h-8 w-8\">\n<p>At\u00a0<strong>VapeTornado<\/strong>, szczycimy si\u0119 dostarczaniem\u00a0<strong>wysokiej jako\u015bci produkt\u00f3w vapingowych w bezkonkurencyjnych cenach<\/strong>\u2014a Waspe Aiviou 3 w 1 60000 puffs nie jest wyj\u0105tkiem! Oto dlaczego powiniene\u015b kupi\u0107 u nas:<\/p>\n<p><strong>Najlepsze Ceny Hurtowe<\/strong>\u00a0\u2013 Oferujemy\u00a0<strong>konkurencyjne ceny hurtowe<\/strong><span style=\"font-size: 16px;\">, co czyni nas najlepszym wyborem dla sprzedawc\u00f3w i sklep\u00f3w z e-papierosami.<\/span><\/p>\n<p><strong>Szybka<\/strong>\u00a0\u2013 Zrealizuj swoje zam\u00f3wienie\u00a0<strong>szybko i bezpiecznie<\/strong>, z opcjami wysy\u0142ki na ca\u0142y \u015bwiat.<br \/>\n<strong>100% autentyczne produkty<\/strong>\u00a0\u2013 \u017badnych podr\u00f3bek \u2014 tylko\u00a0<strong>oryginalne jednoraz\u00f3wki WASPE Triple<\/strong>\u00a0o zweryfikowanej jako\u015bci.<br \/>\n<strong>Doskona\u0142a obs\u0142uga klienta<\/strong>\u00a0\u2013 Masz pytania? Nasi\u00a0<strong>eksperci od vape<\/strong> s\u0105 gotowi pom\u00f3c Ci 24\/7.<\/p>\n<p><strong>Nie czekaj - zam\u00f3w sw\u00f3j Waspe Aiviou 3 w 1 60000 puff z VapeTornado ju\u017c dzi\u015b i do\u015bwiadcz najwy\u017cszej satysfakcji z wapowania!<\/strong><\/p>\n<p data-start=\"559\" data-end=\"933\" data-is-last-node=\"\" data-is-only-node=\"\">Mamy te\u017c inne popularne vape z ekranem, takie jak <a href=\"https:\/\/vapestornado.com\/pl\/product\/mesii-couple-50k-disposable-shisha-hookah-50000-puffs-vape-with-digital-display\/\">Para Mesii 50000<\/a>, <a href=\"https:\/\/vapestornado.com\/pl\/product\/vopk-cool-9000-puffs-disposable-vapes-bar-puff-9k\/\">VOPK 9000 Puff Jednorazowy Vape<\/a>, <a href=\"https:\/\/vapestornado.com\/pl\/product\/bang-beach-22000-20k-puff-disposable-vape-pen-with-screen-reddit-hot\/\">Bang Beach 22000<\/a>, i wiele innych.<\/p>\n<\/div>\n<div class=\"relative p-1 rounded-sm flex items-center justify-center bg-token-main-surface-primary text-token-text-primary h-8 w-8\">\n<h2>FAQ<\/h2>\n<ol data-start=\"3497\" data-end=\"4811\">\n<li data-start=\"3497\" data-end=\"3746\">\n<p data-start=\"3500\" data-end=\"3746\"><strong data-start=\"3500\" data-end=\"3596\">Jak dzia\u0142a prze\u0142\u0105cznik potr\u00f3jnych smak\u00f3w w Waspe Aiviou 3 w 1 60000 Puffs podczas codziennego vapowania?<\/strong><br data-start=\"3596\" data-end=\"3599\" \/>Zosta\u0142 zaprojektowany do szybkiej zmiany smaku w jednym urz\u0105dzeniu, wi\u0119c mo\u017cesz zmienia\u0107 smak na \u017c\u0105danie bez noszenia wielu urz\u0105dze\u0144 lub wymiany sprz\u0119tu.<\/p>\n<\/li>\n<li data-start=\"3748\" data-end=\"4006\">\n<p data-start=\"3751\" data-end=\"4006\"><strong data-start=\"3751\" data-end=\"3847\">Czy konfiguracja Waspe 60000 Puffs 54ml (3\u00d718ml) naprawd\u0119 trwa d\u0142u\u017cej ni\u017c standardowe jednoraz\u00f3wki?<\/strong><br data-start=\"3847\" data-end=\"3850\" \/>Tak \u2014 54ml \u0142\u0105cznie e-liquidu to g\u0142\u00f3wny pow\u00f3d, dla kt\u00f3rego trwa d\u0142u\u017cej. Rzeczywista \u017cywotno\u015b\u0107 zale\u017cy od d\u0142ugo\u015bci i cz\u0119stotliwo\u015bci zaci\u0105gni\u0119\u0107, ale pojemno\u015b\u0107 jest dostosowana do d\u0142ugotrwa\u0142ego u\u017cytkowania.<\/p>\n<\/li>\n<li data-start=\"4008\" data-end=\"4250\">\n<p data-start=\"4011\" data-end=\"4250\"><strong data-start=\"4011\" data-end=\"4109\">Jak wp\u0142ywaj\u0105 na g\u0142adko\u015b\u0107 pary w czasie u\u017cytkowania meshowe grza\u0142ki 0,9\u03a9 w jednorazowym vapie z trzema smakami?<\/strong><br data-start=\"4109\" data-end=\"4112\" \/>Meshowe grza\u0142ki nagrzewaj\u0105 si\u0119 bardziej r\u00f3wnomiernie ni\u017c podstawowe drutowe, co pomaga utrzyma\u0107 par\u0119 bardziej g\u0142adk\u0105 i zmniejsza szorstko\u015b\u0107 podczas intensywnych, powtarzaj\u0105cych si\u0119 sesji.<\/p>\n<\/li>\n<li data-start=\"4252\" data-end=\"4531\">\n<p data-start=\"4255\" data-end=\"4531\"><strong data-start=\"4255\" data-end=\"4371\">Czy Waspe Aiviou 3 w 1 60K to m\u0105dry wyb\u00f3r dla kupuj\u0105cych por\u00f3wnuj\u0105cych ranking e-papieros\u00f3w 2025 w stylu \u201enajlepsze urz\u0105dzenia\u201d?<\/strong><br data-start=\"4371\" data-end=\"4374\" \/>Konkuruj\u0105 pod wzgl\u0119dem praktycznych funkcji, kt\u00f3re maj\u0105 znaczenie: wielosmakowa zmiana, du\u017ca \u0142\u0105czna pojemno\u015b\u0107 p\u0142ynu, \u0142adowalna bateria i wska\u017anik LED do kontroli.<\/p>\n<\/li>\n<li data-start=\"4533\" data-end=\"4811\">\n<p data-start=\"4536\" data-end=\"4811\"><strong data-start=\"4536\" data-end=\"4636\">Dlaczego hurtownicy e-papieros\u00f3w wybieraj\u0105 Waspe Aiviou 3 w 1 60000 Puffs do sprzeda\u017cy detalicznej w Polsce?<\/strong><br data-start=\"4636\" data-end=\"4639\" \/>\u0141atwo si\u0119 sprzedaje: jasne specyfikacje (60K zaci\u0105gni\u0119\u0107, 3 smaki, 54ml, \u0142adowanie), szeroki wyb\u00f3r nikotyn, oraz du\u017ce zapotrzebowanie na powtarzalno\u015b\u0107 od u\u017cytkownik\u00f3w poszukuj\u0105cych urz\u0105dze\u0144 o d\u0142ugiej \u017cywotno\u015bci.<\/p>\n<\/li>\n<\/ol>\n<\/div>\n<\/div>\n<\/div>\n<\/div>","protected":false},"excerpt":{"rendered":"<p class=\"LC20lb MBeuO DKV0Md\">Waspe Aiviou 3 w 1 60000 Puffs jednorazowy zestaw e-papieros\u00f3w z 3 smakami, 54ml (3\u00d718ml) wk\u0142ad\u00f3w, cewkami mesh 0,9\u03a9, wy\u015bwietlaczem LED i bateri\u0105 Type-C do \u0142adowania 650mAh. Zaprojektowany na d\u0142ugie u\u017cytkowanie, popularny w\u015br\u00f3d hurtownik\u00f3w i klient\u00f3w kupuj\u0105cych vapor w Polsce zamiast papieros\u00f3w.<\/p>\n<p><img fetchpriority=\"high\" decoding=\"async\" class=\"size-full wp-image-2932\" src=\"https:\/\/vapestornado.com\/wp-content\/uploads\/2024\/12\/Vape-Wholesale.jpg\" alt=\"Hurtowa sprzeda\u017c e-papieros\u00f3w\" width=\"229\" height=\"300\" \/><\/p>\n<h3><a href=\"https:\/\/wa.me\/8617776015835\"><span style=\"color: #ff0000;\"><strong>WhatsApp: +86 17776015835<\/strong><\/span><\/a><\/h3>\n<p>&nbsp;<\/p>","protected":false},"featured_media":4011,"comment_status":"open","ping_status":"closed","template":"","meta":{"_acf_changed":false,"_uag_custom_page_level_css":"","_lmt_disableupdate":"no","_lmt_disable":"","_monsterinsights_skip_tracking":false,"_monsterinsights_sitenote_active":false,"_monsterinsights_sitenote_note":"","_monsterinsights_sitenote_category":0,"site-sidebar-layout":"default","site-content-layout":"","ast-site-content-layout":"default","site-content-style":"default","site-sidebar-style":"default","ast-global-header-display":"","ast-banner-title-visibility":"","ast-main-header-display":"","ast-hfb-above-header-display":"","ast-hfb-below-header-display":"","ast-hfb-mobile-header-display":"","site-post-title":"","ast-breadcrumbs-content":"","ast-featured-img":"","footer-sml-layout":"","ast-disable-related-posts":"","theme-transparent-header-meta":"default","adv-header-id-meta":"","stick-header-meta":"","header-above-stick-meta":"","header-main-stick-meta":"","header-below-stick-meta":"","astra-migrate-meta-layouts":"set","ast-page-background-enabled":"default","ast-page-background-meta":{"desktop":{"background-color":"","background-image":"","background-repeat":"repeat","background-position":"center center","background-size":"auto","background-attachment":"scroll","background-type":"","background-media":"","overlay-type":"","overlay-color":"","overlay-opacity":"","overlay-gradient":""},"tablet":{"background-color":"","background-image":"","background-repeat":"repeat","background-position":"center center","background-size":"auto","background-attachment":"scroll","background-type":"","background-media":"","overlay-type":"","overlay-color":"","overlay-opacity":"","overlay-gradient":""},"mobile":{"background-color":"","background-image":"","background-repeat":"repeat","background-position":"center center","background-size":"auto","background-attachment":"scroll","background-type":"","background-media":"","overlay-type":"","overlay-color":"","overlay-opacity":"","overlay-gradient":""}},"ast-content-background-meta":{"desktop":{"background-color":"var(--ast-global-color-5)","background-image":"","background-repeat":"repeat","background-position":"center center","background-size":"auto","background-attachment":"scroll","background-type":"","background-media":"","overlay-type":"","overlay-color":"","overlay-opacity":"","overlay-gradient":""},"tablet":{"background-color":"var(--ast-global-color-5)","background-image":"","background-repeat":"repeat","background-position":"center center","background-size":"auto","background-attachment":"scroll","background-type":"","background-media":"","overlay-type":"","overlay-color":"","overlay-opacity":"","overlay-gradient":""},"mobile":{"background-color":"var(--ast-global-color-5)","background-image":"","background-repeat":"repeat","background-position":"center center","background-size":"auto","background-attachment":"scroll","background-type":"","background-media":"","overlay-type":"","overlay-color":"","overlay-opacity":"","overlay-gradient":""}},"_joinchat":{"telephone":"17776015835"}},"product_brand":[],"product_cat":[156,142,144,61,60],"product_tag":[105,94,301,299,300],"class_list":{"0":"post-4013","1":"product","2":"type-product","3":"status-publish","4":"has-post-thumbnail","6":"product_cat-buy-disposable-vapes-in-poland","7":"product_cat-digital-box-disposable-vapes","8":"product_cat-low-nicotine-disposable-vapes","9":"product_cat-vapme-shisha","10":"product_cat-waspe-fihp-vape","11":"product_tag-digital-disposable-vape","12":"product_tag-rechargeable-disposable-vape","13":"product_tag-vapor-wholesale","14":"product_tag-waspe-60k-puff","15":"product_tag-waspe-aiviou-3-in-1-60000","16":"desktop-align-left","17":"tablet-align-left","18":"mobile-align-left","20":"first","21":"instock","22":"sale","23":"shipping-taxable","24":"purchasable","25":"product-type-simple"},"acf":[],"uagb_featured_image_src":{"full":["https:\/\/vapestornado.com\/wp-content\/uploads\/2025\/03\/Waspe-Aiviou-3-in1-60k-60000-Puffs-Disposable-Vaper.webp",800,800,false],"thumbnail":["https:\/\/vapestornado.com\/wp-content\/uploads\/2025\/03\/Waspe-Aiviou-3-in1-60k-60000-Puffs-Disposable-Vaper-150x150.webp",150,150,true],"medium":["https:\/\/vapestornado.com\/wp-content\/uploads\/2025\/03\/Waspe-Aiviou-3-in1-60k-60000-Puffs-Disposable-Vaper-300x300.webp",300,300,true],"medium_large":["https:\/\/vapestornado.com\/wp-content\/uploads\/2025\/03\/Waspe-Aiviou-3-in1-60k-60000-Puffs-Disposable-Vaper-768x768.webp",768,768,true],"large":["https:\/\/vapestornado.com\/wp-content\/uploads\/2025\/03\/Waspe-Aiviou-3-in1-60k-60000-Puffs-Disposable-Vaper.webp",800,800,false],"1536x1536":["https:\/\/vapestornado.com\/wp-content\/uploads\/2025\/03\/Waspe-Aiviou-3-in1-60k-60000-Puffs-Disposable-Vaper.webp",800,800,false],"2048x2048":["https:\/\/vapestornado.com\/wp-content\/uploads\/2025\/03\/Waspe-Aiviou-3-in1-60k-60000-Puffs-Disposable-Vaper.webp",800,800,false],"trp-custom-language-flag":["https:\/\/vapestornado.com\/wp-content\/uploads\/2025\/03\/Waspe-Aiviou-3-in1-60k-60000-Puffs-Disposable-Vaper.webp",12,12,false],"woocommerce_thumbnail":["https:\/\/vapestornado.com\/wp-content\/uploads\/2025\/03\/Waspe-Aiviou-3-in1-60k-60000-Puffs-Disposable-Vaper-300x300.webp",300,300,true],"woocommerce_single":["https:\/\/vapestornado.com\/wp-content\/uploads\/2025\/03\/Waspe-Aiviou-3-in1-60k-60000-Puffs-Disposable-Vaper-600x600.webp",600,600,true],"woocommerce_gallery_thumbnail":["https:\/\/vapestornado.com\/wp-content\/uploads\/2025\/03\/Waspe-Aiviou-3-in1-60k-60000-Puffs-Disposable-Vaper-100x100.webp",100,100,true]},"uagb_author_info":{"display_name":"ESAMY","author_link":"https:\/\/vapestornado.com\/pl\/author\/"},"uagb_comment_info":1,"uagb_excerpt":"Waspe Aiviou 3 in 1 60000 Puffs disposable vape kit with 3 flavour switching, 54ml (3\u00d718ml) pods, 0.9\u03a9 mesh coils, LED display, and Type-C rechargeable 650mAh battery. Built for long use, popular with disposable vape wholesaler buyers and customers who Buy vapor in Poland instead of Buy cigarettes. WhatsApp: +86 17776015835 &nbsp;","_links":{"self":[{"href":"https:\/\/vapestornado.com\/pl\/wp-json\/wp\/v2\/product\/4013","targetHints":{"allow":["GET"]}}],"collection":[{"href":"https:\/\/vapestornado.com\/pl\/wp-json\/wp\/v2\/product"}],"about":[{"href":"https:\/\/vapestornado.com\/pl\/wp-json\/wp\/v2\/types\/product"}],"replies":[{"embeddable":true,"href":"https:\/\/vapestornado.com\/pl\/wp-json\/wp\/v2\/comments?post=4013"}],"wp:featuredmedia":[{"embeddable":true,"href":"https:\/\/vapestornado.com\/pl\/wp-json\/wp\/v2\/media\/4011"}],"wp:attachment":[{"href":"https:\/\/vapestornado.com\/pl\/wp-json\/wp\/v2\/media?parent=4013"}],"wp:term":[{"taxonomy":"product_brand","embeddable":true,"href":"https:\/\/vapestornado.com\/pl\/wp-json\/wp\/v2\/product_brand?post=4013"},{"taxonomy":"product_cat","embeddable":true,"href":"https:\/\/vapestornado.com\/pl\/wp-json\/wp\/v2\/product_cat?post=4013"},{"taxonomy":"product_tag","embeddable":true,"href":"https:\/\/vapestornado.com\/pl\/wp-json\/wp\/v2\/product_tag?post=4013"}],"curies":[{"name":"wp","href":"https:\/\/api.w.org\/{rel}","templated":true}]}}