{"id":4007,"date":"2025-03-26T07:12:34","date_gmt":"2025-03-26T07:12:34","guid":{"rendered":"https:\/\/vapestornado.com\/?post_type=product&#038;p=4007"},"modified":"2025-12-08T09:42:38","modified_gmt":"2025-12-08T09:42:38","slug":"vapme-goat-40000-puff-40k-hookah-shisha-pen-price-wholesale-e-cigarette","status":"publish","type":"product","link":"https:\/\/vapestornado.com\/pl\/product\/vapme-goat-40000-puff-40k-hookah-shisha-pen-price-wholesale-e-cigarette\/","title":{"rendered":"Vapme Goat 40000 Zaci\u0105gni\u0119\u0107 40k Fajka Wodna Shisha Pen Cena Hurtowa E Papieros"},"content":{"rendered":"<h2 data-pm-slice=\"1 1 []\">Vapme Goat 40000 Pali Puff e-papieros jednorazowy w stylu shisha z regulowanym przep\u0142ywem powietrza Hurtowo UE<\/h2>\n<p data-start=\"181\" data-end=\"485\">Cyfrowy ekran <strong data-start=\"110\" data-end=\"135\">Vapme Goat 40000 Pali Puff<\/strong> jest to wysokowydajny jednorazowy e-papieros w stylu shisha, stworzony dla os\u00f3b, kt\u00f3re cz\u0119sto pal\u0105 i chc\u0105 urz\u0105dzenia, kt\u00f3re zachowa sta\u0142o\u015b\u0107 dzia\u0142ania na przestrzeni czasu. Dostarcza <strong data-start=\"273\" data-end=\"295\">do 40 000 puf\u00f3w<\/strong> z <strong data-start=\"303\" data-end=\"332\">30ml nape\u0142niony zbiornik<\/strong>, nap\u0119dzany przez <strong data-start=\"346\" data-end=\"364\">Cewka siatkowa 0,4 \u03a9<\/strong> kt\u00f3ry wydmuchuje g\u0119sty par\u0119 i pe\u0142ny smak bez stawania si\u0119 ostry. Jeden <strong data-start=\"433\" data-end=\"490\">bateri\u0105 850mAh z mo\u017cliwo\u015bci\u0105 \u0142adowania przez Type-C<\/strong> utrzymuje sta\u0142\u0105 wydajno\u015b\u0107, podczas gdy <strong data-start=\"523\" data-end=\"545\">regulowanym przep\u0142ywem powietrza<\/strong> pozwala na dostosowanie przep\u0142ywu powietrza od ciasnego MTL do otwartego DTL. Dwa poziomy nikotyny \u2014 <strong data-start=\"622\" data-end=\"635\">0% i 2%<\/strong> \u2014 u\u0142atwiaj\u0105 wyb\u00f3r i s\u0105 przyjazne dla UE.<\/p>\n<h3><strong>Dlaczego palacze wybieraj\u0105 Vapme Goat 40000 Puffs?<\/strong><\/h3>\n<ul>\n<li data-start=\"951\" data-end=\"1165\">\n<p data-start=\"953\" data-end=\"1165\"><strong data-start=\"953\" data-end=\"995\">Pojemno\u015b\u0107 potwierdzona rzeczywist\u0105 obj\u0119to\u015bci\u0105 liquidu.<\/strong> Ocena 40K jest wspierana przez <strong data-start=\"1029\" data-end=\"1042\">30ml zbiornik<\/strong>, a nie ma\u0142y wk\u0142ad, kt\u00f3ry obiecuje cuda. To zmniejsza problem \u201edobry na dzie\u0144, potem bez efektu\u201d powszechny w mniejszych jednoraz\u00f3wkach.<\/p>\n<\/li>\n<li data-start=\"1167\" data-end=\"1391\">\n<p data-start=\"1169\" data-end=\"1391\"><strong data-start=\"1169\" data-end=\"1217\">Niskooporowa siatka grza\u0142ki do powa\u017cnego parowania.<\/strong> Cyfrowy ekran <strong data-start=\"1222\" data-end=\"1240\">Cewka siatkowa 0,4 \u03a9<\/strong> jest dostrojona do bogatszego wydmuchu i silniejszej obecno\u015bci smaku. To wyb\u00f3r grza\u0142ki, kt\u00f3rego marki u\u017cywaj\u0105, gdy chc\u0105 uzyska\u0107 shisha-pochodz\u0105ce, chmurz\u0105ce odczucie.<\/p>\n<\/li>\n<li data-start=\"1393\" data-end=\"1595\">\n<p data-start=\"1395\" data-end=\"1595\"><strong data-start=\"1395\" data-end=\"1445\">\u0141adowalny, wi\u0119c urz\u0105dzenie nie ko\u0144czy si\u0119 wcze\u015bnie.<\/strong> Z <strong data-start=\"1454\" data-end=\"1472\">Bateria 850mAh<\/strong> i <strong data-start=\"1477\" data-end=\"1501\">Szybkie \u0142adowanie typu C<\/strong>, mo\u017cna je \u0142adowa\u0107 w razie potrzeby i zu\u017cy\u0107 ca\u0142y liquid, zamiast wyrzuca\u0107 go z powodu niskiego poziomu energii.<\/p>\n<\/li>\n<li data-start=\"1597\" data-end=\"1778\">\n<p data-start=\"1599\" data-end=\"1778\"><strong data-start=\"1599\" data-end=\"1635\">Przep\u0142yw powietrza dopasowany do Twojego stylu.<\/strong> Regulowany przep\u0142yw powietrza oznacza mocniejsze, papierosowe ci\u0105gni\u0119cie dla MTL lub bardziej otwarty DTL, gdy chcesz wi\u0119ksz\u0105 par\u0119 \u2014 jedno urz\u0105dzenie, dwa nawyki.<\/p>\n<\/li>\n<li data-start=\"1780\" data-end=\"1973\">\n<p data-start=\"1782\" data-end=\"1973\"><strong data-start=\"1782\" data-end=\"1819\">Proste opcje nikotyny.<\/strong> <strong data-start=\"1820\" data-end=\"1843\">0% dla samego smaku<\/strong> i <strong data-start=\"1848\" data-end=\"1879\">2% dla lekkiego uderzenia nikotynowego<\/strong> utrzymuj ten model zgodny z u\u017cytkownikami, kt\u00f3rzy nie chc\u0105 du\u017cej si\u0142y, ale nadal chc\u0105 satysfakcji.<\/p>\n<\/li>\n<\/ul>\n<p>Ulepsz swoj\u0105 gr\u0119 w wapowanie dzi\u0119ki\u00a0<strong>Vapme Goat 40000 Puf\u00f3w<\/strong>\u2014<strong>trwa\u0142emu, aromatycznemu i niezwykle wygodnemu<\/strong>. Idealny dla\u00a0<strong>hurtownik\u00f3w i indywidualnych waper\u00f3w<\/strong>\u00a0szukaj\u0105cych\u00a0<strong>wysokiej jako\u015bci jednorazowego waporyzatora<\/strong>\u00a0w konkurencyjnej cenie.<\/p>\n<p><strong>Kup teraz i ciesz si\u0119 naj\u0142agodniejszym, najbardziej satysfakcjonuj\u0105cym zaci\u0105gni\u0119ciem!<\/strong><\/p>\n<p data-start=\"666\" data-end=\"1235\"><strong style=\"font-size: 16px;\"><span style=\"color: #ff0000;\">Dodaj Amy na WhatsApp, aby uzyska\u0107 szybk\u0105 odpowied\u017a i cen\u0119 ze zni\u017ck\u0105!<\/span><\/strong><\/p>\n<p><img fetchpriority=\"high\" decoding=\"async\" class=\"size-full wp-image-2932\" src=\"https:\/\/vapestornado.com\/wp-content\/uploads\/2024\/12\/Vape-Wholesale.jpg\" alt=\"Hurtowa sprzeda\u017c e-papieros\u00f3w\" width=\"229\" height=\"300\" \/><\/p>\n<h3><a href=\"https:\/\/wa.me\/8617776015835\" target=\"_blank\" rel=\"noopener\"><span style=\"color: #ff0000;\"><strong>WhatsApp: +86 17776015835<\/strong><\/span><\/a><\/h3>\n<p>&nbsp;<\/p>\n<h2><strong>Vapme Goat 40000 Zaci\u0105gni\u0119\u0107 - Kluczowe cechy produktu<\/strong><\/h2>\n<table>\n<thead>\n<tr>\n<th>Funkcja<\/th>\n<th>Specyfikacja<\/th>\n<th>Szczeg\u00f3\u0142y<\/th>\n<\/tr>\n<\/thead>\n<tbody>\n<tr>\n<td>Typ produktu<\/td>\n<td>Jednorazowa e-papieros do shishy\/hookah<\/td>\n<td>Odczucie z chmur\u0105 z p\u0142ynnym ci\u0105gni\u0119ciem.<\/td>\n<\/tr>\n<tr>\n<td>Pojemno\u015b\u0107 zaci\u0105gni\u0119\u0107<\/td>\n<td>Do 40 000 puf\u00f3w<\/td>\n<td>Wysoka \u017cywotno\u015b\u0107 dla regularnych u\u017cytkownik\u00f3w; mniej wymian.<\/td>\n<\/tr>\n<tr>\n<td>Obj\u0119to\u015b\u0107 E-Liquidu<\/td>\n<td>30ml nape\u0142nione wcze\u015bniej<\/td>\n<td>Du\u017cy zbiornik wspiera d\u0142u\u017csze sesje.<\/td>\n<\/tr>\n<tr>\n<td>Cewka<\/td>\n<td>Cewka Mesh 0,4 \u03a9<\/td>\n<td>Niskie opory dla g\u0119stej pary i mocnego smaku.<\/td>\n<\/tr>\n<tr>\n<td>Bateria<\/td>\n<td>850mAh do\u0142adowywalna bateria<\/td>\n<td>Stabilna moc wyj\u015bciowa; na\u0142aduj, aby doko\u0144czy\u0107 pe\u0142ny zbiornik.<\/td>\n<\/tr>\n<tr>\n<td>\u0141adowanie<\/td>\n<td>Szybkie \u0142adowanie typu C<\/td>\n<td>Kr\u00f3tki czas przestoju, kompatybilno\u015b\u0107 z nowoczesnymi kablami.<\/td>\n<\/tr>\n<tr>\n<td>Przep\u0142yw Powietrza<\/td>\n<td>Regulowany<\/td>\n<td>Obs\u0142uguje zar\u00f3wno style DTL, jak i MTL.<\/td>\n<\/tr>\n<tr>\n<td>Opcje Nikotyny<\/td>\n<td>0% \/ 2% nikotyna s\u00f3l<\/td>\n<td>Tylko smak lub lekkie zadowolenie z nikotyny.<\/td>\n<\/tr>\n<tr>\n<td>Smaki<\/td>\n<td>10 smak\u00f3w<\/td>\n<td>Zawiera wiele profili jag\u00f3d\/czerwonych owoc\u00f3w.<\/td>\n<\/tr>\n<\/tbody>\n<\/table>\n<figure id=\"attachment_4002\" aria-describedby=\"caption-attachment-4002\" style=\"width: 800px\" class=\"wp-caption alignnone\"><img decoding=\"async\" class=\"wp-image-4002 size-full\" src=\"https:\/\/vapestornado.com\/wp-content\/uploads\/2025\/03\/Original-Vapme-Goat-40000-Puffs-Hookah-Shisha-Pen.webp\" alt=\"Oryginalny Vapme Goat 40000 Zaci\u0105gni\u0119\u0107 Fajka Wodna Shisha Pen\" width=\"800\" height=\"800\" srcset=\"https:\/\/vapestornado.com\/wp-content\/uploads\/2025\/03\/Original-Vapme-Goat-40000-Puffs-Hookah-Shisha-Pen.webp 800w, https:\/\/vapestornado.com\/wp-content\/uploads\/2025\/03\/Original-Vapme-Goat-40000-Puffs-Hookah-Shisha-Pen-300x300.webp 300w, https:\/\/vapestornado.com\/wp-content\/uploads\/2025\/03\/Original-Vapme-Goat-40000-Puffs-Hookah-Shisha-Pen-150x150.webp 150w, https:\/\/vapestornado.com\/wp-content\/uploads\/2025\/03\/Original-Vapme-Goat-40000-Puffs-Hookah-Shisha-Pen-768x768.webp 768w, https:\/\/vapestornado.com\/wp-content\/uploads\/2025\/03\/Original-Vapme-Goat-40000-Puffs-Hookah-Shisha-Pen-600x600.webp 600w, https:\/\/vapestornado.com\/wp-content\/uploads\/2025\/03\/Original-Vapme-Goat-40000-Puffs-Hookah-Shisha-Pen-100x100.webp 100w\" sizes=\"(max-width: 800px) 100vw, 800px\" \/><figcaption id=\"caption-attachment-4002\" class=\"wp-caption-text\">Oryginalny Vapme Goat 40000 Zaci\u0105gni\u0119\u0107 Fajka Wodna Shisha Pen<\/figcaption><\/figure>\n<h2 class=\"product-title\"><strong>Lista Smak\u00f3w Jednoraz\u00f3wek Vapme Goat 40000 Zaci\u0105gni\u0119\u0107<\/strong><\/h2>\n<article class=\"w-full text-token-text-primary focus-visible:outline-2 focus-visible:outline-offset-[-4px]\" dir=\"auto\" data-testid=\"conversation-turn-32\" data-scroll-anchor=\"false\">\n<div class=\"m-auto text-base py-[18px] px-6\">\n<div class=\"mx-auto flex flex-1 text-base gap-4 md:gap-5 lg:gap-6 md:max-w-3xl lg:max-w-[40rem] xl:max-w-[48rem]\">\n<div class=\"group\/conversation-turn relative flex w-full min-w-0 flex-col @xs\/thread:px-0 @sm\/thread:px-1.5 @md\/thread:px-4\">\n<div class=\"flex-col gap-1 md:gap-3\">\n<div class=\"flex max-w-full flex-col flex-grow\">\n<div class=\"min-h-8 text-message flex w-full flex-col items-end gap-2 whitespace-normal break-words text-start [.text-message+&amp;]:mt-5\" dir=\"auto\" data-message-author-role=\"user\" data-message-id=\"ffac41ca-1db4-431b-873a-32c4052956f1\">\n<div class=\"flex w-full flex-col gap-1 empty:hidden items-end rtl:items-start\">\n<div class=\"relative max-w-[var(--user-chat-width,70%)] rounded-3xl bg-token-message-surface px-5 py-2.5\">\n<div class=\"absolute bottom-0 right-full top-0 -mr-3.5 hidden pr-5 pt-2 [.group\/conversation-turn:hover_&amp;]:flex\">\n<div class=\"flex\">\n<article class=\"w-full text-token-text-primary focus-visible:outline-2 focus-visible:outline-offset-[-4px]\" dir=\"auto\" data-testid=\"conversation-turn-39\" data-scroll-anchor=\"true\">\n<div class=\"m-auto text-base py-[18px] px-6\">\n<div class=\"mx-auto flex flex-1 text-base gap-4 md:gap-5 lg:gap-6 md:max-w-3xl lg:max-w-[40rem] xl:max-w-[48rem]\">\n<div class=\"group\/conversation-turn relative flex w-full min-w-0 flex-col agent-turn @xs\/thread:px-0 @sm\/thread:px-1.5 @md\/thread:px-4\">\n<div class=\"flex-col gap-1 md:gap-3\">\n<div class=\"flex max-w-full flex-col flex-grow\">\n<div class=\"min-h-8 text-message flex w-full flex-col items-end gap-2 whitespace-normal break-words text-start [.text-message+&amp;]:mt-5\" dir=\"auto\" data-message-author-role=\"assistant\" data-message-id=\"55a23854-ec57-48dd-bd4f-6118f43d6241\" data-message-model-slug=\"gpt-4o\">\n<div class=\"flex w-full flex-col gap-1 empty:hidden first:pt-[3px]\">\n<div class=\"markdown prose w-full break-words dark:prose-invert light\">\n<p>1. Arbuzowy L\u00f3d<br \/>\n2. Truskawkowy Arbuz<br \/>\n3. Jagodowy L\u00f3d<br \/>\n4. Truskawka Malina Wi\u015bnia<br \/>\n5. Brzoskwiniowy L\u00f3d<br \/>\n6. Red Bull Ice<br \/>\n7. Mieszane Jagody<br \/>\n8. Potr\u00f3jny Melonowy L\u00f3d<br \/>\n9. Winogronowy L\u00f3d<br \/>\n10. Truskawkowy Banan<br \/>\n11. Wi\u015bniowa Cola Ice<br \/>\n12. Jagoda Malina<\/p>\n<\/div>\n<\/div>\n<\/div>\n<\/div>\n<\/div>\n<\/div>\n<\/div>\n<\/div>\n<\/article>\n<\/div>\n<\/div>\n<\/div>\n<\/div>\n<\/div>\n<\/div>\n<\/div>\n<\/div>\n<\/div>\n<\/div>\n<\/article>\n<h2>Dlaczego warto wybra\u0107 Vapestornado do zakupu Vapme Goat 40k Zaci\u0105gni\u0119\u0107?<\/h2>\n<div class=\"flex-shrink-0 flex flex-col relative items-end\">\n<div class=\"pt-0\">\n<div class=\"gizmo-bot-avatar flex h-8 w-8 items-center justify-center overflow-hidden rounded-full\">\n<div class=\"relative p-1 rounded-sm flex items-center justify-center bg-token-main-surface-primary text-token-text-primary h-8 w-8\">\n<p>At\u00a0<strong>VapeTornado<\/strong>, szczycimy si\u0119 dostarczaniem\u00a0<strong>wysokiej jako\u015bci produkt\u00f3w vapingowych w bezkonkurencyjnych cenach<\/strong>\u2014i\u00a0<strong>Vapme Goat 40000 Puf\u00f3w<\/strong>\u00a0nie jest wyj\u0105tkiem! Oto dlaczego warto u nas kupowa\u0107:<\/p>\n<p><strong>Najlepsze Ceny Hurtowe<\/strong>\u00a0\u2013 Oferujemy\u00a0<strong>konkurencyjne rabaty hurtowe<\/strong>, co czyni nas najlepszym wyborem dla sprzedawc\u00f3w i sklep\u00f3w z e-papierosami.<br \/>\n<strong>Szybka<\/strong>\u00a0\u2013 Zrealizuj swoje zam\u00f3wienie\u00a0<strong>szybko i bezpiecznie<\/strong>, z opcjami wysy\u0142ki na ca\u0142y \u015bwiat.<br \/>\n<strong>100% autentyczne produkty<\/strong>\u00a0\u2013 \u017badnych podr\u00f3bek \u2014 tylko\u00a0<strong>Oryginalne jednorazowe urz\u0105dzenia Vapme Goat<\/strong>\u00a0o zweryfikowanej jako\u015bci.<br \/>\n<strong>Doskona\u0142a obs\u0142uga klienta<\/strong>\u00a0\u2013 Masz pytania? Nasi\u00a0<strong>eksperci od vape<\/strong> s\u0105 gotowi pom\u00f3c Ci 24\/7.<\/p>\n<p><strong>Nie czekaj\u2014zam\u00f3w sw\u00f3j Vapme Goat 40000 Puffs od VapeTornado ju\u017c dzi\u015b i do\u015bwiadcz najwy\u017cszej satysfakcji z vapingu!<\/strong>\u00a0\ud83d\ude80<\/p>\n<p data-start=\"559\" data-end=\"933\" data-is-last-node=\"\" data-is-only-node=\"\">Mamy te\u017c inne popularne vape z ekranem, takie jak <a href=\"https:\/\/vapestornado.com\/pl\/product\/mesii-couple-50k-disposable-shisha-hookah-50000-puffs-vape-with-digital-display\/\">Para Mesii 50000<\/a>, <a href=\"https:\/\/vapestornado.com\/pl\/product\/vopk-cool-9000-puffs-disposable-vapes-bar-puff-9k\/\">VOPK 9000 Puff Jednorazowy Vape<\/a>, <a href=\"https:\/\/vapestornado.com\/pl\/product\/bang-beach-22000-20k-puff-disposable-vape-pen-with-screen-reddit-hot\/\">Bang Beach 22000<\/a>, i wiele innych.<\/p>\n<\/div>\n<div class=\"relative p-1 rounded-sm flex items-center justify-center bg-token-main-surface-primary text-token-text-primary h-8 w-8\">\n<h2>FAQ<\/h2>\n<ol data-start=\"3754\" data-end=\"4973\">\n<li data-start=\"3754\" data-end=\"4025\">\n<p data-start=\"3757\" data-end=\"4025\"><strong data-start=\"3757\" data-end=\"3869\">Jak zmienia si\u0119 ilo\u015b\u0107 pary wydobywaj\u0105ca si\u0119 z Vapme Goat 40000 Puff 0.4\u03a9 mesh coil w por\u00f3wnaniu do wyrob\u00f3w jednorazowych o wy\u017cszym oporze?<\/strong><br data-start=\"3869\" data-end=\"3872\" \/>A <strong data-start=\"3874\" data-end=\"3892\">Cewka siatkowa 0,4 \u03a9<\/strong> pracuje na ni\u017cszym oporze, wi\u0119c generuje <strong data-start=\"3929\" data-end=\"3964\">g\u0119stsze chmury i cieplejszy smak<\/strong>, bli\u017cszy shishy ni\u017c lekkie jednorazowe z ustnym zaci\u0105gni\u0119ciem.<\/p>\n<\/li>\n<li data-start=\"4027\" data-end=\"4220\">\n<p data-start=\"4030\" data-end=\"4220\"><strong data-start=\"4030\" data-end=\"4111\">Czy regulowany przep\u0142yw powietrza Vapme Goat 40K obs\u0142uguje zar\u00f3wno MTL, jak i DTL poprawnie?<\/strong><br data-start=\"4111\" data-end=\"4114\" \/>Tak. Zamkni\u0119cie przep\u0142ywu powietrza zwi\u0119ksza op\u00f3r dla MTL; otwarcie zapewnia swobodniejsze zaci\u0105gni\u0119cie dla DTL z wi\u0119ksz\u0105 ilo\u015bci\u0105 pary.<\/p>\n<\/li>\n<li data-start=\"4222\" data-end=\"4476\">\n<p data-start=\"4225\" data-end=\"4476\"><strong data-start=\"4225\" data-end=\"4323\">Czy jednorazowy Vapme Goat 40000 Puff Type-C z mo\u017cliwo\u015bci\u0105 \u0142adowania mo\u017ce wytrzyma\u0107 ca\u0142y 30 ml tank?<\/strong><br data-start=\"4323\" data-end=\"4326\" \/>Na to w\u0142a\u015bnie s\u0142u\u017cy mo\u017cliwo\u015b\u0107 ponownego \u0142adowania. Je\u015bli bateria roz\u0142aduje si\u0119 wcze\u015bniej ni\u017c p\u0142yn, <strong data-start=\"4401\" data-end=\"4423\">szybkie uzupe\u0142nienie Type-C<\/strong> utrzymuje urz\u0105dzenie w dzia\u0142aniu do momentu opr\u00f3\u017cnienia tanku.<\/p>\n<\/li>\n<li data-start=\"4478\" data-end=\"4721\">\n<p data-start=\"4481\" data-end=\"4721\"><strong data-start=\"4481\" data-end=\"4587\">Jakie mo\u017cna oczekiwa\u0107 osi\u0105gni\u0119cia smaku z Vapme Goat 40 000 puf\u00f3w shishy podczas d\u0142ugotrwa\u0142ego u\u017cytkowania?<\/strong><br data-start=\"4587\" data-end=\"4590\" \/>Podgrzewanie mesh pomaga utrzyma\u0107 smak <strong data-start=\"4622\" data-end=\"4645\">wyrazisty i sp\u00f3jny<\/strong> g\u0142\u0119biej w tanku, z mniejszym zanikaniem smaku w p\u00f3\u017aniejszym etapie ni\u017c w standardowych drutowych coilach.<\/p>\n<\/li>\n<li data-start=\"4723\" data-end=\"4973\">\n<p data-start=\"4726\" data-end=\"4973\"><strong data-start=\"4726\" data-end=\"4835\">Czy jednorazowy Vapme Goat 40000 Puff 2% nikotynowy jest odpowiedni dla regularnych u\u017cytkownik\u00f3w z Polski, kt\u00f3rzy chc\u0105 l\u017cejszego efektu?<\/strong><br data-start=\"4835\" data-end=\"4838\" \/>2% jest ustawiony na <strong data-start=\"4852\" data-end=\"4883\">lekko-\u015brednie codzienne u\u017cytkowanie<\/strong>, utrzymuj\u0105c efekt bez nadmiernej si\u0142y; 0% odpowiada preferencji bez nikotyny.<\/p>\n<\/li>\n<\/ol>\n<\/div>\n<\/div>\n<\/div>\n<\/div>","protected":false},"excerpt":{"rendered":"<p class=\"LC20lb MBeuO DKV0Md\">Vapme Goat 40000 Pali Puff e-papieros jednorazowy w stylu shisha z 30ml nape\u0142nionym e-liquidem, 0,4\u03a9 siatk\u0105 grza\u0142ki, regulowanym przep\u0142ywem powietrza i akumulatorem Type-C o pojemno\u015bci 850mAh. Do 40 000 puf\u00f3w, nikotyna 0% lub 2%, 10 smak\u00f3w na d\u0142ugie, g\u0119ste, g\u0142adkie sesje.<\/p>\n<p><strong>Dodaj Amy na WhatsApp, aby uzyska\u0107 w\u0142a\u015bciw\u0105 odpowied\u017a i cen\u0119 z rabatem!<\/strong><\/p>\n<p><img fetchpriority=\"high\" decoding=\"async\" class=\"size-full wp-image-2932\" src=\"https:\/\/vapestornado.com\/wp-content\/uploads\/2024\/12\/Vape-Wholesale.jpg\" alt=\"Hurtowa sprzeda\u017c e-papieros\u00f3w\" width=\"229\" height=\"300\" \/><\/p>\n<h3><a href=\"https:\/\/wa.me\/8617776015835\"><span style=\"color: #ff0000;\"><strong>WhatsApp: +86 17776015835<\/strong><\/span><\/a><\/h3>\n<p>&nbsp;<\/p>","protected":false},"featured_media":4001,"comment_status":"open","ping_status":"closed","template":"","meta":{"_acf_changed":false,"_uag_custom_page_level_css":"","_lmt_disableupdate":"no","_lmt_disable":"","_monsterinsights_skip_tracking":false,"_monsterinsights_sitenote_active":false,"_monsterinsights_sitenote_note":"","_monsterinsights_sitenote_category":0,"site-sidebar-layout":"default","site-content-layout":"","ast-site-content-layout":"default","site-content-style":"default","site-sidebar-style":"default","ast-global-header-display":"","ast-banner-title-visibility":"","ast-main-header-display":"","ast-hfb-above-header-display":"","ast-hfb-below-header-display":"","ast-hfb-mobile-header-display":"","site-post-title":"","ast-breadcrumbs-content":"","ast-featured-img":"","footer-sml-layout":"","ast-disable-related-posts":"","theme-transparent-header-meta":"default","adv-header-id-meta":"","stick-header-meta":"","header-above-stick-meta":"","header-main-stick-meta":"","header-below-stick-meta":"","astra-migrate-meta-layouts":"set","ast-page-background-enabled":"default","ast-page-background-meta":{"desktop":{"background-color":"","background-image":"","background-repeat":"repeat","background-position":"center center","background-size":"auto","background-attachment":"scroll","background-type":"","background-media":"","overlay-type":"","overlay-color":"","overlay-opacity":"","overlay-gradient":""},"tablet":{"background-color":"","background-image":"","background-repeat":"repeat","background-position":"center center","background-size":"auto","background-attachment":"scroll","background-type":"","background-media":"","overlay-type":"","overlay-color":"","overlay-opacity":"","overlay-gradient":""},"mobile":{"background-color":"","background-image":"","background-repeat":"repeat","background-position":"center center","background-size":"auto","background-attachment":"scroll","background-type":"","background-media":"","overlay-type":"","overlay-color":"","overlay-opacity":"","overlay-gradient":""}},"ast-content-background-meta":{"desktop":{"background-color":"var(--ast-global-color-5)","background-image":"","background-repeat":"repeat","background-position":"center center","background-size":"auto","background-attachment":"scroll","background-type":"","background-media":"","overlay-type":"","overlay-color":"","overlay-opacity":"","overlay-gradient":""},"tablet":{"background-color":"var(--ast-global-color-5)","background-image":"","background-repeat":"repeat","background-position":"center center","background-size":"auto","background-attachment":"scroll","background-type":"","background-media":"","overlay-type":"","overlay-color":"","overlay-opacity":"","overlay-gradient":""},"mobile":{"background-color":"var(--ast-global-color-5)","background-image":"","background-repeat":"repeat","background-position":"center center","background-size":"auto","background-attachment":"scroll","background-type":"","background-media":"","overlay-type":"","overlay-color":"","overlay-opacity":"","overlay-gradient":""}},"_joinchat":{"telephone":"17776015835"}},"product_brand":[],"product_cat":[65,158,146,147,61],"product_tag":[165,291,294,94,298],"class_list":{"0":"post-4007","1":"product","2":"type-product","3":"status-publish","4":"has-post-thumbnail","6":"product_cat-40000-puff","7":"product_cat-buy-disposable-vapes-in-spain","8":"product_cat-rechargeable-disposable-vapes","9":"product_cat-shisha-hookah-disposable-vapes","10":"product_cat-vapme-shisha","11":"product_tag-cheap-vapes","12":"product_tag-disposable-shisha-hookah","13":"product_tag-puff-40k","14":"product_tag-rechargeable-disposable-vape","15":"product_tag-vapme-goat-40000","16":"desktop-align-left","17":"tablet-align-left","18":"mobile-align-left","20":"first","21":"instock","22":"sale","23":"shipping-taxable","24":"purchasable","25":"product-type-simple"},"acf":[],"uagb_featured_image_src":{"full":["https:\/\/vapestornado.com\/wp-content\/uploads\/2025\/03\/Hot-Vapme-40000-Puffs-Disposables-Price-Wholesale.webp",800,800,false],"thumbnail":["https:\/\/vapestornado.com\/wp-content\/uploads\/2025\/03\/Hot-Vapme-40000-Puffs-Disposables-Price-Wholesale-150x150.webp",150,150,true],"medium":["https:\/\/vapestornado.com\/wp-content\/uploads\/2025\/03\/Hot-Vapme-40000-Puffs-Disposables-Price-Wholesale-300x300.webp",300,300,true],"medium_large":["https:\/\/vapestornado.com\/wp-content\/uploads\/2025\/03\/Hot-Vapme-40000-Puffs-Disposables-Price-Wholesale-768x768.webp",768,768,true],"large":["https:\/\/vapestornado.com\/wp-content\/uploads\/2025\/03\/Hot-Vapme-40000-Puffs-Disposables-Price-Wholesale.webp",800,800,false],"1536x1536":["https:\/\/vapestornado.com\/wp-content\/uploads\/2025\/03\/Hot-Vapme-40000-Puffs-Disposables-Price-Wholesale.webp",800,800,false],"2048x2048":["https:\/\/vapestornado.com\/wp-content\/uploads\/2025\/03\/Hot-Vapme-40000-Puffs-Disposables-Price-Wholesale.webp",800,800,false],"trp-custom-language-flag":["https:\/\/vapestornado.com\/wp-content\/uploads\/2025\/03\/Hot-Vapme-40000-Puffs-Disposables-Price-Wholesale.webp",12,12,false],"woocommerce_thumbnail":["https:\/\/vapestornado.com\/wp-content\/uploads\/2025\/03\/Hot-Vapme-40000-Puffs-Disposables-Price-Wholesale-300x300.webp",300,300,true],"woocommerce_single":["https:\/\/vapestornado.com\/wp-content\/uploads\/2025\/03\/Hot-Vapme-40000-Puffs-Disposables-Price-Wholesale-600x600.webp",600,600,true],"woocommerce_gallery_thumbnail":["https:\/\/vapestornado.com\/wp-content\/uploads\/2025\/03\/Hot-Vapme-40000-Puffs-Disposables-Price-Wholesale-100x100.webp",100,100,true]},"uagb_author_info":{"display_name":"ESAMY","author_link":"https:\/\/vapestornado.com\/pl\/author\/"},"uagb_comment_info":0,"uagb_excerpt":"Vapme Goat 40000 Puff shisha-style disposable vape with 30ml pre-filled e-liquid, 0.4\u03a9 mesh coil, adjustable airflow, and 850mAh Type-C rechargeable battery. Up to 40,000 puffs, 0% or 2% nicotine, 10 flavours for long, dense, smooth sessions. Add Amy's whatsapp to get right reply and discount price! WhatsApp: +86 17776015835 &nbsp;","_links":{"self":[{"href":"https:\/\/vapestornado.com\/pl\/wp-json\/wp\/v2\/product\/4007","targetHints":{"allow":["GET"]}}],"collection":[{"href":"https:\/\/vapestornado.com\/pl\/wp-json\/wp\/v2\/product"}],"about":[{"href":"https:\/\/vapestornado.com\/pl\/wp-json\/wp\/v2\/types\/product"}],"replies":[{"embeddable":true,"href":"https:\/\/vapestornado.com\/pl\/wp-json\/wp\/v2\/comments?post=4007"}],"wp:featuredmedia":[{"embeddable":true,"href":"https:\/\/vapestornado.com\/pl\/wp-json\/wp\/v2\/media\/4001"}],"wp:attachment":[{"href":"https:\/\/vapestornado.com\/pl\/wp-json\/wp\/v2\/media?parent=4007"}],"wp:term":[{"taxonomy":"product_brand","embeddable":true,"href":"https:\/\/vapestornado.com\/pl\/wp-json\/wp\/v2\/product_brand?post=4007"},{"taxonomy":"product_cat","embeddable":true,"href":"https:\/\/vapestornado.com\/pl\/wp-json\/wp\/v2\/product_cat?post=4007"},{"taxonomy":"product_tag","embeddable":true,"href":"https:\/\/vapestornado.com\/pl\/wp-json\/wp\/v2\/product_tag?post=4007"}],"curies":[{"name":"wp","href":"https:\/\/api.w.org\/{rel}","templated":true}]}}