{"id":3999,"date":"2025-03-25T07:33:36","date_gmt":"2025-03-25T07:33:36","guid":{"rendered":"https:\/\/vapestornado.com\/?post_type=product&#038;p=3999"},"modified":"2025-12-11T07:26:08","modified_gmt":"2025-12-11T07:26:08","slug":"wholesale-bang-beach-38000-puff-38k-vape-disposable-vaporizer-e-cig-at-cheap-prices","status":"publish","type":"product","link":"https:\/\/vapestornado.com\/pl\/product\/wholesale-bang-beach-38000-puff-38k-vape-disposable-vaporizer-e-cig-at-cheap-prices\/","title":{"rendered":"Hurtownia Bang Beach 38000 Zaci\u0105gni\u0119\u0107 38k Vape Jednorazowy Vaporizer E-papieros w Niskich Cenach"},"content":{"rendered":"<h1 data-pm-slice=\"1 1 []\">Hurtownia Bang Beach 38000 Zaci\u0105gni\u0119\u0107 38k Vape Jednorazowy Vaporizer E-papieros w Niskich Cenach<\/h1>\n<p><strong data-start=\"94\" data-end=\"114\">Pla\u017ca Bang 38000<\/strong> jest to wysokowydajny jednorazowy e-papieros stworzony dla vaper\u00f3w, kt\u00f3rzy chc\u0105 d\u0142ugiego czasu pracy, czytelnych informacji na urz\u0105dzeniu i mocnego smaku od pocz\u0105tku do ko\u0144ca. Z <strong data-start=\"277\" data-end=\"299\">do 38 000 puf\u00f3w<\/strong>, a <strong data-start=\"303\" data-end=\"325\">38 ml zbiornik na e-liquid<\/strong>, oraz z <strong data-start=\"334\" data-end=\"372\">Bateria 850mAh \u0142adowana przez Type-C<\/strong>, jest zaprojektowany tak, aby dzia\u0142a\u0107 przez d\u0142ugi czas bez konieczno\u015bci cz\u0119stej wymiany. A <strong data-start=\"447\" data-end=\"470\">dwuekranowy wy\u015bwietlacz<\/strong> pokazuje poziom baterii i oleju, podczas gdy <strong data-start=\"511\" data-end=\"538\">wy\u015bwietla poziom e-liquidu i baterii w czasie rzeczywistym, dzi\u0119ki czemu masz zawsze kontrol\u0119. Dodatkowo,<\/strong> dodaje warstw\u0119 bezpiecze\u0144stwa dla kieszeni, toreb i podr\u00f3\u017cy.<\/p>\n<h3 data-start=\"825\" data-end=\"880\">Dlaczego warto wybra\u0107 Bang Beach 38000 Puff<\/h3>\n<ul data-start=\"882\" data-end=\"2354\">\n<li data-start=\"882\" data-end=\"1213\">\n<p data-start=\"884\" data-end=\"1213\"><strong data-start=\"884\" data-end=\"935\">Rzeczywista pojemno\u015b\u0107, kt\u00f3ra zmienia Twoj\u0105 cotygodniow\u0105 rutyn\u0119.<\/strong> Cyfrowy ekran <strong data-start=\"940\" data-end=\"969\">Bang Beach 38000 Puff bar<\/strong> \u0142\u0105czy w sobie <strong data-start=\"981\" data-end=\"1000\">Ocena 38K puf\u00f3w<\/strong> z pe\u0142nym <strong data-start=\"1013\" data-end=\"1032\">38ml e-soku<\/strong>, wi\u0119c regularni u\u017cytkownicy w Polsce, Niemczech czy Hiszpanii mog\u0105 korzysta\u0107 <strong data-start=\"1086\" data-end=\"1119\">tygodniami przed wymian\u0105 urz\u0105dze\u0144<\/strong>. To oznacza mniej nag\u0142ych zakup\u00f3w i znacznie ni\u017cszy koszt \u201ena dzie\u0144\u201d ni\u017c w przypadku wi\u0119kszo\u015bci ma\u0142ych jednorazowych urz\u0105dze\u0144.<\/p>\n<\/li>\n<li data-start=\"1215\" data-end=\"1490\">\n<p data-start=\"1217\" data-end=\"1490\"><strong data-start=\"1217\" data-end=\"1262\">Smak mesh coil, kt\u00f3ry nie traci na intensywno\u015bci.<\/strong> Zasilany zaawansowanym <strong data-start=\"1283\" data-end=\"1307\">technologii mesh coil<\/strong>, to <strong data-start=\"1314\" data-end=\"1344\">Bang Beach 38K E-papierosem<\/strong> dostarczaj\u0105cym g\u0142adszy parowanie, mocniejszy smak i bardziej sp\u00f3jne zaci\u0105gni\u0119cia, zamiast ostrego, suchego smaku, kt\u00f3ry pojawia si\u0119, gdy podstawowe cewki zaczynaj\u0105 si\u0119 wypala\u0107.<\/p>\n<\/li>\n<li data-start=\"1492\" data-end=\"1773\">\n<p data-start=\"1494\" data-end=\"1773\"><strong data-start=\"1494\" data-end=\"1537\">\u0141adowanie Type-C, aby unikn\u0105\u0107 marnowania p\u0142ynu.<\/strong> Cyfrowy ekran <strong data-start=\"1542\" data-end=\"1589\">850mAh Type-C, wielokrotnie \u0142adowany Bang Beach 38000<\/strong> zosta\u0142 zaprojektowany do wielokrotnego \u0142adowania. Gdy bateria si\u0119 roz\u0142adowa, pod\u0142\u0105czasz go na szybkie uzupe\u0142nienie i kontynuujesz, a\u017c zbiornik b\u0119dzie naprawd\u0119 pusty, zamiast wyrzuca\u0107 p\u00f3\u0142u\u017cywany p\u0142yn.<\/p>\n<\/li>\n<li data-start=\"1775\" data-end=\"2092\">\n<p data-start=\"1777\" data-end=\"2092\"><strong data-start=\"1777\" data-end=\"1841\">Podw\u00f3jny wy\u015bwietlacz i blokada odcisk\u00f3w palc\u00f3w do u\u017cytku w rzeczywisto\u015bci.<\/strong> Cyfrowy ekran <strong data-start=\"1846\" data-end=\"1890\">urz\u0105dzenie z podw\u00f3jnym ekranem Pod<\/strong> pokazuje e-liquid i poziom baterii w czasie rzeczywistym, a blokada odcisk\u00f3w palc\u00f3w pomaga zapobiec przypadkowej aktywacji w kieszeni lub torbie \u2014 przydatne podczas dojazd\u00f3w, wieczornych wyj\u015b\u0107 lub podr\u00f3\u017cy po Polsce i innych krajach.<\/p>\n<\/li>\n<li data-start=\"2094\" data-end=\"2354\">\n<p data-start=\"2096\" data-end=\"2354\"><strong data-start=\"2096\" data-end=\"2153\">Przyjazne hurtowym zakupom dla ka\u017cdego sklepu vapor lub dystrybutora.<\/strong> Dzi\u0119ki <strong data-start=\"2159\" data-end=\"2190\">hurtowym cenom papieros\u00f3w<\/strong> oraz du\u017ce zapotrzebowanie w <strong data-start=\"2216\" data-end=\"2230\">sklepie vapor<\/strong> kana\u0142, Bang Beach 38000 dzia\u0142a zar\u00f3wno dla ko\u0144cowych u\u017cytkownik\u00f3w, jak i hurtowych nabywc\u00f3w, kt\u00f3rzy chc\u0105 urz\u0105dzenia o d\u0142ugiej \u017cywotno\u015bci, kt\u00f3re faktycznie si\u0119 sprzedaje.<\/p>\n<\/li>\n<\/ul>\n<p data-start=\"666\" data-end=\"1235\"><strong style=\"font-size: 16px;\"><span style=\"color: #ff0000;\">Dodaj Amy na WhatsApp, aby uzyska\u0107 szybk\u0105 odpowied\u017a i cen\u0119 ze zni\u017ck\u0105!<\/span><\/strong><\/p>\n<p><img fetchpriority=\"high\" decoding=\"async\" class=\"size-full wp-image-2932\" src=\"https:\/\/vapestornado.com\/wp-content\/uploads\/2024\/12\/Vape-Wholesale.jpg\" alt=\"Hurtowa sprzeda\u017c e-papieros\u00f3w\" width=\"229\" height=\"300\" \/><\/p>\n<h3><a href=\"https:\/\/wa.me\/8617776015835\" target=\"_blank\" rel=\"noopener\"><span style=\"color: #ff0000;\"><strong>WhatsApp: +86 17776015835<\/strong><\/span><\/a><\/h3>\n<p>&nbsp;<\/p>\n<h2><strong>Bang Beach 38000 Puff \u2013 Kluczowe cechy produktu<\/strong><\/h2>\n<table>\n<thead>\n<tr>\n<th>Funkcja<\/th>\n<th>specyfikacja<\/th>\n<th>szczeg\u00f3\u0142y<\/th>\n<\/tr>\n<\/thead>\n<tbody>\n<tr>\n<td>Marka<\/td>\n<td>Bang Beach<\/td>\n<td>Wysokiej pojemno\u015bci linia jednorazowa na rynki UE<\/td>\n<\/tr>\n<tr>\n<td>Model<\/td>\n<td>Bang Beach 38000 Puff Bar<\/td>\n<td>E-papieros 38K puf\u00f3w, wielokrotnie \u0142adowany<\/td>\n<\/tr>\n<tr>\n<td>Pojemno\u015b\u0107 zaci\u0105gni\u0119\u0107<\/td>\n<td>Do 38 000 puf\u00f3w<\/td>\n<td>Zaprojektowany do wielotygodniowego codziennego u\u017cytku<\/td>\n<\/tr>\n<tr>\n<td>Pojemno\u015b\u0107 e-liquid<\/td>\n<td>38 ml e-liquid<\/td>\n<td>Du\u017cy zbiornik dopasowany do du\u017cej liczby puf\u00f3w<\/td>\n<\/tr>\n<tr>\n<td>Poziomy nikotyny<\/td>\n<td>0% \/ 2% \/ 3% \/ 5%<\/td>\n<td>Pasuje do smak\u00f3w, umiarkowanych i mocniejszych preferencji<\/td>\n<\/tr>\n<tr>\n<td>Bateria<\/td>\n<td>850mAh do\u0142adowywalna bateria<\/td>\n<td>Obs\u0142uguje wielokrotne \u0142adowania w trakcie \u017cywotno\u015bci urz\u0105dzenia<\/td>\n<\/tr>\n<tr>\n<td>\u0141adowanie<\/td>\n<td>\u0142adowane przez Type-C<\/td>\n<td>Szybkie \u0142adowanie za pomoc\u0105 standardowych nowoczesnych kabli<\/td>\n<\/tr>\n<tr>\n<td>Typ Grza\u0142ki<\/td>\n<td>Cewka Mesh<\/td>\n<td>G\u0142adki par i stabilne dostarczanie smaku<\/td>\n<\/tr>\n<tr>\n<td>Wy\u015bwietlacz<\/td>\n<td>Podw\u00f3jny ekran (olej + bateria)<\/td>\n<td>Status w czasie rzeczywistym na temat e-liquid\u00f3w i baterii<\/td>\n<\/tr>\n<tr>\n<td>Bezpiecze\u0144stwo<\/td>\n<td>Zamek ekranowy odciskami palc\u00f3w<\/td>\n<td>Zmniejsza przypadkowe w\u0142\u0105czenia i zwi\u0119ksza prywatno\u015b\u0107<\/td>\n<\/tr>\n<tr>\n<td>Pozycjonowanie<\/td>\n<td>Hurt i detal<\/td>\n<td>Optymalizowane dla hurtowych cen papieros\u00f3w i sprzeda\u017cy w sklepach vapor<\/td>\n<\/tr>\n<\/tbody>\n<\/table>\n<h2 class=\"product-title\"><strong>Bang Beach 38000 Puff \u2013 Lista gor\u0105cych smak\u00f3w<\/strong><\/h2>\n<article class=\"w-full text-token-text-primary focus-visible:outline-2 focus-visible:outline-offset-[-4px]\" dir=\"auto\" data-testid=\"conversation-turn-32\" data-scroll-anchor=\"false\">\n<div class=\"m-auto text-base py-[18px] px-6\">\n<div class=\"mx-auto flex flex-1 text-base gap-4 md:gap-5 lg:gap-6 md:max-w-3xl lg:max-w-[40rem] xl:max-w-[48rem]\">\n<div class=\"group\/conversation-turn relative flex w-full min-w-0 flex-col @xs\/thread:px-0 @sm\/thread:px-1.5 @md\/thread:px-4\">\n<div class=\"flex-col gap-1 md:gap-3\">\n<div class=\"flex max-w-full flex-col flex-grow\">\n<div class=\"min-h-8 text-message flex w-full flex-col items-end gap-2 whitespace-normal break-words text-start [.text-message+&amp;]:mt-5\" dir=\"auto\" data-message-author-role=\"user\" data-message-id=\"ffac41ca-1db4-431b-873a-32c4052956f1\">\n<div class=\"flex w-full flex-col gap-1 empty:hidden items-end rtl:items-start\">\n<div class=\"relative max-w-[var(--user-chat-width,70%)] rounded-3xl bg-token-message-surface px-5 py-2.5\">\n<div class=\"absolute bottom-0 right-full top-0 -mr-3.5 hidden pr-5 pt-2 [.group\/conversation-turn:hover_&amp;]:flex\">\n<div class=\"flex\">\n<article class=\"w-full text-token-text-primary focus-visible:outline-2 focus-visible:outline-offset-[-4px]\" dir=\"auto\" data-testid=\"conversation-turn-39\" data-scroll-anchor=\"true\">\n<div class=\"m-auto text-base py-[18px] px-6\">\n<div class=\"mx-auto flex flex-1 text-base gap-4 md:gap-5 lg:gap-6 md:max-w-3xl lg:max-w-[40rem] xl:max-w-[48rem]\">\n<div class=\"group\/conversation-turn relative flex w-full min-w-0 flex-col agent-turn @xs\/thread:px-0 @sm\/thread:px-1.5 @md\/thread:px-4\">\n<div class=\"flex-col gap-1 md:gap-3\">\n<div class=\"flex max-w-full flex-col flex-grow\">\n<div class=\"min-h-8 text-message flex w-full flex-col items-end gap-2 whitespace-normal break-words text-start [.text-message+&amp;]:mt-5\" dir=\"auto\" data-message-author-role=\"assistant\" data-message-id=\"55a23854-ec57-48dd-bd4f-6118f43d6241\" data-message-model-slug=\"gpt-4o\">\n<div class=\"flex w-full flex-col gap-1 empty:hidden first:pt-[3px]\">\n<div class=\"markdown prose w-full break-words dark:prose-invert light\">\n<p>1. Potr\u00f3jne Jagody z Lodem<br \/>\n2. R\u00f3\u017cowa Lemoniada<br \/>\n3.Bor\u00f3wka Malina<br \/>\n4.Mieszane Jagody<br \/>\n5.Truskawka Arbuz<br \/>\n6. Truskawkowy L\u00f3d<br \/>\n7. Winogronowy l\u00f3d<br \/>\n8.Brzoskwinia Mango<br \/>\n9.Niebieski Razz L\u00f3d<br \/>\n10.Wi\u015bniowa Bomba<br \/>\n11.Arbuzowy L\u00f3d<br \/>\n12.Brzoskwiniowy L\u00f3d<\/p>\n<figure id=\"attachment_4000\" aria-describedby=\"caption-attachment-4000\" style=\"width: 596px\" class=\"wp-caption alignnone\"><img decoding=\"async\" class=\"wp-image-4000 size-full\" src=\"https:\/\/vapestornado.com\/wp-content\/uploads\/2025\/03\/Wholesale-Bang-38000-Puffs.png\" alt=\"Hurtownia Bang 38000 Chmurek\" width=\"596\" height=\"596\" srcset=\"https:\/\/vapestornado.com\/wp-content\/uploads\/2025\/03\/Wholesale-Bang-38000-Puffs.png 596w, https:\/\/vapestornado.com\/wp-content\/uploads\/2025\/03\/Wholesale-Bang-38000-Puffs-300x300.png 300w, https:\/\/vapestornado.com\/wp-content\/uploads\/2025\/03\/Wholesale-Bang-38000-Puffs-150x150.png 150w, https:\/\/vapestornado.com\/wp-content\/uploads\/2025\/03\/Wholesale-Bang-38000-Puffs-100x100.png 100w\" sizes=\"(max-width: 596px) 100vw, 596px\" \/><figcaption id=\"caption-attachment-4000\" class=\"wp-caption-text\">Hurtownia Bang 38000 Chmurek<\/figcaption><\/figure>\n<\/div>\n<\/div>\n<\/div>\n<\/div>\n<\/div>\n<\/div>\n<\/div>\n<\/div>\n<\/article>\n<\/div>\n<\/div>\n<\/div>\n<\/div>\n<\/div>\n<\/div>\n<\/div>\n<\/div>\n<\/div>\n<\/div>\n<\/article>\n<h2>Dlaczego warto wybra\u0107 Vapestornado do zakupu Bang Beach 38000 Puff?<\/h2>\n<div class=\"flex-shrink-0 flex flex-col relative items-end\">\n<div class=\"pt-0\">\n<div class=\"gizmo-bot-avatar flex h-8 w-8 items-center justify-center overflow-hidden rounded-full\">\n<div class=\"relative p-1 rounded-sm flex items-center justify-center bg-token-main-surface-primary text-token-text-primary h-8 w-8\">\n<p data-start=\"88\" data-end=\"557\">Je\u015bli chodzi o <strong data-start=\"105\" data-end=\"154\">\u00a0zakup wysokiej jako\u015bci jednorazowych e-papieros\u00f3w<\/strong>, <strong data-start=\"156\" data-end=\"172\">Vapestornado<\/strong> jest niezr\u00f3wnanym \u017ar\u00f3d\u0142em <strong data-start=\"208\" data-end=\"271\">cen fabrycznych, szybkiej wysy\u0142ki i najwy\u017cszej jako\u015bci obs\u0142ugi klienta<\/strong>. Kupuj\u0105c Bang Beach 38000 Puff od Vapestornado, otrzymujesz <strong data-start=\"363\" data-end=\"400\">autentyczne, w 100% oryginalne produkty<\/strong> z najnowsz\u0105<strong data-start=\"417\" data-end=\"515\"> wy\u015bwietlacz ekranowy, \u0142adowanie przez Type-C i pojemno\u015b\u0107 38000 chmurek<\/strong>\u2014wszystko w najlepszej<strong data-start=\"527\" data-end=\"554\">\u00a0cen hurtowych<\/strong>.<\/p>\n<p data-start=\"559\" data-end=\"933\" data-is-last-node=\"\" data-is-only-node=\"\">Mamy te\u017c inne popularne vape z ekranem, takie jak <a href=\"https:\/\/vapestornado.com\/pl\/product\/mesii-couple-50k-disposable-shisha-hookah-50000-puffs-vape-with-digital-display\/\">Para Mesii 50000<\/a>, <a href=\"https:\/\/vapestornado.com\/pl\/product\/vopk-ultra-40000-puffs-2-in-1-digital-screen-rechargeable-disposable-vape\/\">VOPK 40000 Puff Jednorazowy Vape<\/a>, <a href=\"https:\/\/vapestornado.com\/pl\/product\/bang-beach-22000-20k-puff-disposable-vape-pen-with-screen-reddit-hot\/\">Bang Beach 22000<\/a>, i wiele innych.<\/p>\n<\/div>\n<div class=\"relative p-1 rounded-sm flex items-center justify-center bg-token-main-surface-primary text-token-text-primary h-8 w-8\">\n<h2>Najcz\u0119\u015bciej zadawane pytania na temat Bang 38000<\/h2>\n<p data-start=\"3372\" data-end=\"3465\">1. Jak d\u0142ugo zazwyczaj trwa u\u017cywanie e-papierosa Bang Beach 38000 Puff dla codziennych u\u017cytkownik\u00f3w?<\/p>\n<p data-start=\"3466\" data-end=\"3738\">Cyfrowy ekran <strong data-start=\"3470\" data-end=\"3507\">E-papieros Bang Beach 38000 Puff<\/strong> \u0142\u0105czy si\u0119 z <strong data-start=\"3516\" data-end=\"3529\">pojemnikiem 38ml<\/strong> z <strong data-start=\"3541\" data-end=\"3557\">38 000 zaci\u0105gni\u0119\u0107<\/strong>do <strong data-start=\"3590\" data-end=\"3625\">, wi\u0119c wielu codziennych u\u017cytkownik\u00f3w mo\u017ce korzysta\u0107<\/strong>przez kilka tygodni na jednym urz\u0105dzeniu<\/p>\n<p data-start=\"3745\" data-end=\"3859\">. Rzeczywisty czas zale\u017cy od cz\u0119stotliwo\u015bci zaci\u0105gni\u0119\u0107 i d\u0142ugo\u015bci wdechu, ale wyra\u017anie przewy\u017csza typowe 5K\u201310K jednorazowych urz\u0105dze\u0144.<\/p>\n<p data-start=\"3860\" data-end=\"4084\">Cyfrowy ekran <strong data-start=\"3864\" data-end=\"3906\">2. Co zmienia mesh coil w e-papierosie Bang Beach 38000 o du\u017cej pojemno\u015bci w zakresie smaku i pary?<\/strong> E-papieros Bang Beach 38000 z mesh coil<\/p>\n<p data-start=\"4091\" data-end=\"4184\">3. Jak wy\u015bwietlacz z podw\u00f3jnym ekranem w Bang Beach 38000 Puff barze pomaga w codziennym u\u017cytkowaniu?<\/p>\n<p data-start=\"4185\" data-end=\"4462\">Cyfrowy ekran <strong data-start=\"4189\" data-end=\"4230\">podw\u00f3jny ekran Bang Beach 38000 Puff bar<\/strong> pokazuje poziom e-liquid i stan baterii oddzielnie, dzi\u0119ki czemu zawsze wiesz, czy musisz na\u0142adowa\u0107 urz\u0105dzenie lub czy zbiornik jest prawie pusty. Usuwa to domys\u0142y, co jest wa\u017cne, gdy polegasz na jednym urz\u0105dzeniu podczas dni roboczych lub podr\u00f3\u017cy.<\/p>\n<p data-start=\"4469\" data-end=\"4582\">4. Czy Bang Beach 38000 jest odpowiedni dla kupuj\u0105cych por\u00f3wnuj\u0105cych urz\u0105dzenia sklep\u00f3w vapor z cenami hurtowymi papieros\u00f3w?<\/p>\n<p data-start=\"4583\" data-end=\"4884\">Tak. Dla <strong data-start=\"4592\" data-end=\"4606\">sklepie vapor<\/strong> w\u0142a\u015bciciele i dystrybutorzy, <strong data-start=\"4636\" data-end=\"4678\">hurtowa e-papieros Bang Beach 38000<\/strong> oferuje du\u017c\u0105 liczb\u0119 puf\u00f3w, zaawansowane funkcje (ekrany + blokada odcisk\u00f3w palc\u00f3w) oraz konkurencyjne <strong data-start=\"4767\" data-end=\"4798\">hurtowym cenom papieros\u00f3w<\/strong>, kt\u00f3re razem tworz\u0105 siln\u0105 propozycj\u0119 warto\u015bci w por\u00f3wnaniu z innymi jednorazowymi urz\u0105dzeniami o d\u0142ugiej \u017cywotno\u015bci.<\/p>\n<p data-start=\"4891\" data-end=\"5003\">5. Czy blokada odcisk\u00f3w palc\u00f3w w e-papierosie Bang Beach 38000 Puff wp\u0142ywa na wydajno\u015b\u0107 czy tylko na bezpiecze\u0144stwo?<\/p>\n<p data-start=\"5004\" data-end=\"5262\">Cyfrowy ekran <strong data-start=\"5008\" data-end=\"5052\">system blokady odcisk\u00f3w palc\u00f3w Bang Beach 38000<\/strong> jest wy\u0142\u0105cznie kwesti\u0105 bezpiecze\u0144stwa i wygody. Pomaga zapobiega\u0107 przypadkowemu uruchomieniu i nieautoryzowanemu u\u017cyciu, ale po odblokowaniu wydajno\u015b\u0107 pozostaje bez zmian \u2014 nadal uzyskujesz pe\u0142n\u0105 moc z cewki mesh i baterii 850mAh.<\/p>\n<\/div>\n<\/div>\n<\/div>\n<\/div>","protected":false},"excerpt":{"rendered":"<p class=\"LC20lb MBeuO DKV0Md\">Bang Beach 38000 Puff jednorazowy e-papieros z 38ml e-soku, mesh coil, akumulatorem 850mAh z \u0142adowaniem Type-C, wy\u015bwietlaczem dwuekranowym i blokad\u0105 odcisk\u00f3w palc\u00f3w. Wysokowydajny 38K vape bar zaprojektowany do d\u0142ugiego u\u017cytkowania, sprzeda\u017cy w sklepach vapor, oraz konkurencyjnych cen hurtowych papieros\u00f3w na terenie ca\u0142ej Europy.<\/p>\n<p><strong>Dodaj Amy na WhatsApp, aby uzyska\u0107 w\u0142a\u015bciw\u0105 odpowied\u017a i cen\u0119 z rabatem!<\/strong><\/p>\n<p><img fetchpriority=\"high\" decoding=\"async\" class=\"size-full wp-image-2932\" src=\"https:\/\/vapestornado.com\/wp-content\/uploads\/2024\/12\/Vape-Wholesale.jpg\" alt=\"Hurtowa sprzeda\u017c e-papieros\u00f3w\" width=\"229\" height=\"300\" \/><\/p>\n<h3><a href=\"https:\/\/wa.me\/8617776015835\"><span style=\"color: #ff0000;\"><strong>WhatsApp: +86 17776015835<\/strong><\/span><\/a><\/h3>\n<p>&nbsp;<\/p>","protected":false},"featured_media":3998,"comment_status":"open","ping_status":"closed","template":"","meta":{"_acf_changed":false,"_uag_custom_page_level_css":"","_lmt_disableupdate":"no","_lmt_disable":"","_monsterinsights_skip_tracking":false,"_monsterinsights_sitenote_active":false,"_monsterinsights_sitenote_note":"","_monsterinsights_sitenote_category":0,"site-sidebar-layout":"default","site-content-layout":"","ast-site-content-layout":"default","site-content-style":"default","site-sidebar-style":"default","ast-global-header-display":"","ast-banner-title-visibility":"","ast-main-header-display":"","ast-hfb-above-header-display":"","ast-hfb-below-header-display":"","ast-hfb-mobile-header-display":"","site-post-title":"","ast-breadcrumbs-content":"","ast-featured-img":"","footer-sml-layout":"","ast-disable-related-posts":"","theme-transparent-header-meta":"default","adv-header-id-meta":"","stick-header-meta":"","header-above-stick-meta":"","header-main-stick-meta":"","header-below-stick-meta":"","astra-migrate-meta-layouts":"set","ast-page-background-enabled":"default","ast-page-background-meta":{"desktop":{"background-color":"","background-image":"","background-repeat":"repeat","background-position":"center center","background-size":"auto","background-attachment":"scroll","background-type":"","background-media":"","overlay-type":"","overlay-color":"","overlay-opacity":"","overlay-gradient":""},"tablet":{"background-color":"","background-image":"","background-repeat":"repeat","background-position":"center center","background-size":"auto","background-attachment":"scroll","background-type":"","background-media":"","overlay-type":"","overlay-color":"","overlay-opacity":"","overlay-gradient":""},"mobile":{"background-color":"","background-image":"","background-repeat":"repeat","background-position":"center center","background-size":"auto","background-attachment":"scroll","background-type":"","background-media":"","overlay-type":"","overlay-color":"","overlay-opacity":"","overlay-gradient":""}},"ast-content-background-meta":{"desktop":{"background-color":"var(--ast-global-color-5)","background-image":"","background-repeat":"repeat","background-position":"center center","background-size":"auto","background-attachment":"scroll","background-type":"","background-media":"","overlay-type":"","overlay-color":"","overlay-opacity":"","overlay-gradient":""},"tablet":{"background-color":"var(--ast-global-color-5)","background-image":"","background-repeat":"repeat","background-position":"center center","background-size":"auto","background-attachment":"scroll","background-type":"","background-media":"","overlay-type":"","overlay-color":"","overlay-opacity":"","overlay-gradient":""},"mobile":{"background-color":"var(--ast-global-color-5)","background-image":"","background-repeat":"repeat","background-position":"center center","background-size":"auto","background-attachment":"scroll","background-type":"","background-media":"","overlay-type":"","overlay-color":"","overlay-opacity":"","overlay-gradient":""}},"_joinchat":{"telephone":"17776015835"}},"product_brand":[],"product_cat":[62,153,158,142],"product_tag":[295,297,296,491,269],"class_list":{"0":"post-3999","1":"product","2":"type-product","3":"status-publish","4":"has-post-thumbnail","6":"product_cat-bang-vape","7":"product_cat-buy-disposable-vapes-in-italy","8":"product_cat-buy-disposable-vapes-in-spain","9":"product_cat-digital-box-disposable-vapes","10":"product_tag-bang-beach-38000","11":"product_tag-fingerprint-vape","12":"product_tag-puff-bar","13":"product_tag-vape-with-digital-dispaly","14":"product_tag-vape-with-screen","15":"desktop-align-left","16":"tablet-align-left","17":"mobile-align-left","19":"first","20":"instock","21":"sale","22":"shipping-taxable","23":"purchasable","24":"product-type-simple"},"acf":[],"uagb_featured_image_src":{"full":["https:\/\/vapestornado.com\/wp-content\/uploads\/2025\/03\/Wholesale-Bang-Vape-at-Cheap-Prices.webp",800,800,false],"thumbnail":["https:\/\/vapestornado.com\/wp-content\/uploads\/2025\/03\/Wholesale-Bang-Vape-at-Cheap-Prices-150x150.webp",150,150,true],"medium":["https:\/\/vapestornado.com\/wp-content\/uploads\/2025\/03\/Wholesale-Bang-Vape-at-Cheap-Prices-300x300.webp",300,300,true],"medium_large":["https:\/\/vapestornado.com\/wp-content\/uploads\/2025\/03\/Wholesale-Bang-Vape-at-Cheap-Prices-768x768.webp",768,768,true],"large":["https:\/\/vapestornado.com\/wp-content\/uploads\/2025\/03\/Wholesale-Bang-Vape-at-Cheap-Prices.webp",800,800,false],"1536x1536":["https:\/\/vapestornado.com\/wp-content\/uploads\/2025\/03\/Wholesale-Bang-Vape-at-Cheap-Prices.webp",800,800,false],"2048x2048":["https:\/\/vapestornado.com\/wp-content\/uploads\/2025\/03\/Wholesale-Bang-Vape-at-Cheap-Prices.webp",800,800,false],"trp-custom-language-flag":["https:\/\/vapestornado.com\/wp-content\/uploads\/2025\/03\/Wholesale-Bang-Vape-at-Cheap-Prices.webp",12,12,false],"woocommerce_thumbnail":["https:\/\/vapestornado.com\/wp-content\/uploads\/2025\/03\/Wholesale-Bang-Vape-at-Cheap-Prices-300x300.webp",300,300,true],"woocommerce_single":["https:\/\/vapestornado.com\/wp-content\/uploads\/2025\/03\/Wholesale-Bang-Vape-at-Cheap-Prices-600x600.webp",600,600,true],"woocommerce_gallery_thumbnail":["https:\/\/vapestornado.com\/wp-content\/uploads\/2025\/03\/Wholesale-Bang-Vape-at-Cheap-Prices-100x100.webp",100,100,true]},"uagb_author_info":{"display_name":"ESAMY","author_link":"https:\/\/vapestornado.com\/pl\/author\/"},"uagb_comment_info":1,"uagb_excerpt":"Bang Beach 38000 Puff disposable E-cigarette with 38ml e-juice, mesh coil, 850mAh Type-C rechargeable battery, dual-screen display and fingerprint lock. High-capacity 38K vape bar designed for long use, vapor shop sales, and competitive Cigarette wholesaler prices across Europe. Add Amy's whatsapp to get right reply and discount price! WhatsApp: +86 17776015835 &nbsp;","_links":{"self":[{"href":"https:\/\/vapestornado.com\/pl\/wp-json\/wp\/v2\/product\/3999","targetHints":{"allow":["GET"]}}],"collection":[{"href":"https:\/\/vapestornado.com\/pl\/wp-json\/wp\/v2\/product"}],"about":[{"href":"https:\/\/vapestornado.com\/pl\/wp-json\/wp\/v2\/types\/product"}],"replies":[{"embeddable":true,"href":"https:\/\/vapestornado.com\/pl\/wp-json\/wp\/v2\/comments?post=3999"}],"wp:featuredmedia":[{"embeddable":true,"href":"https:\/\/vapestornado.com\/pl\/wp-json\/wp\/v2\/media\/3998"}],"wp:attachment":[{"href":"https:\/\/vapestornado.com\/pl\/wp-json\/wp\/v2\/media?parent=3999"}],"wp:term":[{"taxonomy":"product_brand","embeddable":true,"href":"https:\/\/vapestornado.com\/pl\/wp-json\/wp\/v2\/product_brand?post=3999"},{"taxonomy":"product_cat","embeddable":true,"href":"https:\/\/vapestornado.com\/pl\/wp-json\/wp\/v2\/product_cat?post=3999"},{"taxonomy":"product_tag","embeddable":true,"href":"https:\/\/vapestornado.com\/pl\/wp-json\/wp\/v2\/product_tag?post=3999"}],"curies":[{"name":"wp","href":"https:\/\/api.w.org\/{rel}","templated":true}]}}