{"id":3975,"date":"2025-03-25T07:58:28","date_gmt":"2025-03-25T07:58:28","guid":{"rendered":"https:\/\/vapestornado.com\/?post_type=product&#038;p=3975"},"modified":"2025-08-23T11:43:24","modified_gmt":"2025-08-23T11:43:24","slug":"2025-new-vopk-ultra-40000-puffs-double-flavor-disposable-vape-factory-suppliers","status":"publish","type":"product","link":"https:\/\/vapestornado.com\/pl\/product\/2025-new-vopk-ultra-40000-puffs-double-flavor-disposable-vape-factory-suppliers\/","title":{"rendered":"2025 Nowy VOPK Ultra 40000 Zaci\u0105gni\u0119\u0107 Podw\u00f3jny Smak Jednorazowy Vape Dostawcy Fabryczni"},"content":{"rendered":"<h1 data-pm-slice=\"1 1 []\">2025 Nowy VOPK Ultra 40000 Zaci\u0105gni\u0119\u0107 Podw\u00f3jny Smak Jednorazowy Vape Dostawcy Fabryczni<\/h1>\n<p data-start=\"140\" data-end=\"448\">Cyfrowy ekran <strong data-start=\"144\" data-end=\"209\">Nowy VOPK Ultra 40000 Puffs Double Flavor Disposable Vape na rok 2025<\/strong> jest przeznaczony dla sprzedawc\u00f3w detalicznych i dystrybutor\u00f3w poszukuj\u0105cych opcji premium, trwa\u0142ej dla swojego asortymentu. Z pojemno\u015bci\u0105 do <strong data-start=\"324\" data-end=\"340\">40 000 zaci\u0105gni\u0119\u0107<\/strong>, to urz\u0105dzenie o du\u017cej pojemno\u015bci \u0142\u0105czy <strong data-start=\"377\" data-end=\"409\">wydajno\u015b\u0107 DTL w stylu hookah<\/strong> ze stylowym designem inspirowanym SHISH\u0104.<\/p>\n<p data-start=\"450\" data-end=\"859\">Wyposa\u017cony w <strong data-start=\"467\" data-end=\"498\">akumulator 850mAh<\/strong> i <strong data-start=\"505\" data-end=\"537\">36 ml wst\u0119pnie nape\u0142nionego zbiornika e-liquidu<\/strong>, VOPK Ultra zapewnia d\u0142ugotrwa\u0142e wapowanie bez cz\u0119stych wymian. Jego <strong data-start=\"613\" data-end=\"635\">cyfrowy ekran RGB<\/strong> informuje u\u017cytkownik\u00f3w na bie\u017c\u0105co o stanie baterii, liczbie zaci\u0105gni\u0119\u0107 i ustawieniach mocy. Regulowana kontrola mocy pozwala klientom dostosowa\u0107 intensywno\u015b\u0107 wapowania, zar\u00f3wno dla delikatnych sesji smakowych, jak i g\u0119stych chmur.<\/p>\n<p data-start=\"861\" data-end=\"1210\">Wyr\u00f3\u017cniaj\u0105c\u0105 cech\u0105 jest jego <strong data-start=\"889\" data-end=\"914\">system czterech grza\u0142ek siatkowych<\/strong>, zapewniaj\u0105c wzmocniony smak i produkcj\u0119 pary, jednocze\u015bnie zapewniaj\u0105c, \u017ce ka\u017cde zaci\u0105gni\u0119cie pozostaje sp\u00f3jne. Z <strong data-start=\"1015\" data-end=\"1053\">podw\u00f3jnymi smakami wbudowanymi w jedno urz\u0105dzenie<\/strong>, u\u017cytkownicy mog\u0105 bez wysi\u0142ku prze\u0142\u0105cza\u0107 si\u0119 mi\u0119dzy profilami smakowymi, takimi jak <strong data-start=\"1113\" data-end=\"1165\">Truskawka Arbuz<\/strong> or <strong data-start=\"1169\" data-end=\"1207\">Niebieska Malina Ananas<\/strong>.<\/p>\n<p data-start=\"1212\" data-end=\"1603\">Dost\u0119pne w <strong data-start=\"1225\" data-end=\"1266\">0%, 2%, 3% i 5% st\u0119\u017ceniach nikotyny<\/strong>, VOPK Ultra 40K zaspokaja wszystkie preferencje u\u017cytkownik\u00f3w, od entuzjast\u00f3w bez nikotyny po do\u015bwiadczonych waper\u00f3w. Szybkie <strong data-start=\"1378\" data-end=\"1397\">\u0142adowanie typu C<\/strong> gwarantuje minimalne przestoje, dzi\u0119ki czemu jest wysoce niezawodny w podr\u00f3\u017cy. Dla hurtownik\u00f3w ten model oferuje <strong data-start=\"1507\" data-end=\"1586\">bezpo\u015brednie dostawy z fabryki, konkurencyjne ceny hurtowe i siln\u0105 atrakcyjno\u015b\u0107 dla klient\u00f3w<\/strong> w ca\u0142ej Polsce.<\/p>\n<p data-start=\"666\" data-end=\"1235\"><strong style=\"font-size: 16px;\"><span style=\"color: #ff0000;\">Dodaj Amy na WhatsApp, aby uzyska\u0107 szybk\u0105 odpowied\u017a i cen\u0119 ze zni\u017ck\u0105!<\/span><\/strong><\/p>\n<p><img fetchpriority=\"high\" decoding=\"async\" class=\"size-full wp-image-2932\" src=\"https:\/\/vapestornado.com\/wp-content\/uploads\/2024\/12\/Vape-Wholesale.jpg\" alt=\"Hurtowa sprzeda\u017c e-papieros\u00f3w\" width=\"229\" height=\"300\" \/><\/p>\n<h3><a href=\"https:\/\/wa.me\/8617776015835\" target=\"_blank\" rel=\"noopener\"><span style=\"color: #ff0000;\"><strong>WhatsApp: +86 17776015835<\/strong><\/span><\/a><\/h3>\n<p>&nbsp;<\/p>\n<h2><strong>Kluczowe cechy produktu VOPK Ultra 40000 Puffs<\/strong><\/h2>\n<p>Marka: Vopk Vapes<br \/>\nE-Sok: 36ml wst\u0119pnie nape\u0142nionego p\u0142ynu<br \/>\nBateria: bateria 850mAh<br \/>\nPort Type-c<br \/>\nDo 40000 zaci\u0105gni\u0119\u0107<br \/>\nRegulowana moc<br \/>\nCyfrowy wy\u015bwietlacz<br \/>\n0% 2% 3% 5% poziomy nikotyny<\/p>\n<figure id=\"attachment_3955\" aria-describedby=\"caption-attachment-3955\" style=\"width: 800px\" class=\"wp-caption alignnone\"><img decoding=\"async\" class=\"wp-image-3955 size-full\" src=\"https:\/\/vapestornado.com\/wp-content\/uploads\/2025\/03\/VOPK-Ultra-40k-40000-Puffs-Disposable-Vape-Dual-Flavors.webp\" alt=\"VOPK Ultra 40k 40000 Zaci\u0105gni\u0119\u0107 Jednorazowy Vape 2 Smaki\" width=\"800\" height=\"800\" srcset=\"https:\/\/vapestornado.com\/wp-content\/uploads\/2025\/03\/VOPK-Ultra-40k-40000-Puffs-Disposable-Vape-Dual-Flavors.webp 800w, https:\/\/vapestornado.com\/wp-content\/uploads\/2025\/03\/VOPK-Ultra-40k-40000-Puffs-Disposable-Vape-Dual-Flavors-300x300.webp 300w, https:\/\/vapestornado.com\/wp-content\/uploads\/2025\/03\/VOPK-Ultra-40k-40000-Puffs-Disposable-Vape-Dual-Flavors-150x150.webp 150w, https:\/\/vapestornado.com\/wp-content\/uploads\/2025\/03\/VOPK-Ultra-40k-40000-Puffs-Disposable-Vape-Dual-Flavors-768x768.webp 768w, https:\/\/vapestornado.com\/wp-content\/uploads\/2025\/03\/VOPK-Ultra-40k-40000-Puffs-Disposable-Vape-Dual-Flavors-600x600.webp 600w, https:\/\/vapestornado.com\/wp-content\/uploads\/2025\/03\/VOPK-Ultra-40k-40000-Puffs-Disposable-Vape-Dual-Flavors-100x100.webp 100w\" sizes=\"(max-width: 800px) 100vw, 800px\" \/><figcaption id=\"caption-attachment-3955\" class=\"wp-caption-text\">VOPK Ultra 40k 40000 Zaci\u0105gni\u0119\u0107 Jednorazowy Vape 2 Smaki<\/figcaption><\/figure>\n<p>&nbsp;<\/p>\n<h2 class=\"product-title\"><strong>Lista smak\u00f3w VOPK Ultra 40000 Zaci\u0105gni\u0119\u0107 Jednorazowe Pude\u0142ko<\/strong><\/h2>\n<article class=\"w-full text-token-text-primary focus-visible:outline-2 focus-visible:outline-offset-[-4px]\" dir=\"auto\" data-testid=\"conversation-turn-32\" data-scroll-anchor=\"false\">\n<div class=\"m-auto text-base py-[18px] px-6\">\n<div class=\"mx-auto flex flex-1 text-base gap-4 md:gap-5 lg:gap-6 md:max-w-3xl lg:max-w-[40rem] xl:max-w-[48rem]\">\n<div class=\"group\/conversation-turn relative flex w-full min-w-0 flex-col @xs\/thread:px-0 @sm\/thread:px-1.5 @md\/thread:px-4\">\n<div class=\"flex-col gap-1 md:gap-3\">\n<div class=\"flex max-w-full flex-col flex-grow\">\n<div class=\"min-h-8 text-message flex w-full flex-col items-end gap-2 whitespace-normal break-words text-start [.text-message+&amp;]:mt-5\" dir=\"auto\" data-message-author-role=\"user\" data-message-id=\"ffac41ca-1db4-431b-873a-32c4052956f1\">\n<div class=\"flex w-full flex-col gap-1 empty:hidden items-end rtl:items-start\">\n<div class=\"relative max-w-[var(--user-chat-width,70%)] rounded-3xl bg-token-message-surface px-5 py-2.5\">\n<div class=\"absolute bottom-0 right-full top-0 -mr-3.5 hidden pr-5 pt-2 [.group\/conversation-turn:hover_&amp;]:flex\">\n<div class=\"flex\">\n<article class=\"w-full text-token-text-primary focus-visible:outline-2 focus-visible:outline-offset-[-4px]\" dir=\"auto\" data-testid=\"conversation-turn-39\" data-scroll-anchor=\"true\">\n<div class=\"m-auto text-base py-[18px] px-6\">\n<div class=\"mx-auto flex flex-1 text-base gap-4 md:gap-5 lg:gap-6 md:max-w-3xl lg:max-w-[40rem] xl:max-w-[48rem]\">\n<div class=\"group\/conversation-turn relative flex w-full min-w-0 flex-col agent-turn @xs\/thread:px-0 @sm\/thread:px-1.5 @md\/thread:px-4\">\n<div class=\"flex-col gap-1 md:gap-3\">\n<div class=\"flex max-w-full flex-col flex-grow\">\n<div class=\"min-h-8 text-message flex w-full flex-col items-end gap-2 whitespace-normal break-words text-start [.text-message+&amp;]:mt-5\" dir=\"auto\" data-message-author-role=\"assistant\" data-message-id=\"55a23854-ec57-48dd-bd4f-6118f43d6241\" data-message-model-slug=\"gpt-4o\">\n<div class=\"flex w-full flex-col gap-1 empty:hidden first:pt-[3px]\">\n<div class=\"markdown prose w-full break-words dark:prose-invert light\">\n<p>1.Truskawka Arbuz \/ Kiwi Marakuja Guawa<br \/>\n2.Jagoda Malina \/ Brzoskwinia Mango Arbuz<br \/>\n3.Niebieska Malina \u017belkowy Mi\u015b \/ Truskawka Kiwi<br \/>\n4.Niebieska Malina Wi\u015bnia \/ Truskawka Malina<br \/>\n5.Cytryna Lemoniada<br \/>\n6.Arbuz L\u00f3d \/ Niebieska Malina L\u00f3d<br \/>\n7.Niebieska Malina Ananas \/ Potr\u00f3jne Mango<br \/>\n8.Winogrono Jagodowy Wybuch \/ Gruszka Jab\u0142ko Malina<br \/>\n9.Truskawka \u017burawina Wi\u015bnia\/ Ananas Marakuja Limonka<br \/>\n10.Jagoda Truskawka Mentol\/ Jagoda Malina Mentol<\/p>\n<\/div>\n<\/div>\n<\/div>\n<\/div>\n<\/div>\n<\/div>\n<\/div>\n<\/div>\n<\/article>\n<\/div>\n<\/div>\n<\/div>\n<\/div>\n<\/div>\n<\/div>\n<\/div>\n<\/div>\n<\/div>\n<\/div>\n<\/article>\n<h2>Dlaczego warto wybra\u0107 Vapestornado, aby kupi\u0107 VOPK Ultra 40000 Puffs?<\/h2>\n<div class=\"flex-shrink-0 flex flex-col relative items-end\">\n<div class=\"pt-0\">\n<div class=\"gizmo-bot-avatar flex h-8 w-8 items-center justify-center overflow-hidden rounded-full\">\n<div class=\"relative p-1 rounded-sm flex items-center justify-center bg-token-main-surface-primary text-token-text-primary h-8 w-8\">\n<p data-start=\"88\" data-end=\"557\">Je\u015bli chodzi o <strong data-start=\"105\" data-end=\"154\">\u00a0zakup wysokiej jako\u015bci jednorazowych e-papieros\u00f3w<\/strong>, <strong data-start=\"156\" data-end=\"172\">Vapestornado<\/strong> jest niezr\u00f3wnanym \u017ar\u00f3d\u0142em <strong data-start=\"208\" data-end=\"271\">cen fabrycznych, szybkiej wysy\u0142ki i najwy\u017cszej jako\u015bci obs\u0142ugi klienta<\/strong>. Kupuj\u0105c VOPK Ultra 40000 Puffs od Vapestornado, otrzymujesz <strong data-start=\"363\" data-end=\"400\">autentyczne, w 100% oryginalne produkty<\/strong> z najnowszym cyfrowym<strong data-start=\"417\" data-end=\"515\"> wy\u015bwietlaczem, wygod\u0105 \u0142adowania przez Type-C, podw\u00f3jnym smakiem 2 w 1 i pojemno\u015bci\u0105 4000 zaci\u0105gni\u0119\u0107<\/strong>\u2014wszystko w niskiej<strong data-start=\"527\" data-end=\"554\">\u00a0cen hurtowych<\/strong>.<\/p>\n<p data-start=\"559\" data-end=\"933\" data-is-last-node=\"\" data-is-only-node=\"\">Mamy te\u017c inne popularne vape z ekranem, takie jak <a href=\"https:\/\/vapestornado.com\/pl\/product\/mesii-couple-50k-disposable-shisha-hookah-50000-puffs-vape-with-digital-display\/\">Para Mesii 50000<\/a>, <a href=\"https:\/\/vapestornado.com\/pl\/product\/vopk-cool-9000-puffs-disposable-vapes-bar-puff-9k\/\">VOPK 9000 Puff Jednorazowy Vape<\/a>, <a href=\"https:\/\/vapestornado.com\/pl\/product\/bang-beach-22000-20k-puff-disposable-vape-pen-with-screen-reddit-hot\/\">Bang Beach 22000<\/a>, i wiele innych.<\/p>\n<\/div>\n<div class=\"relative p-1 rounded-sm flex items-center justify-center bg-token-main-surface-primary text-token-text-primary h-8 w-8\">\n<h2>FAQ<\/h2>\n<ol data-start=\"1260\" data-end=\"2197\">\n<li class=\"\" data-start=\"1260\" data-end=\"1488\">\n<p class=\"\" data-start=\"1263\" data-end=\"1488\"><strong data-start=\"1263\" data-end=\"1301\">Jak u\u017cywa\u0107 jednorazowych pod\u00f3w do waporyzacji?<\/strong><br data-start=\"1301\" data-end=\"1304\" \/>Po prostu <strong data-start=\"1314\" data-end=\"1347\">wdychaj przez ustnik<\/strong>, a urz\u0105dzenie w\u0142\u0105czy si\u0119 automatycznie. <strong data-start=\"1397\" data-end=\"1425\">Regulacja mocy<\/strong> pozwala dostosowa\u0107 wra\u017cenia, aby uzyska\u0107 idealne uderzenie.<\/p>\n<\/li>\n<li class=\"\" data-start=\"1490\" data-end=\"1743\">\n<p class=\"\" data-start=\"1493\" data-end=\"1743\"><strong data-start=\"1493\" data-end=\"1555\">Jak na\u0142adowa\u0107 jednorazowy vape za pomoc\u0105 \u0142adowarki z Androida?<\/strong><br data-start=\"1555\" data-end=\"1558\" \/>Je\u015bli Tw\u00f3j vape ma <strong data-start=\"1580\" data-end=\"1604\">Port \u0142adowania typu C<\/strong>, mo\u017cesz u\u017cy\u0107 <strong data-start=\"1620\" data-end=\"1648\">standardowej \u0142adowarki z Androida<\/strong> do jego na\u0142adowania. Upewnij si\u0119, \u017ce u\u017cywasz niezawodnego \u017ar\u00f3d\u0142a zasilania, aby uzyska\u0107 optymaln\u0105 wydajno\u015b\u0107 \u0142adowania.<\/p>\n<\/li>\n<li class=\"\" data-start=\"1745\" data-end=\"1979\">\n<p class=\"\" data-start=\"1748\" data-end=\"1979\"><strong data-start=\"1748\" data-end=\"1808\">Czy mog\u0119 zabra\u0107 jednorazowy vape na pok\u0142ad samolotu w podr\u00f3\u017cy mi\u0119dzynarodowej?<\/strong><br data-start=\"1808\" data-end=\"1811\" \/>Tak, ale <strong data-start=\"1826\" data-end=\"1862\">musi znajdowa\u0107 si\u0119 w baga\u017cu podr\u0119cznym<\/strong>. Sprawd\u017a w swojej linii lotniczej, czy nie ma \u017cadnych szczeg\u00f3\u0142owych przepis\u00f3w dotycz\u0105cych <strong data-start=\"1927\" data-end=\"1948\">produkty nikotynowe<\/strong> w kraju docelowym.<\/p>\n<\/li>\n<li class=\"\" data-start=\"1981\" data-end=\"2197\">\n<p class=\"\" data-start=\"1984\" data-end=\"2197\"><strong data-start=\"1984\" data-end=\"2033\">Sk\u0105d wiesz, \u017ce tw\u00f3j jednorazowy vape jest pusty?<\/strong><br data-start=\"2033\" data-end=\"2036\" \/>Je\u015bli <strong data-start=\"2046\" data-end=\"2144\">smak zanika, produkcja pary maleje lub na ekranie cyfrowym pojawia si\u0119 wska\u017anik niskiego poziomu e-liquidu<\/strong>, nadszed\u0142 czas, aby <strong data-start=\"2159\" data-end=\"2194\">wymieni\u0107 lub na\u0142adowa\u0107 urz\u0105dzenie<\/strong>.<\/p>\n<\/li>\n<\/ol>\n<\/div>\n<\/div>\n<\/div>\n<\/div>","protected":false},"excerpt":{"rendered":"<p class=\"LC20lb MBeuO DKV0Md\">Cyfrowy ekran <strong data-start=\"1647\" data-end=\"1672\">VOPK Ultra 40000 Waporyzator<\/strong> oferuje podw\u00f3jne smaki, poczw\u00f3rne grza\u0142ki mesh i inteligentny ekran cyfrowy. Premium jednoraz\u00f3wka stworzona dla <strong data-start=\"1771\" data-end=\"1828\">hurtowych dostawc\u00f3w fabrycznych i zam\u00f3wie\u0144 hurtowych w Europie<\/strong>.<\/p>\n<p><strong>Dodaj Amy na WhatsApp, aby uzyska\u0107 w\u0142a\u015bciw\u0105 odpowied\u017a i cen\u0119 z rabatem!<\/strong><\/p>\n<p><img fetchpriority=\"high\" decoding=\"async\" class=\"size-full wp-image-2932\" src=\"https:\/\/vapestornado.com\/wp-content\/uploads\/2024\/12\/Vape-Wholesale.jpg\" alt=\"Hurtowa sprzeda\u017c e-papieros\u00f3w\" width=\"229\" height=\"300\" \/><\/p>\n<h3><a href=\"https:\/\/wa.me\/8617776015835\"><span style=\"color: #ff0000;\"><strong>WhatsApp: +86 17776015835<\/strong><\/span><\/a><\/h3>\n<p>&nbsp;<\/p>","protected":false},"featured_media":3959,"comment_status":"open","ping_status":"closed","template":"","meta":{"_acf_changed":false,"_uag_custom_page_level_css":"","_lmt_disableupdate":"no","_lmt_disable":"","_monsterinsights_skip_tracking":false,"_monsterinsights_sitenote_active":false,"_monsterinsights_sitenote_note":"","_monsterinsights_sitenote_category":0,"site-sidebar-layout":"default","site-content-layout":"","ast-site-content-layout":"default","site-content-style":"default","site-sidebar-style":"default","ast-global-header-display":"","ast-banner-title-visibility":"","ast-main-header-display":"","ast-hfb-above-header-display":"","ast-hfb-below-header-display":"","ast-hfb-mobile-header-display":"","site-post-title":"","ast-breadcrumbs-content":"","ast-featured-img":"","footer-sml-layout":"","ast-disable-related-posts":"","theme-transparent-header-meta":"default","adv-header-id-meta":"","stick-header-meta":"","header-above-stick-meta":"","header-main-stick-meta":"","header-below-stick-meta":"","astra-migrate-meta-layouts":"set","ast-page-background-enabled":"default","ast-page-background-meta":{"desktop":{"background-color":"","background-image":"","background-repeat":"repeat","background-position":"center center","background-size":"auto","background-attachment":"scroll","background-type":"","background-media":"","overlay-type":"","overlay-color":"","overlay-opacity":"","overlay-gradient":""},"tablet":{"background-color":"","background-image":"","background-repeat":"repeat","background-position":"center center","background-size":"auto","background-attachment":"scroll","background-type":"","background-media":"","overlay-type":"","overlay-color":"","overlay-opacity":"","overlay-gradient":""},"mobile":{"background-color":"","background-image":"","background-repeat":"repeat","background-position":"center center","background-size":"auto","background-attachment":"scroll","background-type":"","background-media":"","overlay-type":"","overlay-color":"","overlay-opacity":"","overlay-gradient":""}},"ast-content-background-meta":{"desktop":{"background-color":"var(--ast-global-color-5)","background-image":"","background-repeat":"repeat","background-position":"center center","background-size":"auto","background-attachment":"scroll","background-type":"","background-media":"","overlay-type":"","overlay-color":"","overlay-opacity":"","overlay-gradient":""},"tablet":{"background-color":"var(--ast-global-color-5)","background-image":"","background-repeat":"repeat","background-position":"center center","background-size":"auto","background-attachment":"scroll","background-type":"","background-media":"","overlay-type":"","overlay-color":"","overlay-opacity":"","overlay-gradient":""},"mobile":{"background-color":"var(--ast-global-color-5)","background-image":"","background-repeat":"repeat","background-position":"center center","background-size":"auto","background-attachment":"scroll","background-type":"","background-media":"","overlay-type":"","overlay-color":"","overlay-opacity":"","overlay-gradient":""}},"_joinchat":{"telephone":"17776015835"}},"product_brand":[],"product_cat":[65,153,160,142,146,290],"product_tag":[261,165,291,294,94,293],"class_list":{"0":"post-3975","1":"product","2":"type-product","3":"status-publish","4":"has-post-thumbnail","6":"product_cat-40000-puff","7":"product_cat-buy-disposable-vapes-in-italy","8":"product_cat-buy-disposable-vapes-in-switzerland","9":"product_cat-digital-box-disposable-vapes","10":"product_cat-rechargeable-disposable-vapes","11":"product_cat-vopk-vape","12":"product_tag-2-in-1-double-flavor-vape","13":"product_tag-cheap-vapes","14":"product_tag-disposable-shisha-hookah","15":"product_tag-puff-40k","16":"product_tag-rechargeable-disposable-vape","17":"product_tag-vopk-ultra-40000","18":"desktop-align-left","19":"tablet-align-left","20":"mobile-align-left","22":"first","23":"instock","24":"sale","25":"shipping-taxable","26":"purchasable","27":"product-type-simple"},"acf":[],"uagb_featured_image_src":{"full":["https:\/\/vapestornado.com\/wp-content\/uploads\/2025\/03\/VOPK-ULTRA-40000-puffs-Disposable-Vape.webp",800,800,false],"thumbnail":["https:\/\/vapestornado.com\/wp-content\/uploads\/2025\/03\/VOPK-ULTRA-40000-puffs-Disposable-Vape-150x150.webp",150,150,true],"medium":["https:\/\/vapestornado.com\/wp-content\/uploads\/2025\/03\/VOPK-ULTRA-40000-puffs-Disposable-Vape-300x300.webp",300,300,true],"medium_large":["https:\/\/vapestornado.com\/wp-content\/uploads\/2025\/03\/VOPK-ULTRA-40000-puffs-Disposable-Vape-768x768.webp",768,768,true],"large":["https:\/\/vapestornado.com\/wp-content\/uploads\/2025\/03\/VOPK-ULTRA-40000-puffs-Disposable-Vape.webp",800,800,false],"1536x1536":["https:\/\/vapestornado.com\/wp-content\/uploads\/2025\/03\/VOPK-ULTRA-40000-puffs-Disposable-Vape.webp",800,800,false],"2048x2048":["https:\/\/vapestornado.com\/wp-content\/uploads\/2025\/03\/VOPK-ULTRA-40000-puffs-Disposable-Vape.webp",800,800,false],"trp-custom-language-flag":["https:\/\/vapestornado.com\/wp-content\/uploads\/2025\/03\/VOPK-ULTRA-40000-puffs-Disposable-Vape.webp",12,12,false],"woocommerce_thumbnail":["https:\/\/vapestornado.com\/wp-content\/uploads\/2025\/03\/VOPK-ULTRA-40000-puffs-Disposable-Vape-300x300.webp",300,300,true],"woocommerce_single":["https:\/\/vapestornado.com\/wp-content\/uploads\/2025\/03\/VOPK-ULTRA-40000-puffs-Disposable-Vape-600x600.webp",600,600,true],"woocommerce_gallery_thumbnail":["https:\/\/vapestornado.com\/wp-content\/uploads\/2025\/03\/VOPK-ULTRA-40000-puffs-Disposable-Vape-100x100.webp",100,100,true]},"uagb_author_info":{"display_name":"ESAMY","author_link":"https:\/\/vapestornado.com\/pl\/author\/"},"uagb_comment_info":0,"uagb_excerpt":"The VOPK Ultra 40000 Vape offers dual flavours, quad mesh coils, and a smart digital screen. A premium disposable built for factory wholesale suppliers and bulk orders in Europe. Add Amy's whatsapp to get right reply and discount price! WhatsApp: +86 17776015835 &nbsp;","_links":{"self":[{"href":"https:\/\/vapestornado.com\/pl\/wp-json\/wp\/v2\/product\/3975","targetHints":{"allow":["GET"]}}],"collection":[{"href":"https:\/\/vapestornado.com\/pl\/wp-json\/wp\/v2\/product"}],"about":[{"href":"https:\/\/vapestornado.com\/pl\/wp-json\/wp\/v2\/types\/product"}],"replies":[{"embeddable":true,"href":"https:\/\/vapestornado.com\/pl\/wp-json\/wp\/v2\/comments?post=3975"}],"wp:featuredmedia":[{"embeddable":true,"href":"https:\/\/vapestornado.com\/pl\/wp-json\/wp\/v2\/media\/3959"}],"wp:attachment":[{"href":"https:\/\/vapestornado.com\/pl\/wp-json\/wp\/v2\/media?parent=3975"}],"wp:term":[{"taxonomy":"product_brand","embeddable":true,"href":"https:\/\/vapestornado.com\/pl\/wp-json\/wp\/v2\/product_brand?post=3975"},{"taxonomy":"product_cat","embeddable":true,"href":"https:\/\/vapestornado.com\/pl\/wp-json\/wp\/v2\/product_cat?post=3975"},{"taxonomy":"product_tag","embeddable":true,"href":"https:\/\/vapestornado.com\/pl\/wp-json\/wp\/v2\/product_tag?post=3975"}],"curies":[{"name":"wp","href":"https:\/\/api.w.org\/{rel}","templated":true}]}}