{"id":3974,"date":"2025-03-24T07:31:30","date_gmt":"2025-03-24T07:31:30","guid":{"rendered":"https:\/\/vapestornado.com\/?post_type=product&#038;p=3974"},"modified":"2025-08-23T10:38:02","modified_gmt":"2025-08-23T10:38:02","slug":"vopk-shisha-hookah-20000-puffs-disposable-vapes-bar-best-flavor-wholesale","status":"publish","type":"product","link":"https:\/\/vapestornado.com\/pl\/product\/vopk-shisha-hookah-20000-puffs-disposable-vapes-bar-best-flavor-wholesale\/","title":{"rendered":"Vopk Shisha Hookah 20000 Zaci\u0105gni\u0119\u0107 Jednorazowe Vape Bary Najlepszy Smak Hurt"},"content":{"rendered":"<h1 data-pm-slice=\"1 1 []\">Vopk Shisha Hookah 20000 Zaci\u0105gni\u0119\u0107 Jednorazowe Vape Bary Najlepszy Smak Hurt<\/h1>\n<p data-start=\"272\" data-end=\"577\">Cyfrowy ekran <strong data-start=\"276\" data-end=\"319\">Vopk Shisha Hookah 20000 Zaci\u0105gni\u0119\u0107 Vape Bar<\/strong> jest przeznaczony dla hurtownik\u00f3w i detalist\u00f3w poszukuj\u0105cych urz\u0105dzenia o du\u017cej pojemno\u015bci, kt\u00f3re silnie przemawia do entuzjast\u00f3w shishy i fajki wodnej. Dostarczaj\u0105c do <strong data-start=\"467\" data-end=\"483\">20 000 zaci\u0105gni\u0119\u0107<\/strong> z <strong data-start=\"491\" data-end=\"513\">28 ml zbiornika na liquid<\/strong>, zapewnia d\u0142ugotrwa\u0142e u\u017cytkowanie i doskona\u0142y potencja\u0142 odsprzeda\u017cy.<\/p>\n<p data-start=\"579\" data-end=\"910\">Zbudowany z <strong data-start=\"592\" data-end=\"610\">grza\u0142k\u0119 mesh 0,6 \u03a9<\/strong>, urz\u0105dzenie wytwarza g\u0119st\u0105 par\u0119 i wzmocniony smak, dzi\u0119ki czemu idealnie nadaje si\u0119 do <strong data-start=\"685\" data-end=\"706\">styl\u00f3w waporyzacji DTL<\/strong>. <strong data-start=\"712\" data-end=\"738\">cyfrowy ekran wy\u015bwietlacza<\/strong> informuje u\u017cytkownik\u00f3w na bie\u017c\u0105co o stanie baterii i poziomie e-liquidu, a <strong data-start=\"811\" data-end=\"842\">akumulator 850mAh<\/strong> z <strong data-start=\"848\" data-end=\"867\">\u0142adowanie typu C<\/strong> zapewnia sta\u0142\u0105 moc przez ca\u0142y dzie\u0144.<\/p>\n<p data-start=\"912\" data-end=\"1205\">Cyfrowy ekran <strong data-start=\"916\" data-end=\"953\">dwukolorowy design inspirowany shish\u0105<\/strong> nadaje Vopk 20K unikalny wygl\u0105d, kt\u00f3ry wyr\u00f3\u017cnia si\u0119 w sklepach, a szeroki wyb\u00f3r smak\u00f3w \u2014 od owocowych po lodowe \u2014 gwarantuje co\u015b dla ka\u017cdego klienta. Kompaktowy i \u0142atwy do przenoszenia, jest wszechstronnym wyborem do codziennego u\u017cytku lub dystrybucji hurtowej.<\/p>\n<p data-start=\"1207\" data-end=\"1393\">Dla polskich dystrybutor\u00f3w, <strong data-start=\"1238\" data-end=\"1271\">Vopk Shisha Hookah 20000 Vape<\/strong> \u0142\u0105czy trwa\u0142o\u015b\u0107, wydajno\u015b\u0107 i <strong data-start=\"1310\" data-end=\"1343\">konkurencyjne ceny hurtowe<\/strong>, co czyni go op\u0142acaln\u0105 opcj\u0105 dla zam\u00f3wie\u0144 hurtowych.<\/p>\n<p data-start=\"666\" data-end=\"1235\"><strong style=\"font-size: 16px;\"><span style=\"color: #ff0000;\">Dodaj Amy na WhatsApp, aby uzyska\u0107 szybk\u0105 odpowied\u017a i cen\u0119 ze zni\u017ck\u0105!<\/span><\/strong><\/p>\n<p><img fetchpriority=\"high\" decoding=\"async\" class=\"size-full wp-image-2932\" src=\"https:\/\/vapestornado.com\/wp-content\/uploads\/2024\/12\/Vape-Wholesale.jpg\" alt=\"Hurtowa sprzeda\u017c e-papieros\u00f3w\" width=\"229\" height=\"300\" \/><\/p>\n<h3><a href=\"https:\/\/wa.me\/8617776015835\" target=\"_blank\" rel=\"noopener\"><span style=\"color: #ff0000;\"><strong>WhatsApp: +86 17776015835<\/strong><\/span><\/a><\/h3>\n<p>&nbsp;<\/p>\n<h2><strong>Vopk Shisha Hookah 20000 Vape Bar G\u0142\u00f3wne cechy produktu<\/strong><\/h2>\n<p>Marka: VOPK BAR<br \/>\nLiczba zaci\u0105gni\u0119\u0107: 20000 zaci\u0105gni\u0119\u0107<br \/>\nOdpowiedni dla: Wszystkich&gt;18<br \/>\nPojemno\u015b\u0107: 28ml<br \/>\nLiczba zaci\u0105gni\u0119\u0107: 20000 zaci\u0105gni\u0119\u0107<br \/>\nBateria: 850mAh<br \/>\nNikotyna: 0%\/2%\/3%\/5% s\u00f3l nikotynowa<br \/>\nRezystancja: 1,0ohm grza\u0142ka mesh<br \/>\nCyfrowy wy\u015bwietlacz dla e-liquidu i baterii<br \/>\nOpakowanie: Indywidualne pude\u0142ko<\/p>\n<h2 class=\"product-title\"><strong>Vopk Shisha Hookah 20000 Jednorazowy Pen Lista smak\u00f3w<\/strong><\/h2>\n<article class=\"w-full text-token-text-primary focus-visible:outline-2 focus-visible:outline-offset-[-4px]\" dir=\"auto\" data-testid=\"conversation-turn-32\" data-scroll-anchor=\"false\">\n<div class=\"m-auto text-base py-[18px] px-6\">\n<div class=\"mx-auto flex flex-1 text-base gap-4 md:gap-5 lg:gap-6 md:max-w-3xl lg:max-w-[40rem] xl:max-w-[48rem]\">\n<div class=\"group\/conversation-turn relative flex w-full min-w-0 flex-col @xs\/thread:px-0 @sm\/thread:px-1.5 @md\/thread:px-4\">\n<div class=\"flex-col gap-1 md:gap-3\">\n<div class=\"flex max-w-full flex-col flex-grow\">\n<div class=\"min-h-8 text-message flex w-full flex-col items-end gap-2 whitespace-normal break-words text-start [.text-message+&amp;]:mt-5\" dir=\"auto\" data-message-author-role=\"user\" data-message-id=\"ffac41ca-1db4-431b-873a-32c4052956f1\">\n<div class=\"flex w-full flex-col gap-1 empty:hidden items-end rtl:items-start\">\n<div class=\"relative max-w-[var(--user-chat-width,70%)] rounded-3xl bg-token-message-surface px-5 py-2.5\">\n<div class=\"absolute bottom-0 right-full top-0 -mr-3.5 hidden pr-5 pt-2 [.group\/conversation-turn:hover_&amp;]:flex\">\n<div class=\"flex\">\n<article class=\"w-full text-token-text-primary focus-visible:outline-2 focus-visible:outline-offset-[-4px]\" dir=\"auto\" data-testid=\"conversation-turn-39\" data-scroll-anchor=\"true\">\n<div class=\"m-auto text-base py-[18px] px-6\">\n<div class=\"mx-auto flex flex-1 text-base gap-4 md:gap-5 lg:gap-6 md:max-w-3xl lg:max-w-[40rem] xl:max-w-[48rem]\">\n<div class=\"group\/conversation-turn relative flex w-full min-w-0 flex-col agent-turn @xs\/thread:px-0 @sm\/thread:px-1.5 @md\/thread:px-4\">\n<div class=\"flex-col gap-1 md:gap-3\">\n<div class=\"flex max-w-full flex-col flex-grow\">\n<div class=\"min-h-8 text-message flex w-full flex-col items-end gap-2 whitespace-normal break-words text-start [.text-message+&amp;]:mt-5\" dir=\"auto\" data-message-author-role=\"assistant\" data-message-id=\"55a23854-ec57-48dd-bd4f-6118f43d6241\" data-message-model-slug=\"gpt-4o\">\n<div class=\"flex w-full flex-col gap-1 empty:hidden first:pt-[3px]\">\n<div class=\"markdown prose w-full break-words dark:prose-invert light\">\n<p>1. Jagoda na lodzie<br \/>\n2. Truskawka kiwi<br \/>\n3. Mieszane jagody<br \/>\n4.Truskawka arbuz<br \/>\n5. Arbuzowy l\u00f3d<br \/>\n6. Brzoskwinia mango ananas<br \/>\n7. Bor\u00f3wka malina<br \/>\n8. Cukierki truskawkowo-malinowe<br \/>\n9. Arbuz wi\u015bnia<br \/>\n10. Czarna porzeczka l\u00f3d<\/p>\n<\/div>\n<figure id=\"attachment_3966\" aria-describedby=\"caption-attachment-3966\" style=\"width: 800px\" class=\"wp-caption alignnone\"><img decoding=\"async\" class=\"wp-image-3966 size-full\" src=\"https:\/\/vapestornado.com\/wp-content\/uploads\/2025\/03\/VOPK-Shisha-Hookah-BAR-Disposable-Vape-Wholesale.jpg\" alt=\"VOPK Shisha Hookah BAR Jednorazowy Vape Sprzeda\u017c hurtowa\" width=\"800\" height=\"957\" srcset=\"https:\/\/vapestornado.com\/wp-content\/uploads\/2025\/03\/VOPK-Shisha-Hookah-BAR-Disposable-Vape-Wholesale.jpg 800w, https:\/\/vapestornado.com\/wp-content\/uploads\/2025\/03\/VOPK-Shisha-Hookah-BAR-Disposable-Vape-Wholesale-251x300.jpg 251w, https:\/\/vapestornado.com\/wp-content\/uploads\/2025\/03\/VOPK-Shisha-Hookah-BAR-Disposable-Vape-Wholesale-768x919.jpg 768w, https:\/\/vapestornado.com\/wp-content\/uploads\/2025\/03\/VOPK-Shisha-Hookah-BAR-Disposable-Vape-Wholesale-600x718.jpg 600w\" sizes=\"(max-width: 800px) 100vw, 800px\" \/><figcaption id=\"caption-attachment-3966\" class=\"wp-caption-text\">VOPK Shisha Hookah BAR Jednorazowy Vape Sprzeda\u017c hurtowa<\/figcaption><\/figure>\n<\/div>\n<\/div>\n<\/div>\n<\/div>\n<\/div>\n<\/div>\n<\/div>\n<\/article>\n<\/div>\n<\/div>\n<\/div>\n<\/div>\n<\/div>\n<\/div>\n<\/div>\n<\/div>\n<\/div>\n<\/div>\n<\/article>\n<h2 data-start=\"86\" data-end=\"129\">Por\u00f3wnanie serii Vopk (Przewodnik hurtowy)<\/h2>\n<p data-start=\"131\" data-end=\"155\"><strong data-start=\"131\" data-end=\"153\">Vopk Cool Bar 9000<\/strong><\/p>\n<ul data-start=\"156\" data-end=\"462\">\n<li data-start=\"156\" data-end=\"172\">\n<p data-start=\"158\" data-end=\"172\">Zaci\u0105gni\u0119cia: 9 000<\/p>\n<\/li>\n<li data-start=\"173\" data-end=\"205\">\n<p data-start=\"175\" data-end=\"205\">Bateria: 600 mAh, mo\u017cliwo\u015b\u0107 \u0142adowania<\/p>\n<\/li>\n<li data-start=\"206\" data-end=\"233\">\n<p data-start=\"208\" data-end=\"233\">Pojemno\u015b\u0107 e-liquidu: 16 ml<\/p>\n<\/li>\n<li data-start=\"234\" data-end=\"258\">\n<p data-start=\"236\" data-end=\"258\">Typ grza\u0142ki: Mesh 1,0 \u03a9<\/p>\n<\/li>\n<li data-start=\"259\" data-end=\"322\">\n<p data-start=\"261\" data-end=\"322\">Kluczowe cechy: Regulowany przep\u0142yw powietrza, obs\u0142uga MTL<\/p>\n<\/li>\n<li data-start=\"323\" data-end=\"395\">\n<p data-start=\"325\" data-end=\"395\">Docelowi klienci: Okazjonalni u\u017cytkownicy, kupuj\u0105cy na pr\u00f3b\u0119, w\u0142a\u015bciciele ma\u0142ych sklep\u00f3w<\/p>\n<\/li>\n<li data-start=\"396\" data-end=\"462\">\n<p data-start=\"398\" data-end=\"462\">Hurtowe s\u0142owa kluczowe: Jednorazowy vape 9K, hurtownia zestaw\u00f3w vape pen<\/p>\n<\/li>\n<\/ul>\n<hr data-start=\"464\" data-end=\"467\" \/>\n<p data-start=\"469\" data-end=\"499\"><strong data-start=\"469\" data-end=\"497\">Vopk Shisha Hookah 20000<\/strong><\/p>\n<ul data-start=\"500\" data-end=\"814\">\n<li data-start=\"500\" data-end=\"517\">\n<p data-start=\"502\" data-end=\"517\">Liczba zaci\u0105gni\u0119\u0107: 20 000<\/p>\n<\/li>\n<li data-start=\"518\" data-end=\"550\">\n<p data-start=\"520\" data-end=\"550\">Bateria: 850mAh \u0142adowalna<\/p>\n<\/li>\n<li data-start=\"551\" data-end=\"578\">\n<p data-start=\"553\" data-end=\"578\">Pojemno\u015b\u0107 e-liquidu: 28 ml<\/p>\n<\/li>\n<li data-start=\"579\" data-end=\"603\">\n<p data-start=\"581\" data-end=\"603\">Typ grza\u0142ki: Siatka 0,6 \u03a9<\/p>\n<\/li>\n<li data-start=\"604\" data-end=\"680\">\n<p data-start=\"606\" data-end=\"680\">Kluczowe cechy: Konstrukcja w stylu shisha, wy\u015bwietlacz cyfrowy, idealny do wapowania DTL<\/p>\n<\/li>\n<li data-start=\"681\" data-end=\"746\">\n<p data-start=\"683\" data-end=\"746\">Docelowi klienci: Entuzja\u015bci shishy, \u015bredniej wielko\u015bci sklepy z e-papierosami<\/p>\n<\/li>\n<li data-start=\"747\" data-end=\"814\">\n<p data-start=\"749\" data-end=\"814\">Hurtowe s\u0142owa kluczowe: Bar vape shisha 20K, hurtownia w stylu hookah<\/p>\n<\/li>\n<\/ul>\n<hr data-start=\"816\" data-end=\"819\" \/>\n<p data-start=\"821\" data-end=\"840\"><strong data-start=\"821\" data-end=\"838\">Vopk 60K 3w1<\/strong><\/p>\n<ul data-start=\"841\" data-end=\"1208\">\n<li data-start=\"841\" data-end=\"866\">\n<p data-start=\"843\" data-end=\"866\">Liczba zaci\u0105gni\u0119\u0107: 60 000 (3\u00d720K)<\/p>\n<\/li>\n<li data-start=\"867\" data-end=\"899\">\n<p data-start=\"869\" data-end=\"899\">Bateria: Akumulator 950 mAh<\/p>\n<\/li>\n<li data-start=\"900\" data-end=\"948\">\n<p data-start=\"902\" data-end=\"948\">Pojemno\u015b\u0107 e-liquidu: 3 oddzielne zbiorniki (20 ml\u00d73)<\/p>\n<\/li>\n<li data-start=\"949\" data-end=\"973\">\n<p data-start=\"951\" data-end=\"973\">Typ grza\u0142ki: Podw\u00f3jna siatka<\/p>\n<\/li>\n<li data-start=\"974\" data-end=\"1059\">\n<p data-start=\"976\" data-end=\"1059\">Kluczowe cechy: System prze\u0142\u0105czania 3 smak\u00f3w, przeznaczony do d\u0142ugotrwa\u0142ego u\u017cytkowania<\/p>\n<\/li>\n<li data-start=\"1060\" data-end=\"1135\">\n<p data-start=\"1062\" data-end=\"1135\">Docelowi klienci: Intensywni u\u017cytkownicy, duzi dystrybutorzy, kana\u0142y o wysokiej mar\u017cy<\/p>\n<\/li>\n<li data-start=\"1136\" data-end=\"1208\">\n<p data-start=\"1138\" data-end=\"1208\">Hurtowe s\u0142owa kluczowe: Hurtownia vape 60K 3w1, hurtownia akumulatorowych e-papieros\u00f3w<\/p>\n<\/li>\n<\/ul>\n<div class=\"flex-shrink-0 flex flex-col relative items-end\">\n<div class=\"pt-0\">\n<div class=\"gizmo-bot-avatar flex h-8 w-8 items-center justify-center overflow-hidden rounded-full\">\n<div class=\"relative p-1 rounded-sm flex items-center justify-center bg-token-main-surface-primary text-token-text-primary h-8 w-8\">\n<p data-start=\"559\" data-end=\"933\" data-is-last-node=\"\" data-is-only-node=\"\">Mamy te\u017c inne popularne vape z ekranem, takie jak<em> <a href=\"https:\/\/vapestornado.com\/pl\/product\/mesii-couple-50k-disposable-shisha-hookah-50000-puffs-vape-with-digital-display\/\">Para Mesii 50000<\/a>, <a href=\"https:\/\/vapestornado.com\/pl\/product\/vopk-ultra-40000-puffs-2-in-1-digital-screen-rechargeable-disposable-vape\/\">VOPK 40000 Puff Jednorazowy Vape<\/a>, <a href=\"https:\/\/vapestornado.com\/pl\/product\/bang-beach-22000-20k-puff-disposable-vape-pen-with-screen-reddit-hot\/\">Bang Beach 22000<\/a>,<\/em> i wi\u0119cej.<\/p>\n<\/div>\n<div class=\"relative p-1 rounded-sm flex items-center justify-center bg-token-main-surface-primary text-token-text-primary h-8 w-8\">\n<h3>FAQ<\/h3>\n<p><strong>1. Jak d\u0142ugo trwa uzale\u017cnienie od jednorazowego e-papierosa?<\/strong><br \/>\nUzale\u017cnienie od nikotyny zale\u017cy od czynnik\u00f3w, takich jak cz\u0119stotliwo\u015b\u0107 u\u017cycia, moc nikotyny i indywidualna fizjologia. Jednorazowe e-papierosy z nikotyn\u0105 (jak\u00a0<strong>Vopk Shisha Hookah 20000 Zaci\u0105gni\u0119\u0107<\/strong>) mog\u0105 prowadzi\u0107 do uzale\u017cnienia, je\u015bli s\u0105 u\u017cywane regularnie. Aby zminimalizowa\u0107 ryzyko, rozwa\u017c u\u017cycie ni\u017cszych poziom\u00f3w nikotyny (0%, 2% lub 3%) lub opcji bez nikotyny. Zawsze u\u017cywaj e-papieros\u00f3w odpowiedzialnie.<\/p>\n<p><strong>2. Jak d\u0142ugo trwa \u0142adowanie jednorazowego e-papierosa o pojemno\u015bci 20000 zaci\u0105gni\u0119\u0107?<\/strong><br \/>\nW przypadku jednorazowych e-papieros\u00f3w z mo\u017cliwo\u015bci\u0105 \u0142adowania, takich jak\u00a0<strong>Vopk Shisha Hookah 20000 Zaci\u0105gni\u0119\u0107<\/strong>, czas \u0142adowania zale\u017cy od pojemno\u015bci baterii. Przy\u00a0<strong>Bateria 850mAh<\/strong>\u00a0i\u00a0<strong>\u0142adowanie typu C<\/strong>, zazwyczaj zajmuje to oko\u0142o\u00a0<strong>60-90 minut<\/strong>\u00a0do pe\u0142nego na\u0142adowania. Urz\u0105dzenie\u00a0<strong>cyfrowy wy\u015bwietlacz<\/strong>\u00a0poka\u017ce post\u0119p \u0142adowania, wi\u0119c b\u0119dziesz wiedzia\u0142, kiedy jest gotowe.<\/p>\n<p><strong>3. Czy mog\u0119 zabra\u0107 e-papieros do samolotu w Polsce?<\/strong><br \/>\nTak, mo\u017cesz zabra\u0107 e-papierosa do samolotu w Polsce, ale musi by\u0107 on umieszczony w Twoim\u00a0<strong>podr\u0119cznym<\/strong>. E-papierosy s\u0105\u00a0<strong>niedozwolone w baga\u017cu rejestrowanym<\/strong>\u00a0ze wzgl\u0119du na przepisy bezpiecze\u0144stwa dotycz\u0105ce baterii litowo-jonowych. Upewnij si\u0119, \u017ce urz\u0105dzenie jest wy\u0142\u0105czone i bezpiecznie schowane. Sprawd\u017a wytyczne swojej linii lotniczej, poniewa\u017c niekt\u00f3re mog\u0105 mie\u0107 dodatkowe ograniczenia.<\/p>\n<p><strong>4. Jak sprawdzi\u0107, czy m\u00f3j jednorazowy e-papieros jest pusty?<\/strong><br \/>\nDowiesz si\u0119, \u017ce tw\u00f3j jednorazowy e-papieros jest pusty, gdy:<\/p>\n<ul>\n<li><strong>Produkcja pary spada:<\/strong>\u00a0Zauwa\u017cysz znacznie mniej pary podczas wdychania.<\/li>\n<li><strong>Spalony smak:<\/strong>\u00a0Spalony lub nieprzyjemny smak wskazuje, \u017ce e-liquid si\u0119 wyczerpa\u0142.<\/li>\n<li><strong>Brak smaku:<\/strong>\u00a0Je\u015bli smak s\u0142abnie lub zanika, jest to znak, \u017ce kartrid\u017c jest pusty.<\/li>\n<li><strong>Wy\u015bwietlacz ekranowy:<\/strong>\u00a0Urz\u0105dzenia takie jak\u00a0<strong>Vopk Shisha Hookah 20000 Zaci\u0105gni\u0119\u0107<\/strong>\u00a0maj\u0105\u00a0<strong>cyfrowy wy\u015bwietlacz<\/strong>\u00a0kt\u00f3ry pokazuje poziom e-liquidu, co u\u0142atwia monitorowanie, kiedy urz\u0105dzenie si\u0119 ko\u0144czy.<\/li>\n<\/ul>\n<p>Gdy urz\u0105dzenie przestaje produkowa\u0107 par\u0119 lub smak znika, czas na jego odpowiedzialne wyrzucenie.<\/p>\n<\/div>\n<\/div>\n<\/div>\n<\/div>","protected":false},"excerpt":{"rendered":"<p data-start=\"1433\" data-end=\"1606\">Cyfrowy ekran <strong data-start=\"1437\" data-end=\"1480\">Vopk Shisha Hookah 20000 Zaci\u0105gni\u0119\u0107 Vape Bar<\/strong> zapewnia waporyzacj\u0119 DTL, 28 ml e-liquidu i cyfrowy ekran. Stylowa, \u0142adowalna opcja dla <strong data-start=\"1573\" data-end=\"1603\">hurtowych nabywc\u00f3w w Europie<\/strong>.<\/p>\n<p><strong>Dodaj Amy na WhatsApp, aby uzyska\u0107 w\u0142a\u015bciw\u0105 odpowied\u017a i cen\u0119 z rabatem!<\/strong><\/p>\n<p><img fetchpriority=\"high\" decoding=\"async\" class=\"size-full wp-image-2932\" src=\"https:\/\/vapestornado.com\/wp-content\/uploads\/2024\/12\/Vape-Wholesale.jpg\" alt=\"Hurtowa sprzeda\u017c e-papieros\u00f3w\" width=\"229\" height=\"300\" \/><\/p>\n<h3><a href=\"https:\/\/wa.me\/8617776015835\"><span style=\"color: #ff0000;\"><strong>WhatsApp: +86 17776015835<\/strong><\/span><\/a><\/h3>\n<p>&nbsp;<\/p>","protected":false},"featured_media":3965,"comment_status":"open","ping_status":"closed","template":"","meta":{"_acf_changed":false,"_uag_custom_page_level_css":"","_lmt_disableupdate":"no","_lmt_disable":"","_monsterinsights_skip_tracking":false,"_monsterinsights_sitenote_active":false,"_monsterinsights_sitenote_note":"","_monsterinsights_sitenote_category":0,"site-sidebar-layout":"default","site-content-layout":"","ast-site-content-layout":"default","site-content-style":"default","site-sidebar-style":"default","ast-global-header-display":"","ast-banner-title-visibility":"","ast-main-header-display":"","ast-hfb-above-header-display":"","ast-hfb-below-header-display":"","ast-hfb-mobile-header-display":"","site-post-title":"","ast-breadcrumbs-content":"","ast-featured-img":"","footer-sml-layout":"","ast-disable-related-posts":"","theme-transparent-header-meta":"default","adv-header-id-meta":"","stick-header-meta":"","header-above-stick-meta":"","header-main-stick-meta":"","header-below-stick-meta":"","astra-migrate-meta-layouts":"set","ast-page-background-enabled":"default","ast-page-background-meta":{"desktop":{"background-color":"","background-image":"","background-repeat":"repeat","background-position":"center center","background-size":"auto","background-attachment":"scroll","background-type":"","background-media":"","overlay-type":"","overlay-color":"","overlay-opacity":"","overlay-gradient":""},"tablet":{"background-color":"","background-image":"","background-repeat":"repeat","background-position":"center center","background-size":"auto","background-attachment":"scroll","background-type":"","background-media":"","overlay-type":"","overlay-color":"","overlay-opacity":"","overlay-gradient":""},"mobile":{"background-color":"","background-image":"","background-repeat":"repeat","background-position":"center center","background-size":"auto","background-attachment":"scroll","background-type":"","background-media":"","overlay-type":"","overlay-color":"","overlay-opacity":"","overlay-gradient":""}},"ast-content-background-meta":{"desktop":{"background-color":"var(--ast-global-color-5)","background-image":"","background-repeat":"repeat","background-position":"center center","background-size":"auto","background-attachment":"scroll","background-type":"","background-media":"","overlay-type":"","overlay-color":"","overlay-opacity":"","overlay-gradient":""},"tablet":{"background-color":"var(--ast-global-color-5)","background-image":"","background-repeat":"repeat","background-position":"center center","background-size":"auto","background-attachment":"scroll","background-type":"","background-media":"","overlay-type":"","overlay-color":"","overlay-opacity":"","overlay-gradient":""},"mobile":{"background-color":"var(--ast-global-color-5)","background-image":"","background-repeat":"repeat","background-position":"center center","background-size":"auto","background-attachment":"scroll","background-type":"","background-media":"","overlay-type":"","overlay-color":"","overlay-opacity":"","overlay-gradient":""}},"_joinchat":{"telephone":"17776015835"}},"product_brand":[],"product_cat":[69,152,158,142,147,290],"product_tag":[165,291,287,94,292],"class_list":{"0":"post-3974","1":"product","2":"type-product","3":"status-publish","4":"has-post-thumbnail","6":"product_cat-20000-puff","7":"product_cat-buy-disposable-vapes-in-cermany","8":"product_cat-buy-disposable-vapes-in-spain","9":"product_cat-digital-box-disposable-vapes","10":"product_cat-shisha-hookah-disposable-vapes","11":"product_cat-vopk-vape","12":"product_tag-cheap-vapes","13":"product_tag-disposable-shisha-hookah","14":"product_tag-disposable-vape-pen","15":"product_tag-rechargeable-disposable-vape","16":"product_tag-vopk-shisha-bar-20000","17":"desktop-align-left","18":"tablet-align-left","19":"mobile-align-left","21":"first","22":"instock","23":"sale","24":"shipping-taxable","25":"purchasable","26":"product-type-simple"},"acf":[],"uagb_featured_image_src":{"full":["https:\/\/vapestornado.com\/wp-content\/uploads\/2025\/03\/VOPK-Shisha-Hookah-Bar-20000-Puffs.png",800,800,false],"thumbnail":["https:\/\/vapestornado.com\/wp-content\/uploads\/2025\/03\/VOPK-Shisha-Hookah-Bar-20000-Puffs-150x150.png",150,150,true],"medium":["https:\/\/vapestornado.com\/wp-content\/uploads\/2025\/03\/VOPK-Shisha-Hookah-Bar-20000-Puffs-300x300.png",300,300,true],"medium_large":["https:\/\/vapestornado.com\/wp-content\/uploads\/2025\/03\/VOPK-Shisha-Hookah-Bar-20000-Puffs-768x768.png",768,768,true],"large":["https:\/\/vapestornado.com\/wp-content\/uploads\/2025\/03\/VOPK-Shisha-Hookah-Bar-20000-Puffs.png",800,800,false],"1536x1536":["https:\/\/vapestornado.com\/wp-content\/uploads\/2025\/03\/VOPK-Shisha-Hookah-Bar-20000-Puffs.png",800,800,false],"2048x2048":["https:\/\/vapestornado.com\/wp-content\/uploads\/2025\/03\/VOPK-Shisha-Hookah-Bar-20000-Puffs.png",800,800,false],"trp-custom-language-flag":["https:\/\/vapestornado.com\/wp-content\/uploads\/2025\/03\/VOPK-Shisha-Hookah-Bar-20000-Puffs.png",12,12,false],"woocommerce_thumbnail":["https:\/\/vapestornado.com\/wp-content\/uploads\/2025\/03\/VOPK-Shisha-Hookah-Bar-20000-Puffs-300x300.png",300,300,true],"woocommerce_single":["https:\/\/vapestornado.com\/wp-content\/uploads\/2025\/03\/VOPK-Shisha-Hookah-Bar-20000-Puffs-600x600.png",600,600,true],"woocommerce_gallery_thumbnail":["https:\/\/vapestornado.com\/wp-content\/uploads\/2025\/03\/VOPK-Shisha-Hookah-Bar-20000-Puffs-100x100.png",100,100,true]},"uagb_author_info":{"display_name":"ESAMY","author_link":"https:\/\/vapestornado.com\/pl\/author\/"},"uagb_comment_info":0,"uagb_excerpt":"The Vopk Shisha Hookah 20000 Puffs Vape Bar delivers DTL vapor, 28ml e-liquid, and a digital screen. A stylish, rechargeable option for wholesale buyers in Europe. Add Amy's whatsapp to get right reply and discount price! WhatsApp: +86 17776015835 &nbsp;","_links":{"self":[{"href":"https:\/\/vapestornado.com\/pl\/wp-json\/wp\/v2\/product\/3974","targetHints":{"allow":["GET"]}}],"collection":[{"href":"https:\/\/vapestornado.com\/pl\/wp-json\/wp\/v2\/product"}],"about":[{"href":"https:\/\/vapestornado.com\/pl\/wp-json\/wp\/v2\/types\/product"}],"replies":[{"embeddable":true,"href":"https:\/\/vapestornado.com\/pl\/wp-json\/wp\/v2\/comments?post=3974"}],"wp:featuredmedia":[{"embeddable":true,"href":"https:\/\/vapestornado.com\/pl\/wp-json\/wp\/v2\/media\/3965"}],"wp:attachment":[{"href":"https:\/\/vapestornado.com\/pl\/wp-json\/wp\/v2\/media?parent=3974"}],"wp:term":[{"taxonomy":"product_brand","embeddable":true,"href":"https:\/\/vapestornado.com\/pl\/wp-json\/wp\/v2\/product_brand?post=3974"},{"taxonomy":"product_cat","embeddable":true,"href":"https:\/\/vapestornado.com\/pl\/wp-json\/wp\/v2\/product_cat?post=3974"},{"taxonomy":"product_tag","embeddable":true,"href":"https:\/\/vapestornado.com\/pl\/wp-json\/wp\/v2\/product_tag?post=3974"}],"curies":[{"name":"wp","href":"https:\/\/api.w.org\/{rel}","templated":true}]}}