{"id":3973,"date":"2025-03-24T07:11:24","date_gmt":"2025-03-24T07:11:24","guid":{"rendered":"https:\/\/vapestornado.com\/?post_type=product&#038;p=3973"},"modified":"2025-12-08T09:05:30","modified_gmt":"2025-12-08T09:05:30","slug":"vopk-cool-9000-puffs-disposable-vapes-bar-puff-9k","status":"publish","type":"product","link":"https:\/\/vapestornado.com\/pl\/product\/vopk-cool-9000-puffs-disposable-vapes-bar-puff-9k\/","title":{"rendered":"Vopk Cool 9000 Zaci\u0105gni\u0119\u0107 Jednorazowe Vape Bary Puff 9K"},"content":{"rendered":"<h1 data-pm-slice=\"1 1 []\">Vopk Cool Bar 9000 zaci\u0105gni\u0119\u0107 Jednorazowy Zestaw Vape Pen Puff 9K<\/h1>\n<p data-start=\"1124\" data-end=\"1326\"><strong data-start=\"105\" data-end=\"127\">Vopk Cool Bar 9000<\/strong> jest kompaktowym jednorazowym urz\u0105dzeniem zaprojektowanym do d\u0142ugiego codziennego u\u017cytkowania bez odczuwania ci\u0119\u017caru w kieszeni. Dostarcza <strong data-start=\"226\" data-end=\"247\">do 9000 puf\u00f3w<\/strong> z <strong data-start=\"255\" data-end=\"279\">wst\u0119pnie nape\u0142niony zbiornik 16 ml<\/strong>, wspierany przez <strong data-start=\"293\" data-end=\"311\">1.0\u03a9 siatkowa grza\u0142ka<\/strong> dla stabilnego smaku i <strong data-start=\"337\" data-end=\"368\">akumulator typu C z mo\u017cliwo\u015bci\u0105 \u0142adowania<\/strong> tak, aby urz\u0105dzenie dzia\u0142a\u0142o tak d\u0142ugo, jak dzia\u0142a p\u0142yn. Regulowany przep\u0142yw powietrza daje pe\u0142n\u0105 kontrol\u0119 nad stylem zaci\u0105gni\u0119cia, od ciasnego MTL po bardziej otwarte DTL.<\/p>\n<h3 data-start=\"727\" data-end=\"789\">Co sprawia, \u017ce VOPK Cool Bar 9000 jest dla Ciebie odpowiedni<\/h3>\n<ul data-start=\"791\" data-end=\"1646\">\n<li data-start=\"791\" data-end=\"982\">\n<p data-start=\"793\" data-end=\"982\"><strong data-start=\"793\" data-end=\"830\">Pojemno\u015b\u0107 dopasowana do codziennych rutyn.<\/strong> 9000 puf\u00f3w i 16 ml e-liquidu wystarczy, aby zmniejszy\u0107 cz\u0119stotliwo\u015b\u0107 wymiany dla regularnych u\u017cytkownik\u00f3w, jednocze\u015bnie zachowuj\u0105c lekk\u0105 i \u0142atw\u0105 do przenoszenia konstrukcj\u0119.<\/p>\n<\/li>\n<li data-start=\"984\" data-end=\"1144\">\n<p data-start=\"986\" data-end=\"1144\"><strong data-start=\"986\" data-end=\"1025\">Wydajno\u015b\u0107 siatki grza\u0142ki, kt\u00f3r\u0105 odczujesz.<\/strong> Cyfrowy ekran <strong data-start=\"1030\" data-end=\"1048\">1.0\u03a9 siatkowa grza\u0142ka<\/strong> nagrzewa si\u0119 r\u00f3wnomiernie i unika ostrych, nier\u00f3wnych smak\u00f3w, kt\u00f3re niekt\u00f3re ma\u0142e jednoraz\u00f3wki rozwijaj\u0105 po intensywnym u\u017cytkowaniu.<\/p>\n<\/li>\n<li data-start=\"1146\" data-end=\"1347\">\n<p data-start=\"1148\" data-end=\"1347\"><strong data-start=\"1148\" data-end=\"1182\">Przep\u0142yw powietrza, kt\u00f3ry mo\u017cna faktycznie dostosowa\u0107.<\/strong> Regulowany przep\u0142yw powietrza oznacza, \u017ce decydujesz, jak urz\u0105dzenie si\u0119 zachowuje: ciasne zaci\u0105gni\u0119cie dla stylu MTL przypominaj\u0105cego papierosa, lub lu\u017aniejsze dla wi\u0119kszej ilo\u015bci pary. Jedno urz\u0105dzenie obs\u0142uguje oba nawyki.<\/p>\n<\/li>\n<li data-start=\"1349\" data-end=\"1520\">\n<p data-start=\"1351\" data-end=\"1520\"><strong data-start=\"1351\" data-end=\"1393\">\u0141adowanie umo\u017cliwiaj\u0105ce pe\u0142ne wykorzystanie zbiornika.<\/strong> Cyfrowy ekran <strong data-start=\"1398\" data-end=\"1416\">Bateria 600 mAh<\/strong> plus <strong data-start=\"1422\" data-end=\"1446\">Szybkie \u0142adowanie typu C<\/strong> skraca czas przestoju i zapobiega typowemu problemowi \u201ebateria ko\u0144czy si\u0119 pierwsza\u201d.<\/p>\n<\/li>\n<li data-start=\"1522\" data-end=\"1646\">\n<p data-start=\"1524\" data-end=\"1646\"><strong data-start=\"1524\" data-end=\"1553\">Zaprojektowane do codziennego noszenia.<\/strong> Kompaktowy rozmiar, czysty design i brak konieczno\u015bci konfiguracji \u2014 we\u017a je, vape'uj, na\u0142aduj, gdy jest to konieczne.<\/p>\n<\/li>\n<\/ul>\n<p data-start=\"666\" data-end=\"1235\"><strong style=\"font-size: 16px;\"><span style=\"color: #ff0000;\">Dodaj Amy na WhatsApp, aby uzyska\u0107 szybk\u0105 odpowied\u017a i cen\u0119 ze zni\u017ck\u0105!<\/span><\/strong><\/p>\n<p><img fetchpriority=\"high\" decoding=\"async\" class=\"size-full wp-image-2932\" src=\"https:\/\/vapestornado.com\/wp-content\/uploads\/2024\/12\/Vape-Wholesale.jpg\" alt=\"Hurtowa sprzeda\u017c e-papieros\u00f3w\" width=\"229\" height=\"300\" \/><\/p>\n<h3><a href=\"https:\/\/wa.me\/8617776015835\" target=\"_blank\" rel=\"noopener\"><span style=\"color: #ff0000;\"><strong>WhatsApp: +86 17776015835<\/strong><\/span><\/a><\/h3>\n<p>&nbsp;<\/p>\n<h2><strong>Vopk Cool Bar 9000 Vape Pen G\u0142\u00f3wne cechy produktu<\/strong><\/h2>\n<table>\n<thead>\n<tr>\n<th>Funkcja<\/th>\n<th>Specyfikacja<\/th>\n<th>Szczeg\u00f3\u0142y<\/th>\n<\/tr>\n<\/thead>\n<tbody>\n<tr>\n<td>Marka<\/td>\n<td>VOPK Waporyzator<\/td>\n<td>Cz\u0119\u015b\u0107 linii Cool Bar skierowanej na rynek jednorazowych produkt\u00f3w wysokiego popytu w UE.<\/td>\n<\/tr>\n<tr>\n<td>Pojemno\u015b\u0107 zaci\u0105gni\u0119\u0107<\/td>\n<td>Do 9000 zaci\u0105gni\u0119\u0107<\/td>\n<td>Na tyle d\u0142ugi, aby korzysta\u0107 przez kilka dni do kilku tygodni, w zale\u017cno\u015bci od tempa u\u017cycia.<\/td>\n<\/tr>\n<tr>\n<td>Pojemno\u015b\u0107 E-liquidu<\/td>\n<td>Wst\u0119pnie nape\u0142nione 16 ml<\/td>\n<td>Du\u017cy jak na rozmiar; wspiera d\u0142ugie sesje bez konieczno\u015bci uzupe\u0142niania.<\/td>\n<\/tr>\n<tr>\n<td>Cewka<\/td>\n<td>Grza\u0142ka Mesh 1.0\u03a9<\/td>\n<td>R\u00f3wnomierne podgrzewanie dla g\u0142adszego parowania i stabilniejszego smaku.<\/td>\n<\/tr>\n<tr>\n<td>Przep\u0142yw Powietrza<\/td>\n<td>Regulowany<\/td>\n<td>Prze\u0142\u0105czaj mi\u0119dzy bardziej szczelnym MTL a lu\u017aniejszym DTL.<\/td>\n<\/tr>\n<tr>\n<td>Bateria<\/td>\n<td>Pojemno\u015b\u0107 600mAh, \u0142adowalny<\/td>\n<td>Niezawodne codzienne u\u017cytkowanie; \u0142adowanie zamiast wczesnego wyrzucania.<\/td>\n<\/tr>\n<tr>\n<td>\u0141adowanie<\/td>\n<td>szybkie \u0142adowanie Type-C<\/td>\n<td>Szybkie uzupe\u0142nianie za pomoc\u0105 nowoczesnych, szeroko u\u017cywanych kabli EU.<\/td>\n<\/tr>\n<\/tbody>\n<\/table>\n<h2 class=\"product-title\"><strong>Vopk Cool Bar 9000 Jednorazowe Pi\u00f3ro Lista smak\u00f3w<\/strong><\/h2>\n<article class=\"w-full text-token-text-primary focus-visible:outline-2 focus-visible:outline-offset-[-4px]\" dir=\"auto\" data-testid=\"conversation-turn-32\" data-scroll-anchor=\"false\">\n<div class=\"m-auto text-base py-[18px] px-6\">\n<div class=\"mx-auto flex flex-1 text-base gap-4 md:gap-5 lg:gap-6 md:max-w-3xl lg:max-w-[40rem] xl:max-w-[48rem]\">\n<div class=\"group\/conversation-turn relative flex w-full min-w-0 flex-col @xs\/thread:px-0 @sm\/thread:px-1.5 @md\/thread:px-4\">\n<div class=\"flex-col gap-1 md:gap-3\">\n<div class=\"flex max-w-full flex-col flex-grow\">\n<div class=\"min-h-8 text-message flex w-full flex-col items-end gap-2 whitespace-normal break-words text-start [.text-message+&amp;]:mt-5\" dir=\"auto\" data-message-author-role=\"user\" data-message-id=\"ffac41ca-1db4-431b-873a-32c4052956f1\">\n<div class=\"flex w-full flex-col gap-1 empty:hidden items-end rtl:items-start\">\n<div class=\"relative max-w-[var(--user-chat-width,70%)] rounded-3xl bg-token-message-surface px-5 py-2.5\">\n<div class=\"absolute bottom-0 right-full top-0 -mr-3.5 hidden pr-5 pt-2 [.group\/conversation-turn:hover_&amp;]:flex\">\n<div class=\"flex\">\n<article class=\"w-full text-token-text-primary focus-visible:outline-2 focus-visible:outline-offset-[-4px]\" dir=\"auto\" data-testid=\"conversation-turn-39\" data-scroll-anchor=\"true\">\n<div class=\"m-auto text-base py-[18px] px-6\">\n<div class=\"mx-auto flex flex-1 text-base gap-4 md:gap-5 lg:gap-6 md:max-w-3xl lg:max-w-[40rem] xl:max-w-[48rem]\">\n<div class=\"group\/conversation-turn relative flex w-full min-w-0 flex-col agent-turn @xs\/thread:px-0 @sm\/thread:px-1.5 @md\/thread:px-4\">\n<div class=\"flex-col gap-1 md:gap-3\">\n<div class=\"flex max-w-full flex-col flex-grow\">\n<div class=\"min-h-8 text-message flex w-full flex-col items-end gap-2 whitespace-normal break-words text-start [.text-message+&amp;]:mt-5\" dir=\"auto\" data-message-author-role=\"assistant\" data-message-id=\"55a23854-ec57-48dd-bd4f-6118f43d6241\" data-message-model-slug=\"gpt-4o\">\n<div class=\"flex w-full flex-col gap-1 empty:hidden first:pt-[3px]\">\n<div class=\"markdown prose w-full break-words dark:prose-invert light\">\n<p>1. Brzoskwinia Lodowa<br \/>\n2. Podw\u00f3jna Mi\u0119ta<br \/>\n3. Musuj\u0105ca Cytryna<br \/>\n4. Winogrono Aloe<br \/>\n5. Winogrono Liczi<br \/>\n6. Cola Lodowa<br \/>\n7. Pomara\u0144czowa Kwa\u015bna<br \/>\n8. Mieszane Jagody<br \/>\n9. Red Bull Lodowy<br \/>\n10. Arbuz na Lodzie<\/p>\n<figure id=\"attachment_3967\" aria-describedby=\"caption-attachment-3967\" style=\"width: 800px\" class=\"wp-caption alignnone\"><img decoding=\"async\" class=\"wp-image-3967 size-full\" src=\"https:\/\/vapestornado.com\/wp-content\/uploads\/2025\/03\/VOPK-9K-9000-Puff-Disposable-Vape-Pen-Kit.webp\" alt=\"Zestaw jednorazowego VOPK 9K 9000 Puff Vape Pen\" width=\"800\" height=\"800\" srcset=\"https:\/\/vapestornado.com\/wp-content\/uploads\/2025\/03\/VOPK-9K-9000-Puff-Disposable-Vape-Pen-Kit.webp 800w, https:\/\/vapestornado.com\/wp-content\/uploads\/2025\/03\/VOPK-9K-9000-Puff-Disposable-Vape-Pen-Kit-300x300.webp 300w, https:\/\/vapestornado.com\/wp-content\/uploads\/2025\/03\/VOPK-9K-9000-Puff-Disposable-Vape-Pen-Kit-150x150.webp 150w, https:\/\/vapestornado.com\/wp-content\/uploads\/2025\/03\/VOPK-9K-9000-Puff-Disposable-Vape-Pen-Kit-768x768.webp 768w, https:\/\/vapestornado.com\/wp-content\/uploads\/2025\/03\/VOPK-9K-9000-Puff-Disposable-Vape-Pen-Kit-600x600.webp 600w, https:\/\/vapestornado.com\/wp-content\/uploads\/2025\/03\/VOPK-9K-9000-Puff-Disposable-Vape-Pen-Kit-100x100.webp 100w\" sizes=\"(max-width: 800px) 100vw, 800px\" \/><figcaption id=\"caption-attachment-3967\" class=\"wp-caption-text\">Zestaw jednorazowego VOPK 9K 9000 Puff Vape Pen<\/figcaption><\/figure>\n<\/div>\n<\/div>\n<\/div>\n<\/div>\n<\/div>\n<\/div>\n<\/div>\n<\/div>\n<\/article>\n<\/div>\n<\/div>\n<\/div>\n<\/div>\n<\/div>\n<\/div>\n<\/div>\n<\/div>\n<\/div>\n<\/div>\n<\/article>\n<h3>Dlaczego warto wybra\u0107 Vapestornado, aby kupi\u0107 Vopk Cool Bar 9000?<\/h3>\n<div class=\"flex-shrink-0 flex flex-col relative items-end\">\n<div class=\"pt-0\">\n<div class=\"gizmo-bot-avatar flex h-8 w-8 items-center justify-center overflow-hidden rounded-full\">\n<div class=\"relative p-1 rounded-sm flex items-center justify-center bg-token-main-surface-primary text-token-text-primary h-8 w-8\">\n<p data-start=\"88\" data-end=\"557\">Je\u015bli chodzi o <strong data-start=\"105\" data-end=\"154\">\u00a0zakup wysokiej jako\u015bci jednorazowych e-papieros\u00f3w<\/strong>, <strong data-start=\"156\" data-end=\"172\">Vapestornado<\/strong> jest niezr\u00f3wnanym \u017ar\u00f3d\u0142em <strong data-start=\"208\" data-end=\"271\">cen fabrycznych, szybkiej wysy\u0142ki i najwy\u017cszej jako\u015bci obs\u0142ugi klienta<\/strong>. Kupuj\u0105c Vopk Cool Bar 9000 od Vapestornado, otrzymujesz <strong data-start=\"363\" data-end=\"400\">autentyczne, w 100% oryginalne produkty<\/strong> z najnowsz\u0105<strong data-start=\"417\" data-end=\"515\"> wygodne \u0142adowanie przez Type-C i pojemno\u015b\u0107 9000 zaci\u0105gni\u0119\u0107<\/strong>\u2014wszystko to w <strong data-start=\"527\" data-end=\"554\">najni\u017cszych cenach hurtowych<\/strong>.<\/p>\n<p data-start=\"559\" data-end=\"933\" data-is-last-node=\"\" data-is-only-node=\"\">Mamy te\u017c inne popularne vape z ekranem, takie jak <a href=\"https:\/\/vapestornado.com\/pl\/product\/mesii-couple-50k-disposable-shisha-hookah-50000-puffs-vape-with-digital-display\/\">Para Mesii 50000<\/a>, <a href=\"https:\/\/vapestornado.com\/pl\/product\/vopk-ultra-40000-puffs-2-in-1-digital-screen-rechargeable-disposable-vape\/\">VOPK 40000 Puff Jednorazowy Vape<\/a>, <a href=\"https:\/\/vapestornado.com\/pl\/product\/bang-beach-22000-20k-puff-disposable-vape-pen-with-screen-reddit-hot\/\">Bang Beach 22000<\/a>, i wiele innych.<\/p>\n<\/div>\n<div class=\"relative p-1 rounded-sm flex items-center justify-center bg-token-main-surface-primary text-token-text-primary h-8 w-8\">\n<h3>FAQ<\/h3>\n<ol data-start=\"2395\" data-end=\"3557\">\n<li data-start=\"2395\" data-end=\"2643\">\n<p data-start=\"2398\" data-end=\"2643\"><strong data-start=\"2398\" data-end=\"2504\">Jak Bang Vopk Cool Bar 9000 mesh coil disposable vape utrzymuje stabilno\u015b\u0107 smaku przez 9000 zaci\u0105gni\u0119\u0107?<\/strong><br data-start=\"2504\" data-end=\"2507\" \/>Cyfrowy ekran <strong data-start=\"2511\" data-end=\"2529\">1.0\u03a9 siatkowa grza\u0142ka<\/strong> Rozprowadza ciep\u0142o bardziej r\u00f3wnomiernie ni\u017c standardowe druty, zmniejszaj\u0105c ostro\u015b\u0107 i spowalniaj\u0105c utrat\u0119 smaku podczas d\u0142ugiego u\u017cytkowania.<\/p>\n<\/li>\n<li data-start=\"2645\" data-end=\"2867\">\n<p data-start=\"2648\" data-end=\"2867\"><strong data-start=\"2648\" data-end=\"2743\">Czy regulowany przep\u0142yw powietrza w Bang Vopk Cool Bar 9000 jest przydatny do prze\u0142\u0105czania mi\u0119dzy MTL a DTL?<\/strong><br data-start=\"2743\" data-end=\"2746\" \/>Tak. W\u0119\u017cszy przep\u0142yw powietrza daje zaci\u0105gni\u0119cie w stylu papierosa MTL, podczas gdy jego otwarcie wspiera lu\u017aniejsze DTL z wi\u0119ksz\u0105 ilo\u015bci\u0105 pary.<\/p>\n<\/li>\n<li data-start=\"2869\" data-end=\"3098\">\n<p data-start=\"2872\" data-end=\"3098\"><strong data-start=\"2872\" data-end=\"2964\">Czy \u0142adowalny jednorazowy Bang Vopk Cool Bar 9K Type-C wytrzyma pe\u0142ny zbiornik 16 ml?<\/strong><br data-start=\"2964\" data-end=\"2967\" \/>\u0141adowalno\u015b\u0107 zosta\u0142a zaprojektowana w\u0142a\u015bnie do tego celu. Je\u015bli moc spadnie zanim p\u0142yn si\u0119 wyczerpie, szybkie uzupe\u0142nienie przez Type-C pozwala kontynuowa\u0107 u\u017cytkowanie.<\/p>\n<\/li>\n<li data-start=\"3100\" data-end=\"3315\">\n<p data-start=\"3103\" data-end=\"3315\"><strong data-start=\"3103\" data-end=\"3188\">Jakiego rodzaju para jest wydobywana z vape pena Bang Vopk Cool Bar 9000 Puffs?<\/strong><br data-start=\"3188\" data-end=\"3191\" \/>Oczekuj g\u0142adkiego, jednolitego strumienia pary. Przy otwartym przep\u0142ywie powietrza g\u0119sto\u015b\u0107 pary ro\u015bnie, nie powoduj\u0105c szorstko\u015bci zaci\u0105gni\u0119cia.<\/p>\n<\/li>\n<li data-start=\"3317\" data-end=\"3557\">\n<p data-start=\"3320\" data-end=\"3557\"><strong data-start=\"3320\" data-end=\"3422\">Czy kompaktowy jednorazowy vape Bang Vopk Cool Bar 9000 jest odpowiedni do codziennego noszenia i u\u017cytku na zewn\u0105trz?<\/strong><br data-start=\"3422\" data-end=\"3425\" \/>Zosta\u0142 zaprojektowany z my\u015bl\u0105 o przeno\u015bno\u015bci: smuk\u0142e cia\u0142o, brak konieczno\u015bci ustawiania i wystarczaj\u0105ca pojemno\u015b\u0107 na d\u0142ugie dni z dala od domu, plus szybkie \u0142adowanie w razie potrzeby.<\/p>\n<\/li>\n<\/ol>\n<p>&nbsp;<\/p>\n<\/div>\n<\/div>\n<\/div>\n<\/div>","protected":false},"excerpt":{"rendered":"<p class=\"LC20lb MBeuO DKV0Md\"><strong data-start=\"1370\" data-end=\"1398\">Vopk Cool Bar 9000 zaci\u0105gni\u0119\u0107<\/strong> jest kieszonkowym, taniym w u\u017cyciu jednorazowym urz\u0105dzeniem na 9000 puf\u00f3w z zbiornikiem 16 ml, jednolit\u0105 siatk\u0105 grza\u0142ki, regulowanym przep\u0142ywem powietrza i \u0142adowaniem Type-C, zapewniaj\u0105cym przewidywalne vaping przez ca\u0142y dzie\u0144. Jest popularnym wyborem dla <strong data-start=\"1503\" data-end=\"1533\">hurtowych nabywc\u00f3w w Europie<\/strong>.<\/p>\n<p><strong>Dodaj Amy na WhatsApp, aby uzyska\u0107 w\u0142a\u015bciw\u0105 odpowied\u017a i cen\u0119 z rabatem!<\/strong><\/p>\n<p><img fetchpriority=\"high\" decoding=\"async\" class=\"size-full wp-image-2932\" src=\"https:\/\/vapestornado.com\/wp-content\/uploads\/2024\/12\/Vape-Wholesale.jpg\" alt=\"Hurtowa sprzeda\u017c e-papieros\u00f3w\" width=\"229\" height=\"300\" \/><\/p>\n<h3><a href=\"https:\/\/wa.me\/8617776015835\"><span style=\"color: #ff0000;\"><strong>WhatsApp: +86 17776015835<\/strong><\/span><\/a><\/h3>\n<p>&nbsp;<\/p>","protected":false},"featured_media":3969,"comment_status":"open","ping_status":"closed","template":"","meta":{"_acf_changed":false,"_uag_custom_page_level_css":"","_lmt_disableupdate":"no","_lmt_disable":"","_monsterinsights_skip_tracking":false,"_monsterinsights_sitenote_active":false,"_monsterinsights_sitenote_note":"","_monsterinsights_sitenote_category":0,"site-sidebar-layout":"default","site-content-layout":"","ast-site-content-layout":"default","site-content-style":"default","site-sidebar-style":"default","ast-global-header-display":"","ast-banner-title-visibility":"","ast-main-header-display":"","ast-hfb-above-header-display":"","ast-hfb-below-header-display":"","ast-hfb-mobile-header-display":"","site-post-title":"","ast-breadcrumbs-content":"","ast-featured-img":"","footer-sml-layout":"","ast-disable-related-posts":"","theme-transparent-header-meta":"default","adv-header-id-meta":"","stick-header-meta":"","header-above-stick-meta":"","header-main-stick-meta":"","header-below-stick-meta":"","astra-migrate-meta-layouts":"set","ast-page-background-enabled":"default","ast-page-background-meta":{"desktop":{"background-color":"","background-image":"","background-repeat":"repeat","background-position":"center center","background-size":"auto","background-attachment":"scroll","background-type":"","background-media":"","overlay-type":"","overlay-color":"","overlay-opacity":"","overlay-gradient":""},"tablet":{"background-color":"","background-image":"","background-repeat":"repeat","background-position":"center center","background-size":"auto","background-attachment":"scroll","background-type":"","background-media":"","overlay-type":"","overlay-color":"","overlay-opacity":"","overlay-gradient":""},"mobile":{"background-color":"","background-image":"","background-repeat":"repeat","background-position":"center center","background-size":"auto","background-attachment":"scroll","background-type":"","background-media":"","overlay-type":"","overlay-color":"","overlay-opacity":"","overlay-gradient":""}},"ast-content-background-meta":{"desktop":{"background-color":"var(--ast-global-color-5)","background-image":"","background-repeat":"repeat","background-position":"center center","background-size":"auto","background-attachment":"scroll","background-type":"","background-media":"","overlay-type":"","overlay-color":"","overlay-opacity":"","overlay-gradient":""},"tablet":{"background-color":"var(--ast-global-color-5)","background-image":"","background-repeat":"repeat","background-position":"center center","background-size":"auto","background-attachment":"scroll","background-type":"","background-media":"","overlay-type":"","overlay-color":"","overlay-opacity":"","overlay-gradient":""},"mobile":{"background-color":"var(--ast-global-color-5)","background-image":"","background-repeat":"repeat","background-position":"center center","background-size":"auto","background-attachment":"scroll","background-type":"","background-media":"","overlay-type":"","overlay-color":"","overlay-opacity":"","overlay-gradient":""}},"_joinchat":{"telephone":"17776015835"}},"product_brand":[],"product_cat":[73,152,144,146,290],"product_tag":[165,287,483,94,289,288],"class_list":{"0":"post-3973","1":"product","2":"type-product","3":"status-publish","4":"has-post-thumbnail","6":"product_cat-9000-puff","7":"product_cat-buy-disposable-vapes-in-cermany","8":"product_cat-low-nicotine-disposable-vapes","9":"product_cat-rechargeable-disposable-vapes","10":"product_cat-vopk-vape","11":"product_tag-cheap-vapes","12":"product_tag-disposable-vape-pen","13":"product_tag-mini-disposable-vape","14":"product_tag-rechargeable-disposable-vape","15":"product_tag-vopk-9000-disposable-bar","16":"product_tag-vopk-cool-bar-9000","17":"desktop-align-left","18":"tablet-align-left","19":"mobile-align-left","21":"first","22":"instock","23":"sale","24":"shipping-taxable","25":"purchasable","26":"product-type-simple"},"acf":[],"uagb_featured_image_src":{"full":["https:\/\/vapestornado.com\/wp-content\/uploads\/2025\/03\/VOPK-Cool-Bar-9000-Puffs-Disposable-Vape-Wholesale.webp",800,800,false],"thumbnail":["https:\/\/vapestornado.com\/wp-content\/uploads\/2025\/03\/VOPK-Cool-Bar-9000-Puffs-Disposable-Vape-Wholesale-150x150.webp",150,150,true],"medium":["https:\/\/vapestornado.com\/wp-content\/uploads\/2025\/03\/VOPK-Cool-Bar-9000-Puffs-Disposable-Vape-Wholesale-300x300.webp",300,300,true],"medium_large":["https:\/\/vapestornado.com\/wp-content\/uploads\/2025\/03\/VOPK-Cool-Bar-9000-Puffs-Disposable-Vape-Wholesale-768x768.webp",768,768,true],"large":["https:\/\/vapestornado.com\/wp-content\/uploads\/2025\/03\/VOPK-Cool-Bar-9000-Puffs-Disposable-Vape-Wholesale.webp",800,800,false],"1536x1536":["https:\/\/vapestornado.com\/wp-content\/uploads\/2025\/03\/VOPK-Cool-Bar-9000-Puffs-Disposable-Vape-Wholesale.webp",800,800,false],"2048x2048":["https:\/\/vapestornado.com\/wp-content\/uploads\/2025\/03\/VOPK-Cool-Bar-9000-Puffs-Disposable-Vape-Wholesale.webp",800,800,false],"trp-custom-language-flag":["https:\/\/vapestornado.com\/wp-content\/uploads\/2025\/03\/VOPK-Cool-Bar-9000-Puffs-Disposable-Vape-Wholesale.webp",12,12,false],"woocommerce_thumbnail":["https:\/\/vapestornado.com\/wp-content\/uploads\/2025\/03\/VOPK-Cool-Bar-9000-Puffs-Disposable-Vape-Wholesale-300x300.webp",300,300,true],"woocommerce_single":["https:\/\/vapestornado.com\/wp-content\/uploads\/2025\/03\/VOPK-Cool-Bar-9000-Puffs-Disposable-Vape-Wholesale-600x600.webp",600,600,true],"woocommerce_gallery_thumbnail":["https:\/\/vapestornado.com\/wp-content\/uploads\/2025\/03\/VOPK-Cool-Bar-9000-Puffs-Disposable-Vape-Wholesale-100x100.webp",100,100,true]},"uagb_author_info":{"display_name":"ESAMY","author_link":"https:\/\/vapestornado.com\/pl\/author\/"},"uagb_comment_info":0,"uagb_excerpt":"Vopk Cool Bar 9000 Puffs is a pocket-friendly 9,000-puff disposable with a 16ml tank, mesh-coil consistency, adjustable airflow, and Type-C rechargeable for predictable all-day vaping. Is popular choice for wholesale buyers in Europe. Add Amy's whatsapp to get right reply and discount price! WhatsApp: +86 17776015835 &nbsp;","_links":{"self":[{"href":"https:\/\/vapestornado.com\/pl\/wp-json\/wp\/v2\/product\/3973","targetHints":{"allow":["GET"]}}],"collection":[{"href":"https:\/\/vapestornado.com\/pl\/wp-json\/wp\/v2\/product"}],"about":[{"href":"https:\/\/vapestornado.com\/pl\/wp-json\/wp\/v2\/types\/product"}],"replies":[{"embeddable":true,"href":"https:\/\/vapestornado.com\/pl\/wp-json\/wp\/v2\/comments?post=3973"}],"wp:featuredmedia":[{"embeddable":true,"href":"https:\/\/vapestornado.com\/pl\/wp-json\/wp\/v2\/media\/3969"}],"wp:attachment":[{"href":"https:\/\/vapestornado.com\/pl\/wp-json\/wp\/v2\/media?parent=3973"}],"wp:term":[{"taxonomy":"product_brand","embeddable":true,"href":"https:\/\/vapestornado.com\/pl\/wp-json\/wp\/v2\/product_brand?post=3973"},{"taxonomy":"product_cat","embeddable":true,"href":"https:\/\/vapestornado.com\/pl\/wp-json\/wp\/v2\/product_cat?post=3973"},{"taxonomy":"product_tag","embeddable":true,"href":"https:\/\/vapestornado.com\/pl\/wp-json\/wp\/v2\/product_tag?post=3973"}],"curies":[{"name":"wp","href":"https:\/\/api.w.org\/{rel}","templated":true}]}}