{"id":3939,"date":"2025-03-21T03:03:23","date_gmt":"2025-03-21T03:03:23","guid":{"rendered":"https:\/\/vapestornado.com\/?post_type=product&#038;p=3939"},"modified":"2025-12-04T07:55:19","modified_gmt":"2025-12-04T07:55:19","slug":"wholesale-vape-zooy-firzen-35000-puffs-fast-shipping-eu-warehouse","status":"publish","type":"product","link":"https:\/\/vapestornado.com\/pl\/product\/wholesale-vape-zooy-firzen-35000-puffs-fast-shipping-eu-warehouse\/","title":{"rendered":"Hurtowy Vape ZOOY Firzen 35000 Zaci\u0105gni\u0119\u0107 Szybka Wysy\u0142ka Magazyn UE"},"content":{"rendered":"<h1 data-pm-slice=\"1 1 []\">Hurtowy Vape ZOOY Firzen 35000 Zaci\u0105gni\u0119\u0107 Szybka Wysy\u0142ka Magazyn UE<\/h1>\n<p>Je\u015bli chcesz jednorazowego urz\u0105dzenia o du\u017cej pojemno\u015bci, kt\u00f3re jest d\u0142ugotrwa\u0142e, pozwala dostosowa\u0107 moc lodu i nikotyny oraz wysy\u0142a si\u0119 szybko z magazynu w UE, ZOOY Firzen 35000 oferuje do 35 000 puf\u00f3w z podw\u00f3jnymi siatkowymi grza\u0142kami, 3-stopniow\u0105 kontrol\u0105 lodu i nikotyny oraz \u0142adowaniem Typ-C.<\/p>\n<p><strong>Dlaczego u\u017cytkownicy wybieraj\u0105 Vape ZOOY Firzen 35000 Puf\u00f3w, regulowany e-papieros z nikotyn\u0105 i lodem?<\/strong><\/p>\n<ul>\n<li data-start=\"772\" data-end=\"970\">\n<p data-start=\"774\" data-end=\"970\"><strong data-start=\"774\" data-end=\"820\">Ogromna \u017cywotno\u015b\u0107 bez konieczno\u015bci cz\u0119stego kupowania:<\/strong> Taki <strong data-start=\"826\" data-end=\"857\">Jednorazowy e-papieros 35 000 puf\u00f3w<\/strong> zosta\u0142 zaprojektowany do d\u0142ugotrwa\u0142ego u\u017cytkowania z <strong data-start=\"891\" data-end=\"915\">30ml wst\u0119pnie nape\u0142nionym zbiornikiem<\/strong>, wi\u0119c wymienia si\u0119 go znacznie rzadziej ni\u017c urz\u0105dzenia na 10k\u201320k puf\u00f3w.<\/p>\n<\/li>\n<li data-start=\"971\" data-end=\"1150\">\n<p data-start=\"973\" data-end=\"1150\"><strong data-start=\"973\" data-end=\"1022\">Regulowana Kontrola Lodu i Nikotyny (3 poziomy):<\/strong> Dostosuj delikatny ch\u0142\u00f3d lub g\u0142\u0119boki lodowy zastrzyk i wybierz intensywno\u015b\u0107 nikotyny \u2014 idealne dla u\u017cytkownik\u00f3w, kt\u00f3rzy chc\u0105 mie\u0107 kontrol\u0119 w urz\u0105dzeniu jednorazowym.<\/p>\n<\/li>\n<li data-start=\"1151\" data-end=\"1281\">\n<p data-start=\"1153\" data-end=\"1281\"><strong data-start=\"1153\" data-end=\"1181\">Smak pozostaje sta\u0142y:<\/strong> <strong data-start=\"1182\" data-end=\"1206\">Podw\u00f3jne siatkowe grza\u0142ki 1.0\u03a9<\/strong> r\u00f3wnomiernie nagrzewaj\u0105 si\u0119, zapewniaj\u0105c p\u0142ynny przep\u0142yw powietrza i stabilny smak od pierwszego do ostatniego pufa.<\/p>\n<\/li>\n<li data-start=\"1282\" data-end=\"1434\">\n<p data-start=\"1284\" data-end=\"1434\"><strong data-start=\"1284\" data-end=\"1316\">\u0141adowalny dla pe\u0142nej warto\u015bci:<\/strong> A <strong data-start=\"1319\" data-end=\"1360\">650mAh \u0141adowalny Typ-C Jednorazowy akumulator<\/strong> pomaga Ci wyko\u0144czy\u0107 ka\u017cd\u0105 kropl\u0119 e-liquid, zamiast ko\u0144czy\u0107 si\u0119 wcze\u015bniej.<\/p>\n<\/li>\n<li data-start=\"1435\" data-end=\"1568\">\n<p data-start=\"1437\" data-end=\"1568\"><strong data-start=\"1437\" data-end=\"1468\">Magazyn UE szybka wysy\u0142ka:<\/strong> Dostawa na stanie szybko dla detalist\u00f3w i reseller\u00f3w, kt\u00f3rzy potrzebuj\u0105 niezawodno\u015bci <strong data-start=\"1537\" data-end=\"1567\">hurtowa dostawa e-papieros\u00f3w EU<\/strong>.<\/p>\n<\/li>\n<\/ul>\n<p>Mamy te\u017c inne popularne vape z ekranem, takie jak <a href=\"https:\/\/vapestornado.com\/pl\/product\/bang-leader-50000-puffs-50k-2-in-1-double-flavor-digital-disposable-vape-bulk-price\/\">Jednorazowy e-papieros BANG Leader 50k<\/a>, <a href=\"https:\/\/vapestornado.com\/pl\/product\/vopk-ultra-40000-puffs-2-in-1-digital-screen-rechargeable-disposable-vape\/\">Jednorazowy e-papieros VOPK 40k Puff<\/a>, <a href=\"https:\/\/vapestornado.com\/pl\/product\/vozol-gear-shisha-25k-25000-puffs-best-dtl-disposable-vape-hookah-cheap-price\/\">Vozol Gear Shisha 25000<\/a>, i wiele innych.<\/p>\n<p data-start=\"666\" data-end=\"1235\"><strong style=\"font-size: 16px;\"><span style=\"color: #ff0000;\">Dodaj Amy na WhatsApp, aby uzyska\u0107 szybk\u0105 odpowied\u017a i cen\u0119 ze zni\u017ck\u0105!<\/span><\/strong><\/p>\n<p><img fetchpriority=\"high\" decoding=\"async\" class=\"size-full wp-image-2932\" src=\"https:\/\/vapestornado.com\/wp-content\/uploads\/2024\/12\/Vape-Wholesale.jpg\" alt=\"Hurtowa sprzeda\u017c e-papieros\u00f3w\" width=\"229\" height=\"300\" \/><\/p>\n<h3><a href=\"https:\/\/wa.me\/8617776015835\" target=\"_blank\" rel=\"noopener\"><span style=\"color: #ff0000;\"><strong>WhatsApp: +86 17776015835<\/strong><\/span><\/a><\/h3>\n<p>&nbsp;<\/p>\n<h2><strong>ZOOY Firzen 35000 Kluczowe cechy produktu<\/strong><\/h2>\n<table>\n<thead>\n<tr>\n<th>Parametr<\/th>\n<th align=\"right\">Specyfikacja<\/th>\n<th>Wyja\u015bnienie dla u\u017cytkownika<\/th>\n<\/tr>\n<\/thead>\n<tbody>\n<tr>\n<td>Marka<\/td>\n<td align=\"right\">ZOOY<\/td>\n<td>Rozpoznawalna linia do powtarzalnych zakup\u00f3w.<\/td>\n<\/tr>\n<tr>\n<td>Pojemno\u015b\u0107 zaci\u0105gni\u0119\u0107<\/td>\n<td align=\"right\">Do 35 000 zaci\u0105gni\u0119\u0107<\/td>\n<td>Wysokiej pojemno\u015bci jednorazowy e-papieros, kt\u00f3ry dzia\u0142a znacznie d\u0142u\u017cej ni\u017c standardowe modele.<\/td>\n<\/tr>\n<tr>\n<td>Obj\u0119to\u015b\u0107 E-Liquidu<\/td>\n<td align=\"right\">30ml nape\u0142nione wcze\u015bniej<\/td>\n<td>Du\u017cy zbiornik wspiera d\u0142ug\u0105 \u017cywotno\u015b\u0107 bez uzupe\u0142niania.<\/td>\n<\/tr>\n<tr>\n<td>Typ Grza\u0142ki<\/td>\n<td align=\"right\">Podw\u00f3jne siatkowe grza\u0142ki 1.0\u03a9<\/td>\n<td>R\u00f3wnomierne podgrzewanie = p\u0142ynniejszy przep\u0142yw powietrza, bogatszy smak, mniej blakni\u0119cia.<\/td>\n<\/tr>\n<tr>\n<td>Bateria<\/td>\n<td align=\"right\">650mAh \u0142adowalny<\/td>\n<td>Na\u0142aduj, aby doko\u0144czy\u0107 ca\u0142y p\u0142yn, zamiast marnowa\u0107 pufy.<\/td>\n<\/tr>\n<tr>\n<td>\u0141adowanie<\/td>\n<td align=\"right\">USB Typ-C<\/td>\n<td>Nowoczesny, szybki, szeroko kompatybilny standard \u0142adowania.<\/td>\n<\/tr>\n<tr>\n<td>Ice &amp; Nic Control<\/td>\n<td align=\"right\">3 regulowane poziomy<\/td>\n<td>Wybierz lekkie ch\u0142odzenie lub mocny l\u00f3d, i dostosuj odczucie intensywno\u015bci nikotyny.<\/td>\n<\/tr>\n<tr>\n<td>Pod\u015bwietlenie<\/td>\n<td align=\"right\">Design \u015bwiat\u0142a RGB (3 kolory)<\/td>\n<td>Stylowy efekt wizualny, kt\u00f3ry wyr\u00f3\u017cnia si\u0119 w r\u0119ku i na p\u00f3\u0142kach.<\/td>\n<\/tr>\n<tr>\n<td>Waga cia\u0142a<\/td>\n<td align=\"right\">90g<\/td>\n<td>Lekka na tyle, aby nosi\u0107 j\u0105 codziennie.<\/td>\n<\/tr>\n<tr>\n<td>Rozmiar<\/td>\n<td align=\"right\">103,5 \u00d7 45 \u00d7 21mm<\/td>\n<td>Kompaktowy, miejski kszta\u0142t.<\/td>\n<\/tr>\n<tr>\n<td>Opcje smakowe<\/td>\n<td align=\"right\">10 smak\u00f3w<\/td>\n<td>R\u00f3\u017cnorodno\u015b\u0107 dla r\u00f3\u017cnych preferencji klient\u00f3w.<\/td>\n<\/tr>\n<tr>\n<td>Wysy\u0142ka<\/td>\n<td align=\"right\">Magazyn w UE szybka wysy\u0142ka<\/td>\n<td>Szybsza dostawa i bardziej niezawodne uzupe\u0142nianie zapas\u00f3w hurtowych w Europie.<\/td>\n<\/tr>\n<\/tbody>\n<\/table>\n<h2 class=\"product-title\"><strong>Lista smak\u00f3w ZOOY Firzen 35000<\/strong><\/h2>\n<article class=\"w-full text-token-text-primary focus-visible:outline-2 focus-visible:outline-offset-[-4px]\" dir=\"auto\" data-testid=\"conversation-turn-32\" data-scroll-anchor=\"false\">\n<div class=\"m-auto text-base py-[18px] px-6\">\n<div class=\"mx-auto flex flex-1 text-base gap-4 md:gap-5 lg:gap-6 md:max-w-3xl lg:max-w-[40rem] xl:max-w-[48rem]\">\n<div class=\"group\/conversation-turn relative flex w-full min-w-0 flex-col @xs\/thread:px-0 @sm\/thread:px-1.5 @md\/thread:px-4\">\n<div class=\"flex-col gap-1 md:gap-3\">\n<div class=\"flex max-w-full flex-col flex-grow\">\n<div class=\"min-h-8 text-message flex w-full flex-col items-end gap-2 whitespace-normal break-words text-start [.text-message+&amp;]:mt-5\" dir=\"auto\" data-message-author-role=\"user\" data-message-id=\"ffac41ca-1db4-431b-873a-32c4052956f1\">\n<div class=\"flex w-full flex-col gap-1 empty:hidden items-end rtl:items-start\">\n<div class=\"relative max-w-[var(--user-chat-width,70%)] rounded-3xl bg-token-message-surface px-5 py-2.5\">\n<div class=\"absolute bottom-0 right-full top-0 -mr-3.5 hidden pr-5 pt-2 [.group\/conversation-turn:hover_&amp;]:flex\">\n<div class=\"flex\">\n<article class=\"w-full text-token-text-primary focus-visible:outline-2 focus-visible:outline-offset-[-4px]\" dir=\"auto\" data-testid=\"conversation-turn-39\" data-scroll-anchor=\"true\">\n<div class=\"m-auto text-base py-[18px] px-6\">\n<div class=\"mx-auto flex flex-1 text-base gap-4 md:gap-5 lg:gap-6 md:max-w-3xl lg:max-w-[40rem] xl:max-w-[48rem]\">\n<div class=\"group\/conversation-turn relative flex w-full min-w-0 flex-col agent-turn @xs\/thread:px-0 @sm\/thread:px-1.5 @md\/thread:px-4\">\n<div class=\"flex-col gap-1 md:gap-3\">\n<div class=\"flex max-w-full flex-col flex-grow\">\n<div class=\"min-h-8 text-message flex w-full flex-col items-end gap-2 whitespace-normal break-words text-start [.text-message+&amp;]:mt-5\" dir=\"auto\" data-message-author-role=\"assistant\" data-message-id=\"55a23854-ec57-48dd-bd4f-6118f43d6241\" data-message-model-slug=\"gpt-4o\">\n<div class=\"flex w-full flex-col gap-1 empty:hidden first:pt-[3px]\">\n<div class=\"markdown prose w-full break-words dark:prose-invert light\">\n<p>1.L\u00f3d arbuzowy<br \/>\n2.Aloes winogronowy<br \/>\n3.Truskawka bananowa<br \/>\n4.Truskawka malina kiwi<br \/>\n5.Lemoniada jagodowa malinowa<br \/>\n6.Ananas kokosowy<br \/>\n7.Mentol<br \/>\n8. Truskawka Arbuz<br \/>\n9.Mieszane jagody<br \/>\n10.Je\u017cyna \u017curawinowa<\/p>\n<\/div>\n<\/div>\n<\/div>\n<\/div>\n<\/div>\n<\/div>\n<\/div>\n<\/div>\n<\/article>\n<\/div>\n<\/div>\n<\/div>\n<\/div>\n<\/div>\n<\/div>\n<\/div>\n<\/div>\n<\/div>\n<\/div>\n<\/article>\n<div class=\"flex-shrink-0 flex flex-col relative items-end\">\n<div class=\"pt-0\">\n<div class=\"gizmo-bot-avatar flex h-8 w-8 items-center justify-center overflow-hidden rounded-full\">\n<div class=\"relative p-1 rounded-sm flex items-center justify-center bg-token-main-surface-primary text-token-text-primary h-8 w-8\">\n<figure id=\"attachment_3936\" aria-describedby=\"caption-attachment-3936\" style=\"width: 800px\" class=\"wp-caption alignnone\"><img decoding=\"async\" class=\"wp-image-3936 size-full\" src=\"https:\/\/vapestornado.com\/wp-content\/uploads\/2025\/03\/Zooy-Firzen-35000-Puffs-Vape-Pen-Low-Pirce.webp\" alt=\"Zooy Firzen 35000 Zaci\u0105gni\u0119\u0107 E-papieros Niska Cena\" width=\"800\" height=\"800\" srcset=\"https:\/\/vapestornado.com\/wp-content\/uploads\/2025\/03\/Zooy-Firzen-35000-Puffs-Vape-Pen-Low-Pirce.webp 800w, https:\/\/vapestornado.com\/wp-content\/uploads\/2025\/03\/Zooy-Firzen-35000-Puffs-Vape-Pen-Low-Pirce-300x300.webp 300w, https:\/\/vapestornado.com\/wp-content\/uploads\/2025\/03\/Zooy-Firzen-35000-Puffs-Vape-Pen-Low-Pirce-150x150.webp 150w, https:\/\/vapestornado.com\/wp-content\/uploads\/2025\/03\/Zooy-Firzen-35000-Puffs-Vape-Pen-Low-Pirce-768x768.webp 768w, https:\/\/vapestornado.com\/wp-content\/uploads\/2025\/03\/Zooy-Firzen-35000-Puffs-Vape-Pen-Low-Pirce-600x600.webp 600w, https:\/\/vapestornado.com\/wp-content\/uploads\/2025\/03\/Zooy-Firzen-35000-Puffs-Vape-Pen-Low-Pirce-100x100.webp 100w\" sizes=\"(max-width: 800px) 100vw, 800px\" \/><figcaption id=\"caption-attachment-3936\" class=\"wp-caption-text\">Zooy Firzen 35000 Zaci\u0105gni\u0119\u0107 E-papieros Niska Cena<\/figcaption><\/figure>\n<\/div>\n<div class=\"relative p-1 rounded-sm flex items-center justify-center bg-token-main-surface-primary text-token-text-primary h-8 w-8\">\n<h3>FAQ<\/h3>\n<p data-start=\"1639\" data-end=\"1956\"><strong data-start=\"1639\" data-end=\"1734\">Pytanie: \u201eMam do\u015b\u0107 jednoraz\u00f3wek, kt\u00f3re ko\u0144cz\u0105 si\u0119 zbyt szybko. Czy ZOOY Firzen 35000 naprawd\u0119 wytrzyma?\u201d<\/strong><br data-start=\"1734\" data-end=\"1737\" \/><strong data-start=\"1737\" data-end=\"1743\">A:<\/strong> Tak. The <strong data-start=\"1753\" data-end=\"1796\">Jednorazowy e-papieros ZOOY Firzen 35000 Puffs<\/strong> zaprojektowany na d\u0142ugie sesje z <strong data-start=\"1834\" data-end=\"1856\">do 35 000 puf\u00f3w<\/strong> i <strong data-start=\"1863\" data-end=\"1900\">30 ml wst\u0119pnie nape\u0142nionej e-liquid<\/strong>. Dla wi\u0119kszo\u015bci u\u017cytkownik\u00f3w oznacza to <strong data-start=\"1929\" data-end=\"1945\">tygodnie u\u017cytkowania<\/strong>, a nie dni.<\/p>\n<p data-start=\"1958\" data-end=\"2202\"><strong data-start=\"1958\" data-end=\"2020\">Pytanie: \u201eCzy jednoraz\u00f3wki o du\u017cej liczbie puf\u00f3w trac\u0105 smak w po\u0142owie?\u201d<\/strong><br data-start=\"2020\" data-end=\"2023\" \/><strong data-start=\"2023\" data-end=\"2029\">A:<\/strong> Wiele z nich tak, ale Firzen zosta\u0142 zaprojektowany, aby tego unikn\u0105\u0107. The <strong data-start=\"2081\" data-end=\"2111\">dualny system cewki siatkowej 1.0\u03a9<\/strong> r\u00f3wnomiernie podgrzewa e-liquid, utrzymuj\u0105c g\u0119st\u0105 par\u0119 i \u0142agodny smak przez ca\u0142y czas pracy tanku.<\/p>\n<p data-start=\"2204\" data-end=\"2546\"><strong data-start=\"2204\" data-end=\"2289\">P: \u201eChc\u0119 mie\u0107 kontrol\u0119 nad ch\u0142odnym odczuciem i uderzeniem nikotynowym. Czy jednoraz\u00f3wka to umo\u017cliwi?\u201d<\/strong><br data-start=\"2289\" data-end=\"2292\" \/><strong data-start=\"2292\" data-end=\"2298\">A:<\/strong> Dok\u0142adnie po to jest Firzen. Jego <strong data-start=\"2338\" data-end=\"2364\">Kontrola lodu i nikotyny<\/strong> daje <strong data-start=\"2371\" data-end=\"2398\">trzy poziomy regulacji<\/strong>, pozwalaj\u0105c wybra\u0107 \u0142agodne ch\u0142odzenie lub mocne zimne uderzenie, oraz dopasowa\u0107 odczucie nikotyny do w\u0142asnych preferencji. To rzadko spotykana funkcja w tej klasie pojemno\u015bci.<\/p>\n<p data-start=\"2548\" data-end=\"2800\"><strong data-start=\"2548\" data-end=\"2605\">P: \u201eCzy bateria wystarczy na 35 tysi\u0119cy puf\u00f3w?\u201d<\/strong><br data-start=\"2605\" data-end=\"2608\" \/><strong data-start=\"2608\" data-end=\"2614\">A:<\/strong> Urz\u0105dzenie wykorzystuje <strong data-start=\"2633\" data-end=\"2664\">akumulator o pojemno\u015bci 650 mAh<\/strong>, wi\u0119c mo\u017cna j\u0105 na\u0142adowa\u0107 w razie potrzeby i kontynuowa\u0107 vapowanie, a\u017c tank si\u0119 opr\u00f3\u017cni. Z <strong data-start=\"2751\" data-end=\"2779\">szybkie \u0142adowanie USB typu C<\/strong>, czas przestoju jest minimalny.<\/p>\n<p data-start=\"2802\" data-end=\"3024\"><strong data-start=\"2802\" data-end=\"2856\">P: \u201eCzy jest przeno\u015bny, czy za du\u017cy na codzienne noszenie?\u201d<\/strong><br data-start=\"2856\" data-end=\"2859\" \/><strong data-start=\"2859\" data-end=\"2865\">A:<\/strong> Jest zaprojektowany tak, aby by\u0142 praktyczny. Przy <strong data-start=\"2898\" data-end=\"2905\">90g<\/strong> i kompaktowym <strong data-start=\"2920\" data-end=\"2941\">103,5 \u00d7 45 \u00d7 21mm<\/strong> korpusie, jest lekki i mie\u015bci si\u0119 w kieszeni, idealny na dojazdy, podr\u00f3\u017ce i codzienne u\u017cytkowanie.<\/p>\n<p data-start=\"3026\" data-end=\"3299\"><strong data-start=\"3026\" data-end=\"3083\">P: \u201eJakie smaki s\u0105 dost\u0119pne i ciesz\u0105 si\u0119 popularno\u015bci\u0105?\u201d<\/strong><br data-start=\"3083\" data-end=\"3086\" \/><strong data-start=\"3086\" data-end=\"3092\">A:<\/strong> Firzen dost\u0119pny jest w <strong data-start=\"3109\" data-end=\"3139\">10 najch\u0119tniej wybieranych profilach<\/strong>, w tym <strong data-start=\"3151\" data-end=\"3204\">Arbuz z lodem, Aloes z winogronem i Truskawka z bananem<\/strong>. To s\u0105 desi<\/p>\n<\/div>\n<\/div>\n<\/div>\n<\/div>","protected":false},"excerpt":{"rendered":"<p>ZOOY Firzen 35000 Puf\u00f3w Jednorazowy E-papieros na d\u0142ugotrwa\u0142e sesje<br \/>\nZOOY Firzen 35000 z Kontrol\u0105 Lodu i Nikotyny (3 poziomy) oraz Podw\u00f3jnymi Siatkowymi Grza\u0142kami<br \/>\nZOOY Firzen 35000 Typ-C \u0141adowalny Jednorazowy z Szybka Wysy\u0142k\u0105 z Magazynu w UE<\/p>\n<p><strong>Dodaj Amy na WhatsApp, aby uzyska\u0107 w\u0142a\u015bciw\u0105 odpowied\u017a i cen\u0119 z rabatem!<\/strong><\/p>\n<p><img fetchpriority=\"high\" decoding=\"async\" class=\"size-full wp-image-2932\" src=\"https:\/\/vapestornado.com\/wp-content\/uploads\/2024\/12\/Vape-Wholesale.jpg\" alt=\"Hurtowa sprzeda\u017c e-papieros\u00f3w\" width=\"229\" height=\"300\" \/><\/p>\n<h3><a href=\"https:\/\/wa.me\/8617776015835\"><span style=\"color: #ff0000;\"><strong>WhatsApp: +86 17776015835<\/strong><\/span><\/a><\/h3>\n<p>&nbsp;<\/p>","protected":false},"featured_media":3935,"comment_status":"open","ping_status":"closed","template":"","meta":{"_acf_changed":false,"_uag_custom_page_level_css":"","_lmt_disableupdate":"no","_lmt_disable":"","_monsterinsights_skip_tracking":false,"_monsterinsights_sitenote_active":false,"_monsterinsights_sitenote_note":"","_monsterinsights_sitenote_category":0,"site-sidebar-layout":"default","site-content-layout":"","ast-site-content-layout":"default","site-content-style":"default","site-sidebar-style":"default","ast-global-header-display":"","ast-banner-title-visibility":"","ast-main-header-display":"","ast-hfb-above-header-display":"","ast-hfb-below-header-display":"","ast-hfb-mobile-header-display":"","site-post-title":"","ast-breadcrumbs-content":"","ast-featured-img":"","footer-sml-layout":"","ast-disable-related-posts":"","theme-transparent-header-meta":"default","adv-header-id-meta":"","stick-header-meta":"","header-above-stick-meta":"","header-main-stick-meta":"","header-below-stick-meta":"","astra-migrate-meta-layouts":"set","ast-page-background-enabled":"default","ast-page-background-meta":{"desktop":{"background-color":"","background-image":"","background-repeat":"repeat","background-position":"center center","background-size":"auto","background-attachment":"scroll","background-type":"","background-media":"","overlay-type":"","overlay-color":"","overlay-opacity":"","overlay-gradient":""},"tablet":{"background-color":"","background-image":"","background-repeat":"repeat","background-position":"center center","background-size":"auto","background-attachment":"scroll","background-type":"","background-media":"","overlay-type":"","overlay-color":"","overlay-opacity":"","overlay-gradient":""},"mobile":{"background-color":"","background-image":"","background-repeat":"repeat","background-position":"center center","background-size":"auto","background-attachment":"scroll","background-type":"","background-media":"","overlay-type":"","overlay-color":"","overlay-opacity":"","overlay-gradient":""}},"ast-content-background-meta":{"desktop":{"background-color":"var(--ast-global-color-5)","background-image":"","background-repeat":"repeat","background-position":"center center","background-size":"auto","background-attachment":"scroll","background-type":"","background-media":"","overlay-type":"","overlay-color":"","overlay-opacity":"","overlay-gradient":""},"tablet":{"background-color":"var(--ast-global-color-5)","background-image":"","background-repeat":"repeat","background-position":"center center","background-size":"auto","background-attachment":"scroll","background-type":"","background-media":"","overlay-type":"","overlay-color":"","overlay-opacity":"","overlay-gradient":""},"mobile":{"background-color":"var(--ast-global-color-5)","background-image":"","background-repeat":"repeat","background-position":"center center","background-size":"auto","background-attachment":"scroll","background-type":"","background-media":"","overlay-type":"","overlay-color":"","overlay-opacity":"","overlay-gradient":""}},"_joinchat":{"telephone":"17776015835"}},"product_brand":[],"product_cat":[19,175,140,152,153,143,144,283],"product_tag":[471,282,281,94,93,280],"class_list":{"0":"post-3939","1":"product","2":"type-product","3":"status-publish","4":"has-post-thumbnail","6":"product_cat-vapes","7":"product_cat-35000-puff","8":"product_cat-big-puffs-disposable-vapes","9":"product_cat-buy-disposable-vapes-in-cermany","10":"product_cat-buy-disposable-vapes-in-italy","11":"product_cat-dual-mesh-disposable-vapes","12":"product_cat-low-nicotine-disposable-vapes","13":"product_cat-zooy-vape","14":"product_tag-35k-puff-vape","15":"product_tag-ice-adjustable","16":"product_tag-nicotine-adjustable","17":"product_tag-rechargeable-disposable-vape","18":"product_tag-vape-wholesale","19":"product_tag-zooy-firzen-35000","20":"desktop-align-left","21":"tablet-align-left","22":"mobile-align-left","24":"first","25":"instock","26":"sale","27":"shipping-taxable","28":"purchasable","29":"product-type-simple"},"acf":[],"uagb_featured_image_src":{"full":["https:\/\/vapestornado.com\/wp-content\/uploads\/2025\/03\/Zooy-Firzen-35000-Puffs-Vape-Near-Me.webp",800,800,false],"thumbnail":["https:\/\/vapestornado.com\/wp-content\/uploads\/2025\/03\/Zooy-Firzen-35000-Puffs-Vape-Near-Me-150x150.webp",150,150,true],"medium":["https:\/\/vapestornado.com\/wp-content\/uploads\/2025\/03\/Zooy-Firzen-35000-Puffs-Vape-Near-Me-300x300.webp",300,300,true],"medium_large":["https:\/\/vapestornado.com\/wp-content\/uploads\/2025\/03\/Zooy-Firzen-35000-Puffs-Vape-Near-Me-768x768.webp",768,768,true],"large":["https:\/\/vapestornado.com\/wp-content\/uploads\/2025\/03\/Zooy-Firzen-35000-Puffs-Vape-Near-Me.webp",800,800,false],"1536x1536":["https:\/\/vapestornado.com\/wp-content\/uploads\/2025\/03\/Zooy-Firzen-35000-Puffs-Vape-Near-Me.webp",800,800,false],"2048x2048":["https:\/\/vapestornado.com\/wp-content\/uploads\/2025\/03\/Zooy-Firzen-35000-Puffs-Vape-Near-Me.webp",800,800,false],"trp-custom-language-flag":["https:\/\/vapestornado.com\/wp-content\/uploads\/2025\/03\/Zooy-Firzen-35000-Puffs-Vape-Near-Me.webp",12,12,false],"woocommerce_thumbnail":["https:\/\/vapestornado.com\/wp-content\/uploads\/2025\/03\/Zooy-Firzen-35000-Puffs-Vape-Near-Me-300x300.webp",300,300,true],"woocommerce_single":["https:\/\/vapestornado.com\/wp-content\/uploads\/2025\/03\/Zooy-Firzen-35000-Puffs-Vape-Near-Me-600x600.webp",600,600,true],"woocommerce_gallery_thumbnail":["https:\/\/vapestornado.com\/wp-content\/uploads\/2025\/03\/Zooy-Firzen-35000-Puffs-Vape-Near-Me-100x100.webp",100,100,true]},"uagb_author_info":{"display_name":"ESAMY","author_link":"https:\/\/vapestornado.com\/pl\/author\/"},"uagb_comment_info":0,"uagb_excerpt":"ZOOY Firzen 35000 Puffs Disposable Vape for Long-Lasting Sessions ZOOY Firzen 35000 with Ice &amp; Nicotine Control (3 Levels) and Dual Mesh Coils ZOOY Firzen 35000 Type-C Rechargeable Disposable with Fast EU Warehouse Shipping Add Amy's whatsapp to get right reply and discount price! WhatsApp: +86 17776015835 &nbsp;","_links":{"self":[{"href":"https:\/\/vapestornado.com\/pl\/wp-json\/wp\/v2\/product\/3939","targetHints":{"allow":["GET"]}}],"collection":[{"href":"https:\/\/vapestornado.com\/pl\/wp-json\/wp\/v2\/product"}],"about":[{"href":"https:\/\/vapestornado.com\/pl\/wp-json\/wp\/v2\/types\/product"}],"replies":[{"embeddable":true,"href":"https:\/\/vapestornado.com\/pl\/wp-json\/wp\/v2\/comments?post=3939"}],"wp:featuredmedia":[{"embeddable":true,"href":"https:\/\/vapestornado.com\/pl\/wp-json\/wp\/v2\/media\/3935"}],"wp:attachment":[{"href":"https:\/\/vapestornado.com\/pl\/wp-json\/wp\/v2\/media?parent=3939"}],"wp:term":[{"taxonomy":"product_brand","embeddable":true,"href":"https:\/\/vapestornado.com\/pl\/wp-json\/wp\/v2\/product_brand?post=3939"},{"taxonomy":"product_cat","embeddable":true,"href":"https:\/\/vapestornado.com\/pl\/wp-json\/wp\/v2\/product_cat?post=3939"},{"taxonomy":"product_tag","embeddable":true,"href":"https:\/\/vapestornado.com\/pl\/wp-json\/wp\/v2\/product_tag?post=3939"}],"curies":[{"name":"wp","href":"https:\/\/api.w.org\/{rel}","templated":true}]}}