{"id":3931,"date":"2025-03-21T07:19:47","date_gmt":"2025-03-21T07:19:47","guid":{"rendered":"https:\/\/vapestornado.com\/?post_type=product&#038;p=3931"},"modified":"2025-08-23T10:52:54","modified_gmt":"2025-08-23T10:52:54","slug":"best-mesii-shisha-heavy-hitter-50000-puff-longest-lasting-disposable-vape","status":"publish","type":"product","link":"https:\/\/vapestornado.com\/pl\/product\/best-mesii-shisha-heavy-hitter-50000-puff-longest-lasting-disposable-vape\/","title":{"rendered":"Najlepszy Mesii Shisha Heavy Hitter 50000 Zaci\u0105gni\u0119\u0107 Najd\u0142u\u017cej Dzia\u0142aj\u0105cy Jednorazowy Vape"},"content":{"rendered":"<h1 data-pm-slice=\"1 1 []\">Najlepszy Mesii Shisha Heavy Hitter 50000 Zaci\u0105gni\u0119\u0107 Najd\u0142u\u017cej Dzia\u0142aj\u0105cy Jednorazowy Vape<\/h1>\n<p data-start=\"221\" data-end=\"580\">Cyfrowy ekran <strong data-start=\"225\" data-end=\"282\">Jednorazowy waporyzator Mesii Shisha Heavy Hitter 50000 Puffs<\/strong> jest stworzony dla u\u017cytkownik\u00f3w, kt\u00f3rzy chc\u0105 maksymalnej wytrzyma\u0142o\u015bci i intensywnego dostarczania smaku w jednym pot\u0119\u017cnym urz\u0105dzeniu. Dzi\u0119ki <strong data-start=\"386\" data-end=\"422\">bardzo du\u017cej pojemno\u015bci 50 000 zaci\u0105gni\u0119\u0107<\/strong>, urz\u0105dzenie to nale\u017cy do najd\u0142u\u017cej dzia\u0142aj\u0105cych jednoraz\u00f3wek na rynku, co czyni je bardzo atrakcyjnym dla hurtownik\u00f3w i sprzedawc\u00f3w detalicznych poszukuj\u0105cych niezawodnych zapas\u00f3w hurtowych.<\/p>\n<p data-start=\"582\" data-end=\"908\">Wyposa\u017cony w <strong data-start=\"592\" data-end=\"613\">podw\u00f3jne tryby wapowania<\/strong>, u\u017cytkownicy mog\u0105 prze\u0142\u0105cza\u0107 si\u0119 mi\u0119dzy dwoma ustawieniami mocy, aby dostosowa\u0107 wra\u017cenia \u2013 \u0142agodne do codziennego u\u017cytku lub intensywne dla mi\u0142o\u015bnik\u00f3w chmur. Jego <strong data-start=\"745\" data-end=\"774\">regulowany system przep\u0142ywu powietrza<\/strong> dodatkowo dostosowuje ka\u017cde zaci\u0105gni\u0119cie, podczas gdy wiele <strong data-start=\"817\" data-end=\"856\">poziom\u00f3w nikotyny (0%, 2%, 3%, 5%)<\/strong> sprawia, \u017ce jest odpowiedni dla szerokiego zakresu preferencji.<\/p>\n<p data-start=\"910\" data-end=\"1257\">Wyposa\u017cony w <strong data-start=\"926\" data-end=\"957\">akumulator o pojemno\u015bci 650 mAh<\/strong> i <strong data-start=\"962\" data-end=\"986\">Szybkie \u0142adowanie typu C<\/strong>, Mesii Heavy Hitter minimalizuje przestoje. Urz\u0105dzenie <strong data-start=\"1039\" data-end=\"1063\">cyfrowy inteligentny ekran<\/strong> wy\u015bwietla w czasie rzeczywistym poziom baterii i liquidu, zapewniaj\u0105c sta\u0142\u0105 wydajno\u015b\u0107. Wewn\u0105trz <strong data-start=\"1157\" data-end=\"1186\">technologia podw\u00f3jnej siatki grzewczej<\/strong> zwi\u0119ksza g\u0119sto\u015b\u0107 pary i smak, nadaj\u0105c ka\u017cdemu zaci\u0105gni\u0119ciu premium charakter.<\/p>\n<p data-start=\"1259\" data-end=\"1420\">Dla hurtownik\u00f3w <strong data-start=\"1280\" data-end=\"1305\">Mesii Shisha 50K Vape<\/strong> \u0142\u0105czy <strong data-start=\"1315\" data-end=\"1368\">pojemno\u015b\u0107, wszechstronno\u015b\u0107 i silny apel konsumencki<\/strong>\u2014 op\u0142acalny wyb\u00f3r dla europejskiego rynku vape<\/p>\n<p data-start=\"666\" data-end=\"1235\"><strong style=\"font-size: 16px;\"><span style=\"color: #ff0000;\">Dodaj Amy na WhatsApp, aby uzyska\u0107 szybk\u0105 odpowied\u017a i cen\u0119 ze zni\u017ck\u0105!<\/span><\/strong><\/p>\n<p><img fetchpriority=\"high\" decoding=\"async\" class=\"size-full wp-image-2932\" src=\"https:\/\/vapestornado.com\/wp-content\/uploads\/2024\/12\/Vape-Wholesale.jpg\" alt=\"Hurtowa sprzeda\u017c e-papieros\u00f3w\" width=\"229\" height=\"300\" \/><\/p>\n<h3><a href=\"https:\/\/wa.me\/8617776015835\" target=\"_blank\" rel=\"noopener\"><span style=\"color: #ff0000;\"><strong>WhatsApp: +86 17776015835<\/strong><\/span><\/a><\/h3>\n<p>&nbsp;<\/p>\n<h2><strong>Najlepsze cechy produktu Mesii Shisha Heavy Hitter 50000 Vape<\/strong><\/h2>\n<p>Marka: Mesii<br \/>\nModel: Mesii Shisha Heavy Hitter 50000<br \/>\nNikotyna: 0% 2% 5%<br \/>\nPojemno\u015b\u0107 baterii: 800mAh<br \/>\nPuff: 50000<br \/>\nPojemno\u015b\u0107: 45ml<br \/>\nWy\u015bwietlacz cyfrowy<br \/>\nDTL<br \/>\nPodw\u00f3jna Siatka Grzewcza<\/p>\n<h2 class=\"product-title\"><strong>Lista popularnych smak\u00f3w Mesii Shisha Hookah 50000 Vape<\/strong><\/h2>\n<article class=\"w-full text-token-text-primary focus-visible:outline-2 focus-visible:outline-offset-[-4px]\" dir=\"auto\" data-testid=\"conversation-turn-32\" data-scroll-anchor=\"false\">\n<div class=\"m-auto text-base py-[18px] px-6\">\n<div class=\"mx-auto flex flex-1 text-base gap-4 md:gap-5 lg:gap-6 md:max-w-3xl lg:max-w-[40rem] xl:max-w-[48rem]\">\n<div class=\"group\/conversation-turn relative flex w-full min-w-0 flex-col @xs\/thread:px-0 @sm\/thread:px-1.5 @md\/thread:px-4\">\n<div class=\"flex-col gap-1 md:gap-3\">\n<div class=\"flex max-w-full flex-col flex-grow\">\n<div class=\"min-h-8 text-message flex w-full flex-col items-end gap-2 whitespace-normal break-words text-start [.text-message+&amp;]:mt-5\" dir=\"auto\" data-message-author-role=\"user\" data-message-id=\"ffac41ca-1db4-431b-873a-32c4052956f1\">\n<div class=\"flex w-full flex-col gap-1 empty:hidden items-end rtl:items-start\">\n<div class=\"relative max-w-[var(--user-chat-width,70%)] rounded-3xl bg-token-message-surface px-5 py-2.5\">\n<div class=\"absolute bottom-0 right-full top-0 -mr-3.5 hidden pr-5 pt-2 [.group\/conversation-turn:hover_&amp;]:flex\">\n<div class=\"flex\">\n<article class=\"w-full text-token-text-primary focus-visible:outline-2 focus-visible:outline-offset-[-4px]\" dir=\"auto\" data-testid=\"conversation-turn-39\" data-scroll-anchor=\"true\">\n<div class=\"m-auto text-base py-[18px] px-6\">\n<div class=\"mx-auto flex flex-1 text-base gap-4 md:gap-5 lg:gap-6 md:max-w-3xl lg:max-w-[40rem] xl:max-w-[48rem]\">\n<div class=\"group\/conversation-turn relative flex w-full min-w-0 flex-col agent-turn @xs\/thread:px-0 @sm\/thread:px-1.5 @md\/thread:px-4\">\n<div class=\"flex-col gap-1 md:gap-3\">\n<div class=\"flex max-w-full flex-col flex-grow\">\n<div class=\"min-h-8 text-message flex w-full flex-col items-end gap-2 whitespace-normal break-words text-start [.text-message+&amp;]:mt-5\" dir=\"auto\" data-message-author-role=\"assistant\" data-message-id=\"55a23854-ec57-48dd-bd4f-6118f43d6241\" data-message-model-slug=\"gpt-4o\">\n<div class=\"flex w-full flex-col gap-1 empty:hidden first:pt-[3px]\">\n<div class=\"markdown prose w-full break-words dark:prose-invert light\">\n<p>1. Strawberry Margarita Ice (Shisha)<br \/>\n2. Love 777 Ice (Shisha)<br \/>\n3. Grape Mint Ice (Shisha)<br \/>\n4. Two Apple Ice (Shisha)<br \/>\n5. Lady Killa Ice (Shisha)<br \/>\n6. Brzoskwiniowy L\u00f3d<br \/>\n7. Niebieska Malina L\u00f3d<br \/>\n8. Arbuzowy L\u00f3d<br \/>\n9. Jagodowy L\u00f3d<br \/>\n10. Je\u017cynowy L\u00f3d<br \/>\n11. Truskawkowo-Wi\u015bniowy L\u00f3d<br \/>\n12. Jagodowo-Arbuzowy L\u00f3d<br \/>\n13. Cytrynowo-Limonkowy L\u00f3d<br \/>\n14. Kwa\u015bny L\u00f3d Mango-Ananas<br \/>\n15. Winogronowy L\u00f3d<\/p>\n<figure id=\"attachment_3914\" aria-describedby=\"caption-attachment-3914\" style=\"width: 800px\" class=\"wp-caption alignnone\"><img decoding=\"async\" class=\"wp-image-3914 size-full\" src=\"https:\/\/vapestornado.com\/wp-content\/uploads\/2025\/03\/Mesii-Shisha-Hoohakh-50k-50000-Vape-Price.webp\" alt=\"Mesii Shisha Hoohakh 50k 50000 Cena Vape\" width=\"800\" height=\"800\" srcset=\"https:\/\/vapestornado.com\/wp-content\/uploads\/2025\/03\/Mesii-Shisha-Hoohakh-50k-50000-Vape-Price.webp 800w, https:\/\/vapestornado.com\/wp-content\/uploads\/2025\/03\/Mesii-Shisha-Hoohakh-50k-50000-Vape-Price-300x300.webp 300w, https:\/\/vapestornado.com\/wp-content\/uploads\/2025\/03\/Mesii-Shisha-Hoohakh-50k-50000-Vape-Price-150x150.webp 150w, https:\/\/vapestornado.com\/wp-content\/uploads\/2025\/03\/Mesii-Shisha-Hoohakh-50k-50000-Vape-Price-768x768.webp 768w, https:\/\/vapestornado.com\/wp-content\/uploads\/2025\/03\/Mesii-Shisha-Hoohakh-50k-50000-Vape-Price-600x600.webp 600w, https:\/\/vapestornado.com\/wp-content\/uploads\/2025\/03\/Mesii-Shisha-Hoohakh-50k-50000-Vape-Price-100x100.webp 100w\" sizes=\"(max-width: 800px) 100vw, 800px\" \/><figcaption id=\"caption-attachment-3914\" class=\"wp-caption-text\">Mesii Shisha Hoohakh 50k 50000 Cena Vape<\/figcaption><\/figure>\n<\/div>\n<\/div>\n<\/div>\n<\/div>\n<\/div>\n<\/div>\n<\/div>\n<\/div>\n<\/article>\n<\/div>\n<\/div>\n<\/div>\n<\/div>\n<\/div>\n<\/div>\n<\/div>\n<\/div>\n<\/div>\n<\/div>\n<\/article>\n<h2>Dlaczego warto wybra\u0107 Vapestornado do najlepszego zakupu hurtowego Mesii Shisha Heavy Hitter 50K Vape?<\/h2>\n<div class=\"flex-shrink-0 flex flex-col relative items-end\">\n<div class=\"pt-0\">\n<div class=\"gizmo-bot-avatar flex h-8 w-8 items-center justify-center overflow-hidden rounded-full\">\n<div class=\"relative p-1 rounded-sm flex items-center justify-center bg-token-main-surface-primary text-token-text-primary h-8 w-8\">\n<p data-start=\"88\" data-end=\"557\">Je\u015bli chodzi o <strong data-start=\"105\" data-end=\"154\">\u00a0zakup wysokiej jako\u015bci jednorazowych e-papieros\u00f3w<\/strong>, <strong data-start=\"156\" data-end=\"172\">Vapestornado<\/strong> jest niezr\u00f3wnanym \u017ar\u00f3d\u0142em <strong data-start=\"208\" data-end=\"271\">cen fabrycznych, szybkiej wysy\u0142ki i najwy\u017cszej jako\u015bci obs\u0142ugi klienta<\/strong>. Kupuj\u0105c najlepszy Mesii Shisha Heavy Hitter 50000 od Vapestornado, otrzymujesz <strong data-start=\"363\" data-end=\"400\">autentyczne, w 100% oryginalne produkty<\/strong> z najnowsz\u0105 <strong data-start=\"417\" data-end=\"515\">technologi\u0105 wy\u015bwietlacza cyfrowego, wygodnym \u0142adowaniem typu C i ogromn\u0105 pojemno\u015bci\u0105 50000 zaci\u0105gni\u0119\u0107<\/strong>\u2014wszystko to w <strong data-start=\"527\" data-end=\"554\">najni\u017cszych cenach hurtowych<\/strong>.<\/p>\n<p data-start=\"559\" data-end=\"933\" data-is-last-node=\"\" data-is-only-node=\"\">Mamy te\u017c inne popularne vape z ekranem, takie jak <a href=\"https:\/\/vapestornado.com\/pl\/product\/bang-leader-50000-puffs-50k-2-in-1-double-flavor-digital-disposable-vape-bulk-price\/\">Lider BANG 50000<\/a>, <a href=\"https:\/\/vapestornado.com\/pl\/product\/vopk-ultra-40000-puffs-2-in-1-digital-screen-rechargeable-disposable-vape\/\">VOPK 40000 Puff Jednorazowy Vape<\/a>, <a href=\"https:\/\/vapestornado.com\/pl\/product\/vozol-gear-shisha-25k-25000-puffs-best-dtl-disposable-vape-hookah-cheap-price\/\">Vozol Gear Shisha 25000<\/a>, i wiele innych.<\/p>\n<\/div>\n<div class=\"relative p-1 rounded-sm flex items-center justify-center bg-token-main-surface-primary text-token-text-primary h-8 w-8\">\n<h2>FAQ<\/h2>\n<ol data-start=\"1216\" data-end=\"2192\">\n<li data-start=\"1216\" data-end=\"1431\">\n<p data-start=\"1219\" data-end=\"1431\"><strong data-start=\"1219\" data-end=\"1261\">Jak prawid\u0142owo u\u017cywa\u0107 jednorazowego e-papierosa?<\/strong><br data-start=\"1261\" data-end=\"1264\" \/>Po prostu wdychaj przez ustnik, aby aktywowa\u0107 urz\u0105dzenie. Urz\u0105dzenie <strong data-start=\"1332\" data-end=\"1367\">Mesii Shisha Heavy Hitter 50000<\/strong> jest aktywowane przez zaci\u0105gni\u0119cie, co oznacza, \u017ce nie s\u0105 potrzebne \u017cadne przyciski ani ustawienia.<\/p>\n<\/li>\n<li data-start=\"1433\" data-end=\"1663\">\n<p data-start=\"1436\" data-end=\"1663\"><strong data-start=\"1436\" data-end=\"1488\">Czy istnieje spos\u00f3b na na\u0142adowanie roz\u0142adowanego jednorazowego e-papierosa?<\/strong><br data-start=\"1488\" data-end=\"1491\" \/>Je\u015bli bateria wyczerpie si\u0119 przed zu\u017cyciem e-liquidu, mo\u017cesz <strong data-start=\"1555\" data-end=\"1593\">na\u0142adowa\u0107 go za pomoc\u0105 \u0142adowarki typu C<\/strong>. Jednak\u017ce, gdy waporyzator jest ca\u0142kowicie pusty, nie mo\u017cna go ponownie nape\u0142ni\u0107.<\/p>\n<\/li>\n<li data-start=\"1665\" data-end=\"1902\">\n<p data-start=\"1668\" data-end=\"1902\"><strong data-start=\"1668\" data-end=\"1707\">Czy jednorazowe waporyzatory mo\u017cna przewozi\u0107 w baga\u017cu?<\/strong><br data-start=\"1707\" data-end=\"1710\" \/>Tak, jednorazowe waporyzatory mo\u017cna przewozi\u0107 w baga\u017cu <strong data-start=\"1758\" data-end=\"1778\">podr\u0119cznym<\/strong>, ale nie s\u0105 dozwolone w baga\u017cu rejestrowanym ze wzgl\u0119du na przepisy linii lotniczych. Zawsze sprawd\u017a u swojej linii lotniczej przed podr\u00f3\u017c\u0105.<\/p>\n<\/li>\n<li data-start=\"1904\" data-end=\"2192\">\n<p data-start=\"1907\" data-end=\"2192\"><strong data-start=\"1907\" data-end=\"1946\">Sk\u0105d mam wiedzie\u0107, kiedy m\u00f3j waporyzator si\u0119 sko\u0144czy\u0142?<\/strong><br data-start=\"1946\" data-end=\"1949\" \/>Cyfrowy ekran <strong data-start=\"1956\" data-end=\"1980\">inteligentny ekran<\/strong> na <strong data-start=\"1988\" data-end=\"2023\">Mesii Shisha Heavy Hitter 50000<\/strong> pozwala monitorowa\u0107 <strong data-start=\"2041\" data-end=\"2072\">baterii i poziom e-liquidu<\/strong>. Je\u015bli smak s\u0142abnie, produkcja pary maleje lub ekran wskazuje na pusty wk\u0142ad, czas na nowe urz\u0105dzenie.<\/p>\n<\/li>\n<\/ol>\n<\/div>\n<\/div>\n<\/div>\n<\/div>","protected":false},"excerpt":{"rendered":"<p data-start=\"1460\" data-end=\"1646\">Cyfrowy ekran <strong data-start=\"1464\" data-end=\"1499\">Mesii Shisha Heavy Hitter 50000<\/strong> oferuje dwa tryby, inteligentny ekran i 50 tys. zaci\u0105gni\u0119\u0107. Najd\u0142u\u017cej dzia\u0142aj\u0105cy <strong data-start=\"1566\" data-end=\"1585\">jednorazowy e-papieros<\/strong> stworzony dla <strong data-start=\"1596\" data-end=\"1643\">hurtownik\u00f3w i dystrybutor\u00f3w w Europie<\/strong>.<\/p>\n<p><strong>Dodaj Amy na WhatsApp, aby uzyska\u0107 w\u0142a\u015bciw\u0105 odpowied\u017a i cen\u0119 z rabatem!<\/strong><\/p>\n<p><img fetchpriority=\"high\" decoding=\"async\" class=\"size-full wp-image-2932\" src=\"https:\/\/vapestornado.com\/wp-content\/uploads\/2024\/12\/Vape-Wholesale.jpg\" alt=\"Hurtowa sprzeda\u017c e-papieros\u00f3w\" width=\"229\" height=\"300\" \/><\/p>\n<h3><a href=\"https:\/\/wa.me\/8617776015835\"><span style=\"color: #ff0000;\"><strong>WhatsApp: +86 17776015835<\/strong><\/span><\/a><\/h3>\n<p>&nbsp;<\/p>","protected":false},"featured_media":3910,"comment_status":"open","ping_status":"closed","template":"","meta":{"_acf_changed":false,"_uag_custom_page_level_css":"","_lmt_disableupdate":"no","_lmt_disable":"","_monsterinsights_skip_tracking":false,"_monsterinsights_sitenote_active":false,"_monsterinsights_sitenote_note":"","_monsterinsights_sitenote_category":0,"site-sidebar-layout":"default","site-content-layout":"","ast-site-content-layout":"default","site-content-style":"default","site-sidebar-style":"default","ast-global-header-display":"","ast-banner-title-visibility":"","ast-main-header-display":"","ast-hfb-above-header-display":"","ast-hfb-below-header-display":"","ast-hfb-mobile-header-display":"","site-post-title":"","ast-breadcrumbs-content":"","ast-featured-img":"","footer-sml-layout":"","ast-disable-related-posts":"","theme-transparent-header-meta":"default","adv-header-id-meta":"","stick-header-meta":"","header-above-stick-meta":"","header-main-stick-meta":"","header-below-stick-meta":"","astra-migrate-meta-layouts":"set","ast-page-background-enabled":"default","ast-page-background-meta":{"desktop":{"background-color":"","background-image":"","background-repeat":"repeat","background-position":"center center","background-size":"auto","background-attachment":"scroll","background-type":"","background-media":"","overlay-type":"","overlay-color":"","overlay-opacity":"","overlay-gradient":""},"tablet":{"background-color":"","background-image":"","background-repeat":"repeat","background-position":"center center","background-size":"auto","background-attachment":"scroll","background-type":"","background-media":"","overlay-type":"","overlay-color":"","overlay-opacity":"","overlay-gradient":""},"mobile":{"background-color":"","background-image":"","background-repeat":"repeat","background-position":"center center","background-size":"auto","background-attachment":"scroll","background-type":"","background-media":"","overlay-type":"","overlay-color":"","overlay-opacity":"","overlay-gradient":""}},"ast-content-background-meta":{"desktop":{"background-color":"var(--ast-global-color-5)","background-image":"","background-repeat":"repeat","background-position":"center center","background-size":"auto","background-attachment":"scroll","background-type":"","background-media":"","overlay-type":"","overlay-color":"","overlay-opacity":"","overlay-gradient":""},"tablet":{"background-color":"var(--ast-global-color-5)","background-image":"","background-repeat":"repeat","background-position":"center center","background-size":"auto","background-attachment":"scroll","background-type":"","background-media":"","overlay-type":"","overlay-color":"","overlay-opacity":"","overlay-gradient":""},"mobile":{"background-color":"var(--ast-global-color-5)","background-image":"","background-repeat":"repeat","background-position":"center center","background-size":"auto","background-attachment":"scroll","background-type":"","background-media":"","overlay-type":"","overlay-color":"","overlay-opacity":"","overlay-gradient":""}},"_joinchat":{"telephone":"17776015835"}},"product_brand":[],"product_cat":[19,192,152,156,160,141,142,277,146,147],"product_tag":[274,275,94,276,93,269],"class_list":{"0":"post-3931","1":"product","2":"type-product","3":"status-publish","4":"has-post-thumbnail","6":"product_cat-vapes","7":"product_cat-50000-puff","8":"product_cat-buy-disposable-vapes-in-cermany","9":"product_cat-buy-disposable-vapes-in-poland","10":"product_cat-buy-disposable-vapes-in-switzerland","11":"product_cat-crystal-disposable-vapes","12":"product_cat-digital-box-disposable-vapes","13":"product_cat-mesii-vape","14":"product_cat-rechargeable-disposable-vapes","15":"product_cat-shisha-hookah-disposable-vapes","16":"product_tag-longest-lasting-disposable-vape","17":"product_tag-mesii-shisha-heavy-hitter-50000","18":"product_tag-rechargeable-disposable-vape","19":"product_tag-shisha-disposable-vape","20":"product_tag-vape-wholesale","21":"product_tag-vape-with-screen","22":"desktop-align-left","23":"tablet-align-left","24":"mobile-align-left","26":"first","27":"instock","28":"sale","29":"shipping-taxable","30":"purchasable","31":"product-type-simple"},"acf":[],"uagb_featured_image_src":{"full":["https:\/\/vapestornado.com\/wp-content\/uploads\/2025\/03\/Best-Disposable-Vape-Germany-50k-Puff.webp",800,800,false],"thumbnail":["https:\/\/vapestornado.com\/wp-content\/uploads\/2025\/03\/Best-Disposable-Vape-Germany-50k-Puff-150x150.webp",150,150,true],"medium":["https:\/\/vapestornado.com\/wp-content\/uploads\/2025\/03\/Best-Disposable-Vape-Germany-50k-Puff-300x300.webp",300,300,true],"medium_large":["https:\/\/vapestornado.com\/wp-content\/uploads\/2025\/03\/Best-Disposable-Vape-Germany-50k-Puff-768x768.webp",768,768,true],"large":["https:\/\/vapestornado.com\/wp-content\/uploads\/2025\/03\/Best-Disposable-Vape-Germany-50k-Puff.webp",800,800,false],"1536x1536":["https:\/\/vapestornado.com\/wp-content\/uploads\/2025\/03\/Best-Disposable-Vape-Germany-50k-Puff.webp",800,800,false],"2048x2048":["https:\/\/vapestornado.com\/wp-content\/uploads\/2025\/03\/Best-Disposable-Vape-Germany-50k-Puff.webp",800,800,false],"trp-custom-language-flag":["https:\/\/vapestornado.com\/wp-content\/uploads\/2025\/03\/Best-Disposable-Vape-Germany-50k-Puff.webp",12,12,false],"woocommerce_thumbnail":["https:\/\/vapestornado.com\/wp-content\/uploads\/2025\/03\/Best-Disposable-Vape-Germany-50k-Puff-300x300.webp",300,300,true],"woocommerce_single":["https:\/\/vapestornado.com\/wp-content\/uploads\/2025\/03\/Best-Disposable-Vape-Germany-50k-Puff-600x600.webp",600,600,true],"woocommerce_gallery_thumbnail":["https:\/\/vapestornado.com\/wp-content\/uploads\/2025\/03\/Best-Disposable-Vape-Germany-50k-Puff-100x100.webp",100,100,true]},"uagb_author_info":{"display_name":"ESAMY","author_link":"https:\/\/vapestornado.com\/pl\/author\/"},"uagb_comment_info":0,"uagb_excerpt":"The Mesii Shisha Heavy Hitter 50000 offers dual modes, smart screen, and 50K puffs. A longest lasting disposable vape built for wholesale buyers and distributors in Europe. Add Amy's whatsapp to get right reply and discount price! WhatsApp: +86 17776015835 &nbsp;","_links":{"self":[{"href":"https:\/\/vapestornado.com\/pl\/wp-json\/wp\/v2\/product\/3931","targetHints":{"allow":["GET"]}}],"collection":[{"href":"https:\/\/vapestornado.com\/pl\/wp-json\/wp\/v2\/product"}],"about":[{"href":"https:\/\/vapestornado.com\/pl\/wp-json\/wp\/v2\/types\/product"}],"replies":[{"embeddable":true,"href":"https:\/\/vapestornado.com\/pl\/wp-json\/wp\/v2\/comments?post=3931"}],"wp:featuredmedia":[{"embeddable":true,"href":"https:\/\/vapestornado.com\/pl\/wp-json\/wp\/v2\/media\/3910"}],"wp:attachment":[{"href":"https:\/\/vapestornado.com\/pl\/wp-json\/wp\/v2\/media?parent=3931"}],"wp:term":[{"taxonomy":"product_brand","embeddable":true,"href":"https:\/\/vapestornado.com\/pl\/wp-json\/wp\/v2\/product_brand?post=3931"},{"taxonomy":"product_cat","embeddable":true,"href":"https:\/\/vapestornado.com\/pl\/wp-json\/wp\/v2\/product_cat?post=3931"},{"taxonomy":"product_tag","embeddable":true,"href":"https:\/\/vapestornado.com\/pl\/wp-json\/wp\/v2\/product_tag?post=3931"}],"curies":[{"name":"wp","href":"https:\/\/api.w.org\/{rel}","templated":true}]}}