{"id":3929,"date":"2025-03-20T06:24:12","date_gmt":"2025-03-20T06:24:12","guid":{"rendered":"https:\/\/vapestornado.com\/?post_type=product&#038;p=3929"},"modified":"2025-08-22T11:38:28","modified_gmt":"2025-08-22T11:38:28","slug":"bang-leader-32000-puffs-vape-wholesale-poland-2-in-1-dual-flavor","status":"publish","type":"product","link":"https:\/\/vapestornado.com\/pl\/product\/bang-leader-32000-puffs-vape-wholesale-poland-2-in-1-dual-flavor\/","title":{"rendered":"Bang Leader 32000 Puffs Vape Hurtownia Polska 2 w 1 Podw\u00f3jny Smak"},"content":{"rendered":"<h1 data-pm-slice=\"1 1 []\">Bang Leader 32000 Puffs Vape Hurtownia Polska 2 w 1 Podw\u00f3jny Smak<\/h1>\n<p data-start=\"311\" data-end=\"640\">Cyfrowy ekran <strong data-start=\"315\" data-end=\"347\">Bang Leader 32000 Zaci\u0105gni\u0119\u0107 E-papieros<\/strong> jest przeznaczony dla waper\u00f3w, kt\u00f3rzy ceni\u0105 pojemno\u015b\u0107, r\u00f3\u017cnorodno\u015b\u0107 i sta\u0142\u0105 wydajno\u015b\u0107. Z <strong data-start=\"432\" data-end=\"458\">dwa 26ml pojemniki z e-liquidem<\/strong> i innowacyjnym <strong data-start=\"477\" data-end=\"506\">systemowi podw\u00f3jnych smak\u00f3w 2-w-1<\/strong>, u\u017cytkownicy mog\u0105 natychmiast prze\u0142\u0105cza\u0107 si\u0119 mi\u0119dzy smakami, takimi jak <strong data-start=\"556\" data-end=\"591\">Arbuzowy L\u00f3d<\/strong> or <strong data-start=\"595\" data-end=\"637\">Truskawka Kiwi<\/strong>.<\/p>\n<p data-start=\"642\" data-end=\"982\">Dostarczaj\u0105c do <strong data-start=\"659\" data-end=\"675\">32 000 zaci\u0105gni\u0119\u0107<\/strong>, to urz\u0105dzenie minimalizuje wymiany i zapewnia d\u0142ugotrwa\u0142\u0105 warto\u015b\u0107. Regulowane poziomy nikotyny (<strong data-start=\"773\" data-end=\"791\">0%, 2%, 3%, 5%<\/strong>) sprawiaj\u0105, \u017ce jest odpowiedni zar\u00f3wno dla lekkich, jak i ci\u0119\u017ckich u\u017cytkownik\u00f3w. Zasilany przez <strong data-start=\"855\" data-end=\"886\">akumulator o pojemno\u015bci 650 mAh<\/strong> z szybkim <strong data-start=\"897\" data-end=\"916\">\u0142adowanie typu C<\/strong>, Bang Leader 32K zapewnia ca\u0142odzienne u\u017cytkowanie przy minimalnych przestojach.<\/p>\n<p data-start=\"984\" data-end=\"1266\">Cyfrowy ekran <strong data-start=\"988\" data-end=\"1008\">podw\u00f3jna siatka grzewcza<\/strong> zwi\u0119ksza g\u0119sto\u015b\u0107 pary i jako\u015b\u0107 smaku, a <strong data-start=\"1060\" data-end=\"1092\">52ml ca\u0142kowitej pojemno\u015bci e-liquidu<\/strong> gwarantuje wyd\u0142u\u017cone sesje. Kompaktowy i mocny, <strong data-start=\"1149\" data-end=\"1181\">Bang Leader 32000 Zaci\u0105gni\u0119\u0107 E-papieros<\/strong> to op\u0142acalny wyb\u00f3r dla hurtownik\u00f3w i sklep\u00f3w z e-papierosami w Polsce i w ca\u0142ej Europie.<\/p>\n<p data-start=\"666\" data-end=\"1235\"><strong style=\"font-size: 16px;\"><span style=\"color: #ff0000;\">Dodaj Amy na WhatsApp, aby uzyska\u0107 szybk\u0105 odpowied\u017a i cen\u0119 ze zni\u017ck\u0105!<\/span><\/strong><\/p>\n<p><img fetchpriority=\"high\" decoding=\"async\" class=\"size-full wp-image-2932\" src=\"https:\/\/vapestornado.com\/wp-content\/uploads\/2024\/12\/Vape-Wholesale.jpg\" alt=\"Hurtowa sprzeda\u017c e-papieros\u00f3w\" width=\"229\" height=\"300\" \/><\/p>\n<h3><a href=\"https:\/\/wa.me\/8617776015835\" target=\"_blank\" rel=\"noopener\"><span style=\"color: #ff0000;\"><strong>WhatsApp: +86 17776015835<\/strong><\/span><\/a><\/h3>\n<p>&nbsp;<\/p>\n<h2><strong>Bang Leader 32000 Box Vape G\u0142\u00f3wne cechy produktu<\/strong><\/h2>\n<p>Marka: BANG LEADER<br \/>\nModel: BANGLEADER 32000<br \/>\nNikotyna: 0% 2% 5%<br \/>\nPojemno\u015b\u0107 baterii: 650mAh<br \/>\nZaci\u0105gni\u0119cia: 32000<br \/>\nSmaki: Ponad 12 kusz\u0105cych opcji, w tym owocowe i mi\u0119towe<\/p>\n<figure id=\"attachment_3915\" aria-describedby=\"caption-attachment-3915\" style=\"width: 800px\" class=\"wp-caption alignnone\"><img decoding=\"async\" class=\"wp-image-3915 size-full\" src=\"https:\/\/vapestornado.com\/wp-content\/uploads\/2025\/03\/Bang-32000-Puff-Twins-Flavor-Disposable-Vape.webp\" alt=\"Bang 32000 Puff Twins Flavor Jednorazowy waporyzator\" width=\"800\" height=\"800\" srcset=\"https:\/\/vapestornado.com\/wp-content\/uploads\/2025\/03\/Bang-32000-Puff-Twins-Flavor-Disposable-Vape.webp 800w, https:\/\/vapestornado.com\/wp-content\/uploads\/2025\/03\/Bang-32000-Puff-Twins-Flavor-Disposable-Vape-300x300.webp 300w, https:\/\/vapestornado.com\/wp-content\/uploads\/2025\/03\/Bang-32000-Puff-Twins-Flavor-Disposable-Vape-150x150.webp 150w, https:\/\/vapestornado.com\/wp-content\/uploads\/2025\/03\/Bang-32000-Puff-Twins-Flavor-Disposable-Vape-768x768.webp 768w, https:\/\/vapestornado.com\/wp-content\/uploads\/2025\/03\/Bang-32000-Puff-Twins-Flavor-Disposable-Vape-600x600.webp 600w, https:\/\/vapestornado.com\/wp-content\/uploads\/2025\/03\/Bang-32000-Puff-Twins-Flavor-Disposable-Vape-100x100.webp 100w\" sizes=\"(max-width: 800px) 100vw, 800px\" \/><figcaption id=\"caption-attachment-3915\" class=\"wp-caption-text\">Bang 32000 Puff Twins Flavor Jednorazowy waporyzator<\/figcaption><\/figure>\n<h2 class=\"product-title\"><strong>Bang Leader 32000 Dual Pod Vape Lista Smak\u00f3w<\/strong><\/h2>\n<article class=\"w-full text-token-text-primary focus-visible:outline-2 focus-visible:outline-offset-[-4px]\" dir=\"auto\" data-testid=\"conversation-turn-32\" data-scroll-anchor=\"false\">\n<div class=\"m-auto text-base py-[18px] px-6\">\n<div class=\"mx-auto flex flex-1 text-base gap-4 md:gap-5 lg:gap-6 md:max-w-3xl lg:max-w-[40rem] xl:max-w-[48rem]\">\n<div class=\"group\/conversation-turn relative flex w-full min-w-0 flex-col @xs\/thread:px-0 @sm\/thread:px-1.5 @md\/thread:px-4\">\n<div class=\"flex-col gap-1 md:gap-3\">\n<div class=\"flex max-w-full flex-col flex-grow\">\n<div class=\"min-h-8 text-message flex w-full flex-col items-end gap-2 whitespace-normal break-words text-start [.text-message+&amp;]:mt-5\" dir=\"auto\" data-message-author-role=\"user\" data-message-id=\"ffac41ca-1db4-431b-873a-32c4052956f1\">\n<div class=\"flex w-full flex-col gap-1 empty:hidden items-end rtl:items-start\">\n<div class=\"relative max-w-[var(--user-chat-width,70%)] rounded-3xl bg-token-message-surface px-5 py-2.5\">\n<div class=\"absolute bottom-0 right-full top-0 -mr-3.5 hidden pr-5 pt-2 [.group\/conversation-turn:hover_&amp;]:flex\">\n<div class=\"flex\">\n<article class=\"w-full text-token-text-primary focus-visible:outline-2 focus-visible:outline-offset-[-4px]\" dir=\"auto\" data-testid=\"conversation-turn-39\" data-scroll-anchor=\"true\">\n<div class=\"m-auto text-base py-[18px] px-6\">\n<div class=\"mx-auto flex flex-1 text-base gap-4 md:gap-5 lg:gap-6 md:max-w-3xl lg:max-w-[40rem] xl:max-w-[48rem]\">\n<div class=\"group\/conversation-turn relative flex w-full min-w-0 flex-col agent-turn @xs\/thread:px-0 @sm\/thread:px-1.5 @md\/thread:px-4\">\n<div class=\"flex-col gap-1 md:gap-3\">\n<div class=\"flex max-w-full flex-col flex-grow\">\n<div class=\"min-h-8 text-message flex w-full flex-col items-end gap-2 whitespace-normal break-words text-start [.text-message+&amp;]:mt-5\" dir=\"auto\" data-message-author-role=\"assistant\" data-message-id=\"55a23854-ec57-48dd-bd4f-6118f43d6241\" data-message-model-slug=\"gpt-4o\">\n<div class=\"flex w-full flex-col gap-1 empty:hidden first:pt-[3px]\">\n<div class=\"markdown prose w-full break-words dark:prose-invert light\">\n<p>1.L\u00f3d Arbuzowy+ Mi\u0119ta Bor\u00f3wkowa<br \/>\n2.L\u00f3d Arbuzowy+ Truskawka I Mango<br \/>\n3.Truskawka I Arbuz+ Kiwi Marakuja Guawa<br \/>\n4.Truskawka I Arbuz+L\u00f3d Winogronowy<br \/>\n5.Bor\u00f3wka Malina+ Brzoskwinia Mango Arbuz<br \/>\n6.Bor\u00f3wka Arbuz+ Truskawka Mango<br \/>\n7.L\u00f3d Bor\u00f3wkowy+L\u00f3d Czarnego Smoka<br \/>\n8. Jagodowy L\u00f3d + Truskawka I Banan<br \/>\n9. Red Bull + Jagoda Arbuz<br \/>\n10. Red Bull + Arbuzowa Guma Balonowa<br \/>\n11. Truskawka Kiwi + Brzoskwiniowy L\u00f3d<br \/>\n12. Truskawka Kiwi + Kwa\u015bne Jab\u0142ko Malina<\/p>\n<\/div>\n<\/div>\n<\/div>\n<\/div>\n<\/div>\n<\/div>\n<\/div>\n<\/div>\n<\/article>\n<\/div>\n<\/div>\n<\/div>\n<\/div>\n<\/div>\n<\/div>\n<\/div>\n<\/div>\n<\/div>\n<\/div>\n<\/article>\n<h3>Dlaczego warto wybra\u0107 Vapestornado do zakupu hurtowego Vapestornado Bang Leader 32000?<\/h3>\n<div class=\"flex-shrink-0 flex flex-col relative items-end\">\n<div class=\"pt-0\">\n<div class=\"gizmo-bot-avatar flex h-8 w-8 items-center justify-center overflow-hidden rounded-full\">\n<div class=\"relative p-1 rounded-sm flex items-center justify-center bg-token-main-surface-primary text-token-text-primary h-8 w-8\">\n<p data-start=\"88\" data-end=\"557\">Je\u015bli chodzi o <strong data-start=\"105\" data-end=\"154\">\u00a0zakup wysokiej jako\u015bci jednorazowych e-papieros\u00f3w<\/strong>, <strong data-start=\"156\" data-end=\"172\">Vapestornado<\/strong> jest niezr\u00f3wnanym \u017ar\u00f3d\u0142em <strong data-start=\"208\" data-end=\"271\">cen fabrycznych, szybkiej wysy\u0142ki i najwy\u017cszej jako\u015bci obs\u0142ugi klienta<\/strong>. Kupuj\u0105c Bang Leader 32000 32k w Vapestornado, otrzymujesz <strong data-start=\"363\" data-end=\"400\">autentyczne, w 100% oryginalne produkty<\/strong> z najnowsz\u0105 <strong data-start=\"417\" data-end=\"515\">technologi\u0105 wy\u015bwietlacza cyfrowego, wygodnym \u0142adowaniem typu C i ogromn\u0105 pojemno\u015bci\u0105 50000 zaci\u0105gni\u0119\u0107<\/strong>\u2014wszystko to w <strong data-start=\"527\" data-end=\"554\">najni\u017cszych cenach hurtowych<\/strong>.<\/p>\n<p data-start=\"559\" data-end=\"933\" data-is-last-node=\"\" data-is-only-node=\"\">Mamy te\u017c inne popularne vape z ekranem, takie jak <a href=\"https:\/\/vapestornado.com\/pl\/product\/bang-leader-50000-puffs-50k-2-in-1-double-flavor-digital-disposable-vape-bulk-price\/\">Lider BANG 50000<\/a>, <a href=\"https:\/\/vapestornado.com\/pl\/product\/vopk-ultra-40000-puffs-2-in-1-digital-screen-rechargeable-disposable-vape\/\">VOPK 40000 Puff Jednorazowy Vape<\/a>, <a href=\"https:\/\/vapestornado.com\/pl\/product\/vozol-gear-shisha-25k-25000-puffs-best-dtl-disposable-vape-hookah-cheap-price\/\">Vozol Gear Shisha 25000<\/a>, i wiele innych.<\/p>\n<\/div>\n<div class=\"relative p-1 rounded-sm flex items-center justify-center bg-token-main-surface-primary text-token-text-primary h-8 w-8\">\n<h3>FAQ<\/h3>\n<ol data-start=\"1260\" data-end=\"2190\">\n<li data-start=\"1260\" data-end=\"1450\">\n<p data-start=\"1263\" data-end=\"1450\"><strong data-start=\"1263\" data-end=\"1305\">Jak aktywowa\u0107 jednorazowy e-papieros?<\/strong><br data-start=\"1305\" data-end=\"1308\" \/>Aby aktywowa\u0107 Bang Leader 32000 Puffs Vape, wystarczy zaci\u0105gn\u0105\u0107 si\u0119 przez ustnik. Nie s\u0105 wymagane \u017cadne przyciski ani skomplikowane ustawienia.<\/p>\n<\/li>\n<li data-start=\"1452\" data-end=\"1704\">\n<p data-start=\"1455\" data-end=\"1704\"><strong data-start=\"1455\" data-end=\"1512\">Czy mog\u0119 na\u0142adowa\u0107 jednorazowy e-papieros za pomoc\u0105 \u0142adowarki do telefonu?<\/strong><br data-start=\"1512\" data-end=\"1515\" \/>Tak, o ile Twoja \u0142adowarka u\u017cywa kabla <strong data-start=\"1554\" data-end=\"1570\">USB-C<\/strong>, mo\u017cesz \u0142adowa\u0107 swojego e-papierosa standardow\u0105 \u0142adowark\u0105 do telefonu. Najlepiej jednak u\u017cywa\u0107 adaptera o ni\u017cszej mocy, aby zapewni\u0107 bezpieczne \u0142adowanie.<\/p>\n<\/li>\n<li data-start=\"1706\" data-end=\"1934\">\n<p data-start=\"1709\" data-end=\"1934\"><strong data-start=\"1709\" data-end=\"1746\">Czy mog\u0119 wwozi\u0107 e-papierosy do Hongkongu?<\/strong><br data-start=\"1746\" data-end=\"1749\" \/>Nie, Hongkong ma surowe przepisy zakazuj\u0105ce importu, sprzeda\u017cy i u\u017cywania e-papieros\u00f3w oraz produkt\u00f3w do wapowania. Podr\u00f3\u017cni powinni sprawdzi\u0107 lokalne przepisy przed wwo\u017ceniem e-papieros\u00f3w do tego regionu.<\/p>\n<\/li>\n<li data-start=\"1936\" data-end=\"2190\">\n<p data-start=\"1939\" data-end=\"2190\"><strong data-start=\"1939\" data-end=\"1983\">Sk\u0105d mam wiedzie\u0107, ile e-papierosa mi zosta\u0142o?<\/strong><br data-start=\"1983\" data-end=\"1986\" \/>Cyfrowy ekran <strong data-start=\"1993\" data-end=\"2025\">Bang Leader 32000 Zaci\u0105gni\u0119\u0107 E-papieros<\/strong> charakteryzuje si\u0119 <strong data-start=\"2037\" data-end=\"2056\">system z podw\u00f3jnym wk\u0142adem<\/strong> kt\u00f3ry dzia\u0142a przez d\u0142ugi czas, ale je\u015bli zauwa\u017cysz s\u0142abszy smak, mniej pary lub trudno\u015bci z zaci\u0105ganiem si\u0119, mo\u017ce to oznacza\u0107, \u017ce nadszed\u0142 czas na wymian\u0119 urz\u0105dzenia.<\/p>\n<\/li>\n<\/ol>\n<\/div>\n<\/div>\n<\/div>\n<\/div>","protected":false},"excerpt":{"rendered":"<ul>\n<li data-start=\"252\" data-end=\"289\">\n<p data-start=\"254\" data-end=\"289\">Bang Leader 32000 Zaci\u0105gni\u0119\u0107 Hurtowo<\/p>\n<\/li>\n<li data-start=\"290\" data-end=\"317\">\n<p data-start=\"292\" data-end=\"317\">32K Zaci\u0105gni\u0119\u0107 Vape Zakup Hurtowy<\/p>\n<\/li>\n<li data-start=\"318\" data-end=\"366\">\n<p data-start=\"320\" data-end=\"366\">Jednorazowy Vape 32000 Zaci\u0105gni\u0119\u0107 Polska Hurtowo<\/p>\n<\/li>\n<\/ul>\n<p><strong>Dodaj Amy na WhatsApp, aby uzyska\u0107 w\u0142a\u015bciw\u0105 odpowied\u017a i cen\u0119 z rabatem!<\/strong><\/p>\n<p><img fetchpriority=\"high\" decoding=\"async\" class=\"size-full wp-image-2932\" src=\"https:\/\/vapestornado.com\/wp-content\/uploads\/2024\/12\/Vape-Wholesale.jpg\" alt=\"Hurtowa sprzeda\u017c e-papieros\u00f3w\" width=\"229\" height=\"300\" \/><\/p>\n<h3><a href=\"https:\/\/wa.me\/8617776015835\"><span style=\"color: #ff0000;\"><strong>WhatsApp: +86 17776015835<\/strong><\/span><\/a><\/h3>\n<p>&nbsp;<\/p>","protected":false},"featured_media":3917,"comment_status":"open","ping_status":"closed","template":"","meta":{"_acf_changed":false,"_uag_custom_page_level_css":"","_lmt_disableupdate":"no","_lmt_disable":"","_monsterinsights_skip_tracking":false,"_monsterinsights_sitenote_active":false,"_monsterinsights_sitenote_note":"","_monsterinsights_sitenote_category":0,"site-sidebar-layout":"default","site-content-layout":"","ast-site-content-layout":"default","site-content-style":"default","site-sidebar-style":"default","ast-global-header-display":"","ast-banner-title-visibility":"","ast-main-header-display":"","ast-hfb-above-header-display":"","ast-hfb-below-header-display":"","ast-hfb-mobile-header-display":"","site-post-title":"","ast-breadcrumbs-content":"","ast-featured-img":"","footer-sml-layout":"","ast-disable-related-posts":"","theme-transparent-header-meta":"default","adv-header-id-meta":"","stick-header-meta":"","header-above-stick-meta":"","header-main-stick-meta":"","header-below-stick-meta":"","astra-migrate-meta-layouts":"set","ast-page-background-enabled":"default","ast-page-background-meta":{"desktop":{"background-color":"","background-image":"","background-repeat":"repeat","background-position":"center center","background-size":"auto","background-attachment":"scroll","background-type":"","background-media":"","overlay-type":"","overlay-color":"","overlay-opacity":"","overlay-gradient":""},"tablet":{"background-color":"","background-image":"","background-repeat":"repeat","background-position":"center center","background-size":"auto","background-attachment":"scroll","background-type":"","background-media":"","overlay-type":"","overlay-color":"","overlay-opacity":"","overlay-gradient":""},"mobile":{"background-color":"","background-image":"","background-repeat":"repeat","background-position":"center center","background-size":"auto","background-attachment":"scroll","background-type":"","background-media":"","overlay-type":"","overlay-color":"","overlay-opacity":"","overlay-gradient":""}},"ast-content-background-meta":{"desktop":{"background-color":"var(--ast-global-color-5)","background-image":"","background-repeat":"repeat","background-position":"center center","background-size":"auto","background-attachment":"scroll","background-type":"","background-media":"","overlay-type":"","overlay-color":"","overlay-opacity":"","overlay-gradient":""},"tablet":{"background-color":"var(--ast-global-color-5)","background-image":"","background-repeat":"repeat","background-position":"center center","background-size":"auto","background-attachment":"scroll","background-type":"","background-media":"","overlay-type":"","overlay-color":"","overlay-opacity":"","overlay-gradient":""},"mobile":{"background-color":"var(--ast-global-color-5)","background-image":"","background-repeat":"repeat","background-position":"center center","background-size":"auto","background-attachment":"scroll","background-type":"","background-media":"","overlay-type":"","overlay-color":"","overlay-opacity":"","overlay-gradient":""}},"_joinchat":{"telephone":"17776015835"}},"product_brand":[],"product_cat":[19,262,278,140,153,158,144,146],"product_tag":[261,260,196,94,273,93,269],"class_list":{"0":"post-3929","1":"product","2":"type-product","3":"status-publish","4":"has-post-thumbnail","6":"product_cat-vapes","7":"product_cat-32000-puff","8":"product_cat-bang-leader-vape","9":"product_cat-big-puffs-disposable-vapes","10":"product_cat-buy-disposable-vapes-in-italy","11":"product_cat-buy-disposable-vapes-in-spain","12":"product_cat-low-nicotine-disposable-vapes","13":"product_cat-rechargeable-disposable-vapes","14":"product_tag-2-in-1-double-flavor-vape","15":"product_tag-bang-leader-32000","16":"product_tag-bang-vape","17":"product_tag-rechargeable-disposable-vape","18":"product_tag-twins-flavor-vape-pod","19":"product_tag-vape-wholesale","20":"product_tag-vape-with-screen","21":"desktop-align-left","22":"tablet-align-left","23":"mobile-align-left","25":"first","26":"instock","27":"sale","28":"shipping-taxable","29":"purchasable","30":"product-type-simple"},"acf":[],"uagb_featured_image_src":{"full":["https:\/\/vapestornado.com\/wp-content\/uploads\/2025\/03\/Bang-Kingdoms-Rex-32000-E-Cigarette-Disposable-Vape.webp",800,800,false],"thumbnail":["https:\/\/vapestornado.com\/wp-content\/uploads\/2025\/03\/Bang-Kingdoms-Rex-32000-E-Cigarette-Disposable-Vape-150x150.webp",150,150,true],"medium":["https:\/\/vapestornado.com\/wp-content\/uploads\/2025\/03\/Bang-Kingdoms-Rex-32000-E-Cigarette-Disposable-Vape-300x300.webp",300,300,true],"medium_large":["https:\/\/vapestornado.com\/wp-content\/uploads\/2025\/03\/Bang-Kingdoms-Rex-32000-E-Cigarette-Disposable-Vape-768x768.webp",768,768,true],"large":["https:\/\/vapestornado.com\/wp-content\/uploads\/2025\/03\/Bang-Kingdoms-Rex-32000-E-Cigarette-Disposable-Vape.webp",800,800,false],"1536x1536":["https:\/\/vapestornado.com\/wp-content\/uploads\/2025\/03\/Bang-Kingdoms-Rex-32000-E-Cigarette-Disposable-Vape.webp",800,800,false],"2048x2048":["https:\/\/vapestornado.com\/wp-content\/uploads\/2025\/03\/Bang-Kingdoms-Rex-32000-E-Cigarette-Disposable-Vape.webp",800,800,false],"trp-custom-language-flag":["https:\/\/vapestornado.com\/wp-content\/uploads\/2025\/03\/Bang-Kingdoms-Rex-32000-E-Cigarette-Disposable-Vape.webp",12,12,false],"woocommerce_thumbnail":["https:\/\/vapestornado.com\/wp-content\/uploads\/2025\/03\/Bang-Kingdoms-Rex-32000-E-Cigarette-Disposable-Vape-300x300.webp",300,300,true],"woocommerce_single":["https:\/\/vapestornado.com\/wp-content\/uploads\/2025\/03\/Bang-Kingdoms-Rex-32000-E-Cigarette-Disposable-Vape-600x600.webp",600,600,true],"woocommerce_gallery_thumbnail":["https:\/\/vapestornado.com\/wp-content\/uploads\/2025\/03\/Bang-Kingdoms-Rex-32000-E-Cigarette-Disposable-Vape-100x100.webp",100,100,true]},"uagb_author_info":{"display_name":"ESAMY","author_link":"https:\/\/vapestornado.com\/pl\/author\/"},"uagb_comment_info":0,"uagb_excerpt":"Bang Leader 32000 Puffs Wholesale 32K Puffs Vape Bulk Buy Disposable Vape 32000 Puffs Poland Wholesale Add Amy's whatsapp to get right reply and discount price! WhatsApp: +86 17776015835 &nbsp;","_links":{"self":[{"href":"https:\/\/vapestornado.com\/pl\/wp-json\/wp\/v2\/product\/3929","targetHints":{"allow":["GET"]}}],"collection":[{"href":"https:\/\/vapestornado.com\/pl\/wp-json\/wp\/v2\/product"}],"about":[{"href":"https:\/\/vapestornado.com\/pl\/wp-json\/wp\/v2\/types\/product"}],"replies":[{"embeddable":true,"href":"https:\/\/vapestornado.com\/pl\/wp-json\/wp\/v2\/comments?post=3929"}],"wp:featuredmedia":[{"embeddable":true,"href":"https:\/\/vapestornado.com\/pl\/wp-json\/wp\/v2\/media\/3917"}],"wp:attachment":[{"href":"https:\/\/vapestornado.com\/pl\/wp-json\/wp\/v2\/media?parent=3929"}],"wp:term":[{"taxonomy":"product_brand","embeddable":true,"href":"https:\/\/vapestornado.com\/pl\/wp-json\/wp\/v2\/product_brand?post=3929"},{"taxonomy":"product_cat","embeddable":true,"href":"https:\/\/vapestornado.com\/pl\/wp-json\/wp\/v2\/product_cat?post=3929"},{"taxonomy":"product_tag","embeddable":true,"href":"https:\/\/vapestornado.com\/pl\/wp-json\/wp\/v2\/product_tag?post=3929"}],"curies":[{"name":"wp","href":"https:\/\/api.w.org\/{rel}","templated":true}]}}