{"id":3898,"date":"2025-03-19T07:31:04","date_gmt":"2025-03-19T07:31:04","guid":{"rendered":"https:\/\/vapestornado.com\/?post_type=product&#038;p=3898"},"modified":"2025-08-23T11:44:33","modified_gmt":"2025-08-23T11:44:33","slug":"zooy-zero-45000-45k-puff-touch-screen-disposable-vape-wholesale","status":"publish","type":"product","link":"https:\/\/vapestornado.com\/pl\/product\/zooy-zero-45000-45k-puff-touch-screen-disposable-vape-wholesale\/","title":{"rendered":"Hurtownia jednorazowych e-papieros\u00f3w ZOOY Zero 45000 45K Puff z ekranem dotykowym"},"content":{"rendered":"<h1 data-pm-slice=\"1 1 []\">Hurtownia jednorazowych e-papieros\u00f3w ZOOY Zero 45000 45K Puff z ekranem dotykowym<\/h1>\n<p data-start=\"184\" data-end=\"550\">Cyfrowy ekran <strong data-start=\"188\" data-end=\"242\">ZOOY Zero 45000 Zaci\u0105gni\u0119\u0107 Jednorazowy E-papieros z Ekranem Dotykowym<\/strong> \u0142\u0105czy w sobie najnowocze\u015bniejsz\u0105 technologi\u0119 i d\u0142ugotrwa\u0142\u0105 wydajno\u015b\u0107, co czyni go mocnym wyborem dla <strong data-start=\"343\" data-end=\"383\">hurtownik\u00f3w i sprzedawc\u00f3w detalicznych<\/strong>. Z imponuj\u0105c\u0105 <strong data-start=\"404\" data-end=\"428\">pojemno\u015bci\u0105 45 000 zaci\u0105gni\u0119\u0107<\/strong> oraz du\u017cy <strong data-start=\"441\" data-end=\"468\">35 ml zbiornikiem na e-liquid<\/strong>, zapewnia wyj\u0105tkow\u0105 warto\u015b\u0107 dla klient\u00f3w poszukuj\u0105cych wytrzyma\u0142o\u015bci i niezawodno\u015bci.<\/p>\n<p data-start=\"552\" data-end=\"880\">Wbudowany <strong data-start=\"563\" data-end=\"585\">inteligentny ekran dotykowy<\/strong> wyr\u00f3\u017cnia to urz\u0105dzenie, daj\u0105c u\u017cytkownikom wgl\u0105d w czasie rzeczywistym w liczb\u0119 zaci\u0105gni\u0119\u0107, poziom na\u0142adowania baterii i pozosta\u0142y e-liquid. Zasilany przez wytrzyma\u0142\u0105 <strong data-start=\"719\" data-end=\"743\">akumulatorowi wielokrotnego \u0142adowania<\/strong> z <strong data-start=\"749\" data-end=\"773\">Szybkie \u0142adowanie typu C<\/strong>, ZOOY Zero minimalizuje przestoje i zapewnia sp\u00f3jne wra\u017cenia zar\u00f3wno dla intensywnych, jak i okazjonalnych u\u017cytkownik\u00f3w.<\/p>\n<p data-start=\"882\" data-end=\"1248\">Dzi\u0119ki <strong data-start=\"887\" data-end=\"930\">opcje soli nikotynowych 2%, 3% i 5%<\/strong>, ZOOY Zero dostosowuje si\u0119 do r\u00f3\u017cnych preferencji. Funkcja <strong data-start=\"983\" data-end=\"1012\">regulowany system przep\u0142ywu powietrza<\/strong> umo\u017cliwia u\u017cytkownikom prze\u0142\u0105czanie si\u0119 mi\u0119dzy p\u0142ynnymi zaci\u0105gni\u0119ciami a g\u0119stymi chmurami, zaspokajaj\u0105c zar\u00f3wno style vapingu MTL, jak i DTL. Stylowy, kompaktowy i przeno\u015bny, \u0142\u0105czy w sobie praktyczno\u015b\u0107 z wysokiej jako\u015bci estetyk\u0105 \u2014 idealny dla sklep\u00f3w dzia\u0142aj\u0105cych na rynku europejskim.<\/p>\n<p data-start=\"1250\" data-end=\"1445\">Dla hurtownik\u00f3w <strong data-start=\"1271\" data-end=\"1306\">ZOOY Zero 45K Vape z ekranem dotykowym<\/strong> oferuje atrakcyjne po\u0142\u0105czenie <strong data-start=\"1334\" data-end=\"1392\">innowacji, cen hurtowych i atrakcyjno\u015bci dla konsument\u00f3w<\/strong>, co czyni go op\u0142acalnym dodatkiem do ka\u017cdego asortymentu.<\/p>\n<p data-start=\"666\" data-end=\"1235\"><strong style=\"font-size: 16px;\"><span style=\"color: #ff0000;\">Dodaj Amy na WhatsApp, aby uzyska\u0107 szybk\u0105 odpowied\u017a i cen\u0119 ze zni\u017ck\u0105!<\/span><\/strong><\/p>\n<p><img fetchpriority=\"high\" decoding=\"async\" class=\"size-full wp-image-2932\" src=\"https:\/\/vapestornado.com\/wp-content\/uploads\/2024\/12\/Vape-Wholesale.jpg\" alt=\"Hurtowa sprzeda\u017c e-papieros\u00f3w\" width=\"229\" height=\"300\" \/><\/p>\n<h3><a href=\"https:\/\/wa.me\/8617776015835\" target=\"_blank\" rel=\"noopener\"><span style=\"color: #ff0000;\"><strong>WhatsApp: +86 17776015835<\/strong><\/span><\/a><\/h3>\n<p>&nbsp;<\/p>\n<h2><strong>ZOOY Zero 45000 Puff Crystal Vape Kluczowe cechy produktu<\/strong><\/h2>\n<p>Marka: ZOOY Vape<br \/>\nPojemno\u015b\u0107 zaci\u0105gni\u0119\u0107: do 45000 zaci\u0105gni\u0119\u0107<br \/>\nE-liquid: 35 ml<br \/>\nMoc nikotyny: 0%, 2%, 3%, 5%<br \/>\nBateria: Akumulator 1000 mAh<br \/>\n\u0141adowanie: Szybkie \u0142adowanie Type-C<br \/>\nTyp grza\u0142ki: Podw\u00f3jna grza\u0142ka mesh dla zwi\u0119kszonej produkcji pary i smaku<br \/>\nWy\u015bwietlacz: Cyfrowy wy\u015bwietlacz poziomu baterii i e-liquidu<\/p>\n<h2 class=\"product-title\"><strong>ZOOY Zero 45k Puff\u00a0 Box Vape Lista smak\u00f3w<\/strong><\/h2>\n<article class=\"w-full text-token-text-primary focus-visible:outline-2 focus-visible:outline-offset-[-4px]\" dir=\"auto\" data-testid=\"conversation-turn-32\" data-scroll-anchor=\"false\">\n<div class=\"m-auto text-base py-[18px] px-6\">\n<div class=\"mx-auto flex flex-1 text-base gap-4 md:gap-5 lg:gap-6 md:max-w-3xl lg:max-w-[40rem] xl:max-w-[48rem]\">\n<div class=\"group\/conversation-turn relative flex w-full min-w-0 flex-col @xs\/thread:px-0 @sm\/thread:px-1.5 @md\/thread:px-4\">\n<div class=\"flex-col gap-1 md:gap-3\">\n<div class=\"flex max-w-full flex-col flex-grow\">\n<div class=\"min-h-8 text-message flex w-full flex-col items-end gap-2 whitespace-normal break-words text-start [.text-message+&amp;]:mt-5\" dir=\"auto\" data-message-author-role=\"user\" data-message-id=\"ffac41ca-1db4-431b-873a-32c4052956f1\">\n<div class=\"flex w-full flex-col gap-1 empty:hidden items-end rtl:items-start\">\n<div class=\"relative max-w-[var(--user-chat-width,70%)] rounded-3xl bg-token-message-surface px-5 py-2.5\">\n<div class=\"absolute bottom-0 right-full top-0 -mr-3.5 hidden pr-5 pt-2 [.group\/conversation-turn:hover_&amp;]:flex\">\n<div class=\"flex\">\n<article class=\"w-full text-token-text-primary focus-visible:outline-2 focus-visible:outline-offset-[-4px]\" dir=\"auto\" data-testid=\"conversation-turn-39\" data-scroll-anchor=\"true\">\n<div class=\"m-auto text-base py-[18px] px-6\">\n<div class=\"mx-auto flex flex-1 text-base gap-4 md:gap-5 lg:gap-6 md:max-w-3xl lg:max-w-[40rem] xl:max-w-[48rem]\">\n<div class=\"group\/conversation-turn relative flex w-full min-w-0 flex-col agent-turn @xs\/thread:px-0 @sm\/thread:px-1.5 @md\/thread:px-4\">\n<div class=\"flex-col gap-1 md:gap-3\">\n<div class=\"flex max-w-full flex-col flex-grow\">\n<div class=\"min-h-8 text-message flex w-full flex-col items-end gap-2 whitespace-normal break-words text-start [.text-message+&amp;]:mt-5\" dir=\"auto\" data-message-author-role=\"assistant\" data-message-id=\"55a23854-ec57-48dd-bd4f-6118f43d6241\" data-message-model-slug=\"gpt-4o\">\n<div class=\"flex w-full flex-col gap-1 empty:hidden first:pt-[3px]\">\n<div class=\"markdown prose w-full break-words dark:prose-invert light\">\n<p>1.L\u00f3d arbuzowy<br \/>\n2. L\u00f3d jagodowy <strong><span style=\"color: #ff0000;\">&gt;&gt;&gt;&gt; Gor\u0105cy!<\/span><\/strong><br \/>\n3. Truskawka Arbuz<br \/>\n4. Cola cytrynowa<br \/>\n5. Truskawka kiwi <strong><span style=\"color: #ff0000;\">&gt;&gt;&gt;&gt; Gor\u0105cy!<\/span><\/strong><br \/>\n6. Winogrono jab\u0142ko<br \/>\n7. Truskawka pomara\u0144czowa<br \/>\n8. Niebieski Razz Ice <strong><span style=\"color: #ff0000;\">&gt;&gt;&gt;&gt; Gor\u0105cy!<\/span><\/strong><br \/>\n9. Jagoda z arbuzem <strong><span style=\"color: #ff0000;\">&gt;&gt;&gt;&gt; Najlepsze!<\/span><\/strong><br \/>\n10. Mango marakuja guawa<\/p>\n<figure id=\"attachment_3895\" aria-describedby=\"caption-attachment-3895\" style=\"width: 800px\" class=\"wp-caption alignnone\"><img decoding=\"async\" class=\"wp-image-3895 size-full\" src=\"https:\/\/vapestornado.com\/wp-content\/uploads\/2025\/03\/Zooy-Zero-45000-Puff-Vape-Bulk-Buy.webp\" alt=\"Zooy Zero 45000 Jednorazowy E-papieros Zakup hurtowy\" width=\"800\" height=\"800\" srcset=\"https:\/\/vapestornado.com\/wp-content\/uploads\/2025\/03\/Zooy-Zero-45000-Puff-Vape-Bulk-Buy.webp 800w, https:\/\/vapestornado.com\/wp-content\/uploads\/2025\/03\/Zooy-Zero-45000-Puff-Vape-Bulk-Buy-300x300.webp 300w, https:\/\/vapestornado.com\/wp-content\/uploads\/2025\/03\/Zooy-Zero-45000-Puff-Vape-Bulk-Buy-150x150.webp 150w, https:\/\/vapestornado.com\/wp-content\/uploads\/2025\/03\/Zooy-Zero-45000-Puff-Vape-Bulk-Buy-768x768.webp 768w, https:\/\/vapestornado.com\/wp-content\/uploads\/2025\/03\/Zooy-Zero-45000-Puff-Vape-Bulk-Buy-600x600.webp 600w, https:\/\/vapestornado.com\/wp-content\/uploads\/2025\/03\/Zooy-Zero-45000-Puff-Vape-Bulk-Buy-100x100.webp 100w\" sizes=\"(max-width: 800px) 100vw, 800px\" \/><figcaption id=\"caption-attachment-3895\" class=\"wp-caption-text\">Zooy Zero 45000 Jednorazowy E-papieros Zakup hurtowy<\/figcaption><\/figure>\n<\/div>\n<\/div>\n<\/div>\n<\/div>\n<\/div>\n<\/div>\n<\/div>\n<\/div>\n<\/article>\n<\/div>\n<\/div>\n<\/div>\n<\/div>\n<\/div>\n<\/div>\n<\/div>\n<\/div>\n<\/div>\n<\/div>\n<\/article>\n<h3>Dlaczego wybra\u0107 Vapestornado dla ZOOY Zero 45000 45K z cyfrowym wy\u015bwietlaczem Zakup hurtowy?<\/h3>\n<div class=\"flex-shrink-0 flex flex-col relative items-end\">\n<div class=\"pt-0\">\n<div class=\"gizmo-bot-avatar flex h-8 w-8 items-center justify-center overflow-hidden rounded-full\">\n<div class=\"relative p-1 rounded-sm flex items-center justify-center bg-token-main-surface-primary text-token-text-primary h-8 w-8\">\n<p data-start=\"88\" data-end=\"557\">Je\u015bli chodzi o <strong data-start=\"105\" data-end=\"154\">\u00a0zakup wysokiej jako\u015bci jednorazowych e-papieros\u00f3w<\/strong>, <strong data-start=\"156\" data-end=\"172\">Vapestornado<\/strong> jest niezr\u00f3wnanym \u017ar\u00f3d\u0142em <strong data-start=\"208\" data-end=\"271\">cen fabrycznych, szybkiej wysy\u0142ki i najwy\u017cszej jako\u015bci obs\u0142ugi klienta<\/strong>. Kupuj\u0105c <strong data-start=\"284\" data-end=\"322\">ZOOY Zero 45000 Jednorazowy E-papieros<\/strong> hurtowo od Vapestornado oznacza, \u017ce otrzymujesz <strong data-start=\"363\" data-end=\"400\">autentyczne, w 100% oryginalne produkty<\/strong> z najnowsz\u0105 <strong data-start=\"417\" data-end=\"515\">technologi\u0105 wy\u015bwietlacza cyfrowego, wygodnym \u0142adowaniem typu C i ogromn\u0105 pojemno\u015bci\u0105 50000 zaci\u0105gni\u0119\u0107<\/strong>\u2014wszystko to w <strong data-start=\"527\" data-end=\"554\">najni\u017cszych cenach hurtowych<\/strong>.<\/p>\n<p data-start=\"559\" data-end=\"933\" data-is-last-node=\"\" data-is-only-node=\"\">Dzi\u0119ki <strong data-start=\"564\" data-end=\"641\">rabaty na zam\u00f3wienia hurtowe, niezawodne zapasy i bezproblemowy proces zamawiania<\/strong>, Vapestornado zapewnia, \u017ce <strong data-start=\"664\" data-end=\"713\">w\u0142a\u015bciciele sklep\u00f3w z e-papierosami, dystrybutorzy i sprzedawcy detaliczni<\/strong> uzyskaj\u0105 <strong data-start=\"720\" data-end=\"760\">dochodow\u0105 ofert\u0119 na produkty najwy\u017cszej klasy<\/strong>. Nie przegap <strong data-start=\"780\" data-end=\"839\">jednego z najbardziej po\u017c\u0105danych, \u0142adowalnych jednorazowych e-papieros\u00f3w<\/strong>\u2014zam\u00f3w sw\u00f3j <strong data-start=\"851\" data-end=\"884\">ZOOY Zero 45000 hurtowo ju\u017c dzi\u015b<\/strong> i spraw, by klienci do Ciebie wracali po wi\u0119cej!<\/p>\n<p data-start=\"559\" data-end=\"933\" data-is-last-node=\"\" data-is-only-node=\"\">Mamy r\u00f3wnie\u017c inne popularne e-papierosy z wy\u015bwietlaczem, takie jak <a href=\"https:\/\/vapestornado.com\/pl\/product\/waspe-fihp-30000-puffs-smart-screen-vape-2-5-nicotine-wholesal\/\">WASPE 30K Dual Mode Wapowania<\/a>, <a href=\"https:\/\/vapestornado.com\/pl\/product\/vopk-ultra-40000-puffs-2-in-1-digital-screen-rechargeable-disposable-vape\/\">VOPK 40000 Puff Jednorazowy Vape<\/a>, <a href=\"https:\/\/vapestornado.com\/pl\/product\/vapsolo-galaxy-30000-vapers-30k-puff-disposable-vape-e-cigarette-with-smart-screen\/\">Vapsolo Galaxy 30000<\/a>, i wiele innych.<\/p>\n<\/div>\n<div class=\"relative p-1 rounded-sm flex items-center justify-center bg-token-main-surface-primary text-token-text-primary h-8 w-8\">\n<h3>Najcz\u0119\u015bciej zadawane pytania dotycz\u0105ce jednorazowego e-papierosa Bang Leader 50k Puffs<\/h3>\n<p data-start=\"1367\" data-end=\"1549\"><strong data-start=\"1367\" data-end=\"1413\">1. Jak d\u0142ugo dzia\u0142a ZOOY Zero 45000?<\/strong><br data-start=\"1413\" data-end=\"1416\" \/>Z <strong data-start=\"1423\" data-end=\"1446\">pojemno\u015b\u0107 45000 zaci\u0105gni\u0119\u0107<\/strong> i <strong data-start=\"1451\" data-end=\"1471\">35 ml e-liquidu<\/strong>, ten e-papieros zosta\u0142 stworzony, aby dzia\u0142a\u0107 znacznie d\u0142u\u017cej ni\u017c standardowe jednoraz\u00f3wki.<\/p>\n<p data-start=\"1551\" data-end=\"1775\"><strong data-start=\"1551\" data-end=\"1602\">2. Co wyr\u00f3\u017cnia inteligentny ekran?<\/strong><br data-start=\"1602\" data-end=\"1605\" \/>Cyfrowy ekran <strong data-start=\"1609\" data-end=\"1633\">ekran dotykowy<\/strong> zapewnia aktualizacje w czasie rzeczywistym na temat <strong data-start=\"1664\" data-end=\"1715\">status baterii, licznik zaci\u0105gni\u0119\u0107 i poziom e-liquidu<\/strong>, daj\u0105c Ci pe\u0142n\u0105 kontrol\u0119 nad Twoim do\u015bwiadczeniem z wapowaniem.<\/p>\n<p data-start=\"1777\" data-end=\"1934\"><strong data-start=\"1777\" data-end=\"1820\">3. Czy ZOOY Zero 45000 jest \u0142adowalny?<\/strong><br data-start=\"1820\" data-end=\"1823\" \/>Tak! Posiada on <strong data-start=\"1842\" data-end=\"1873\">system szybkiego \u0142adowania Type-C<\/strong>, co pozwala na szybkie na\u0142adowanie i wyd\u0142u\u017cenie jego \u017cywotno\u015bci.<\/p>\n<p data-start=\"1936\" data-end=\"2093\"><strong data-start=\"1936\" data-end=\"1978\">4. Jakie poziomy nikotyny s\u0105 dost\u0119pne?<\/strong><br data-start=\"1978\" data-end=\"1981\" \/>To urz\u0105dzenie jest dost\u0119pne w <strong data-start=\"2002\" data-end=\"2039\">2%, 3% i 5% st\u0119\u017cenia soli nikotynowej<\/strong>, zapewniaj\u0105c opcje dla r\u00f3\u017cnych preferencji wapowania.<\/p>\n<p data-start=\"2095\" data-end=\"2317\"><strong data-start=\"2095\" data-end=\"2158\">5. Gdzie mog\u0119 kupi\u0107 ZOOY Zero 45000 w cenach hurtowych?<\/strong><br data-start=\"2158\" data-end=\"2161\" \/>W celu <strong data-start=\"2165\" data-end=\"2202\">zam\u00f3wienia hurtowe i ceny hurtowe<\/strong>, odwied\u017a <strong data-start=\"2210\" data-end=\"2243\">Sklep internetowy Vapestornado<\/strong>, Twoje zaufane \u017ar\u00f3d\u0142o dla <strong data-start=\"2269\" data-end=\"2314\">niedrogie, wysokiej jako\u015bci jednorazowe vape'y<\/strong>.<\/p>\n<\/div>\n<\/div>\n<\/div>\n<\/div>","protected":false},"excerpt":{"rendered":"<p>Cyfrowy ekran <strong data-start=\"1489\" data-end=\"1513\">ZOOY Zero 45000 E-papieros<\/strong> zapewnia ogromn\u0105 pojemno\u015b\u0107 puff\u00f3w, inteligentny ekran dotykowy i \u0142adowanie Type-C. Wysokiej jako\u015bci jednoraz\u00f3wka stworzona dla <strong data-start=\"1628\" data-end=\"1663\">hurtowych nabywc\u00f3w w Europie<\/strong>.<\/p>\n<p><strong>Dodaj Amy na WhatsApp, aby uzyska\u0107 w\u0142a\u015bciw\u0105 odpowied\u017a i cen\u0119 z rabatem!<\/strong><\/p>\n<p><img fetchpriority=\"high\" decoding=\"async\" class=\"size-full wp-image-2932\" src=\"https:\/\/vapestornado.com\/wp-content\/uploads\/2024\/12\/Vape-Wholesale.jpg\" alt=\"Hurtowa sprzeda\u017c e-papieros\u00f3w\" width=\"229\" height=\"300\" \/><\/p>\n<h3><a href=\"https:\/\/wa.me\/8617776015835\"><span style=\"color: #ff0000;\"><strong>WhatsApp: +86 17776015835<\/strong><\/span><\/a><\/h3>\n<p>&nbsp;<\/p>","protected":false},"featured_media":3897,"comment_status":"open","ping_status":"closed","template":"","meta":{"_acf_changed":false,"_uag_custom_page_level_css":"","_lmt_disableupdate":"no","_lmt_disable":"","_monsterinsights_skip_tracking":false,"_monsterinsights_sitenote_active":false,"_monsterinsights_sitenote_note":"","_monsterinsights_sitenote_category":0,"site-sidebar-layout":"default","site-content-layout":"","ast-site-content-layout":"default","site-content-style":"default","site-sidebar-style":"default","ast-global-header-display":"","ast-banner-title-visibility":"","ast-main-header-display":"","ast-hfb-above-header-display":"","ast-hfb-below-header-display":"","ast-hfb-mobile-header-display":"","site-post-title":"","ast-breadcrumbs-content":"","ast-featured-img":"","footer-sml-layout":"","ast-disable-related-posts":"","theme-transparent-header-meta":"default","adv-header-id-meta":"","stick-header-meta":"","header-above-stick-meta":"","header-main-stick-meta":"","header-below-stick-meta":"","astra-migrate-meta-layouts":"set","ast-page-background-enabled":"default","ast-page-background-meta":{"desktop":{"background-color":"","background-image":"","background-repeat":"repeat","background-position":"center center","background-size":"auto","background-attachment":"scroll","background-type":"","background-media":"","overlay-type":"","overlay-color":"","overlay-opacity":"","overlay-gradient":""},"tablet":{"background-color":"","background-image":"","background-repeat":"repeat","background-position":"center center","background-size":"auto","background-attachment":"scroll","background-type":"","background-media":"","overlay-type":"","overlay-color":"","overlay-opacity":"","overlay-gradient":""},"mobile":{"background-color":"","background-image":"","background-repeat":"repeat","background-position":"center center","background-size":"auto","background-attachment":"scroll","background-type":"","background-media":"","overlay-type":"","overlay-color":"","overlay-opacity":"","overlay-gradient":""}},"ast-content-background-meta":{"desktop":{"background-color":"var(--ast-global-color-5)","background-image":"","background-repeat":"repeat","background-position":"center center","background-size":"auto","background-attachment":"scroll","background-type":"","background-media":"","overlay-type":"","overlay-color":"","overlay-opacity":"","overlay-gradient":""},"tablet":{"background-color":"var(--ast-global-color-5)","background-image":"","background-repeat":"repeat","background-position":"center center","background-size":"auto","background-attachment":"scroll","background-type":"","background-media":"","overlay-type":"","overlay-color":"","overlay-opacity":"","overlay-gradient":""},"mobile":{"background-color":"var(--ast-global-color-5)","background-image":"","background-repeat":"repeat","background-position":"center center","background-size":"auto","background-attachment":"scroll","background-type":"","background-media":"","overlay-type":"","overlay-color":"","overlay-opacity":"","overlay-gradient":""}},"_joinchat":{"telephone":"17776015835"}},"product_brand":[],"product_cat":[265,154,155,142,283],"product_tag":[94,268,267,93,269,266],"class_list":{"0":"post-3898","1":"product","2":"type-product","3":"status-publish","4":"has-post-thumbnail","6":"product_cat-45000-puff","7":"product_cat-buy-disposable-vapes-in-netherlands","8":"product_cat-buy-disposable-vapes-in-norway","9":"product_cat-digital-box-disposable-vapes","10":"product_cat-zooy-vape","11":"product_tag-rechargeable-disposable-vape","12":"product_tag-touch-screen-vape","13":"product_tag-vape-from-eu-warehouse","14":"product_tag-vape-wholesale","15":"product_tag-vape-with-screen","16":"product_tag-zooy-zero-45k","17":"desktop-align-left","18":"tablet-align-left","19":"mobile-align-left","21":"first","22":"instock","23":"sale","24":"shipping-taxable","25":"purchasable","26":"product-type-simple"},"acf":[],"uagb_featured_image_src":{"full":["https:\/\/vapestornado.com\/wp-content\/uploads\/2025\/03\/ZOOY-ZERO-45000-Puffs-Wholesale-Good-Price.webp",800,800,false],"thumbnail":["https:\/\/vapestornado.com\/wp-content\/uploads\/2025\/03\/ZOOY-ZERO-45000-Puffs-Wholesale-Good-Price-150x150.webp",150,150,true],"medium":["https:\/\/vapestornado.com\/wp-content\/uploads\/2025\/03\/ZOOY-ZERO-45000-Puffs-Wholesale-Good-Price-300x300.webp",300,300,true],"medium_large":["https:\/\/vapestornado.com\/wp-content\/uploads\/2025\/03\/ZOOY-ZERO-45000-Puffs-Wholesale-Good-Price-768x768.webp",768,768,true],"large":["https:\/\/vapestornado.com\/wp-content\/uploads\/2025\/03\/ZOOY-ZERO-45000-Puffs-Wholesale-Good-Price.webp",800,800,false],"1536x1536":["https:\/\/vapestornado.com\/wp-content\/uploads\/2025\/03\/ZOOY-ZERO-45000-Puffs-Wholesale-Good-Price.webp",800,800,false],"2048x2048":["https:\/\/vapestornado.com\/wp-content\/uploads\/2025\/03\/ZOOY-ZERO-45000-Puffs-Wholesale-Good-Price.webp",800,800,false],"trp-custom-language-flag":["https:\/\/vapestornado.com\/wp-content\/uploads\/2025\/03\/ZOOY-ZERO-45000-Puffs-Wholesale-Good-Price.webp",12,12,false],"woocommerce_thumbnail":["https:\/\/vapestornado.com\/wp-content\/uploads\/2025\/03\/ZOOY-ZERO-45000-Puffs-Wholesale-Good-Price-300x300.webp",300,300,true],"woocommerce_single":["https:\/\/vapestornado.com\/wp-content\/uploads\/2025\/03\/ZOOY-ZERO-45000-Puffs-Wholesale-Good-Price-600x600.webp",600,600,true],"woocommerce_gallery_thumbnail":["https:\/\/vapestornado.com\/wp-content\/uploads\/2025\/03\/ZOOY-ZERO-45000-Puffs-Wholesale-Good-Price-100x100.webp",100,100,true]},"uagb_author_info":{"display_name":"ESAMY","author_link":"https:\/\/vapestornado.com\/pl\/author\/"},"uagb_comment_info":0,"uagb_excerpt":"The ZOOY Zero 45000 Vape delivers massive puff capacity, smart touch screen, and Type-C rechargeable power. A premium disposable built for bulk wholesale buyers in Europe. Add Amy's whatsapp to get right reply and discount price! WhatsApp: +86 17776015835 &nbsp;","_links":{"self":[{"href":"https:\/\/vapestornado.com\/pl\/wp-json\/wp\/v2\/product\/3898","targetHints":{"allow":["GET"]}}],"collection":[{"href":"https:\/\/vapestornado.com\/pl\/wp-json\/wp\/v2\/product"}],"about":[{"href":"https:\/\/vapestornado.com\/pl\/wp-json\/wp\/v2\/types\/product"}],"replies":[{"embeddable":true,"href":"https:\/\/vapestornado.com\/pl\/wp-json\/wp\/v2\/comments?post=3898"}],"wp:featuredmedia":[{"embeddable":true,"href":"https:\/\/vapestornado.com\/pl\/wp-json\/wp\/v2\/media\/3897"}],"wp:attachment":[{"href":"https:\/\/vapestornado.com\/pl\/wp-json\/wp\/v2\/media?parent=3898"}],"wp:term":[{"taxonomy":"product_brand","embeddable":true,"href":"https:\/\/vapestornado.com\/pl\/wp-json\/wp\/v2\/product_brand?post=3898"},{"taxonomy":"product_cat","embeddable":true,"href":"https:\/\/vapestornado.com\/pl\/wp-json\/wp\/v2\/product_cat?post=3898"},{"taxonomy":"product_tag","embeddable":true,"href":"https:\/\/vapestornado.com\/pl\/wp-json\/wp\/v2\/product_tag?post=3898"}],"curies":[{"name":"wp","href":"https:\/\/api.w.org\/{rel}","templated":true}]}}