{"id":3891,"date":"2025-03-19T03:04:03","date_gmt":"2025-03-19T03:04:03","guid":{"rendered":"https:\/\/vapestornado.com\/?post_type=product&#038;p=3891"},"modified":"2025-12-09T09:49:19","modified_gmt":"2025-12-09T09:49:19","slug":"bang-leader-50000-puffs-50k-2-in-1-double-flavor-digital-disposable-vape-bulk-price","status":"publish","type":"product","link":"https:\/\/vapestornado.com\/pl\/product\/bang-leader-50000-puffs-50k-2-in-1-double-flavor-digital-disposable-vape-bulk-price\/","title":{"rendered":"Bang Leader 50000 Zaci\u0105gni\u0119\u0107 50k 2 w 1 Jednorazowy Vape Cyfrowy Podw\u00f3jny Smak Cena Hurtowa"},"content":{"rendered":"<h1 data-pm-slice=\"1 1 []\">Bang Leader 50000 Zaci\u0105gni\u0119\u0107 50k 2 w 1 Jednorazowy Vape Cyfrowy Podw\u00f3jny Smak Cena Hurtowa<\/h1>\n<p data-start=\"1889\" data-end=\"2114\">Bang Leader 50000 Puffs jednorazowy e-papieros 2-w-1 z podw\u00f3jnym smakiem, z 36ml nape\u0142nianym e-liquidem, podw\u00f3jn\u0105 cewk\u0105 mesh, regulowan\u0105 moc\u0105, inteligentnym wy\u015bwietlaczem cyfrowym i bateri\u0105 650mAh z \u0142adowaniem Type-C. Do 50 tys. puf\u00f3w z nikotyn\u0105 0%\/2%\/3%\/5% dla d\u0142ugiego, dostosowywanego wapowania w UE.<\/p>\n<p data-start=\"313\" data-end=\"738\"><strong data-start=\"313\" data-end=\"371\">50 tys. wytrzyma\u0142o\u015bci, co przek\u0142ada si\u0119 na rzeczywisty czas kalendarzowy.<\/strong> Cyfrowy ekran <strong data-start=\"376\" data-end=\"419\">Jednorazowy e-papieros Bang Leader 50000 Puffs<\/strong> jest oparty na <strong data-start=\"438\" data-end=\"462\">36ml nape\u0142nianym zbiorniku<\/strong>, wi\u0119c wysoka liczba puf\u00f3w nie jest teoretyczna. Dla regularnych u\u017cytkownik\u00f3w UE oznacza to zwykle <strong data-start=\"548\" data-end=\"585\">tygodnie u\u017cytkowania na jednym urz\u0105dzeniu<\/strong>, mniej wizyt w sklepach i zauwa\u017calnie ni\u017cszy koszt na dzie\u0144 w por\u00f3wnaniu do jednorazowych 10K\u201320K. Pasuje do intensywnych rutyn bez odczuwania, \u017ce jest zbyt du\u017cy w r\u0119ku.<\/p>\n<p data-start=\"742\" data-end=\"1220\"><strong data-start=\"742\" data-end=\"801\">Podw\u00f3jny smak 2-w-1 sprawia, \u017ce urz\u0105dzenia do d\u0142ugiego u\u017cytkowania s\u0105 przyjemne.<\/strong> Urz\u0105dzenie, kt\u00f3re dzia\u0142a tak d\u0142ugo, potrzebuje r\u00f3\u017cnorodno\u015bci, w przeciwnym razie pojawia si\u0119 zm\u0119czenie smakiem. The <strong data-start=\"886\" data-end=\"931\">Bang Leader 50K podw\u00f3jny smak jednorazowy<\/strong> daje <strong data-start=\"938\" data-end=\"970\">12 kombinacji podw\u00f3jnych smak\u00f3w<\/strong> w jednym urz\u0105dzeniu, wi\u0119c mo\u017cesz natychmiast zmienia\u0107 mieszanki, gdy zmienia si\u0119 Twoje podniebienie. Ta funkcja jest mocnym sprzedawc\u0105 w <strong data-start=\"1080\" data-end=\"1135\">Niemczech, Hiszpanii, Polsce, Francji i Holandii<\/strong>, gdzie wysokowydajne e-papierosy s\u0105 u\u017cywane jako codzienne urz\u0105dzenia, a nie na weekendowe wyj\u015bcia.<\/p>\n<p data-start=\"1224\" data-end=\"1636\"><strong data-start=\"1224\" data-end=\"1282\">Podw\u00f3jna cewka mesh zapewnia g\u0119sty i pe\u0142en smaku dym.<\/strong> Cyfrowy ekran <strong data-start=\"1287\" data-end=\"1328\">Bang Leader 50k<\/strong> u\u017cywa dw\u00f3ch powierzchni grzewczych mesh, aby r\u00f3wnomiernie rozprowadza\u0107 ciep\u0142o przez p\u0142yn. To przynosi praktyczne korzy\u015bci: <strong data-start=\"1434\" data-end=\"1517\">p\u0142ynniejsze zaci\u0105gni\u0119cia, bogatsze nasycenie smakiem i wolniejsze spadki wydajno\u015bci w ko\u0144cowej fazie tankowania<\/strong>, nawet przy cz\u0119stym codziennym u\u017cytkowaniu. Para pozostaje g\u0119sta, nie staje si\u0119 ostra, co jest s\u0142ab\u0105 stron\u0105 wielu urz\u0105dze\u0144 o du\u017cej liczbie puf\u00f3w.<\/p>\n<p data-start=\"1640\" data-end=\"2080\"><strong data-start=\"1640\" data-end=\"1719\">Regulowana moc sprawia, \u017ce odci\u0105g dopasowuje si\u0119 do Twojego stylu, a nie odwrotnie.<\/strong> Z tym <strong data-start=\"1729\" data-end=\"1783\">Bang Leader 50K vape<\/strong>, kontrolujesz, jak mocne jest ka\u017cde poci\u0105gni\u0119cie. Ni\u017csza moc zapewnia spokojniejszy, ch\u0142odniejszy odci\u0105g na dzie\u0144 lub przerwy w pracy; wy\u017csza moc generuje <strong data-start=\"1917\" data-end=\"1953\">cieplejszy parownik i ci\u0119\u017csze chmury<\/strong> na wieczory lub spotkania towarzyskie. W urz\u0105dzeniu o d\u0142ugiej \u017cywotno\u015bci tego rodzaju ustawienia zapobiegaj\u0105 utracie do\u015bwiadczenia z czasem.<\/p>\n<p data-start=\"2084\" data-end=\"2478\"><strong data-start=\"2084\" data-end=\"2144\">\u0141adowanie typu C chroni pe\u0142ne 36 ml zapasu.<\/strong> Du\u017ce jednoraz\u00f3wki mog\u0105 by\u0107 frustruj\u0105ce, gdy bateria ko\u0144czy si\u0119 wcze\u015bnie. <strong data-start=\"2213\" data-end=\"2267\">Bang Leader 50000 jednorazowy vape z mo\u017cliwo\u015bci\u0105 \u0142adowania<\/strong> u\u017cywa <strong data-start=\"2275\" data-end=\"2318\">650mAh bateria i szybkie \u0142adowanie Type-C<\/strong>, wi\u0119c szybkie do\u0142adowanie utrzymuje urz\u0105dzenie w dzia\u0142aniu a\u017c do wyczerpania p\u0142ynu. Kr\u00f3tki czas przestoju, brak marnowania e-liquidu i przewidywalna wydajno\u015b\u0107 w ruchu.<\/p>\n<p><strong><span style=\"color: #ff0000;\">Dodaj Amy na WhatsApp, aby uzyska\u0107 szybk\u0105 odpowied\u017a i cen\u0119 ze zni\u017ck\u0105!<\/span><\/strong><\/p>\n<p><img fetchpriority=\"high\" decoding=\"async\" class=\"size-full wp-image-2932\" src=\"https:\/\/vapestornado.com\/wp-content\/uploads\/2024\/12\/Vape-Wholesale.jpg\" alt=\"Hurtowa sprzeda\u017c e-papieros\u00f3w\" width=\"229\" height=\"300\" \/><\/p>\n<h3><a href=\"https:\/\/wa.me\/8617776015835\" target=\"_blank\" rel=\"noopener\"><span style=\"color: #ff0000;\"><strong>WhatsApp: +86 17776015835<\/strong><\/span><\/a><\/h3>\n<p>&nbsp;<\/p>\n<h2><strong>Bang Leader 50000 Puff Crystal Vape Kluczowe cechy produktu<\/strong><\/h2>\n<table>\n<thead>\n<tr>\n<th>Funkcja<\/th>\n<th>Specyfikacja<\/th>\n<th>Szczeg\u00f3\u0142y<\/th>\n<\/tr>\n<\/thead>\n<tbody>\n<tr>\n<td>Nazwa produktu<\/td>\n<td>Bang Leader 50000 Puffs 2-w-1 Podw\u00f3jny smak<\/td>\n<td>Wielka pojemno\u015b\u0107 do\u0142adowywalnej jednoraz\u00f3wki.<\/td>\n<\/tr>\n<tr>\n<td>Pojemno\u015b\u0107 zaci\u0105gni\u0119\u0107<\/td>\n<td>Do 50 000 zaci\u0105gni\u0119\u0107<\/td>\n<td>Wyd\u0142u\u017cona \u017cywotno\u015b\u0107 przeznaczona do codziennego d\u0142ugoterminowego u\u017cytku.<\/td>\n<\/tr>\n<tr>\n<td>Obj\u0119to\u015b\u0107 E-Liquidu<\/td>\n<td>36ml wst\u0119pnie nape\u0142nione<\/td>\n<td>Du\u017cy zbiornik wspiera czas pracy 50K.<\/td>\n<\/tr>\n<tr>\n<td>System Smaku<\/td>\n<td>Prze\u0142\u0105cznik podw\u00f3jnego smaku 2-w-1<\/td>\n<td>Dwa mieszanki w jednym urz\u0105dzeniu; natychmiastowa zmiana.<\/td>\n<\/tr>\n<tr>\n<td>Typ Grza\u0142ki<\/td>\n<td>Podw\u00f3jna grza\u0142ka siatkowa<\/td>\n<td>R\u00f3wnomierne podgrzewanie dla g\u0119stego pary i stabilnego smaku.<\/td>\n<\/tr>\n<tr>\n<td>Bateria<\/td>\n<td>650mAh \u0142adowalny<\/td>\n<td>Na\u0142aduj, aby korzysta\u0107 z pe\u0142nej pojemno\u015bci p\u0142ynu.<\/td>\n<\/tr>\n<tr>\n<td>\u0141adowanie<\/td>\n<td>szybkie \u0142adowanie Type-C<\/td>\n<td>Szybkie do\u0142adowania za pomoc\u0105 nowoczesnych kabli EU.<\/td>\n<\/tr>\n<tr>\n<td>Moc<\/td>\n<td>Regulowane wyj\u015bcie<\/td>\n<td>Dostosowuje si\u0142\u0119 i ciep\u0142o pary.<\/td>\n<\/tr>\n<tr>\n<td>Wy\u015bwietlacz<\/td>\n<td>Inteligentny cyfrowy ekran<\/td>\n<td>Pokazuje poziom baterii i e-liquidu na pierwszy rzut oka.<\/td>\n<\/tr>\n<tr>\n<td>Moce Nikotyny<\/td>\n<td>0% \/ 2% \/ 3% \/ 5% s\u00f3l nikotynowa<\/td>\n<td>Pasuje do u\u017cytkownik\u00f3w beznikotynowych, umiarkowanych i intensywnych.<\/td>\n<\/tr>\n<\/tbody>\n<\/table>\n<h2 class=\"product-title\"><strong>Lista smak\u00f3w Bang Leader 50k Puff Box Vape<\/strong><\/h2>\n<article class=\"w-full text-token-text-primary focus-visible:outline-2 focus-visible:outline-offset-[-4px]\" dir=\"auto\" data-testid=\"conversation-turn-32\" data-scroll-anchor=\"false\">\n<div class=\"m-auto text-base py-[18px] px-6\">\n<div class=\"mx-auto flex flex-1 text-base gap-4 md:gap-5 lg:gap-6 md:max-w-3xl lg:max-w-[40rem] xl:max-w-[48rem]\">\n<div class=\"group\/conversation-turn relative flex w-full min-w-0 flex-col @xs\/thread:px-0 @sm\/thread:px-1.5 @md\/thread:px-4\">\n<div class=\"flex-col gap-1 md:gap-3\">\n<div class=\"flex max-w-full flex-col flex-grow\">\n<div class=\"min-h-8 text-message flex w-full flex-col items-end gap-2 whitespace-normal break-words text-start [.text-message+&amp;]:mt-5\" dir=\"auto\" data-message-author-role=\"user\" data-message-id=\"ffac41ca-1db4-431b-873a-32c4052956f1\">\n<div class=\"flex w-full flex-col gap-1 empty:hidden items-end rtl:items-start\">\n<div class=\"relative max-w-[var(--user-chat-width,70%)] rounded-3xl bg-token-message-surface px-5 py-2.5\">\n<div class=\"absolute bottom-0 right-full top-0 -mr-3.5 hidden pr-5 pt-2 [.group\/conversation-turn:hover_&amp;]:flex\">\n<div class=\"flex\">\n<article class=\"w-full text-token-text-primary focus-visible:outline-2 focus-visible:outline-offset-[-4px]\" dir=\"auto\" data-testid=\"conversation-turn-39\" data-scroll-anchor=\"true\">\n<div class=\"m-auto text-base py-[18px] px-6\">\n<div class=\"mx-auto flex flex-1 text-base gap-4 md:gap-5 lg:gap-6 md:max-w-3xl lg:max-w-[40rem] xl:max-w-[48rem]\">\n<div class=\"group\/conversation-turn relative flex w-full min-w-0 flex-col agent-turn @xs\/thread:px-0 @sm\/thread:px-1.5 @md\/thread:px-4\">\n<div class=\"flex-col gap-1 md:gap-3\">\n<div class=\"flex max-w-full flex-col flex-grow\">\n<div class=\"min-h-8 text-message flex w-full flex-col items-end gap-2 whitespace-normal break-words text-start [.text-message+&amp;]:mt-5\" dir=\"auto\" data-message-author-role=\"assistant\" data-message-id=\"55a23854-ec57-48dd-bd4f-6118f43d6241\" data-message-model-slug=\"gpt-4o\">\n<div class=\"flex w-full flex-col gap-1 empty:hidden first:pt-[3px]\">\n<div class=\"markdown prose w-full break-words dark:prose-invert light\">\n<p>&nbsp;<\/p>\n<p>1.Truskawka Malina Wi\u015bnia L\u00f3d \/ Wi\u015bnia<\/p>\n<p>2.Arbuz Truskawka \/ Arbuz <strong><span style=\"color: #ff0000;\">&gt;&gt;&gt;&gt; Gor\u0105cy!<\/span><\/strong><\/p>\n<p>3.Czarna Winogrono \/ Zielone Winogrono<\/p>\n<p>4.Jab\u0142ko Gruszka\/Kiwi Marakuja Guawa<\/p>\n<p>5.Kwa\u015bna Ananasowa Lemoniada\/Cytryna Limonka <strong><span style=\"color: #ff0000;\">&gt;&gt;&gt;&gt; Najlepsze!<\/span><\/strong><\/p>\n<p>6.Bananowy L\u00f3d\/Mango<\/p>\n<p>7.Jagoda Kwa\u015bna Malina\/Jagoda <strong><span style=\"color: #ff0000;\">&gt;&gt;&gt;&gt; Gor\u0105cy!<\/span><\/strong><\/p>\n<p>8.Wi\u015bniowa Cola\/R\u00f3\u017cowa Lemoniada<\/p>\n<p>9.Jagodowa Malinowa Lemoniada\/Truskawka Malina Wi\u015bnia L\u00f3d <strong><span style=\"color: #ff0000;\">&gt;&gt;&gt;&gt; Gor\u0105cy!<\/span><\/strong><\/p>\n<p>10.Truskawka Kiwi\/Truskawkowy L\u00f3d<\/p>\n<p>11.Ananas Marakuja\/Ananasowy L\u00f3d<\/p>\n<p>12.Malinowe Mojito\/Wi\u015bnia Malina Limonka <strong><span style=\"color: #ff0000;\">&gt;&gt;&gt;&gt; Gor\u0105cy!<\/span><\/strong><\/p>\n<p>&nbsp;<\/p>\n<\/div>\n<\/div>\n<\/div>\n<\/div>\n<\/div>\n<\/div>\n<\/div>\n<\/div>\n<\/article>\n<\/div>\n<\/div>\n<\/div>\n<\/div>\n<\/div>\n<\/div>\n<\/div>\n<\/div>\n<\/div>\n<\/div>\n<\/article>\n<h2>Dlaczego wybra\u0107 Vapestornado do zam\u00f3wienia hurtowego Bang Leader 50000 Puffs Digital Vape?<\/h2>\n<div class=\"flex-shrink-0 flex flex-col relative items-end\">\n<div class=\"pt-0\">\n<div class=\"gizmo-bot-avatar flex h-8 w-8 items-center justify-center overflow-hidden rounded-full\">\n<div class=\"relative p-1 rounded-sm flex items-center justify-center bg-token-main-surface-primary text-token-text-primary h-8 w-8\">\n<p data-start=\"75\" data-end=\"479\">Je\u015bli chodzi o <strong data-start=\"92\" data-end=\"117\">hurtowych ilo\u015bci jednorazowych e-papieros\u00f3w<\/strong>, <strong data-start=\"119\" data-end=\"152\">Vapestornado sklep z e-papierosami online<\/strong> jest idealnym miejscem dla<strong data-start=\"182\" data-end=\"202\">\u00a0kupuj\u0105cy<\/strong> szukaj\u0105cych <strong data-start=\"215\" data-end=\"257\">przyst\u0119pne ceny i najwy\u017csza jako\u015b\u0107<\/strong>. Oferujemy <strong data-start=\"268\" data-end=\"299\">ekskluzywne ceny hurtowe<\/strong> na e-papierosy Bang Leader 32k 32000 Puffs, umo\u017cliwiaj\u0105c sprzedawcom detalicznym i dystrybutorom zaopatrzenie si\u0119 w jeden z najbardziej po\u017c\u0105danych produkt\u00f3w<a href=\"https:\/\/vapestornado.com\/pl\/product\/uor-120000-puff-120k-4-flavors-rechargeable-disposable-vape-shop-online\/\"> <strong data-start=\"412\" data-end=\"445\">jednorazowe e-papierosy wielokrotnego \u0142adowania<\/strong><\/a>\u00a0z <strong data-start=\"453\" data-end=\"476\">cyfrowy wy\u015bwietlacz LED<\/strong>.<\/p>\n<\/div>\n<div class=\"relative p-1 rounded-sm flex items-center justify-center bg-token-main-surface-primary text-token-text-primary h-8 w-8\">\n<h2>Najcz\u0119\u015bciej zadawane pytania dotycz\u0105ce jednorazowego e-papierosa Bang Leader 50k Puffs<\/h2>\n<ol data-start=\"3086\" data-end=\"4136\">\n<li data-start=\"3086\" data-end=\"3306\">\n<p data-start=\"3089\" data-end=\"3306\"><strong data-start=\"3089\" data-end=\"3177\">Jak dzia\u0142a system podw\u00f3jnego smaku Bang Leader 50000 Puffs 2-in-1 w codziennym u\u017cytkowaniu?<\/strong><br data-start=\"3177\" data-end=\"3180\" \/>Zawiera dwa profile smakowe w jednym urz\u0105dzeniu, pozwalaj\u0105c na natychmiastow\u0105 zmian\u0119. To utrzymuje r\u00f3\u017cnorodno\u015b\u0107 podczas d\u0142ugiego wielotygodniowego u\u017cytkowania.<\/p>\n<\/li>\n<li data-start=\"3308\" data-end=\"3511\">\n<p data-start=\"3311\" data-end=\"3511\"><strong data-start=\"3311\" data-end=\"3405\">Czy jednorazowy e-papieros Bang Leader 50K z podw\u00f3jn\u0105 siatk\u0105 grza\u0142ek zmniejsza utrat\u0119 smaku z czasem?<\/strong><br data-start=\"3405\" data-end=\"3408\" \/>Podw\u00f3jne siatki grza\u0142ek r\u00f3wnomiernie nagrzewaj\u0105 i spowalniaj\u0105 zanikanie smaku, co jest szczeg\u00f3lnie wa\u017cne w urz\u0105dzeniu o du\u017cej pojemno\u015bci 36 ml.<\/p>\n<\/li>\n<li data-start=\"3513\" data-end=\"3736\">\n<p data-start=\"3516\" data-end=\"3736\"><strong data-start=\"3516\" data-end=\"3612\">Jaka r\u00f3\u017cnica wprowadza regulowana moc na jednorazowym e-papierosie Bang Leader 50000 Puffs?<\/strong><br data-start=\"3612\" data-end=\"3615\" \/>Regulowana moc pozwala kontrolowa\u0107 ciep\u0142o i intensywno\u015b\u0107 pary \u2014 ni\u017csza dla \u0142agodniejszego dnia, wy\u017csza dla g\u0119stszych chmur.<\/p>\n<\/li>\n<li data-start=\"3738\" data-end=\"3930\">\n<p data-start=\"3741\" data-end=\"3930\"><strong data-start=\"3741\" data-end=\"3830\">Czy jednorazowy e-papieros Bang Leader 50000 z \u0142adowaniem Type-C mo\u017ce zu\u017cy\u0107 ca\u0142y zbiornik 36 ml?<\/strong><br data-start=\"3830\" data-end=\"3833\" \/>Tak. Mo\u017cliwo\u015b\u0107 \u0142adowania oznacza, \u017ce mo\u017cna uzupe\u0142nia\u0107 energi\u0119 w razie potrzeby i kontynuowa\u0107 vapowanie, a\u017c liquid si\u0119 sko\u0144czy.<\/p>\n<\/li>\n<li data-start=\"3932\" data-end=\"4136\">\n<p data-start=\"3935\" data-end=\"4136\"><strong data-start=\"3935\" data-end=\"4030\">Kt\u00f3ra opcja nikotyny odpowiada r\u00f3\u017cnym u\u017cytkownikom w jednorazowym e-papierosie Bang Leader 50K crystal?<\/strong><br data-start=\"4030\" data-end=\"4033\" \/>0% jest przeznaczony wy\u0142\u0105cznie do smaku, 2%\u20133% pasuje do wi\u0119kszo\u015bci codziennych rutyn, a 5% dla u\u017cytkownik\u00f3w szukaj\u0105cych mocniejszego efektu.<\/p>\n<\/li>\n<\/ol>\n<\/div>\n<\/div>\n<\/div>\n<\/div>","protected":false},"excerpt":{"rendered":"<p>Cyfrowy ekran <strong data-start=\"1452\" data-end=\"1484\">Bang Leader 50000 Zaci\u0105gni\u0119\u0107 Vape<\/strong> oferuje podw\u00f3jne smaki, cyfrowy wy\u015bwietlacz i regulowan\u0105 moc. Akumulator <strong data-start=\"1562\" data-end=\"1585\">jednorazowy e-papieros na 50 tys. zaci\u0105gni\u0119\u0107<\/strong> idealny dla <strong data-start=\"1596\" data-end=\"1631\">zam\u00f3wie\u0144 hurtowych w Europie<\/strong>.<br \/>\nBang Leader 50k Puff zestaw do waporyzacji sprzeda\u017c hurtowa w niskiej cenie<\/p>\n<p><strong>Dodaj Amy na WhatsApp, aby uzyska\u0107 w\u0142a\u015bciw\u0105 odpowied\u017a i cen\u0119 z rabatem!<\/strong><\/p>\n<p><img fetchpriority=\"high\" decoding=\"async\" class=\"size-full wp-image-2932\" src=\"https:\/\/vapestornado.com\/wp-content\/uploads\/2024\/12\/Vape-Wholesale.jpg\" alt=\"Hurtowa sprzeda\u017c e-papieros\u00f3w\" width=\"229\" height=\"300\" \/><\/p>\n<h3><a href=\"https:\/\/wa.me\/8617776015835\"><span style=\"color: #ff0000;\"><strong>WhatsApp: +86 17776015835<\/strong><\/span><\/a><\/h3>\n<p>&nbsp;<\/p>","protected":false},"featured_media":3867,"comment_status":"open","ping_status":"closed","template":"","meta":{"_acf_changed":false,"_uag_custom_page_level_css":"","_lmt_disableupdate":"no","_lmt_disable":"","_monsterinsights_skip_tracking":false,"_monsterinsights_sitenote_active":false,"_monsterinsights_sitenote_note":"","_monsterinsights_sitenote_category":0,"site-sidebar-layout":"default","site-content-layout":"","ast-site-content-layout":"default","site-content-style":"default","site-sidebar-style":"default","ast-global-header-display":"","ast-banner-title-visibility":"","ast-main-header-display":"","ast-hfb-above-header-display":"","ast-hfb-below-header-display":"","ast-hfb-mobile-header-display":"","site-post-title":"","ast-breadcrumbs-content":"","ast-featured-img":"","footer-sml-layout":"","ast-disable-related-posts":"","theme-transparent-header-meta":"default","adv-header-id-meta":"","stick-header-meta":"","header-above-stick-meta":"","header-main-stick-meta":"","header-below-stick-meta":"","astra-migrate-meta-layouts":"set","ast-page-background-enabled":"default","ast-page-background-meta":{"desktop":{"background-color":"","background-image":"","background-repeat":"repeat","background-position":"center center","background-size":"auto","background-attachment":"scroll","background-type":"","background-media":"","overlay-type":"","overlay-color":"","overlay-opacity":"","overlay-gradient":""},"tablet":{"background-color":"","background-image":"","background-repeat":"repeat","background-position":"center center","background-size":"auto","background-attachment":"scroll","background-type":"","background-media":"","overlay-type":"","overlay-color":"","overlay-opacity":"","overlay-gradient":""},"mobile":{"background-color":"","background-image":"","background-repeat":"repeat","background-position":"center center","background-size":"auto","background-attachment":"scroll","background-type":"","background-media":"","overlay-type":"","overlay-color":"","overlay-opacity":"","overlay-gradient":""}},"ast-content-background-meta":{"desktop":{"background-color":"var(--ast-global-color-5)","background-image":"","background-repeat":"repeat","background-position":"center center","background-size":"auto","background-attachment":"scroll","background-type":"","background-media":"","overlay-type":"","overlay-color":"","overlay-opacity":"","overlay-gradient":""},"tablet":{"background-color":"var(--ast-global-color-5)","background-image":"","background-repeat":"repeat","background-position":"center center","background-size":"auto","background-attachment":"scroll","background-type":"","background-media":"","overlay-type":"","overlay-color":"","overlay-opacity":"","overlay-gradient":""},"mobile":{"background-color":"var(--ast-global-color-5)","background-image":"","background-repeat":"repeat","background-position":"center center","background-size":"auto","background-attachment":"scroll","background-type":"","background-media":"","overlay-type":"","overlay-color":"","overlay-opacity":"","overlay-gradient":""}},"_joinchat":{"telephone":"17776015835"}},"product_brand":[],"product_cat":[19,192,62,159,160,143,144],"product_tag":[264,196,94,240,93],"class_list":{"0":"post-3891","1":"product","2":"type-product","3":"status-publish","4":"has-post-thumbnail","6":"product_cat-vapes","7":"product_cat-50000-puff","8":"product_cat-bang-vape","9":"product_cat-buy-disposable-vapes-in-sweden","10":"product_cat-buy-disposable-vapes-in-switzerland","11":"product_cat-dual-mesh-disposable-vapes","12":"product_cat-low-nicotine-disposable-vapes","13":"product_tag-bang-leader-50000-puff","14":"product_tag-bang-vape","15":"product_tag-rechargeable-disposable-vape","16":"product_tag-twins-flavor-disposable-vape","17":"product_tag-vape-wholesale","18":"desktop-align-left","19":"tablet-align-left","20":"mobile-align-left","22":"first","23":"instock","24":"sale","25":"shipping-taxable","26":"purchasable","27":"product-type-simple"},"acf":[],"uagb_featured_image_src":{"full":["https:\/\/vapestornado.com\/wp-content\/uploads\/2025\/03\/Bang-Leader-50000-50K-Puffs.webp",800,800,false],"thumbnail":["https:\/\/vapestornado.com\/wp-content\/uploads\/2025\/03\/Bang-Leader-50000-50K-Puffs-150x150.webp",150,150,true],"medium":["https:\/\/vapestornado.com\/wp-content\/uploads\/2025\/03\/Bang-Leader-50000-50K-Puffs-300x300.webp",300,300,true],"medium_large":["https:\/\/vapestornado.com\/wp-content\/uploads\/2025\/03\/Bang-Leader-50000-50K-Puffs-768x768.webp",768,768,true],"large":["https:\/\/vapestornado.com\/wp-content\/uploads\/2025\/03\/Bang-Leader-50000-50K-Puffs.webp",800,800,false],"1536x1536":["https:\/\/vapestornado.com\/wp-content\/uploads\/2025\/03\/Bang-Leader-50000-50K-Puffs.webp",800,800,false],"2048x2048":["https:\/\/vapestornado.com\/wp-content\/uploads\/2025\/03\/Bang-Leader-50000-50K-Puffs.webp",800,800,false],"trp-custom-language-flag":["https:\/\/vapestornado.com\/wp-content\/uploads\/2025\/03\/Bang-Leader-50000-50K-Puffs.webp",12,12,false],"woocommerce_thumbnail":["https:\/\/vapestornado.com\/wp-content\/uploads\/2025\/03\/Bang-Leader-50000-50K-Puffs-300x300.webp",300,300,true],"woocommerce_single":["https:\/\/vapestornado.com\/wp-content\/uploads\/2025\/03\/Bang-Leader-50000-50K-Puffs-600x600.webp",600,600,true],"woocommerce_gallery_thumbnail":["https:\/\/vapestornado.com\/wp-content\/uploads\/2025\/03\/Bang-Leader-50000-50K-Puffs-100x100.webp",100,100,true]},"uagb_author_info":{"display_name":"ESAMY","author_link":"https:\/\/vapestornado.com\/pl\/author\/"},"uagb_comment_info":0,"uagb_excerpt":"The Bang Leader 50000 Puffs Vape offers dual flavors, digital display, and adjustable wattage. A rechargeable 50K puff disposable ideal for wholesale bulk orders in Europe. Bang Leader 50k Puff Vape Kit Wholesale Cheap Price Add Amy's whatsapp to get right reply and discount price! WhatsApp: +86 17776015835 &nbsp;","_links":{"self":[{"href":"https:\/\/vapestornado.com\/pl\/wp-json\/wp\/v2\/product\/3891","targetHints":{"allow":["GET"]}}],"collection":[{"href":"https:\/\/vapestornado.com\/pl\/wp-json\/wp\/v2\/product"}],"about":[{"href":"https:\/\/vapestornado.com\/pl\/wp-json\/wp\/v2\/types\/product"}],"replies":[{"embeddable":true,"href":"https:\/\/vapestornado.com\/pl\/wp-json\/wp\/v2\/comments?post=3891"}],"wp:featuredmedia":[{"embeddable":true,"href":"https:\/\/vapestornado.com\/pl\/wp-json\/wp\/v2\/media\/3867"}],"wp:attachment":[{"href":"https:\/\/vapestornado.com\/pl\/wp-json\/wp\/v2\/media?parent=3891"}],"wp:term":[{"taxonomy":"product_brand","embeddable":true,"href":"https:\/\/vapestornado.com\/pl\/wp-json\/wp\/v2\/product_brand?post=3891"},{"taxonomy":"product_cat","embeddable":true,"href":"https:\/\/vapestornado.com\/pl\/wp-json\/wp\/v2\/product_cat?post=3891"},{"taxonomy":"product_tag","embeddable":true,"href":"https:\/\/vapestornado.com\/pl\/wp-json\/wp\/v2\/product_tag?post=3891"}],"curies":[{"name":"wp","href":"https:\/\/api.w.org\/{rel}","templated":true}]}}