{"id":3890,"date":"2025-03-18T02:33:25","date_gmt":"2025-03-18T02:33:25","guid":{"rendered":"https:\/\/vapestornado.com\/?post_type=product&#038;p=3890"},"modified":"2025-12-04T08:58:11","modified_gmt":"2025-12-04T08:58:11","slug":"original-bang-leader-20000-puff-crystal-disposable-vape-box-20k-puffs-wholesale-vapers","status":"publish","type":"product","link":"https:\/\/vapestornado.com\/pl\/product\/original-bang-leader-20000-puff-crystal-disposable-vape-box-20k-puffs-wholesale-vapers\/","title":{"rendered":"Oryginalny Bang Leader 20000 Zaci\u0105gni\u0119\u0107 Crystal Jednorazowy Vape Box 20K Zaci\u0105gni\u0119\u0107 Hurtownia Vaper\u00f3w"},"content":{"rendered":"<h1 data-pm-slice=\"1 1 []\">Oryginalny Bang Leader 20000 Zaci\u0105gni\u0119\u0107 Crystal Jednorazowy Vape Box 20K Zaci\u0105gni\u0119\u0107 Hurtownia Vaper\u00f3w<\/h1>\n<p data-start=\"1084\" data-end=\"1266\">Bang Leader 20000 Puff Crystal to jednorazowy urz\u0105dzenie na 20 tys. puf\u00f3w z zbiornikiem o pojemno\u015bci 28 ml, akumulatorem typu C o pojemno\u015bci 650 mAh, podw\u00f3jnymi cewkami mesh, oraz kryszta\u0142owym korpusem z smycz\u0105 \u2014 zaprojektowane na d\u0142ugie u\u017cytkowanie, stabilny smak i \u0142atwe noszenie.<\/p>\n<p data-start=\"584\" data-end=\"867\">Urz\u0105dzenie jest oceniane na <strong data-start=\"679\" data-end=\"701\">do 20 000 puf\u00f3w<\/strong> i mie\u015bci <strong data-start=\"712\" data-end=\"732\">28 ml e-liquidu<\/strong>, wi\u0119c wi\u0119kszo\u015b\u0107 u\u017cytkownik\u00f3w uzyskuje znacznie d\u0142u\u017cszy czas pracy ni\u017c modele na 5 tys. \u2013 10 tys. puf\u00f3w. Mniejsza liczba wymian oznacza tak\u017ce mniej k\u0142opot\u00f3w i ni\u017cszy koszt za puf\u0119 z czasem. Jednorazowy e-papieros Bang Leader 20000 Puff Crystal u\u017cywa <strong data-start=\"956\" data-end=\"975\">podw\u00f3jne grza\u0142ki siatkowe<\/strong>, kt\u00f3re r\u00f3wnomiernie podgrzewaj\u0105 e-liquid. To pomaga utrzyma\u0107 g\u0142adkie zaci\u0105gni\u0119cie i stabilny smak od pocz\u0105tku do ko\u0144ca zbiornika, zamiast spada\u0107 w po\u0142owie.<\/p>\n<p data-start=\"584\" data-end=\"867\">Cyfrowy ekran <strong data-start=\"1193\" data-end=\"1227\">Akumulator 650mAh jest \u0142adowalny<\/strong>, wi\u0119c mo\u017cna na\u0142adowa\u0107 energi\u0119 i doko\u0144czy\u0107 ca\u0142y p\u0142yn bez wcze\u015bniejszego wyczerpania urz\u0105dzenia. Ten jednorazowy e-papieros Bang Leader 20000 Puff posiada <strong data-start=\"1307\" data-end=\"1326\">\u0142adowanie typu C<\/strong> jest szeroko kompatybilny i szybki, dzi\u0119ki czemu mo\u017cna wr\u00f3ci\u0107 do vapowania bez d\u0142ugich przerw. <strong data-start=\"1461\" data-end=\"1483\">korpus w stylu kryszta\u0142u<\/strong> jest kompaktowy i wytrzyma\u0142y, a do\u0142\u0105czony <strong data-start=\"1524\" data-end=\"1535\">smycz<\/strong> u\u0142atwia trzymanie go pod r\u0119k\u0105 podczas wyj\u015bcia. Zaprojektowany do codziennego noszenia, nie czuj\u0105c si\u0119 przy tym ci\u0119\u017cko. Opcje si\u0142y nikotyny obejmuj\u0105 <strong data-start=\"1712\" data-end=\"1743\">0%, 2%, 3% i 5% nikotyny<\/strong><\/p>\n<p><strong><span style=\"color: #ff0000;\">Dodaj Amy na WhatsApp, aby uzyska\u0107 szybk\u0105 odpowied\u017a i cen\u0119 ze zni\u017ck\u0105!<\/span><\/strong><\/p>\n<p><img fetchpriority=\"high\" decoding=\"async\" class=\"size-full wp-image-2932\" src=\"https:\/\/vapestornado.com\/wp-content\/uploads\/2024\/12\/Vape-Wholesale.jpg\" alt=\"Hurtowa sprzeda\u017c e-papieros\u00f3w\" width=\"229\" height=\"300\" \/><\/p>\n<h3><a href=\"https:\/\/wa.me\/8617776015835\" target=\"_blank\" rel=\"noopener\"><span style=\"color: #ff0000;\"><strong>WhatsApp: +86 17776015835<\/strong><\/span><\/a><\/h3>\n<p>&nbsp;<\/p>\n<h2><strong>Bang Leader 50000 Puff Crystal Vape Kluczowe cechy produktu<\/strong><\/h2>\n<table>\n<thead>\n<tr>\n<th>Funkcja<\/th>\n<th align=\"right\">Specyfikacja<\/th>\n<th><\/th>\n<\/tr>\n<\/thead>\n<tbody>\n<tr>\n<td>Nazwa produktu<\/td>\n<td align=\"right\">Bang Leader 20000 Puff Crystal Jednorazowy Vape<\/td>\n<td>\u0141atwy do rozpoznania dla powracaj\u0105cych klient\u00f3w.<\/td>\n<\/tr>\n<tr>\n<td>Pojemno\u015b\u0107 zaci\u0105gni\u0119\u0107<\/td>\n<td align=\"right\">Do 20 000 puf\u00f3w<\/td>\n<td>D\u0142ugotrwa\u0142e u\u017cytkowanie; mniej wymian ni\u017c standardowe jednoraz\u00f3wki.<\/td>\n<\/tr>\n<tr>\n<td>Obj\u0119to\u015b\u0107 E-Liquidu<\/td>\n<td align=\"right\">28 ml wst\u0119pnie nape\u0142nione<\/td>\n<td>Du\u017cy zbiornik obs\u0142uguje pe\u0142n\u0105 liczb\u0119 puf\u00f3w bez konieczno\u015bci uzupe\u0142niania.<\/td>\n<\/tr>\n<tr>\n<td>Bateria<\/td>\n<td align=\"right\">650mAh \u0142adowalny<\/td>\n<td>Do\u0142aduj, aby korzysta\u0107 ze wszystkich liquid\u00f3w zamiast traci\u0107 chmurki.<\/td>\n<\/tr>\n<tr>\n<td>\u0141adowanie<\/td>\n<td align=\"right\">USB Typ-C<\/td>\n<td>Standardowy kabel; szybszy i \u0142atwiejszy do znalezienia.<\/td>\n<\/tr>\n<tr>\n<td>Typ Grza\u0142ki<\/td>\n<td align=\"right\">Podw\u00f3jna grza\u0142ka siatkowa<\/td>\n<td>R\u00f3wnomierne podgrzewanie = bardziej g\u0142adka para i bardziej stabilny smak.<\/td>\n<\/tr>\n<tr>\n<td>Opcje Nikotyny<\/td>\n<td align=\"right\">0% \/ 2% \/ 3% \/ 5%<\/td>\n<td>Pozwala u\u017cytkownikom wybra\u0107 poziom nikotyny odpowiadaj\u0105cy ich potrzebom.<\/td>\n<\/tr>\n<tr>\n<td>Design<\/td>\n<td align=\"right\">Kryszta\u0142owe cia\u0142o + smycz<\/td>\n<td>Przyjazny do kieszeni i \u0142atwy do noszenia bez u\u017cycia r\u0105k.<\/td>\n<\/tr>\n<tr>\n<td>Aktywacja<\/td>\n<td align=\"right\">Aktywowany wdechem<\/td>\n<td>Brak przycisk\u00f3w; wdychaj, aby vape'owa\u0107.<\/td>\n<\/tr>\n<\/tbody>\n<\/table>\n<h2 class=\"product-title\"><strong>Lista smak\u00f3w Bang Leader 20k Puffs Box Vape<\/strong><\/h2>\n<article class=\"group\/turn w-full text-token-text-primary focus-visible:outline-2 focus-visible:outline-offset-[-4px]\" dir=\"auto\" data-testid=\"conversation-turn-61\" data-scroll-anchor=\"true\">\n<div class=\"text-base my-auto mx-auto py-[18px] px-6\">\n<div class=\"mx-auto flex flex-1 text-base gap-4 md:gap-5 lg:gap-6 md:max-w-3xl lg:max-w-[40rem] xl:max-w-[48rem]\">\n<div class=\"group\/conversation-turn relative flex w-full min-w-0 flex-col agent-turn @xs\/thread:px-0 @sm\/thread:px-1.5 @md\/thread:px-4\">\n<div class=\"flex-col gap-1 md:gap-3\">\n<div class=\"flex max-w-full flex-col flex-grow\">\n<div class=\"min-h-8 text-message relative flex w-full flex-col items-end gap-2 whitespace-normal break-words text-start [.text-message+&amp;]:mt-5\" dir=\"auto\" data-message-author-role=\"assistant\" data-message-id=\"762d7e41-70d5-4ddf-94cb-85ef5025d3a8\" data-message-model-slug=\"gpt-4o\">\n<div class=\"flex w-full flex-col gap-1 empty:hidden first:pt-[3px]\">\n<div class=\"markdown prose w-full break-words dark:prose-invert light\">\n<p>&nbsp;<\/p>\n<p>1. Arbuzowy L\u00f3d <strong><span style=\"color: #ff0000;\">&gt;&gt;&gt;&gt; Gor\u0105cy!<\/span><\/strong><\/p>\n<p>2.Truskawka Kiwi<\/p>\n<p>3.Truskawka L\u00f3d <strong><span style=\"color: #ff0000;\">&gt;&gt;&gt;&gt; Gor\u0105cy!<\/span><\/strong><\/p>\n<p>4.Mango Brzoskwinia<\/p>\n<p>5.Bor\u00f3wka Ameryka\u0144ska Malina <strong><span style=\"color: #ff0000;\">&gt;&gt;&gt;&gt; Najlepsze!<\/span><\/strong><\/p>\n<p>6.Bor\u00f3wka Ameryka\u0144ska Mi\u0119ta<\/p>\n<p>7.Mieszanka Owoc\u00f3w <strong><span style=\"color: #ff0000;\">&gt;&gt;&gt;&gt; Gor\u0105cy!<\/span><\/strong><\/p>\n<p>8. Truskawka Arbuz<\/p>\n<p>9.Winogrono L\u00f3d<\/p>\n<p>10.Arbuz Guma Balonowa<\/p>\n<p>11.Bor\u00f3wkowy L\u00f3d <strong><span style=\"color: #ff0000;\">&gt;&gt;&gt;&gt; Gor\u0105cy!<\/span><\/strong><\/p>\n<p>12.Brzoskwiniowy L\u00f3d<\/p>\n<\/div>\n<\/div>\n<\/div>\n<\/div>\n<\/div>\n<\/div>\n<\/div>\n<\/div>\n<\/article>\n<article class=\"w-full text-token-text-primary focus-visible:outline-2 focus-visible:outline-offset-[-4px]\" dir=\"auto\" data-testid=\"conversation-turn-32\" data-scroll-anchor=\"false\">\n<div class=\"m-auto text-base py-[18px] px-6\">\n<div class=\"mx-auto flex flex-1 text-base gap-4 md:gap-5 lg:gap-6 md:max-w-3xl lg:max-w-[40rem] xl:max-w-[48rem]\">\n<div class=\"group\/conversation-turn relative flex w-full min-w-0 flex-col @xs\/thread:px-0 @sm\/thread:px-1.5 @md\/thread:px-4\">\n<div class=\"flex-col gap-1 md:gap-3\">\n<div class=\"flex max-w-full flex-col flex-grow\">\n<div class=\"min-h-8 text-message flex w-full flex-col items-end gap-2 whitespace-normal break-words text-start [.text-message+&amp;]:mt-5\" dir=\"auto\" data-message-author-role=\"user\" data-message-id=\"ffac41ca-1db4-431b-873a-32c4052956f1\">\n<div class=\"flex w-full flex-col gap-1 empty:hidden items-end rtl:items-start\">\n<div class=\"relative max-w-[var(--user-chat-width,70%)] rounded-3xl bg-token-message-surface px-5 py-2.5\">\n<div class=\"absolute bottom-0 right-full top-0 -mr-3.5 hidden pr-5 pt-2 [.group\/conversation-turn:hover_&amp;]:flex\">\n<div class=\"flex\">\n<article class=\"w-full text-token-text-primary focus-visible:outline-2 focus-visible:outline-offset-[-4px]\" dir=\"auto\" data-testid=\"conversation-turn-39\" data-scroll-anchor=\"true\">\n<div class=\"m-auto text-base py-[18px] px-6\">\n<div class=\"mx-auto flex flex-1 text-base gap-4 md:gap-5 lg:gap-6 md:max-w-3xl lg:max-w-[40rem] xl:max-w-[48rem]\">\n<div class=\"group\/conversation-turn relative flex w-full min-w-0 flex-col agent-turn @xs\/thread:px-0 @sm\/thread:px-1.5 @md\/thread:px-4\">\n<div class=\"flex-col gap-1 md:gap-3\">\n<div class=\"flex max-w-full flex-col flex-grow\">\n<div class=\"min-h-8 text-message flex w-full flex-col items-end gap-2 whitespace-normal break-words text-start [.text-message+&amp;]:mt-5\" dir=\"auto\" data-message-author-role=\"assistant\" data-message-id=\"55a23854-ec57-48dd-bd4f-6118f43d6241\" data-message-model-slug=\"gpt-4o\">\n<div class=\"flex w-full flex-col gap-1 empty:hidden first:pt-[3px]\">\n<div class=\"markdown prose w-full break-words dark:prose-invert light\"><\/div>\n<\/div>\n<\/div>\n<\/div>\n<\/div>\n<\/div>\n<\/div>\n<\/div>\n<\/article>\n<\/div>\n<\/div>\n<\/div>\n<\/div>\n<\/div>\n<\/div>\n<\/div>\n<\/div>\n<\/div>\n<\/div>\n<\/article>\n<h3>Dlaczego warto wybra\u0107 Vapestornado do zam\u00f3wienia hurtowego Bang 20k Crystal Puffs Recharge Vape?<\/h3>\n<div class=\"flex-shrink-0 flex flex-col relative items-end\">\n<div class=\"pt-0\">\n<div class=\"gizmo-bot-avatar flex h-8 w-8 items-center justify-center overflow-hidden rounded-full\">\n<div class=\"relative p-1 rounded-sm flex items-center justify-center bg-token-main-surface-primary text-token-text-primary h-8 w-8\">\n<p data-start=\"75\" data-end=\"479\">Je\u015bli chodzi o <strong data-start=\"92\" data-end=\"117\">hurtowych ilo\u015bci jednorazowych e-papieros\u00f3w<\/strong>, <strong data-start=\"119\" data-end=\"152\">Vapestornado sklep z e-papierosami online<\/strong> jest idealnym miejscem dla<strong data-start=\"182\" data-end=\"202\">\u00a0kupuj\u0105cy<\/strong> szukaj\u0105cych <strong data-start=\"215\" data-end=\"257\">przyst\u0119pne ceny i najwy\u017csza jako\u015b\u0107<\/strong>. Oferujemy <strong data-start=\"268\" data-end=\"299\">ekskluzywne ceny hurtowe<\/strong> na e-papierosy Bang Leader 32k 32000 Puffs, umo\u017cliwiaj\u0105c sprzedawcom detalicznym i dystrybutorom zaopatrzenie si\u0119 w jeden z najbardziej po\u017c\u0105danych produkt\u00f3w <a href=\"https:\/\/vapestornado.com\/pl\/product-category\/rechargeable-disposable-vapes\/\"><strong data-start=\"412\" data-end=\"445\">\u0142adowalne jednorazowe E-papierosy<\/strong><\/a>\u00a0z <strong data-start=\"453\" data-end=\"476\">cyfrowy wy\u015bwietlacz LCD<\/strong>.<\/p>\n<\/div>\n<div class=\"relative p-1 rounded-sm flex items-center justify-center bg-token-main-surface-primary text-token-text-primary h-8 w-8\">\n<h3>FAQ dla jednorazowego waporyzatora Bang Leader 20k Puffs<\/h3>\n<p data-start=\"2819\" data-end=\"3064\"><strong data-start=\"2819\" data-end=\"2897\">1. Czy jednoraz\u00f3wki potrzebuj\u0105 specjalnej \u0142adowarki do Bang Leader 20000 Puff?<\/strong><br data-start=\"2897\" data-end=\"2900\" \/>Nie. The <strong data-start=\"2908\" data-end=\"2958\">Bang Leader 20000 Puff Crystal Jednorazowy Vape<\/strong> u\u017cywa standardowego <strong data-start=\"2973\" data-end=\"2996\">\u0141adowanie przez USB typu C<\/strong>, wi\u0119c dowolny zwyk\u0142y kabel typu C i bezpieczny zasilacz USB b\u0119d\u0105 dzia\u0142a\u0107.<\/p>\n<p data-start=\"3066\" data-end=\"3364\"><strong data-start=\"3066\" data-end=\"3149\">2. Czy jednoraz\u00f3wki powoduj\u0105 uzale\u017cnienie szybciej, w tym Bang Leader 20000 Puff?<\/strong><br data-start=\"3149\" data-end=\"3152\" \/>Ryzyko uzale\u017cnienia zale\u017cy od <strong data-start=\"3178\" data-end=\"3224\">si\u0142a nikotyny i jak cz\u0119sto j\u0105 u\u017cywasz<\/strong>, a nie tylko od liczby zaci\u0105gni\u0119\u0107. Opcje <strong data-start=\"3252\" data-end=\"3278\">Bang Leader 20000 Puff<\/strong> wyst\u0119puje w <strong data-start=\"3288\" data-end=\"3310\">0%, 2%, 3% i 5%<\/strong> aby u\u017cytkownicy mogli wybra\u0107 poziom odpowiadaj\u0105cy ich celom.<\/p>\n<p data-start=\"3366\" data-end=\"3666\"><strong data-start=\"3366\" data-end=\"3451\">3. Kt\u00f3ra jednoraz\u00f3wka wytrzymuje d\u0142u\u017cej: Bang Leader 20000 Puff czy e-papieros o 10 000 chmurkach?<\/strong><br data-start=\"3451\" data-end=\"3454\" \/>W codziennym u\u017cytkowaniu <strong data-start=\"3475\" data-end=\"3501\">Bang Leader 20000 Puff<\/strong> zazwyczaj wytrzymuje d\u0142u\u017cej, poniewa\u017c \u0142\u0105czy <strong data-start=\"3545\" data-end=\"3602\">20 000 chmur + 28 ml liquidu + akumulator do \u0142adowania<\/strong>, podczas gdy wi\u0119kszo\u015b\u0107 urz\u0105dze\u0144 10k ma mniejsze zbiorniki i kr\u00f3tszy czas pracy.<\/p>\n<p data-start=\"3668\" data-end=\"3920\"><strong data-start=\"3668\" data-end=\"3737\">4. Czy Bang Leader 20000 Puff jest dobry dla smaku podczas d\u0142ugiego u\u017cytkowania?<\/strong><br data-start=\"3737\" data-end=\"3740\" \/>Tak. The <strong data-start=\"3749\" data-end=\"3767\">podw\u00f3jna grza\u0142ka siatkowa<\/strong> konfiguracja zosta\u0142a zaprojektowana tak, aby para by\u0142a g\u0142adka, a smak stabilny na du\u017cym zbiorniku, co pomaga unikn\u0105\u0107 st\u0142umionego smaku, kt\u00f3ry rozwija si\u0119 w niekt\u00f3rych du\u017cych jednoraz\u00f3wkach p\u00f3\u017aniej.<\/p>\n<p data-start=\"3922\" data-end=\"4213\"><strong data-start=\"3922\" data-end=\"3995\">5. Czy mog\u0119 zabra\u0107 jednorazowego vapinga Bang Leader 20000 Puff na samolot?<\/strong><br data-start=\"3995\" data-end=\"3998\" \/>Wi\u0119kszo\u015b\u0107 linii lotniczych zezwala na jednorazowe e-papierosy <strong data-start=\"4030\" data-end=\"4058\">tylko w baga\u017cu podr\u0119cznym<\/strong>, nie do baga\u017cu rejestrowanego, ze wzgl\u0119du na zasady dotycz\u0105ce baterii. Trzymaj sw\u00f3j <strong data-start=\"4114\" data-end=\"4164\">Bang Leader 20000 Puff Crystal Jednorazowy Vape<\/strong> zamkni\u0119ty i sprawd\u017a polityk\u0119 linii lotniczych przed lotem.<\/p>\n<\/div>\n<\/div>\n<\/div>\n<\/div>","protected":false},"excerpt":{"rendered":"<p>Najlepszy jednorazowy e-papieros kryszta\u0142owy Bang Leader 20000 Puffs<br \/>\nHurtowy jednorazowy e-papieros kryszta\u0142owy Bang Leader 20000 Puffs<br \/>\nJednorazowy e-papieros Bang Vape 20000 20K Puffs z mo\u017cliwo\u015bci\u0105 \u0142adowania<\/p>\n<p><strong>Dodaj Amy na WhatsApp, aby uzyska\u0107 w\u0142a\u015bciw\u0105 odpowied\u017a i cen\u0119 z rabatem!<\/strong><\/p>\n<p><img fetchpriority=\"high\" decoding=\"async\" class=\"size-full wp-image-2932\" src=\"https:\/\/vapestornado.com\/wp-content\/uploads\/2024\/12\/Vape-Wholesale.jpg\" alt=\"Hurtowa sprzeda\u017c e-papieros\u00f3w\" width=\"229\" height=\"300\" \/><\/p>\n<h3><a href=\"https:\/\/wa.me\/8617776015835\"><span style=\"color: #ff0000;\"><strong>WhatsApp: +86 17776015835<\/strong><\/span><\/a><\/h3>\n<p>&nbsp;<\/p>","protected":false},"featured_media":3876,"comment_status":"open","ping_status":"closed","template":"","meta":{"_acf_changed":false,"_uag_custom_page_level_css":"","_lmt_disableupdate":"no","_lmt_disable":"","_monsterinsights_skip_tracking":false,"_monsterinsights_sitenote_active":false,"_monsterinsights_sitenote_note":"","_monsterinsights_sitenote_category":0,"site-sidebar-layout":"default","site-content-layout":"","ast-site-content-layout":"default","site-content-style":"default","site-sidebar-style":"default","ast-global-header-display":"","ast-banner-title-visibility":"","ast-main-header-display":"","ast-hfb-above-header-display":"","ast-hfb-below-header-display":"","ast-hfb-mobile-header-display":"","site-post-title":"","ast-breadcrumbs-content":"","ast-featured-img":"","footer-sml-layout":"","ast-disable-related-posts":"","theme-transparent-header-meta":"default","adv-header-id-meta":"","stick-header-meta":"","header-above-stick-meta":"","header-main-stick-meta":"","header-below-stick-meta":"","astra-migrate-meta-layouts":"set","ast-page-background-enabled":"default","ast-page-background-meta":{"desktop":{"background-color":"","background-image":"","background-repeat":"repeat","background-position":"center center","background-size":"auto","background-attachment":"scroll","background-type":"","background-media":"","overlay-type":"","overlay-color":"","overlay-opacity":"","overlay-gradient":""},"tablet":{"background-color":"","background-image":"","background-repeat":"repeat","background-position":"center center","background-size":"auto","background-attachment":"scroll","background-type":"","background-media":"","overlay-type":"","overlay-color":"","overlay-opacity":"","overlay-gradient":""},"mobile":{"background-color":"","background-image":"","background-repeat":"repeat","background-position":"center center","background-size":"auto","background-attachment":"scroll","background-type":"","background-media":"","overlay-type":"","overlay-color":"","overlay-opacity":"","overlay-gradient":""}},"ast-content-background-meta":{"desktop":{"background-color":"var(--ast-global-color-5)","background-image":"","background-repeat":"repeat","background-position":"center center","background-size":"auto","background-attachment":"scroll","background-type":"","background-media":"","overlay-type":"","overlay-color":"","overlay-opacity":"","overlay-gradient":""},"tablet":{"background-color":"var(--ast-global-color-5)","background-image":"","background-repeat":"repeat","background-position":"center center","background-size":"auto","background-attachment":"scroll","background-type":"","background-media":"","overlay-type":"","overlay-color":"","overlay-opacity":"","overlay-gradient":""},"mobile":{"background-color":"var(--ast-global-color-5)","background-image":"","background-repeat":"repeat","background-position":"center center","background-size":"auto","background-attachment":"scroll","background-type":"","background-media":"","overlay-type":"","overlay-color":"","overlay-opacity":"","overlay-gradient":""}},"_joinchat":{"telephone":"17776015835"}},"product_brand":[],"product_cat":[19,69,278,150,160,141,144],"product_tag":[472,263,196,120,94,240,93],"class_list":{"0":"post-3890","1":"product","2":"type-product","3":"status-publish","4":"has-post-thumbnail","6":"product_cat-vapes","7":"product_cat-20000-puff","8":"product_cat-bang-leader-vape","9":"product_cat-buy-disposable-vapes-in-belgium","10":"product_cat-buy-disposable-vapes-in-switzerland","11":"product_cat-crystal-disposable-vapes","12":"product_cat-low-nicotine-disposable-vapes","13":"product_tag-bang-leader-20000","14":"product_tag-bang-leader-20k","15":"product_tag-bang-vape","16":"product_tag-crystal-vape","17":"product_tag-rechargeable-disposable-vape","18":"product_tag-twins-flavor-disposable-vape","19":"product_tag-vape-wholesale","20":"desktop-align-left","21":"tablet-align-left","22":"mobile-align-left","24":"first","25":"instock","26":"sale","27":"shipping-taxable","28":"purchasable","29":"product-type-simple"},"acf":[],"uagb_featured_image_src":{"full":["https:\/\/vapestornado.com\/wp-content\/uploads\/2025\/03\/Bang-20000-Puffs-Smart-Screen-Disposable-Crysatal-Vape.webp",800,800,false],"thumbnail":["https:\/\/vapestornado.com\/wp-content\/uploads\/2025\/03\/Bang-20000-Puffs-Smart-Screen-Disposable-Crysatal-Vape-150x150.webp",150,150,true],"medium":["https:\/\/vapestornado.com\/wp-content\/uploads\/2025\/03\/Bang-20000-Puffs-Smart-Screen-Disposable-Crysatal-Vape-300x300.webp",300,300,true],"medium_large":["https:\/\/vapestornado.com\/wp-content\/uploads\/2025\/03\/Bang-20000-Puffs-Smart-Screen-Disposable-Crysatal-Vape-768x768.webp",768,768,true],"large":["https:\/\/vapestornado.com\/wp-content\/uploads\/2025\/03\/Bang-20000-Puffs-Smart-Screen-Disposable-Crysatal-Vape.webp",800,800,false],"1536x1536":["https:\/\/vapestornado.com\/wp-content\/uploads\/2025\/03\/Bang-20000-Puffs-Smart-Screen-Disposable-Crysatal-Vape.webp",800,800,false],"2048x2048":["https:\/\/vapestornado.com\/wp-content\/uploads\/2025\/03\/Bang-20000-Puffs-Smart-Screen-Disposable-Crysatal-Vape.webp",800,800,false],"trp-custom-language-flag":["https:\/\/vapestornado.com\/wp-content\/uploads\/2025\/03\/Bang-20000-Puffs-Smart-Screen-Disposable-Crysatal-Vape.webp",12,12,false],"woocommerce_thumbnail":["https:\/\/vapestornado.com\/wp-content\/uploads\/2025\/03\/Bang-20000-Puffs-Smart-Screen-Disposable-Crysatal-Vape-300x300.webp",300,300,true],"woocommerce_single":["https:\/\/vapestornado.com\/wp-content\/uploads\/2025\/03\/Bang-20000-Puffs-Smart-Screen-Disposable-Crysatal-Vape-600x600.webp",600,600,true],"woocommerce_gallery_thumbnail":["https:\/\/vapestornado.com\/wp-content\/uploads\/2025\/03\/Bang-20000-Puffs-Smart-Screen-Disposable-Crysatal-Vape-100x100.webp",100,100,true]},"uagb_author_info":{"display_name":"ESAMY","author_link":"https:\/\/vapestornado.com\/pl\/author\/"},"uagb_comment_info":0,"uagb_excerpt":"Best Bang Leader 20000 Puffs Disposable Crystal Vape Bang Leader 20000 Puff Crystal Wholesale Disposable Vape Bang Vape 20000 20K Puffs Rechargeable Disposable Add Amy's whatsapp to get right reply and discount price! WhatsApp: +86 17776015835 &nbsp;","_links":{"self":[{"href":"https:\/\/vapestornado.com\/pl\/wp-json\/wp\/v2\/product\/3890","targetHints":{"allow":["GET"]}}],"collection":[{"href":"https:\/\/vapestornado.com\/pl\/wp-json\/wp\/v2\/product"}],"about":[{"href":"https:\/\/vapestornado.com\/pl\/wp-json\/wp\/v2\/types\/product"}],"replies":[{"embeddable":true,"href":"https:\/\/vapestornado.com\/pl\/wp-json\/wp\/v2\/comments?post=3890"}],"wp:featuredmedia":[{"embeddable":true,"href":"https:\/\/vapestornado.com\/pl\/wp-json\/wp\/v2\/media\/3876"}],"wp:attachment":[{"href":"https:\/\/vapestornado.com\/pl\/wp-json\/wp\/v2\/media?parent=3890"}],"wp:term":[{"taxonomy":"product_brand","embeddable":true,"href":"https:\/\/vapestornado.com\/pl\/wp-json\/wp\/v2\/product_brand?post=3890"},{"taxonomy":"product_cat","embeddable":true,"href":"https:\/\/vapestornado.com\/pl\/wp-json\/wp\/v2\/product_cat?post=3890"},{"taxonomy":"product_tag","embeddable":true,"href":"https:\/\/vapestornado.com\/pl\/wp-json\/wp\/v2\/product_tag?post=3890"}],"curies":[{"name":"wp","href":"https:\/\/api.w.org\/{rel}","templated":true}]}}