{"id":3888,"date":"2025-03-18T02:01:58","date_gmt":"2025-03-18T02:01:58","guid":{"rendered":"https:\/\/vapestornado.com\/?post_type=product&#038;p=3888"},"modified":"2025-12-04T09:17:42","modified_gmt":"2025-12-04T09:17:42","slug":"bang-leader-32k-32000-puffs-dual-pods-double-flavors-disposable-vape","status":"publish","type":"product","link":"https:\/\/vapestornado.com\/pl\/product\/bang-leader-32k-32000-puffs-dual-pods-double-flavors-disposable-vape\/","title":{"rendered":"Bang Leader 32k 32000 zaci\u0105gni\u0119\u0107 Podw\u00f3jne pody Podw\u00f3jne smaki Jednorazowy waporyzator"},"content":{"rendered":"<h1 data-pm-slice=\"1 1 []\">Bang Leader 32k 32000 zaci\u0105gni\u0119\u0107 Podw\u00f3jne pody Podw\u00f3jne smaki Jednorazowy waporyzator<\/h1>\n<p data-start=\"286\" data-end=\"655\">Cyfrowy ekran <strong data-start=\"290\" data-end=\"335\">Bang Leader 32K Dual Pods Jednorazowy E-papieros<\/strong> zosta\u0142 stworzony dla u\u017cytkownik\u00f3w, kt\u00f3rzy chc\u0105 du\u017cej pojemno\u015bci i r\u00f3\u017cnorodno\u015bci smak\u00f3w w jednym urz\u0105dzeniu. \u0141\u0105czy on <strong data-start=\"426\" data-end=\"448\">struktur\u0119 dual-pod<\/strong> z <b>2 w 1 podw\u00f3jny smak<\/b>\u00a0daj\u0105c \u0142\u0105cznie <strong data-start=\"510\" data-end=\"518\">56ml<\/strong> oraz obs\u0142uguj\u0105c do <strong data-start=\"540\" data-end=\"556\">32 000 zaci\u0105gni\u0119\u0107<\/strong>. Ten design zmniejsza konieczno\u015b\u0107 wymiany urz\u0105dzenia i zapewnia d\u0142u\u017csze codzienne u\u017cytkowanie bez cz\u0119stych wymian.<\/p>\n<p data-start=\"657\" data-end=\"960\">Kluczow\u0105 cech\u0105 jest <strong data-start=\"678\" data-end=\"711\">system podw\u00f3jnych smak\u00f3w 2-w-1<\/strong>. Ka\u017cdy jednorazowy podtrzymuje w\u0142asny smak, umo\u017cliwiaj\u0105c szybkie prze\u0142\u0105czanie mi\u0119dzy dwoma profilami w tym samym urz\u0105dzeniu. Z <strong data-start=\"813\" data-end=\"845\">12 dost\u0119pnych par smak\u00f3w<\/strong>, u\u017cytkownicy mog\u0105 zmienia\u0107 smaki w ci\u0105gu dnia bez konieczno\u015bci noszenia dodatkowych jednorazowych urz\u0105dze\u0144 lub mieszania p\u0142yn\u00f3w w jednym zbiorniku.<\/p>\n<p data-start=\"962\" data-end=\"1282\">Dla sp\u00f3jno\u015bci parowania, urz\u0105dzenie korzysta z <strong data-start=\"1003\" data-end=\"1021\">1.0\u03a9 siatkowa grza\u0142ka<\/strong>. Meshowa grza\u0142ka r\u00f3wnomiernie rozprowadza temperatur\u0119 na powierzchni cewki, co pomaga utrzyma\u0107 stabilne wydobycie pary i klarowno\u015b\u0107 smaku podczas d\u0142ugich sesji. Ta konfiguracja cewki ma na celu unikni\u0119cie typowego spadku smaku, kt\u00f3ry mo\u017ce wyst\u0105pi\u0107 w przypadku du\u017cych pojemno\u015bci jednorazowych urz\u0105dze\u0144.<\/p>\n<p data-start=\"1284\" data-end=\"1620\">Zasilanie zapewnia <strong data-start=\"1307\" data-end=\"1338\">akumulator o pojemno\u015bci 650 mAh<\/strong> z <strong data-start=\"1344\" data-end=\"1372\">szybkie \u0142adowanie USB typu C<\/strong>. \u0141adowanie pozwala u\u017cytkownikom na doko\u0144czenie pe\u0142nej pojemno\u015bci p\u0142ynu, zamiast wczesnego wyrzucania urz\u0105dzenia z powodu niskiego poziomu baterii. \u0141adowanie typu C zapewnia r\u00f3wnie\u017c prostot\u0119 kompatybilno\u015bci, poniewa\u017c mo\u017cna u\u017cywa\u0107 tych samych kabli, co do wielu nowoczesnych telefon\u00f3w i akcesori\u00f3w.<\/p>\n<p data-start=\"1622\" data-end=\"1861\">Pomimo du\u017cej pojemno\u015bci i podw\u00f3jnych zbiornik\u00f3w, Bang Leader 32K pozostaje jednym, przeno\u015bnym urz\u0105dzeniem. Format dual-pod jest bardziej praktyczny ni\u017c noszenie dw\u00f3ch oddzielnych jednoraz\u00f3wek, szczeg\u00f3lnie podczas dojazd\u00f3w, podr\u00f3\u017cy i d\u0142ugich dni bez \u0142adowarki.<\/p>\n<p><strong><span style=\"color: #ff0000;\">Dodaj Amy na WhatsApp, aby uzyska\u0107 szybk\u0105 odpowied\u017a i cen\u0119 ze zni\u017ck\u0105!<\/span><\/strong><\/p>\n<p><img fetchpriority=\"high\" decoding=\"async\" class=\"size-full wp-image-2932\" src=\"https:\/\/vapestornado.com\/wp-content\/uploads\/2024\/12\/Vape-Wholesale.jpg\" alt=\"Hurtowa sprzeda\u017c e-papieros\u00f3w\" width=\"229\" height=\"300\" \/><\/p>\n<h3><a href=\"https:\/\/wa.me\/8617776015835\" target=\"_blank\" rel=\"noopener\"><span style=\"color: #ff0000;\"><strong>WhatsApp: +86 17776015835<\/strong><\/span><\/a><\/h3>\n<p>&nbsp;<\/p>\n<h2><strong>Bang Leader 32000 Puffs G\u0142\u00f3wne cechy produktu<\/strong><\/h2>\n<table>\n<thead>\n<tr>\n<th>Funkcja<\/th>\n<th align=\"right\">Specyfikacja<\/th>\n<th><\/th>\n<\/tr>\n<\/thead>\n<tbody>\n<tr>\n<td>Nazwa produktu<\/td>\n<td align=\"right\">Bang Leader 32K Dual Pods Jednorazowy E-papieros<\/td>\n<td>Czytelne nazewnictwo dla powtarzalnych zam\u00f3wie\u0144 i wyszukiwania.<\/td>\n<\/tr>\n<tr>\n<td>Pojemno\u015b\u0107 zaci\u0105gni\u0119\u0107<\/td>\n<td align=\"right\">Do 32 000 puf\u00f3w<\/td>\n<td>Wysokowydajny jednorazowy; mniej wymian.<\/td>\n<\/tr>\n<tr>\n<td>System Pod\u00f3w<\/td>\n<td align=\"right\">Podw\u00f3jne wk\u0142ady (2 zbiorniki)<\/td>\n<td>Dwa smaki w jednym urz\u0105dzeniu; prze\u0142\u0105czaj w dowolnym momencie.<\/td>\n<\/tr>\n<tr>\n<td>Obj\u0119to\u015b\u0107 E-Liquidu<\/td>\n<td align=\"right\">Razem 56ml (28ml + 28ml)<\/td>\n<td>Du\u017ca ilo\u015b\u0107 p\u0142ynu, aby obs\u0142u\u017cy\u0107 32 tysi\u0105ce zaci\u0105gni\u0119\u0107.<\/td>\n<\/tr>\n<tr>\n<td>Kompozycje smakowe<\/td>\n<td align=\"right\">12 kombinacji<\/td>\n<td>R\u00f3\u017cnorodno\u015b\u0107 bez konieczno\u015bci zmiany urz\u0105dze\u0144.<\/td>\n<\/tr>\n<tr>\n<td>Typ Grza\u0142ki<\/td>\n<td align=\"right\">1.0\u03a9 siatkowa grza\u0142ka<\/td>\n<td>R\u00f3wnomierne podgrzewanie dla g\u0142adszych zaci\u0105gni\u0119\u0107 i stabilnego smaku.<\/td>\n<\/tr>\n<tr>\n<td>Bateria<\/td>\n<td align=\"right\">650mAh \u0142adowalny<\/td>\n<td>Na\u0142aduj ponownie, aby w pe\u0142ni wykorzysta\u0107 oba zbiorniki.<\/td>\n<\/tr>\n<tr>\n<td>\u0141adowanie<\/td>\n<td align=\"right\">USB Typ-C<\/td>\n<td>Standard szybkiego \u0142adowania.<\/td>\n<\/tr>\n<tr>\n<td>Styl u\u017cytkowania<\/td>\n<td align=\"right\">Aktywowany wdechem<\/td>\n<td>Brak przycisk\u00f3w; wdychaj, aby vape'owa\u0107.<\/td>\n<\/tr>\n<\/tbody>\n<\/table>\n<figure id=\"attachment_3883\" aria-describedby=\"caption-attachment-3883\" style=\"width: 800px\" class=\"wp-caption alignnone\"><img decoding=\"async\" class=\"wp-image-3883 size-full\" src=\"https:\/\/vapestornado.com\/wp-content\/uploads\/2025\/03\/Bang-leader-32k-Puff-Best-Flavor.webp\" alt=\"Bang leader 32k Puffs najlepszy smak\" width=\"800\" height=\"800\" srcset=\"https:\/\/vapestornado.com\/wp-content\/uploads\/2025\/03\/Bang-leader-32k-Puff-Best-Flavor.webp 800w, https:\/\/vapestornado.com\/wp-content\/uploads\/2025\/03\/Bang-leader-32k-Puff-Best-Flavor-300x300.webp 300w, https:\/\/vapestornado.com\/wp-content\/uploads\/2025\/03\/Bang-leader-32k-Puff-Best-Flavor-150x150.webp 150w, https:\/\/vapestornado.com\/wp-content\/uploads\/2025\/03\/Bang-leader-32k-Puff-Best-Flavor-768x768.webp 768w, https:\/\/vapestornado.com\/wp-content\/uploads\/2025\/03\/Bang-leader-32k-Puff-Best-Flavor-600x600.webp 600w, https:\/\/vapestornado.com\/wp-content\/uploads\/2025\/03\/Bang-leader-32k-Puff-Best-Flavor-100x100.webp 100w\" sizes=\"(max-width: 800px) 100vw, 800px\" \/><figcaption id=\"caption-attachment-3883\" class=\"wp-caption-text\">Bang leader 32k Puffs najlepszy smak<\/figcaption><\/figure>\n<h2 class=\"product-title\"><strong>Bang Leader 32000 Puffs Box Lista smak\u00f3w Vape<\/strong><\/h2>\n<article class=\"group\/turn w-full text-token-text-primary focus-visible:outline-2 focus-visible:outline-offset-[-4px]\" dir=\"auto\" data-testid=\"conversation-turn-61\" data-scroll-anchor=\"true\">\n<div class=\"text-base my-auto mx-auto py-[18px] px-6\">\n<div class=\"mx-auto flex flex-1 text-base gap-4 md:gap-5 lg:gap-6 md:max-w-3xl lg:max-w-[40rem] xl:max-w-[48rem]\">\n<div class=\"group\/conversation-turn relative flex w-full min-w-0 flex-col agent-turn @xs\/thread:px-0 @sm\/thread:px-1.5 @md\/thread:px-4\">\n<div class=\"flex-col gap-1 md:gap-3\">\n<div class=\"flex max-w-full flex-col flex-grow\">\n<div class=\"min-h-8 text-message relative flex w-full flex-col items-end gap-2 whitespace-normal break-words text-start [.text-message+&amp;]:mt-5\" dir=\"auto\" data-message-author-role=\"assistant\" data-message-id=\"762d7e41-70d5-4ddf-94cb-85ef5025d3a8\" data-message-model-slug=\"gpt-4o\">\n<div class=\"flex w-full flex-col gap-1 empty:hidden first:pt-[3px]\">\n<div class=\"markdown prose w-full break-words dark:prose-invert light\">\n<p>1. Arbuzowy L\u00f3d <strong><span style=\"color: #ff0000;\">&gt;&gt;&gt;&gt; Gor\u0105cy!<\/span><\/strong><br \/>\n2. Arbuz z lodem<br \/>\n3. Arbuz Truskawkowy <strong><span style=\"color: #ff0000;\">&gt;&gt;&gt;&gt; Gor\u0105cy!<\/span><\/strong><br \/>\n4. Truskawka z arbuzem<br \/>\n5. Jagoda z malin\u0105<br \/>\n6. Jagoda z arbuzem <strong><span style=\"color: #ff0000;\">&gt;&gt;&gt;&gt; Gor\u0105cy!<\/span><\/strong><br \/>\n7. Mro\u017cona Jagoda<br \/>\n8. Jagoda z lodem<br \/>\n9. Red Bull <strong><span style=\"color: #ff0000;\">&gt;&gt;&gt;&gt; Gor\u0105cy!<\/span><\/strong><br \/>\n10. Red Bull<br \/>\n11. Truskawka z kiwi<br \/>\n12. Truskawka Kiwi <strong><span style=\"color: #ff0000;\">&gt;&gt;&gt;&gt; Najlepsze!<\/span><\/strong><\/p>\n<\/div>\n<\/div>\n<\/div>\n<\/div>\n<\/div>\n<\/div>\n<\/div>\n<\/div>\n<\/article>\n<article class=\"w-full text-token-text-primary focus-visible:outline-2 focus-visible:outline-offset-[-4px]\" dir=\"auto\" data-testid=\"conversation-turn-32\" data-scroll-anchor=\"false\">\n<div class=\"m-auto text-base py-[18px] px-6\">\n<div class=\"mx-auto flex flex-1 text-base gap-4 md:gap-5 lg:gap-6 md:max-w-3xl lg:max-w-[40rem] xl:max-w-[48rem]\">\n<div class=\"group\/conversation-turn relative flex w-full min-w-0 flex-col @xs\/thread:px-0 @sm\/thread:px-1.5 @md\/thread:px-4\">\n<div class=\"flex-col gap-1 md:gap-3\">\n<div class=\"flex max-w-full flex-col flex-grow\">\n<div class=\"min-h-8 text-message flex w-full flex-col items-end gap-2 whitespace-normal break-words text-start [.text-message+&amp;]:mt-5\" dir=\"auto\" data-message-author-role=\"user\" data-message-id=\"ffac41ca-1db4-431b-873a-32c4052956f1\">\n<div class=\"flex w-full flex-col gap-1 empty:hidden items-end rtl:items-start\">\n<div class=\"relative max-w-[var(--user-chat-width,70%)] rounded-3xl bg-token-message-surface px-5 py-2.5\">\n<div class=\"absolute bottom-0 right-full top-0 -mr-3.5 hidden pr-5 pt-2 [.group\/conversation-turn:hover_&amp;]:flex\">\n<div class=\"flex\">\n<article class=\"w-full text-token-text-primary focus-visible:outline-2 focus-visible:outline-offset-[-4px]\" dir=\"auto\" data-testid=\"conversation-turn-39\" data-scroll-anchor=\"true\">\n<div class=\"m-auto text-base py-[18px] px-6\">\n<div class=\"mx-auto flex flex-1 text-base gap-4 md:gap-5 lg:gap-6 md:max-w-3xl lg:max-w-[40rem] xl:max-w-[48rem]\">\n<div class=\"group\/conversation-turn relative flex w-full min-w-0 flex-col agent-turn @xs\/thread:px-0 @sm\/thread:px-1.5 @md\/thread:px-4\">\n<div class=\"flex-col gap-1 md:gap-3\">\n<div class=\"flex max-w-full flex-col flex-grow\">\n<div class=\"min-h-8 text-message flex w-full flex-col items-end gap-2 whitespace-normal break-words text-start [.text-message+&amp;]:mt-5\" dir=\"auto\" data-message-author-role=\"assistant\" data-message-id=\"55a23854-ec57-48dd-bd4f-6118f43d6241\" data-message-model-slug=\"gpt-4o\">\n<div class=\"flex w-full flex-col gap-1 empty:hidden first:pt-[3px]\">\n<div class=\"markdown prose w-full break-words dark:prose-invert light\"><\/div>\n<\/div>\n<\/div>\n<\/div>\n<\/div>\n<\/div>\n<\/div>\n<\/div>\n<\/article>\n<\/div>\n<\/div>\n<\/div>\n<\/div>\n<\/div>\n<\/div>\n<\/div>\n<\/div>\n<\/div>\n<\/div>\n<\/article>\n<h3>Dlaczego warto wybra\u0107 Vapestornado do zam\u00f3wienia hurtowego \u0142adowalnych e-papieros\u00f3w Bang Leader 32k 32000 Puffs?<\/h3>\n<div class=\"flex-shrink-0 flex flex-col relative items-end\">\n<div class=\"pt-0\">\n<div class=\"gizmo-bot-avatar flex h-8 w-8 items-center justify-center overflow-hidden rounded-full\">\n<div class=\"relative p-1 rounded-sm flex items-center justify-center bg-token-main-surface-primary text-token-text-primary h-8 w-8\">\n<p data-start=\"75\" data-end=\"479\">Je\u015bli chodzi o wysok\u0105 jako\u015b\u0107<strong data-start=\"92\" data-end=\"117\">\u00a0jednorazowe vape<\/strong>, <strong data-start=\"119\" data-end=\"152\">Sklep internetowy Vapestornado<\/strong> jest idealnym miejscem dla <strong data-start=\"182\" data-end=\"202\">kupc\u00f3w hurtowych<\/strong> szukaj\u0105cych <strong data-start=\"215\" data-end=\"257\">przyst\u0119pnych cen i najwy\u017cszej jako\u015bci<\/strong>. Oferujemy <strong data-start=\"268\" data-end=\"299\">ekskluzywne ceny hurtowe<\/strong> na e-papierosy Bang Leader 32k 32000 Puffs, umo\u017cliwiaj\u0105c sprzedawcom detalicznym i dystrybutorom zaopatrzenie si\u0119 w jeden z najbardziej po\u017c\u0105danych produkt\u00f3w <strong data-start=\"412\" data-end=\"445\">\u0142adowalny <a href=\"https:\/\/vapestornado.com\/pl\/product-category\/digital-box-disposable-vapes\/\">jednorazowe vape<\/a><\/strong> z <strong data-start=\"453\" data-end=\"476\">cyfrowy wy\u015bwietlacz<\/strong>.<\/p>\n<\/div>\n<div class=\"relative p-1 rounded-sm flex items-center justify-center bg-token-main-surface-primary text-token-text-primary h-8 w-8\">\n<h3>FAQ dotycz\u0105ce jednorazowego e-papierosa Bang Leader 32k Puffs<\/h3>\n<p data-start=\"2331\" data-end=\"2555\"><strong data-start=\"2331\" data-end=\"2395\">1. Jak dzia\u0142a dwupodowy e-papieros Bang Leader 32000 Puffs?<\/strong><br data-start=\"2395\" data-end=\"2398\" \/>Urz\u0105dzenie posiada <strong data-start=\"2419\" data-end=\"2464\">dwa oddzielne zbiorniki na e-liquid (28ml + 28ml)<\/strong> i <strong data-start=\"2471\" data-end=\"2495\">przycisk do zmiany smaku<\/strong>, umo\u017cliwiaj\u0105c natychmiastowe prze\u0142\u0105czanie si\u0119 mi\u0119dzy dwoma smakami.<\/p>\n<p data-start=\"2557\" data-end=\"2762\"><strong data-start=\"2557\" data-end=\"2613\">2. Czy e-papieros Bang Leader 32000 Puffs jest \u0142adowalny?<\/strong><br data-start=\"2613\" data-end=\"2616\" \/>Tak! Jest wyposa\u017cone w <strong data-start=\"2637\" data-end=\"2668\">akumulator o pojemno\u015bci 650 mAh<\/strong> i <strong data-start=\"2673\" data-end=\"2692\">\u0142adowanie typu C<\/strong>, co zapewnia zu\u017cycie ca\u0142ego e-liquidu przed wymian\u0105 urz\u0105dzenia.<\/p>\n<p data-start=\"2764\" data-end=\"2911\"><strong data-start=\"2764\" data-end=\"2808\">3. Co wy\u015bwietla cyfrowy ekran?<\/strong><br data-start=\"2808\" data-end=\"2811\" \/>Cyfrowy ekran <strong data-start=\"2815\" data-end=\"2872\">ekran cyfrowy pokazuje poziom na\u0142adowania baterii i p\u0142ynu e-liquid<\/strong>, co u\u0142atwia \u015bledzenie zu\u017cycia.<\/p>\n<p data-start=\"2913\" data-end=\"3094\"><strong data-start=\"2913\" data-end=\"2947\">4. Jakie smaki s\u0105 dost\u0119pne?<\/strong><br data-start=\"2947\" data-end=\"2950\" \/>Dost\u0119pnych jest <strong data-start=\"2960\" data-end=\"2998\">12 unikalnych kombinacji podw\u00f3jnych smak\u00f3w<\/strong>, w tym owocowe, mro\u017c\u0105ce i inspirowane napojami energetycznymi mieszanki, co zapewnia waperom zr\u00f3\u017cnicowane do\u015bwiadczenie.<\/p>\n<p data-start=\"3096\" data-end=\"3339\"><strong data-start=\"3096\" data-end=\"3173\">5. Gdzie mog\u0119 kupi\u0107 Bang Leader 32000 Puffs Vape w cenie hurtowej?<\/strong><br data-start=\"3173\" data-end=\"3176\" \/>W celu <strong data-start=\"3180\" data-end=\"3225\">zam\u00f3wienia hurtowe i najlepsze ceny hurtowe<\/strong>, odwied\u017a <strong data-start=\"3233\" data-end=\"3266\">Sklep internetowy Vapestornado<\/strong>, Twoje zaufane \u017ar\u00f3d\u0142o dla <strong data-start=\"3292\" data-end=\"3336\">przyst\u0119pnych cenowo jednorazowych e-papieros\u00f3w z mo\u017cliwo\u015bci\u0105 \u0142adowania<\/strong>.<\/p>\n<\/div>\n<\/div>\n<\/div>\n<\/div>","protected":false},"excerpt":{"rendered":"<p>Bang Leader 32K Dual Flavors Box Vape Cena fabryczna<br \/>\nBang Leader 32000 Puffs Dual Pods Podw\u00f3jne smaki Cena promocyjna<br \/>\nBang 32000 Puffs E-papieros z mo\u017cliwo\u015bci\u0105 \u0142adowania Jednorazowy Vape Hurt<\/p>\n<p><strong>Dodaj Amy na WhatsApp, aby uzyska\u0107 w\u0142a\u015bciw\u0105 odpowied\u017a i cen\u0119 z rabatem!<\/strong><\/p>\n<p><img fetchpriority=\"high\" decoding=\"async\" class=\"size-full wp-image-2932\" src=\"https:\/\/vapestornado.com\/wp-content\/uploads\/2024\/12\/Vape-Wholesale.jpg\" alt=\"Hurtowa sprzeda\u017c e-papieros\u00f3w\" width=\"229\" height=\"300\" \/><\/p>\n<h3><a href=\"https:\/\/wa.me\/8617776015835\"><span style=\"color: #ff0000;\"><strong>WhatsApp: +86 17776015835<\/strong><\/span><\/a><\/h3>\n<p>&nbsp;<\/p>","protected":false},"featured_media":3882,"comment_status":"open","ping_status":"closed","template":"","meta":{"_acf_changed":false,"_uag_custom_page_level_css":"","_lmt_disableupdate":"no","_lmt_disable":"","_monsterinsights_skip_tracking":false,"_monsterinsights_sitenote_active":false,"_monsterinsights_sitenote_note":"","_monsterinsights_sitenote_category":0,"site-sidebar-layout":"default","site-content-layout":"","ast-site-content-layout":"default","site-content-style":"default","site-sidebar-style":"default","ast-global-header-display":"","ast-banner-title-visibility":"","ast-main-header-display":"","ast-hfb-above-header-display":"","ast-hfb-below-header-display":"","ast-hfb-mobile-header-display":"","site-post-title":"","ast-breadcrumbs-content":"","ast-featured-img":"","footer-sml-layout":"","ast-disable-related-posts":"","theme-transparent-header-meta":"default","adv-header-id-meta":"","stick-header-meta":"","header-above-stick-meta":"","header-main-stick-meta":"","header-below-stick-meta":"","astra-migrate-meta-layouts":"set","ast-page-background-enabled":"default","ast-page-background-meta":{"desktop":{"background-color":"","background-image":"","background-repeat":"repeat","background-position":"center center","background-size":"auto","background-attachment":"scroll","background-type":"","background-media":"","overlay-type":"","overlay-color":"","overlay-opacity":"","overlay-gradient":""},"tablet":{"background-color":"","background-image":"","background-repeat":"repeat","background-position":"center center","background-size":"auto","background-attachment":"scroll","background-type":"","background-media":"","overlay-type":"","overlay-color":"","overlay-opacity":"","overlay-gradient":""},"mobile":{"background-color":"","background-image":"","background-repeat":"repeat","background-position":"center center","background-size":"auto","background-attachment":"scroll","background-type":"","background-media":"","overlay-type":"","overlay-color":"","overlay-opacity":"","overlay-gradient":""}},"ast-content-background-meta":{"desktop":{"background-color":"var(--ast-global-color-5)","background-image":"","background-repeat":"repeat","background-position":"center center","background-size":"auto","background-attachment":"scroll","background-type":"","background-media":"","overlay-type":"","overlay-color":"","overlay-opacity":"","overlay-gradient":""},"tablet":{"background-color":"var(--ast-global-color-5)","background-image":"","background-repeat":"repeat","background-position":"center center","background-size":"auto","background-attachment":"scroll","background-type":"","background-media":"","overlay-type":"","overlay-color":"","overlay-opacity":"","overlay-gradient":""},"mobile":{"background-color":"var(--ast-global-color-5)","background-image":"","background-repeat":"repeat","background-position":"center center","background-size":"auto","background-attachment":"scroll","background-type":"","background-media":"","overlay-type":"","overlay-color":"","overlay-opacity":"","overlay-gradient":""}},"_joinchat":{"telephone":"17776015835"}},"product_brand":[],"product_cat":[19,262,278,153,158,143,146],"product_tag":[261,260,473,196,94,240,93],"class_list":{"0":"post-3888","1":"product","2":"type-product","3":"status-publish","4":"has-post-thumbnail","6":"product_cat-vapes","7":"product_cat-32000-puff","8":"product_cat-bang-leader-vape","9":"product_cat-buy-disposable-vapes-in-italy","10":"product_cat-buy-disposable-vapes-in-spain","11":"product_cat-dual-mesh-disposable-vapes","12":"product_cat-rechargeable-disposable-vapes","13":"product_tag-2-in-1-double-flavor-vape","14":"product_tag-bang-leader-32000","15":"product_tag-bang-leader-32k","16":"product_tag-bang-vape","17":"product_tag-rechargeable-disposable-vape","18":"product_tag-twins-flavor-disposable-vape","19":"product_tag-vape-wholesale","20":"desktop-align-left","21":"tablet-align-left","22":"mobile-align-left","24":"first","25":"instock","26":"sale","27":"shipping-taxable","28":"purchasable","29":"product-type-simple"},"acf":[],"uagb_featured_image_src":{"full":["https:\/\/vapestornado.com\/wp-content\/uploads\/2025\/03\/Bang-Leader-32K-Dual-Flavors-Box-Vape.webp",800,800,false],"thumbnail":["https:\/\/vapestornado.com\/wp-content\/uploads\/2025\/03\/Bang-Leader-32K-Dual-Flavors-Box-Vape-150x150.webp",150,150,true],"medium":["https:\/\/vapestornado.com\/wp-content\/uploads\/2025\/03\/Bang-Leader-32K-Dual-Flavors-Box-Vape-300x300.webp",300,300,true],"medium_large":["https:\/\/vapestornado.com\/wp-content\/uploads\/2025\/03\/Bang-Leader-32K-Dual-Flavors-Box-Vape-768x768.webp",768,768,true],"large":["https:\/\/vapestornado.com\/wp-content\/uploads\/2025\/03\/Bang-Leader-32K-Dual-Flavors-Box-Vape.webp",800,800,false],"1536x1536":["https:\/\/vapestornado.com\/wp-content\/uploads\/2025\/03\/Bang-Leader-32K-Dual-Flavors-Box-Vape.webp",800,800,false],"2048x2048":["https:\/\/vapestornado.com\/wp-content\/uploads\/2025\/03\/Bang-Leader-32K-Dual-Flavors-Box-Vape.webp",800,800,false],"trp-custom-language-flag":["https:\/\/vapestornado.com\/wp-content\/uploads\/2025\/03\/Bang-Leader-32K-Dual-Flavors-Box-Vape.webp",12,12,false],"woocommerce_thumbnail":["https:\/\/vapestornado.com\/wp-content\/uploads\/2025\/03\/Bang-Leader-32K-Dual-Flavors-Box-Vape-300x300.webp",300,300,true],"woocommerce_single":["https:\/\/vapestornado.com\/wp-content\/uploads\/2025\/03\/Bang-Leader-32K-Dual-Flavors-Box-Vape-600x600.webp",600,600,true],"woocommerce_gallery_thumbnail":["https:\/\/vapestornado.com\/wp-content\/uploads\/2025\/03\/Bang-Leader-32K-Dual-Flavors-Box-Vape-100x100.webp",100,100,true]},"uagb_author_info":{"display_name":"ESAMY","author_link":"https:\/\/vapestornado.com\/pl\/author\/"},"uagb_comment_info":0,"uagb_excerpt":"Bang Leader 32K Dual Flavors Box Vape Factory Price Bang Leader 32000 Puffs Dual Pods Double Flavors Discount Price Bang 32000 Puffs Rechargeable E-Cigarette Disposable Vape Wholesale Add Amy's whatsapp to get right reply and discount price! WhatsApp: +86 17776015835 &nbsp;","_links":{"self":[{"href":"https:\/\/vapestornado.com\/pl\/wp-json\/wp\/v2\/product\/3888","targetHints":{"allow":["GET"]}}],"collection":[{"href":"https:\/\/vapestornado.com\/pl\/wp-json\/wp\/v2\/product"}],"about":[{"href":"https:\/\/vapestornado.com\/pl\/wp-json\/wp\/v2\/types\/product"}],"replies":[{"embeddable":true,"href":"https:\/\/vapestornado.com\/pl\/wp-json\/wp\/v2\/comments?post=3888"}],"wp:featuredmedia":[{"embeddable":true,"href":"https:\/\/vapestornado.com\/pl\/wp-json\/wp\/v2\/media\/3882"}],"wp:attachment":[{"href":"https:\/\/vapestornado.com\/pl\/wp-json\/wp\/v2\/media?parent=3888"}],"wp:term":[{"taxonomy":"product_brand","embeddable":true,"href":"https:\/\/vapestornado.com\/pl\/wp-json\/wp\/v2\/product_brand?post=3888"},{"taxonomy":"product_cat","embeddable":true,"href":"https:\/\/vapestornado.com\/pl\/wp-json\/wp\/v2\/product_cat?post=3888"},{"taxonomy":"product_tag","embeddable":true,"href":"https:\/\/vapestornado.com\/pl\/wp-json\/wp\/v2\/product_tag?post=3888"}],"curies":[{"name":"wp","href":"https:\/\/api.w.org\/{rel}","templated":true}]}}