{"id":3863,"date":"2025-03-17T02:44:11","date_gmt":"2025-03-17T02:44:11","guid":{"rendered":"https:\/\/vapestornado.com\/?post_type=product&#038;p=3863"},"modified":"2025-08-22T11:44:19","modified_gmt":"2025-08-22T11:44:19","slug":"factory-wholesale-waspe-tornado-15000-puff-15k-vape-pen-kit","status":"publish","type":"product","link":"https:\/\/vapestornado.com\/pl\/product\/factory-wholesale-waspe-tornado-15000-puff-15k-vape-pen-kit\/","title":{"rendered":"Fabryczna Hurtownia Waspe Tornado 15000 Puff 15K Zestaw Vape Pen"},"content":{"rendered":"<h1 data-pm-slice=\"1 1 []\">Fabryczna Hurtownia Waspe Tornado 15000 Puff 15K Zestaw Vape Pen<\/h1>\n<h3 data-start=\"0\" data-end=\"98\"><strong data-start=\"4\" data-end=\"96\">Fabryczna Hurtownia Waspe Tornado Puff 15000 Zestaw Vape Pen \u2013 Mo\u017cliwo\u015b\u0107 \u0141adowania<\/strong><\/h3>\n<p data-start=\"100\" data-end=\"562\">Cyfrowy ekran <strong data-start=\"302\" data-end=\"343\">Zestaw d\u0142ugopis\u00f3w do waporyzacji Waspe Tornado 15000 Puff<\/strong> zosta\u0142 zaprojektowany z my\u015bl\u0105 o wydajno\u015bci, wygodzie i warto\u015bci hurtowej. Z <strong data-start=\"416\" data-end=\"442\">22 ml pojemno\u015bci e-liquidu<\/strong> i do <strong data-start=\"453\" data-end=\"469\">15 000 zaci\u0105gni\u0119\u0107<\/strong>, zapewnia wyd\u0142u\u017cone u\u017cytkowanie, co czyni go mocnym wyborem zar\u00f3wno dla sprzedawc\u00f3w detalicznych, jak i u\u017cytkownik\u00f3w ko\u0144cowych.<\/p>\n<h4 data-start=\"564\" data-end=\"618\"><strong data-start=\"569\" data-end=\"616\">15000 Zaci\u0105gni\u0119\u0107 \u2013 D\u0142ugotrwa\u0142a Satysfakcja z Wapowania<\/strong><\/h4>\n<p data-start=\"619\" data-end=\"834\">Z imponuj\u0105c\u0105 <strong data-start=\"638\" data-end=\"665\">15 000 zaci\u0105gni\u0119\u0107 na urz\u0105dzenie<\/strong>, Waspe Tornado 15K zapewnia <strong data-start=\"697\" data-end=\"717\">d\u0142ugotrwa\u0142e u\u017cytkowanie<\/strong>, co czyni go op\u0142acalnym wyborem zar\u00f3wno dla <strong data-start=\"762\" data-end=\"793\">okazjonalnych u\u017cytkownik\u00f3w, jak i sprzedawc\u00f3w detalicznych<\/strong> szukaj\u0105cych <strong data-start=\"806\" data-end=\"831\">hurtowych ilo\u015bci jednorazowych e-papieros\u00f3w<\/strong>.<\/p>\n<h4 data-start=\"836\" data-end=\"895\"><strong data-start=\"841\" data-end=\"893\">Akumulator 850mAh z mo\u017cliwo\u015bci\u0105 \u0142adowania \u2013 Bez marnowania e-liquidu<\/strong><\/h4>\n<p data-start=\"896\" data-end=\"1166\">W przeciwie\u0144stwie do tradycyjnych jednoraz\u00f3wek, ten <strong data-start=\"933\" data-end=\"961\">e-papieros mo\u017cna \u0142adowa\u0107<\/strong>, co pozwala cieszy\u0107 si\u0119 ka\u017cd\u0105 kropl\u0105 <strong data-start=\"999\" data-end=\"1027\">22 ml wst\u0119pnie nape\u0142nionego e-liquidu<\/strong>. <strong data-start=\"1033\" data-end=\"1051\">Bateria 850mAh<\/strong> zapewnia niezawodne zasilanie, a dzi\u0119ki <strong data-start=\"1086\" data-end=\"1110\">Szybkie \u0142adowanie typu C<\/strong>, sp\u0119dzisz mniej czasu na czekaniu, a wi\u0119cej na wapowaniu.<\/p>\n<h4 data-start=\"1168\" data-end=\"1216\"><strong data-start=\"1173\" data-end=\"1214\">Cyfrowy wy\u015bwietlacz LCD \u2013 Miej wszystko pod kontrol\u0105<\/strong><\/h4>\n<p data-start=\"1217\" data-end=\"1406\">Zapomnij o zgadywaniu, kiedy nale\u017cy na\u0142adowa\u0107! Wbudowany <strong data-start=\"1274\" data-end=\"1288\">ekran LCD<\/strong> dostarcza aktualne informacje o Twoim <strong data-start=\"1325\" data-end=\"1361\">\u017cywotno\u015b\u0107 baterii i poziom e-liquidu<\/strong>, zapewniaj\u0105c bezproblemowe wapowanie.<\/p>\n<h4 data-start=\"1408\" data-end=\"1475\"><strong data-start=\"1413\" data-end=\"1473\">Technologia Mesh Coil \u2013 Maksymalny smak<\/strong><\/h4>\n<p data-start=\"1476\" data-end=\"1716\">Wyposa\u017cony w <strong data-start=\"1493\" data-end=\"1515\">zaawansowan\u0105 grza\u0142k\u0119 siatkow\u0105<\/strong>, Waspe 15000 zapewnia <strong data-start=\"1542\" data-end=\"1571\">bogate, pe\u0142ne smaki<\/strong> z ka\u017cdym zaci\u0105gni\u0119ciem. Niezale\u017cnie od tego, czy lubisz <strong data-start=\"1606\" data-end=\"1645\">owocowe, lodowe lub inspirowane napojami gazowanymi e-papierosy<\/strong>, <strong data-start=\"1651\" data-end=\"1674\">wyb\u00f3r 12 smak\u00f3w<\/strong> zapewnia, \u017ce ka\u017cdy znajdzie co\u015b dla siebie.<\/p>\n<h4 data-start=\"1718\" data-end=\"1773\"><strong data-start=\"1723\" data-end=\"1771\">Opcje zawarto\u015bci nikotyny \u2013 0%, 2%, 3%,<\/strong><\/h4>\n<p data-start=\"1774\" data-end=\"1901\">Dla wszystkich u\u017cytkownik\u00f3w e-papieros\u00f3w, Waspe Tornado 15000 oferuje <strong data-start=\"1829\" data-end=\"1867\">wiele opcji zawarto\u015bci nikotyny<\/strong> dopasowanych do r\u00f3\u017cnych preferencji:<\/p>\n<ul data-start=\"1902\" data-end=\"2150\">\n<li data-start=\"1902\" data-end=\"1992\"><strong data-start=\"1904\" data-end=\"1926\">0% (bez nikotyny)<\/strong> \u2013 Idealny dla mi\u0142o\u015bnik\u00f3w smaku, kt\u00f3rzy preferuj\u0105 czyste, g\u0142adkie doznania.<\/li>\n<li data-start=\"1993\" data-end=\"2059\"><strong data-start=\"1995\" data-end=\"2006\">2%<\/strong> \u2013 Zr\u00f3wnowa\u017cone st\u0119\u017cenia nikotyny dla umiarkowanych u\u017cytkownik\u00f3w e-papieros\u00f3w.<\/li>\n<li data-start=\"2060\" data-end=\"2150\"><strong data-start=\"2062\" data-end=\"2075\">5% (50mg)<\/strong> \u2013 Mocne uderzenie nikotyny dla tych, kt\u00f3rzy lubi\u0105 bardziej intensywne sesje wapowania.<\/li>\n<\/ul>\n<h4 data-start=\"2152\" data-end=\"2204\"><strong data-start=\"2157\" data-end=\"2202\">Ceny hurtowe<\/strong><\/h4>\n<p data-start=\"2205\" data-end=\"2410\">Idealny dla w\u0142a\u015bcicieli sklep\u00f3w z e-papierosami, dystrybutor\u00f3w i nabywc\u00f3w hurtowych, Waspe Tornado Puff 15000 jest dost\u0119pny w <strong data-start=\"2311\" data-end=\"2335\">niskie ceny hurtowe<\/strong>. Zam\u00f3w hurtowo i <strong data-start=\"2355\" data-end=\"2407\">uzyskaj najwy\u017cszej jako\u015bci jednorazowe e-papierosy w bezkonkurencyjnych cenach<\/strong>.<\/p>\n<p><strong><span style=\"color: #ff0000;\">Dodaj Amy na WhatsApp, aby uzyska\u0107 szybk\u0105 odpowied\u017a i cen\u0119 ze zni\u017ck\u0105!<\/span><\/strong><\/p>\n<p><img fetchpriority=\"high\" decoding=\"async\" class=\"size-full wp-image-2932\" src=\"https:\/\/vapestornado.com\/wp-content\/uploads\/2024\/12\/Vape-Wholesale.jpg\" alt=\"Hurtowa sprzeda\u017c e-papieros\u00f3w\" width=\"229\" height=\"300\" \/><\/p>\n<h3><a href=\"https:\/\/wa.me\/8617776015835\" target=\"_blank\" rel=\"noopener\"><span style=\"color: #ff0000;\"><strong>WhatsApp: +86 17776015835<\/strong><\/span><\/a><\/h3>\n<p>&nbsp;<\/p>\n<h2><strong>Kluczowe cechy produktu Waspe Tornado 15000 Puff<\/strong><\/h2>\n<p>Marka: WASPE<br \/>\nIlo\u015b\u0107 zaci\u0105gni\u0119\u0107: 15000<br \/>\nBateria: 850 mAh, mo\u017cliwo\u015b\u0107 \u0142adowania<br \/>\nWy\u015bwietlacz: Cyfrowy wy\u015bwietlacz LED<br \/>\nNikotyna: 0% 2% 3% 5%<br \/>\nPojemno\u015b\u0107 p\u0142ynu: 22 ml<br \/>\nGrza\u0142ka: Mesh Coil<\/p>\n<figure id=\"attachment_3847\" aria-describedby=\"caption-attachment-3847\" style=\"width: 800px\" class=\"wp-caption alignnone\"><img decoding=\"async\" class=\"wp-image-3847 size-full\" src=\"https:\/\/vapestornado.com\/wp-content\/uploads\/2025\/03\/Tornado-15k-Puff-Waspe-Vape.webp\" alt=\"Tornado 15k Puff Waporyzator\" width=\"800\" height=\"800\" srcset=\"https:\/\/vapestornado.com\/wp-content\/uploads\/2025\/03\/Tornado-15k-Puff-Waspe-Vape.webp 800w, https:\/\/vapestornado.com\/wp-content\/uploads\/2025\/03\/Tornado-15k-Puff-Waspe-Vape-300x300.webp 300w, https:\/\/vapestornado.com\/wp-content\/uploads\/2025\/03\/Tornado-15k-Puff-Waspe-Vape-150x150.webp 150w, https:\/\/vapestornado.com\/wp-content\/uploads\/2025\/03\/Tornado-15k-Puff-Waspe-Vape-768x768.webp 768w, https:\/\/vapestornado.com\/wp-content\/uploads\/2025\/03\/Tornado-15k-Puff-Waspe-Vape-600x600.webp 600w, https:\/\/vapestornado.com\/wp-content\/uploads\/2025\/03\/Tornado-15k-Puff-Waspe-Vape-100x100.webp 100w\" sizes=\"(max-width: 800px) 100vw, 800px\" \/><figcaption id=\"caption-attachment-3847\" class=\"wp-caption-text\">Tornado 15k Puff Waporyzator<\/figcaption><\/figure>\n<h2 class=\"product-title\"><strong>Lista smak\u00f3w Waspe Tornado 15k Smart Vape<\/strong><\/h2>\n<article class=\"group\/turn w-full text-token-text-primary focus-visible:outline-2 focus-visible:outline-offset-[-4px]\" dir=\"auto\" data-testid=\"conversation-turn-61\" data-scroll-anchor=\"true\">\n<div class=\"text-base my-auto mx-auto py-[18px] px-6\">\n<div class=\"mx-auto flex flex-1 text-base gap-4 md:gap-5 lg:gap-6 md:max-w-3xl lg:max-w-[40rem] xl:max-w-[48rem]\">\n<div class=\"group\/conversation-turn relative flex w-full min-w-0 flex-col agent-turn @xs\/thread:px-0 @sm\/thread:px-1.5 @md\/thread:px-4\">\n<div class=\"flex-col gap-1 md:gap-3\">\n<div class=\"flex max-w-full flex-col flex-grow\">\n<div class=\"min-h-8 text-message relative flex w-full flex-col items-end gap-2 whitespace-normal break-words text-start [.text-message+&amp;]:mt-5\" dir=\"auto\" data-message-author-role=\"assistant\" data-message-id=\"762d7e41-70d5-4ddf-94cb-85ef5025d3a8\" data-message-model-slug=\"gpt-4o\">\n<div class=\"flex w-full flex-col gap-1 empty:hidden first:pt-[3px]\">\n<div class=\"markdown prose w-full break-words dark:prose-invert light\">\n<p>1. Arbuzowy l\u00f3d <strong><span style=\"color: #ff0000;\">&gt;&gt;&gt;&gt; Gor\u0105cy!<\/span><\/strong><br \/>\n2. Truskawkowy arbuz <strong><span style=\"color: #ff0000;\">&gt;&gt;&gt;&gt; Gor\u0105cy!<\/span><\/strong><br \/>\n3. Pomara\u0144czowa Soda<br \/>\n4. Podw\u00f3jne Jab\u0142ko<br \/>\n5. Truskawka Kiwi <strong><span style=\"color: #ff0000;\">&gt;&gt;&gt;&gt; Gor\u0105cy!<\/span><\/strong><br \/>\n6. Wi\u015bniowy L\u00f3d<br \/>\n7. Aloes Winogrono<br \/>\n8. Mieszane jagody <strong><span style=\"color: #ff0000;\">&gt;&gt;&gt;&gt; Najlepsze!<\/span><\/strong><br \/>\n9. Jagodowy L\u00f3d<br \/>\n10. Truskawka Mango <strong><span style=\"color: #ff0000;\">&gt;&gt;&gt;&gt; Gor\u0105cy!<\/span><\/strong><br \/>\n11. Niebieska Malina Cytryna<br \/>\n12. Brzoskwiniowy L\u00f3d <strong><span style=\"color: #ff0000;\">&gt;&gt;&gt;&gt; Gor\u0105cy!<\/span><\/strong><\/p>\n<\/div>\n<\/div>\n<\/div>\n<\/div>\n<\/div>\n<\/div>\n<\/div>\n<\/div>\n<\/article>\n<article class=\"w-full text-token-text-primary focus-visible:outline-2 focus-visible:outline-offset-[-4px]\" dir=\"auto\" data-testid=\"conversation-turn-32\" data-scroll-anchor=\"false\">\n<div class=\"m-auto text-base py-[18px] px-6\">\n<div class=\"mx-auto flex flex-1 text-base gap-4 md:gap-5 lg:gap-6 md:max-w-3xl lg:max-w-[40rem] xl:max-w-[48rem]\">\n<div class=\"group\/conversation-turn relative flex w-full min-w-0 flex-col @xs\/thread:px-0 @sm\/thread:px-1.5 @md\/thread:px-4\">\n<div class=\"flex-col gap-1 md:gap-3\">\n<div class=\"flex max-w-full flex-col flex-grow\">\n<div class=\"min-h-8 text-message flex w-full flex-col items-end gap-2 whitespace-normal break-words text-start [.text-message+&amp;]:mt-5\" dir=\"auto\" data-message-author-role=\"user\" data-message-id=\"ffac41ca-1db4-431b-873a-32c4052956f1\">\n<div class=\"flex w-full flex-col gap-1 empty:hidden items-end rtl:items-start\">\n<div class=\"relative max-w-[var(--user-chat-width,70%)] rounded-3xl bg-token-message-surface px-5 py-2.5\">\n<div class=\"absolute bottom-0 right-full top-0 -mr-3.5 hidden pr-5 pt-2 [.group\/conversation-turn:hover_&amp;]:flex\">\n<div class=\"flex\">\n<article class=\"w-full text-token-text-primary focus-visible:outline-2 focus-visible:outline-offset-[-4px]\" dir=\"auto\" data-testid=\"conversation-turn-39\" data-scroll-anchor=\"true\">\n<div class=\"m-auto text-base py-[18px] px-6\">\n<div class=\"mx-auto flex flex-1 text-base gap-4 md:gap-5 lg:gap-6 md:max-w-3xl lg:max-w-[40rem] xl:max-w-[48rem]\">\n<div class=\"group\/conversation-turn relative flex w-full min-w-0 flex-col agent-turn @xs\/thread:px-0 @sm\/thread:px-1.5 @md\/thread:px-4\">\n<div class=\"flex-col gap-1 md:gap-3\">\n<div class=\"flex max-w-full flex-col flex-grow\">\n<div class=\"min-h-8 text-message flex w-full flex-col items-end gap-2 whitespace-normal break-words text-start [.text-message+&amp;]:mt-5\" dir=\"auto\" data-message-author-role=\"assistant\" data-message-id=\"55a23854-ec57-48dd-bd4f-6118f43d6241\" data-message-model-slug=\"gpt-4o\">\n<div class=\"flex w-full flex-col gap-1 empty:hidden first:pt-[3px]\">\n<div class=\"markdown prose w-full break-words dark:prose-invert light\"><\/div>\n<\/div>\n<\/div>\n<\/div>\n<\/div>\n<\/div>\n<\/div>\n<\/div>\n<\/article>\n<\/div>\n<\/div>\n<\/div>\n<\/div>\n<\/div>\n<\/div>\n<\/div>\n<\/div>\n<\/div>\n<\/div>\n<\/article>\n<h3>Dlaczego warto wybra\u0107 Vapestornado dla hurtowego zam\u00f3wienia Waspe Tornado 15k Digital Vape?<\/h3>\n<div class=\"flex-shrink-0 flex flex-col relative items-end\">\n<div class=\"pt-0\">\n<div class=\"gizmo-bot-avatar flex h-8 w-8 items-center justify-center overflow-hidden rounded-full\">\n<div class=\"relative p-1 rounded-sm flex items-center justify-center bg-token-main-surface-primary text-token-text-primary h-8 w-8\">\n<p data-start=\"75\" data-end=\"479\">Je\u015bli chodzi o <strong data-start=\"92\" data-end=\"117\">hurtowych ilo\u015bci jednorazowych e-papieros\u00f3w<\/strong>, <strong data-start=\"119\" data-end=\"152\">Sklep internetowy Vapestornado<\/strong> jest idealnym miejscem dla <strong data-start=\"182\" data-end=\"202\">kupc\u00f3w hurtowych<\/strong> szukaj\u0105cych <strong data-start=\"215\" data-end=\"257\">przyst\u0119pnych cen i najwy\u017cszej jako\u015bci<\/strong>. Oferujemy <strong data-start=\"268\" data-end=\"299\">ekskluzywne ceny hurtowe<\/strong> na <strong data-start=\"307\" data-end=\"333\">WASPE 15000 Puf\u00f3w Vape<\/strong>, umo\u017cliwiaj\u0105c sprzedawcom detalicznym i dystrybutorom zaopatrzenie si\u0119 w jeden z najbardziej po\u017c\u0105danych <strong data-start=\"412\" data-end=\"445\">\u0142adowalnych jednorazowych vape<\/strong> z <strong data-start=\"453\" data-end=\"476\">cyfrowy wy\u015bwietlacz LCD<\/strong>.<\/p>\n<\/div>\n<div class=\"relative p-1 rounded-sm flex items-center justify-center bg-token-main-surface-primary text-token-text-primary h-8 w-8\">\n<h3>FAQ dotycz\u0105ce jednorazowego e-papierosa Waspe Tornado 15k<\/h3>\n<p data-start=\"2462\" data-end=\"2654\"><strong data-start=\"2462\" data-end=\"2522\">1. Jak d\u0142ugo dzia\u0142a Waspe Tornado Puff 15000 Vape?<\/strong><br data-start=\"2522\" data-end=\"2525\" \/>Dzi\u0119ki <strong data-start=\"2530\" data-end=\"2557\">15 000 zaci\u0105gni\u0119\u0107 na urz\u0105dzenie<\/strong>, ten vape jest przeznaczony do d\u0142ugotrwa\u0142ego u\u017cytkowania. Rzeczywista \u017cywotno\u015b\u0107 zale\u017cy od cz\u0119stotliwo\u015bci wapowania.<\/p>\n<p data-start=\"2656\" data-end=\"2835\"><strong data-start=\"2656\" data-end=\"2706\">2. Czy Waspe 15000 Puffs Vape jest \u0142adowalny?<\/strong><br data-start=\"2706\" data-end=\"2709\" \/>Tak! Posiada <strong data-start=\"2729\" data-end=\"2760\">akumulator 850mAh<\/strong> z <strong data-start=\"2766\" data-end=\"2785\">\u0142adowanie typu C<\/strong>, zapewniaj\u0105c maksymaln\u0105 wydajno\u015b\u0107 i minimalne straty.<\/p>\n<p data-start=\"2837\" data-end=\"3005\"><strong data-start=\"2837\" data-end=\"2875\">3. Co pokazuje wy\u015bwietlacz LCD?<\/strong><br data-start=\"2875\" data-end=\"2878\" \/>Cyfrowy ekran <strong data-start=\"2882\" data-end=\"2896\">ekran LCD<\/strong> zapewnia aktualizacje w czasie rzeczywistym na temat <strong data-start=\"2927\" data-end=\"2963\">\u017cywotno\u015b\u0107 baterii i poziom e-liquidu<\/strong>, u\u0142atwiaj\u0105c monitorowanie urz\u0105dzenia.<\/p>\n<p data-start=\"3007\" data-end=\"3175\"><strong data-start=\"3007\" data-end=\"3052\">4. Jakie s\u0105 dost\u0119pne moce nikotyny?<\/strong><br data-start=\"3052\" data-end=\"3055\" \/>Ten vape jest dost\u0119pny w <strong data-start=\"3074\" data-end=\"3115\">0%, 2%, 3% i 5% st\u0119\u017ceniach nikotyny<\/strong>, umo\u017cliwiaj\u0105c u\u017cytkownikom wyb\u00f3r preferowanego poziomu nikotyny.<\/p>\n<p data-start=\"3177\" data-end=\"3407\"><strong data-start=\"3177\" data-end=\"3244\">5. Gdzie mog\u0119 kupi\u0107 Waspe Tornado 15000 w cenach hurtowych?<\/strong><br data-start=\"3244\" data-end=\"3247\" \/>W celu <strong data-start=\"3251\" data-end=\"3293\">zakupy hurtowe i rabaty hurtowe<\/strong>, odwied\u017a <strong data-start=\"3301\" data-end=\"3334\">Sklep internetowy Vapestornado<\/strong>, Twoje zaufane \u017ar\u00f3d\u0142o dla <strong data-start=\"3360\" data-end=\"3404\">przyst\u0119pnych cenowo jednorazowych e-papieros\u00f3w z mo\u017cliwo\u015bci\u0105 \u0142adowania<\/strong>.<\/p>\n<\/div>\n<\/div>\n<\/div>\n<\/div>","protected":false},"excerpt":{"rendered":"<p>Hurtownia Waspe Tornado 15000 Puff Jednorazowy Vape Niska Zawarto\u015b\u0107 Nikotyny<br \/>\nWaspe Tornado 15K Jednorazowy Zestaw Vape Pen Cena Fabryczna<br \/>\nWASPE 15000 Jednorazowy Pod z Ekranem Cyfrowym Najlepszy Smak w Sprzeda\u017cy<\/p>\n<p><strong>Dodaj Amy na WhatsApp, aby uzyska\u0107 w\u0142a\u015bciw\u0105 odpowied\u017a i cen\u0119 z rabatem!<\/strong><\/p>\n<p><img fetchpriority=\"high\" decoding=\"async\" class=\"size-full wp-image-2932\" src=\"https:\/\/vapestornado.com\/wp-content\/uploads\/2024\/12\/Vape-Wholesale.jpg\" alt=\"Hurtowa sprzeda\u017c e-papieros\u00f3w\" width=\"229\" height=\"300\" \/><\/p>\n<h3><a href=\"https:\/\/wa.me\/8617776015835\"><span style=\"color: #ff0000;\"><strong>WhatsApp: +86 17776015835<\/strong><\/span><\/a><\/h3>\n<p>&nbsp;<\/p>","protected":false},"featured_media":3846,"comment_status":"open","ping_status":"closed","template":"","meta":{"_acf_changed":false,"_uag_custom_page_level_css":"","_lmt_disableupdate":"no","_lmt_disable":"","_monsterinsights_skip_tracking":false,"_monsterinsights_sitenote_active":false,"_monsterinsights_sitenote_note":"","_monsterinsights_sitenote_category":0,"site-sidebar-layout":"default","site-content-layout":"","ast-site-content-layout":"default","site-content-style":"default","site-sidebar-style":"default","ast-global-header-display":"","ast-banner-title-visibility":"","ast-main-header-display":"","ast-hfb-above-header-display":"","ast-hfb-below-header-display":"","ast-hfb-mobile-header-display":"","site-post-title":"","ast-breadcrumbs-content":"","ast-featured-img":"","footer-sml-layout":"","ast-disable-related-posts":"","theme-transparent-header-meta":"default","adv-header-id-meta":"","stick-header-meta":"","header-above-stick-meta":"","header-main-stick-meta":"","header-below-stick-meta":"","astra-migrate-meta-layouts":"set","ast-page-background-enabled":"default","ast-page-background-meta":{"desktop":{"background-color":"","background-image":"","background-repeat":"repeat","background-position":"center center","background-size":"auto","background-attachment":"scroll","background-type":"","background-media":"","overlay-type":"","overlay-color":"","overlay-opacity":"","overlay-gradient":""},"tablet":{"background-color":"","background-image":"","background-repeat":"repeat","background-position":"center center","background-size":"auto","background-attachment":"scroll","background-type":"","background-media":"","overlay-type":"","overlay-color":"","overlay-opacity":"","overlay-gradient":""},"mobile":{"background-color":"","background-image":"","background-repeat":"repeat","background-position":"center center","background-size":"auto","background-attachment":"scroll","background-type":"","background-media":"","overlay-type":"","overlay-color":"","overlay-opacity":"","overlay-gradient":""}},"ast-content-background-meta":{"desktop":{"background-color":"var(--ast-global-color-5)","background-image":"","background-repeat":"repeat","background-position":"center center","background-size":"auto","background-attachment":"scroll","background-type":"","background-media":"","overlay-type":"","overlay-color":"","overlay-opacity":"","overlay-gradient":""},"tablet":{"background-color":"var(--ast-global-color-5)","background-image":"","background-repeat":"repeat","background-position":"center center","background-size":"auto","background-attachment":"scroll","background-type":"","background-media":"","overlay-type":"","overlay-color":"","overlay-opacity":"","overlay-gradient":""},"mobile":{"background-color":"var(--ast-global-color-5)","background-image":"","background-repeat":"repeat","background-position":"center center","background-size":"auto","background-attachment":"scroll","background-type":"","background-media":"","overlay-type":"","overlay-color":"","overlay-opacity":"","overlay-gradient":""}},"_joinchat":{"telephone":"17776015835"}},"product_brand":[],"product_cat":[19,71,152,154,142,148],"product_tag":[97,94,241,93,259,258],"class_list":{"0":"post-3863","1":"product","2":"type-product","3":"status-publish","4":"has-post-thumbnail","6":"product_cat-vapes","7":"product_cat-15000-puff","8":"product_cat-buy-disposable-vapes-in-cermany","9":"product_cat-buy-disposable-vapes-in-netherlands","10":"product_cat-digital-box-disposable-vapes","11":"product_cat-tornado-disposable-vapes","12":"product_tag-hot-sale-disposable-vape","13":"product_tag-rechargeable-disposable-vape","14":"product_tag-smart-screen-disposable-vape","15":"product_tag-vape-wholesale","16":"product_tag-waspe-tornado-15000","17":"product_tag-waspe-tornado-15k","18":"desktop-align-left","19":"tablet-align-left","20":"mobile-align-left","22":"first","23":"instock","24":"sale","25":"shipping-taxable","26":"purchasable","27":"product-type-simple"},"acf":[],"uagb_featured_image_src":{"full":["https:\/\/vapestornado.com\/wp-content\/uploads\/2025\/03\/Best-Selling-Disposable-Vape-Waspe-15000-Puffs.webp",800,800,false],"thumbnail":["https:\/\/vapestornado.com\/wp-content\/uploads\/2025\/03\/Best-Selling-Disposable-Vape-Waspe-15000-Puffs-150x150.webp",150,150,true],"medium":["https:\/\/vapestornado.com\/wp-content\/uploads\/2025\/03\/Best-Selling-Disposable-Vape-Waspe-15000-Puffs-300x300.webp",300,300,true],"medium_large":["https:\/\/vapestornado.com\/wp-content\/uploads\/2025\/03\/Best-Selling-Disposable-Vape-Waspe-15000-Puffs-768x768.webp",768,768,true],"large":["https:\/\/vapestornado.com\/wp-content\/uploads\/2025\/03\/Best-Selling-Disposable-Vape-Waspe-15000-Puffs.webp",800,800,false],"1536x1536":["https:\/\/vapestornado.com\/wp-content\/uploads\/2025\/03\/Best-Selling-Disposable-Vape-Waspe-15000-Puffs.webp",800,800,false],"2048x2048":["https:\/\/vapestornado.com\/wp-content\/uploads\/2025\/03\/Best-Selling-Disposable-Vape-Waspe-15000-Puffs.webp",800,800,false],"trp-custom-language-flag":["https:\/\/vapestornado.com\/wp-content\/uploads\/2025\/03\/Best-Selling-Disposable-Vape-Waspe-15000-Puffs.webp",12,12,false],"woocommerce_thumbnail":["https:\/\/vapestornado.com\/wp-content\/uploads\/2025\/03\/Best-Selling-Disposable-Vape-Waspe-15000-Puffs-300x300.webp",300,300,true],"woocommerce_single":["https:\/\/vapestornado.com\/wp-content\/uploads\/2025\/03\/Best-Selling-Disposable-Vape-Waspe-15000-Puffs-600x600.webp",600,600,true],"woocommerce_gallery_thumbnail":["https:\/\/vapestornado.com\/wp-content\/uploads\/2025\/03\/Best-Selling-Disposable-Vape-Waspe-15000-Puffs-100x100.webp",100,100,true]},"uagb_author_info":{"display_name":"ESAMY","author_link":"https:\/\/vapestornado.com\/pl\/author\/"},"uagb_comment_info":0,"uagb_excerpt":"Wholesale Waspe Tornado 15000 Puff Low Nicotine Disposable Vape Waspe Tornado 15K Disposable Vape Pen Kit\u00a0 Factory Price WASPE 15000 Digital Screen Disposable Pod Best Flavor on Sale Add Amy's whatsapp to get right reply and discount price! WhatsApp: +86 17776015835 &nbsp;","_links":{"self":[{"href":"https:\/\/vapestornado.com\/pl\/wp-json\/wp\/v2\/product\/3863","targetHints":{"allow":["GET"]}}],"collection":[{"href":"https:\/\/vapestornado.com\/pl\/wp-json\/wp\/v2\/product"}],"about":[{"href":"https:\/\/vapestornado.com\/pl\/wp-json\/wp\/v2\/types\/product"}],"replies":[{"embeddable":true,"href":"https:\/\/vapestornado.com\/pl\/wp-json\/wp\/v2\/comments?post=3863"}],"wp:featuredmedia":[{"embeddable":true,"href":"https:\/\/vapestornado.com\/pl\/wp-json\/wp\/v2\/media\/3846"}],"wp:attachment":[{"href":"https:\/\/vapestornado.com\/pl\/wp-json\/wp\/v2\/media?parent=3863"}],"wp:term":[{"taxonomy":"product_brand","embeddable":true,"href":"https:\/\/vapestornado.com\/pl\/wp-json\/wp\/v2\/product_brand?post=3863"},{"taxonomy":"product_cat","embeddable":true,"href":"https:\/\/vapestornado.com\/pl\/wp-json\/wp\/v2\/product_cat?post=3863"},{"taxonomy":"product_tag","embeddable":true,"href":"https:\/\/vapestornado.com\/pl\/wp-json\/wp\/v2\/product_tag?post=3863"}],"curies":[{"name":"wp","href":"https:\/\/api.w.org\/{rel}","templated":true}]}}