{"id":3862,"date":"2025-03-17T02:07:39","date_gmt":"2025-03-17T02:07:39","guid":{"rendered":"https:\/\/vapestornado.com\/?post_type=product&#038;p=3862"},"modified":"2025-08-23T09:08:02","modified_gmt":"2025-08-23T09:08:02","slug":"fihp-digital-box-12000-puffs-wholesale-disposable-vapes-2-5-low-nicotine-rechargeable-bulk-price","status":"publish","type":"product","link":"https:\/\/vapestornado.com\/pl\/product\/fihp-digital-box-12000-puffs-wholesale-disposable-vapes-2-5-low-nicotine-rechargeable-bulk-price\/","title":{"rendered":"FIHP Digital Box 12000 Puffs Hurtownia Jednorazowych Vape 2% 5% Niska Nikotyna Akumulatorowa Cena Hurtowa"},"content":{"rendered":"<h1 data-pm-slice=\"1 1 []\">FIHP Digital Box 12000 Puffs Hurtownia Jednorazowych Vape 2% 5% Niska Nikotyna Akumulatorowa Cena Hurtowa<\/h1>\n<h2 data-start=\"0\" data-end=\"86\"><strong data-start=\"4\" data-end=\"84\">FIHP Digital Box 12000 Puffs \u2013 Jednorazowy Vape z Mo\u017cliwo\u015bci\u0105 \u0141adowania i Wy\u015bwietlaczem LED<\/strong><\/h2>\n<p data-start=\"324\" data-end=\"581\">Cyfrowy ekran <strong data-start=\"328\" data-end=\"376\">FIHP Digital Box 12000 Puffs Jednorazowy Vape<\/strong> jest przeznaczony dla waper\u00f3w, kt\u00f3rzy oczekuj\u0105 wyd\u0142u\u017conej wydajno\u015bci i wygody. Z maksymalnie <strong data-start=\"458\" data-end=\"474\">12 000 zaci\u0105gni\u0119\u0107<\/strong> i <strong data-start=\"481\" data-end=\"518\">20 ml wst\u0119pnie nape\u0142nionego e-liquidu<\/strong>, zapewnia d\u0142ugotrwa\u0142e u\u017cytkowanie ze sta\u0142\u0105 produkcj\u0105 smaku.<\/p>\n<p data-start=\"583\" data-end=\"835\">Zasilany przez <strong data-start=\"596\" data-end=\"627\">akumulator o pojemno\u015bci 650 mAh<\/strong> i <strong data-start=\"632\" data-end=\"656\">Szybkie \u0142adowanie typu C<\/strong>, to urz\u0105dzenie zapewnia maksymaln\u0105 wydajno\u015b\u0107 bez marnowania e-liquidu. Wy\u015bwietlacz <strong data-start=\"726\" data-end=\"749\">cyfrowy wy\u015bwietlacz LED<\/strong> pokazuje liczb\u0119 zaci\u0105gni\u0119\u0107 i \u017cywotno\u015b\u0107 baterii w czasie rzeczywistym, zapewniaj\u0105c u\u017cytkownikom sta\u0142\u0105 kontrol\u0119.<\/p>\n<p data-start=\"837\" data-end=\"1032\">Wyposa\u017cony w <strong data-start=\"853\" data-end=\"871\">1.0\u03a9 siatkowa grza\u0142ka<\/strong>, FIHP 12K zapewnia g\u0142adk\u0105 par\u0119 i bogaty smak przy ka\u017cdym zaci\u0105gni\u0119ciu. Dost\u0119pny w <strong data-start=\"952\" data-end=\"984\">mocach nikotyny 2% i 5%<\/strong>, jest odpowiedni zar\u00f3wno dla umiarkowanych, jak i intensywnych waper\u00f3w.<\/p>\n<p data-start=\"1034\" data-end=\"1225\">Dla hurtownik\u00f3w i detalist\u00f3w <strong data-start=\"1069\" data-end=\"1101\">FIHP Digital Box 12000 Puffs<\/strong> oferuje siln\u0105 atrakcyjno\u015b\u0107 rynkow\u0105 dzi\u0119ki rabatom hurtowym i niezawodnym dostawom, co czyni go op\u0142acalnym wyborem do inwentaryzacji w 2025 roku.<\/p>\n<h2 data-start=\"2173\" data-end=\"2228\"><strong data-start=\"2178\" data-end=\"2226\">Ceny hurtowe<\/strong><\/h2>\n<p data-start=\"2229\" data-end=\"2480\">Idealne dla sprzedawc\u00f3w detalicznych, w\u0142a\u015bcicieli sklep\u00f3w z e-papierosami oraz nabywc\u00f3w hurtowych <strong data-start=\"2291\" data-end=\"2328\">FIHP Digital Box 12000 Puffs Vape<\/strong> jest dost\u0119pne w <strong data-start=\"2345\" data-end=\"2369\">niskie ceny hurtowe<\/strong>. Je\u015bli szukasz <strong data-start=\"2399\" data-end=\"2429\">najlepszych jednorazowych e-papieros\u00f3w w hurcie<\/strong>, to jest to pozycja obowi\u0105zkowa w Twoim asortymencie.<\/p>\n<p><strong><span style=\"color: #ff0000;\">Dodaj Amy na WhatsApp, aby uzyska\u0107 szybk\u0105 odpowied\u017a i cen\u0119 ze zni\u017ck\u0105!<\/span><\/strong><\/p>\n<p><img fetchpriority=\"high\" decoding=\"async\" class=\"size-full wp-image-2932\" src=\"https:\/\/vapestornado.com\/wp-content\/uploads\/2024\/12\/Vape-Wholesale.jpg\" alt=\"Hurtowa sprzeda\u017c e-papieros\u00f3w\" width=\"229\" height=\"300\" \/><\/p>\n<h3><a href=\"https:\/\/wa.me\/8617776015835\" target=\"_blank\" rel=\"noopener\"><span style=\"color: #ff0000;\"><strong>WhatsApp: +86 17776015835<\/strong><\/span><\/a><\/h3>\n<p>&nbsp;<\/p>\n<h2><strong>Kluczowe cechy produktu FIHP Digital Box 12000 Puffs<\/strong><\/h2>\n<p>Marka: FIHP<br \/>\nLiczba zaci\u0105gni\u0119\u0107: 12000 zaci\u0105gni\u0119\u0107<br \/>\nRdze\u0144: Grza\u0142ka mesh 1.0ohm<br \/>\nE-liquid: pojemno\u015b\u0107 20ml<br \/>\nNikotyna: 2% i 5%<br \/>\nBateria: 650mAh<br \/>\nAkumulator: Typ-C<br \/>\nWy\u015bwietlacz: Wy\u015bwietlacz LED stanu e-liquidu i baterii<\/p>\n<h2 class=\"product-title\"><strong>FIHP Digital Box 12k Smart Vape Lista smak\u00f3w<\/strong><\/h2>\n<article class=\"group\/turn w-full text-token-text-primary focus-visible:outline-2 focus-visible:outline-offset-[-4px]\" dir=\"auto\" data-testid=\"conversation-turn-61\" data-scroll-anchor=\"true\">\n<div class=\"text-base my-auto mx-auto py-[18px] px-6\">\n<div class=\"mx-auto flex flex-1 text-base gap-4 md:gap-5 lg:gap-6 md:max-w-3xl lg:max-w-[40rem] xl:max-w-[48rem]\">\n<div class=\"group\/conversation-turn relative flex w-full min-w-0 flex-col agent-turn @xs\/thread:px-0 @sm\/thread:px-1.5 @md\/thread:px-4\">\n<div class=\"flex-col gap-1 md:gap-3\">\n<div class=\"flex max-w-full flex-col flex-grow\">\n<div class=\"min-h-8 text-message relative flex w-full flex-col items-end gap-2 whitespace-normal break-words text-start [.text-message+&amp;]:mt-5\" dir=\"auto\" data-message-author-role=\"assistant\" data-message-id=\"762d7e41-70d5-4ddf-94cb-85ef5025d3a8\" data-message-model-slug=\"gpt-4o\">\n<div class=\"flex w-full flex-col gap-1 empty:hidden first:pt-[3px]\">\n<div class=\"markdown prose w-full break-words dark:prose-invert light\">\n<p>01. Lush Ice <strong><span style=\"color: #ff0000;\">&gt;&gt;&gt;&gt; Gor\u0105cy!<\/span><\/strong><br \/>\n02. Grape Ice<br \/>\n03. Wi\u015bnia<br \/>\n04. Jagoda R\u00f3\u017cowa <strong><span style=\"color: #ff0000;\">&gt;&gt;&gt;&gt; Gor\u0105cy!<\/span><\/strong><br \/>\n05. Truskawka Kiwi<br \/>\n06. Mieszane Jagody <strong><span style=\"color: #ff0000;\">&gt;&gt;&gt;&gt; Gor\u0105cy!<\/span><\/strong><br \/>\n07. Truskawka Arbuz<br \/>\n08. Arbuz Guma Balonowa<br \/>\n09. Brzoskwinia Mango Ananas<br \/>\n10. Kiwi Passion Fruit Guava <strong><span style=\"color: #ff0000;\">&gt;&gt;&gt;&gt; Gor\u0105cy!<\/span><\/strong><\/p>\n<\/div>\n<\/div>\n<\/div>\n<\/div>\n<\/div>\n<\/div>\n<\/div>\n<\/div>\n<\/article>\n<article class=\"w-full text-token-text-primary focus-visible:outline-2 focus-visible:outline-offset-[-4px]\" dir=\"auto\" data-testid=\"conversation-turn-32\" data-scroll-anchor=\"false\">\n<div class=\"m-auto text-base py-[18px] px-6\">\n<div class=\"mx-auto flex flex-1 text-base gap-4 md:gap-5 lg:gap-6 md:max-w-3xl lg:max-w-[40rem] xl:max-w-[48rem]\">\n<div class=\"group\/conversation-turn relative flex w-full min-w-0 flex-col @xs\/thread:px-0 @sm\/thread:px-1.5 @md\/thread:px-4\">\n<div class=\"flex-col gap-1 md:gap-3\">\n<div class=\"flex max-w-full flex-col flex-grow\">\n<div class=\"min-h-8 text-message flex w-full flex-col items-end gap-2 whitespace-normal break-words text-start [.text-message+&amp;]:mt-5\" dir=\"auto\" data-message-author-role=\"user\" data-message-id=\"ffac41ca-1db4-431b-873a-32c4052956f1\">\n<div class=\"flex w-full flex-col gap-1 empty:hidden items-end rtl:items-start\">\n<div class=\"relative max-w-[var(--user-chat-width,70%)] rounded-3xl bg-token-message-surface px-5 py-2.5\">\n<div class=\"absolute bottom-0 right-full top-0 -mr-3.5 hidden pr-5 pt-2 [.group\/conversation-turn:hover_&amp;]:flex\">\n<div class=\"flex\">\n<article class=\"w-full text-token-text-primary focus-visible:outline-2 focus-visible:outline-offset-[-4px]\" dir=\"auto\" data-testid=\"conversation-turn-39\" data-scroll-anchor=\"true\">\n<div class=\"m-auto text-base py-[18px] px-6\">\n<div class=\"mx-auto flex flex-1 text-base gap-4 md:gap-5 lg:gap-6 md:max-w-3xl lg:max-w-[40rem] xl:max-w-[48rem]\">\n<div class=\"group\/conversation-turn relative flex w-full min-w-0 flex-col agent-turn @xs\/thread:px-0 @sm\/thread:px-1.5 @md\/thread:px-4\">\n<div class=\"flex-col gap-1 md:gap-3\">\n<div class=\"flex max-w-full flex-col flex-grow\">\n<div class=\"min-h-8 text-message flex w-full flex-col items-end gap-2 whitespace-normal break-words text-start [.text-message+&amp;]:mt-5\" dir=\"auto\" data-message-author-role=\"assistant\" data-message-id=\"55a23854-ec57-48dd-bd4f-6118f43d6241\" data-message-model-slug=\"gpt-4o\">\n<div class=\"flex w-full flex-col gap-1 empty:hidden first:pt-[3px]\">\n<div class=\"markdown prose w-full break-words dark:prose-invert light\">\n<figure id=\"attachment_3835\" aria-describedby=\"caption-attachment-3835\" style=\"width: 800px\" class=\"wp-caption alignnone\"><img decoding=\"async\" class=\"wp-image-3835 size-full\" src=\"https:\/\/vapestornado.com\/wp-content\/uploads\/2025\/03\/FIHP-12000-Puffs-2-5-Low-Nicotine-Disposable-Vape.webp\" alt=\"FIHP 12000 Zaci\u0105gni\u0119\u0107 2% 5% Niska zawarto\u015b\u0107 nikotyny Jednorazowy Vape\" width=\"800\" height=\"800\" srcset=\"https:\/\/vapestornado.com\/wp-content\/uploads\/2025\/03\/FIHP-12000-Puffs-2-5-Low-Nicotine-Disposable-Vape.webp 800w, https:\/\/vapestornado.com\/wp-content\/uploads\/2025\/03\/FIHP-12000-Puffs-2-5-Low-Nicotine-Disposable-Vape-300x300.webp 300w, https:\/\/vapestornado.com\/wp-content\/uploads\/2025\/03\/FIHP-12000-Puffs-2-5-Low-Nicotine-Disposable-Vape-150x150.webp 150w, https:\/\/vapestornado.com\/wp-content\/uploads\/2025\/03\/FIHP-12000-Puffs-2-5-Low-Nicotine-Disposable-Vape-768x768.webp 768w, https:\/\/vapestornado.com\/wp-content\/uploads\/2025\/03\/FIHP-12000-Puffs-2-5-Low-Nicotine-Disposable-Vape-600x600.webp 600w, https:\/\/vapestornado.com\/wp-content\/uploads\/2025\/03\/FIHP-12000-Puffs-2-5-Low-Nicotine-Disposable-Vape-100x100.webp 100w\" sizes=\"(max-width: 800px) 100vw, 800px\" \/><figcaption id=\"caption-attachment-3835\" class=\"wp-caption-text\">FIHP 12000 Zaci\u0105gni\u0119\u0107 2% 5% Niska zawarto\u015b\u0107 nikotyny Jednorazowy Vape<\/figcaption><\/figure>\n<\/div>\n<\/div>\n<\/div>\n<\/div>\n<\/div>\n<\/div>\n<\/div>\n<\/div>\n<\/article>\n<\/div>\n<\/div>\n<\/div>\n<\/div>\n<\/div>\n<\/div>\n<\/div>\n<\/div>\n<\/div>\n<\/div>\n<\/article>\n<h3>Dlaczego warto wybra\u0107 Vapestornado dla hurtowego zam\u00f3wienia cyfrowego papierosa FIHP Digital Box 12000 Puffs?<\/h3>\n<div class=\"flex-shrink-0 flex flex-col relative items-end\">\n<div class=\"pt-0\">\n<div class=\"gizmo-bot-avatar flex h-8 w-8 items-center justify-center overflow-hidden rounded-full\">\n<div class=\"relative p-1 rounded-sm flex items-center justify-center bg-token-main-surface-primary text-token-text-primary h-8 w-8\">\n<p>Je\u015bli chodzi o <strong data-start=\"97\" data-end=\"127\">hurtowe jednorazowe vape<\/strong>, <strong data-start=\"129\" data-end=\"162\">Sklep internetowy Vapestornado<\/strong> to Tw\u00f3j najlepszy cel! Oferujemy <strong data-start=\"202\" data-end=\"230\">konkurencyjne ceny hurtowe<\/strong>, co gwarantuje najlepsze oferty na FIHP Digital Box 12000 Puffs <strong data-start=\"271\" data-end=\"302\">Vape<\/strong> bez kompromis\u00f3w w kwestii jako\u015bci. Z <strong data-start=\"338\" data-end=\"355\">szybk\u0105 wysy\u0142k\u0119<\/strong>, <strong data-start=\"357\" data-end=\"380\">bezpieczne transakcje<\/strong>i szeroki wyb\u00f3r <strong data-start=\"406\" data-end=\"434\">popularne jednorazowe vape<\/strong>, sprawiamy, \u017ce zakupy hurtowe s\u0105 bezproblemowe. Dodatkowo nasz <strong data-start=\"483\" data-end=\"508\">zesp\u00f3\u0142 obs\u0142ugi klienta<\/strong> jest zawsze gotowy do pomocy w zapytaniach hurtowych. Niezale\u017cnie od tego, czy jeste\u015b sprzedawc\u0105 detalicznym, czy dystrybutorem, <strong data-start=\"608\" data-end=\"650\">Vapestornado zapewnia niezr\u00f3wnan\u0105 warto\u015b\u0107<\/strong> na wysokiej jako\u015bci <strong data-start=\"667\" data-end=\"708\">\u0142adowalne vape z inteligentnymi ekranami<\/strong>. Zam\u00f3w ju\u017c dzi\u015b i zaopatrz si\u0119 w najnowsze <strong data-start=\"749\" data-end=\"782\">d\u0142ugotrwa\u0142e jednorazowe vape<\/strong> w najlepszych cenach!<\/p>\n<\/div>\n<h3><\/h3>\n<div class=\"relative p-1 rounded-sm flex items-center justify-center bg-token-main-surface-primary text-token-text-primary h-8 w-8\">\n<h3>Najcz\u0119\u015bciej zadawane pytania dotycz\u0105ce jednorazowego e-papierosa FIHP 12k<\/h3>\n<p data-start=\"2534\" data-end=\"2730\"><strong data-start=\"2534\" data-end=\"2598\">1. Jak d\u0142ugo wystarcza papieros FIHP Digital Box 12000 Puffs?<\/strong><br data-start=\"2598\" data-end=\"2601\" \/>Dzi\u0119ki <strong data-start=\"2606\" data-end=\"2633\">12 000 zaci\u0105gni\u0119\u0107 na urz\u0105dzenie<\/strong>, ten vape jest przeznaczony do d\u0142ugotrwa\u0142ego u\u017cytkowania. Rzeczywista \u017cywotno\u015b\u0107 zale\u017cy od cz\u0119stotliwo\u015bci wapowania.<\/p>\n<p data-start=\"2732\" data-end=\"2928\"><strong data-start=\"2732\" data-end=\"2781\">2. Czy papieros FIHP 12000 Puffs jest wielokrotnego \u0142adowania?<\/strong><br data-start=\"2781\" data-end=\"2784\" \/>Tak! Posiada on <strong data-start=\"2803\" data-end=\"2834\">akumulator o pojemno\u015bci 650 mAh<\/strong> i <strong data-start=\"2841\" data-end=\"2865\">Port \u0142adowania typu C<\/strong>, zapewniaj\u0105c wydajne zarz\u0105dzanie energi\u0105 i d\u0142u\u017csz\u0105 u\u017cyteczno\u015b\u0107.<\/p>\n<p data-start=\"2930\" data-end=\"3100\"><strong data-start=\"2930\" data-end=\"2976\">3. Co pokazuje cyfrowy wy\u015bwietlacz LED?<\/strong><br data-start=\"2976\" data-end=\"2979\" \/>Cyfrowy ekran <strong data-start=\"2983\" data-end=\"2997\">ekran LED<\/strong> wy\u015bwietla <strong data-start=\"3007\" data-end=\"3038\">\u017cywotno\u015bci baterii i liczby zaci\u0105gni\u0119\u0107<\/strong>, pomagaj\u0105c Ci \u015bledzi\u0107 status Twojego papierosa w ka\u017cdej chwili.<\/p>\n<p data-start=\"3102\" data-end=\"3272\"><strong data-start=\"3102\" data-end=\"3147\">4. Jakie s\u0105 dost\u0119pne moce nikotyny?<\/strong><br data-start=\"3147\" data-end=\"3150\" \/>FIHP 12000 jest dost\u0119pny w wersjach <strong data-start=\"3181\" data-end=\"3227\">2% (niska zawarto\u015b\u0107 nikotyny) i 5% (wysoka zawarto\u015b\u0107 nikotyny)<\/strong>, zaspokajaj\u0105c r\u00f3\u017cne preferencje vapingowe.<\/p>\n<p data-start=\"3274\" data-end=\"3531\"><strong data-start=\"3274\" data-end=\"3355\">5. Gdzie mog\u0119 kupi\u0107 papieros FIHP Digital Box 12000 Puffs w cenach hurtowych?<\/strong><br data-start=\"3355\" data-end=\"3358\" \/>W celu <strong data-start=\"3362\" data-end=\"3397\">zam\u00f3wienia hurtowe i oferty hurtowe<\/strong>, odwied\u017a <strong data-start=\"3405\" data-end=\"3438\">Sklep internetowy Vapestornado<\/strong>, najlepsze miejsce na zdobycie <strong data-start=\"3462\" data-end=\"3506\">przyst\u0119pnych cenowo jednorazowych e-papieros\u00f3w z mo\u017cliwo\u015bci\u0105 \u0142adowania<\/strong> z funkcjami premium.<\/p>\n<\/div>\n<\/div>\n<\/div>\n<\/div>","protected":false},"excerpt":{"rendered":"<p>FIHP Digital Box 12k 12000 Puff Jednorazowy Vape Najlepsza Cena<br \/>\nFIHP Digital Box 12000 Jednorazowy Vape z Ekranem Hurtowo w Polsce<br \/>\nFIHP 12000 Jednorazowy Vape Digital Box Najlepszy Smak na Sprzeda\u017c<\/p>\n<p><strong>Dodaj Amy na WhatsApp, aby uzyska\u0107 w\u0142a\u015bciw\u0105 odpowied\u017a i cen\u0119 z rabatem!<\/strong><\/p>\n<p><img fetchpriority=\"high\" decoding=\"async\" class=\"size-full wp-image-2932\" src=\"https:\/\/vapestornado.com\/wp-content\/uploads\/2024\/12\/Vape-Wholesale.jpg\" alt=\"Hurtowa sprzeda\u017c e-papieros\u00f3w\" width=\"229\" height=\"300\" \/><\/p>\n<h3><a href=\"https:\/\/wa.me\/8617776015835\"><span style=\"color: #ff0000;\"><strong>WhatsApp: +86 17776015835<\/strong><\/span><\/a><\/h3>\n<p>&nbsp;<\/p>","protected":false},"featured_media":3837,"comment_status":"open","ping_status":"closed","template":"","meta":{"_acf_changed":false,"_uag_custom_page_level_css":"","_lmt_disableupdate":"no","_lmt_disable":"","_monsterinsights_skip_tracking":false,"_monsterinsights_sitenote_active":false,"_monsterinsights_sitenote_note":"","_monsterinsights_sitenote_category":0,"site-sidebar-layout":"default","site-content-layout":"","ast-site-content-layout":"default","site-content-style":"default","site-sidebar-style":"default","ast-global-header-display":"","ast-banner-title-visibility":"","ast-main-header-display":"","ast-hfb-above-header-display":"","ast-hfb-below-header-display":"","ast-hfb-mobile-header-display":"","site-post-title":"","ast-breadcrumbs-content":"","ast-featured-img":"","footer-sml-layout":"","ast-disable-related-posts":"","theme-transparent-header-meta":"default","adv-header-id-meta":"","stick-header-meta":"","header-above-stick-meta":"","header-main-stick-meta":"","header-below-stick-meta":"","astra-migrate-meta-layouts":"set","ast-page-background-enabled":"default","ast-page-background-meta":{"desktop":{"background-color":"","background-image":"","background-repeat":"repeat","background-position":"center center","background-size":"auto","background-attachment":"scroll","background-type":"","background-media":"","overlay-type":"","overlay-color":"","overlay-opacity":"","overlay-gradient":""},"tablet":{"background-color":"","background-image":"","background-repeat":"repeat","background-position":"center center","background-size":"auto","background-attachment":"scroll","background-type":"","background-media":"","overlay-type":"","overlay-color":"","overlay-opacity":"","overlay-gradient":""},"mobile":{"background-color":"","background-image":"","background-repeat":"repeat","background-position":"center center","background-size":"auto","background-attachment":"scroll","background-type":"","background-media":"","overlay-type":"","overlay-color":"","overlay-opacity":"","overlay-gradient":""}},"ast-content-background-meta":{"desktop":{"background-color":"var(--ast-global-color-5)","background-image":"","background-repeat":"repeat","background-position":"center center","background-size":"auto","background-attachment":"scroll","background-type":"","background-media":"","overlay-type":"","overlay-color":"","overlay-opacity":"","overlay-gradient":""},"tablet":{"background-color":"var(--ast-global-color-5)","background-image":"","background-repeat":"repeat","background-position":"center center","background-size":"auto","background-attachment":"scroll","background-type":"","background-media":"","overlay-type":"","overlay-color":"","overlay-opacity":"","overlay-gradient":""},"mobile":{"background-color":"var(--ast-global-color-5)","background-image":"","background-repeat":"repeat","background-position":"center center","background-size":"auto","background-attachment":"scroll","background-type":"","background-media":"","overlay-type":"","overlay-color":"","overlay-opacity":"","overlay-gradient":""}},"_joinchat":{"telephone":"17776015835"}},"product_brand":[],"product_cat":[19,72,153,154,158,144,146,60],"product_tag":[105,257,256,97,94,241,93],"class_list":{"0":"post-3862","1":"product","2":"type-product","3":"status-publish","4":"has-post-thumbnail","6":"product_cat-vapes","7":"product_cat-12000-puff","8":"product_cat-buy-disposable-vapes-in-italy","9":"product_cat-buy-disposable-vapes-in-netherlands","10":"product_cat-buy-disposable-vapes-in-spain","11":"product_cat-low-nicotine-disposable-vapes","12":"product_cat-rechargeable-disposable-vapes","13":"product_cat-waspe-fihp-vape","14":"product_tag-digital-disposable-vape","15":"product_tag-fihp-12000","16":"product_tag-fihp-digital-box-12k","17":"product_tag-hot-sale-disposable-vape","18":"product_tag-rechargeable-disposable-vape","19":"product_tag-smart-screen-disposable-vape","20":"product_tag-vape-wholesale","21":"desktop-align-left","22":"tablet-align-left","23":"mobile-align-left","25":"first","26":"instock","27":"sale","28":"shipping-taxable","29":"purchasable","30":"product-type-simple"},"acf":[],"uagb_featured_image_src":{"full":["https:\/\/vapestornado.com\/wp-content\/uploads\/2025\/03\/FIHP-Digital-Box-12000-Puff-Rechargeable-Vape.webp",800,800,false],"thumbnail":["https:\/\/vapestornado.com\/wp-content\/uploads\/2025\/03\/FIHP-Digital-Box-12000-Puff-Rechargeable-Vape-150x150.webp",150,150,true],"medium":["https:\/\/vapestornado.com\/wp-content\/uploads\/2025\/03\/FIHP-Digital-Box-12000-Puff-Rechargeable-Vape-300x300.webp",300,300,true],"medium_large":["https:\/\/vapestornado.com\/wp-content\/uploads\/2025\/03\/FIHP-Digital-Box-12000-Puff-Rechargeable-Vape-768x768.webp",768,768,true],"large":["https:\/\/vapestornado.com\/wp-content\/uploads\/2025\/03\/FIHP-Digital-Box-12000-Puff-Rechargeable-Vape.webp",800,800,false],"1536x1536":["https:\/\/vapestornado.com\/wp-content\/uploads\/2025\/03\/FIHP-Digital-Box-12000-Puff-Rechargeable-Vape.webp",800,800,false],"2048x2048":["https:\/\/vapestornado.com\/wp-content\/uploads\/2025\/03\/FIHP-Digital-Box-12000-Puff-Rechargeable-Vape.webp",800,800,false],"trp-custom-language-flag":["https:\/\/vapestornado.com\/wp-content\/uploads\/2025\/03\/FIHP-Digital-Box-12000-Puff-Rechargeable-Vape.webp",12,12,false],"woocommerce_thumbnail":["https:\/\/vapestornado.com\/wp-content\/uploads\/2025\/03\/FIHP-Digital-Box-12000-Puff-Rechargeable-Vape-300x300.webp",300,300,true],"woocommerce_single":["https:\/\/vapestornado.com\/wp-content\/uploads\/2025\/03\/FIHP-Digital-Box-12000-Puff-Rechargeable-Vape-600x600.webp",600,600,true],"woocommerce_gallery_thumbnail":["https:\/\/vapestornado.com\/wp-content\/uploads\/2025\/03\/FIHP-Digital-Box-12000-Puff-Rechargeable-Vape-100x100.webp",100,100,true]},"uagb_author_info":{"display_name":"ESAMY","author_link":"https:\/\/vapestornado.com\/pl\/author\/"},"uagb_comment_info":0,"uagb_excerpt":"FIHP Digital Box 12k 12000 Puff Disposable Vape Best Price FIHP Digital Box 12000 Screen Disposable Vape Wholelesale in Poland FIHP 12000 Digital Disposable Vape Box Best Flavor on Sale Add Amy's whatsapp to get right reply and discount price! WhatsApp: +86 17776015835 &nbsp;","_links":{"self":[{"href":"https:\/\/vapestornado.com\/pl\/wp-json\/wp\/v2\/product\/3862","targetHints":{"allow":["GET"]}}],"collection":[{"href":"https:\/\/vapestornado.com\/pl\/wp-json\/wp\/v2\/product"}],"about":[{"href":"https:\/\/vapestornado.com\/pl\/wp-json\/wp\/v2\/types\/product"}],"replies":[{"embeddable":true,"href":"https:\/\/vapestornado.com\/pl\/wp-json\/wp\/v2\/comments?post=3862"}],"wp:featuredmedia":[{"embeddable":true,"href":"https:\/\/vapestornado.com\/pl\/wp-json\/wp\/v2\/media\/3837"}],"wp:attachment":[{"href":"https:\/\/vapestornado.com\/pl\/wp-json\/wp\/v2\/media?parent=3862"}],"wp:term":[{"taxonomy":"product_brand","embeddable":true,"href":"https:\/\/vapestornado.com\/pl\/wp-json\/wp\/v2\/product_brand?post=3862"},{"taxonomy":"product_cat","embeddable":true,"href":"https:\/\/vapestornado.com\/pl\/wp-json\/wp\/v2\/product_cat?post=3862"},{"taxonomy":"product_tag","embeddable":true,"href":"https:\/\/vapestornado.com\/pl\/wp-json\/wp\/v2\/product_tag?post=3862"}],"curies":[{"name":"wp","href":"https:\/\/api.w.org\/{rel}","templated":true}]}}