{"id":3861,"date":"2025-03-16T09:21:11","date_gmt":"2025-03-16T09:21:11","guid":{"rendered":"https:\/\/vapestornado.com\/?post_type=product&#038;p=3861"},"modified":"2025-08-23T10:42:12","modified_gmt":"2025-08-23T10:42:12","slug":"waspe-fihp-30000-puffs-smart-screen-vape-2-5-nicotine-wholesal","status":"publish","type":"product","link":"https:\/\/vapestornado.com\/pl\/product\/waspe-fihp-30000-puffs-smart-screen-vape-2-5-nicotine-wholesal\/","title":{"rendered":"WASPE FIHP 30000 Puffs Smart Screen Vape 2% 5% Nikotyna Hurt"},"content":{"rendered":"<h1 data-pm-slice=\"1 1 []\">WASPE FIHP 30000 Puffs Smart Screen Vape 2% 5% Nikotyna Hurt<\/h1>\n<p data-start=\"293\" data-end=\"589\">Cyfrowy ekran <strong data-start=\"297\" data-end=\"341\">WASPE FIHP 30000 Chmurek Inteligentny Ekran Vape<\/strong> jest przeznaczony dla europejskich hurtownik\u00f3w i sprzedawc\u00f3w detalicznych poszukuj\u0105cych bogatego w funkcje, d\u0142ugotrwa\u0142ego jednorazowego produktu. Z pojemno\u015bci\u0105 do <strong data-start=\"453\" data-end=\"469\">30 000 zaci\u0105gni\u0119\u0107<\/strong>, a <strong data-start=\"473\" data-end=\"495\">28 ml zbiornika na liquid<\/strong>, oraz w <strong data-start=\"501\" data-end=\"530\">technologia podw\u00f3jnej siatki grzewczej<\/strong>, zapewnia sta\u0142\u0105 par\u0119 i p\u0142ynne dostarczanie smaku.<\/p>\n<p data-start=\"591\" data-end=\"734\">Zasilany przez <strong data-start=\"605\" data-end=\"636\">akumulator 850mAh<\/strong> z <strong data-start=\"642\" data-end=\"666\">Szybkie \u0142adowanie typu C<\/strong>, FIHP 30K minimalizuje przestoje. Oferuje <strong data-start=\"711\" data-end=\"731\">dw\u00f3m trybom wapowania<\/strong>:<\/p>\n<ul data-start=\"735\" data-end=\"875\">\n<li data-start=\"735\" data-end=\"791\">\n<p data-start=\"737\" data-end=\"791\"><strong data-start=\"737\" data-end=\"753\">Tryb Regularny<\/strong> dla maksymalnej liczby zaci\u0105gni\u0119\u0107 (do 30 tys.).<\/p>\n<\/li>\n<li data-start=\"792\" data-end=\"875\">\n<p data-start=\"794\" data-end=\"875\"><strong data-start=\"794\" data-end=\"808\">Tryb Pulsacyjny<\/strong> dla zwi\u0119kszonej g\u0119sto\u015bci pary i bogatszego smaku (oko\u0142o 15 tys. zaci\u0105gni\u0119\u0107).<\/p>\n<\/li>\n<\/ul>\n<p data-start=\"877\" data-end=\"1104\">Cyfrowy ekran <strong data-start=\"881\" data-end=\"902\">Inteligentny wy\u015bwietlacz LED<\/strong> informuje u\u017cytkownik\u00f3w o poziomie na\u0142adowania baterii, poziomie liquidu i ustawieniach trybu. Dzi\u0119ki <strong data-start=\"981\" data-end=\"1003\">regulowanym przep\u0142ywem powietrza<\/strong>, u\u017cytkownicy mog\u0105 wybiera\u0107 mi\u0119dzy cia\u015bniejszymi zaci\u0105gni\u0119ciami a bardziej otwartym wdechem, dopasowuj\u0105c si\u0119 do r\u00f3\u017cnych preferencji.<\/p>\n<p data-start=\"1106\" data-end=\"1387\">Dost\u0119pne w <strong data-start=\"1119\" data-end=\"1151\">mocach nikotyny 2% i 5%<\/strong> i <strong data-start=\"1156\" data-end=\"1177\">16 opcji smakowych<\/strong>, <strong data-start=\"1183\" data-end=\"1206\">WASPE FIHP 30K Vape<\/strong> jest odpowiedni dla r\u00f3\u017cnorodnych potrzeb klient\u00f3w. Dla dystrybutor\u00f3w, jego po\u0142\u0105czenie <strong data-start=\"1284\" data-end=\"1347\">pojemno\u015bci, inteligentnych funkcji i konkurencyjnych cen hurtowych<\/strong> czyni go op\u0142acalnym wyborem w 2025 roku.<\/p>\n<p><strong><span style=\"color: #ff0000;\">Dodaj Amy na WhatsApp, aby uzyska\u0107 szybk\u0105 odpowied\u017a i cen\u0119 ze zni\u017ck\u0105!<\/span><\/strong><\/p>\n<p><img fetchpriority=\"high\" decoding=\"async\" class=\"size-full wp-image-2932\" src=\"https:\/\/vapestornado.com\/wp-content\/uploads\/2024\/12\/Vape-Wholesale.jpg\" alt=\"Hurtowa sprzeda\u017c e-papieros\u00f3w\" width=\"229\" height=\"300\" \/><\/p>\n<h3><a href=\"https:\/\/wa.me\/8617776015835\" target=\"_blank\" rel=\"noopener\"><span style=\"color: #ff0000;\"><strong>WhatsApp: +86 17776015835<\/strong><\/span><\/a><\/h3>\n<p>&nbsp;<\/p>\n<h2><strong>WASPE FIHP 30000 Zaci\u0105gni\u0119\u0107 - Kluczowe cechy produktu<\/strong><\/h2>\n<p>\u2022 Wst\u0119pnie nape\u0142niony 28 ml e-liquidu<br \/>\n\u2022 Tryb podw\u00f3jny: Regularny (30000 zaci\u0105gni\u0119\u0107)<br \/>\n\u2022 Wbudowana bateria 850 mAh (\u0142adowana przez Type-C)<br \/>\n\u2022 Podw\u00f3jne grza\u0142ki siatkowe (1ohm+1ohm)<br \/>\n\u2022 Ekran LED wy\u015bwietlaj\u0105cy poziom baterii i oleju<br \/>\n\u2022 Regulowany przep\u0142yw powietrza<br \/>\n\u2022 Dost\u0119pnych 16 smak\u00f3w<\/p>\n<figure id=\"attachment_3844\" aria-describedby=\"caption-attachment-3844\" style=\"width: 800px\" class=\"wp-caption alignnone\"><img decoding=\"async\" class=\"wp-image-3844 size-full\" src=\"https:\/\/vapestornado.com\/wp-content\/uploads\/2025\/03\/WASPE-FIHP-30000-Puffs-Rechargeable-Disposable-Vape.jpg\" alt=\"WASPE FIHP 30000 Zaci\u0105gni\u0119\u0107 Jednorazowy Vape z mo\u017cliwo\u015bci\u0105 \u0142adowania\" width=\"800\" height=\"800\" srcset=\"https:\/\/vapestornado.com\/wp-content\/uploads\/2025\/03\/WASPE-FIHP-30000-Puffs-Rechargeable-Disposable-Vape.jpg 800w, https:\/\/vapestornado.com\/wp-content\/uploads\/2025\/03\/WASPE-FIHP-30000-Puffs-Rechargeable-Disposable-Vape-300x300.jpg 300w, https:\/\/vapestornado.com\/wp-content\/uploads\/2025\/03\/WASPE-FIHP-30000-Puffs-Rechargeable-Disposable-Vape-150x150.jpg 150w, https:\/\/vapestornado.com\/wp-content\/uploads\/2025\/03\/WASPE-FIHP-30000-Puffs-Rechargeable-Disposable-Vape-768x768.jpg 768w, https:\/\/vapestornado.com\/wp-content\/uploads\/2025\/03\/WASPE-FIHP-30000-Puffs-Rechargeable-Disposable-Vape-600x600.jpg 600w, https:\/\/vapestornado.com\/wp-content\/uploads\/2025\/03\/WASPE-FIHP-30000-Puffs-Rechargeable-Disposable-Vape-100x100.jpg 100w\" sizes=\"(max-width: 800px) 100vw, 800px\" \/><figcaption id=\"caption-attachment-3844\" class=\"wp-caption-text\">WASPE FIHP 30000 Zaci\u0105gni\u0119\u0107 Jednorazowy Vape z mo\u017cliwo\u015bci\u0105 \u0142adowania<\/figcaption><\/figure>\n<h2 class=\"product-title\"><strong>Lista Smak\u00f3w Inteligentnego Vape WASPE FIHP 30K Zaci\u0105gni\u0119\u0107<\/strong><\/h2>\n<article class=\"group\/turn w-full text-token-text-primary focus-visible:outline-2 focus-visible:outline-offset-[-4px]\" dir=\"auto\" data-testid=\"conversation-turn-61\" data-scroll-anchor=\"true\">\n<div class=\"text-base my-auto mx-auto py-[18px] px-6\">\n<div class=\"mx-auto flex flex-1 text-base gap-4 md:gap-5 lg:gap-6 md:max-w-3xl lg:max-w-[40rem] xl:max-w-[48rem]\">\n<div class=\"group\/conversation-turn relative flex w-full min-w-0 flex-col agent-turn @xs\/thread:px-0 @sm\/thread:px-1.5 @md\/thread:px-4\">\n<div class=\"flex-col gap-1 md:gap-3\">\n<div class=\"flex max-w-full flex-col flex-grow\">\n<div class=\"min-h-8 text-message relative flex w-full flex-col items-end gap-2 whitespace-normal break-words text-start [.text-message+&amp;]:mt-5\" dir=\"auto\" data-message-author-role=\"assistant\" data-message-id=\"762d7e41-70d5-4ddf-94cb-85ef5025d3a8\" data-message-model-slug=\"gpt-4o\">\n<div class=\"flex w-full flex-col gap-1 empty:hidden first:pt-[3px]\">\n<div class=\"markdown prose w-full break-words dark:prose-invert light\">\n<p>1. Arbuzowy L\u00f3d <strong><span style=\"color: #ff0000;\">&gt;&gt;&gt;&gt; Gor\u0105cy!<\/span><\/strong><br \/>\n2. Wi\u015bniowy L\u00f3d<br \/>\n3. Winogronowy L\u00f3d<br \/>\n4. Brzoskwiniowa Jagoda <strong><span style=\"color: #ff0000;\">&gt;&gt;&gt;&gt; Gor\u0105cy!<\/span><\/strong><br \/>\n5. Truskawkowe Mango<br \/>\n6. Truskawkowe Kiwi<br \/>\n7. Mieszanka Jag\u00f3d<br \/>\n8. Jagodowa Malina <strong><span style=\"color: #ff0000;\">&gt;&gt;&gt;&gt; Gor\u0105cy!<\/span><\/strong><br \/>\n9. Truskawkowy Arbuz <strong><span style=\"color: #ff0000;\">&gt;&gt;&gt;&gt; Najlepszy!<\/span><\/strong><br \/>\n10. Kiwi Marakuja Gujawa<br \/>\n11. Truskawkowy Red Bull<br \/>\n12. Arbuz Mango Brzoskwinia <strong><span style=\"color: #ff0000;\">&gt;&gt;&gt;&gt; Gor\u0105cy!<\/span><\/strong><br \/>\n13. Podw\u00f3jne Jab\u0142ko z Lodem<br \/>\n14. Arbuzowa Guma Balonowa<br \/>\n15. Truskawkowa Malina Wi\u015bnia <strong><span style=\"color: #ff0000;\">&gt;&gt;&gt;&gt; Gor\u0105cy!<\/span><\/strong><br \/>\n16. Jagoda z lodem<\/p>\n<\/div>\n<\/div>\n<\/div>\n<\/div>\n<\/div>\n<\/div>\n<\/div>\n<\/div>\n<\/article>\n<article class=\"w-full text-token-text-primary focus-visible:outline-2 focus-visible:outline-offset-[-4px]\" dir=\"auto\" data-testid=\"conversation-turn-32\" data-scroll-anchor=\"false\">\n<div class=\"m-auto text-base py-[18px] px-6\">\n<div class=\"mx-auto flex flex-1 text-base gap-4 md:gap-5 lg:gap-6 md:max-w-3xl lg:max-w-[40rem] xl:max-w-[48rem]\">\n<div class=\"group\/conversation-turn relative flex w-full min-w-0 flex-col @xs\/thread:px-0 @sm\/thread:px-1.5 @md\/thread:px-4\">\n<div class=\"flex-col gap-1 md:gap-3\">\n<div class=\"flex max-w-full flex-col flex-grow\">\n<div class=\"min-h-8 text-message flex w-full flex-col items-end gap-2 whitespace-normal break-words text-start [.text-message+&amp;]:mt-5\" dir=\"auto\" data-message-author-role=\"user\" data-message-id=\"ffac41ca-1db4-431b-873a-32c4052956f1\">\n<div class=\"flex w-full flex-col gap-1 empty:hidden items-end rtl:items-start\">\n<div class=\"relative max-w-[var(--user-chat-width,70%)] rounded-3xl bg-token-message-surface px-5 py-2.5\">\n<div class=\"absolute bottom-0 right-full top-0 -mr-3.5 hidden pr-5 pt-2 [.group\/conversation-turn:hover_&amp;]:flex\">\n<div class=\"flex\">\n<article class=\"w-full text-token-text-primary focus-visible:outline-2 focus-visible:outline-offset-[-4px]\" dir=\"auto\" data-testid=\"conversation-turn-39\" data-scroll-anchor=\"true\">\n<div class=\"m-auto text-base py-[18px] px-6\">\n<div class=\"mx-auto flex flex-1 text-base gap-4 md:gap-5 lg:gap-6 md:max-w-3xl lg:max-w-[40rem] xl:max-w-[48rem]\">\n<div class=\"group\/conversation-turn relative flex w-full min-w-0 flex-col agent-turn @xs\/thread:px-0 @sm\/thread:px-1.5 @md\/thread:px-4\">\n<div class=\"flex-col gap-1 md:gap-3\">\n<div class=\"flex max-w-full flex-col flex-grow\">\n<div class=\"min-h-8 text-message flex w-full flex-col items-end gap-2 whitespace-normal break-words text-start [.text-message+&amp;]:mt-5\" dir=\"auto\" data-message-author-role=\"assistant\" data-message-id=\"55a23854-ec57-48dd-bd4f-6118f43d6241\" data-message-model-slug=\"gpt-4o\">\n<div class=\"flex w-full flex-col gap-1 empty:hidden first:pt-[3px]\">\n<div class=\"markdown prose w-full break-words dark:prose-invert light\"><\/div>\n<\/div>\n<\/div>\n<\/div>\n<\/div>\n<\/div>\n<\/div>\n<\/div>\n<\/article>\n<\/div>\n<\/div>\n<\/div>\n<\/div>\n<\/div>\n<\/div>\n<\/div>\n<\/div>\n<\/div>\n<\/div>\n<\/article>\n<h2>Dlaczego warto wybra\u0107 Vapestornado do hurtowego zam\u00f3wienia inteligentnego vape FIHP 30000 Puffs?<\/h2>\n<div class=\"flex-shrink-0 flex flex-col relative items-end\">\n<div class=\"pt-0\">\n<div class=\"gizmo-bot-avatar flex h-8 w-8 items-center justify-center overflow-hidden rounded-full\">\n<div class=\"relative p-1 rounded-sm flex items-center justify-center bg-token-main-surface-primary text-token-text-primary h-8 w-8\">\n<p>Je\u015bli chodzi o <strong data-start=\"97\" data-end=\"127\">hurtowe jednorazowe vape<\/strong>, <strong data-start=\"129\" data-end=\"162\">Sklep internetowy Vapestornado<\/strong> to Tw\u00f3j najlepszy cel! Oferujemy <strong data-start=\"202\" data-end=\"230\">konkurencyjne ceny hurtowe<\/strong>, zapewniaj\u0105c najlepsze oferty na <strong data-start=\"271\" data-end=\"302\">Inteligentny vape FIHP 30000 Puffs<\/strong> bez kompromis\u00f3w w kwestii jako\u015bci. Z <strong data-start=\"338\" data-end=\"355\">szybk\u0105 wysy\u0142k\u0119<\/strong>, <strong data-start=\"357\" data-end=\"380\">bezpieczne transakcje<\/strong>i szeroki wyb\u00f3r <strong data-start=\"406\" data-end=\"434\">popularne jednorazowe vape<\/strong>, sprawiamy, \u017ce zakupy hurtowe s\u0105 bezproblemowe. Dodatkowo nasz <strong data-start=\"483\" data-end=\"508\">zesp\u00f3\u0142 obs\u0142ugi klienta<\/strong> jest zawsze gotowy do pomocy w zapytaniach hurtowych. Niezale\u017cnie od tego, czy jeste\u015b sprzedawc\u0105 detalicznym, czy dystrybutorem, <strong data-start=\"608\" data-end=\"650\">Vapestornado zapewnia niezr\u00f3wnan\u0105 warto\u015b\u0107<\/strong> na wysokiej jako\u015bci <strong data-start=\"667\" data-end=\"708\">\u0142adowalne vape z inteligentnymi ekranami<\/strong>. Zam\u00f3w ju\u017c dzi\u015b i zaopatrz si\u0119 w najnowsze <strong data-start=\"749\" data-end=\"782\">d\u0142ugotrwa\u0142e jednorazowe vape<\/strong> w najlepszych cenach!<\/p>\n<\/div>\n<h3><\/h3>\n<div class=\"relative p-1 rounded-sm flex items-center justify-center bg-token-main-surface-primary text-token-text-primary h-8 w-8\">\n<h2>FAQ dla WASPE30000 Puffs Smart Jednorazowy E-Papieros<\/h2>\n<p data-start=\"1945\" data-end=\"2182\"><strong data-start=\"1945\" data-end=\"2010\">1. Jak d\u0142ugo dzia\u0142a FIHP 30000 Puffs Smart Screen Vape?<\/strong><br data-start=\"2010\" data-end=\"2013\" \/>\u017bywotno\u015b\u0107 zale\u017cy od Twojego stylu wapowania. W <strong data-start=\"2059\" data-end=\"2075\">Tryb Regularny<\/strong>, otrzymujesz do <strong data-start=\"2091\" data-end=\"2107\">30 000 zaci\u0105gni\u0119\u0107<\/strong>, podczas gdy <strong data-start=\"2115\" data-end=\"2129\">Tryb Pulsacyjny<\/strong> zapewnia <strong data-start=\"2139\" data-end=\"2155\">15 000 zaci\u0105gni\u0119\u0107<\/strong> z intensywnym smakiem.<\/p>\n<p data-start=\"2184\" data-end=\"2353\"><strong data-start=\"2184\" data-end=\"2221\">2. Czy mog\u0119 na\u0142adowa\u0107 FIHP 30000?<\/strong><br data-start=\"2221\" data-end=\"2224\" \/>Tak! Ten vape posiada <strong data-start=\"2251\" data-end=\"2282\">akumulator 850mAh<\/strong> i u\u017cywa <strong data-start=\"2294\" data-end=\"2318\">Port \u0142adowania typu C<\/strong> dla szybkiego i wydajnego \u0142adowania.<\/p>\n<p data-start=\"2355\" data-end=\"2561\"><strong data-start=\"2355\" data-end=\"2402\">3. Jaka jest korzy\u015b\u0107 z inteligentnego ekranu?<\/strong><br data-start=\"2402\" data-end=\"2405\" \/>Cyfrowy ekran <strong data-start=\"2409\" data-end=\"2430\">Inteligentny wy\u015bwietlacz LED<\/strong> \u015bledzi twoje <strong data-start=\"2451\" data-end=\"2499\">\u017cywotno\u015b\u0107 baterii, poziom e-liquidu i liczb\u0119 zaci\u0105gni\u0119\u0107<\/strong>, dostarczaj\u0105c dane w czasie rzeczywistym dla p\u0142ynnego wapowania.<\/p>\n<p data-start=\"2563\" data-end=\"2758\"><strong data-start=\"2563\" data-end=\"2614\">4. Czy FIHP 30000 ma regulowany przep\u0142yw powietrza?<\/strong><br data-start=\"2614\" data-end=\"2617\" \/>Tak! Mo\u017cesz modyfikowa\u0107 <strong data-start=\"2641\" data-end=\"2660\">ustawienie przep\u0142ywu powietrza<\/strong> aby uzyska\u0107 <strong data-start=\"2670\" data-end=\"2696\">cia\u015bniejszy lub lu\u017aniejszy ci\u0105g<\/strong>, poprawiaj\u0105c wra\u017cenia z wapowania, aby dopasowa\u0107 je do Twoich preferencji.<\/p>\n<p data-start=\"2760\" data-end=\"2995\"><strong data-start=\"2760\" data-end=\"2818\">5. Gdzie mog\u0119 kupi\u0107 FIHP 30000 w cenach hurtowych?<\/strong><br data-start=\"2818\" data-end=\"2821\" \/>W celu <strong data-start=\"2825\" data-end=\"2863\">zakup\u00f3w hurtowych i ofert hurtowych<\/strong>, odwied\u017a <strong data-start=\"2871\" data-end=\"2904\">Sklep internetowy Vapestornado<\/strong> \u2013 Twoje zaufane \u017ar\u00f3d\u0142o <strong data-start=\"2931\" data-end=\"2962\">przyst\u0119pnych cenowo jednorazowych e-papieros\u00f3w<\/strong> z <strong data-start=\"2968\" data-end=\"2992\">najwy\u017csz\u0105 wydajno\u015bci\u0105<\/strong>.<\/p>\n<\/div>\n<\/div>\n<\/div>\n<\/div>","protected":false},"excerpt":{"rendered":"<p>Cyfrowy ekran <strong data-start=\"1431\" data-end=\"1462\">WASPE FIHP 30000 Chmurek Vape<\/strong> oferuje podw\u00f3jne tryby wapowania, inteligentne monitorowanie ekranu i 28 ml liquidu. Pot\u0119\u017cna opcja z mo\u017cliwo\u015bci\u0105 \u0142adowania dla <strong data-start=\"1570\" data-end=\"1606\">europejskich rynk\u00f3w hurtowej sprzeda\u017cy e-papieros\u00f3w<\/strong>.<\/p>\n<p><strong>Dodaj Amy na WhatsApp, aby uzyska\u0107 w\u0142a\u015bciw\u0105 odpowied\u017a i cen\u0119 z rabatem!<\/strong><\/p>\n<p><img fetchpriority=\"high\" decoding=\"async\" class=\"size-full wp-image-2932\" src=\"https:\/\/vapestornado.com\/wp-content\/uploads\/2024\/12\/Vape-Wholesale.jpg\" alt=\"Hurtowa sprzeda\u017c e-papieros\u00f3w\" width=\"229\" height=\"300\" \/><\/p>\n<h3><a href=\"https:\/\/wa.me\/8617776015835\"><span style=\"color: #ff0000;\"><strong>WhatsApp: +86 17776015835<\/strong><\/span><\/a><\/h3>\n<p>&nbsp;<\/p>","protected":false},"featured_media":3840,"comment_status":"open","ping_status":"closed","template":"","meta":{"_acf_changed":false,"_uag_custom_page_level_css":"","_lmt_disableupdate":"no","_lmt_disable":"","_monsterinsights_skip_tracking":false,"_monsterinsights_sitenote_active":false,"_monsterinsights_sitenote_note":"","_monsterinsights_sitenote_category":0,"site-sidebar-layout":"default","site-content-layout":"","ast-site-content-layout":"default","site-content-style":"default","site-sidebar-style":"default","ast-global-header-display":"","ast-banner-title-visibility":"","ast-main-header-display":"","ast-hfb-above-header-display":"","ast-hfb-below-header-display":"","ast-hfb-mobile-header-display":"","site-post-title":"","ast-breadcrumbs-content":"","ast-featured-img":"","footer-sml-layout":"","ast-disable-related-posts":"","theme-transparent-header-meta":"default","adv-header-id-meta":"","stick-header-meta":"","header-above-stick-meta":"","header-main-stick-meta":"","header-below-stick-meta":"","astra-migrate-meta-layouts":"set","ast-page-background-enabled":"default","ast-page-background-meta":{"desktop":{"background-color":"","background-image":"","background-repeat":"repeat","background-position":"center center","background-size":"auto","background-attachment":"scroll","background-type":"","background-media":"","overlay-type":"","overlay-color":"","overlay-opacity":"","overlay-gradient":""},"tablet":{"background-color":"","background-image":"","background-repeat":"repeat","background-position":"center center","background-size":"auto","background-attachment":"scroll","background-type":"","background-media":"","overlay-type":"","overlay-color":"","overlay-opacity":"","overlay-gradient":""},"mobile":{"background-color":"","background-image":"","background-repeat":"repeat","background-position":"center center","background-size":"auto","background-attachment":"scroll","background-type":"","background-media":"","overlay-type":"","overlay-color":"","overlay-opacity":"","overlay-gradient":""}},"ast-content-background-meta":{"desktop":{"background-color":"var(--ast-global-color-5)","background-image":"","background-repeat":"repeat","background-position":"center center","background-size":"auto","background-attachment":"scroll","background-type":"","background-media":"","overlay-type":"","overlay-color":"","overlay-opacity":"","overlay-gradient":""},"tablet":{"background-color":"var(--ast-global-color-5)","background-image":"","background-repeat":"repeat","background-position":"center center","background-size":"auto","background-attachment":"scroll","background-type":"","background-media":"","overlay-type":"","overlay-color":"","overlay-opacity":"","overlay-gradient":""},"mobile":{"background-color":"var(--ast-global-color-5)","background-image":"","background-repeat":"repeat","background-position":"center center","background-size":"auto","background-attachment":"scroll","background-type":"","background-media":"","overlay-type":"","overlay-color":"","overlay-opacity":"","overlay-gradient":""}},"_joinchat":{"telephone":"17776015835"}},"product_brand":[],"product_cat":[19,67,151,154,142,146,60],"product_tag":[105,97,250,94,241,93,101,255],"class_list":{"0":"post-3861","1":"product","2":"type-product","3":"status-publish","4":"has-post-thumbnail","6":"product_cat-vapes","7":"product_cat-30000-puff","8":"product_cat-buy-disposable-vapes-in-france","9":"product_cat-buy-disposable-vapes-in-netherlands","10":"product_cat-digital-box-disposable-vapes","11":"product_cat-rechargeable-disposable-vapes","12":"product_cat-waspe-fihp-vape","13":"product_tag-digital-disposable-vape","14":"product_tag-hot-sale-disposable-vape","15":"product_tag-puff-30k","16":"product_tag-rechargeable-disposable-vape","17":"product_tag-smart-screen-disposable-vape","18":"product_tag-vape-wholesale","19":"product_tag-waspe-30k","20":"product_tag-waspe-fihp-30000","21":"desktop-align-left","22":"tablet-align-left","23":"mobile-align-left","25":"first","26":"instock","27":"sale","28":"shipping-taxable","29":"purchasable","30":"product-type-simple"},"acf":[],"uagb_featured_image_src":{"full":["https:\/\/vapestornado.com\/wp-content\/uploads\/2025\/03\/Wasp-FIHP-30000-Puffs-Vape-30k-Popular-Flavours.jpg",800,800,false],"thumbnail":["https:\/\/vapestornado.com\/wp-content\/uploads\/2025\/03\/Wasp-FIHP-30000-Puffs-Vape-30k-Popular-Flavours-150x150.jpg",150,150,true],"medium":["https:\/\/vapestornado.com\/wp-content\/uploads\/2025\/03\/Wasp-FIHP-30000-Puffs-Vape-30k-Popular-Flavours-300x300.jpg",300,300,true],"medium_large":["https:\/\/vapestornado.com\/wp-content\/uploads\/2025\/03\/Wasp-FIHP-30000-Puffs-Vape-30k-Popular-Flavours-768x768.jpg",768,768,true],"large":["https:\/\/vapestornado.com\/wp-content\/uploads\/2025\/03\/Wasp-FIHP-30000-Puffs-Vape-30k-Popular-Flavours.jpg",800,800,false],"1536x1536":["https:\/\/vapestornado.com\/wp-content\/uploads\/2025\/03\/Wasp-FIHP-30000-Puffs-Vape-30k-Popular-Flavours.jpg",800,800,false],"2048x2048":["https:\/\/vapestornado.com\/wp-content\/uploads\/2025\/03\/Wasp-FIHP-30000-Puffs-Vape-30k-Popular-Flavours.jpg",800,800,false],"trp-custom-language-flag":["https:\/\/vapestornado.com\/wp-content\/uploads\/2025\/03\/Wasp-FIHP-30000-Puffs-Vape-30k-Popular-Flavours.jpg",12,12,false],"woocommerce_thumbnail":["https:\/\/vapestornado.com\/wp-content\/uploads\/2025\/03\/Wasp-FIHP-30000-Puffs-Vape-30k-Popular-Flavours-300x300.jpg",300,300,true],"woocommerce_single":["https:\/\/vapestornado.com\/wp-content\/uploads\/2025\/03\/Wasp-FIHP-30000-Puffs-Vape-30k-Popular-Flavours-600x600.jpg",600,600,true],"woocommerce_gallery_thumbnail":["https:\/\/vapestornado.com\/wp-content\/uploads\/2025\/03\/Wasp-FIHP-30000-Puffs-Vape-30k-Popular-Flavours-100x100.jpg",100,100,true]},"uagb_author_info":{"display_name":"ESAMY","author_link":"https:\/\/vapestornado.com\/pl\/author\/"},"uagb_comment_info":0,"uagb_excerpt":"The WASPE FIHP 30000 Puffs Vape features dual vaping modes, smart screen monitoring, and 28ml e-liquid. A powerful rechargeable option for wholesale vape markets in Europe. Add Amy's whatsapp to get right reply and discount price! WhatsApp: +86 17776015835 &nbsp;","_links":{"self":[{"href":"https:\/\/vapestornado.com\/pl\/wp-json\/wp\/v2\/product\/3861","targetHints":{"allow":["GET"]}}],"collection":[{"href":"https:\/\/vapestornado.com\/pl\/wp-json\/wp\/v2\/product"}],"about":[{"href":"https:\/\/vapestornado.com\/pl\/wp-json\/wp\/v2\/types\/product"}],"replies":[{"embeddable":true,"href":"https:\/\/vapestornado.com\/pl\/wp-json\/wp\/v2\/comments?post=3861"}],"wp:featuredmedia":[{"embeddable":true,"href":"https:\/\/vapestornado.com\/pl\/wp-json\/wp\/v2\/media\/3840"}],"wp:attachment":[{"href":"https:\/\/vapestornado.com\/pl\/wp-json\/wp\/v2\/media?parent=3861"}],"wp:term":[{"taxonomy":"product_brand","embeddable":true,"href":"https:\/\/vapestornado.com\/pl\/wp-json\/wp\/v2\/product_brand?post=3861"},{"taxonomy":"product_cat","embeddable":true,"href":"https:\/\/vapestornado.com\/pl\/wp-json\/wp\/v2\/product_cat?post=3861"},{"taxonomy":"product_tag","embeddable":true,"href":"https:\/\/vapestornado.com\/pl\/wp-json\/wp\/v2\/product_tag?post=3861"}],"curies":[{"name":"wp","href":"https:\/\/api.w.org\/{rel}","templated":true}]}}