{"id":3859,"date":"2025-03-14T08:36:08","date_gmt":"2025-03-14T08:36:08","guid":{"rendered":"https:\/\/vapestornado.com\/?post_type=product&#038;p=3859"},"modified":"2025-08-23T12:40:31","modified_gmt":"2025-08-23T12:40:31","slug":"vapsolo-galaxy-30000-vapers-30k-puff-disposable-vape-e-cigarette-with-smart-screen","status":"publish","type":"product","link":"https:\/\/vapestornado.com\/pl\/product\/vapsolo-galaxy-30000-vapers-30k-puff-disposable-vape-e-cigarette-with-smart-screen\/","title":{"rendered":"Vapsolo Galaxy 30000 Vapers 30K Zaci\u0105gni\u0119\u0107 Jednorazowy E-Papieros Vape z Inteligentnym Ekranem"},"content":{"rendered":"<h1 data-pm-slice=\"1 1 []\">Vapsolo Galaxy 30000 Vapers 30K Zaci\u0105gni\u0119\u0107 Jednorazowy E-Papieros Vape z Inteligentnym Ekranem<\/h1>\n<p>&nbsp;<\/p>\n<p>Cyfrowy ekran <strong data-start=\"343\" data-end=\"389\">Vapsolo Galaxy 30000 Puffs Jednorazowy Vape<\/strong> ustanawia nowy standard dla e-papieros\u00f3w premium, \u0142\u0105cz\u0105c <strong data-start=\"447\" data-end=\"517\">d\u0142ugotrwa\u0142\u0105 pojemno\u015b\u0107, inteligentny ekran dotykowy i regulowany przep\u0142yw powietrza<\/strong> w jednym kompaktowym urz\u0105dzeniu. Oferuj\u0105c do <strong data-start=\"556\" data-end=\"572\">30 000 zaci\u0105gni\u0119\u0107<\/strong>, ten vape jest stworzony dla waper\u00f3w, kt\u00f3rzy oczekuj\u0105 zar\u00f3wno wytrzyma\u0142o\u015bci, jak i r\u00f3\u017cnorodno\u015bci smak\u00f3w.<\/p>\n<p>Jego <strong data-start=\"663\" data-end=\"691\">kolorowy, inteligentny wy\u015bwietlacz<\/strong> zapewnia wgl\u0105d w czasie rzeczywistym w \u017cywotno\u015b\u0107 baterii i poziom e-liquidu, a <strong data-start=\"769\" data-end=\"806\">4-poziomowy regulowany system przep\u0142ywu powietrza<\/strong> umo\u017cliwia spersonalizowane zaci\u0105gni\u0119cia \u2014 od ciasnych MTL po g\u0142adkie chmury DTL. Zasilany przez <strong data-start=\"901\" data-end=\"932\">akumulator 850mAh<\/strong> z szybkim \u0142adowaniem Type-C, Galaxy 30K zapewnia minimalny czas przestoju i maksymaln\u0105 wygod\u0119.<\/p>\n<p>Wyposa\u017cony w <strong data-start=\"1044\" data-end=\"1077\">unikalne wzory kolorystyczne w stylu tuszu<\/strong> dla ka\u017cdego smaku, ten vape nie tylko dobrze dzia\u0142a, ale tak\u017ce wygl\u0105da osza\u0142amiaj\u0105co. Wst\u0119pnie nape\u0142niony <strong data-start=\"1172\" data-end=\"1192\">e-liquidem premium<\/strong> i dost\u0119pny w r\u00f3\u017cnych st\u0119\u017ceniach nikotyny, jest przeznaczony zar\u00f3wno dla okazjonalnych u\u017cytkownik\u00f3w, jak i na\u0142ogowych waper\u00f3w.<\/p>\n<p>Dla sprzedawc\u00f3w detalicznych i dystrybutor\u00f3w, Galaxy 30K oferuje niezr\u00f3wnan\u0105 warto\u015b\u0107 w Polsce <strong data-start=\"1371\" data-end=\"1400\">cenach hurtowych<\/strong>, co czyni go obowi\u0105zkowym elementem ka\u017cdego europejskiego asortymentu vape.<\/p>\n<p><strong><span style=\"color: #ff0000;\">Dodaj Amy do WhatsAppa, aby uzyska\u0107 szybk\u0105 odpowied\u017a i kupon na vape!<\/span><\/strong><\/p>\n<p><img fetchpriority=\"high\" decoding=\"async\" class=\"size-full wp-image-2932\" src=\"https:\/\/vapestornado.com\/wp-content\/uploads\/2024\/12\/Vape-Wholesale.jpg\" alt=\"Hurtowa sprzeda\u017c e-papieros\u00f3w\" width=\"229\" height=\"300\" \/><\/p>\n<h3><a href=\"https:\/\/wa.me\/8617776015835\" target=\"_blank\" rel=\"noopener\"><span style=\"color: #ff0000;\"><strong>WhatsApp: +86 17776015835<\/strong><\/span><\/a><\/h3>\n<p>&nbsp;<\/p>\n<h2><strong>Vapsolo Galaxy 30000 Digital Box Cechy Produktu<\/strong><\/h2>\n<p>Zaci\u0105gni\u0119cia: 30000 zaci\u0105gni\u0119\u0107<br \/>\nPodw\u00f3jna grza\u0142ka siatkowa 1.0ohm<br \/>\nBateria: 850mAh<br \/>\nE-liquid: 40ml<br \/>\nNikotyna: 2% \/ 5% Nikotyna<br \/>\nMo\u017cliwo\u015b\u0107 \u0142adowania przez Type-c<br \/>\nEkran wy\u015bwietlaj\u0105cy poziom oleju i baterii<\/p>\n<figure id=\"attachment_3854\" aria-describedby=\"caption-attachment-3854\" style=\"width: 800px\" class=\"wp-caption alignnone\"><img decoding=\"async\" class=\"wp-image-3854 size-full\" src=\"https:\/\/vapestornado.com\/wp-content\/uploads\/2025\/03\/Original-Vapsolo-30000-Puffs-Best-Flavor.webp\" alt=\"Oryginalny Vapsolo 30000 Zaci\u0105gni\u0119\u0107 Najlepszy Smak\" width=\"800\" height=\"800\" srcset=\"https:\/\/vapestornado.com\/wp-content\/uploads\/2025\/03\/Original-Vapsolo-30000-Puffs-Best-Flavor.webp 800w, https:\/\/vapestornado.com\/wp-content\/uploads\/2025\/03\/Original-Vapsolo-30000-Puffs-Best-Flavor-300x300.webp 300w, https:\/\/vapestornado.com\/wp-content\/uploads\/2025\/03\/Original-Vapsolo-30000-Puffs-Best-Flavor-150x150.webp 150w, https:\/\/vapestornado.com\/wp-content\/uploads\/2025\/03\/Original-Vapsolo-30000-Puffs-Best-Flavor-768x768.webp 768w, https:\/\/vapestornado.com\/wp-content\/uploads\/2025\/03\/Original-Vapsolo-30000-Puffs-Best-Flavor-600x600.webp 600w, https:\/\/vapestornado.com\/wp-content\/uploads\/2025\/03\/Original-Vapsolo-30000-Puffs-Best-Flavor-100x100.webp 100w\" sizes=\"(max-width: 800px) 100vw, 800px\" \/><figcaption id=\"caption-attachment-3854\" class=\"wp-caption-text\">Oryginalny Vapsolo 30000 Zaci\u0105gni\u0119\u0107 Najlepszy Smak<\/figcaption><\/figure>\n<h2 class=\"product-title\"><strong>Vapsolo Galaxy 30k Lista Smak\u00f3w<\/strong><\/h2>\n<p>&nbsp;<\/p>\n<p>1.Malina Arbuz <strong><span style=\"color: #ff0000;\">&gt;&gt;&gt;&gt; Gor\u0105cy!<\/span><\/strong><\/p>\n<p>2.Niebieska Malina <strong><span style=\"color: #ff0000;\">&gt;&gt;&gt;&gt; Najlepsze!<\/span><\/strong><\/p>\n<p>3.Ananas Kokos<\/p>\n<p>4. Arbuzowa L\u00f3d<\/p>\n<p>5. Cytryna Limonka<\/p>\n<p>6.Czarny L\u00f3d Smoczy Owoc<strong><span style=\"color: #ff0000;\">&gt;&gt;&gt;&gt; Gor\u0105cy!<\/span><\/strong><\/p>\n<p>7.Cytryna Brzoskwinia<\/p>\n<p>8.Truskawka Malina Wi\u015bnia L\u00f3d <strong><span style=\"color: #ff0000;\">&gt;&gt;&gt;&gt; Gor\u0105cy!<\/span><\/strong><\/p>\n<p>9.Truskawka Kiwi<\/p>\n<p>10.Truskawkowy Redbull <strong><span style=\"color: #ff0000;\">&gt;&gt;&gt;&gt; Gor\u0105cy!<\/span><\/strong><\/p>\n<p>11. Truskawkowo-bananowy<\/p>\n<p>12.Potr\u00f3jny Melon <strong><span style=\"color: #ff0000;\">&gt;&gt;&gt;&gt; Gor\u0105cy!<\/span><\/strong><\/p>\n<article class=\"w-full text-token-text-primary focus-visible:outline-2 focus-visible:outline-offset-[-4px]\" dir=\"auto\" data-testid=\"conversation-turn-32\" data-scroll-anchor=\"false\">\n<div class=\"m-auto text-base py-[18px] px-6\">\n<div class=\"mx-auto flex flex-1 text-base gap-4 md:gap-5 lg:gap-6 md:max-w-3xl lg:max-w-[40rem] xl:max-w-[48rem]\">\n<div class=\"group\/conversation-turn relative flex w-full min-w-0 flex-col @xs\/thread:px-0 @sm\/thread:px-1.5 @md\/thread:px-4\">\n<div class=\"flex-col gap-1 md:gap-3\">\n<div class=\"flex max-w-full flex-col flex-grow\">\n<div class=\"min-h-8 text-message flex w-full flex-col items-end gap-2 whitespace-normal break-words text-start [.text-message+&amp;]:mt-5\" dir=\"auto\" data-message-author-role=\"user\" data-message-id=\"ffac41ca-1db4-431b-873a-32c4052956f1\">\n<div class=\"flex w-full flex-col gap-1 empty:hidden items-end rtl:items-start\">\n<div class=\"relative max-w-[var(--user-chat-width,70%)] rounded-3xl bg-token-message-surface px-5 py-2.5\">\n<div class=\"absolute bottom-0 right-full top-0 -mr-3.5 hidden pr-5 pt-2 [.group\/conversation-turn:hover_&amp;]:flex\">\n<div class=\"flex\">\n<article class=\"w-full text-token-text-primary focus-visible:outline-2 focus-visible:outline-offset-[-4px]\" dir=\"auto\" data-testid=\"conversation-turn-39\" data-scroll-anchor=\"true\">\n<div class=\"m-auto text-base py-[18px] px-6\">\n<div class=\"mx-auto flex flex-1 text-base gap-4 md:gap-5 lg:gap-6 md:max-w-3xl lg:max-w-[40rem] xl:max-w-[48rem]\">\n<div class=\"group\/conversation-turn relative flex w-full min-w-0 flex-col agent-turn @xs\/thread:px-0 @sm\/thread:px-1.5 @md\/thread:px-4\">\n<div class=\"flex-col gap-1 md:gap-3\">\n<div class=\"flex max-w-full flex-col flex-grow\">\n<div class=\"min-h-8 text-message flex w-full flex-col items-end gap-2 whitespace-normal break-words text-start [.text-message+&amp;]:mt-5\" dir=\"auto\" data-message-author-role=\"assistant\" data-message-id=\"55a23854-ec57-48dd-bd4f-6118f43d6241\" data-message-model-slug=\"gpt-4o\">\n<div class=\"flex w-full flex-col gap-1 empty:hidden first:pt-[3px]\">\n<div class=\"markdown prose w-full break-words dark:prose-invert light\"><\/div>\n<\/div>\n<\/div>\n<\/div>\n<\/div>\n<\/div>\n<\/div>\n<\/div>\n<\/article>\n<\/div>\n<\/div>\n<\/div>\n<\/div>\n<\/div>\n<\/div>\n<\/div>\n<\/div>\n<\/div>\n<\/div>\n<\/article>\n<h2>Dlaczego warto wybra\u0107 vapestornado do zakupu hurtowego Vapsolo Galaxy 30000 Vape?<\/h2>\n<div class=\"flex-shrink-0 flex flex-col relative items-end\">\n<div class=\"pt-0\">\n<div class=\"gizmo-bot-avatar flex h-8 w-8 items-center justify-center overflow-hidden rounded-full\">\n<div class=\"relative p-1 rounded-sm flex items-center justify-center bg-token-main-surface-primary text-token-text-primary h-8 w-8\">\n<p>Witamy w vapestornado, Twoim zaufanym sklepie internetowym z wysokiej jako\u015bci jednorazowymi e-papierosami. Dzi\u0119ki ponad 5-letniemu do\u015bwiadczeniu oferujemy popularne marki jednorazowych e-papieros\u00f3w, takie jak Fumot RandM Vape, Vapme, Bang Vape, Waspe Vape i WGA Vape itp.<\/p>\n<p>Nasza oferta obejmuje popularne jednorazowe e-papierosy o podw\u00f3jnym smaku, takie jak <a href=\"https:\/\/vapestornado.com\/pl\/product\/waspe-fihp-36000-36k-puff-twins-flavor-rechargeable-disposable-vape-bulk-buy-at-wholesale-prices\/\">FIHP 36K Chmur Twins Smak<\/a>, <a href=\"https:\/\/vapestornado.com\/pl\/product\/waspe-crystal-40000-puffs-40k-double-flavor-rechargeable-disposable-vapes-cheap-price\/\">WASPE Crystal 40k Podw\u00f3jny Smak<\/a> i bogate w smaku opcje, takie jak <a href=\"https:\/\/vapestornado.com\/pl\/product\/razzbar-15000-puffs-rechargeable-disposable-vape-bulk-buy-at-cheap-prices\/\">RAZZBAR 15000 Chmur<\/a>. Ka\u017cdy produkt jest wybierany z my\u015bl\u0105 o jako\u015bci, warto\u015bci i r\u00f3\u017cnorodno\u015bci, dzi\u0119ki czemu znajdziesz idealne dopasowanie do swoich potrzeb. Odkryj wyj\u0105tkow\u0105 obs\u0142ug\u0119 i szerok\u0105 gam\u0119 najlepszych produkt\u00f3w w cenach hurtowych na vapestornado.<\/p>\n<\/div>\n<h3><\/h3>\n<div class=\"relative p-1 rounded-sm flex items-center justify-center bg-token-main-surface-primary text-token-text-primary h-8 w-8\">\n<h2>Vapsolo Galaxy 30000 Jednorazowy E-papieros - Najcz\u0119\u015bciej zadawane pytania<\/h2>\n<\/div>\n<\/div>\n<\/div>\n<\/div>\n<div class=\"flex-shrink-0 flex flex-col relative items-end\">\n<div class=\"pt-0\">\n<div class=\"gizmo-bot-avatar flex h-8 w-8 items-center justify-center overflow-hidden rounded-full\">\n<div class=\"relative p-1 rounded-sm flex items-center justify-center bg-token-main-surface-primary text-token-text-primary h-8 w-8\">\n<div class=\"mb-2 flex gap-3 empty:hidden -ml-2\">\n<ol data-start=\"1890\" data-end=\"2794\">\n<li data-start=\"1890\" data-end=\"2083\">\n<p data-start=\"1893\" data-end=\"1966\"><strong data-start=\"1893\" data-end=\"1964\">Gdzie mog\u0119 kupi\u0107 Vapsolo Galaxy 30000 Puffs w cenach hurtowych?<\/strong><\/p>\n<ul data-start=\"1970\" data-end=\"2083\">\n<li data-start=\"1970\" data-end=\"2083\">Mo\u017cesz uzyska\u0107 <strong data-start=\"1984\" data-end=\"2008\">ekskluzywne oferty hurtowe<\/strong> w Vapestornado<strong data-start=\"2012\" data-end=\"2040\">\u00a0internetowym sklepie z e-papierosami<\/strong>, zaufanego \u017ar\u00f3d\u0142a hurtowych e-papieros\u00f3w.<\/li>\n<\/ul>\n<\/li>\n<li data-start=\"2085\" data-end=\"2278\">\n<p data-start=\"2088\" data-end=\"2125\"><strong data-start=\"2088\" data-end=\"2123\">Jak dzia\u0142a inteligentny ekran?<\/strong><\/p>\n<ul data-start=\"2129\" data-end=\"2278\">\n<li data-start=\"2129\" data-end=\"2278\">Cyfrowy ekran <strong data-start=\"2135\" data-end=\"2164\">inteligentny, dotykowy wy\u015bwietlacz<\/strong> zapewnia <strong data-start=\"2174\" data-end=\"2231\">aktualizacje w czasie rzeczywistym dotycz\u0105ce \u017cywotno\u015bci baterii i poziomu p\u0142ynu<\/strong>, daj\u0105c Ci pe\u0142n\u0105 kontrol\u0119 nad Twoim e-papierosem.<\/li>\n<\/ul>\n<\/li>\n<li data-start=\"2280\" data-end=\"2442\">\n<p data-start=\"2283\" data-end=\"2324\"><strong data-start=\"2283\" data-end=\"2322\">Czy Vapsolo Galaxy jest \u0142adowalny?<\/strong><\/p>\n<ul data-start=\"2328\" data-end=\"2442\">\n<li data-start=\"2328\" data-end=\"2442\">Tak! The <strong data-start=\"2339\" data-end=\"2357\">Bateria 850mAh<\/strong> is <strong data-start=\"2361\" data-end=\"2384\">\u0142adowane przez Type-C<\/strong>, co zapewnia d\u0142ugotrwa\u0142\u0105 wydajno\u015b\u0107 i szybkie \u0142adowanie.<\/li>\n<\/ul>\n<\/li>\n<li data-start=\"2444\" data-end=\"2614\">\n<p data-start=\"2447\" data-end=\"2491\"><strong data-start=\"2447\" data-end=\"2489\">Czy mog\u0119 regulowa\u0107 przep\u0142yw powietrza w tym e-papierosie?<\/strong><\/p>\n<ul data-start=\"2495\" data-end=\"2614\">\n<li data-start=\"2495\" data-end=\"2614\">Absolutnie! The <strong data-start=\"2513\" data-end=\"2543\">4-stopniowa regulacja przep\u0142ywu powietrza<\/strong> pozwala dostosowa\u0107 zaci\u0105gni\u0119cie dla idealnych wra\u017ce\u0144 z wapowania.<\/li>\n<\/ul>\n<\/li>\n<li data-start=\"2616\" data-end=\"2794\">\n<p data-start=\"2619\" data-end=\"2666\"><strong data-start=\"2619\" data-end=\"2664\">Czy ten vape jest dost\u0119pny w zakupie hurtowym?<\/strong><\/p>\n<ul data-start=\"2670\" data-end=\"2794\">\n<li data-start=\"2670\" data-end=\"2794\">Tak! The <strong data-start=\"2681\" data-end=\"2711\">Vapsolo Galaxy 30000 Pali<\/strong> jest idealny dla <strong data-start=\"2725\" data-end=\"2745\">kupc\u00f3w hurtowych<\/strong>, oferuj\u0105c <strong data-start=\"2756\" data-end=\"2791\">funkcje z najwy\u017cszej p\u00f3\u0142ki w niskich cenach<\/strong>.<\/li>\n<\/ul>\n<\/li>\n<\/ol>\n<h4>Jak z\u0142o\u017cy\u0107 zam\u00f3wienie?<\/h4>\n<p><strong>1. Jakie metody p\u0142atno\u015bci akceptujecie?<\/strong><br \/>\nAkceptujemy przelewy IBAN oraz <span style=\"font-size: 16px;\">Western Union<\/span>\u00a0dla bezpiecznych i wygodnych transakcji.<\/p>\n<p><strong>2. Jak mog\u0119 \u015bledzi\u0107 moje zam\u00f3wienie?<\/strong><br \/>\nPo wys\u0142aniu zam\u00f3wienia, <span class=\"selectable-text copyable-text false\">b\u0119dziemy na bie\u017c\u0105co informowa\u0107 o \u015bledzeniu przesy\u0142ek, a\u017c do momentu ich otrzymania<\/span>.<\/p>\n<p><strong>3. Jaki jest szacowany czas wysy\u0142ki?<\/strong><\/p>\n<ul>\n<li>Wysy\u0142ka z <strong>magazyn\u00f3w w Chinach<\/strong> zajmuje oko\u0142o <strong>7-14 dni roboczych<\/strong>.<\/li>\n<li>Wysy\u0142ka z <strong>Europejskie magazyny<\/strong> zwykle zajmuje <strong>3-6 dni roboczych<\/strong>.<\/li>\n<\/ul>\n<p><strong>4. Jak mog\u0119 uzyska\u0107 szybsz\u0105 dostaw\u0119?<\/strong><br \/>\nAby uzyska\u0107 szybsz\u0105 dostaw\u0119, zalecamy zamawianie z naszego <strong>Europejskiego magazynu<\/strong>, kt\u00f3ry oferuje kr\u00f3tszy czas wysy\u0142ki.<\/p>\n<p><strong>5. Jak mog\u0119 zwr\u00f3ci\u0107 przedmiot?<\/strong><br \/>\nAby zwr\u00f3ci\u0107 przedmiot, skontaktuj si\u0119 z naszym dzia\u0142em obs\u0142ugi klienta, aby uzyska\u0107 szczeg\u00f3\u0142owe instrukcje dotycz\u0105ce procesu zwrotu.<\/p>\n<p><strong>6. Czy oferujecie wysy\u0142k\u0119 mi\u0119dzynarodow\u0105?<\/strong><br \/>\nTak, wysy\u0142amy do wi\u0119kszo\u015bci kraj\u00f3w i zajmujemy si\u0119 <strong>odpraw\u0105 celn\u0105<\/strong> dla zapewnienia bezproblemowej dostawy.<\/p>\n<p><strong>7. Co zrobi\u0107, je\u015bli otrzymam uszkodzony lub wadliwy produkt?<\/strong><br \/>\nJe\u015bli Tw\u00f3j przedmiot jest uszkodzony lub wadliwy, skontaktuj si\u0119 z obs\u0142ug\u0105 klienta w celu uzyskania <strong>wymiany lub zwrotu pieni\u0119dzy<\/strong>.<\/p>\n<p><strong>8. Jak mog\u0119 skontaktowa\u0107 si\u0119 z obs\u0142ug\u0105 klienta?<\/strong><br \/>\nMo\u017cesz si\u0119 z nami skontaktowa\u0107 przez <strong>e-mail, WhatsApp lub czat na \u017cywo<\/strong> na naszej stronie internetowej, aby uzyska\u0107 pomoc.<\/p>\n<\/div>\n<\/div>\n<\/div>\n<\/div>\n<\/div>","protected":false},"excerpt":{"rendered":"<p>Oryginalne Vapsolo 30000 Zaci\u0105gni\u0119\u0107 Najlepsze Ekrany Parowniki Vape<br \/>\nFabryczna Hurtownia Vapsolo Galaxy Vapers 30K Zaci\u0105gni\u0119\u0107 Jednorazowy Vape<br \/>\nVapsolo Galaxy 30000 Zaci\u0105gni\u0119\u0107 Inteligentne Jednoraz\u00f3wki Vape Cena Hurtowa<\/p>\n<p><strong>Dodaj Amy na WhatsApp, aby uzyska\u0107 w\u0142a\u015bciw\u0105 odpowied\u017a i cen\u0119 z rabatem!<\/strong><\/p>\n<p><img fetchpriority=\"high\" decoding=\"async\" class=\"size-full wp-image-2932\" src=\"https:\/\/vapestornado.com\/wp-content\/uploads\/2024\/12\/Vape-Wholesale.jpg\" alt=\"Hurtowa sprzeda\u017c e-papieros\u00f3w\" width=\"229\" height=\"300\" \/><\/p>\n<h3><a href=\"https:\/\/wa.me\/8617776015835\"><span style=\"color: #ff0000;\"><strong>WhatsApp: +86 17776015835<\/strong><\/span><\/a><\/h3>\n<p>&nbsp;<\/p>","protected":false},"featured_media":3855,"comment_status":"open","ping_status":"closed","template":"","meta":{"_acf_changed":false,"_uag_custom_page_level_css":"","_lmt_disableupdate":"no","_lmt_disable":"","_monsterinsights_skip_tracking":false,"_monsterinsights_sitenote_active":false,"_monsterinsights_sitenote_note":"","_monsterinsights_sitenote_category":0,"site-sidebar-layout":"default","site-content-layout":"","ast-site-content-layout":"default","site-content-style":"default","site-sidebar-style":"default","ast-global-header-display":"","ast-banner-title-visibility":"","ast-main-header-display":"","ast-hfb-above-header-display":"","ast-hfb-below-header-display":"","ast-hfb-mobile-header-display":"","site-post-title":"","ast-breadcrumbs-content":"","ast-featured-img":"","footer-sml-layout":"","ast-disable-related-posts":"","theme-transparent-header-meta":"default","adv-header-id-meta":"","stick-header-meta":"","header-above-stick-meta":"","header-main-stick-meta":"","header-below-stick-meta":"","astra-migrate-meta-layouts":"set","ast-page-background-enabled":"default","ast-page-background-meta":{"desktop":{"background-color":"","background-image":"","background-repeat":"repeat","background-position":"center center","background-size":"auto","background-attachment":"scroll","background-type":"","background-media":"","overlay-type":"","overlay-color":"","overlay-opacity":"","overlay-gradient":""},"tablet":{"background-color":"","background-image":"","background-repeat":"repeat","background-position":"center center","background-size":"auto","background-attachment":"scroll","background-type":"","background-media":"","overlay-type":"","overlay-color":"","overlay-opacity":"","overlay-gradient":""},"mobile":{"background-color":"","background-image":"","background-repeat":"repeat","background-position":"center center","background-size":"auto","background-attachment":"scroll","background-type":"","background-media":"","overlay-type":"","overlay-color":"","overlay-opacity":"","overlay-gradient":""}},"ast-content-background-meta":{"desktop":{"background-color":"var(--ast-global-color-5)","background-image":"","background-repeat":"repeat","background-position":"center center","background-size":"auto","background-attachment":"scroll","background-type":"","background-media":"","overlay-type":"","overlay-color":"","overlay-opacity":"","overlay-gradient":""},"tablet":{"background-color":"var(--ast-global-color-5)","background-image":"","background-repeat":"repeat","background-position":"center center","background-size":"auto","background-attachment":"scroll","background-type":"","background-media":"","overlay-type":"","overlay-color":"","overlay-opacity":"","overlay-gradient":""},"mobile":{"background-color":"var(--ast-global-color-5)","background-image":"","background-repeat":"repeat","background-position":"center center","background-size":"auto","background-attachment":"scroll","background-type":"","background-media":"","overlay-type":"","overlay-color":"","overlay-opacity":"","overlay-gradient":""}},"_joinchat":{"telephone":"17776015835"}},"product_brand":[],"product_cat":[19,67,149,158,143,146,171],"product_tag":[105,97,250,94,241,93,249],"class_list":{"0":"post-3859","1":"product","2":"type-product","3":"status-publish","4":"has-post-thumbnail","6":"product_cat-vapes","7":"product_cat-30000-puff","8":"product_cat-buy-disposable-vapes-in-austria","9":"product_cat-buy-disposable-vapes-in-spain","10":"product_cat-dual-mesh-disposable-vapes","11":"product_cat-rechargeable-disposable-vapes","12":"product_cat-vapsolo-disposable-vapes","13":"product_tag-digital-disposable-vape","14":"product_tag-hot-sale-disposable-vape","15":"product_tag-puff-30k","16":"product_tag-rechargeable-disposable-vape","17":"product_tag-smart-screen-disposable-vape","18":"product_tag-vape-wholesale","19":"product_tag-vapsolo-galaxy-30000","20":"desktop-align-left","21":"tablet-align-left","22":"mobile-align-left","24":"first","25":"instock","26":"sale","27":"shipping-taxable","28":"purchasable","29":"product-type-simple"},"acf":[],"uagb_featured_image_src":{"full":["https:\/\/vapestornado.com\/wp-content\/uploads\/2025\/03\/Vapsolo-Galaxy-30k-30000-Puffs-Disposable-Vape.webp",800,800,false],"thumbnail":["https:\/\/vapestornado.com\/wp-content\/uploads\/2025\/03\/Vapsolo-Galaxy-30k-30000-Puffs-Disposable-Vape-150x150.webp",150,150,true],"medium":["https:\/\/vapestornado.com\/wp-content\/uploads\/2025\/03\/Vapsolo-Galaxy-30k-30000-Puffs-Disposable-Vape-300x300.webp",300,300,true],"medium_large":["https:\/\/vapestornado.com\/wp-content\/uploads\/2025\/03\/Vapsolo-Galaxy-30k-30000-Puffs-Disposable-Vape-768x768.webp",768,768,true],"large":["https:\/\/vapestornado.com\/wp-content\/uploads\/2025\/03\/Vapsolo-Galaxy-30k-30000-Puffs-Disposable-Vape.webp",800,800,false],"1536x1536":["https:\/\/vapestornado.com\/wp-content\/uploads\/2025\/03\/Vapsolo-Galaxy-30k-30000-Puffs-Disposable-Vape.webp",800,800,false],"2048x2048":["https:\/\/vapestornado.com\/wp-content\/uploads\/2025\/03\/Vapsolo-Galaxy-30k-30000-Puffs-Disposable-Vape.webp",800,800,false],"trp-custom-language-flag":["https:\/\/vapestornado.com\/wp-content\/uploads\/2025\/03\/Vapsolo-Galaxy-30k-30000-Puffs-Disposable-Vape.webp",12,12,false],"woocommerce_thumbnail":["https:\/\/vapestornado.com\/wp-content\/uploads\/2025\/03\/Vapsolo-Galaxy-30k-30000-Puffs-Disposable-Vape-300x300.webp",300,300,true],"woocommerce_single":["https:\/\/vapestornado.com\/wp-content\/uploads\/2025\/03\/Vapsolo-Galaxy-30k-30000-Puffs-Disposable-Vape-600x600.webp",600,600,true],"woocommerce_gallery_thumbnail":["https:\/\/vapestornado.com\/wp-content\/uploads\/2025\/03\/Vapsolo-Galaxy-30k-30000-Puffs-Disposable-Vape-100x100.webp",100,100,true]},"uagb_author_info":{"display_name":"ESAMY","author_link":"https:\/\/vapestornado.com\/pl\/author\/"},"uagb_comment_info":0,"uagb_excerpt":"Original Vapsolo 30000 Puffs Best Screen Vaporizers Vape Factory Wholesale Vapsolo Galaxy Vapers 30K Puff Disposable Vape Vapsolo Galaxy 30000 Puff Smart Disposables Vape Bulk Price Add Amy's whatsapp to get right reply and discount price! WhatsApp: +86 17776015835 &nbsp;","_links":{"self":[{"href":"https:\/\/vapestornado.com\/pl\/wp-json\/wp\/v2\/product\/3859","targetHints":{"allow":["GET"]}}],"collection":[{"href":"https:\/\/vapestornado.com\/pl\/wp-json\/wp\/v2\/product"}],"about":[{"href":"https:\/\/vapestornado.com\/pl\/wp-json\/wp\/v2\/types\/product"}],"replies":[{"embeddable":true,"href":"https:\/\/vapestornado.com\/pl\/wp-json\/wp\/v2\/comments?post=3859"}],"wp:featuredmedia":[{"embeddable":true,"href":"https:\/\/vapestornado.com\/pl\/wp-json\/wp\/v2\/media\/3855"}],"wp:attachment":[{"href":"https:\/\/vapestornado.com\/pl\/wp-json\/wp\/v2\/media?parent=3859"}],"wp:term":[{"taxonomy":"product_brand","embeddable":true,"href":"https:\/\/vapestornado.com\/pl\/wp-json\/wp\/v2\/product_brand?post=3859"},{"taxonomy":"product_cat","embeddable":true,"href":"https:\/\/vapestornado.com\/pl\/wp-json\/wp\/v2\/product_cat?post=3859"},{"taxonomy":"product_tag","embeddable":true,"href":"https:\/\/vapestornado.com\/pl\/wp-json\/wp\/v2\/product_tag?post=3859"}],"curies":[{"name":"wp","href":"https:\/\/api.w.org\/{rel}","templated":true}]}}