{"id":3796,"date":"2025-02-19T07:21:03","date_gmt":"2025-02-19T07:21:03","guid":{"rendered":"https:\/\/vapestornado.com\/?post_type=product&#038;p=3796"},"modified":"2025-08-23T09:18:00","modified_gmt":"2025-08-23T09:18:00","slug":"waspe-12000-digital-box-12k-puff-vapes-disposable-wholesale-price","status":"publish","type":"product","link":"https:\/\/vapestornado.com\/pl\/product\/waspe-12000-digital-box-12k-puff-vapes-disposable-wholesale-price\/","title":{"rendered":"Waspe 12000 Digital Box 12k Puff Vapes Jednorazowe Cena Hurtowa"},"content":{"rendered":"<h1 data-pm-slice=\"1 1 []\">Waspe 12000 Digital Box 12k Puff Vapes Jednorazowe Cena Hurtowa<del><br \/>\n<\/del><\/h1>\n<p data-start=\"235\" data-end=\"489\">Cyfrowy ekran <strong data-start=\"239\" data-end=\"282\">Waspe 12000 Digital Box Jednorazowy Vape<\/strong> \u0142\u0105czy pojemno\u015b\u0107, wydajno\u015b\u0107 i wygod\u0119 w jednym eleganckim urz\u0105dzeniu. Z maksymalnie <strong data-start=\"363\" data-end=\"379\">12 000 zaci\u0105gni\u0119\u0107<\/strong> i <strong data-start=\"386\" data-end=\"408\">25 ml zbiornikiem na e-liquid<\/strong>, zapewnia d\u0142ugotrwa\u0142e sesje, kt\u00f3re spodobaj\u0105 si\u0119 zar\u00f3wno okazjonalnym, jak i intensywnym u\u017cytkownikom.<\/p>\n<p data-start=\"491\" data-end=\"721\">Wyposa\u017cony w <strong data-start=\"508\" data-end=\"538\">zintegrowanemu wy\u015bwietlaczowi cyfrowemu<\/strong>, u\u017cytkownicy mog\u0105 \u0142atwo monitorowa\u0107 liczb\u0119 zaci\u0105gni\u0119\u0107 i \u017cywotno\u015b\u0107 baterii w czasie rzeczywistym. Funkcja <strong data-start=\"611\" data-end=\"642\">akumulator o pojemno\u015bci 650 mAh<\/strong> z <strong data-start=\"648\" data-end=\"672\">Szybkie \u0142adowanie typu C<\/strong> zapewnia efektywne wykorzystanie bez marnowania e-liquidu.<\/p>\n<p data-start=\"723\" data-end=\"948\">U\u017cywaj\u0105c <strong data-start=\"729\" data-end=\"758\">technologia podw\u00f3jnej siatki grzewczej<\/strong>, Waspe 12K zapewnia p\u0142ynn\u0105 produkcj\u0119 pary i bogaty smak w szerokim wyborze mieszanek. Dost\u0119pny w poziomach nikotyny <strong data-start=\"890\" data-end=\"908\">0%, 2% i 5%<\/strong>, zaspokaja wszystkie preferencje dotycz\u0105ce vapingu.<\/p>\n<p data-start=\"950\" data-end=\"1150\">Dla hurtownik\u00f3w i detalist\u00f3w <strong data-start=\"985\" data-end=\"1017\">Waspe 12000 Digitalna Skrzynka Waporyzator<\/strong> oferuje du\u017cy potencja\u0142 odsprzeda\u017cy dzi\u0119ki po\u0142\u0105czeniu du\u017cej liczby zaci\u0105gni\u0119\u0107, zaawansowanych funkcji i konkurencyjnych cen hurtowych.<\/p>\n<p><strong><span style=\"color: #ff0000;\">Dodaj Amy do WhatsAppa, aby uzyska\u0107 szybk\u0105 odpowied\u017a i kupon na vape!<\/span><\/strong><\/p>\n<p><img fetchpriority=\"high\" decoding=\"async\" class=\"size-full wp-image-2932\" src=\"https:\/\/vapestornado.com\/wp-content\/uploads\/2024\/12\/Vape-Wholesale.jpg\" alt=\"Hurtowa sprzeda\u017c e-papieros\u00f3w\" width=\"229\" height=\"300\" \/><\/p>\n<h3><a href=\"https:\/\/wa.me\/8617776015835\" target=\"_blank\" rel=\"noopener\"><span style=\"color: #ff0000;\"><strong>WhatsApp: +86 17776015835<\/strong><\/span><\/a><\/h3>\n<p>&nbsp;<\/p>\n<h2><strong>Waspe 12000 Digital Box 12k Cechy produktu<\/strong><\/h2>\n<p>Chmury: 12000 chmur<br \/>\nPodw\u00f3jna grza\u0142ka siatkowa 1.0ohm<br \/>\nBateria: A650mAh<br \/>\nE-sok: 20ml<br \/>\nNikotyna: 2% \/ 5% Nikotyna<br \/>\nMo\u017cliwo\u015b\u0107 \u0142adowania przez Type-c<br \/>\nEkran wy\u015bwietlaj\u0105cy poziom oleju i baterii<\/p>\n<h2 class=\"product-title\"><strong>Lista smak\u00f3w Waspe Digital Box 12k<\/strong><\/h2>\n<p>1 Arbuz z lodem<strong> <span style=\"color: #ff0000;\">&gt;&gt;&gt;&gt; Gor\u0105cy!<\/span><\/strong><br \/>\n2 Niebieska Malina z Lodem <strong><span style=\"color: #ff0000;\">&gt;&gt;&gt;&gt; Gor\u0105cy!<\/span><\/strong><br \/>\n3 Winogrono z Lodem<br \/>\n4 Truskawka Arbuz <strong><span style=\"color: #ff0000;\">&gt;&gt;&gt;&gt; Gor\u0105cy!<\/span><\/strong><br \/>\n5 Mieszane Jagody <strong><span style=\"color: #ff0000;\">&gt;&gt;&gt;&gt; Najlepsze!<\/span><\/strong><br \/>\n6 P\u0105czki Truskawkowe<br \/>\n7 Bor\u00f3wka Ameryka\u0144ska Malina <strong><span style=\"color: #ff0000;\">&gt;&gt;&gt;&gt; Gor\u0105cy!<\/span><\/strong><br \/>\n8 Truskawka Malina Wi\u015bnia <strong><span style=\"color: #ff0000;\">&gt;&gt;&gt;&gt; Gor\u0105cy!<\/span><\/strong><br \/>\n9 Arbuz Mango Brzoskwinia<br \/>\n10 Sok Gruszkowy z Czerwonego Wina<\/p>\n<article class=\"w-full text-token-text-primary focus-visible:outline-2 focus-visible:outline-offset-[-4px]\" dir=\"auto\" data-testid=\"conversation-turn-32\" data-scroll-anchor=\"false\">\n<div class=\"m-auto text-base py-[18px] px-6\">\n<div class=\"mx-auto flex flex-1 text-base gap-4 md:gap-5 lg:gap-6 md:max-w-3xl lg:max-w-[40rem] xl:max-w-[48rem]\">\n<div class=\"group\/conversation-turn relative flex w-full min-w-0 flex-col @xs\/thread:px-0 @sm\/thread:px-1.5 @md\/thread:px-4\">\n<div class=\"flex-col gap-1 md:gap-3\">\n<div class=\"flex max-w-full flex-col flex-grow\">\n<div class=\"min-h-8 text-message flex w-full flex-col items-end gap-2 whitespace-normal break-words text-start [.text-message+&amp;]:mt-5\" dir=\"auto\" data-message-author-role=\"user\" data-message-id=\"ffac41ca-1db4-431b-873a-32c4052956f1\">\n<div class=\"flex w-full flex-col gap-1 empty:hidden items-end rtl:items-start\">\n<div class=\"relative max-w-[var(--user-chat-width,70%)] rounded-3xl bg-token-message-surface px-5 py-2.5\">\n<div class=\"absolute bottom-0 right-full top-0 -mr-3.5 hidden pr-5 pt-2 [.group\/conversation-turn:hover_&amp;]:flex\">\n<div class=\"flex\">\n<article class=\"w-full text-token-text-primary focus-visible:outline-2 focus-visible:outline-offset-[-4px]\" dir=\"auto\" data-testid=\"conversation-turn-39\" data-scroll-anchor=\"true\">\n<div class=\"m-auto text-base py-[18px] px-6\">\n<div class=\"mx-auto flex flex-1 text-base gap-4 md:gap-5 lg:gap-6 md:max-w-3xl lg:max-w-[40rem] xl:max-w-[48rem]\">\n<div class=\"group\/conversation-turn relative flex w-full min-w-0 flex-col agent-turn @xs\/thread:px-0 @sm\/thread:px-1.5 @md\/thread:px-4\">\n<div class=\"flex-col gap-1 md:gap-3\">\n<div class=\"flex max-w-full flex-col flex-grow\">\n<div class=\"min-h-8 text-message flex w-full flex-col items-end gap-2 whitespace-normal break-words text-start [.text-message+&amp;]:mt-5\" dir=\"auto\" data-message-author-role=\"assistant\" data-message-id=\"55a23854-ec57-48dd-bd4f-6118f43d6241\" data-message-model-slug=\"gpt-4o\">\n<div class=\"flex w-full flex-col gap-1 empty:hidden first:pt-[3px]\">\n<div class=\"markdown prose w-full break-words dark:prose-invert light\">\n<figure id=\"attachment_3816\" aria-describedby=\"caption-attachment-3816\" style=\"width: 800px\" class=\"wp-caption alignnone\"><img decoding=\"async\" class=\"wp-image-3816 size-full\" src=\"https:\/\/vapestornado.com\/wp-content\/uploads\/2025\/03\/Waspe-12k-Puffs-Digital-Box.webp\" alt=\"Waspe 12k Chmur Digitalna Skrzynka\" width=\"800\" height=\"800\" srcset=\"https:\/\/vapestornado.com\/wp-content\/uploads\/2025\/03\/Waspe-12k-Puffs-Digital-Box.webp 800w, https:\/\/vapestornado.com\/wp-content\/uploads\/2025\/03\/Waspe-12k-Puffs-Digital-Box-300x300.webp 300w, https:\/\/vapestornado.com\/wp-content\/uploads\/2025\/03\/Waspe-12k-Puffs-Digital-Box-150x150.webp 150w, https:\/\/vapestornado.com\/wp-content\/uploads\/2025\/03\/Waspe-12k-Puffs-Digital-Box-768x768.webp 768w, https:\/\/vapestornado.com\/wp-content\/uploads\/2025\/03\/Waspe-12k-Puffs-Digital-Box-600x600.webp 600w, https:\/\/vapestornado.com\/wp-content\/uploads\/2025\/03\/Waspe-12k-Puffs-Digital-Box-100x100.webp 100w\" sizes=\"(max-width: 800px) 100vw, 800px\" \/><figcaption id=\"caption-attachment-3816\" class=\"wp-caption-text\">Waspe 12k Chmur Digitalna Skrzynka<\/figcaption><\/figure>\n<\/div>\n<\/div>\n<\/div>\n<\/div>\n<\/div>\n<\/div>\n<\/div>\n<\/div>\n<\/article>\n<\/div>\n<\/div>\n<\/div>\n<\/div>\n<\/div>\n<\/div>\n<\/div>\n<\/div>\n<\/div>\n<\/div>\n<\/article>\n<h3>Dlaczego warto wybra\u0107 vapestornado dla hurtowej sprzeda\u017cy jednorazowego e-papierosa Waspe Digital Box 12000 Puff?<\/h3>\n<div class=\"flex-shrink-0 flex flex-col relative items-end\">\n<div class=\"pt-0\">\n<div class=\"gizmo-bot-avatar flex h-8 w-8 items-center justify-center overflow-hidden rounded-full\">\n<div class=\"relative p-1 rounded-sm flex items-center justify-center bg-token-main-surface-primary text-token-text-primary h-8 w-8\">\n<p>Witamy w vapestornado, Twoim zaufanym sklepie internetowym z wysokiej jako\u015bci jednorazowymi e-papierosami. Dzi\u0119ki ponad 5-letniemu do\u015bwiadczeniu oferujemy popularne marki jednorazowych e-papieros\u00f3w, takie jak Fumot RandM Vape, Vapme, Bang Vape, Waspe Vape i WGA Vape itp.<\/p>\n<p>Nasza oferta obejmuje popularne jednorazowe e-papierosy o podw\u00f3jnym smaku, takie jak <a href=\"https:\/\/vapestornado.com\/pl\/product\/waspe-fihp-36000-36k-puff-twins-flavor-rechargeable-disposable-vape-bulk-buy-at-wholesale-prices\/\">FIHP 36K Chmur Twins Smak<\/a>, <a href=\"https:\/\/vapestornado.com\/pl\/product\/waspe-crystal-40000-puffs-40k-double-flavor-rechargeable-disposable-vapes-cheap-price\/\">WASPE Crystal 40k Podw\u00f3jny Smak<\/a> i bogate w smaku opcje, takie jak <a href=\"https:\/\/vapestornado.com\/pl\/product\/razzbar-15000-puffs-rechargeable-disposable-vape-bulk-buy-at-cheap-prices\/\">RAZZBAR 15000 Chmur<\/a>. Ka\u017cdy produkt jest wybierany z my\u015bl\u0105 o jako\u015bci, warto\u015bci i r\u00f3\u017cnorodno\u015bci, dzi\u0119ki czemu znajdziesz idealne dopasowanie do swoich potrzeb. Odkryj wyj\u0105tkow\u0105 obs\u0142ug\u0119 i szerok\u0105 gam\u0119 najlepszych produkt\u00f3w w cenach hurtowych na vapestornado.<\/p>\n<\/div>\n<h3><\/h3>\n<div class=\"relative p-1 rounded-sm flex items-center justify-center bg-token-main-surface-primary text-token-text-primary h-8 w-8\">\n<h3>Cz\u0119sto zadawane pytania dotycz\u0105ce jednorazowego e-papierosa Waspe 12000 Puffs<\/h3>\n<\/div>\n<\/div>\n<\/div>\n<\/div>\n<div class=\"flex-shrink-0 flex flex-col relative items-end\">\n<div class=\"pt-0\">\n<div class=\"gizmo-bot-avatar flex h-8 w-8 items-center justify-center overflow-hidden rounded-full\">\n<div class=\"relative p-1 rounded-sm flex items-center justify-center bg-token-main-surface-primary text-token-text-primary h-8 w-8\">\n<div class=\"mb-2 flex gap-3 empty:hidden -ml-2\">\n<p data-pm-slice=\"1 1 []\"><strong>1. Jak d\u0142ugo wytrzymuje Waspe 12000?<\/strong><\/p>\n<p data-pm-slice=\"1 1 []\">Waspe 12000 zapewnia <strong>do 12 000 chmurek<\/strong>, co czyni go jednym z najd\u0142u\u017cej dzia\u0142aj\u0105cych jednorazowych e-papieros\u00f3w na rynku. Dzi\u0119ki <strong>akumulatorowi wielokrotnego \u0142adowania<\/strong>, mo\u017cesz cieszy\u0107 si\u0119 nieprzerwanym wapowaniem przez d\u0142u\u017cszy czas.<\/p>\n<p><strong>2. Czy Waspe 12000 ma cyfrowy wy\u015bwietlacz?<\/strong><\/p>\n<p>Tak! Wbudowany <strong>cyfrowy wy\u015bwietlacz<\/strong> pozwala \u015bledzi\u0107 stan baterii i liczb\u0119 zaci\u0105gni\u0119\u0107 w czasie rzeczywistym, co zapewnia p\u0142ynne wra\u017cenia z wapowania.<\/p>\n<p><strong>3. Jakie smaki s\u0105 dost\u0119pne dla Waspe 12000?<\/strong><\/p>\n<p>Ten vape jest dost\u0119pny w st\u0119\u017ceniu nikotyny <strong>szeroki wyb\u00f3r smak\u00f3w<\/strong>, w tym opcje owocowe, mentolowe i klasyczne tytoniowe. Jest co\u015b dla ka\u017cdego smaku!<\/p>\n<p><strong>4. Czy Waspe 12000 jest wielokrotnego \u0142adowania?<\/strong><\/p>\n<p>Oczywi\u015bcie! Waspe 12000 posiada port <strong>Szybkie \u0142adowanie typu C<\/strong> , dzi\u0119ki czemu mo\u017cesz go szybko na\u0142adowa\u0107 i kontynuowa\u0107 wapowanie bez d\u0142ugiego czekania.<\/p>\n<p><strong>5. Gdzie mog\u0119 kupi\u0107 Waspe 12000 w cenach hurtowych?<\/strong><\/p>\n<p>Aby uzyska\u0107 najlepsze <strong>cen hurtowych<\/strong>, sprawd\u017a <strong>Sklep internetowy Vapestornado<\/strong>, Twoje zaufane \u017ar\u00f3d\u0142o dla <strong>tanie jednorazowe vapy<\/strong> w celu zakupu hurtowego.<\/p>\n<h4>Jak z\u0142o\u017cy\u0107 zam\u00f3wienie?<\/h4>\n<p><strong>1. Jakie metody p\u0142atno\u015bci akceptujecie?<\/strong><br \/>\nAkceptujemy przelewy IBAN oraz <span style=\"font-size: 16px;\">Western Union<\/span>\u00a0dla bezpiecznych i wygodnych transakcji.<\/p>\n<p><strong>2. Jak mog\u0119 \u015bledzi\u0107 moje zam\u00f3wienie?<\/strong><br \/>\nPo wys\u0142aniu zam\u00f3wienia, <span class=\"selectable-text copyable-text false\">b\u0119dziemy na bie\u017c\u0105co informowa\u0107 o \u015bledzeniu przesy\u0142ek, a\u017c do momentu ich otrzymania<\/span>.<\/p>\n<p><strong>3. Jaki jest szacowany czas wysy\u0142ki?<\/strong><\/p>\n<ul>\n<li>Wysy\u0142ka z <strong>magazyn\u00f3w w Chinach<\/strong> zajmuje oko\u0142o <strong>7-14 dni roboczych<\/strong>.<\/li>\n<li>Wysy\u0142ka z <strong>Europejskie magazyny<\/strong> zwykle zajmuje <strong>3-6 dni roboczych<\/strong>.<\/li>\n<\/ul>\n<p><strong>4. Jak mog\u0119 uzyska\u0107 szybsz\u0105 dostaw\u0119?<\/strong><br \/>\nAby uzyska\u0107 szybsz\u0105 dostaw\u0119, zalecamy zamawianie z naszego <strong>Europejskiego magazynu<\/strong>, kt\u00f3ry oferuje kr\u00f3tszy czas wysy\u0142ki.<\/p>\n<p><strong>5. Jak mog\u0119 zwr\u00f3ci\u0107 przedmiot?<\/strong><br \/>\nAby zwr\u00f3ci\u0107 przedmiot, skontaktuj si\u0119 z naszym dzia\u0142em obs\u0142ugi klienta, aby uzyska\u0107 szczeg\u00f3\u0142owe instrukcje dotycz\u0105ce procesu zwrotu.<\/p>\n<p><strong>6. Czy oferujecie wysy\u0142k\u0119 mi\u0119dzynarodow\u0105?<\/strong><br \/>\nTak, wysy\u0142amy do wi\u0119kszo\u015bci kraj\u00f3w i zajmujemy si\u0119 <strong>odpraw\u0105 celn\u0105<\/strong> dla zapewnienia bezproblemowej dostawy.<\/p>\n<p><strong>7. Co zrobi\u0107, je\u015bli otrzymam uszkodzony lub wadliwy produkt?<\/strong><br \/>\nJe\u015bli Tw\u00f3j przedmiot jest uszkodzony lub wadliwy, skontaktuj si\u0119 z obs\u0142ug\u0105 klienta w celu uzyskania <strong>wymiany lub zwrotu pieni\u0119dzy<\/strong>.<\/p>\n<p><strong>8. Jak mog\u0119 skontaktowa\u0107 si\u0119 z obs\u0142ug\u0105 klienta?<\/strong><br \/>\nMo\u017cesz si\u0119 z nami skontaktowa\u0107 przez <strong>e-mail, WhatsApp lub czat na \u017cywo<\/strong> na naszej stronie internetowej, aby uzyska\u0107 pomoc.<\/p>\n<\/div>\n<\/div>\n<\/div>\n<\/div>\n<\/div>","protected":false},"excerpt":{"rendered":"<p><strong>Masivne 12000 zaci\u0105gni\u0119\u0107<\/strong> dla d\u0142u\u017cszego u\u017cytkowania \u2714 <strong>Akumulator<\/strong> z <strong>szybkie \u0142adowanie przez port Type-C<\/strong> \u2714 <strong>Wy\u015bwietlacz cyfrowy<\/strong> do monitorowania baterii w czasie rzeczywistym <strong>R\u00f3\u017cnorodno\u015b\u0107 smak\u00f3w<\/strong> aby zaspokoi\u0107 wszystkie preferencje smakowe \u2714 <strong>Wysokiej jako\u015bci podw\u00f3jna siatkowa grza\u0142ka<\/strong> dla lepszej produkcji pary \u2714 <strong>Niskie ceny hurtowe<\/strong> dla nabywc\u00f3w hurtowych<\/p>\n<p>Zdob\u0105d\u017a najlepsze oferty na <strong>Waspe 12000 Digitalna Skrzynka 12K Chmur Waporyzator\u00f3w<\/strong> ju\u017c teraz! <strong>Hurtowe jednorazowe vape'y<\/strong> nigdy nie by\u0142y bardziej przyst\u0119pne cenowo!<\/p>\n<p><strong>Dodaj Amy do WhatsAppa, aby uzyska\u0107 szybk\u0105 odpowied\u017a i kupon na vape!<\/strong><\/p>\n<p><img fetchpriority=\"high\" decoding=\"async\" class=\"size-full wp-image-2932\" src=\"https:\/\/vapestornado.com\/wp-content\/uploads\/2024\/12\/Vape-Wholesale.jpg\" alt=\"Hurtowa sprzeda\u017c e-papieros\u00f3w\" width=\"229\" height=\"300\" \/><\/p>\n<h3><a href=\"https:\/\/wa.me\/8617776015835\"><span style=\"color: #ff0000;\"><strong>WhatsApp: +86 17776015835<\/strong><\/span><\/a><\/h3>\n<p>&nbsp;<\/p>","protected":false},"featured_media":3815,"comment_status":"open","ping_status":"closed","template":"","meta":{"_acf_changed":false,"_uag_custom_page_level_css":"","_lmt_disableupdate":"no","_lmt_disable":"","_monsterinsights_skip_tracking":false,"_monsterinsights_sitenote_active":false,"_monsterinsights_sitenote_note":"","_monsterinsights_sitenote_category":0,"site-sidebar-layout":"default","site-content-layout":"","ast-site-content-layout":"default","site-content-style":"default","site-sidebar-style":"default","ast-global-header-display":"","ast-banner-title-visibility":"","ast-main-header-display":"","ast-hfb-above-header-display":"","ast-hfb-below-header-display":"","ast-hfb-mobile-header-display":"","site-post-title":"","ast-breadcrumbs-content":"","ast-featured-img":"","footer-sml-layout":"","ast-disable-related-posts":"","theme-transparent-header-meta":"default","adv-header-id-meta":"","stick-header-meta":"","header-above-stick-meta":"","header-main-stick-meta":"","header-below-stick-meta":"","astra-migrate-meta-layouts":"set","ast-page-background-enabled":"default","ast-page-background-meta":{"desktop":{"background-color":"","background-image":"","background-repeat":"repeat","background-position":"center center","background-size":"auto","background-attachment":"scroll","background-type":"","background-media":"","overlay-type":"","overlay-color":"","overlay-opacity":"","overlay-gradient":""},"tablet":{"background-color":"","background-image":"","background-repeat":"repeat","background-position":"center center","background-size":"auto","background-attachment":"scroll","background-type":"","background-media":"","overlay-type":"","overlay-color":"","overlay-opacity":"","overlay-gradient":""},"mobile":{"background-color":"","background-image":"","background-repeat":"repeat","background-position":"center center","background-size":"auto","background-attachment":"scroll","background-type":"","background-media":"","overlay-type":"","overlay-color":"","overlay-opacity":"","overlay-gradient":""}},"ast-content-background-meta":{"desktop":{"background-color":"var(--ast-global-color-5)","background-image":"","background-repeat":"repeat","background-position":"center center","background-size":"auto","background-attachment":"scroll","background-type":"","background-media":"","overlay-type":"","overlay-color":"","overlay-opacity":"","overlay-gradient":""},"tablet":{"background-color":"var(--ast-global-color-5)","background-image":"","background-repeat":"repeat","background-position":"center center","background-size":"auto","background-attachment":"scroll","background-type":"","background-media":"","overlay-type":"","overlay-color":"","overlay-opacity":"","overlay-gradient":""},"mobile":{"background-color":"var(--ast-global-color-5)","background-image":"","background-repeat":"repeat","background-position":"center center","background-size":"auto","background-attachment":"scroll","background-type":"","background-media":"","overlay-type":"","overlay-color":"","overlay-opacity":"","overlay-gradient":""}},"_joinchat":{"telephone":"17776015835"}},"product_brand":[],"product_cat":[19,72,151,155,160,142,146,60],"product_tag":[247,105,97,94,241,93,248],"class_list":{"0":"post-3796","1":"product","2":"type-product","3":"status-publish","4":"has-post-thumbnail","6":"product_cat-vapes","7":"product_cat-12000-puff","8":"product_cat-buy-disposable-vapes-in-france","9":"product_cat-buy-disposable-vapes-in-norway","10":"product_cat-buy-disposable-vapes-in-switzerland","11":"product_cat-digital-box-disposable-vapes","12":"product_cat-rechargeable-disposable-vapes","13":"product_cat-waspe-fihp-vape","14":"product_tag-12k-puff","15":"product_tag-digital-disposable-vape","16":"product_tag-hot-sale-disposable-vape","17":"product_tag-rechargeable-disposable-vape","18":"product_tag-smart-screen-disposable-vape","19":"product_tag-vape-wholesale","20":"product_tag-waspe-12000-digital-box","21":"desktop-align-left","22":"tablet-align-left","23":"mobile-align-left","25":"first","26":"instock","27":"sale","28":"shipping-taxable","29":"purchasable","30":"product-type-simple"},"acf":[],"uagb_featured_image_src":{"full":["https:\/\/vapestornado.com\/wp-content\/uploads\/2025\/03\/WASPE-12k-Puff-Disposable-Vape-Bulk-Buy.webp",800,800,false],"thumbnail":["https:\/\/vapestornado.com\/wp-content\/uploads\/2025\/03\/WASPE-12k-Puff-Disposable-Vape-Bulk-Buy-150x150.webp",150,150,true],"medium":["https:\/\/vapestornado.com\/wp-content\/uploads\/2025\/03\/WASPE-12k-Puff-Disposable-Vape-Bulk-Buy-300x300.webp",300,300,true],"medium_large":["https:\/\/vapestornado.com\/wp-content\/uploads\/2025\/03\/WASPE-12k-Puff-Disposable-Vape-Bulk-Buy-768x768.webp",768,768,true],"large":["https:\/\/vapestornado.com\/wp-content\/uploads\/2025\/03\/WASPE-12k-Puff-Disposable-Vape-Bulk-Buy.webp",800,800,false],"1536x1536":["https:\/\/vapestornado.com\/wp-content\/uploads\/2025\/03\/WASPE-12k-Puff-Disposable-Vape-Bulk-Buy.webp",800,800,false],"2048x2048":["https:\/\/vapestornado.com\/wp-content\/uploads\/2025\/03\/WASPE-12k-Puff-Disposable-Vape-Bulk-Buy.webp",800,800,false],"trp-custom-language-flag":["https:\/\/vapestornado.com\/wp-content\/uploads\/2025\/03\/WASPE-12k-Puff-Disposable-Vape-Bulk-Buy.webp",12,12,false],"woocommerce_thumbnail":["https:\/\/vapestornado.com\/wp-content\/uploads\/2025\/03\/WASPE-12k-Puff-Disposable-Vape-Bulk-Buy-300x300.webp",300,300,true],"woocommerce_single":["https:\/\/vapestornado.com\/wp-content\/uploads\/2025\/03\/WASPE-12k-Puff-Disposable-Vape-Bulk-Buy-600x600.webp",600,600,true],"woocommerce_gallery_thumbnail":["https:\/\/vapestornado.com\/wp-content\/uploads\/2025\/03\/WASPE-12k-Puff-Disposable-Vape-Bulk-Buy-100x100.webp",100,100,true]},"uagb_author_info":{"display_name":"ESAMY","author_link":"https:\/\/vapestornado.com\/pl\/author\/"},"uagb_comment_info":0,"uagb_excerpt":"Massive 12000 puffs for extended usage \u2714 Rechargeable with fast-charging Type-C port \u2714 Digital display for real-time monitoring of battery &amp; puffs \u2714 Variety of flavors to suit all taste preferences \u2714 High-quality dual mesh coil for enhanced vapor production \u2714 Low wholesale prices for bulk buyers Get the best deals on Waspe 12000 Digital&hellip;","_links":{"self":[{"href":"https:\/\/vapestornado.com\/pl\/wp-json\/wp\/v2\/product\/3796","targetHints":{"allow":["GET"]}}],"collection":[{"href":"https:\/\/vapestornado.com\/pl\/wp-json\/wp\/v2\/product"}],"about":[{"href":"https:\/\/vapestornado.com\/pl\/wp-json\/wp\/v2\/types\/product"}],"replies":[{"embeddable":true,"href":"https:\/\/vapestornado.com\/pl\/wp-json\/wp\/v2\/comments?post=3796"}],"wp:featuredmedia":[{"embeddable":true,"href":"https:\/\/vapestornado.com\/pl\/wp-json\/wp\/v2\/media\/3815"}],"wp:attachment":[{"href":"https:\/\/vapestornado.com\/pl\/wp-json\/wp\/v2\/media?parent=3796"}],"wp:term":[{"taxonomy":"product_brand","embeddable":true,"href":"https:\/\/vapestornado.com\/pl\/wp-json\/wp\/v2\/product_brand?post=3796"},{"taxonomy":"product_cat","embeddable":true,"href":"https:\/\/vapestornado.com\/pl\/wp-json\/wp\/v2\/product_cat?post=3796"},{"taxonomy":"product_tag","embeddable":true,"href":"https:\/\/vapestornado.com\/pl\/wp-json\/wp\/v2\/product_tag?post=3796"}],"curies":[{"name":"wp","href":"https:\/\/api.w.org\/{rel}","templated":true}]}}