{"id":3788,"date":"2025-02-18T03:50:57","date_gmt":"2025-02-18T03:50:57","guid":{"rendered":"https:\/\/vapestornado.com\/?post_type=product&#038;p=3788"},"modified":"2025-08-23T09:28:52","modified_gmt":"2025-08-23T09:28:52","slug":"jnr-nicotine-pouches-25mg-15-flavours-shop-online-lower-price","status":"publish","type":"product","link":"https:\/\/vapestornado.com\/pl\/product\/jnr-nicotine-pouches-25mg-15-flavours-shop-online-lower-price\/","title":{"rendered":"Saszetki Nikotynowe JNR 25mg 15+ Smak\u00f3w Sklep Online Ni\u017csza Cena"},"content":{"rendered":"<h1 class=\"product-title\">Saszetki Nikotynowe JNR 25mg 15+ Smak\u00f3w Sklep Online Ni\u017csza Cena<\/h1>\n<p data-start=\"263\" data-end=\"535\">Cyfrowy ekran <strong data-start=\"267\" data-end=\"296\">JNR Woreczki Nikotynowe 25mg<\/strong> s\u0105 przeznaczone dla u\u017cytkownik\u00f3w, kt\u00f3rzy chc\u0105 silnego i skutecznego do\u015bwiadczenia nikotynowego bez palenia lub wapowania. Ka\u017cda saszetka zawiera <strong data-start=\"419\" data-end=\"439\">25 mg nikotyny<\/strong>, zapewniaj\u0105c szybkie i mocne uwalnianie, idealne dla do\u015bwiadczonych u\u017cytkownik\u00f3w poszukuj\u0105cych intensywno\u015bci i skupienia.<\/p>\n<p data-start=\"537\" data-end=\"781\">Wykonane z <strong data-start=\"547\" data-end=\"583\">beztytoniowych w\u0142\u00f3kien ro\u015blinnych<\/strong>, te smuk\u0142e saszetki wygodnie mieszcz\u0105 si\u0119 pod g\u00f3rn\u0105 warg\u0105, nie powoduj\u0105c ba\u0142aganu, plucia ani utrzymuj\u0105cego si\u0119 zapachu. Dyskretna konstrukcja sprawia, \u017ce \u200b\u200bs\u0105 \u0142atwe w u\u017cyciu w dowolnym momencie \u2014 w pracy, w podr\u00f3\u017cy lub w sytuacjach towarzyskich.<\/p>\n<p data-start=\"783\" data-end=\"1056\">Dost\u0119pne w <strong data-start=\"796\" data-end=\"811\">Ponad 15 smak\u00f3w<\/strong> w tym Mi\u0119ta, Cytrusy i Jagody, <strong data-start=\"851\" data-end=\"880\">Saszetki nikotynowe JNR 25mg<\/strong> \u0142\u0105cz\u0105 si\u0142\u0119 z orze\u017awiaj\u0105cym smakiem. Oferuj\u0105 wygodn\u0105, bezdymn\u0105 alternatyw\u0119 dla ka\u017cdego, kto szuka wysokiej jako\u015bci, mocnej opcji nikotynowej w konkurencyjnej cenie.<\/p>\n<p><strong>Dodaj Amy na WhatsApp, aby uzyska\u0107 w\u0142a\u015bciw\u0105 odpowied\u017a i cen\u0119 z rabatem!<\/strong><\/p>\n<p><img fetchpriority=\"high\" decoding=\"async\" class=\"size-full wp-image-2932\" src=\"https:\/\/vapestornado.com\/wp-content\/uploads\/2024\/12\/Vape-Wholesale.jpg\" alt=\"Hurtowa sprzeda\u017c e-papieros\u00f3w\" width=\"229\" height=\"300\" \/><\/p>\n<h3><a href=\"https:\/\/wa.me\/8617776015835\" target=\"_blank\" rel=\"noopener\"><span style=\"color: #ff0000;\"><strong>WhatsApp: +86 17776015835<\/strong><\/span><\/a><\/h3>\n<p>&nbsp;<\/p>\n<h2><strong>JNR Woreczki Nikotynowe 25mg Cechy Produktu<\/strong><\/h2>\n<p>Marka: JNR<br \/>\nMoc nikotyny: 25 mg na woreczek<br \/>\nLiczba woreczk\u00f3w: 20 sztuk w puszce<\/p>\n<figure id=\"attachment_3773\" aria-describedby=\"caption-attachment-3773\" style=\"width: 1000px\" class=\"wp-caption alignnone\"><img decoding=\"async\" class=\"wp-image-3773 size-full\" src=\"https:\/\/vapestornado.com\/wp-content\/uploads\/2025\/02\/Hot-Selling-JNR-Nicotine-Pouches-25mg.webp\" alt=\"Gor\u0105ca Sprzeda\u017c JNR Woreczki Nikotynowe 25mg\" width=\"1000\" height=\"1000\" srcset=\"https:\/\/vapestornado.com\/wp-content\/uploads\/2025\/02\/Hot-Selling-JNR-Nicotine-Pouches-25mg.webp 1000w, https:\/\/vapestornado.com\/wp-content\/uploads\/2025\/02\/Hot-Selling-JNR-Nicotine-Pouches-25mg-300x300.webp 300w, https:\/\/vapestornado.com\/wp-content\/uploads\/2025\/02\/Hot-Selling-JNR-Nicotine-Pouches-25mg-150x150.webp 150w, https:\/\/vapestornado.com\/wp-content\/uploads\/2025\/02\/Hot-Selling-JNR-Nicotine-Pouches-25mg-768x768.webp 768w, https:\/\/vapestornado.com\/wp-content\/uploads\/2025\/02\/Hot-Selling-JNR-Nicotine-Pouches-25mg-600x600.webp 600w, https:\/\/vapestornado.com\/wp-content\/uploads\/2025\/02\/Hot-Selling-JNR-Nicotine-Pouches-25mg-100x100.webp 100w\" sizes=\"(max-width: 1000px) 100vw, 1000px\" \/><figcaption id=\"caption-attachment-3773\" class=\"wp-caption-text\">Gor\u0105ca Sprzeda\u017c JNR Woreczki Nikotynowe 25mg<\/figcaption><\/figure>\n<h2 class=\"product-title\"><strong>JNR Woreczki Nikotynowe 25mg Lista Smak\u00f3w<\/strong><\/h2>\n<ol data-start=\"59\" data-end=\"318\" data-is-last-node=\"\">\n<li data-start=\"59\" data-end=\"76\">Czarna Wi\u015bnia<\/li>\n<li data-start=\"77\" data-end=\"95\">Niebieska Malina z Lodem<\/li>\n<li data-start=\"96\" data-end=\"115\">Mi\u0119ta Jagodowa<\/li>\n<li data-start=\"116\" data-end=\"135\">Cytrusowe Ch\u0142odzenie<\/li>\n<li data-start=\"136\" data-end=\"151\">Musuj\u0105ca Cola<\/li>\n<li data-start=\"152\" data-end=\"163\">Mro\u017ane<\/li>\n<li data-start=\"164\" data-end=\"177\">L\u00f3d<\/li>\n<li data-start=\"178\" data-end=\"191\">Mi\u0119ta lodowa<\/li>\n<li data-start=\"192\" data-end=\"210\">Mi\u0119ta zielona lodowa<\/li>\n<li data-start=\"211\" data-end=\"228\">Mieszanka Jag\u00f3d<\/li>\n<li data-start=\"229\" data-end=\"246\">Mi\u0119kkie Toffi<\/li>\n<li data-start=\"247\" data-end=\"267\">Truskawkowe lody<\/li>\n<li data-start=\"268\" data-end=\"282\">Tropikalny<\/li>\n<li data-start=\"283\" data-end=\"299\">Podw\u00f3jne jab\u0142ko<\/li>\n<li data-start=\"300\" data-end=\"318\" data-is-last-node=\"\">Arbuzowy l\u00f3d<\/li>\n<\/ol>\n<h3 class=\"product-title\">Czy woreczki nikotynowe s\u0105 korzystne?<\/h3>\n<article class=\"w-full text-token-text-primary focus-visible:outline-2 focus-visible:outline-offset-[-4px]\" dir=\"auto\" data-testid=\"conversation-turn-32\" data-scroll-anchor=\"false\">\n<div class=\"m-auto text-base py-[18px] px-6\">\n<div class=\"mx-auto flex flex-1 text-base gap-4 md:gap-5 lg:gap-6 md:max-w-3xl lg:max-w-[40rem] xl:max-w-[48rem]\">\n<div class=\"group\/conversation-turn relative flex w-full min-w-0 flex-col @xs\/thread:px-0 @sm\/thread:px-1.5 @md\/thread:px-4\">\n<div class=\"flex-col gap-1 md:gap-3\">\n<div class=\"flex max-w-full flex-col flex-grow\">\n<div class=\"min-h-8 text-message flex w-full flex-col items-end gap-2 whitespace-normal break-words text-start [.text-message+&amp;]:mt-5\" dir=\"auto\" data-message-author-role=\"user\" data-message-id=\"ffac41ca-1db4-431b-873a-32c4052956f1\">\n<div class=\"flex w-full flex-col gap-1 empty:hidden items-end rtl:items-start\">\n<div class=\"relative max-w-[var(--user-chat-width,70%)] rounded-3xl bg-token-message-surface px-5 py-2.5\">\n<div class=\"absolute bottom-0 right-full top-0 -mr-3.5 hidden pr-5 pt-2 [.group\/conversation-turn:hover_&amp;]:flex\">\n<div class=\"flex\"><\/div>\n<\/div>\n<\/div>\n<\/div>\n<\/div>\n<\/div>\n<\/div>\n<\/div>\n<\/div>\n<\/div>\n<\/article>\n<article class=\"w-full text-token-text-primary focus-visible:outline-2 focus-visible:outline-offset-[-4px]\" dir=\"auto\" data-testid=\"conversation-turn-33\" data-scroll-anchor=\"true\">\n<div class=\"m-auto text-base py-[18px] px-6\">\n<div class=\"mx-auto flex flex-1 text-base gap-4 md:gap-5 lg:gap-6 md:max-w-3xl lg:max-w-[40rem] xl:max-w-[48rem]\">\n<div class=\"group\/conversation-turn relative flex w-full min-w-0 flex-col agent-turn @xs\/thread:px-0 @sm\/thread:px-1.5 @md\/thread:px-4\">\n<div class=\"flex-col gap-1 md:gap-3\">\n<div class=\"flex max-w-full flex-col flex-grow\">\n<div class=\"min-h-8 text-message flex w-full flex-col items-end gap-2 whitespace-normal break-words text-start [.text-message+&amp;]:mt-5\" dir=\"auto\" data-message-author-role=\"assistant\" data-message-id=\"e542e950-e3a5-4b1a-98f8-7584a2f9bc41\" data-message-model-slug=\"gpt-4o\">\n<div class=\"flex w-full flex-col gap-1 empty:hidden first:pt-[3px]\">\n<div class=\"markdown prose w-full break-words dark:prose-invert light\">\n<article class=\"w-full text-token-text-primary focus-visible:outline-2 focus-visible:outline-offset-[-4px]\" dir=\"auto\" data-testid=\"conversation-turn-35\" data-scroll-anchor=\"true\">\n<div class=\"m-auto text-base py-[18px] px-6\">\n<div class=\"mx-auto flex flex-1 text-base gap-4 md:gap-5 lg:gap-6 md:max-w-3xl lg:max-w-[40rem] xl:max-w-[48rem]\">\n<div class=\"group\/conversation-turn relative flex w-full min-w-0 flex-col agent-turn @xs\/thread:px-0 @sm\/thread:px-1.5 @md\/thread:px-4\">\n<div class=\"flex-col gap-1 md:gap-3\">\n<div class=\"flex max-w-full flex-col flex-grow\">\n<div class=\"min-h-8 text-message flex w-full flex-col items-end gap-2 whitespace-normal break-words text-start [.text-message+&amp;]:mt-5\" dir=\"auto\" data-message-author-role=\"assistant\" data-message-id=\"19ad7ab6-95d5-4367-834a-f160e402f0d6\" data-message-model-slug=\"gpt-4o\">\n<div class=\"flex w-full flex-col gap-1 empty:hidden first:pt-[3px]\">\n<div class=\"markdown prose w-full break-words dark:prose-invert light\">\n<p>Dla palaczy pr\u00f3buj\u0105cych rzuci\u0107 palenie woreczki nikotynowe stanowi\u0105 czystsz\u0105, beztytoniow\u0105 alternatyw\u0119. Chocia\u017c sama nikotyna mo\u017ce nie\u015b\u0107 ze sob\u0105 ryzyko dla zdrowia, woreczki eliminuj\u0105 szkodliwe skutki palenia, co czyni je zdrowsz\u0105 opcj\u0105 dla obecnych palaczy, kt\u00f3rzy chc\u0105 zmniejszy\u0107 szkody. Palenie jest uwa\u017cane za najmniej zdrowy spos\u00f3b konsumpcji nikotyny, wi\u0119c przej\u015bcie na woreczki nikotynowe mo\u017ce by\u0107 pozytywnym krokiem dla u\u017cytkownik\u00f3w dbaj\u0105cych o zdrowie.<\/p>\n<\/div>\n<\/div>\n<\/div>\n<\/div>\n<\/div>\n<\/div>\n<\/div>\n<\/div>\n<\/article>\n<\/div>\n<\/div>\n<\/div>\n<\/div>\n<\/div>\n<\/div>\n<\/div>\n<\/div>\n<\/article>\n<h3>Dlaczego warto wybra\u0107 vapestornado do hurtowego zakupu woreczk\u00f3w nikotynowych JNR?<\/h3>\n<div class=\"flex-shrink-0 flex flex-col relative items-end\">\n<div class=\"pt-0\">\n<div class=\"gizmo-bot-avatar flex h-8 w-8 items-center justify-center overflow-hidden rounded-full\">\n<div class=\"relative p-1 rounded-sm flex items-center justify-center bg-token-main-surface-primary text-token-text-primary h-8 w-8\">\n<p>Witamy w vapestornado, Twoim zaufanym sklepie internetowym z wysokiej jako\u015bci jednorazowymi e-papierosami. Dzi\u0119ki ponad 5-letniemu do\u015bwiadczeniu oferujemy popularne marki jednorazowych e-papieros\u00f3w, takie jak Fumot RandM Vape, Vapme, Bang Vape, Waspe Vape i WGA Vape itp.<\/p>\n<p>Nasza oferta obejmuje popularne jednorazowe e-papierosy o podw\u00f3jnym smaku, takie jak <a href=\"https:\/\/vapestornado.com\/pl\/product\/bang-king-35k-35000-puffs-2-in-1-dual-flavour-disposable-vape-wholesale-cheap-price\/\">Bang King 35k 35000 puffs<\/a>, <a href=\"https:\/\/vapestornado.com\/pl\/product\/waspe-crystal-40000-puffs-40k-double-flavor-rechargeable-disposable-vapes-cheap-price\/\">WASPE Crystal 40k Podw\u00f3jny Smak<\/a> i bogate w smaku opcje, takie jak <a href=\"https:\/\/vapestornado.com\/pl\/product\/razzbar-15000-puffs-rechargeable-disposable-vape-bulk-buy-at-cheap-prices\/\">RAZZBAR 15000 Puffs<\/a>. Ka\u017cdy produkt jest wybierany z my\u015bl\u0105 o jako\u015bci, warto\u015bci i r\u00f3\u017cnorodno\u015bci, dzi\u0119ki czemu znajdziesz idealne dopasowanie do swoich potrzeb. Odkryj wyj\u0105tkow\u0105 obs\u0142ug\u0119 i szerok\u0105 gam\u0119 najlepszych produkt\u00f3w w cenach hurtowych na vapestornado.<\/p>\n<\/div>\n<h3><\/h3>\n<div class=\"relative p-1 rounded-sm flex items-center justify-center bg-token-main-surface-primary text-token-text-primary h-8 w-8\">\n<h3>Najcz\u0119\u015bciej zadawane pytania dotycz\u0105ce woreczk\u00f3w nikotynowych JNR<\/h3>\n<\/div>\n<\/div>\n<\/div>\n<\/div>\n<div class=\"flex-shrink-0 flex flex-col relative items-end\">\n<div class=\"pt-0\">\n<div class=\"gizmo-bot-avatar flex h-8 w-8 items-center justify-center overflow-hidden rounded-full\">\n<div class=\"relative p-1 rounded-sm flex items-center justify-center bg-token-main-surface-primary text-token-text-primary h-8 w-8\">\n<div class=\"mb-2 flex gap-3 empty:hidden -ml-2\">\n<p data-start=\"42\" data-end=\"510\"><strong data-start=\"42\" data-end=\"152\">1. Jakie s\u0105 kluczowe korzy\u015bci z u\u017cywania woreczk\u00f3w nikotynowych JNR 25 mg w por\u00f3wnaniu z tradycyjnym paleniem lub wapowaniem?<\/strong><br data-start=\"152\" data-end=\"155\" \/>Woreczki nikotynowe JNR 25 mg oferuj\u0105 czystsze i bardziej dyskretne do\u015bwiadczenie z nikotyn\u0105 bez konieczno\u015bci palenia lub wapowania. Wykonane ze sk\u0142adnik\u00f3w beztytoniowych, stanowi\u0105 opcj\u0119 bez dymu i zapachu do spo\u017cywania nikotyny. Smuk\u0142e i przeno\u015bne woreczki mo\u017cna stosowa\u0107 zawsze i wsz\u0119dzie, co czyni je wygodn\u0105 alternatyw\u0105 dla tradycyjnych produkt\u00f3w tytoniowych.<\/p>\n<p data-start=\"512\" data-end=\"893\"><strong data-start=\"512\" data-end=\"625\">2. Jak d\u0142ugo trwa uczucie mrowienia podczas u\u017cywania woreczka nikotynowego JNR i co ono oznacza?<\/strong><br data-start=\"625\" data-end=\"628\" \/>Gdy umie\u015bcisz woreczek nikotynowy JNR 25 mg pod warg\u0105, poczujesz mrowienie, kt\u00f3re zazwyczaj trwa oko\u0142o 15 minut. To uczucie wskazuje na uwalnianie si\u0119 nikotyny i jest oznak\u0105, \u017ce woreczek dzia\u0142a zgodnie z oczekiwaniami, dostarczaj\u0105c mocny zastrzyk nikotyny.<\/p>\n<p data-start=\"895\" data-end=\"1290\"><strong data-start=\"895\" data-end=\"995\">3. Czy woreczki nikotynowe JNR 25 mg mog\u0105 pom\u00f3c palaczom rzuci\u0107 palenie i co czyni je zdrowsz\u0105 alternatyw\u0105?<\/strong><br data-start=\"995\" data-end=\"998\" \/>Tak, woreczki nikotynowe JNR mog\u0105 pom\u00f3c palaczom rzuci\u0107 palenie, zapewniaj\u0105c beztytoniow\u0105, bezdymn\u0105 opcj\u0119 spo\u017cycia nikotyny. Poniewa\u017c nie zawieraj\u0105 tytoniu, eliminuj\u0105 szkodliwe skutki palenia, co czyni je zdrowsz\u0105 alternatyw\u0105 dla tych, kt\u00f3rzy pr\u00f3buj\u0105 zmniejszy\u0107 lub rzuci\u0107 palenie tytoniu.<\/p>\n<p data-start=\"1292\" data-end=\"1826\"><strong data-start=\"1292\" data-end=\"1409\">4. Jakie smaki s\u0105 dost\u0119pne dla woreczk\u00f3w nikotynowych JNR 25 mg i kt\u00f3ry z nich zapewnia najbardziej orze\u017awiaj\u0105ce doznania?<\/strong><br data-start=\"1409\" data-end=\"1412\" \/>Woreczki nikotynowe JNR s\u0105 dost\u0119pne w r\u00f3\u017cnych orze\u017awiaj\u0105cych smakach, w tym Czarna Wi\u015bnia, Blue Razz Ice, Bor\u00f3wka Mi\u0119towa, Cytrusowe Ch\u0142odzenie, Mieszane Jagody, Truskawka Lodowa i inne. Aby uzyska\u0107 orze\u017awiaj\u0105ce doznania, wielu u\u017cytkownik\u00f3w lubi ch\u0142odz\u0105ce uczucie smak\u00f3w takich jak Mi\u0119ta Lodowa, Blue Razz Ice i Truskawka Lodowa.<\/p>\n<p data-start=\"1828\" data-end=\"2274\" data-is-last-node=\"\"><strong data-start=\"1828\" data-end=\"1932\">5. Jak prawid\u0142owo umie\u015bci\u0107 woreczki nikotynowe JNR, aby ich u\u017cycie by\u0142o najwygodniejsze i najskuteczniejsze?<\/strong><br data-start=\"1932\" data-end=\"1935\" \/>Aby u\u017cy\u0107 woreczka nikotynowego JNR, po prostu umie\u015b\u0107 jeden woreczek pod g\u00f3rn\u0105 lub doln\u0105 warg\u0105. A efekty zaczniesz odczuwa\u0107 w ci\u0105gu kilku minut. Dyskretna konstrukcja pozwala cieszy\u0107 si\u0119 doznaniami nikotynowymi bez ba\u0142aganu i silnego zapachu.<\/p>\n<h2>Jak z\u0142o\u017cy\u0107 zam\u00f3wienie?<\/h2>\n<p><strong>1. Jakie metody p\u0142atno\u015bci akceptujecie?<\/strong><br \/>\nAkceptujemy przelewy IBAN oraz <span style=\"font-size: 16px;\">Western Union<\/span>\u00a0dla bezpiecznych i wygodnych transakcji.<\/p>\n<p><strong>2. Jak mog\u0119 \u015bledzi\u0107 moje zam\u00f3wienie?<\/strong><br \/>\nPo wys\u0142aniu zam\u00f3wienia, <span class=\"selectable-text copyable-text false\">b\u0119dziemy na bie\u017c\u0105co informowa\u0107 o \u015bledzeniu przesy\u0142ek, a\u017c do momentu ich otrzymania<\/span>.<\/p>\n<p><strong>3. Jaki jest szacowany czas wysy\u0142ki?<\/strong><\/p>\n<ul>\n<li>Wysy\u0142ka z <strong>magazyn\u00f3w w Chinach<\/strong> zajmuje oko\u0142o <strong>7-14 dni roboczych<\/strong>.<\/li>\n<li>Wysy\u0142ka z <strong>Europejskie magazyny<\/strong> zwykle zajmuje <strong>3-6 dni roboczych<\/strong>.<\/li>\n<\/ul>\n<p><strong>4. Jak mog\u0119 uzyska\u0107 szybsz\u0105 dostaw\u0119?<\/strong><br \/>\nAby uzyska\u0107 szybsz\u0105 dostaw\u0119, zalecamy zamawianie z naszego <strong>Europejskiego magazynu<\/strong>, kt\u00f3ry oferuje kr\u00f3tszy czas wysy\u0142ki.<\/p>\n<p><strong>5. Jak mog\u0119 zwr\u00f3ci\u0107 przedmiot?<\/strong><br \/>\nAby zwr\u00f3ci\u0107 przedmiot, skontaktuj si\u0119 z naszym dzia\u0142em obs\u0142ugi klienta, aby uzyska\u0107 szczeg\u00f3\u0142owe instrukcje dotycz\u0105ce procesu zwrotu.<\/p>\n<p><strong>6. Czy oferujecie wysy\u0142k\u0119 mi\u0119dzynarodow\u0105?<\/strong><br \/>\nTak, wysy\u0142amy do wi\u0119kszo\u015bci kraj\u00f3w i zajmujemy si\u0119 <strong>odpraw\u0105 celn\u0105<\/strong> dla zapewnienia bezproblemowej dostawy.<\/p>\n<p><strong>7. Co zrobi\u0107, je\u015bli otrzymam uszkodzony lub wadliwy produkt?<\/strong><br \/>\nJe\u015bli Tw\u00f3j przedmiot jest uszkodzony lub wadliwy, skontaktuj si\u0119 z obs\u0142ug\u0105 klienta w celu uzyskania <strong>wymiany lub zwrotu pieni\u0119dzy<\/strong>.<\/p>\n<p><strong>8. Jak mog\u0119 skontaktowa\u0107 si\u0119 z obs\u0142ug\u0105 klienta?<\/strong><br \/>\nMo\u017cesz si\u0119 z nami skontaktowa\u0107 przez <strong>e-mail, WhatsApp lub czat na \u017cywo<\/strong> na naszej stronie internetowej, aby uzyska\u0107 pomoc.<\/p>\n<\/div>\n<\/div>\n<\/div>\n<\/div>\n<\/div>","protected":false},"excerpt":{"rendered":"<p>JNR Woreczki Nikotynowe 25mg Hurt<br \/>\nGor\u0105ca Sprzeda\u017c JNR Woreczki Nikotynowe 25mg Zakupy Hurtowe<br \/>\nNajlepsze JNR Woreczki Nikotynowe 25mg Tania Cena<\/p>\n<p><strong>Dodaj Amy do WhatsAppa, aby uzyska\u0107 szybk\u0105 odpowied\u017a i kupon na vape!<\/strong><\/p>\n<p><img fetchpriority=\"high\" decoding=\"async\" class=\"size-full wp-image-2932\" src=\"https:\/\/vapestornado.com\/wp-content\/uploads\/2024\/12\/Vape-Wholesale.jpg\" alt=\"Hurtowa sprzeda\u017c e-papieros\u00f3w\" width=\"229\" height=\"300\" \/><\/p>\n<h3><a href=\"https:\/\/wa.me\/8617776015835\"><span style=\"color: #ff0000;\"><strong>WhatsApp: +86 17776015835<\/strong><\/span><\/a><\/h3>\n<p>&nbsp;<\/p>","protected":false},"featured_media":3777,"comment_status":"open","ping_status":"closed","template":"","meta":{"_acf_changed":false,"_uag_custom_page_level_css":"","_lmt_disableupdate":"no","_lmt_disable":"","_monsterinsights_skip_tracking":false,"_monsterinsights_sitenote_active":false,"_monsterinsights_sitenote_note":"","_monsterinsights_sitenote_category":0,"site-sidebar-layout":"default","site-content-layout":"","ast-site-content-layout":"default","site-content-style":"default","site-sidebar-style":"default","ast-global-header-display":"","ast-banner-title-visibility":"","ast-main-header-display":"","ast-hfb-above-header-display":"","ast-hfb-below-header-display":"","ast-hfb-mobile-header-display":"","site-post-title":"","ast-breadcrumbs-content":"","ast-featured-img":"","footer-sml-layout":"","ast-disable-related-posts":"","theme-transparent-header-meta":"default","adv-header-id-meta":"","stick-header-meta":"","header-above-stick-meta":"","header-main-stick-meta":"","header-below-stick-meta":"","astra-migrate-meta-layouts":"set","ast-page-background-enabled":"default","ast-page-background-meta":{"desktop":{"background-color":"","background-image":"","background-repeat":"repeat","background-position":"center center","background-size":"auto","background-attachment":"scroll","background-type":"","background-media":"","overlay-type":"","overlay-color":"","overlay-opacity":"","overlay-gradient":""},"tablet":{"background-color":"","background-image":"","background-repeat":"repeat","background-position":"center center","background-size":"auto","background-attachment":"scroll","background-type":"","background-media":"","overlay-type":"","overlay-color":"","overlay-opacity":"","overlay-gradient":""},"mobile":{"background-color":"","background-image":"","background-repeat":"repeat","background-position":"center center","background-size":"auto","background-attachment":"scroll","background-type":"","background-media":"","overlay-type":"","overlay-color":"","overlay-opacity":"","overlay-gradient":""}},"ast-content-background-meta":{"desktop":{"background-color":"var(--ast-global-color-5)","background-image":"","background-repeat":"repeat","background-position":"center center","background-size":"auto","background-attachment":"scroll","background-type":"","background-media":"","overlay-type":"","overlay-color":"","overlay-opacity":"","overlay-gradient":""},"tablet":{"background-color":"var(--ast-global-color-5)","background-image":"","background-repeat":"repeat","background-position":"center center","background-size":"auto","background-attachment":"scroll","background-type":"","background-media":"","overlay-type":"","overlay-color":"","overlay-opacity":"","overlay-gradient":""},"mobile":{"background-color":"var(--ast-global-color-5)","background-image":"","background-repeat":"repeat","background-position":"center center","background-size":"auto","background-attachment":"scroll","background-type":"","background-media":"","overlay-type":"","overlay-color":"","overlay-opacity":"","overlay-gradient":""}},"_joinchat":{"telephone":"17776015835"}},"product_brand":[],"product_cat":[19,140,149,150,152,157],"product_tag":[244,242,243],"class_list":{"0":"post-3788","1":"product","2":"type-product","3":"status-publish","4":"has-post-thumbnail","6":"product_cat-vapes","7":"product_cat-big-puffs-disposable-vapes","8":"product_cat-buy-disposable-vapes-in-austria","9":"product_cat-buy-disposable-vapes-in-belgium","10":"product_cat-buy-disposable-vapes-in-cermany","11":"product_cat-buy-disposable-vapes-in-portugal","12":"product_tag-jnr-nicotine-pouches","13":"product_tag-jnr-nicotine-pouches-25mg","14":"product_tag-nicotine-pouches","15":"desktop-align-left","16":"tablet-align-left","17":"mobile-align-left","19":"first","20":"instock","21":"sale","22":"shipping-taxable","23":"purchasable","24":"product-type-simple"},"acf":[],"uagb_featured_image_src":{"full":["https:\/\/vapestornado.com\/wp-content\/uploads\/2025\/02\/JNR-Nicotine-Pouches-Wholesale.webp",1000,1000,false],"thumbnail":["https:\/\/vapestornado.com\/wp-content\/uploads\/2025\/02\/JNR-Nicotine-Pouches-Wholesale-150x150.webp",150,150,true],"medium":["https:\/\/vapestornado.com\/wp-content\/uploads\/2025\/02\/JNR-Nicotine-Pouches-Wholesale-300x300.webp",300,300,true],"medium_large":["https:\/\/vapestornado.com\/wp-content\/uploads\/2025\/02\/JNR-Nicotine-Pouches-Wholesale-768x768.webp",768,768,true],"large":["https:\/\/vapestornado.com\/wp-content\/uploads\/2025\/02\/JNR-Nicotine-Pouches-Wholesale.webp",1000,1000,false],"1536x1536":["https:\/\/vapestornado.com\/wp-content\/uploads\/2025\/02\/JNR-Nicotine-Pouches-Wholesale.webp",1000,1000,false],"2048x2048":["https:\/\/vapestornado.com\/wp-content\/uploads\/2025\/02\/JNR-Nicotine-Pouches-Wholesale.webp",1000,1000,false],"trp-custom-language-flag":["https:\/\/vapestornado.com\/wp-content\/uploads\/2025\/02\/JNR-Nicotine-Pouches-Wholesale.webp",12,12,false],"woocommerce_thumbnail":["https:\/\/vapestornado.com\/wp-content\/uploads\/2025\/02\/JNR-Nicotine-Pouches-Wholesale-300x300.webp",300,300,true],"woocommerce_single":["https:\/\/vapestornado.com\/wp-content\/uploads\/2025\/02\/JNR-Nicotine-Pouches-Wholesale-600x600.webp",600,600,true],"woocommerce_gallery_thumbnail":["https:\/\/vapestornado.com\/wp-content\/uploads\/2025\/02\/JNR-Nicotine-Pouches-Wholesale-100x100.webp",100,100,true]},"uagb_author_info":{"display_name":"ESAMY","author_link":"https:\/\/vapestornado.com\/pl\/author\/"},"uagb_comment_info":0,"uagb_excerpt":"JNR Nicotine Pouches 25mg Wholesale Hot Selling JNR Nicotine Pouches 25mg Bulk Buy Best JNR Nicotine Pouches 25mg Cheap Price Add Amy's whatsapp get right reply and vape vape coupon! WhatsApp: +86 17776015835 &nbsp;","_links":{"self":[{"href":"https:\/\/vapestornado.com\/pl\/wp-json\/wp\/v2\/product\/3788","targetHints":{"allow":["GET"]}}],"collection":[{"href":"https:\/\/vapestornado.com\/pl\/wp-json\/wp\/v2\/product"}],"about":[{"href":"https:\/\/vapestornado.com\/pl\/wp-json\/wp\/v2\/types\/product"}],"replies":[{"embeddable":true,"href":"https:\/\/vapestornado.com\/pl\/wp-json\/wp\/v2\/comments?post=3788"}],"wp:featuredmedia":[{"embeddable":true,"href":"https:\/\/vapestornado.com\/pl\/wp-json\/wp\/v2\/media\/3777"}],"wp:attachment":[{"href":"https:\/\/vapestornado.com\/pl\/wp-json\/wp\/v2\/media?parent=3788"}],"wp:term":[{"taxonomy":"product_brand","embeddable":true,"href":"https:\/\/vapestornado.com\/pl\/wp-json\/wp\/v2\/product_brand?post=3788"},{"taxonomy":"product_cat","embeddable":true,"href":"https:\/\/vapestornado.com\/pl\/wp-json\/wp\/v2\/product_cat?post=3788"},{"taxonomy":"product_tag","embeddable":true,"href":"https:\/\/vapestornado.com\/pl\/wp-json\/wp\/v2\/product_tag?post=3788"}],"curies":[{"name":"wp","href":"https:\/\/api.w.org\/{rel}","templated":true}]}}