{"id":3745,"date":"2025-01-14T09:29:58","date_gmt":"2025-01-14T09:29:58","guid":{"rendered":"https:\/\/vapestornado.com\/?post_type=product&#038;p=3745"},"modified":"2025-08-23T09:30:57","modified_gmt":"2025-08-23T09:30:57","slug":"high-capacity-bang-28000-puffs-disposable-e-cigarette","status":"publish","type":"product","link":"https:\/\/vapestornado.com\/pl\/product\/high-capacity-bang-28000-puffs-disposable-e-cigarette\/","title":{"rendered":"E-papieros jednorazowy o du\u017cej pojemno\u015bci Bang 28000 Puffs"},"content":{"rendered":"<h1>E-papieros jednorazowy o du\u017cej pojemno\u015bci Bang 28000 Puffs<\/h1>\n<p>&nbsp;<\/p>\n<div role=\"article\" data-tabster=\"{&quot;groupper&quot;:{&quot;tabbability&quot;:2},&quot;focusable&quot;:{}}\" data-content=\"ai-message\" aria-labelledby=\"64JRvXrTnY7mRmPkEQLLT-author 64JRvXrTnY7mRmPkEQLLT-content\">\n<div id=\"64JRvXrTnY7mRmPkEQLLT-content\">\n<p data-start=\"313\" data-end=\"602\">Cyfrowy ekran <strong data-start=\"317\" data-end=\"353\">Bang 28000 Puffs Jednorazowy E-papieros<\/strong> zapewnia wyd\u0142u\u017con\u0105 wydajno\u015b\u0107 i wygod\u0119 dzi\u0119ki ogromnemu <strong data-start=\"415\" data-end=\"439\">pojemno\u015bci\u0105 28 000 zaci\u0105gni\u0119\u0107<\/strong> i <strong data-start=\"446\" data-end=\"479\">30 ml zbiornikowi na e-liquid<\/strong>. U\u017cywaj\u0105c <strong data-start=\"487\" data-end=\"520\">zaawansowana technologia grza\u0142ki siatkowej<\/strong>, zapewnia sp\u00f3jny smak i p\u0142ynn\u0105 produkcj\u0119 pary od pocz\u0105tku do ko\u0144ca.<\/p>\n<p data-start=\"604\" data-end=\"814\">Dost\u0119pne w <strong data-start=\"617\" data-end=\"656\">opcje nikotyny 0%, 2%, 3% i 5%<\/strong>, Bang 28K zaspokaja wszystkie preferencje, a <strong data-start=\"708\" data-end=\"732\">regulowanego poziomu lodu<\/strong> funkcja pozwala u\u017cytkownikom dostosowa\u0107 intensywno\u015b\u0107 ch\u0142odzenia, aby uzyska\u0107 orze\u017awiaj\u0105cy efekt mentolowy.<\/p>\n<p data-start=\"816\" data-end=\"1116\">Zasilany przez <strong data-start=\"829\" data-end=\"860\">akumulator o pojemno\u015bci 650 mAh<\/strong> z <strong data-start=\"866\" data-end=\"890\">Szybkie \u0142adowanie typu C<\/strong>, to urz\u0105dzenie minimalizuje przestoje i zapewnia niezawodne u\u017cytkowanie przez ca\u0142y dzie\u0144. Jego <strong data-start=\"962\" data-end=\"1001\">konstrukcja przep\u0142ywu powietrza Direct-to-Lung (DTL)<\/strong> wytwarza g\u0119ste chmury pary i wyraziste smaki, dzi\u0119ki czemu idealnie nadaje si\u0119 dla waper\u00f3w, kt\u00f3rzy oczekuj\u0105 zar\u00f3wno pojemno\u015bci, jak i wydajno\u015bci.<\/p>\n<p data-start=\"1118\" data-end=\"1279\">Dla hurtownik\u00f3w i dystrybutor\u00f3w, <strong data-start=\"1156\" data-end=\"1181\">Bang 28000 Chmur Waporyku<\/strong> oferuje du\u017c\u0105 atrakcyjno\u015b\u0107 dzi\u0119ki du\u017cej liczbie zaci\u0105gni\u0119\u0107, opcjom dostosowywania i niezawodnej jako\u015bci wykonania.<\/p>\n<hr data-start=\"1281\" data-end=\"1284\" \/>\n<h3 data-start=\"1286\" data-end=\"1312\">Meta opis SEO<\/h3>\n<\/div>\n<\/div>\n<div class=\"flex max-w-full flex-col flex-grow\">\n<div class=\"min-h-8 text-message flex w-full flex-col items-end gap-2 whitespace-normal break-words text-start [.text-message+&amp;]:mt-5\" dir=\"auto\" data-message-author-role=\"assistant\" data-message-id=\"cdb991c0-f594-4bff-b2d5-fbbdd7ce9e54\" data-message-model-slug=\"gpt-4o-mini\">\n<div class=\"flex w-full flex-col gap-1 empty:hidden first:pt-[3px]\">\n<div class=\"markdown prose w-full break-words dark:prose-invert light\"><\/div>\n<\/div>\n<\/div>\n<\/div>\n<div class=\"mb-2 flex gap-3 empty:hidden -ml-2\">\n<h2 class=\"sr-proMainInfo-baseInfoH1 J-baseInfo-name\">Najlepiej sprzedaj\u0105ce si\u0119 28000 zaci\u0105gni\u0119\u0107 jednorazowe e-papierosy bang Kluczowe cechy:<\/h2>\n<ul>\n<li><strong>Ogromna liczba zaci\u0105gni\u0119\u0107<\/strong>: Dostarcza do <strong>28,000 zaci\u0105gni\u0119\u0107<\/strong>, zapewniaj\u0105c wyd\u0142u\u017cone sesje wapowania bez cz\u0119stych wymian.<\/li>\n<li><strong>Du\u017ca pojemno\u015b\u0107 e-liquidu<\/strong>: Wst\u0119pnie nape\u0142niony <strong>30ml wysokiej jako\u015bci p\u0142ynu<\/strong> dla sp\u00f3jnego smaku i g\u0142adkiej produkcji pary.<\/li>\n<li><strong>Mo\u017cliwo\u015b\u0107 dostosowania mocy nikotyny<\/strong>: Dost\u0119pne w <strong>0%, 2%, 3% lub 5% nikotyny<\/strong>, zaspokajaj\u0105c r\u00f3\u017cne preferencje i potrzeby wapowania.<\/li>\n<li><strong>Zaawansowana grza\u0142ka siatkowa<\/strong>: Posiada <strong>1.0\u03a9 siatkowa grza\u0142ka<\/strong> dla zwi\u0119kszonej g\u0119sto\u015bci pary, wyrazistych smak\u00f3w i g\u0142adkich zaci\u0105gni\u0119\u0107.<\/li>\n<li><strong>Regulowany poziom ch\u0142odzenia<\/strong>: Spersonalizuj swoje wra\u017cenia z wapowania dzi\u0119ki <strong>regulowanemu efektowi ch\u0142odzenia<\/strong>, idealnemu dla orze\u017awiaj\u0105cego uczucia mentolu.<\/li>\n<li><strong>Akumulator<\/strong>: Zasilany przez <strong>akumulator o pojemno\u015bci 650 mAh<\/strong>, zapewniaj\u0105c niezawodne dzia\u0142anie przez ca\u0142y okres u\u017cytkowania urz\u0105dzenia.<\/li>\n<li><strong>Szybkie \u0142adowanie typu C<\/strong>: Wyposa\u017cony w <strong>technologi\u0119 szybkiego \u0142adowania typu C<\/strong> dla minimalnego czasu przestoju i wydajnego \u0142adowania.<\/li>\n<li><strong>Przep\u0142yw powietrza DTL (Direct-to-Lung)<\/strong>: Zaprojektowany do <strong>wapowania DTL<\/strong>, zapewniaj\u0105c g\u0119ste chmury i intensywne smaki.<\/li>\n<li><strong>Przeno\u015bna i stylowa konstrukcja<\/strong>: Kompaktowy, lekki i elegancki, idealny do podr\u00f3\u017cy lub codziennego u\u017cytku.<\/li>\n<li><strong>Ekologiczne i jednorazowe<\/strong>: Zaprojektowane z my\u015bl\u0105 o wygodzie i zr\u00f3wnowa\u017conym rozwoju, oferuj\u0105 bezproblemow\u0105 utylizacj\u0119 po u\u017cyciu.<\/li>\n<\/ul>\n<\/div>\n<p><img fetchpriority=\"high\" decoding=\"async\" class=\"wp-image-2951\" src=\"https:\/\/vapestornado.com\/wp-content\/uploads\/2024\/12\/Wholesale-Disposable-Vape-265x300.jpg\" alt=\"Hurtownia jednorazowych vape\" width=\"313\" height=\"354\" srcset=\"https:\/\/vapestornado.com\/wp-content\/uploads\/2024\/12\/Wholesale-Disposable-Vape-265x300.jpg 265w, https:\/\/vapestornado.com\/wp-content\/uploads\/2024\/12\/Wholesale-Disposable-Vape-768x871.jpg 768w, https:\/\/vapestornado.com\/wp-content\/uploads\/2024\/12\/Wholesale-Disposable-Vape-600x680.jpg 600w, https:\/\/vapestornado.com\/wp-content\/uploads\/2024\/12\/Wholesale-Disposable-Vape.jpg 823w\" sizes=\"(max-width: 313px) 100vw, 313px\" \/><\/p>\n<h5>Skontaktuj si\u0119 z Mandy przez WhatsApp, aby uzyska\u0107 cen\u0119 promocyjn\u0105<a href=\"https:\/\/wa.me\/8618077105796\" target=\"_blank\" rel=\"noopener\">+8618077105796<\/a><\/h5>\n<p>&nbsp;<\/p>\n<h3 class=\"sr-proMainInfo-baseInfoH1 J-baseInfo-name\">bangvape 28k Puffs Hurtownia Vapes Smak:<\/h3>\n<p>1. Truskawka Arbuz<br \/>\n2. Jagodowy L\u00f3d<br \/>\n3.Krew i piasek<br \/>\n4.Ananas kokos<br \/>\n5. Truskawka Banan<br \/>\n6.Mieszane owoce<br \/>\n7.Jagody maliny<br \/>\n8.Brzoskwinia lodowa<br \/>\n9.Mango brzoskwinia<br \/>\n10.Arbuz<br \/>\n11. L\u00f3d Winogronowy<br \/>\n12.Truskawka kiwi<\/p>\n<div role=\"article\" data-tabster=\"{&quot;groupper&quot;:{&quot;tabbability&quot;:2},&quot;focusable&quot;:{}}\" data-content=\"ai-message\" aria-labelledby=\"dARUyEWDoEYhnSPXFwx5A-author dARUyEWDoEYhnSPXFwx5A-content\">\n<div id=\"dARUyEWDoEYhnSPXFwx5A-content\">\n<h3><strong>Dlaczego warto kupi\u0107 HQ Bang 28000 Puff <\/strong>\u00a0vapory\u00a0<strong>od vapestornado?<\/strong><\/h3>\n<ul>\n<li><strong>Gwarancja autentycznych produkt\u00f3w<\/strong><br \/>\nvapestornado zapewnia, \u017ce otrzymasz oryginalne <strong>Bang 28000 Chmur Waporyku Vapory<\/strong>, oferuj\u0105c najwy\u017csz\u0105 jako\u015b\u0107 i niezawodne dzia\u0142anie przy ka\u017cdym zakupie.<\/li>\n<li><strong>Bezkonkurencyjne ceny<\/strong><br \/>\nCiesz si\u0119 konkurencyjnymi cenami i ekskluzywnymi ofertami na jednorazowe vape o du\u017cej pojemno\u015bci, dzi\u0119ki czemu vapestornado jest najlepszym miejscem na zam\u00f3wienia hurtowe lub indywidualne.<\/li>\n<li><strong>Szybka wysy\u0142ka na terenie Europy<\/strong><br \/>\nZ my\u015bl\u0105 o wygodzie klienta, vapestornado zapewnia <strong>szybk\u0105 i niezawodn\u0105 wysy\u0142k\u0119<\/strong> do kraj\u00f3w europejskich, gwarantuj\u0105c terminow\u0105 dostaw\u0119.<\/li>\n<li><strong>Wsparcie zorientowane na klienta<\/strong><br \/>\nSkorzystaj z <strong>dedykowanej obs\u0142ugi klienta<\/strong> w celu uzyskania pomocy w zapytaniach, co sprawi, \u017ce Twoje zakupy b\u0119d\u0105 p\u0142ynne i bezproblemowe.<\/li>\n<li><strong>Najwy\u017cszej klasy wra\u017cenia z vapingu<\/strong><br \/>\nVapy Bang 28000 Puffs wyposa\u017cono w zaawansowane <strong>technologii mesh coil<\/strong>, <strong>regulowane poziomy ch\u0142odzenia<\/strong>, oraz w <strong>przep\u0142yw powietrza z p\u0142uc (DTL)<\/strong>, gwarantuj\u0105c odwa\u017cne smaki, g\u0119ste chmury i spersonalizowane doznania ch\u0142odzenia.<\/li>\n<li><strong>Ekologiczne i wygodne<\/strong><br \/>\nvapestornado wspiera ekologiczny vaping z jednorazowymi waporyzatorami premium zaprojektowanymi do bezproblemowego u\u017cytkowania i \u0142atwej utylizacji.<\/li>\n<\/ul>\n<\/div>\n<\/div>\n<h3>Cz\u0119sto zadawane pytania dotycz\u0105ce nowego Vape Bang 28000 Puffs<\/h3>\n<p><strong>1. Jak mog\u0119 \u015bledzi\u0107 moje zam\u00f3wienie na Bang 28000 Puffs?<\/strong><br \/>\n\u015aledzenie zam\u00f3wienia jest proste. Po potwierdzeniu zam\u00f3wienia otrzymasz numer do \u015bledzenia przez WhatsApp. U\u017cyj tego numeru na stronie internetowej wyznaczonego przewo\u017anika, aby monitorowa\u0107 post\u0119p dostawy swojej paczki. W celu uzyskania dodatkowej pomocy, skontaktuj si\u0119 z naszym zespo\u0142em obs\u0142ugi klienta.<\/p>\n<p><strong>2. Czy mog\u0119 okre\u015bli\u0107 smaki dla losowo wybranych produkt\u00f3w?<\/strong><br \/>\nTak, mo\u017cesz! Podczas gdy niekt\u00f3re zestawy produkt\u00f3w s\u0105 dostarczane z wst\u0119pnie wybranymi smakami, dok\u0142adamy wszelkich stara\u0144, aby zaspokoi\u0107 konkretne preferencje smakowe. Po prostu zostaw notatk\u0119 podczas realizacji transakcji lub skontaktuj si\u0119 z naszym wsparciem klienta z pro\u015bb\u0105. Upewnimy si\u0119, \u017ce Twoje preferowane smaki zostan\u0105 uwzgl\u0119dnione, je\u015bli s\u0105 dost\u0119pne w magazynie.<\/p>\n<p><strong>3. Co sprawia, \u017ce vapy Bang 28000 Puffs s\u0105 wyj\u0105tkowe?<\/strong><br \/>\nCyfrowy ekran <strong>Bang 28000 Puffs Jednorazowy E-papieros<\/strong> oferuje ogromn\u0105 liczb\u0119 zaci\u0105gni\u0119\u0107, <strong>pojemno\u015b\u0107 30 ml e-liquidu<\/strong>, regulowane poziomy ch\u0142odu i zaawansowan\u0105 technologi\u0119 grza\u0142ki siatkowej. Zosta\u0142 zaprojektowany z my\u015bl\u0105 o wygodzie, d\u0142ugotrwa\u0142ym u\u017cytkowaniu i mo\u017cliwo\u015bci dostosowania do\u015bwiadczenia z e-papierosem.<\/p>","protected":false},"excerpt":{"rendered":"<ul>\n<li>Jednorazowy e-papieros Bang 28000 Puffs<\/li>\n<li>D\u0142ugotrwa\u0142y, \u0142adowalny e-papieros Bang 28000 Puffs<\/li>\n<li>E-papieros Bang 28000 Puffs z regulowanymi wk\u0142adami Ice Vape<\/li>\n<\/ul>\n<figure id=\"attachment_2951\" aria-describedby=\"caption-attachment-2951\" style=\"width: 265px\" class=\"wp-caption alignnone\"><img decoding=\"async\" class=\"size-medium wp-image-2951\" src=\"https:\/\/vapestornado.com\/wp-content\/uploads\/2024\/12\/Wholesale-Disposable-Vape-265x300.jpg\" alt=\"Hurtownia jednorazowych vape\" width=\"265\" height=\"300\" srcset=\"https:\/\/vapestornado.com\/wp-content\/uploads\/2024\/12\/Wholesale-Disposable-Vape-265x300.jpg 265w, https:\/\/vapestornado.com\/wp-content\/uploads\/2024\/12\/Wholesale-Disposable-Vape-768x871.jpg 768w, https:\/\/vapestornado.com\/wp-content\/uploads\/2024\/12\/Wholesale-Disposable-Vape-600x680.jpg 600w, https:\/\/vapestornado.com\/wp-content\/uploads\/2024\/12\/Wholesale-Disposable-Vape.jpg 823w\" sizes=\"(max-width: 265px) 100vw, 265px\" \/><figcaption id=\"caption-attachment-2951\" class=\"wp-caption-text\">Skontaktuj si\u0119 z Mandy przez WhatsApp, aby uzyska\u0107 cen\u0119 promocyjn\u0105\u00a0 <a href=\"https:\/\/wa.me\/8618077105796\">+8618077105796<\/a><\/figcaption><\/figure>\n<p>&nbsp;<\/p>","protected":false},"featured_media":3738,"comment_status":"open","ping_status":"closed","template":"","meta":{"_acf_changed":false,"_uag_custom_page_level_css":"","_lmt_disableupdate":"no","_lmt_disable":"","_monsterinsights_skip_tracking":false,"_monsterinsights_sitenote_active":false,"_monsterinsights_sitenote_note":"","_monsterinsights_sitenote_category":0,"site-sidebar-layout":"default","site-content-layout":"","ast-site-content-layout":"default","site-content-style":"default","site-sidebar-style":"default","ast-global-header-display":"","ast-banner-title-visibility":"","ast-main-header-display":"","ast-hfb-above-header-display":"","ast-hfb-below-header-display":"","ast-hfb-mobile-header-display":"","site-post-title":"","ast-breadcrumbs-content":"","ast-featured-img":"","footer-sml-layout":"","ast-disable-related-posts":"","theme-transparent-header-meta":"default","adv-header-id-meta":"","stick-header-meta":"","header-above-stick-meta":"","header-main-stick-meta":"","header-below-stick-meta":"","astra-migrate-meta-layouts":"set","ast-page-background-enabled":"default","ast-page-background-meta":{"desktop":{"background-color":"","background-image":"","background-repeat":"repeat","background-position":"center center","background-size":"auto","background-attachment":"scroll","background-type":"","background-media":"","overlay-type":"","overlay-color":"","overlay-opacity":"","overlay-gradient":""},"tablet":{"background-color":"","background-image":"","background-repeat":"repeat","background-position":"center center","background-size":"auto","background-attachment":"scroll","background-type":"","background-media":"","overlay-type":"","overlay-color":"","overlay-opacity":"","overlay-gradient":""},"mobile":{"background-color":"","background-image":"","background-repeat":"repeat","background-position":"center center","background-size":"auto","background-attachment":"scroll","background-type":"","background-media":"","overlay-type":"","overlay-color":"","overlay-opacity":"","overlay-gradient":""}},"ast-content-background-meta":{"desktop":{"background-color":"var(--ast-global-color-5)","background-image":"","background-repeat":"repeat","background-position":"center center","background-size":"auto","background-attachment":"scroll","background-type":"","background-media":"","overlay-type":"","overlay-color":"","overlay-opacity":"","overlay-gradient":""},"tablet":{"background-color":"var(--ast-global-color-5)","background-image":"","background-repeat":"repeat","background-position":"center center","background-size":"auto","background-attachment":"scroll","background-type":"","background-media":"","overlay-type":"","overlay-color":"","overlay-opacity":"","overlay-gradient":""},"mobile":{"background-color":"var(--ast-global-color-5)","background-image":"","background-repeat":"repeat","background-position":"center center","background-size":"auto","background-attachment":"scroll","background-type":"","background-media":"","overlay-type":"","overlay-color":"","overlay-opacity":"","overlay-gradient":""}},"_joinchat":{"telephone":"+8618077105796"}},"product_brand":[],"product_cat":[235,150,153,144],"product_tag":[236,97,98],"class_list":{"0":"post-3745","1":"product","2":"type-product","3":"status-publish","4":"has-post-thumbnail","6":"product_cat-28000-puff","7":"product_cat-buy-disposable-vapes-in-belgium","8":"product_cat-buy-disposable-vapes-in-italy","9":"product_cat-low-nicotine-disposable-vapes","10":"product_tag-bang-28000-puffs","11":"product_tag-hot-sale-disposable-vape","12":"product_tag-wholesale-price-disposable-vape","13":"desktop-align-left","14":"tablet-align-left","15":"mobile-align-left","17":"first","18":"instock","19":"sale","20":"shipping-taxable","21":"purchasable","22":"product-type-simple"},"acf":[],"uagb_featured_image_src":{"full":["https:\/\/vapestornado.com\/wp-content\/uploads\/2025\/01\/Bang-28000-Puffs-Ultimate-Long-Lasting-Vape.webp",800,800,false],"thumbnail":["https:\/\/vapestornado.com\/wp-content\/uploads\/2025\/01\/Bang-28000-Puffs-Ultimate-Long-Lasting-Vape-150x150.webp",150,150,true],"medium":["https:\/\/vapestornado.com\/wp-content\/uploads\/2025\/01\/Bang-28000-Puffs-Ultimate-Long-Lasting-Vape-300x300.webp",300,300,true],"medium_large":["https:\/\/vapestornado.com\/wp-content\/uploads\/2025\/01\/Bang-28000-Puffs-Ultimate-Long-Lasting-Vape-768x768.webp",768,768,true],"large":["https:\/\/vapestornado.com\/wp-content\/uploads\/2025\/01\/Bang-28000-Puffs-Ultimate-Long-Lasting-Vape.webp",800,800,false],"1536x1536":["https:\/\/vapestornado.com\/wp-content\/uploads\/2025\/01\/Bang-28000-Puffs-Ultimate-Long-Lasting-Vape.webp",800,800,false],"2048x2048":["https:\/\/vapestornado.com\/wp-content\/uploads\/2025\/01\/Bang-28000-Puffs-Ultimate-Long-Lasting-Vape.webp",800,800,false],"trp-custom-language-flag":["https:\/\/vapestornado.com\/wp-content\/uploads\/2025\/01\/Bang-28000-Puffs-Ultimate-Long-Lasting-Vape.webp",12,12,false],"woocommerce_thumbnail":["https:\/\/vapestornado.com\/wp-content\/uploads\/2025\/01\/Bang-28000-Puffs-Ultimate-Long-Lasting-Vape-300x300.webp",300,300,true],"woocommerce_single":["https:\/\/vapestornado.com\/wp-content\/uploads\/2025\/01\/Bang-28000-Puffs-Ultimate-Long-Lasting-Vape-600x600.webp",600,600,true],"woocommerce_gallery_thumbnail":["https:\/\/vapestornado.com\/wp-content\/uploads\/2025\/01\/Bang-28000-Puffs-Ultimate-Long-Lasting-Vape-100x100.webp",100,100,true]},"uagb_author_info":{"display_name":"ESMANDY","author_link":"https:\/\/vapestornado.com\/pl\/author\/"},"uagb_comment_info":0,"uagb_excerpt":"Premium Bang 28000 Puffs Disposable Vape Pen Long-Lasting Bang 28000 Puff Rechargeable Vape Bang 28000 Puffs E-Cigarette with Adjustable Ice Vape Pods [caption id=\"attachment_2951\" align=\"alignnone\" width=\"265\"] Pls Contact Mandy's WhatsApp For Discount Price\u00a0 +8618077105796[\/caption] &nbsp;","_links":{"self":[{"href":"https:\/\/vapestornado.com\/pl\/wp-json\/wp\/v2\/product\/3745","targetHints":{"allow":["GET"]}}],"collection":[{"href":"https:\/\/vapestornado.com\/pl\/wp-json\/wp\/v2\/product"}],"about":[{"href":"https:\/\/vapestornado.com\/pl\/wp-json\/wp\/v2\/types\/product"}],"replies":[{"embeddable":true,"href":"https:\/\/vapestornado.com\/pl\/wp-json\/wp\/v2\/comments?post=3745"}],"wp:featuredmedia":[{"embeddable":true,"href":"https:\/\/vapestornado.com\/pl\/wp-json\/wp\/v2\/media\/3738"}],"wp:attachment":[{"href":"https:\/\/vapestornado.com\/pl\/wp-json\/wp\/v2\/media?parent=3745"}],"wp:term":[{"taxonomy":"product_brand","embeddable":true,"href":"https:\/\/vapestornado.com\/pl\/wp-json\/wp\/v2\/product_brand?post=3745"},{"taxonomy":"product_cat","embeddable":true,"href":"https:\/\/vapestornado.com\/pl\/wp-json\/wp\/v2\/product_cat?post=3745"},{"taxonomy":"product_tag","embeddable":true,"href":"https:\/\/vapestornado.com\/pl\/wp-json\/wp\/v2\/product_tag?post=3745"}],"curies":[{"name":"wp","href":"https:\/\/api.w.org\/{rel}","templated":true}]}}