{"id":3734,"date":"2025-01-13T08:21:51","date_gmt":"2025-01-13T08:21:51","guid":{"rendered":"https:\/\/vapestornado.com\/?post_type=product&#038;p=3734"},"modified":"2025-08-23T09:32:47","modified_gmt":"2025-08-23T09:32:47","slug":"waspe-crystal-40000-puffs-40k-double-flavor-rechargeable-disposable-vapes-cheap-price","status":"publish","type":"product","link":"https:\/\/vapestornado.com\/pl\/product\/waspe-crystal-40000-puffs-40k-double-flavor-rechargeable-disposable-vapes-cheap-price\/","title":{"rendered":"WASPE Crystal 40000 Zaci\u0105gni\u0119\u0107 40k Podw\u00f3jny Smak Akumulatorowe Jednorazowe Vapes Niska Cena"},"content":{"rendered":"<h1 class=\"product-title\">WASPE Crystal 40000 Zaci\u0105gni\u0119\u0107 40k Podw\u00f3jny Smak Akumulatorowe Jednorazowe Vapes Niska Cena<\/h1>\n<p>Cyfrowy ekran <strong>WASPE Crystal 40000 zaci\u0105gni\u0119\u0107<\/strong> to najwy\u017cszej klasy <strong>jednorazowego vape z mo\u017cliwo\u015bci\u0105 \u0142adowania<\/strong> zaprojektowany dla vaper\u00f3w poszukuj\u0105cych d\u0142ugotrwa\u0142ego, aromatycznego i konfigurowalnego do\u015bwiadczenia. Dzi\u0119ki ogromnej liczbie zaci\u0105gni\u0119\u0107, <strong>regulowanym przep\u0142ywem powietrza<\/strong>, i innowacyjnej <strong>technologii 2 smak\u00f3w w 1<\/strong> wyr\u00f3\u017cnia si\u0119 spo\u015br\u00f3d innych <strong>najlepszych marek jednorazowych vape<\/strong> w niewiarygodnie <strong>niskiej cenie hurtowej<\/strong>.<\/p>\n<p>Z imponuj\u0105c\u0105 <strong>40 000 zaci\u0105gni\u0119\u0107<\/strong>, to urz\u0105dzenie oferuje jedn\u0105 z najwy\u017cszych pojemno\u015bci na rynku jednorazowych e-papieros\u00f3w, zapewniaj\u0105c d\u0142ugotrwa\u0142\u0105 przyjemno\u015b\u0107 bez cz\u0119stych wymian. Technologia <strong>podw\u00f3jnego smaku<\/strong> \u0142\u0105czy dwa uzupe\u0142niaj\u0105ce si\u0119 smaki w jednym urz\u0105dzeniu, co pozwala u\u017cytkownikom bez wysi\u0142ku prze\u0142\u0105cza\u0107 si\u0119 mi\u0119dzy nimi i cieszy\u0107 si\u0119 dynamicznym do\u015bwiadczeniem vapingowym.<\/p>\n<p data-start=\"598\" data-end=\"841\">Cyfrowy ekran <strong data-start=\"602\" data-end=\"624\">systemem podw\u00f3jnego smaku<\/strong> umo\u017cliwia u\u017cytkownikom prze\u0142\u0105czanie si\u0119 mi\u0119dzy dwoma mieszankami w jednym urz\u0105dzeniu, zapewniaj\u0105c r\u00f3\u017cnorodno\u015b\u0107 i \u015bwie\u017co\u015b\u0107 podczas ka\u017cdej sesji. W po\u0142\u0105czeniu z <strong data-start=\"744\" data-end=\"766\">regulowanym przep\u0142ywem powietrza<\/strong>, pozwala waperom dostosowa\u0107 zaci\u0105gni\u0119cie \u2013 od ciasnych uderze\u0144 po g\u0142adsze chmury.<\/p>\n<p data-start=\"843\" data-end=\"1081\">Wyposa\u017cony w <strong data-start=\"857\" data-end=\"881\">podw\u00f3jne grza\u0142ki siatkowe 0,9 \u03a9<\/strong>, WASPE Crystal poprawia sp\u00f3jno\u015b\u0107 smaku i g\u0119sto\u015b\u0107 pary. Dost\u0119pny w <strong data-start=\"961\" data-end=\"998\">0%, 2% i 5% st\u0119\u017ceniach nikotyny<\/strong>, pasuje do r\u00f3\u017cnych preferencji, od u\u017cywania bez nikotyny po mocniejsze uderzenia w gard\u0142o.<\/p>\n<p data-start=\"1083\" data-end=\"1291\">Zasilany przez <strong data-start=\"1097\" data-end=\"1128\">akumulator 850mAh<\/strong> z <strong data-start=\"1134\" data-end=\"1158\">Szybkie \u0142adowanie typu C<\/strong>, to urz\u0105dzenie minimalizuje przestoje. A <strong data-start=\"1194\" data-end=\"1217\">cyfrowy wy\u015bwietlacz LED<\/strong> wy\u015bwietla poziomy baterii i e-liquidu w czasie rzeczywistym, daj\u0105c u\u017cytkownikom pe\u0142n\u0105 kontrol\u0119.<\/p>\n<p data-start=\"1293\" data-end=\"1484\">Dla hurtownik\u00f3w i detalist\u00f3w <strong data-start=\"1328\" data-end=\"1354\">WASPE Crystal 40K E-papieros<\/strong> jest pakowany wydajnie z <strong data-start=\"1384\" data-end=\"1424\">200 sztuk w kartonie i 10 w pude\u0142ku<\/strong>, co czyni go op\u0142acaln\u0105 opcj\u0105 hurtow\u0105 do dystrybucji.<\/p>\n<p>Dla tych, kt\u00f3rzy chc\u0105 <strong>kupi\u0107 hurtowo<\/strong>, WASPE Crystal oferuje doskona\u0142e opcje hurtowe z opakowaniami po <strong>200 sztuk w kartonie i 10 sztuk w pude\u0142ku<\/strong>, co czyni go idealnym dla sprzedawc\u00f3w detalicznych i dystrybutor\u00f3w. Ca\u0142kowita waga brutto 22,5 kg zapewnia wydajn\u0105 i op\u0142acaln\u0105 wysy\u0142k\u0119 dla odbiorc\u00f3w hurtowych.<\/p>\n<p><strong>Dodaj Amy na WhatsApp, aby uzyska\u0107 szybk\u0105 odpowied\u017a i kupon na vape!<\/strong><\/p>\n<p><img fetchpriority=\"high\" decoding=\"async\" class=\"size-full wp-image-2932\" src=\"https:\/\/vapestornado.com\/wp-content\/uploads\/2024\/12\/Vape-Wholesale.jpg\" alt=\"Hurtowa sprzeda\u017c e-papieros\u00f3w\" width=\"229\" height=\"300\" \/><\/p>\n<h3><a href=\"https:\/\/wa.me\/8617776015835\" target=\"_blank\" rel=\"noopener\"><span style=\"color: #ff0000;\"><strong>WhatsApp: +86 17776015835<\/strong><\/span><\/a><\/h3>\n<p>&nbsp;<\/p>\n<h2><strong>Cechy produktu WASPE Crystal 40000<\/strong><\/h2>\n<ol>\n<li><strong>Maksymalna liczba zaci\u0105gni\u0119\u0107<\/strong>: 40000<\/li>\n<li><strong>Podw\u00f3jne Smaki<\/strong>: 20000 zaci\u0105gni\u0119\u0107 + 20000 zaci\u0105gni\u0119\u0107 = 40000 zaci\u0105gni\u0119\u0107<\/li>\n<li><strong>Moc Nikotyny<\/strong>: 0% \/ 2% \/ 3% \/ 5%<\/li>\n<li><strong>Wst\u0119pnie nape\u0142niona pojemno\u015b\u0107<\/strong>: 32 ml<\/li>\n<li><strong>Pojemno\u015b\u0107 Baterii<\/strong>: 850 mAh<\/li>\n<li><strong>Port \u0142adowania<\/strong>: USB Typu-C<\/li>\n<li><strong>Dzia\u0142anie<\/strong>: Aktywacja przez zaci\u0105gni\u0119cie<\/li>\n<li><strong>Grza\u0142ka Dual Mesh 0.9ohm<\/strong><\/li>\n<li><strong>Ekran Wy\u015bwietlacza LED<\/strong><\/li>\n<li><strong>Wska\u017anik poziomu baterii<\/strong><\/li>\n<li><strong>Wska\u017anik poziomu e-liquidu<\/strong><\/li>\n<\/ol>\n<h2 class=\"product-title\"><strong>Lista smak\u00f3w WASPE Crystal 40000<\/strong><\/h2>\n<p>1. Arbuzowy L\u00f3d<br \/>\n2. L\u00f3d o smaku Red Bulla<br \/>\n3. Truskawkowy Red Bull<br \/>\n4. Jagodowe Cukierki<br \/>\n5. Truskawka Kiwi<br \/>\n6. Bor\u00f3wka Malina<br \/>\n7. Truskawka Malina Wi\u015bnia<br \/>\n8. Brzoskwinia L\u00f3d<br \/>\n9. Truskawka Banan<br \/>\n10. Winogrono L\u00f3d<br \/>\n11. Mieszane Jagody<br \/>\n12. Bor\u00f3wka L\u00f3d<\/p>\n<h3 class=\"product-title\"><strong>Dog\u0142\u0119bny Przegl\u0105d Listy Smak\u00f3w WASPE Crystal 40000 Puffs<\/strong><\/h3>\n<ol>\n<li><strong>Arbuz L\u00f3d<\/strong> \u2013 Orze\u017awiaj\u0105ce po\u0142\u0105czenie ch\u0142odnego arbuza z cierpkim akcentem cytryny i limonki.<\/li>\n<li><strong>Bor\u00f3wka L\u00f3d<\/strong> \u2013 S\u0142odkie jagody spotykaj\u0105 si\u0119 z musuj\u0105cym smakiem wi\u015bniowej coli z lodowym wyko\u0144czeniem.<\/li>\n<li><strong>Mieszane Jagody<\/strong> \u2013 Owocowa mieszanka r\u00f3\u017cnych jag\u00f3d z cierpkim posmakiem malinowej lemoniady.<\/li>\n<li><strong>Winogrono L\u00f3d<\/strong> \u2013 Soczysty smak winogron po\u0142\u0105czony z egzotycznym ch\u0142odem czarnego smoczego lodu.<\/li>\n<li><strong>Truskawka Banan<\/strong> \u2013 Tropikalna fuzja kremowego banana, s\u0142odkiej truskawki i lodowego ananasa z kokosem.<\/li>\n<li><strong>Brzoskwinia L\u00f3d<\/strong> \u2013 G\u0142adki l\u00f3d brzoskwiniowy zmieszany z soczystym arbuzem i mango.<\/li>\n<li><strong>Truskawka Malina Wi\u015bnia<\/strong> \u2013 Soczyste po\u0142\u0105czenie truskawek, malin, wi\u015bni i tajemniczego smaku Love 666.<\/li>\n<li><strong>Bor\u00f3wka Malina<\/strong> \u2013 S\u0142odkie bor\u00f3wki i maliny zmieszane z lodow\u0105 brzoskwini\u0105 i jagodami.<\/li>\n<li><strong>Truskawka Kiwi<\/strong> \u2013 Cudowne po\u0142\u0105czenie s\u0142odkich truskawek z kwaskowym kiwi i wi\u015bniami.<\/li>\n<li><strong>Cukierkowa Bor\u00f3wka<\/strong> \u2013 S\u0142odki smak bor\u00f3wek przypominaj\u0105cy cukierki, po\u0142\u0105czony z soczyst\u0105 truskawk\u0105 i arbuzem.<\/li>\n<li><strong>Truskawkowy Red Bull<\/strong> \u2013 Wyj\u0105tkowe po\u0142\u0105czenie energetyzuj\u0105cego smaku Red Bull ze s\u0142odkimi bor\u00f3wkami i wi\u015bniami.<\/li>\n<li><strong>L\u00f3d Red Bull<\/strong> \u2013 Orze\u017awiaj\u0105cy l\u00f3d Red Bull w po\u0142\u0105czeniu ze s\u0142odk\u0105 truskawk\u0105 i mango.<\/li>\n<\/ol>\n<h3>Dlaczego warto wybra\u0107 vapestornado do sprzeda\u017cy hurtowej e-papieros\u00f3w WASPE Crystal 40000?<\/h3>\n<div class=\"flex-shrink-0 flex flex-col relative items-end\">\n<div class=\"pt-0\">\n<div class=\"gizmo-bot-avatar flex h-8 w-8 items-center justify-center overflow-hidden rounded-full\">\n<div class=\"relative p-1 rounded-sm flex items-center justify-center bg-token-main-surface-primary text-token-text-primary h-8 w-8\">\n<p>Witamy w vapestornado, Twoim zaufanym sklepie internetowym z papierosami elektronicznymi premium. Z ponad 5-letnim do\u015bwiadczeniem, oferujemy popularne marki jednorazowych papieros\u00f3w elektronicznych, takie jak Fumot RandM Vape, <a href=\"https:\/\/vapestornado.com\/pl\/product\/vapme-crystal-7000-puffs-rechargeable-disposable-vape-wholesale-cheap-price\/\">Vapme<\/a>, Bang Vape, Waspe Vape, and WGA Vape, itp.<\/p>\n<p>Nasza oferta obejmuje popularne e-papierosy, takie jak <a href=\"https:\/\/vapestornado.com\/pl\/product\/fumot-randm-tornado-15000-puffs-rechargeable-disposable-vape-wholesale\/\">RandM Tornado 15000<\/a>, oraz bogate w smaku opcje, takie jak <a href=\"https:\/\/vapestornado.com\/pl\/product\/waspe-40000-puffs-double-flavour-led-display-disposable-vape-wholesale\/\">WASPE Podw\u00f3jny Smak 40000 Zaci\u0105gni\u0119\u0107<\/a> . Ka\u017cdy produkt jest wybierany z my\u015bl\u0105 o jako\u015bci, warto\u015bci i r\u00f3\u017cnorodno\u015bci, dzi\u0119ki czemu znajdziesz idealne dopasowanie do swoich potrzeb. Odkryj wyj\u0105tkow\u0105 obs\u0142ug\u0119 i szerok\u0105 gam\u0119 najlepszych produkt\u00f3w w cenach hurtowych na vapestornado.<\/p>\n<\/div>\n<h3><\/h3>\n<div class=\"relative p-1 rounded-sm flex items-center justify-center bg-token-main-surface-primary text-token-text-primary h-8 w-8\">\n<h3>Najcz\u0119\u015bciej zadawane pytania dotycz\u0105ce jednorazowego e-papierosa WASPE Crystal 40000<\/h3>\n<\/div>\n<\/div>\n<\/div>\n<\/div>\n<div class=\"flex-shrink-0 flex flex-col relative items-end\">\n<div class=\"pt-0\">\n<div class=\"gizmo-bot-avatar flex h-8 w-8 items-center justify-center overflow-hidden rounded-full\">\n<div class=\"relative p-1 rounded-sm flex items-center justify-center bg-token-main-surface-primary text-token-text-primary h-8 w-8\">\n<div class=\"mb-2 flex gap-3 empty:hidden -ml-2\">\n<ol>\n<li><strong>Ile czasu zajmuje pe\u0142ne na\u0142adowanie WASPE Crystal?<\/strong>\n<ul>\n<li>Dzi\u0119ki szybkiemu \u0142adowaniu przez port Type-C, urz\u0105dzenie potrzebuje oko\u0142o 1 godziny, aby w pe\u0142ni si\u0119 na\u0142adowa\u0107.<\/li>\n<\/ul>\n<\/li>\n<li><strong>Gdzie mog\u0119 kupi\u0107 WASPE Crystal w cenie hurtowej?<\/strong>\n<ul>\n<li>Mo\u017cesz go kupi\u0107 w cenach hurtowych od vapestornado, kt\u00f3re oferuje \u015bwietne oferty i opcje zakupu hurtowego.<\/li>\n<\/ul>\n<\/li>\n<li><strong>Jak dzia\u0142a system podw\u00f3jnego smaku?<\/strong>\n<ul>\n<li>Wystarczy dostosowa\u0107 ustawienia przep\u0142ywu powietrza, aby p\u0142ynnie prze\u0142\u0105cza\u0107 si\u0119 mi\u0119dzy dwoma smakami.<\/li>\n<\/ul>\n<\/li>\n<li><strong>Czy WASPE Crystal jest odpowiedni dla pocz\u0105tkuj\u0105cych?<\/strong>\n<ul>\n<li>Tak, jest \u0142atwy w u\u017cyciu i oferuje opcj\u0119 0% nikotyny, co czyni go idealnym dla pocz\u0105tkuj\u0105cych.<\/li>\n<\/ul>\n<\/li>\n<li><strong>Jaki rodzaj \u0142adowania obs\u0142uguje WASPE Crystal?<\/strong>\n<ul>\n<li>Obs\u0142uguje \u0142adowanie typu C, dzi\u0119ki czemu jest kompatybilny z wi\u0119kszo\u015bci\u0105 nowoczesnych \u0142adowarek.<\/li>\n<\/ul>\n<\/li>\n<\/ol>\n<h2>Jak z\u0142o\u017cy\u0107 zam\u00f3wienie?<\/h2>\n<p><strong>1. Jakie metody p\u0142atno\u015bci akceptujecie?<\/strong><br \/>\nAkceptujemy przelewy IBAN oraz <span style=\"font-size: 16px;\">Western Union<\/span>\u00a0dla bezpiecznych i wygodnych transakcji.<\/p>\n<p><strong>2. Jak mog\u0119 \u015bledzi\u0107 moje zam\u00f3wienie?<\/strong><br \/>\nPo wys\u0142aniu zam\u00f3wienia, <span class=\"selectable-text copyable-text false\">b\u0119dziemy na bie\u017c\u0105co informowa\u0107 o \u015bledzeniu przesy\u0142ek, a\u017c do momentu ich otrzymania<\/span>.<\/p>\n<p><strong>3. Jaki jest szacowany czas wysy\u0142ki?<\/strong><\/p>\n<ul>\n<li>Wysy\u0142ka z <strong>magazyn\u00f3w w Chinach<\/strong> zajmuje oko\u0142o <strong>7-14 dni roboczych<\/strong>.<\/li>\n<li>Wysy\u0142ka z <strong>Europejskie magazyny<\/strong> zwykle zajmuje <strong>3-6 dni roboczych<\/strong>.<\/li>\n<\/ul>\n<p><strong>4. Jak mog\u0119 uzyska\u0107 szybsz\u0105 dostaw\u0119?<\/strong><br \/>\nAby uzyska\u0107 szybsz\u0105 dostaw\u0119, zalecamy zamawianie z naszego <strong>Europejskiego magazynu<\/strong>, kt\u00f3ry oferuje kr\u00f3tszy czas wysy\u0142ki.<\/p>\n<p><strong>5. Jak mog\u0119 zwr\u00f3ci\u0107 przedmiot?<\/strong><br \/>\nAby zwr\u00f3ci\u0107 przedmiot, skontaktuj si\u0119 z naszym dzia\u0142em obs\u0142ugi klienta, aby uzyska\u0107 szczeg\u00f3\u0142owe instrukcje dotycz\u0105ce procesu zwrotu.<\/p>\n<p><strong>6. Czy oferujecie wysy\u0142k\u0119 mi\u0119dzynarodow\u0105?<\/strong><br \/>\nTak, wysy\u0142amy do wi\u0119kszo\u015bci kraj\u00f3w i zajmujemy si\u0119 <strong>odpraw\u0105 celn\u0105<\/strong> dla zapewnienia bezproblemowej dostawy.<\/p>\n<p><strong>7. Co zrobi\u0107, je\u015bli otrzymam uszkodzony lub wadliwy produkt?<\/strong><br \/>\nJe\u015bli Tw\u00f3j przedmiot jest uszkodzony lub wadliwy, skontaktuj si\u0119 z obs\u0142ug\u0105 klienta w celu uzyskania <strong>wymiany lub zwrotu pieni\u0119dzy<\/strong>.<\/p>\n<p><strong>8. Jak mog\u0119 skontaktowa\u0107 si\u0119 z obs\u0142ug\u0105 klienta?<\/strong><br \/>\nMo\u017cesz si\u0119 z nami skontaktowa\u0107 przez <strong>e-mail, WhatsApp lub czat na \u017cywo<\/strong> na naszej stronie internetowej, aby uzyska\u0107 pomoc.<\/p>\n<\/div>\n<\/div>\n<\/div>\n<\/div>\n<\/div>","protected":false},"excerpt":{"rendered":"<p>Najlepszy Waspe Crystal Vape 40000 zaci\u0105gni\u0119\u0107 Podw\u00f3jne smaki Niska zawarto\u015b\u0107 nikotyny Jednorazowy e-papieros Sprzeda\u017c hurtowa<br \/>\nWASPE Crystal 40000 zaci\u0105gni\u0119\u0107 Podw\u00f3jny smak Wy\u015bwietlacz LED Jednorazowy e-papieros Zakup hurtowy<br \/>\nWASPE Crystal 40000 zaci\u0105gni\u0119\u0107 2 w 1 Smak Akumulatorowe jednorazowe e-papierosy Niska cena<\/p>\n<p><strong>Dodaj Amy do WhatsAppa, aby uzyska\u0107 szybk\u0105 odpowied\u017a i kupon na vape!<\/strong><\/p>\n<p><img fetchpriority=\"high\" decoding=\"async\" class=\"size-full wp-image-2932\" src=\"https:\/\/vapestornado.com\/wp-content\/uploads\/2024\/12\/Vape-Wholesale.jpg\" alt=\"Hurtowa sprzeda\u017c e-papieros\u00f3w\" width=\"229\" height=\"300\" \/><\/p>\n<h3><a href=\"https:\/\/wa.me\/8617776015835\"><span style=\"color: #ff0000;\"><strong>WhatsApp: +86 17776015835<\/strong><\/span><\/a><\/h3>\n<p>&nbsp;<\/p>","protected":false},"featured_media":3756,"comment_status":"open","ping_status":"closed","template":"","meta":{"_acf_changed":false,"_uag_custom_page_level_css":"","_lmt_disableupdate":"no","_lmt_disable":"","_monsterinsights_skip_tracking":false,"_monsterinsights_sitenote_active":false,"_monsterinsights_sitenote_note":"","_monsterinsights_sitenote_category":0,"site-sidebar-layout":"default","site-content-layout":"","ast-site-content-layout":"default","site-content-style":"default","site-sidebar-style":"default","ast-global-header-display":"","ast-banner-title-visibility":"","ast-main-header-display":"","ast-hfb-above-header-display":"","ast-hfb-below-header-display":"","ast-hfb-mobile-header-display":"","site-post-title":"","ast-breadcrumbs-content":"","ast-featured-img":"","footer-sml-layout":"","ast-disable-related-posts":"","theme-transparent-header-meta":"default","adv-header-id-meta":"","stick-header-meta":"","header-above-stick-meta":"","header-main-stick-meta":"","header-below-stick-meta":"","astra-migrate-meta-layouts":"set","ast-page-background-enabled":"default","ast-page-background-meta":{"desktop":{"background-color":"","background-image":"","background-repeat":"repeat","background-position":"center center","background-size":"auto","background-attachment":"scroll","background-type":"","background-media":"","overlay-type":"","overlay-color":"","overlay-opacity":"","overlay-gradient":""},"tablet":{"background-color":"","background-image":"","background-repeat":"repeat","background-position":"center center","background-size":"auto","background-attachment":"scroll","background-type":"","background-media":"","overlay-type":"","overlay-color":"","overlay-opacity":"","overlay-gradient":""},"mobile":{"background-color":"","background-image":"","background-repeat":"repeat","background-position":"center center","background-size":"auto","background-attachment":"scroll","background-type":"","background-media":"","overlay-type":"","overlay-color":"","overlay-opacity":"","overlay-gradient":""}},"ast-content-background-meta":{"desktop":{"background-color":"var(--ast-global-color-5)","background-image":"","background-repeat":"repeat","background-position":"center center","background-size":"auto","background-attachment":"scroll","background-type":"","background-media":"","overlay-type":"","overlay-color":"","overlay-opacity":"","overlay-gradient":""},"tablet":{"background-color":"var(--ast-global-color-5)","background-image":"","background-repeat":"repeat","background-position":"center center","background-size":"auto","background-attachment":"scroll","background-type":"","background-media":"","overlay-type":"","overlay-color":"","overlay-opacity":"","overlay-gradient":""},"mobile":{"background-color":"var(--ast-global-color-5)","background-image":"","background-repeat":"repeat","background-position":"center center","background-size":"auto","background-attachment":"scroll","background-type":"","background-media":"","overlay-type":"","overlay-color":"","overlay-opacity":"","overlay-gradient":""}},"_joinchat":{"telephone":"+8617776015835"}},"product_brand":[],"product_cat":[19,65,140,153,155,141,142,60],"product_tag":[120,97,94,93,237,163],"class_list":{"0":"post-3734","1":"product","2":"type-product","3":"status-publish","4":"has-post-thumbnail","6":"product_cat-vapes","7":"product_cat-40000-puff","8":"product_cat-big-puffs-disposable-vapes","9":"product_cat-buy-disposable-vapes-in-italy","10":"product_cat-buy-disposable-vapes-in-norway","11":"product_cat-crystal-disposable-vapes","12":"product_cat-digital-box-disposable-vapes","13":"product_cat-waspe-fihp-vape","14":"product_tag-crystal-vape","15":"product_tag-hot-sale-disposable-vape","16":"product_tag-rechargeable-disposable-vape","17":"product_tag-vape-wholesale","18":"product_tag-waspe-crystal-40000","19":"product_tag-waspe-vape","20":"desktop-align-left","21":"tablet-align-left","22":"mobile-align-left","24":"first","25":"instock","26":"sale","27":"shipping-taxable","28":"purchasable","29":"product-type-simple"},"acf":[],"uagb_featured_image_src":{"full":["https:\/\/vapestornado.com\/wp-content\/uploads\/2025\/01\/WASPE-40000-Puffs-Crystal-Disposable-Vape-Wholesale-Price.webp",1000,1000,false],"thumbnail":["https:\/\/vapestornado.com\/wp-content\/uploads\/2025\/01\/WASPE-40000-Puffs-Crystal-Disposable-Vape-Wholesale-Price-150x150.webp",150,150,true],"medium":["https:\/\/vapestornado.com\/wp-content\/uploads\/2025\/01\/WASPE-40000-Puffs-Crystal-Disposable-Vape-Wholesale-Price-300x300.webp",300,300,true],"medium_large":["https:\/\/vapestornado.com\/wp-content\/uploads\/2025\/01\/WASPE-40000-Puffs-Crystal-Disposable-Vape-Wholesale-Price-768x768.webp",768,768,true],"large":["https:\/\/vapestornado.com\/wp-content\/uploads\/2025\/01\/WASPE-40000-Puffs-Crystal-Disposable-Vape-Wholesale-Price.webp",1000,1000,false],"1536x1536":["https:\/\/vapestornado.com\/wp-content\/uploads\/2025\/01\/WASPE-40000-Puffs-Crystal-Disposable-Vape-Wholesale-Price.webp",1000,1000,false],"2048x2048":["https:\/\/vapestornado.com\/wp-content\/uploads\/2025\/01\/WASPE-40000-Puffs-Crystal-Disposable-Vape-Wholesale-Price.webp",1000,1000,false],"trp-custom-language-flag":["https:\/\/vapestornado.com\/wp-content\/uploads\/2025\/01\/WASPE-40000-Puffs-Crystal-Disposable-Vape-Wholesale-Price.webp",12,12,false],"woocommerce_thumbnail":["https:\/\/vapestornado.com\/wp-content\/uploads\/2025\/01\/WASPE-40000-Puffs-Crystal-Disposable-Vape-Wholesale-Price-300x300.webp",300,300,true],"woocommerce_single":["https:\/\/vapestornado.com\/wp-content\/uploads\/2025\/01\/WASPE-40000-Puffs-Crystal-Disposable-Vape-Wholesale-Price-600x600.webp",600,600,true],"woocommerce_gallery_thumbnail":["https:\/\/vapestornado.com\/wp-content\/uploads\/2025\/01\/WASPE-40000-Puffs-Crystal-Disposable-Vape-Wholesale-Price-100x100.webp",100,100,true]},"uagb_author_info":{"display_name":"ESAMY","author_link":"https:\/\/vapestornado.com\/pl\/author\/"},"uagb_comment_info":0,"uagb_excerpt":"Best Waspe Crystal Vape 40000 Puffs Dual Flavors Low Nicotine Disposable Vape Wholesale WASPE Crystal 40000 Puffs Double Flavor LED Display Disposable Vape Bulk Buy WASPE Crystal 40000 Puffs 2 in 1 Flavor Rechargeable Disposable Vapes Cheap Price Add Amy's whatsapp get right reply and vape vape coupon! WhatsApp: +86 17776015835 &nbsp;","_links":{"self":[{"href":"https:\/\/vapestornado.com\/pl\/wp-json\/wp\/v2\/product\/3734","targetHints":{"allow":["GET"]}}],"collection":[{"href":"https:\/\/vapestornado.com\/pl\/wp-json\/wp\/v2\/product"}],"about":[{"href":"https:\/\/vapestornado.com\/pl\/wp-json\/wp\/v2\/types\/product"}],"replies":[{"embeddable":true,"href":"https:\/\/vapestornado.com\/pl\/wp-json\/wp\/v2\/comments?post=3734"}],"wp:featuredmedia":[{"embeddable":true,"href":"https:\/\/vapestornado.com\/pl\/wp-json\/wp\/v2\/media\/3756"}],"wp:attachment":[{"href":"https:\/\/vapestornado.com\/pl\/wp-json\/wp\/v2\/media?parent=3734"}],"wp:term":[{"taxonomy":"product_brand","embeddable":true,"href":"https:\/\/vapestornado.com\/pl\/wp-json\/wp\/v2\/product_brand?post=3734"},{"taxonomy":"product_cat","embeddable":true,"href":"https:\/\/vapestornado.com\/pl\/wp-json\/wp\/v2\/product_cat?post=3734"},{"taxonomy":"product_tag","embeddable":true,"href":"https:\/\/vapestornado.com\/pl\/wp-json\/wp\/v2\/product_tag?post=3734"}],"curies":[{"name":"wp","href":"https:\/\/api.w.org\/{rel}","templated":true}]}}