{"id":3724,"date":"2025-01-11T02:00:22","date_gmt":"2025-01-11T02:00:22","guid":{"rendered":"https:\/\/vapestornado.com\/?post_type=product&#038;p=3724"},"modified":"2025-08-23T12:33:40","modified_gmt":"2025-08-23T12:33:40","slug":"uwin-crystal-20000-shisha-hookah-20k-puffs-disposable-vape-factory-cheap-price","status":"publish","type":"product","link":"https:\/\/vapestornado.com\/pl\/product\/uwin-crystal-20000-shisha-hookah-20k-puffs-disposable-vape-factory-cheap-price\/","title":{"rendered":"Uwin Crystal 20000 Shisha Hookah 20K Zaci\u0105gni\u0119\u0107 Jednorazowy Vape Fabrycznie Niska Cena"},"content":{"rendered":"<h1 class=\"product-title\">Uwin Crystal 20000 Shisha Hookah 20K Zaci\u0105gni\u0119\u0107 Jednorazowy Vape Fabrycznie Niska Cena<\/h1>\n<p>Cyfrowy ekran <strong>Uwin Crystal 20000<\/strong> Puffs to Twoje najlepsze rozwi\u0105zanie do vapingu, oferuj\u0105ce niesamowit\u0105 wydajno\u015b\u0107, przyst\u0119pno\u015b\u0107 cenow\u0105 i r\u00f3\u017cnorodno\u015b\u0107. Dzi\u0119ki eleganckiemu <strong>kryszta\u0142owej obudowie<\/strong> i <strong>fabryczna niska cena<\/strong>, to <strong>jednorazowy e-papieros<\/strong> jest idealny dla os\u00f3b poszukuj\u0105cych najwy\u017cszej jako\u015bci w przyst\u0119pnej cenie. Zdob\u0105d\u017a <strong>20 000 zaci\u0105gni\u0119\u0107<\/strong> na urz\u0105dzenie, zapewniaj\u0105c d\u0142ugotrwa\u0142\u0105 satysfakcj\u0119 bez konieczno\u015bci cz\u0119stej wymiany. Idealny dla u\u017cytkownik\u00f3w, kt\u00f3rzy chc\u0105 maksymalnej warto\u015bci i minimalnego wysi\u0142ku.<\/p>\n<p>Szukasz <strong>tanie e-papierosy<\/strong> o najwy\u017cszej jako\u015bci? Uwin Shisha Hookah 20K jest dost\u0119pny w <strong>ceny bezpo\u015brednio od producenta<\/strong>, co czyni go doskona\u0142ym wyborem dla hurtownik\u00f3w i indywidualnych nabywc\u00f3w. Zaawansowany <strong>cewka siatkowa 0,8 \u03a9<\/strong> gwarantuje aromatyczne i p\u0142ynne wapowanie. W po\u0142\u0105czeniu z 12 opcjami smakowymi jest idealny dla entuzjast\u00f3w smaku.<\/p>\n<p>Wybierz idealn\u0105 moc nikotyny, Uwin Crystal 20000 jest dost\u0119pny z opcjami nikotyny w zakresie od <strong>0%, 2% i 5%<\/strong>, dzi\u0119ki czemu urz\u0105dzenie jest uniwersalne dla ka\u017cdego vapera. Jego przeno\u015bny i ergonomiczny <strong>kryszta\u0142owej obudowie<\/strong> jest idealny dla u\u017cytkownik\u00f3w, kt\u00f3rzy ceni\u0105 zar\u00f3wno form\u0119, jak i funkcj\u0119, co czyni go jednym z <strong>najpopularniejszych jednorazowych vape'\u00f3w<\/strong> dzisiaj. Zdob\u0105d\u017a sw\u00f3j <strong>Uwin Crystal 20000 Pali Puf\u00f3w Shisha Hookah <\/strong>\u00a0ju\u017c dzi\u015b i ciesz si\u0119 idealnym po\u0142\u0105czeniem stylu, smaku i warto\u015bci!<\/p>\n<p><span style=\"color: #ff0000;\"><strong>Dodaj Amy na WhatsApp, aby uzyska\u0107 szybk\u0105 odpowied\u017a i kupon na vape!<\/strong><\/span><\/p>\n<p><img fetchpriority=\"high\" decoding=\"async\" class=\"size-full wp-image-2932\" src=\"https:\/\/vapestornado.com\/wp-content\/uploads\/2024\/12\/Vape-Wholesale.jpg\" alt=\"Hurtowa sprzeda\u017c e-papieros\u00f3w\" width=\"229\" height=\"300\" \/><\/p>\n<h3><a href=\"https:\/\/wa.me\/8617776015835\" target=\"_blank\" rel=\"noopener\"><span style=\"color: #ff0000;\"><strong>WhatsApp: +86 17776015835<\/strong><\/span><\/a><\/h3>\n<p>&nbsp;<\/p>\n<h2 class=\"product-title\"><strong>Uwin Crystal 20000 Cechy Produktu<\/strong><\/h2>\n<div role=\"article\" data-tabster=\"{&quot;groupper&quot;:{&quot;tabbability&quot;:2},&quot;focusable&quot;:{}}\" data-content=\"ai-message\" aria-labelledby=\"juhNTJ6o7Gk1cgwZMJgv2-author juhNTJ6o7Gk1cgwZMJgv2-content\">\n<div id=\"juhNTJ6o7Gk1cgwZMJgv2-content\">\n<div role=\"article\" data-tabster=\"{&quot;groupper&quot;:{&quot;tabbability&quot;:2},&quot;focusable&quot;:{}}\" data-content=\"ai-message\" aria-labelledby=\"x4EZuCZWrTbh3weWUt7CU-author x4EZuCZWrTbh3weWUt7CU-content\">\n<div id=\"x4EZuCZWrTbh3weWUt7CU-content\">\n<div class=\"flex max-w-full flex-col flex-grow\">\n<div class=\"min-h-8 text-message flex w-full flex-col items-end gap-2 whitespace-normal break-words text-start [.text-message+&amp;]:mt-5\" dir=\"auto\" data-message-author-role=\"assistant\" data-message-id=\"52c6e00a-252f-4104-805d-2f1a84739c71\" data-message-model-slug=\"gpt-4o\">\n<div class=\"flex w-full flex-col gap-1 empty:hidden first:pt-[3px]\">\n<div class=\"markdown prose w-full break-words dark:prose-invert light\">\n<div class=\"flex max-w-full flex-col flex-grow\">\n<div class=\"min-h-8 text-message flex w-full flex-col items-end gap-2 whitespace-normal break-words text-start [.text-message+&amp;]:mt-5\" dir=\"auto\" data-message-author-role=\"assistant\" data-message-id=\"3c321776-aace-4a97-95f3-35c104de1c0a\" data-message-model-slug=\"gpt-4o\">\n<div class=\"flex w-full flex-col gap-1 empty:hidden first:pt-[3px]\">\n<div class=\"markdown prose w-full break-words dark:prose-invert light\">\n<h3><\/h3>\n<ol>\n<li><strong>Wysoka Liczba Zaci\u0105gni\u0119\u0107<\/strong>: Zapewnia do 20 000 zaci\u0105gni\u0119\u0107 dla d\u0142u\u017cszego u\u017cytkowania.<\/li>\n<li><strong>Opcje Nikotyny<\/strong>: Dost\u0119pny w st\u0119\u017ceniach nikotyny 0%, 2%, 3% i 5%.<\/li>\n<li><strong>Kryszta\u0142owy Design<\/strong>: Stylowa, lekka i przeno\u015bna ergonomiczna konstrukcja.<\/li>\n<li><strong>Technologia Mesh Coil<\/strong>: Grza\u0142ka mesh 0.8\u03a9 zapewnia g\u0142adk\u0105 par\u0119 i bogaty smak.<\/li>\n<li><strong>R\u00f3\u017cnorodno\u015b\u0107 Smak\u00f3w<\/strong>: Oferuje 12 unikalnych smak\u00f3w, aby zaspokoi\u0107 r\u00f3\u017cnorodne gusta.<\/li>\n<li><strong>Du\u017ca Pojemno\u015b\u0107 E-Liquidu<\/strong>: 22 ml wst\u0119pnie nape\u0142nionego e-liquidu zmniejsza cz\u0119ste uzupe\u0142nianie.<\/li>\n<li><strong>Akumulator<\/strong>: Akumulator kobaltowy 650 mAh z szybkim \u0142adowaniem Type-C.<\/li>\n<li><strong>Przyst\u0119pne ceny hurtowe<\/strong>: Idealne do zakup\u00f3w hurtowych z doskona\u0142\u0105 warto\u015bci\u0105.<\/li>\n<\/ol>\n<\/div>\n<\/div>\n<\/div>\n<\/div>\n<div class=\"mb-2 flex gap-3 empty:hidden -ml-2\">\n<div class=\"items-center justify-start rounded-xl p-1 flex\"><\/div>\n<\/div>\n<\/div>\n<\/div>\n<\/div>\n<\/div>\n<div class=\"mb-2 flex gap-3 empty:hidden -ml-2\">\n<figure id=\"attachment_3719\" aria-describedby=\"caption-attachment-3719\" style=\"width: 800px\" class=\"wp-caption alignnone\"><img decoding=\"async\" class=\"wp-image-3719 size-full\" src=\"https:\/\/vapestornado.com\/wp-content\/uploads\/2025\/01\/Hookah-Shisha-20k-20000-Puffs-E-Disposable-Vape.webp\" alt=\"Hookah Shisha 20k 20000 Zaci\u0105gni\u0119\u0107 Jednorazowy E-papieros\" width=\"800\" height=\"800\" srcset=\"https:\/\/vapestornado.com\/wp-content\/uploads\/2025\/01\/Hookah-Shisha-20k-20000-Puffs-E-Disposable-Vape.webp 800w, https:\/\/vapestornado.com\/wp-content\/uploads\/2025\/01\/Hookah-Shisha-20k-20000-Puffs-E-Disposable-Vape-300x300.webp 300w, https:\/\/vapestornado.com\/wp-content\/uploads\/2025\/01\/Hookah-Shisha-20k-20000-Puffs-E-Disposable-Vape-150x150.webp 150w, https:\/\/vapestornado.com\/wp-content\/uploads\/2025\/01\/Hookah-Shisha-20k-20000-Puffs-E-Disposable-Vape-768x768.webp 768w, https:\/\/vapestornado.com\/wp-content\/uploads\/2025\/01\/Hookah-Shisha-20k-20000-Puffs-E-Disposable-Vape-600x600.webp 600w, https:\/\/vapestornado.com\/wp-content\/uploads\/2025\/01\/Hookah-Shisha-20k-20000-Puffs-E-Disposable-Vape-100x100.webp 100w\" sizes=\"(max-width: 800px) 100vw, 800px\" \/><figcaption id=\"caption-attachment-3719\" class=\"wp-caption-text\">Hookah Shisha 20k 20000 Zaci\u0105gni\u0119\u0107 Jednorazowy E-papieros<\/figcaption><\/figure>\n<\/div>\n<\/div>\n<\/div>\n<\/div>\n<\/div>\n<h2 class=\"product-title\"><strong>Popularny Smak dla Uwin Crystal 20k<\/strong><strong>\u00a0<\/strong><strong>Jednorazowe E-papierosy<\/strong><\/h2>\n<p>Uwin Crystal 20000 oferuje imponuj\u0105cy wyb\u00f3r 12 r\u00f3\u017cnych smak\u00f3w, zaspokajaj\u0105c ka\u017cde preferencje smakowe. Jakie s\u0105 najpopularniejsze smaki dla Uwin Crystal 20k? Ka\u017cdy smak zapewnia wyj\u0105tkowe wra\u017cenia z wapowania, ale Mixed Berries i Lemon Mint niezmiennie plasuj\u0105 si\u0119 w\u015br\u00f3d najlepszych wybor\u00f3w ze wzgl\u0119du na ich \u017cywe, dobrze zbalansowane i satysfakcjonuj\u0105ce profile. Te smaki sprawiaj\u0105, \u017ce Uwin Crystal 20000 wyr\u00f3\u017cnia si\u0119 w \u015bwiecie jednorazowych e-papieros\u00f3w. Poznaj wszystkie 12 smak\u00f3w i znajd\u017a sw\u00f3j ulubiony ju\u017c dzi\u015b!<\/p>\n<ol>\n<li>Arbuz<\/li>\n<li>Mango Ice<\/li>\n<li>Jagoda i Malina <span style=\"color: #ff0000;\"><strong>&gt;&gt;&gt;&gt; Gor\u0105ce!<\/strong><\/span><\/li>\n<li>Mi\u0119ta Winogronowa<\/li>\n<li>Marakuja<\/li>\n<li>Truskawka Kiwi<\/li>\n<li>Podw\u00f3jne Jab\u0142ko<\/li>\n<li>Brzoskwinia z Lodem<\/li>\n<li>Ananas Kokos<\/li>\n<li>Mieszanka Jag\u00f3d<span style=\"color: #ff0000;\"><strong>&gt;&gt;&gt;&gt; Najlepszy !<\/strong><\/span><\/li>\n<li>Cytryna Mi\u0119ta <span style=\"color: #ff0000;\"><strong>&gt;&gt;&gt;&gt; Gor\u0105ce!<\/strong><\/span><\/li>\n<li>Pomara\u0144czowy Krush<\/li>\n<\/ol>\n<div class=\"flex-shrink-0 flex flex-col relative items-end\">\n<div class=\"pt-0\">\n<div class=\"gizmo-bot-avatar flex h-8 w-8 items-center justify-center overflow-hidden rounded-full\">\n<div class=\"relative p-1 rounded-sm flex items-center justify-center bg-token-main-surface-primary text-token-text-primary h-8 w-8\">\n<h3>FAQ dla Uwin Crystal 20000 Shisha Hookah Rechargeable<strong>\u00a0<\/strong>Jednorazowy e-papieros<\/h3>\n<h3><\/h3>\n<h4><strong>1. Dlaczego warto wybra\u0107 Uwin Shisha Hookah 20K?<\/strong><\/h4>\n<p>Dzi\u0119ki <strong>20 000 zaci\u0105gni\u0119\u0107<\/strong>, konfigurowalne poziomy nikotyny i elegancki kryszta\u0142owy design sprawiaj\u0105, \u017ce to urz\u0105dzenie jest zar\u00f3wno praktyczne, jak i stylowe.<\/p>\n<h4><strong>2. Czy ten vape jest przyjazny dla bud\u017cetu?<\/strong><\/h4>\n<p>Tak! Jest dost\u0119pny w <strong>fabrycznie niskich cenach<\/strong>, idealny dla tych, kt\u00f3rzy szukaj\u0105 <strong>tanie e-papierosy<\/strong> bez po\u015bwi\u0119cania jako\u015bci.<\/p>\n<h4><strong>3. Jakie smaki s\u0105 dost\u0119pne?<\/strong><\/h4>\n<p>Uwin Shisha Hookah 20K oferuje 12 unikalnych smak\u00f3w, takich jak <strong>Mango Ice<\/strong>, <strong>Brzoskwinia z Lodem<\/strong>, oraz w <strong>R\u00f3\u017cowa Lemoniada<\/strong>.<\/p>\n<h4><strong>4. Dla kogo to urz\u0105dzenie jest idealne?<\/strong><\/h4>\n<p>Jest idealne dla wszystkich u\u017cytkownik\u00f3w, od okazjonalnych waper\u00f3w po do\u015bwiadczonych entuzjast\u00f3w, dzi\u0119ki du\u017cej liczbie zaci\u0105gni\u0119\u0107, szerokiej gamie smak\u00f3w i przyst\u0119pnej cenie.<\/p>\n<h4><strong>5. Gdzie kupi\u0107 jednorazowe e-papierosy, takie jak ten?<\/strong><\/h4>\n<p>Kupuj w <strong><a href=\"https:\/\/vapestornado.com\/pl\/\" target=\"_new\" rel=\"noopener\">vapestornado internetowy sklep z e-papierosami<\/a><\/strong>, jednym z <strong>najpopularniejszych stron z jednorazowymi e-papierosami<\/strong>, aby uzyska\u0107 najlepsze oferty na Uwin Shisha Hookah 20K.<\/p>\n<div class=\"flex max-w-full flex-col flex-grow\">\n<div class=\"min-h-8 text-message flex w-full flex-col items-end gap-2 whitespace-normal break-words text-start [.text-message+&amp;]:mt-5\" dir=\"auto\" data-message-author-role=\"assistant\" data-message-id=\"4dc48248-df95-45bd-b800-6dedb43cf7f1\" data-message-model-slug=\"gpt-4o\">\n<div class=\"flex w-full flex-col gap-1 empty:hidden first:pt-[3px]\"><\/div>\n<\/div>\n<\/div>\n<\/div>\n<\/div>\n<\/div>\n<\/div>\n<div class=\"flex-shrink-0 flex flex-col relative items-end\">\n<div class=\"pt-0\">\n<div class=\"gizmo-bot-avatar flex h-8 w-8 items-center justify-center overflow-hidden rounded-full\">\n<div class=\"relative p-1 rounded-sm flex items-center justify-center bg-token-main-surface-primary text-token-text-primary h-8 w-8\">\n<div class=\"mb-2 flex gap-3 empty:hidden -ml-2\">\n<div role=\"article\" data-tabster=\"{&quot;groupper&quot;:{&quot;tabbability&quot;:2},&quot;focusable&quot;:{}}\" data-content=\"ai-message\" aria-labelledby=\"Vdt5ez4X7Tg813x6rFVha-author Vdt5ez4X7Tg813x6rFVha-content\">\n<div id=\"Vdt5ez4X7Tg813x6rFVha-content\">\n<div role=\"article\" data-tabster=\"{&quot;groupper&quot;:{&quot;tabbability&quot;:2},&quot;focusable&quot;:{}}\" data-content=\"ai-message\" aria-labelledby=\"o968oC7CEo2fGHsGdsRYC-author o968oC7CEo2fGHsGdsRYC-content\">\n<div id=\"o968oC7CEo2fGHsGdsRYC-content\">\n<h3>Dlaczego warto wybra\u0107 vapestornado do hurtowej sprzeda\u017cy jednorazowych e-papieros\u00f3w Uwin Crystal 20000 Shisha Hookah?<\/h3>\n<div class=\"flex-shrink-0 flex flex-col relative items-end\">\n<div class=\"pt-0\">\n<div class=\"gizmo-bot-avatar flex h-8 w-8 items-center justify-center overflow-hidden rounded-full\">\n<div class=\"relative p-1 rounded-sm flex items-center justify-center bg-token-main-surface-primary text-token-text-primary h-8 w-8\">\n<p>W rosn\u0105cej konkurencji w bran\u017cy jednorazowych e-papieros\u00f3w, vapestornado, wiod\u0105ca globalna platforma rozwi\u0105za\u0144 hurtowych dla e-papieros\u00f3w, wprowadzi\u0142a prze\u0142omowy jednorazowy e-papieros Uwin Shisha Hookah Crystal 20000 Puffs. Dzi\u0119ki przyci\u0105gaj\u0105cemu wzrok kryszta\u0142owemu wzornictwu i wielofunkcyjnym cechom, ten innowacyjny produkt p\u0142ynnie \u0142\u0105czy styl z funkcjonalno\u015bci\u0105. Oferuj\u0105c szeroki wyb\u00f3r owocowych smak\u00f3w, ma na celu zaspokojenie r\u00f3\u017cnorodnych gust\u00f3w waper\u00f3w.<\/p>\n<p>vapestornado to Tw\u00f3j zaufany internetowy sklep z e-papierosami oferuj\u0105cy wysokiej jako\u015bci jednorazowe e-papierosy. Dzi\u0119ki ponad 5-letniemu do\u015bwiadczeniu oferujemy popularne marki jednorazowych e-papieros\u00f3w, takie jak Waspe Vape, WGA Vape, Fumot RandM Vape, Vozol Vape, Bang Vape itp.<\/p>\n<p>Nasza oferta obejmuje najpopularniejsze jednorazowe e-papierosy, takie jak <a href=\"https:\/\/vapestornado.com\/pl\/product\/vapsolo-viking-12000-puffs-2-5-low-nicotine-bulk-buy-rechargeable-disposable-vapes-pen-wholesale-price\/\">VapSolo Viking 12000<\/a>, oraz bogate w smaku opcje, takie jak <a href=\"https:\/\/vapestornado.com\/pl\/product\/uwin-crystal-10000-puffs-wholesale-disposable-vape-puff-10k-low-nicotine-rechargeable-vapes-pen-bulk-buy-wholesalepuffs-disposable-vape-wholesale-price-copy\/\"> Uwin Crystal 10000 Pali Puf\u00f3w<\/a> . Ka\u017cdy produkt jest wybierany z my\u015bl\u0105 o jako\u015bci, warto\u015bci i r\u00f3\u017cnorodno\u015bci, dzi\u0119ki czemu znajdziesz idealne dopasowanie do swoich potrzeb. Odkryj wyj\u0105tkow\u0105 obs\u0142ug\u0119 i szerok\u0105 gam\u0119 najlepszych produkt\u00f3w w cenach hurtowych na vapestornado.<\/p>\n<\/div>\n<p>&nbsp;<\/p>\n<p><strong>Inne popularne jednorazowe e-papierosy<\/strong><\/p>\n<p><a href=\"https:\/\/vapestornado.com\/pl\/product\/china-factory-vapsolo-super-15000-puffs-disposable-wholesale-price-disposable-vape-rechargeable-disposable-vapes-pen-bulk-buy-wholesale\/\">Vapsolo Super 15000 Puf\u00f3w <span style=\"color: #ff0000;\"><strong>&gt;&gt;&gt;&gt; Dalej !<\/strong><\/span><\/a><\/p>\n<p><a href=\"https:\/\/vapestornado.com\/pl\/product\/jnr-falcon-x-18000-puffs-disposable-vape-wholesale-price\/\">JNR Falcon X 18000 Puf\u00f3w<span style=\"color: #ff0000;\"><strong>&gt;&gt;&gt;&gt; Dalej !<\/strong><\/span><\/a><\/p>\n<p><a href=\"https:\/\/vapestornado.com\/pl\/product\/tornado-vape-uwin-35000-puff-35k-music-wholesale-price\/\">Tornado Vape Uwin 35000 <span style=\"color: #ff0000;\"><strong>&gt;&gt;&gt;&gt; Dalej !<\/strong><\/span><\/a><\/p>\n<\/div>\n<\/div>\n<\/div>\n<p>&nbsp;<\/p>\n<\/div>\n<\/div>\n<\/div>\n<\/div>\n<\/div>\n<\/div>\n<\/div>\n<\/div>\n<\/div>","protected":false},"excerpt":{"rendered":"<p>Najlepszy jednorazowy e-papieros Uwin Shisha Hookah Crystal 20000 Puffs<br \/>\nUwin Crystal 20k Puff Jednorazowy Shisha Hookah Cena hurtowa<br \/>\nUwin Crystal 20000 Puffs Tani Dostawca Hurtowy<\/p>\n<p><strong>Dodaj Amy do WhatsAppa, aby uzyska\u0107 szybk\u0105 odpowied\u017a i kupon na vape!<\/strong><\/p>\n<p><img fetchpriority=\"high\" decoding=\"async\" class=\"size-full wp-image-2932\" src=\"https:\/\/vapestornado.com\/wp-content\/uploads\/2024\/12\/Vape-Wholesale.jpg\" alt=\"Hurtowa sprzeda\u017c e-papieros\u00f3w\" width=\"229\" height=\"300\" \/><\/p>\n<h3><a href=\"https:\/\/wa.me\/8617776015835\"><span style=\"color: #ff0000;\"><strong>WhatsApp: +86 17776015835<\/strong><\/span><\/a><\/h3>\n<p>&nbsp;<\/p>","protected":false},"featured_media":3723,"comment_status":"open","ping_status":"closed","template":"","meta":{"_acf_changed":false,"_uag_custom_page_level_css":"","_lmt_disableupdate":"no","_lmt_disable":"","_monsterinsights_skip_tracking":false,"_monsterinsights_sitenote_active":false,"_monsterinsights_sitenote_note":"","_monsterinsights_sitenote_category":0,"site-sidebar-layout":"default","site-content-layout":"","ast-site-content-layout":"default","site-content-style":"default","site-sidebar-style":"default","ast-global-header-display":"","ast-banner-title-visibility":"","ast-main-header-display":"","ast-hfb-above-header-display":"","ast-hfb-below-header-display":"","ast-hfb-mobile-header-display":"","site-post-title":"","ast-breadcrumbs-content":"","ast-featured-img":"","footer-sml-layout":"","ast-disable-related-posts":"","theme-transparent-header-meta":"default","adv-header-id-meta":"","stick-header-meta":"","header-above-stick-meta":"","header-main-stick-meta":"","header-below-stick-meta":"","astra-migrate-meta-layouts":"set","ast-page-background-enabled":"default","ast-page-background-meta":{"desktop":{"background-color":"","background-image":"","background-repeat":"repeat","background-position":"center center","background-size":"auto","background-attachment":"scroll","background-type":"","background-media":"","overlay-type":"","overlay-color":"","overlay-opacity":"","overlay-gradient":""},"tablet":{"background-color":"","background-image":"","background-repeat":"repeat","background-position":"center center","background-size":"auto","background-attachment":"scroll","background-type":"","background-media":"","overlay-type":"","overlay-color":"","overlay-opacity":"","overlay-gradient":""},"mobile":{"background-color":"","background-image":"","background-repeat":"repeat","background-position":"center center","background-size":"auto","background-attachment":"scroll","background-type":"","background-media":"","overlay-type":"","overlay-color":"","overlay-opacity":"","overlay-gradient":""}},"ast-content-background-meta":{"desktop":{"background-color":"var(--ast-global-color-5)","background-image":"","background-repeat":"repeat","background-position":"center center","background-size":"auto","background-attachment":"scroll","background-type":"","background-media":"","overlay-type":"","overlay-color":"","overlay-opacity":"","overlay-gradient":""},"tablet":{"background-color":"var(--ast-global-color-5)","background-image":"","background-repeat":"repeat","background-position":"center center","background-size":"auto","background-attachment":"scroll","background-type":"","background-media":"","overlay-type":"","overlay-color":"","overlay-opacity":"","overlay-gradient":""},"mobile":{"background-color":"var(--ast-global-color-5)","background-image":"","background-repeat":"repeat","background-position":"center center","background-size":"auto","background-attachment":"scroll","background-type":"","background-media":"","overlay-type":"","overlay-color":"","overlay-opacity":"","overlay-gradient":""}},"_joinchat":{"telephone":"+8617776015835"}},"product_brand":[],"product_cat":[69,157,141,143,147,233],"product_tag":[165,120,97,166,94,232],"class_list":{"0":"post-3724","1":"product","2":"type-product","3":"status-publish","4":"has-post-thumbnail","6":"product_cat-20000-puff","7":"product_cat-buy-disposable-vapes-in-portugal","8":"product_cat-crystal-disposable-vapes","9":"product_cat-dual-mesh-disposable-vapes","10":"product_cat-shisha-hookah-disposable-vapes","11":"product_cat-uwin-vape","12":"product_tag-cheap-vapes","13":"product_tag-crystal-vape","14":"product_tag-hot-sale-disposable-vape","15":"product_tag-low-nicotine-vape","16":"product_tag-rechargeable-disposable-vape","17":"product_tag-uwin-crystal-20000","18":"desktop-align-left","19":"tablet-align-left","20":"mobile-align-left","22":"first","23":"instock","24":"sale","25":"shipping-taxable","26":"purchasable","27":"product-type-simple"},"acf":[],"uagb_featured_image_src":{"full":["https:\/\/vapestornado.com\/wp-content\/uploads\/2025\/01\/Uwin-Shisha-Hookah-Crystal-20000-Puffs-Disposable-Vape.webp",800,800,false],"thumbnail":["https:\/\/vapestornado.com\/wp-content\/uploads\/2025\/01\/Uwin-Shisha-Hookah-Crystal-20000-Puffs-Disposable-Vape-150x150.webp",150,150,true],"medium":["https:\/\/vapestornado.com\/wp-content\/uploads\/2025\/01\/Uwin-Shisha-Hookah-Crystal-20000-Puffs-Disposable-Vape-300x300.webp",300,300,true],"medium_large":["https:\/\/vapestornado.com\/wp-content\/uploads\/2025\/01\/Uwin-Shisha-Hookah-Crystal-20000-Puffs-Disposable-Vape-768x768.webp",768,768,true],"large":["https:\/\/vapestornado.com\/wp-content\/uploads\/2025\/01\/Uwin-Shisha-Hookah-Crystal-20000-Puffs-Disposable-Vape.webp",800,800,false],"1536x1536":["https:\/\/vapestornado.com\/wp-content\/uploads\/2025\/01\/Uwin-Shisha-Hookah-Crystal-20000-Puffs-Disposable-Vape.webp",800,800,false],"2048x2048":["https:\/\/vapestornado.com\/wp-content\/uploads\/2025\/01\/Uwin-Shisha-Hookah-Crystal-20000-Puffs-Disposable-Vape.webp",800,800,false],"trp-custom-language-flag":["https:\/\/vapestornado.com\/wp-content\/uploads\/2025\/01\/Uwin-Shisha-Hookah-Crystal-20000-Puffs-Disposable-Vape.webp",12,12,false],"woocommerce_thumbnail":["https:\/\/vapestornado.com\/wp-content\/uploads\/2025\/01\/Uwin-Shisha-Hookah-Crystal-20000-Puffs-Disposable-Vape-300x300.webp",300,300,true],"woocommerce_single":["https:\/\/vapestornado.com\/wp-content\/uploads\/2025\/01\/Uwin-Shisha-Hookah-Crystal-20000-Puffs-Disposable-Vape-600x600.webp",600,600,true],"woocommerce_gallery_thumbnail":["https:\/\/vapestornado.com\/wp-content\/uploads\/2025\/01\/Uwin-Shisha-Hookah-Crystal-20000-Puffs-Disposable-Vape-100x100.webp",100,100,true]},"uagb_author_info":{"display_name":"ESAMY","author_link":"https:\/\/vapestornado.com\/pl\/author\/"},"uagb_comment_info":0,"uagb_excerpt":"Best Uwin Shisha Hookah Crystal 20000 Puffs Disposable Vape Uwin Crystal 20k Puff Disoisable Shisha Hookah Bulk Price Uwin crystal 20000 Puffs Cheap Price Wholesale Supplier Add Amy's whatsapp get right reply and vape coupon! WhatsApp: +86 17776015835 &nbsp;","_links":{"self":[{"href":"https:\/\/vapestornado.com\/pl\/wp-json\/wp\/v2\/product\/3724","targetHints":{"allow":["GET"]}}],"collection":[{"href":"https:\/\/vapestornado.com\/pl\/wp-json\/wp\/v2\/product"}],"about":[{"href":"https:\/\/vapestornado.com\/pl\/wp-json\/wp\/v2\/types\/product"}],"replies":[{"embeddable":true,"href":"https:\/\/vapestornado.com\/pl\/wp-json\/wp\/v2\/comments?post=3724"}],"wp:featuredmedia":[{"embeddable":true,"href":"https:\/\/vapestornado.com\/pl\/wp-json\/wp\/v2\/media\/3723"}],"wp:attachment":[{"href":"https:\/\/vapestornado.com\/pl\/wp-json\/wp\/v2\/media?parent=3724"}],"wp:term":[{"taxonomy":"product_brand","embeddable":true,"href":"https:\/\/vapestornado.com\/pl\/wp-json\/wp\/v2\/product_brand?post=3724"},{"taxonomy":"product_cat","embeddable":true,"href":"https:\/\/vapestornado.com\/pl\/wp-json\/wp\/v2\/product_cat?post=3724"},{"taxonomy":"product_tag","embeddable":true,"href":"https:\/\/vapestornado.com\/pl\/wp-json\/wp\/v2\/product_tag?post=3724"}],"curies":[{"name":"wp","href":"https:\/\/api.w.org\/{rel}","templated":true}]}}