{"id":3716,"date":"2025-01-08T09:49:40","date_gmt":"2025-01-08T09:49:40","guid":{"rendered":"https:\/\/vapestornado.com\/?post_type=product&#038;p=3716"},"modified":"2025-08-23T09:33:37","modified_gmt":"2025-08-23T09:33:37","slug":"bood-twins-46000-puff-display-disposable-vape-cheap-price","status":"publish","type":"product","link":"https:\/\/vapestornado.com\/pl\/product\/bood-twins-46000-puff-display-disposable-vape-cheap-price\/","title":{"rendered":"Bood Twins 46000 zaci\u0105gni\u0119\u0107, jednorazowy vape z wy\u015bwietlaczem, niska cena"},"content":{"rendered":"<h1>Bood Twins 46000 zaci\u0105gni\u0119\u0107, jednorazowy vape z wy\u015bwietlaczem, niska cena<\/h1>\n<p>&nbsp;<\/p>\n<div role=\"article\" data-tabster=\"{&quot;groupper&quot;:{&quot;tabbability&quot;:2},&quot;focusable&quot;:{}}\" data-content=\"ai-message\" aria-labelledby=\"64JRvXrTnY7mRmPkEQLLT-author 64JRvXrTnY7mRmPkEQLLT-content\">\n<div id=\"64JRvXrTnY7mRmPkEQLLT-content\">\n<p>Cyfrowy ekran <strong data-start=\"341\" data-end=\"383\">Bood Twins 46000 Zaci\u0105gni\u0119\u0107 Jednorazowy Vape<\/strong> zosta\u0142 stworzony z my\u015bl\u0105 o pojemno\u015bci, wydajno\u015bci i wszechstronno\u015bci. Z maksymalnie <strong data-start=\"448\" data-end=\"464\">46 000 zaci\u0105gni\u0119\u0107<\/strong> i <strong data-start=\"471\" data-end=\"493\">podw\u00f3jny system smak\u00f3w<\/strong>umo\u017cliwia u\u017cytkownikom prze\u0142\u0105czanie si\u0119 mi\u0119dzy dwiema mieszankami w jednym urz\u0105dzeniu, zapewniaj\u0105c r\u00f3\u017cnorodno\u015b\u0107 i d\u0142ugotrwa\u0142\u0105 przyjemno\u015b\u0107<\/p>\n<p>Wyposa\u017cony w <strong>zaawansowan\u0105 grza\u0142k\u0119 siatkow\u0105<\/strong>, Bood Twins zapewnia sp\u00f3jn\u0105, g\u0142adk\u0105 i aromatyczn\u0105 par\u0119 przy ka\u017cdym zaci\u0105gni\u0119ciu. Jego <strong>elegancki wy\u015bwietlacz pe\u0142noekranowy<\/strong> dodaje odrobin\u0119 wyrafinowania i dostarcza istotnych szczeg\u00f3\u0142\u00f3w dotycz\u0105cych u\u017cytkowania, dzi\u0119ki czemu idealnie nadaje si\u0119 dla waper\u00f3w dbaj\u0105cych o styl. Akumulator wielokrotnego \u0142adowania zapewnia, \u017ce urz\u0105dzenie mo\u017ce zapewni\u0107 pe\u0142n\u0105 pojemno\u015b\u0107 zaci\u0105gni\u0119\u0107 bez kompromis\u00f3w, eliminuj\u0105c potrzeb\u0119 cz\u0119stej wymiany.<\/p>\n<p>Ten wysokiej jako\u015bci jednorazowy vape jest idealny dla kupuj\u0105cych hurtowych, kt\u00f3rzy chc\u0105 oferowa\u0107 swoim klientom najnowocze\u015bniejsze produkty. <strong>Bood Twins 46000 pufvape'\u00f3w <\/strong>\u0142\u0105czy w sobie innowacyjn\u0105 technologi\u0119, elegancki design i niezr\u00f3wnan\u0105 wydajno\u015b\u0107, co czyni go po\u017c\u0105danym wyborem w bran\u017cy waporyzacyjnej. Aby uzyska\u0107 najlepsze oferty hurtowe na Bood Twins 46000 Zaci\u0105gni\u0119\u0107, odwied\u017a vapestornado<strong>.com<\/strong> i ju\u017c dzi\u015b podnie\u015b poziom swojego asortymentu do wapowania!<\/p>\n<\/div>\n<\/div>\n<p><img fetchpriority=\"high\" decoding=\"async\" class=\"alignleft wp-image-2951 size-medium\" src=\"https:\/\/vapestornado.com\/wp-content\/uploads\/2024\/12\/Wholesale-Disposable-Vape-265x300.jpg\" alt=\"Hurtownia jednorazowych vape\" width=\"265\" height=\"300\" srcset=\"https:\/\/vapestornado.com\/wp-content\/uploads\/2024\/12\/Wholesale-Disposable-Vape-265x300.jpg 265w, https:\/\/vapestornado.com\/wp-content\/uploads\/2024\/12\/Wholesale-Disposable-Vape-768x871.jpg 768w, https:\/\/vapestornado.com\/wp-content\/uploads\/2024\/12\/Wholesale-Disposable-Vape-600x680.jpg 600w, https:\/\/vapestornado.com\/wp-content\/uploads\/2024\/12\/Wholesale-Disposable-Vape.jpg 823w\" sizes=\"(max-width: 265px) 100vw, 265px\" \/><\/p>\n<h5>Skontaktuj si\u0119 z Mandy przez WhatsApp, aby uzyska\u0107 cen\u0119 promocyjn\u0105<a href=\"https:\/\/wa.me\/8618077105796\" target=\"_blank\" rel=\"noopener\">+8618077105796<\/a><\/h5>\n<div class=\"flex max-w-full flex-col flex-grow\">\n<div class=\"min-h-8 text-message flex w-full flex-col items-end gap-2 whitespace-normal break-words text-start [.text-message+&amp;]:mt-5\" dir=\"auto\" data-message-author-role=\"assistant\" data-message-id=\"cdb991c0-f594-4bff-b2d5-fbbdd7ce9e54\" data-message-model-slug=\"gpt-4o-mini\">\n<div class=\"flex w-full flex-col gap-1 empty:hidden first:pt-[3px]\">\n<div class=\"markdown prose w-full break-words dark:prose-invert light\"><\/div>\n<\/div>\n<\/div>\n<\/div>\n<div class=\"mb-2 flex gap-3 empty:hidden -ml-2\">\n<h2 class=\"sr-proMainInfo-baseInfoH1 J-baseInfo-name\">Hurtownia Vape Bood Twins 46000 Zaci\u0105gni\u0119\u0107 - Kluczowe cechy:<\/h2>\n<ul>\n<li><strong>Ogromna liczba zaci\u0105gni\u0119\u0107<\/strong>: Ciesz si\u0119 nawet 46 000 zaci\u0105gni\u0119\u0107, idealne do d\u0142ugotrwa\u0142ego u\u017cytkowania.<\/li>\n<li><strong>Podw\u00f3jne Smaki<\/strong>: Innowacyjna konstrukcja z dwoma smakami w jednym urz\u0105dzeniu, zapewniaj\u0105ca wszechstronne wra\u017cenia z wapowania.<\/li>\n<li><strong>Technologia Mesh Coil<\/strong>: Zapewnia p\u0142ynn\u0105, sta\u0142\u0105 produkcj\u0119 pary z ulepszonym dostarczaniem smaku.<\/li>\n<li><strong>Wy\u015bwietlacz Pe\u0142noekranowy<\/strong>: Elegancki i nowoczesny design z czytelnym ekranem wy\u015bwietlaj\u0105cym najwa\u017cniejsze informacje.<\/li>\n<li><strong>Zalety Hurtowe<\/strong>: Idealne do zakup\u00f3w hurtowych, aby efektywnie zaspokoi\u0107 potrzeby klient\u00f3w.<\/li>\n<\/ul>\n<\/div>\n<h2 class=\"sr-proMainInfo-baseInfoH1 J-baseInfo-name\">Smak Bood Twins 46000Puff:<\/h2>\n<p>1. Arbuz<br \/>\n2. Jab\u0142ko<br \/>\n3. Limonka<br \/>\n4. Zielone Jab\u0142ko<br \/>\n5. Kwa\u015bna Malina Jagodowa<br \/>\n6. Czarna Porzeczka Malina<br \/>\n7. Brzoskwinia Mango<br \/>\n8. Winogrono<br \/>\n9. R\u00f3\u017cowa Lemonada<br \/>\n10. Zielone Winogrono<\/p>\n<div role=\"article\" data-tabster=\"{&quot;groupper&quot;:{&quot;tabbability&quot;:2},&quot;focusable&quot;:{}}\" data-content=\"ai-message\" aria-labelledby=\"dARUyEWDoEYhnSPXFwx5A-author dARUyEWDoEYhnSPXFwx5A-content\">\n<div id=\"dARUyEWDoEYhnSPXFwx5A-content\">\n<h2><strong>Dlaczego Kupi\u0107 <\/strong>Bood Twins 46000 zaci\u0105gni\u0119\u0107 vape <strong>od vapestornado?<\/strong><\/h2>\n<ul>\n<li><strong>Niezr\u00f3wnana jako\u015b\u0107<\/strong>: W vapestornado zapewniamy, \u017ce ka\u017cdy jednorazowy vape Bood Twins 46000 zaci\u0105gni\u0119\u0107 spe\u0142nia najwy\u017csze standardy jako\u015bci, zapewniaj\u0105c doskona\u0142e wra\u017cenia z wapowania dzi\u0119ki podw\u00f3jnym smakom i zaawansowanej technologii siatki grzewczej.<\/li>\n<li><strong>Konkurencyjne ceny<\/strong>: Korzystaj z ekskluzywnych cen hurtowych przy zam\u00f3wieniach hurtowych, dzi\u0119ki czemu vapestornado jest idealnym wyborem zar\u00f3wno dla sprzedawc\u00f3w detalicznych, jak i entuzjast\u00f3w vape.<\/li>\n<li><strong>Wysy\u0142ka globalna<\/strong>: vapestornado oferuje niezawodn\u0105 i wydajn\u0105 wysy\u0142k\u0119 mi\u0119dzynarodow\u0105 w ca\u0142ej Europie, zapewniaj\u0105c terminow\u0105 dostaw\u0119 Twoich ulubionych produkt\u00f3w.<\/li>\n<li><strong>Gwarancja autentyczno\u015bci<\/strong>: Wszystkie produkty sprzedawane w vapestornado s\u0105 w 100% autentyczne i zweryfikowane pod wzgl\u0119dem jako\u015bci, co zapewnia spok\u00f3j ducha przy ka\u017cdym zakupie.<\/li>\n<li><strong>Dedykowane wsparcie klienta<\/strong>: Nasz kompetentny i przyjazny zesp\u00f3\u0142 wsparcia jest dost\u0119pny, aby pom\u00f3c w przypadku jakichkolwiek pyta\u0144, zapewniaj\u0105c p\u0142ynne i satysfakcjonuj\u0105ce zakupy.<\/li>\n<\/ul>\n<\/div>\n<\/div>\n<h2>FAQ dotycz\u0105ce zakupu hurtowego jednorazowych e-papieros\u00f3w Bood Twins 46000 zaci\u0105gni\u0119\u0107 w EUR<\/h2>\n<ul>\n<li><strong>Czym jest jednorazowy e-papieros Bood Twins 46000 Zaci\u0105gni\u0119\u0107?<\/strong><br \/>\nBood Twins 46000 Zaci\u0105gni\u0119\u0107 to wysokiej jako\u015bci jednorazowy e-papieros o niesamowitej pojemno\u015bci 46 000 zaci\u0105gni\u0119\u0107, podw\u00f3jnych smakach w jednym urz\u0105dzeniu, siatkowej grza\u0142ce zapewniaj\u0105cej doskona\u0142y smak i eleganckim wy\u015bwietlaczu pe\u0142noekranowym.<\/li>\n<li><strong>Ile kosztuje zakup hurtowy Bood Twins 46000 Zaci\u0105gni\u0119\u0107 w EUR?<\/strong><br \/>\nCeny zam\u00f3wie\u0144 hurtowych zale\u017c\u0105 od zakupionej ilo\u015bci. vapestornado oferuje konkurencyjne ceny hurtowe w EUR, aby zapewni\u0107 najlepsz\u0105 warto\u015b\u0107 dla sprzedawc\u00f3w detalicznych i kupuj\u0105cych hurtowych.<\/li>\n<li><strong>Czy mog\u0119 p\u0142aci\u0107 za zam\u00f3wienia hurtowe w EUR?<\/strong><br \/>\nTak, vapestornado akceptuje p\u0142atno\u015bci w EUR za zakupy hurtowe, co jest wygodne dla klient\u00f3w z Europy.<\/li>\n<li><strong>Jakie s\u0105 korzy\u015bci z zakupu hurtowego pude\u0142ka e-papieros\u00f3w bood vape 46k zaci\u0105gni\u0119\u0107?<\/strong><br \/>\nZakup hurtowy zapewnia znaczne oszcz\u0119dno\u015bci koszt\u00f3w, sta\u0142\u0105 dost\u0119pno\u015b\u0107 produkt\u00f3w i lepsze mar\u017ce zysku dla firm.<\/li>\n<li><strong>Czy vapestornado wysy\u0142a do kraj\u00f3w europejskich?<\/strong><br \/>\nAbsolutnie! vapestornado zapewnia szybk\u0105 i niezawodn\u0105 wysy\u0142k\u0119 w ca\u0142ej Europie, w tym do Niemiec, Francji, Hiszpanii i Holandii.<\/li>\n<li><strong>Czy s\u0105 dost\u0119pne rabaty na du\u017ce zam\u00f3wienia?<\/strong><br \/>\nTak, vapestornado oferuje stopniowane ceny i rabaty dla wi\u0119kszych ilo\u015bci, zapewniaj\u0105c maksymalne oszcz\u0119dno\u015bci dla kupuj\u0105cych hurtowych.<\/li>\n<li><strong>Jaka jest minimalna ilo\u015b\u0107 zam\u00f3wienia hurtowego?<\/strong><br \/>\nMinimalna ilo\u015b\u0107 zam\u00f3wienia to 50 sztuk. Skontaktuj si\u0119 z zespo\u0142em obs\u0142ugi klienta vapestornado, aby uzyska\u0107 szczeg\u00f3\u0142owe informacje na temat wymaga\u0144 dotycz\u0105cych zakupu hurtowego.<\/li>\n<\/ul>","protected":false},"excerpt":{"rendered":"<p><strong>Bood Twins 46000 Zaci\u0105gni\u0119\u0107 Jednorazowy Vape z Wy\u015bwietlaczem LED<\/strong> w bezkonkurencyjnych cenach. Ciesz si\u0119 podw\u00f3jnymi smakami, eleganckim wy\u015bwietlaczem pe\u0142noekranowym i zaawansowan\u0105 technologi\u0105 grza\u0142ki siatkowej, kt\u00f3ra zapewnia doskona\u0142e wra\u017cenia z wapowania.<\/p>\n<figure id=\"attachment_2951\" aria-describedby=\"caption-attachment-2951\" style=\"width: 265px\" class=\"wp-caption alignnone\"><img decoding=\"async\" class=\"size-medium wp-image-2951\" src=\"https:\/\/vapestornado.com\/wp-content\/uploads\/2024\/12\/Wholesale-Disposable-Vape-265x300.jpg\" alt=\"Hurtownia jednorazowych vape\" width=\"265\" height=\"300\" srcset=\"https:\/\/vapestornado.com\/wp-content\/uploads\/2024\/12\/Wholesale-Disposable-Vape-265x300.jpg 265w, https:\/\/vapestornado.com\/wp-content\/uploads\/2024\/12\/Wholesale-Disposable-Vape-768x871.jpg 768w, https:\/\/vapestornado.com\/wp-content\/uploads\/2024\/12\/Wholesale-Disposable-Vape-600x680.jpg 600w, https:\/\/vapestornado.com\/wp-content\/uploads\/2024\/12\/Wholesale-Disposable-Vape.jpg 823w\" sizes=\"(max-width: 265px) 100vw, 265px\" \/><figcaption id=\"caption-attachment-2951\" class=\"wp-caption-text\">Skontaktuj si\u0119 z Mandy przez WhatsApp, aby uzyska\u0107 cen\u0119 promocyjn\u0105\u00a0 <a href=\"https:\/\/wa.me\/8618077105796\">+8618077105796<\/a><\/figcaption><\/figure>\n<p>&nbsp;<\/p>","protected":false},"featured_media":3713,"comment_status":"open","ping_status":"closed","template":"","meta":{"_acf_changed":false,"_uag_custom_page_level_css":"","_lmt_disableupdate":"no","_lmt_disable":"","_monsterinsights_skip_tracking":false,"_monsterinsights_sitenote_active":false,"_monsterinsights_sitenote_note":"","_monsterinsights_sitenote_category":0,"site-sidebar-layout":"default","site-content-layout":"","ast-site-content-layout":"default","site-content-style":"default","site-sidebar-style":"default","ast-global-header-display":"","ast-banner-title-visibility":"","ast-main-header-display":"","ast-hfb-above-header-display":"","ast-hfb-below-header-display":"","ast-hfb-mobile-header-display":"","site-post-title":"","ast-breadcrumbs-content":"","ast-featured-img":"","footer-sml-layout":"","ast-disable-related-posts":"","theme-transparent-header-meta":"default","adv-header-id-meta":"","stick-header-meta":"","header-above-stick-meta":"","header-main-stick-meta":"","header-below-stick-meta":"","astra-migrate-meta-layouts":"set","ast-page-background-enabled":"default","ast-page-background-meta":{"desktop":{"background-color":"","background-image":"","background-repeat":"repeat","background-position":"center center","background-size":"auto","background-attachment":"scroll","background-type":"","background-media":"","overlay-type":"","overlay-color":"","overlay-opacity":"","overlay-gradient":""},"tablet":{"background-color":"","background-image":"","background-repeat":"repeat","background-position":"center center","background-size":"auto","background-attachment":"scroll","background-type":"","background-media":"","overlay-type":"","overlay-color":"","overlay-opacity":"","overlay-gradient":""},"mobile":{"background-color":"","background-image":"","background-repeat":"repeat","background-position":"center center","background-size":"auto","background-attachment":"scroll","background-type":"","background-media":"","overlay-type":"","overlay-color":"","overlay-opacity":"","overlay-gradient":""}},"ast-content-background-meta":{"desktop":{"background-color":"var(--ast-global-color-5)","background-image":"","background-repeat":"repeat","background-position":"center center","background-size":"auto","background-attachment":"scroll","background-type":"","background-media":"","overlay-type":"","overlay-color":"","overlay-opacity":"","overlay-gradient":""},"tablet":{"background-color":"var(--ast-global-color-5)","background-image":"","background-repeat":"repeat","background-position":"center center","background-size":"auto","background-attachment":"scroll","background-type":"","background-media":"","overlay-type":"","overlay-color":"","overlay-opacity":"","overlay-gradient":""},"mobile":{"background-color":"var(--ast-global-color-5)","background-image":"","background-repeat":"repeat","background-position":"center center","background-size":"auto","background-attachment":"scroll","background-type":"","background-media":"","overlay-type":"","overlay-color":"","overlay-opacity":"","overlay-gradient":""}},"_joinchat":{"telephone":"+8618077105796"}},"product_brand":[],"product_cat":[230,193,149,160,146],"product_tag":[231,97,98],"class_list":{"0":"post-3716","1":"product","2":"type-product","3":"status-publish","4":"has-post-thumbnail","6":"product_cat-46000-puff","7":"product_cat-bood-disposable-vapes","8":"product_cat-buy-disposable-vapes-in-austria","9":"product_cat-buy-disposable-vapes-in-switzerland","10":"product_cat-rechargeable-disposable-vapes","11":"product_tag-bood-twins-46000-puff","12":"product_tag-hot-sale-disposable-vape","13":"product_tag-wholesale-price-disposable-vape","14":"desktop-align-left","15":"tablet-align-left","16":"mobile-align-left","18":"first","19":"instock","20":"sale","21":"shipping-taxable","22":"purchasable","23":"product-type-simple"},"acf":[],"uagb_featured_image_src":{"full":["https:\/\/vapestornado.com\/wp-content\/uploads\/2025\/01\/Bood-Twins-46000-Puffs-Top-Sale-Vape-In-Poland.webp",800,800,false],"thumbnail":["https:\/\/vapestornado.com\/wp-content\/uploads\/2025\/01\/Bood-Twins-46000-Puffs-Top-Sale-Vape-In-Poland-150x150.webp",150,150,true],"medium":["https:\/\/vapestornado.com\/wp-content\/uploads\/2025\/01\/Bood-Twins-46000-Puffs-Top-Sale-Vape-In-Poland-300x300.webp",300,300,true],"medium_large":["https:\/\/vapestornado.com\/wp-content\/uploads\/2025\/01\/Bood-Twins-46000-Puffs-Top-Sale-Vape-In-Poland-768x768.webp",768,768,true],"large":["https:\/\/vapestornado.com\/wp-content\/uploads\/2025\/01\/Bood-Twins-46000-Puffs-Top-Sale-Vape-In-Poland.webp",800,800,false],"1536x1536":["https:\/\/vapestornado.com\/wp-content\/uploads\/2025\/01\/Bood-Twins-46000-Puffs-Top-Sale-Vape-In-Poland.webp",800,800,false],"2048x2048":["https:\/\/vapestornado.com\/wp-content\/uploads\/2025\/01\/Bood-Twins-46000-Puffs-Top-Sale-Vape-In-Poland.webp",800,800,false],"trp-custom-language-flag":["https:\/\/vapestornado.com\/wp-content\/uploads\/2025\/01\/Bood-Twins-46000-Puffs-Top-Sale-Vape-In-Poland.webp",12,12,false],"woocommerce_thumbnail":["https:\/\/vapestornado.com\/wp-content\/uploads\/2025\/01\/Bood-Twins-46000-Puffs-Top-Sale-Vape-In-Poland-300x300.webp",300,300,true],"woocommerce_single":["https:\/\/vapestornado.com\/wp-content\/uploads\/2025\/01\/Bood-Twins-46000-Puffs-Top-Sale-Vape-In-Poland-600x600.webp",600,600,true],"woocommerce_gallery_thumbnail":["https:\/\/vapestornado.com\/wp-content\/uploads\/2025\/01\/Bood-Twins-46000-Puffs-Top-Sale-Vape-In-Poland-100x100.webp",100,100,true]},"uagb_author_info":{"display_name":"ESMANDY","author_link":"https:\/\/vapestornado.com\/pl\/author\/"},"uagb_comment_info":0,"uagb_excerpt":"Bood Twins 46000 Puffs LED Display Disposable Vape at unbeatable prices. Enjoy dual flavors, a sleek full-screen display, and advanced mesh coil technology for a premium vaping experience. [caption id=\"attachment_2951\" align=\"alignnone\" width=\"265\"] Pls Contact Mandy's WhatsApp For Discount Price\u00a0 +8618077105796[\/caption] &nbsp;","_links":{"self":[{"href":"https:\/\/vapestornado.com\/pl\/wp-json\/wp\/v2\/product\/3716","targetHints":{"allow":["GET"]}}],"collection":[{"href":"https:\/\/vapestornado.com\/pl\/wp-json\/wp\/v2\/product"}],"about":[{"href":"https:\/\/vapestornado.com\/pl\/wp-json\/wp\/v2\/types\/product"}],"replies":[{"embeddable":true,"href":"https:\/\/vapestornado.com\/pl\/wp-json\/wp\/v2\/comments?post=3716"}],"wp:featuredmedia":[{"embeddable":true,"href":"https:\/\/vapestornado.com\/pl\/wp-json\/wp\/v2\/media\/3713"}],"wp:attachment":[{"href":"https:\/\/vapestornado.com\/pl\/wp-json\/wp\/v2\/media?parent=3716"}],"wp:term":[{"taxonomy":"product_brand","embeddable":true,"href":"https:\/\/vapestornado.com\/pl\/wp-json\/wp\/v2\/product_brand?post=3716"},{"taxonomy":"product_cat","embeddable":true,"href":"https:\/\/vapestornado.com\/pl\/wp-json\/wp\/v2\/product_cat?post=3716"},{"taxonomy":"product_tag","embeddable":true,"href":"https:\/\/vapestornado.com\/pl\/wp-json\/wp\/v2\/product_tag?post=3716"}],"curies":[{"name":"wp","href":"https:\/\/api.w.org\/{rel}","templated":true}]}}