{"id":3690,"date":"2025-01-06T09:55:58","date_gmt":"2025-01-06T09:55:58","guid":{"rendered":"https:\/\/vapestornado.com\/?post_type=product&#038;p=3690"},"modified":"2025-08-23T09:35:59","modified_gmt":"2025-08-23T09:35:59","slug":"wholesale-price-bang-beach-20000-puffs-high-quality-vape-pods","status":"publish","type":"product","link":"https:\/\/vapestornado.com\/pl\/product\/wholesale-price-bang-beach-20000-puffs-high-quality-vape-pods\/","title":{"rendered":"Cena Hurtowa Bang Beach 20000 Zaci\u0105gni\u0119\u0107 Wysokiej Jako\u015bci Pody Vape"},"content":{"rendered":"<h1>Cena Hurtowa Bang Beach 20000 Zaci\u0105gni\u0119\u0107 Wysokiej Jako\u015bci Pody Vape<\/h1>\n<p>&nbsp;<\/p>\n<div role=\"article\" data-tabster=\"{&quot;groupper&quot;:{&quot;tabbability&quot;:2},&quot;focusable&quot;:{}}\" data-content=\"ai-message\" aria-labelledby=\"64JRvXrTnY7mRmPkEQLLT-author 64JRvXrTnY7mRmPkEQLLT-content\">\n<div id=\"64JRvXrTnY7mRmPkEQLLT-content\">\n<p data-start=\"323\" data-end=\"588\">Cyfrowy ekran <strong data-start=\"327\" data-end=\"369\">Bang Beach 20000 Puffs Jednorazowy Vape<\/strong> \u0142\u0105czy du\u017c\u0105 pojemno\u015b\u0107, inteligentn\u0105 technologi\u0119 i stylowy wygl\u0105d, zapewniaj\u0105c niezawodn\u0105 opcj\u0119 wapowania. Z maksymalnie <strong data-start=\"473\" data-end=\"489\">20 000 zaci\u0105gni\u0119\u0107<\/strong> i <strong data-start=\"496\" data-end=\"529\">35 ml wst\u0119pnie nape\u0142nionego zbiornika e-liquidu<\/strong>, zapewnia d\u0142ugotrwa\u0142e u\u017cytkowanie bez cz\u0119stych wymian.<\/p>\n<p data-start=\"590\" data-end=\"854\">Zasilany przez <strong data-start=\"603\" data-end=\"634\">akumulator o pojemno\u015bci 650 mAh<\/strong> z <strong data-start=\"640\" data-end=\"664\">Szybkie \u0142adowanie typu C<\/strong>, Bang Beach 20K zapewnia sta\u0142\u0105 wydajno\u015b\u0107 przez ca\u0142y dzie\u0144. Z <strong data-start=\"740\" data-end=\"767\">zintegrowanym inteligentnym ekranem<\/strong> dostarcza aktualizacje w czasie rzeczywistym dotycz\u0105ce \u017cywotno\u015bci baterii i zu\u017cycia puff\u00f3w, zapewniaj\u0105c u\u017cytkownikom kontrol\u0119.<\/p>\n<p data-start=\"856\" data-end=\"1041\">Dost\u0119pne w <strong data-start=\"869\" data-end=\"910\">0%, 2%, 3% i 5% st\u0119\u017ceniach nikotyny<\/strong>, zaspokaja r\u00f3\u017cne preferencje, a <strong data-start=\"958\" data-end=\"987\">ergonomiczna gradientowa konstrukcja<\/strong> czyni go zar\u00f3wno przyci\u0105gaj\u0105cym wzrok, jak i wygodnym w trzymaniu.<\/p>\n<p data-start=\"1043\" data-end=\"1235\">Dla hurtownik\u00f3w i detalist\u00f3w <strong data-start=\"1078\" data-end=\"1109\">Bang Beach 20000 Pali Vape<\/strong> oferuje mocne po\u0142\u0105czenie pojemno\u015bci, designu i warto\u015bci hurtowej, co czyni go konkurencyjnym wyborem na rynku jednorazowych vape.<\/p>\n<figure id=\"attachment_3691\" aria-describedby=\"caption-attachment-3691\" style=\"width: 676px\" class=\"wp-caption alignnone\"><img fetchpriority=\"high\" decoding=\"async\" class=\"wp-image-3691\" src=\"https:\/\/vapestornado.com\/wp-content\/uploads\/2025\/01\/Bang-Beach-20000-puff-vape-best-sale-Germany.jpg\" alt=\"Bang Beach 20000 puff vape najlepsza sprzeda\u017c Niemcy\" width=\"676\" height=\"676\" srcset=\"https:\/\/vapestornado.com\/wp-content\/uploads\/2025\/01\/Bang-Beach-20000-puff-vape-best-sale-Germany.jpg 800w, https:\/\/vapestornado.com\/wp-content\/uploads\/2025\/01\/Bang-Beach-20000-puff-vape-best-sale-Germany-300x300.jpg 300w, https:\/\/vapestornado.com\/wp-content\/uploads\/2025\/01\/Bang-Beach-20000-puff-vape-best-sale-Germany-150x150.jpg 150w, https:\/\/vapestornado.com\/wp-content\/uploads\/2025\/01\/Bang-Beach-20000-puff-vape-best-sale-Germany-768x768.jpg 768w, https:\/\/vapestornado.com\/wp-content\/uploads\/2025\/01\/Bang-Beach-20000-puff-vape-best-sale-Germany-600x600.jpg 600w, https:\/\/vapestornado.com\/wp-content\/uploads\/2025\/01\/Bang-Beach-20000-puff-vape-best-sale-Germany-100x100.jpg 100w\" sizes=\"(max-width: 676px) 100vw, 676px\" \/><figcaption id=\"caption-attachment-3691\" class=\"wp-caption-text\">Bang Beach 20000 puff vape najlepsza sprzeda\u017c Niemcy<\/figcaption><\/figure>\n<\/div>\n<\/div>\n<p><img decoding=\"async\" class=\"alignleft wp-image-2951 size-medium\" src=\"https:\/\/vapestornado.com\/wp-content\/uploads\/2024\/12\/Wholesale-Disposable-Vape-265x300.jpg\" alt=\"Hurtownia jednorazowych vape\" width=\"265\" height=\"300\" srcset=\"https:\/\/vapestornado.com\/wp-content\/uploads\/2024\/12\/Wholesale-Disposable-Vape-265x300.jpg 265w, https:\/\/vapestornado.com\/wp-content\/uploads\/2024\/12\/Wholesale-Disposable-Vape-768x871.jpg 768w, https:\/\/vapestornado.com\/wp-content\/uploads\/2024\/12\/Wholesale-Disposable-Vape-600x680.jpg 600w, https:\/\/vapestornado.com\/wp-content\/uploads\/2024\/12\/Wholesale-Disposable-Vape.jpg 823w\" sizes=\"(max-width: 265px) 100vw, 265px\" \/><\/p>\n<h5>Skontaktuj si\u0119 z Mandy przez WhatsApp, aby uzyska\u0107 cen\u0119 promocyjn\u0105<a href=\"https:\/\/wa.me\/8618077105796\" target=\"_blank\" rel=\"noopener\">+8618077105796<\/a><\/h5>\n<div class=\"flex max-w-full flex-col flex-grow\">\n<div class=\"min-h-8 text-message flex w-full flex-col items-end gap-2 whitespace-normal break-words text-start [.text-message+&amp;]:mt-5\" dir=\"auto\" data-message-author-role=\"assistant\" data-message-id=\"cdb991c0-f594-4bff-b2d5-fbbdd7ce9e54\" data-message-model-slug=\"gpt-4o-mini\">\n<div class=\"flex w-full flex-col gap-1 empty:hidden first:pt-[3px]\">\n<div class=\"markdown prose w-full break-words dark:prose-invert light\"><\/div>\n<\/div>\n<\/div>\n<\/div>\n<div class=\"mb-2 flex gap-3 empty:hidden -ml-2\">\n<h2>Bang Beach 20000 Puffs Kluczowe cechy:<\/h2>\n<ul>\n<li>Wyd\u0142u\u017cone sesje wapowania z 20 000 zaci\u0105gni\u0119\u0107.<\/li>\n<li>Du\u017ca pojemno\u015b\u0107 35 ml e-liquidu dla bogatych, trwa\u0142ych smak\u00f3w.<\/li>\n<li>Regulowane poziomy nikotyny dla spersonalizowanej satysfakcji.<\/li>\n<li>Mocna bateria 650 mAh zapewniaj\u0105ca d\u0142ugotrwa\u0142e u\u017cytkowanie.<\/li>\n<li>Inteligentny ekran do wgl\u0105du w u\u017cytkowanie w czasie rzeczywistym.<\/li>\n<li>Stylowy, ergonomiczny design z \u017cywymi gradientowymi kolorami.<\/li>\n<\/ul>\n<\/div>\n<h2>Bang Beach 20000 Puffs Smak:<\/h2>\n<p>1) Potr\u00f3jne jagody z lodem<br \/>\n2) R\u00f3\u017cowa lemoniada<br \/>\n3) Jagoda z malin\u0105<br \/>\n4) Mieszanka jag\u00f3d<br \/>\n5) Truskawka z arbuzem<br \/>\n6) Mro\u017cona truskawka<br \/>\n7) Mro\u017cone winogrono<br \/>\n8) Brzoskwinia z mango<br \/>\n9) Mro\u017cona malina<br \/>\n10) Kwa\u015bne jab\u0142ko<br \/>\n11) Mro\u017cony arbuz<br \/>\n12) Mro\u017cona brzoskwinia<\/p>\n<h2 data-pm-slice=\"1 1 []\">Dlaczego Bang Beach Smart Screen 20000 puff vape bar si\u0119 wyr\u00f3\u017cnia?<\/h2>\n<p>Cyfrowy ekran <strong>Ekran Inteligentny Bang Beach 20000<\/strong> to wi\u0119cej ni\u017c tylko jednorazowy vape; to wysokowydajne urz\u0105dzenie zaprojektowane dla waper\u00f3w poszukuj\u0105cych najwy\u017cszej jako\u015bci i niezawodno\u015bci. Jego du\u017ca liczba zaci\u0105gni\u0119\u0107, wytrzyma\u0142a bateria i mo\u017cliwo\u015b\u0107 dostosowania zawarto\u015bci nikotyny sprawiaj\u0105, \u017ce jest to wszechstronny wyb\u00f3r dla wszystkich preferencji dotycz\u0105cych wapowania. Niezale\u017cnie od tego, czy jeste\u015b do\u015bwiadczonym u\u017cytkownikiem, czy dopiero zaczynasz, funkcja inteligentnego ekranu i przyjazna dla u\u017cytkownika konstrukcja podnosz\u0105 jako\u015b\u0107 wapowania.<\/p>\n<div role=\"article\" data-tabster=\"{&quot;groupper&quot;:{&quot;tabbability&quot;:2},&quot;focusable&quot;:{}}\" data-content=\"ai-message\" aria-labelledby=\"dARUyEWDoEYhnSPXFwx5A-author dARUyEWDoEYhnSPXFwx5A-content\">\n<div id=\"dARUyEWDoEYhnSPXFwx5A-content\">\n<h2>Dlaczego warto wybra\u0107 Bang Beach Smart Screen 20000puff na <a href=\"https:\/\/vapestornado.com\/pl\/product\/bang-box-35k-puffs-high-capacity-long-lasting-disposable-vape\/\">vapestornado.com?<\/a><\/h2>\n<p>vapestornado.com to Twoje najlepsze miejsce docelowe dla produkt\u00f3w do wapowania premium, a <strong>Bang Beach Smart Screen 20000 Pali<\/strong> nie jest wyj\u0105tkiem. Oto dlaczego to urz\u0105dzenie si\u0119 wyr\u00f3\u017cnia i dlaczego vapestornado.com jest najlepszym miejscem do jego zakupu:<\/p>\n<h4><strong>*Niezr\u00f3wnana jako\u015b\u0107<\/strong><\/h4>\n<p>Na vapestornado.com oferujemy tylko autentyczne i wysokiej jako\u015bci produkty do wapowania. Bang Beach Smart Screen 20000 Puff zosta\u0142 zaprojektowany z my\u015bl\u0105 o trwa\u0142o\u015bci i wydajno\u015bci, zapewniaj\u0105c niezawodne i przyjemne do\u015bwiadczenie przy ka\u017cdym u\u017cyciu.<\/p>\n<h4><strong>*Konkurencyjne ceny<\/strong><\/h4>\n<p>vapestornado.com oferuje Bang Beach Smart Screen 20000 puffs w bardzo konkurencyjnych cenach, zapewniaj\u0105c doskona\u0142\u0105 warto\u015b\u0107 za produkt z najwy\u017cszej p\u00f3\u0142ki.<\/p>\n<h4><strong>*Szybka<\/strong><\/h4>\n<p>Ciesz si\u0119 szybk\u0105 i niezawodn\u0105 dostaw\u0105 na terenie ca\u0142ej Polski, dzi\u0119ki czemu Twoje wra\u017cenia z vapingu nigdy si\u0119 nie op\u00f3\u017ani\u0105.<\/p>\n<h4><strong>*Wsparcie zorientowane na klienta<\/strong><\/h4>\n<p>Nasz oddany zesp\u00f3\u0142 wsparcia jest gotowy, aby pom\u00f3c Ci w przypadku jakichkolwiek pyta\u0144, zapewniaj\u0105c bezproblemowe zakupy.<\/p>\n<p>Ulepsz swoj\u0105 gr\u0119 w vaping ju\u017c dzi\u015b dzi\u0119ki <strong>Bang Beach Vape 20k Pali Podgrzewacze wielokrotnego u\u017cytku<\/strong>, dost\u0119pny wy\u0142\u0105cznie na vapestornado.com\u2014Tw\u00f3j zaufany partner we wszystkich sprawach zwi\u0105zanych z vapingiem!<\/p>\n<p>Ulepsz swoj\u0105 gr\u0119 w vaping ju\u017c dzi\u015b dzi\u0119ki <strong>Bang Beach 20000 Puff wk\u0142ady do vape<\/strong>, dost\u0119pny wy\u0142\u0105cznie na vapestornado.com\u2014Tw\u00f3j zaufany partner we wszystkich sprawach zwi\u0105zanych z vapingiem!<\/p>\n<\/div>\n<\/div>\n<h2>FAQ na temat zakupu hurtowego Vape Bang Beach Vape 20000 Puffs<\/h2>\n<p><strong>1. Jak mog\u0119 z\u0142o\u017cy\u0107 zam\u00f3wienie hurtowe na Bang Beach vape 20000 Puffs?<\/strong><br \/>\nOdwied\u017a zaufanego dostawc\u0119, takiego jak vapestornado.com, przejrzyj stron\u0119 produktu Bang Beach Vape i wybierz opcj\u0119 ilo\u015bci hurtowej. Mo\u017cesz te\u017c skontaktowa\u0107 si\u0119 z ich dzia\u0142em obs\u0142ugi klienta, aby uzyska\u0107 pomoc w przypadku du\u017cych zam\u00f3wie\u0144.<\/p>\n<p><strong>2. Jakie s\u0105 opcje wysy\u0142ki dla zam\u00f3wie\u0144 hurtowych na bangvape 20000puff?<\/strong><br \/>\nZam\u00f3wienia hurtowe s\u0105 wysy\u0142ane w bezpieczny spos\u00f3b, aby chroni\u0107 produkt podczas transportu. Wielu dostawc\u00f3w oferuje opcje ekspresowej wysy\u0142ki i us\u0142ugi \u015bledzenia, aby zapewni\u0107 terminow\u0105 dostaw\u0119.<\/p>\n<p><strong>3. Czy Bang Beach Vape 20000 puffs vapes nadaje si\u0119 do dystrybucji hurtowej?<\/strong><br \/>\nAbsolutnie. Dzi\u0119ki zaawansowanym funkcjom, d\u0142ugotrwa\u0142ej wydajno\u015bci i stylowemu wygl\u0105dowi, Bang Beach Vape 20000 jest bardzo atrakcyjny dla konsument\u00f3w, co czyni go doskona\u0142ym wyborem do dystrybucji hurtowej.<\/p>\n<p><strong>4. Jak mog\u0119 si\u0119 upewni\u0107, \u017ce kupuj\u0119 autentyczne produkty Bang Beach Vape?<\/strong><br \/>\nZawsze kupuj od zaufanych dostawc\u00f3w lub autoryzowanych dystrybutor\u00f3w, takich jak vapestornado.com, aby zagwarantowa\u0107 autentyczno\u015b\u0107 i jako\u015b\u0107. Unikaj niezweryfikowanych sprzedawc\u00f3w, aby zapobiec podrabianym produktom.<\/p>","protected":false},"excerpt":{"rendered":"<p>Bang Beach 20000 Puffs oferuje do 20 000 zaci\u0105gni\u0119\u0107, 35 ml wst\u0119pnie nape\u0142nionego e-liquidu, konfigurowalne poziomy nikotyny (0%, 2%, 3%, 5%), akumulator 650 mAh i inteligentny ekran do \u015bledzenia u\u017cytkowania. Stylowy i trwa\u0142y waporyzator, idealny do ka\u017cdego rodzaju wapowania.<\/p>\n<figure id=\"attachment_2951\" aria-describedby=\"caption-attachment-2951\" style=\"width: 265px\" class=\"wp-caption alignnone\"><img decoding=\"async\" class=\"size-medium wp-image-2951\" src=\"https:\/\/vapestornado.com\/wp-content\/uploads\/2024\/12\/Wholesale-Disposable-Vape-265x300.jpg\" alt=\"Hurtownia jednorazowych vape\" width=\"265\" height=\"300\" srcset=\"https:\/\/vapestornado.com\/wp-content\/uploads\/2024\/12\/Wholesale-Disposable-Vape-265x300.jpg 265w, https:\/\/vapestornado.com\/wp-content\/uploads\/2024\/12\/Wholesale-Disposable-Vape-768x871.jpg 768w, https:\/\/vapestornado.com\/wp-content\/uploads\/2024\/12\/Wholesale-Disposable-Vape-600x680.jpg 600w, https:\/\/vapestornado.com\/wp-content\/uploads\/2024\/12\/Wholesale-Disposable-Vape.jpg 823w\" sizes=\"(max-width: 265px) 100vw, 265px\" \/><figcaption id=\"caption-attachment-2951\" class=\"wp-caption-text\">Skontaktuj si\u0119 z Mandy przez WhatsApp, aby uzyska\u0107 cen\u0119 promocyjn\u0105\u00a0 <a href=\"https:\/\/wa.me\/8618077105796\">+8618077105796<\/a><\/figcaption><\/figure>\n<p>&nbsp;<\/p>","protected":false},"featured_media":3693,"comment_status":"open","ping_status":"closed","template":"","meta":{"_acf_changed":false,"_uag_custom_page_level_css":"","_lmt_disableupdate":"no","_lmt_disable":"","_monsterinsights_skip_tracking":false,"_monsterinsights_sitenote_active":false,"_monsterinsights_sitenote_note":"","_monsterinsights_sitenote_category":0,"site-sidebar-layout":"default","site-content-layout":"","ast-site-content-layout":"default","site-content-style":"default","site-sidebar-style":"default","ast-global-header-display":"","ast-banner-title-visibility":"","ast-main-header-display":"","ast-hfb-above-header-display":"","ast-hfb-below-header-display":"","ast-hfb-mobile-header-display":"","site-post-title":"","ast-breadcrumbs-content":"","ast-featured-img":"","footer-sml-layout":"","ast-disable-related-posts":"","theme-transparent-header-meta":"default","adv-header-id-meta":"","stick-header-meta":"","header-above-stick-meta":"","header-main-stick-meta":"","header-below-stick-meta":"","astra-migrate-meta-layouts":"set","ast-page-background-enabled":"default","ast-page-background-meta":{"desktop":{"background-color":"","background-image":"","background-repeat":"repeat","background-position":"center center","background-size":"auto","background-attachment":"scroll","background-type":"","background-media":"","overlay-type":"","overlay-color":"","overlay-opacity":"","overlay-gradient":""},"tablet":{"background-color":"","background-image":"","background-repeat":"repeat","background-position":"center center","background-size":"auto","background-attachment":"scroll","background-type":"","background-media":"","overlay-type":"","overlay-color":"","overlay-opacity":"","overlay-gradient":""},"mobile":{"background-color":"","background-image":"","background-repeat":"repeat","background-position":"center center","background-size":"auto","background-attachment":"scroll","background-type":"","background-media":"","overlay-type":"","overlay-color":"","overlay-opacity":"","overlay-gradient":""}},"ast-content-background-meta":{"desktop":{"background-color":"var(--ast-global-color-5)","background-image":"","background-repeat":"repeat","background-position":"center center","background-size":"auto","background-attachment":"scroll","background-type":"","background-media":"","overlay-type":"","overlay-color":"","overlay-opacity":"","overlay-gradient":""},"tablet":{"background-color":"var(--ast-global-color-5)","background-image":"","background-repeat":"repeat","background-position":"center center","background-size":"auto","background-attachment":"scroll","background-type":"","background-media":"","overlay-type":"","overlay-color":"","overlay-opacity":"","overlay-gradient":""},"mobile":{"background-color":"var(--ast-global-color-5)","background-image":"","background-repeat":"repeat","background-position":"center center","background-size":"auto","background-attachment":"scroll","background-type":"","background-media":"","overlay-type":"","overlay-color":"","overlay-opacity":"","overlay-gradient":""}},"_joinchat":{"telephone":"+8618077105796"}},"product_brand":[],"product_cat":[69,62,151,157],"product_tag":[229,97,98],"class_list":{"0":"post-3690","1":"product","2":"type-product","3":"status-publish","4":"has-post-thumbnail","6":"product_cat-20000-puff","7":"product_cat-bang-vape","8":"product_cat-buy-disposable-vapes-in-france","9":"product_cat-buy-disposable-vapes-in-portugal","10":"product_tag-bang-beach-20000-puffs","11":"product_tag-hot-sale-disposable-vape","12":"product_tag-wholesale-price-disposable-vape","13":"desktop-align-left","14":"tablet-align-left","15":"mobile-align-left","17":"first","18":"instock","19":"sale","20":"shipping-taxable","21":"purchasable","22":"product-type-simple"},"acf":[],"uagb_featured_image_src":{"full":["https:\/\/vapestornado.com\/wp-content\/uploads\/2025\/01\/Bang-Beach-20000-puff-vape-good-sale-Germany.webp",800,800,false],"thumbnail":["https:\/\/vapestornado.com\/wp-content\/uploads\/2025\/01\/Bang-Beach-20000-puff-vape-good-sale-Germany-150x150.webp",150,150,true],"medium":["https:\/\/vapestornado.com\/wp-content\/uploads\/2025\/01\/Bang-Beach-20000-puff-vape-good-sale-Germany-300x300.webp",300,300,true],"medium_large":["https:\/\/vapestornado.com\/wp-content\/uploads\/2025\/01\/Bang-Beach-20000-puff-vape-good-sale-Germany-768x768.webp",768,768,true],"large":["https:\/\/vapestornado.com\/wp-content\/uploads\/2025\/01\/Bang-Beach-20000-puff-vape-good-sale-Germany.webp",800,800,false],"1536x1536":["https:\/\/vapestornado.com\/wp-content\/uploads\/2025\/01\/Bang-Beach-20000-puff-vape-good-sale-Germany.webp",800,800,false],"2048x2048":["https:\/\/vapestornado.com\/wp-content\/uploads\/2025\/01\/Bang-Beach-20000-puff-vape-good-sale-Germany.webp",800,800,false],"trp-custom-language-flag":["https:\/\/vapestornado.com\/wp-content\/uploads\/2025\/01\/Bang-Beach-20000-puff-vape-good-sale-Germany.webp",12,12,false],"woocommerce_thumbnail":["https:\/\/vapestornado.com\/wp-content\/uploads\/2025\/01\/Bang-Beach-20000-puff-vape-good-sale-Germany-300x300.webp",300,300,true],"woocommerce_single":["https:\/\/vapestornado.com\/wp-content\/uploads\/2025\/01\/Bang-Beach-20000-puff-vape-good-sale-Germany-600x600.webp",600,600,true],"woocommerce_gallery_thumbnail":["https:\/\/vapestornado.com\/wp-content\/uploads\/2025\/01\/Bang-Beach-20000-puff-vape-good-sale-Germany-100x100.webp",100,100,true]},"uagb_author_info":{"display_name":"ESMANDY","author_link":"https:\/\/vapestornado.com\/pl\/author\/"},"uagb_comment_info":0,"uagb_excerpt":"Bang Beach 20000 Puffs offers up to 20,000 puffs, a 35ml pre-filled e-liquid, customizable nicotine levels (0%, 2%, 3%, 5%), a 650mAh rechargeable battery, and a smart screen for tracking usage. Stylish and long-lasting vape, perfect for every vaping need. [caption id=\"attachment_2951\" align=\"alignnone\" width=\"265\"] Pls Contact Mandy's WhatsApp For Discount Price\u00a0 +8618077105796[\/caption] &nbsp;","_links":{"self":[{"href":"https:\/\/vapestornado.com\/pl\/wp-json\/wp\/v2\/product\/3690","targetHints":{"allow":["GET"]}}],"collection":[{"href":"https:\/\/vapestornado.com\/pl\/wp-json\/wp\/v2\/product"}],"about":[{"href":"https:\/\/vapestornado.com\/pl\/wp-json\/wp\/v2\/types\/product"}],"replies":[{"embeddable":true,"href":"https:\/\/vapestornado.com\/pl\/wp-json\/wp\/v2\/comments?post=3690"}],"wp:featuredmedia":[{"embeddable":true,"href":"https:\/\/vapestornado.com\/pl\/wp-json\/wp\/v2\/media\/3693"}],"wp:attachment":[{"href":"https:\/\/vapestornado.com\/pl\/wp-json\/wp\/v2\/media?parent=3690"}],"wp:term":[{"taxonomy":"product_brand","embeddable":true,"href":"https:\/\/vapestornado.com\/pl\/wp-json\/wp\/v2\/product_brand?post=3690"},{"taxonomy":"product_cat","embeddable":true,"href":"https:\/\/vapestornado.com\/pl\/wp-json\/wp\/v2\/product_cat?post=3690"},{"taxonomy":"product_tag","embeddable":true,"href":"https:\/\/vapestornado.com\/pl\/wp-json\/wp\/v2\/product_tag?post=3690"}],"curies":[{"name":"wp","href":"https:\/\/api.w.org\/{rel}","templated":true}]}}