{"id":3668,"date":"2025-01-03T09:09:38","date_gmt":"2025-01-03T09:09:38","guid":{"rendered":"https:\/\/vapestornado.com\/?post_type=product&#038;p=3668"},"modified":"2025-08-23T10:46:05","modified_gmt":"2025-08-23T10:46:05","slug":"wholesale-waspe-40000-puffs-dual-flavor-disposable-vape","status":"publish","type":"product","link":"https:\/\/vapestornado.com\/pl\/product\/wholesale-waspe-40000-puffs-dual-flavor-disposable-vape\/","title":{"rendered":"Hurtownia Waspe 40000 Zaci\u0105gni\u0119\u0107 Podw\u00f3jny Smak Jednorazowy Vape"},"content":{"rendered":"<h1>Hurtownia Waspe 40000 Zaci\u0105gni\u0119\u0107 Podw\u00f3jny Smak Jednorazowy Vape<\/h1>\n<p data-start=\"276\" data-end=\"565\">Cyfrowy ekran <strong data-start=\"280\" data-end=\"329\">Waspe 40000 Zaci\u0105gni\u0119\u0107 Jednorazowy Vape o Podw\u00f3jnym Smaku<\/strong> jest stworzony dla hurtownik\u00f3w i sprzedawc\u00f3w detalicznych poszukuj\u0105cych urz\u0105dzenia o du\u017cej pojemno\u015bci i unikalnych funkcjach. Oferuj\u0105c do <strong data-start=\"437\" data-end=\"453\">40 000 zaci\u0105gni\u0119\u0107<\/strong> i <strong data-start=\"460\" data-end=\"482\">zbiornika e-liquidu o pojemno\u015bci 36 ml<\/strong>, ten vape zapewnia wyd\u0142u\u017cone u\u017cytkowanie, zmniejszaj\u0105c potrzeb\u0119 cz\u0119stych wymian.<\/p>\n<p data-start=\"567\" data-end=\"847\">Jego <strong data-start=\"571\" data-end=\"593\">systemem podw\u00f3jnego smaku<\/strong> pozwala u\u017cytkownikom prze\u0142\u0105cza\u0107 si\u0119 mi\u0119dzy dwoma profilami smakowymi w jednym urz\u0105dzeniu, zwi\u0119kszaj\u0105c r\u00f3\u017cnorodno\u015b\u0107 i atrakcyjno\u015b\u0107 dla klient\u00f3w. Wyposa\u017cony w <strong data-start=\"721\" data-end=\"752\">akumulator 850mAh<\/strong> i <strong data-start=\"757\" data-end=\"781\">Szybkie \u0142adowanie typu C<\/strong>, Waspe 40K zapewnia niezawodne dzia\u0142anie przez ca\u0142y dzie\u0144.<\/p>\n<p data-start=\"849\" data-end=\"1132\">Cyfrowy ekran <strong data-start=\"853\" data-end=\"874\">Inteligentny wy\u015bwietlacz LED<\/strong> informuje u\u017cytkownik\u00f3w o stanie baterii i poziomie e-liquidu, a <strong data-start=\"946\" data-end=\"965\">cewki siatkowe 0,9\u03a9<\/strong> zapewniaj\u0105 p\u0142ynn\u0105 produkcj\u0119 pary i wyrazisty smak. Dost\u0119pny w <strong data-start=\"1028\" data-end=\"1060\">mocach nikotyny 2% i 5%<\/strong>, zaspokaja potrzeby zar\u00f3wno l\u017cejszych u\u017cytkownik\u00f3w, jak i tych, kt\u00f3rzy preferuj\u0105 mocniejsze uderzenie.<\/p>\n<p data-start=\"1134\" data-end=\"1325\">Dla polskich dystrybutor\u00f3w, <strong data-start=\"1165\" data-end=\"1197\">Waspe 40000 Vape o Podw\u00f3jnym Smaku<\/strong> \u0142\u0105czy du\u017c\u0105 pojemno\u015b\u0107, nowoczesny design i <strong data-start=\"1242\" data-end=\"1275\">konkurencyjne ceny hurtowe<\/strong>, co czyni go op\u0142acalnym wyborem przy zam\u00f3wieniach hurtowych.<\/p>\n<p><img fetchpriority=\"high\" decoding=\"async\" class=\"alignnone size-medium wp-image-4246\" src=\"https:\/\/vapestornado.com\/wp-content\/uploads\/2024\/12\/Waspe-DOUBLE-FLAVOUR-40k-Vape-Discount-Price-300x234.jpg\" alt=\"Waspe DOUBLE FLAVOUR 40k Vape Cena Promocyjna\" width=\"300\" height=\"234\" srcset=\"https:\/\/vapestornado.com\/wp-content\/uploads\/2024\/12\/Waspe-DOUBLE-FLAVOUR-40k-Vape-Discount-Price-300x234.jpg 300w, https:\/\/vapestornado.com\/wp-content\/uploads\/2024\/12\/Waspe-DOUBLE-FLAVOUR-40k-Vape-Discount-Price-1024x799.jpg 1024w, https:\/\/vapestornado.com\/wp-content\/uploads\/2024\/12\/Waspe-DOUBLE-FLAVOUR-40k-Vape-Discount-Price-768x600.jpg 768w, https:\/\/vapestornado.com\/wp-content\/uploads\/2024\/12\/Waspe-DOUBLE-FLAVOUR-40k-Vape-Discount-Price-15x12.jpg 15w, https:\/\/vapestornado.com\/wp-content\/uploads\/2024\/12\/Waspe-DOUBLE-FLAVOUR-40k-Vape-Discount-Price-600x468.jpg 600w, https:\/\/vapestornado.com\/wp-content\/uploads\/2024\/12\/Waspe-DOUBLE-FLAVOUR-40k-Vape-Discount-Price.jpg 1500w\" sizes=\"(max-width: 300px) 100vw, 300px\" \/><\/p>\n<h3>Szczeg\u00f3\u0142y produktu<\/h3>\n<p>Liczba zaci\u0105gni\u0119\u0107: 40 000 Puffs<br \/>\nPodw\u00f3jny smak<br \/>\nGrza\u0142ka siatkowa: 0,9ohm+0,9ohm<br \/>\nE-liquid: 36ml<br \/>\nNikotyna: 0%\/2%\/5%<br \/>\nBateria: 850mah<br \/>\nMo\u017cliwo\u015b\u0107 \u0142adowania: Typ C<br \/>\nWy\u015bwietlacz LED<br \/>\nWaga produktu: 120g\/szt. Rozmiar produktu: 61*31*115mm<br \/>\nIlo\u015b\u0107: 160szt.\/karton, 10szt.\/pude\u0142ko<br \/>\nWaga brutto: 20kg<\/p>\n<h3><strong>Waspe 40000 Puffs Podw\u00f3jny smak<\/strong> Funkcje<\/h3>\n<ol>\n<li><strong>System podw\u00f3jnego smaku:<\/strong> Ciesz si\u0119 dwoma r\u00f3\u017cnymi smakami w jednym urz\u0105dzeniu, aby prze\u017cy\u0107 wyj\u0105tkowe wra\u017cenia z wapowania.<\/li>\n<li><strong>Ogromna Liczba Zaci\u0105gni\u0119\u0107:<\/strong> Dostarcza do 40 000 zaci\u0105gni\u0119\u0107 na urz\u0105dzenie, co zapewnia d\u0142u\u017csze u\u017cytkowanie.<\/li>\n<li><strong>Akumulator:<\/strong> Pojemno\u015b\u0107 850mAh z szybkim \u0142adowaniem Type-C.<\/li>\n<li><strong>Du\u017ca pojemno\u015b\u0107 e-liquidu:<\/strong> 36ml e-liquidu zapewnia nieprzerwane sesje wapowania.<\/li>\n<li><strong>Technologia Mesh Coil:<\/strong> Grza\u0142ki 0,9-ohm dla wzmocnionego smaku i g\u0142adkiej produkcji pary.<\/li>\n<\/ol>\n<h3>Lista Smak\u00f3w<\/h3>\n<ol start=\"1\" data-spread=\"false\" data-pm-slice=\"3 3 []\">\n<li>Arbuzowy L\u00f3d \/ Limonka Cytryna<\/li>\n<li>Musuj\u0105ca Wi\u015bnia z Lodem \/ Jagodowa Wata Cukrowa<\/li>\n<li>Truskawka Arbuz \/ Jagoda Malina<\/li>\n<li>Nap\u00f3j Energetyczny z Lodem \/ Truskawka Mango<\/li>\n<li>Brzoskwiniowy L\u00f3d \/ Ananas Mango Brzoskwinia<\/li>\n<li>Winogronowy L\u00f3d \/ Truskawka Kiwi<\/li>\n<li>Mieszane Jagody \/ Podw\u00f3jne Jab\u0142ko z Lodem<\/li>\n<li>Niebieska Malina z Lemonid\u0105 \/ Arbuzowa Guma Balonowa<\/li>\n<li>Truskawka Malina Wi\u015bnia \/ Mi\u0142o\u015b\u0107 666<\/li>\n<li>Truskawka Banan \/ Ananas Kokos z Lodem<\/li>\n<li>Truskawka Arbuzowa Guma Balonowa \/ Mieszane Owoce<\/li>\n<li>Wi\u015bniowa Cola z Lodem \/ Truskawka Malina Cukierki<\/li>\n<li>Kwa\u015bne Jab\u0142ko z Malin\u0105 \/ Truskawka Wielki Wybuch<\/li>\n<li>Brzoskwiniowe Jagody \/ Arbuz Mango Brzoskwinia<\/li>\n<li>Jagodowy L\u00f3d \/ Czarny Smoczy L\u00f3d<\/li>\n<li>Truskawka Wi\u015bnia \/ Kiwi Marakuja Guawa<\/li>\n<\/ol>\n<h4><strong>5 Najlepszych Smak\u00f3w<\/strong><\/h4>\n<ol start=\"1\" data-spread=\"false\">\n<li><strong>Arbuzowy L\u00f3d \/ Limonka Cytryna:<\/strong> Orze\u017awiaj\u0105cy wybuch letnich owoc\u00f3w z cytrusow\u0105 nut\u0105.<\/li>\n<li><strong>Musuj\u0105ca Wi\u015bnia z Lodem \/ Jagodowa Wata Cukrowa:<\/strong> S\u0142odka i b\u0105belkowa perfekcja dla mi\u0142o\u015bnik\u00f3w deser\u00f3w.<\/li>\n<li><strong>Truskawka Arbuz \/ Jagoda Malina:<\/strong> Owocowa mieszanka, kt\u00f3ra jest jednocze\u015bnie s\u0142odka i cierpka.<\/li>\n<li><strong>Red Bull L\u00f3d \/ Truskawka Mango:<\/strong> Energetyzuj\u0105cy i tropikalny, idealny na szybkie orze\u017awienie.<\/li>\n<li><strong>Brzoskwinia L\u00f3d \/ Ananas Mango Brzoskwinia:<\/strong> Tropikalne trio z ch\u0142odnym, lodowym wyko\u0144czeniem.<\/li>\n<\/ol>\n<h2 data-start=\"135\" data-end=\"179\">Por\u00f3wnanie Serii WASPE (Przewodnik Hurtowy)<\/h2>\n<p data-start=\"181\" data-end=\"206\"><strong data-start=\"181\" data-end=\"204\">WASPE Tornado 15000<\/strong><\/p>\n<ul data-start=\"207\" data-end=\"569\">\n<li data-start=\"207\" data-end=\"224\">\n<p data-start=\"209\" data-end=\"224\">Zaci\u0105gni\u0119cia: 15 000<\/p>\n<\/li>\n<li data-start=\"225\" data-end=\"257\">\n<p data-start=\"227\" data-end=\"257\">Bateria: 850mAh \u0142adowalna<\/p>\n<\/li>\n<li data-start=\"258\" data-end=\"285\">\n<p data-start=\"260\" data-end=\"285\">Pojemno\u015b\u0107 E-liquidu: 25ml<\/p>\n<\/li>\n<li data-start=\"286\" data-end=\"310\">\n<p data-start=\"288\" data-end=\"310\">Typ Cewki: Siatkowa 0,8\u03a9<\/p>\n<\/li>\n<li data-start=\"311\" data-end=\"382\">\n<p data-start=\"313\" data-end=\"382\">Kluczowe cechy: Cyfrowy wy\u015bwietlacz, kompaktowa konstrukcja, szybkie \u0142adowanie Type-C<\/p>\n<\/li>\n<li data-start=\"383\" data-end=\"419\">\n<p data-start=\"385\" data-end=\"419\">Opcje nikotyny: 0%, 2%, 3%, 5%<\/p>\n<\/li>\n<li data-start=\"420\" data-end=\"499\">\n<p data-start=\"422\" data-end=\"499\">Docelowi klienci: Pocz\u0105tkuj\u0105cy u\u017cytkownicy, detali\u015bci poszukuj\u0105cy niedrogiego asortymentu<\/p>\n<\/li>\n<li data-start=\"500\" data-end=\"569\">\n<p data-start=\"502\" data-end=\"569\">S\u0142owa kluczowe hurtowe: Jednorazowy vape Waspe 15K, hurtowy d\u0142ugopis do vape<\/p>\n<\/li>\n<\/ul>\n<hr data-start=\"571\" data-end=\"574\" \/>\n<p data-start=\"576\" data-end=\"601\"><strong data-start=\"576\" data-end=\"599\">WASPE 25000 Cyfrowy<\/strong><\/p>\n<ul data-start=\"602\" data-end=\"1000\">\n<li data-start=\"602\" data-end=\"619\">\n<p data-start=\"604\" data-end=\"619\">Liczba zaci\u0105gni\u0119\u0107: 25 000<\/p>\n<\/li>\n<li data-start=\"620\" data-end=\"652\">\n<p data-start=\"622\" data-end=\"652\">Bateria: 850mAh \u0142adowalna<\/p>\n<\/li>\n<li data-start=\"653\" data-end=\"680\">\n<p data-start=\"655\" data-end=\"680\">Pojemno\u015b\u0107 e-liquidu: 28 ml<\/p>\n<\/li>\n<li data-start=\"681\" data-end=\"705\">\n<p data-start=\"683\" data-end=\"705\">Typ cewki: Mesh 1.0\u03a9<\/p>\n<\/li>\n<li data-start=\"706\" data-end=\"794\">\n<p data-start=\"708\" data-end=\"794\">Kluczowe cechy: Inteligentny ekran LED, prze\u0142\u0105cznik podw\u00f3jnego smaku, ekologiczna konstrukcja z mo\u017cliwo\u015bci\u0105 \u0142adowania<\/p>\n<\/li>\n<li data-start=\"795\" data-end=\"831\">\n<p data-start=\"797\" data-end=\"831\">Opcje nikotyny: 0%, 2%, 3%, 5%<\/p>\n<\/li>\n<li data-start=\"832\" data-end=\"919\">\n<p data-start=\"834\" data-end=\"919\">Docelowi klienci: Detali\u015bci celuj\u0105cy w nabywc\u00f3w ze \u015bredniej p\u00f3\u0142ki, dystrybutorzy w Polsce<\/p>\n<\/li>\n<li data-start=\"920\" data-end=\"1000\">\n<p data-start=\"922\" data-end=\"1000\">S\u0142owa kluczowe hurtowe: Cyfrowy vape Waspe 25K, hurtowa sprzeda\u017c jednorazowych vape'\u00f3w z podw\u00f3jnym smakiem<\/p>\n<\/li>\n<\/ul>\n<hr data-start=\"1002\" data-end=\"1005\" \/>\n<p data-start=\"1007\" data-end=\"1042\"><strong data-start=\"1007\" data-end=\"1040\">WASPE FIHP 30000 Inteligentny Ekran<\/strong><\/p>\n<ul data-start=\"1043\" data-end=\"1431\">\n<li data-start=\"1043\" data-end=\"1060\">\n<p data-start=\"1045\" data-end=\"1060\">Liczba zaci\u0105gni\u0119\u0107: 30 000<\/p>\n<\/li>\n<li data-start=\"1061\" data-end=\"1093\">\n<p data-start=\"1063\" data-end=\"1093\">Bateria: 850mAh \u0142adowalna<\/p>\n<\/li>\n<li data-start=\"1094\" data-end=\"1121\">\n<p data-start=\"1096\" data-end=\"1121\">Pojemno\u015b\u0107 e-liquidu: 28 ml<\/p>\n<\/li>\n<li data-start=\"1122\" data-end=\"1158\">\n<p data-start=\"1124\" data-end=\"1158\">Typ cewki: Dual Mesh 1.0\u03a9 + 1.0\u03a9<\/p>\n<\/li>\n<li data-start=\"1159\" data-end=\"1246\">\n<p data-start=\"1161\" data-end=\"1246\">Kluczowe cechy: Inteligentny wy\u015bwietlacz, dwa tryby wapowania (Regular<\/p>\n<\/li>\n<li data-start=\"1247\" data-end=\"1275\">\n<p data-start=\"1249\" data-end=\"1275\">Opcje nikotyny: 2%, 5%<\/p>\n<\/li>\n<li data-start=\"1276\" data-end=\"1352\">\n<p data-start=\"1278\" data-end=\"1352\">Docelowi klienci: Sklepy koncentruj\u0105ce si\u0119 na produktach premium, entuzja\u015bci smak\u00f3w<\/p>\n<\/li>\n<li data-start=\"1353\" data-end=\"1431\">\n<p data-start=\"1355\" data-end=\"1431\">S\u0142owa kluczowe hurtowe: Vape Waspe FIHP 30K, hurtowa sprzeda\u017c jednorazowych vape'\u00f3w z inteligentnym ekranem<\/p>\n<\/li>\n<\/ul>\n<hr data-start=\"1433\" data-end=\"1436\" \/>\n<p data-start=\"1438\" data-end=\"1467\"><strong data-start=\"1438\" data-end=\"1465\">WASPE 40000 Podw\u00f3jny Smak<\/strong><\/p>\n<ul data-start=\"1468\" data-end=\"1847\">\n<li data-start=\"1468\" data-end=\"1485\">\n<p data-start=\"1470\" data-end=\"1485\">Liczba zaci\u0105gni\u0119\u0107: 40 000<\/p>\n<\/li>\n<li data-start=\"1486\" data-end=\"1518\">\n<p data-start=\"1488\" data-end=\"1518\">Bateria: 850mAh \u0142adowalna<\/p>\n<\/li>\n<li data-start=\"1519\" data-end=\"1546\">\n<p data-start=\"1521\" data-end=\"1546\">Pojemno\u015b\u0107 e-liquidu: 36 ml<\/p>\n<\/li>\n<li data-start=\"1547\" data-end=\"1576\">\n<p data-start=\"1549\" data-end=\"1576\">Typ grza\u0142ki: Podw\u00f3jna siatka 0,9 \u03a9<\/p>\n<\/li>\n<li data-start=\"1577\" data-end=\"1655\">\n<p data-start=\"1579\" data-end=\"1655\">Kluczowe cechy: System podw\u00f3jnego smaku, inteligentny wy\u015bwietlacz LED, d\u0142ugotrwa\u0142a pojemno\u015b\u0107<\/p>\n<\/li>\n<li data-start=\"1656\" data-end=\"1684\">\n<p data-start=\"1658\" data-end=\"1684\">Opcje nikotyny: 2%, 5%<\/p>\n<\/li>\n<li data-start=\"1685\" data-end=\"1762\">\n<p data-start=\"1687\" data-end=\"1762\">Docelowi klienci: Intensywni u\u017cytkownicy, dystrybutorzy poszukuj\u0105cy urz\u0105dze\u0144 o d\u0142ugiej \u017cywotno\u015bci<\/p>\n<\/li>\n<li data-start=\"1763\" data-end=\"1847\">\n<p data-start=\"1765\" data-end=\"1847\">Hurtowe s\u0142owa kluczowe: Waspe 40K vape o podw\u00f3jnym smaku, hurtowa sprzeda\u017c jednorazowych vape Europa<\/p>\n<\/li>\n<\/ul>\n<h3 data-pm-slice=\"1 3 []\"><strong>FAQ<\/strong><\/h3>\n<ol start=\"1\" data-spread=\"true\">\n<li><strong>Jak d\u0142ugo dzia\u0142a jednorazowy e-papieros Waspe 40000 Puffs?<\/strong> Dzi\u0119ki 40 000 zaci\u0105gni\u0119\u0107 mo\u017ce dzia\u0142a\u0107 tygodnie, a nawet miesi\u0105ce, w zale\u017cno\u015bci od u\u017cytkowania.<\/li>\n<li><strong>Czy jednorazowy e-papieros Waspe 40000 Puffs jest \u0142adowalny?<\/strong> Tak, posiada akumulator 850 mAh z portem \u0142adowania typu C.<\/li>\n<li><strong>Jakie poziomy nikotyny s\u0105 dost\u0119pne?<\/strong> Wybierz nikotyn\u0119 0%, 2% lub 5%, aby dopasowa\u0107 j\u0105 do swoich potrzeb.<\/li>\n<li><strong>Czy urz\u0105dzenie obs\u0142uguje dwa smaki?<\/strong> Tak, jest wyposa\u017cone w system dw\u00f3ch smak\u00f3w, co zapewnia lepsze wra\u017cenia z wapowania.<\/li>\n<li><strong>Co wyr\u00f3\u017cnia Waspe 40000 Puffs?<\/strong> Ogromna liczba zaci\u0105gni\u0119\u0107, podw\u00f3jne smaki, \u0142adowalna bateria i doskona\u0142a jako\u015b\u0107 wykonania wyr\u00f3\u017cniaj\u0105 go na tle innych.<\/li>\n<\/ol>\n<h4>WASPE 40000 Vape o podw\u00f3jnym smaku hurtowo Skontaktuj si\u0119 i uzyskaj zni\u017ck\u0119 ju\u017c teraz!<a href=\"https:\/\/wa.me\/8618077105750\" target=\"_blank\" rel=\"noopener\">+8618077105750<\/a><\/h4>\n<p><img decoding=\"async\" class=\"size-large wp-image-2921\" src=\"https:\/\/vapestornado.com\/wp-content\/uploads\/2024\/11\/20062b3a285f900e79520aad496b94d-887x1024.jpg\" alt=\"vapestornado Vicky\" width=\"887\" height=\"1024\" srcset=\"https:\/\/vapestornado.com\/wp-content\/uploads\/2024\/11\/20062b3a285f900e79520aad496b94d-887x1024.jpg 887w, https:\/\/vapestornado.com\/wp-content\/uploads\/2024\/11\/20062b3a285f900e79520aad496b94d-260x300.jpg 260w, https:\/\/vapestornado.com\/wp-content\/uploads\/2024\/11\/20062b3a285f900e79520aad496b94d-768x887.jpg 768w, https:\/\/vapestornado.com\/wp-content\/uploads\/2024\/11\/20062b3a285f900e79520aad496b94d-600x693.jpg 600w, https:\/\/vapestornado.com\/wp-content\/uploads\/2024\/11\/20062b3a285f900e79520aad496b94d.jpg 1080w\" sizes=\"(max-width: 887px) 100vw, 887px\" \/><\/p>","protected":false},"excerpt":{"rendered":"<p data-start=\"1365\" data-end=\"1535\">Cyfrowy ekran <strong data-start=\"1369\" data-end=\"1395\">Waspe 40000 Zaci\u0105gni\u0119\u0107 Vape<\/strong> oferuje podw\u00f3jne smaki, pojemno\u015b\u0107 36 ml i inteligentny ekran LED. D\u0142ugotrwa\u0142y, \u0142adowalny wyb\u00f3r dla <strong data-start=\"1496\" data-end=\"1532\">europejskich rynk\u00f3w hurtowej sprzeda\u017cy e-papieros\u00f3w<\/strong>.<\/p>\n<p><strong><span style=\"color: #ff0000;\">(nasza cena na stronie nie zawiera koszt\u00f3w wysy\u0142ki, skontaktuj si\u0119 ze mn\u0105, aby uzyska\u0107 pe\u0142n\u0105 cen\u0119 i zni\u017ck\u0119!)<\/span><\/strong><\/p>\n<p><img decoding=\"async\" class=\"size-medium wp-image-2921\" src=\"https:\/\/vapestornado.com\/wp-content\/uploads\/2024\/11\/20062b3a285f900e79520aad496b94d-260x300.jpg\" alt=\"vapestornado Vicky\" width=\"260\" height=\"300\" srcset=\"https:\/\/vapestornado.com\/wp-content\/uploads\/2024\/11\/20062b3a285f900e79520aad496b94d-260x300.jpg 260w, https:\/\/vapestornado.com\/wp-content\/uploads\/2024\/11\/20062b3a285f900e79520aad496b94d-887x1024.jpg 887w, https:\/\/vapestornado.com\/wp-content\/uploads\/2024\/11\/20062b3a285f900e79520aad496b94d-768x887.jpg 768w, https:\/\/vapestornado.com\/wp-content\/uploads\/2024\/11\/20062b3a285f900e79520aad496b94d-600x693.jpg 600w, https:\/\/vapestornado.com\/wp-content\/uploads\/2024\/11\/20062b3a285f900e79520aad496b94d.jpg 1080w\" sizes=\"(max-width: 260px) 100vw, 260px\" \/><\/p>","protected":false},"featured_media":4245,"comment_status":"open","ping_status":"closed","template":"","meta":{"_acf_changed":false,"_uag_custom_page_level_css":"","_lmt_disableupdate":"no","_lmt_disable":"","_monsterinsights_skip_tracking":false,"_monsterinsights_sitenote_active":false,"_monsterinsights_sitenote_note":"","_monsterinsights_sitenote_category":0,"site-sidebar-layout":"default","site-content-layout":"","ast-site-content-layout":"default","site-content-style":"default","site-sidebar-style":"default","ast-global-header-display":"","ast-banner-title-visibility":"","ast-main-header-display":"","ast-hfb-above-header-display":"","ast-hfb-below-header-display":"","ast-hfb-mobile-header-display":"","site-post-title":"","ast-breadcrumbs-content":"","ast-featured-img":"","footer-sml-layout":"","ast-disable-related-posts":"","theme-transparent-header-meta":"default","adv-header-id-meta":"","stick-header-meta":"","header-above-stick-meta":"","header-main-stick-meta":"","header-below-stick-meta":"","astra-migrate-meta-layouts":"set","ast-page-background-enabled":"default","ast-page-background-meta":{"desktop":{"background-color":"","background-image":"","background-repeat":"repeat","background-position":"center center","background-size":"auto","background-attachment":"scroll","background-type":"","background-media":"","overlay-type":"","overlay-color":"","overlay-opacity":"","overlay-gradient":""},"tablet":{"background-color":"","background-image":"","background-repeat":"repeat","background-position":"center center","background-size":"auto","background-attachment":"scroll","background-type":"","background-media":"","overlay-type":"","overlay-color":"","overlay-opacity":"","overlay-gradient":""},"mobile":{"background-color":"","background-image":"","background-repeat":"repeat","background-position":"center center","background-size":"auto","background-attachment":"scroll","background-type":"","background-media":"","overlay-type":"","overlay-color":"","overlay-opacity":"","overlay-gradient":""}},"ast-content-background-meta":{"desktop":{"background-color":"var(--ast-global-color-5)","background-image":"","background-repeat":"repeat","background-position":"center center","background-size":"auto","background-attachment":"scroll","background-type":"","background-media":"","overlay-type":"","overlay-color":"","overlay-opacity":"","overlay-gradient":""},"tablet":{"background-color":"var(--ast-global-color-5)","background-image":"","background-repeat":"repeat","background-position":"center center","background-size":"auto","background-attachment":"scroll","background-type":"","background-media":"","overlay-type":"","overlay-color":"","overlay-opacity":"","overlay-gradient":""},"mobile":{"background-color":"var(--ast-global-color-5)","background-image":"","background-repeat":"repeat","background-position":"center center","background-size":"auto","background-attachment":"scroll","background-type":"","background-media":"","overlay-type":"","overlay-color":"","overlay-opacity":"","overlay-gradient":""}},"_joinchat":{"telephone":"+8618077105750"}},"product_brand":[],"product_cat":[140,65,152,154,155,158,160,143,60],"product_tag":[],"class_list":{"0":"post-3668","1":"product","2":"type-product","3":"status-publish","4":"has-post-thumbnail","6":"product_cat-big-puffs-disposable-vapes","7":"product_cat-40000-puff","8":"product_cat-buy-disposable-vapes-in-cermany","9":"product_cat-buy-disposable-vapes-in-netherlands","10":"product_cat-buy-disposable-vapes-in-norway","11":"product_cat-buy-disposable-vapes-in-spain","12":"product_cat-buy-disposable-vapes-in-switzerland","13":"product_cat-dual-mesh-disposable-vapes","14":"product_cat-waspe-fihp-vape","15":"desktop-align-left","16":"tablet-align-left","17":"mobile-align-left","19":"first","20":"instock","21":"sale","22":"shipping-taxable","23":"purchasable","24":"product-type-simple"},"acf":[],"uagb_featured_image_src":{"full":["https:\/\/vapestornado.com\/wp-content\/uploads\/2024\/12\/Waspe-DOUBLE-FLAVOUR-40k-Vape-Cheap-Price.jpg",1500,1500,false],"thumbnail":["https:\/\/vapestornado.com\/wp-content\/uploads\/2024\/12\/Waspe-DOUBLE-FLAVOUR-40k-Vape-Cheap-Price-150x150.jpg",150,150,true],"medium":["https:\/\/vapestornado.com\/wp-content\/uploads\/2024\/12\/Waspe-DOUBLE-FLAVOUR-40k-Vape-Cheap-Price-300x300.jpg",300,300,true],"medium_large":["https:\/\/vapestornado.com\/wp-content\/uploads\/2024\/12\/Waspe-DOUBLE-FLAVOUR-40k-Vape-Cheap-Price-768x768.jpg",768,768,true],"large":["https:\/\/vapestornado.com\/wp-content\/uploads\/2024\/12\/Waspe-DOUBLE-FLAVOUR-40k-Vape-Cheap-Price-1024x1024.jpg",1024,1024,true],"1536x1536":["https:\/\/vapestornado.com\/wp-content\/uploads\/2024\/12\/Waspe-DOUBLE-FLAVOUR-40k-Vape-Cheap-Price.jpg",1500,1500,false],"2048x2048":["https:\/\/vapestornado.com\/wp-content\/uploads\/2024\/12\/Waspe-DOUBLE-FLAVOUR-40k-Vape-Cheap-Price.jpg",1500,1500,false],"trp-custom-language-flag":["https:\/\/vapestornado.com\/wp-content\/uploads\/2024\/12\/Waspe-DOUBLE-FLAVOUR-40k-Vape-Cheap-Price-12x12.jpg",12,12,true],"woocommerce_thumbnail":["https:\/\/vapestornado.com\/wp-content\/uploads\/2024\/12\/Waspe-DOUBLE-FLAVOUR-40k-Vape-Cheap-Price-300x300.jpg",300,300,true],"woocommerce_single":["https:\/\/vapestornado.com\/wp-content\/uploads\/2024\/12\/Waspe-DOUBLE-FLAVOUR-40k-Vape-Cheap-Price-600x600.jpg",600,600,true],"woocommerce_gallery_thumbnail":["https:\/\/vapestornado.com\/wp-content\/uploads\/2024\/12\/Waspe-DOUBLE-FLAVOUR-40k-Vape-Cheap-Price-100x100.jpg",100,100,true]},"uagb_author_info":{"display_name":"ESvicky","author_link":"https:\/\/vapestornado.com\/pl\/author\/"},"uagb_comment_info":0,"uagb_excerpt":"The Waspe 40000 Puffs Vape offers dual flavors, 36ml capacity, and a smart LED screen. A long-lasting, rechargeable choice for wholesale vape markets in Europe. (our website price not include shipping cost, please contact me to get whole price and your disccount!)","_links":{"self":[{"href":"https:\/\/vapestornado.com\/pl\/wp-json\/wp\/v2\/product\/3668","targetHints":{"allow":["GET"]}}],"collection":[{"href":"https:\/\/vapestornado.com\/pl\/wp-json\/wp\/v2\/product"}],"about":[{"href":"https:\/\/vapestornado.com\/pl\/wp-json\/wp\/v2\/types\/product"}],"replies":[{"embeddable":true,"href":"https:\/\/vapestornado.com\/pl\/wp-json\/wp\/v2\/comments?post=3668"}],"wp:featuredmedia":[{"embeddable":true,"href":"https:\/\/vapestornado.com\/pl\/wp-json\/wp\/v2\/media\/4245"}],"wp:attachment":[{"href":"https:\/\/vapestornado.com\/pl\/wp-json\/wp\/v2\/media?parent=3668"}],"wp:term":[{"taxonomy":"product_brand","embeddable":true,"href":"https:\/\/vapestornado.com\/pl\/wp-json\/wp\/v2\/product_brand?post=3668"},{"taxonomy":"product_cat","embeddable":true,"href":"https:\/\/vapestornado.com\/pl\/wp-json\/wp\/v2\/product_cat?post=3668"},{"taxonomy":"product_tag","embeddable":true,"href":"https:\/\/vapestornado.com\/pl\/wp-json\/wp\/v2\/product_tag?post=3668"}],"curies":[{"name":"wp","href":"https:\/\/api.w.org\/{rel}","templated":true}]}}