{"id":3661,"date":"2025-01-03T08:52:12","date_gmt":"2025-01-03T08:52:12","guid":{"rendered":"https:\/\/vapestornado.com\/?post_type=product&#038;p=3661"},"modified":"2025-08-23T09:37:36","modified_gmt":"2025-08-23T09:37:36","slug":"cheap-price-razz-bar-25000-puffs-wholesale-vape","status":"publish","type":"product","link":"https:\/\/vapestornado.com\/pl\/product\/cheap-price-razz-bar-25000-puffs-wholesale-vape\/","title":{"rendered":"Tania Cena RAZZ BAR 25000 Zaci\u0105gni\u0119\u0107 Hurtowa Cena Vape"},"content":{"rendered":"<h1>Tania Cena RAZZ BAR 25000 Zaci\u0105gni\u0119\u0107 Hurtowa Cena Vape<\/h1>\n<div role=\"article\" data-tabster=\"{&quot;groupper&quot;:{&quot;tabbability&quot;:2},&quot;focusable&quot;:{}}\" data-content=\"ai-message\" aria-labelledby=\"64JRvXrTnY7mRmPkEQLLT-author 64JRvXrTnY7mRmPkEQLLT-content\">\n<div id=\"64JRvXrTnY7mRmPkEQLLT-content\">\n<div role=\"article\" data-tabster=\"{&quot;groupper&quot;:{&quot;tabbability&quot;:2},&quot;focusable&quot;:{}}\" data-content=\"ai-message\" aria-labelledby=\"64JRvXrTnY7mRmPkEQLLT-author 64JRvXrTnY7mRmPkEQLLT-content\">\n<div id=\"64JRvXrTnY7mRmPkEQLLT-content\">\n<p>Cyfrowy ekran <strong>RAZZ BAR 25000 Zaci\u0105gni\u0119\u0107 Jednorazowy Vape<\/strong> to prze\u0142omowe rozwi\u0105zanie zar\u00f3wno dla entuzjast\u00f3w vapingu, jak i hurtownik\u00f3w. Zaprojektowane z my\u015bl\u0105 o innowacyjno\u015bci, to urz\u0105dzenie o du\u017cej pojemno\u015bci oferuje p\u0142ynne po\u0142\u0105czenie jako\u015bci, stylu i przyst\u0119pnej ceny. Z imponuj\u0105c\u0105 liczb\u0105 <strong>25 000 zaci\u0105gni\u0119\u0107<\/strong>gwarantuje d\u0142ugotrwa\u0142\u0105 przyjemno\u015b\u0107, dzi\u0119ki czemu jest idealne dla os\u00f3b poszukuj\u0105cych d\u0142ugoterminowej warto\u015bci.<\/p>\n<p>Ka\u017cda jednostka posiada <strong>akumulator o pojemno\u015bci 650 mAh<\/strong>, uzupe\u0142niony szybk\u0105 i niezawodn\u0105 <strong>technologi\u0105 \u0142adowania Type-C<\/strong>, zapewniaj\u0105c zasilanie gdziekolwiek jeste\u015b. Jego <strong>technologii mesh coil<\/strong> wzmacnia ka\u017cdy smak, dostarczaj\u0105c g\u0142adkie, g\u0119ste chmury, kt\u00f3re zwi\u0119kszaj\u0105 satysfakcj\u0119 z vapingu.<\/p>\n<p>Dost\u0119pne w <strong>16 kusz\u0105cych smak\u00f3w<\/strong> i nasycony <strong>2% lub 5% sol\u0105 nikotynow\u0105<\/strong>RAZZ BAR zaspokaja r\u00f3\u017cnorodne preferencje smakowe. Lekka i przeno\u015bna konstrukcja sprawia, \u017ce jest idealny zar\u00f3wno dla okazjonalnych u\u017cytkownik\u00f3w, jak i oddanych waper\u00f3w.<\/p>\n<p>Dla firm RAZZ BAR to hurtowe marzenie, zapakowane w <strong>200 sztuk w kartonie<\/strong> dla wydajnej dystrybucji hurtowej. Dzi\u0119ki konkurencyjnym cenom i doskona\u0142ym funkcjom ten produkt jest obowi\u0105zkowy do rozszerzenia asortymentu.<\/p>\n<p>Podnie\u015b poziom swojej gry w vapowanie lub zaopatrz swoje p\u00f3\u0142ki w <strong>RAZZ BAR 25000 Zaci\u0105gni\u0119\u0107<\/strong>, idealn\u0105 r\u00f3wnowag\u0119 wydajno\u015bci i przyst\u0119pnej ceny. Nie przegap okazji, aby zaoferowa\u0107 produkt, kt\u00f3ry na nowo definiuje rynek jednorazowych vape!<\/p>\n<\/div>\n<\/div>\n<figure id=\"attachment_3686\" aria-describedby=\"caption-attachment-3686\" style=\"width: 531px\" class=\"wp-caption alignnone\"><img fetchpriority=\"high\" decoding=\"async\" class=\"wp-image-3686\" src=\"https:\/\/vapestornado.com\/wp-content\/uploads\/2025\/01\/RAZZ-BAR-25000-Puffs-Lemon-Lime.webp\" alt=\"RAZZ BAR 25000 Zaci\u0105gni\u0119\u0107 Lemon Lime\" width=\"531\" height=\"531\" srcset=\"https:\/\/vapestornado.com\/wp-content\/uploads\/2025\/01\/RAZZ-BAR-25000-Puffs-Lemon-Lime.webp 800w, https:\/\/vapestornado.com\/wp-content\/uploads\/2025\/01\/RAZZ-BAR-25000-Puffs-Lemon-Lime-300x300.webp 300w, https:\/\/vapestornado.com\/wp-content\/uploads\/2025\/01\/RAZZ-BAR-25000-Puffs-Lemon-Lime-150x150.webp 150w, https:\/\/vapestornado.com\/wp-content\/uploads\/2025\/01\/RAZZ-BAR-25000-Puffs-Lemon-Lime-768x768.webp 768w, https:\/\/vapestornado.com\/wp-content\/uploads\/2025\/01\/RAZZ-BAR-25000-Puffs-Lemon-Lime-600x600.webp 600w, https:\/\/vapestornado.com\/wp-content\/uploads\/2025\/01\/RAZZ-BAR-25000-Puffs-Lemon-Lime-100x100.webp 100w\" sizes=\"(max-width: 531px) 100vw, 531px\" \/><figcaption id=\"caption-attachment-3686\" class=\"wp-caption-text\">RAZZ BAR 25000 Zaci\u0105gni\u0119\u0107 Lemon Lime<\/figcaption><\/figure>\n<\/div>\n<\/div>\n<p><img decoding=\"async\" class=\"alignleft wp-image-2951 size-medium\" src=\"https:\/\/vapestornado.com\/wp-content\/uploads\/2024\/12\/Wholesale-Disposable-Vape-265x300.jpg\" alt=\"Hurtownia jednorazowych vape\" width=\"265\" height=\"300\" srcset=\"https:\/\/vapestornado.com\/wp-content\/uploads\/2024\/12\/Wholesale-Disposable-Vape-265x300.jpg 265w, https:\/\/vapestornado.com\/wp-content\/uploads\/2024\/12\/Wholesale-Disposable-Vape-768x871.jpg 768w, https:\/\/vapestornado.com\/wp-content\/uploads\/2024\/12\/Wholesale-Disposable-Vape-600x680.jpg 600w, https:\/\/vapestornado.com\/wp-content\/uploads\/2024\/12\/Wholesale-Disposable-Vape.jpg 823w\" sizes=\"(max-width: 265px) 100vw, 265px\" \/><\/p>\n<h5>Skontaktuj si\u0119 z Mandy przez WhatsApp, aby uzyska\u0107 cen\u0119 promocyjn\u0105<a href=\"https:\/\/wa.me\/8618077105796\" target=\"_blank\" rel=\"noopener\">+8618077105796<\/a><\/h5>\n<div class=\"flex max-w-full flex-col flex-grow\">\n<div class=\"min-h-8 text-message flex w-full flex-col items-end gap-2 whitespace-normal break-words text-start [.text-message+&amp;]:mt-5\" dir=\"auto\" data-message-author-role=\"assistant\" data-message-id=\"cdb991c0-f594-4bff-b2d5-fbbdd7ce9e54\" data-message-model-slug=\"gpt-4o-mini\">\n<div class=\"flex w-full flex-col gap-1 empty:hidden first:pt-[3px]\">\n<div class=\"markdown prose w-full break-words dark:prose-invert light\"><\/div>\n<\/div>\n<\/div>\n<\/div>\n<div class=\"mb-2 flex gap-3 empty:hidden -ml-2\">\n<h2>Razz bar 25000 zaci\u0105gni\u0119\u0107 - najwa\u017cniejsze cechy:<\/h2>\n<ul>\n<li><strong>Moc nikotyny:<\/strong> Dost\u0119pne w 2% i 5% soli nikotynowej dla spersonalizowanego do\u015bwiadczenia waporyzacji.<\/li>\n<li><strong>Liczba zaci\u0105gni\u0119\u0107:<\/strong> Do <strong>25 000 zaci\u0105gni\u0119\u0107<\/strong>, zapewniaj\u0105ca niezr\u00f3wnan\u0105 trwa\u0142o\u015b\u0107.<\/li>\n<li><strong>Smaki:<\/strong> Wybierz spo\u015br\u00f3d <strong>16 wyj\u0105tkowych smak\u00f3w<\/strong>, ka\u017cdy stworzony dla maksymalnej satysfakcji.<\/li>\n<li><strong>Bateria:<\/strong> <strong>akumulator o pojemno\u015bci 650 mAh<\/strong> z wydajnym <strong>Szybkie \u0142adowanie typu C<\/strong> dla nieprzerwanego u\u017cytkowania.<\/li>\n<li><strong>Technologia:<\/strong> Zintegrowana <strong>technologii mesh coil<\/strong> zapewnia sp\u00f3jn\u0105, g\u0142adk\u0105 par\u0119 i intensywny smak.<\/li>\n<li><strong>Opakowanie:<\/strong> Wygodnie zapakowane z <strong>200 sztuk w kartonie<\/strong> dla zam\u00f3wie\u0144 hurtowych.<\/li>\n<\/ul>\n<\/div>\n<h2>RAZZBAR 25000 Zaci\u0105gni\u0119\u0107 - Najpopularniejsze Smaki Vape Pod\u00f3w:<\/h2>\n<p>1. Soczysta brzoskwinia z lodem<br \/>\n2. Truskawka Banan<br \/>\n3. Red Bull Winogrono<br \/>\n4. Jagoda Lodowa<br \/>\n5. Arbuz Lodowy<br \/>\n6. Bujny L\u00f3d<br \/>\n7. Owoce Tropikalne<br \/>\n8. Truskawka Kiwi<br \/>\n9. Truskawka Lodowa<br \/>\n10. Mieszane Jagody<br \/>\n11. Truskawka Malina Wi\u015bnia L\u00f3d<br \/>\n12.Love 66<br \/>\n13. Czarny Smok L\u00f3d<br \/>\n14. Cytryna, limonka<br \/>\n15. Jagodowa Kwa\u015bna Malina<br \/>\n16. Arbuz Truskawkowy Guma Balonowa<\/p>\n<div role=\"article\" data-tabster=\"{&quot;groupper&quot;:{&quot;tabbability&quot;:2},&quot;focusable&quot;:{}}\" data-content=\"ai-message\" aria-labelledby=\"dARUyEWDoEYhnSPXFwx5A-author dARUyEWDoEYhnSPXFwx5A-content\">\n<div id=\"dARUyEWDoEYhnSPXFwx5A-content\">\n<h2>Dlaczego warto wybra\u0107 RAZZ BAR 25000 Puffs <strong>\u00a0<\/strong>at <a href=\"https:\/\/vapestornado.com\/pl\/product\/bang-box-35k-puffs-high-capacity-long-lasting-disposable-vape\/\">vapestornado.com?<\/a><\/h2>\n<h4><strong>*Niezr\u00f3wnana Trwa\u0142o\u015b\u0107<\/strong><\/h4>\n<p>Cyfrowy ekran <strong>RAZZ BAR 25000 Zaci\u0105gni\u0119\u0107<\/strong> zosta\u0142 zaprojektowany z my\u015bl\u0105 o wytrzyma\u0142o\u015bci, zapewniaj\u0105c do <strong>25 000 zaci\u0105gni\u0119\u0107<\/strong> na urz\u0105dzenie. To sprawia, \u017ce jest to najlepszy wyb\u00f3r dla waper\u00f3w, kt\u00f3rzy ceni\u0105 sobie d\u0142ugotrwa\u0142\u0105 wydajno\u015b\u0107 bez konieczno\u015bci ci\u0105g\u0142ej wymiany.<\/p>\n<h4><strong>*Doskona\u0142a Jako\u015b\u0107 w Konkurencyjnych Cenach<\/strong><\/h4>\n<p>At <strong>vapestornado.pl<\/strong>, oferujemy RAZZ BAR w bezkonkurencyjnych cenach hurtowych, co czyni go op\u0142acaln\u0105 opcj\u0105 zar\u00f3wno dla sprzedawc\u00f3w detalicznych, jak i indywidualnych nabywc\u00f3w. Ciesz si\u0119 najwy\u017cszej jako\u015bci technologi\u0105 waporyzacji bez nadwyr\u0119\u017cania bud\u017cetu.<\/p>\n<h4><strong>*R\u00f3\u017cnorodne Opcje Smakowe<\/strong><\/h4>\n<p>Dzi\u0119ki <strong>16 \u017cywych smak\u00f3w<\/strong> dost\u0119pnych, ka\u017cdy znajdzie co\u015b dla siebie. Od owocowych mieszanek po orze\u017awiaj\u0105cy mentol, ka\u017cdy smak zosta\u0142 stworzony, aby zapewni\u0107 bogate i satysfakcjonuj\u0105ce doznania.<\/p>\n<h4><strong>*Zaawansowane Funkcje<\/strong><\/h4>\n<p>Cyfrowy ekran <strong>akumulator o pojemno\u015bci 650 mAh<\/strong>, w po\u0142\u0105czeniu z <strong>Szybkie \u0142adowanie typu C<\/strong> i <strong>technologii mesh coil<\/strong>, zapewnia sta\u0142\u0105 wydajno\u015b\u0107, p\u0142ynn\u0105 produkcj\u0119 pary i intensywno\u015b\u0107 smaku przy ka\u017cdym zaci\u0105gni\u0119ciu.<\/p>\n<h4><strong>*Zaufany Partner Hurtowy<\/strong><\/h4>\n<p>vapestornado.com jest zaufanym dostawc\u0105 w bran\u017cy waporyzacyjnej, oferuj\u0105c <strong>bezpieczne transakcje<\/strong>, <strong>szybk\u0105 wysy\u0142k\u0119<\/strong>, oraz dedykowane wsparcie klienta. Dzi\u0119ki opakowaniom zbiorczym po <strong>200 sztuk w kartonie<\/strong>, zaopatrzenie magazynu nigdy nie by\u0142o \u0142atwiejsze.<\/p>\n<h4><strong>*Ekologiczny Projekt<\/strong><\/h4>\n<p>RAZZ BAR wykorzystuje technologi\u0119 \u0142adowania, redukuj\u0105c odpady i wspieraj\u0105c bardziej zr\u00f3wnowa\u017cony styl \u017cycia zwi\u0105zanego z wapowaniem.<\/p>\n<p>Wybierz <strong>RAZZ BAR 25000 Zaci\u0105gni\u0119\u0107<\/strong> at <strong>vapestornado.pl<\/strong> dla najwy\u017cszej jako\u015bci rozwi\u0105zania do wapowania, kt\u00f3re zapewnia wyj\u0105tkow\u0105 warto\u015b\u0107, innowacyjno\u015b\u0107 i smak w ka\u017cdym zaci\u0105gni\u0119ciu!<\/p>\n<\/div>\n<\/div>\n<h2>FAQ na temat RAZZ BAR VAPE 25000 Zaci\u0105gni\u0119\u0107<\/h2>\n<p><strong>1. Jak d\u0142ugo dzia\u0142a RAZZ BAR 25000 Zaci\u0105gni\u0119\u0107?<\/strong><br \/>\nRAZZ BAR 25000 Zaci\u0105gni\u0119\u0107 zapewnia do 25 000 zaci\u0105gni\u0119\u0107, co czyni go jednym z najbardziej wytrzyma\u0142ych jednorazowych vape dost\u0119pnych na rynku. Jego trwa\u0142o\u015b\u0107 zale\u017cy od indywidualnych nawyk\u00f3w u\u017cytkowania, ale zazwyczaj wystarcza na kilka tygodni, a nawet miesi\u0119cy dla umiarkowanych u\u017cytkownik\u00f3w.<\/p>\n<p><strong>2. Czy mog\u0119 wielokrotnie \u0142adowa\u0107 RAZZ BAR 25000 puffvape?<\/strong><br \/>\nTak, RAZZ BAR jest wyposa\u017cony w akumulator o pojemno\u015bci 650 mAh, kt\u00f3ry mo\u017cna wielokrotnie \u0142adowa\u0107. Zosta\u0142 zaprojektowany, aby zapewni\u0107 sta\u0142\u0105 wydajno\u015b\u0107 przez ca\u0142y okres u\u017cytkowania, dzi\u0119ki czemu mo\u017cesz go u\u017cywa\u0107, a\u017c e-liquid ca\u0142kowicie si\u0119 sko\u0144czy.<\/p>\n<p><strong>3. Czy port \u0142adowania typu C jest do\u0142\u0105czony do RAZZ BAR 25k puff?<\/strong><br \/>\nRAZZ BAR jest wyposa\u017cony w zintegrowany port \u0142adowania typu C, umo\u017cliwiaj\u0105cy wygodne i szybkie \u0142adowanie. Jednak opakowanie nie zawiera kabla do \u0142adowania, wi\u0119c do \u0142adowania b\u0119dziesz musia\u0142 u\u017cy\u0107 standardowego kabla typu C.<\/p>\n<p><strong>4. Jaki jest najlepszy spos\u00f3b na utrzymanie optymalnej wydajno\u015bci dla 25000 Zaci\u0105gni\u0119\u0107 Vape For RAZZ BAR?<\/strong><br \/>\nAby RAZZ BAR dzia\u0142a\u0142 jak najlepiej, \u0142aduj go regularnie za pomoc\u0105 kabla typu C i unikaj prze\u0142adowania akumulatora. Przechowuj urz\u0105dzenie w ch\u0142odnym, suchym miejscu, z dala od ciep\u0142a i bezpo\u015bredniego \u015bwiat\u0142a s\u0142onecznego. Upewnij si\u0119, \u017ce port \u0142adowania jest czysty i wolny od kurzu. Dodatkowo, pozw\u00f3l urz\u0105dzeniu odpocz\u0105\u0107 mi\u0119dzy d\u0142ugimi sesjami wapowania, aby zapobiec przegrzaniu.<\/p>","protected":false},"excerpt":{"rendered":"<p><strong>RAZZ BAR 25000 Zaci\u0105gni\u0119\u0107 Vape Hurtownia<\/strong> w bezkonkurencyjnych cenach. Oferuje 16 doskona\u0142ych smak\u00f3w, akumulator 650 mAh z mo\u017cliwo\u015bci\u0105 \u0142adowania i 25 000 zaci\u0105gni\u0119\u0107 dla d\u0142ugotrwa\u0142ej satysfakcji!<\/p>\n<figure id=\"attachment_2951\" aria-describedby=\"caption-attachment-2951\" style=\"width: 265px\" class=\"wp-caption alignnone\"><img decoding=\"async\" class=\"size-medium wp-image-2951\" src=\"https:\/\/vapestornado.com\/wp-content\/uploads\/2024\/12\/Wholesale-Disposable-Vape-265x300.jpg\" alt=\"Hurtownia jednorazowych vape\" width=\"265\" height=\"300\" srcset=\"https:\/\/vapestornado.com\/wp-content\/uploads\/2024\/12\/Wholesale-Disposable-Vape-265x300.jpg 265w, https:\/\/vapestornado.com\/wp-content\/uploads\/2024\/12\/Wholesale-Disposable-Vape-768x871.jpg 768w, https:\/\/vapestornado.com\/wp-content\/uploads\/2024\/12\/Wholesale-Disposable-Vape-600x680.jpg 600w, https:\/\/vapestornado.com\/wp-content\/uploads\/2024\/12\/Wholesale-Disposable-Vape.jpg 823w\" sizes=\"(max-width: 265px) 100vw, 265px\" \/><figcaption id=\"caption-attachment-2951\" class=\"wp-caption-text\">Skontaktuj si\u0119 z Mandy przez WhatsApp, aby uzyska\u0107 cen\u0119 promocyjn\u0105\u00a0 <a href=\"https:\/\/wa.me\/8618077105796\">+8618077105796<\/a><\/figcaption><\/figure>\n<p>&nbsp;<\/p>","protected":false},"featured_media":3687,"comment_status":"open","ping_status":"closed","template":"","meta":{"_acf_changed":false,"_uag_custom_page_level_css":"","_lmt_disableupdate":"no","_lmt_disable":"","_monsterinsights_skip_tracking":false,"_monsterinsights_sitenote_active":false,"_monsterinsights_sitenote_note":"","_monsterinsights_sitenote_category":0,"site-sidebar-layout":"default","site-content-layout":"","ast-site-content-layout":"default","site-content-style":"default","site-sidebar-style":"default","ast-global-header-display":"","ast-banner-title-visibility":"","ast-main-header-display":"","ast-hfb-above-header-display":"","ast-hfb-below-header-display":"","ast-hfb-mobile-header-display":"","site-post-title":"","ast-breadcrumbs-content":"","ast-featured-img":"","footer-sml-layout":"","ast-disable-related-posts":"","theme-transparent-header-meta":"default","adv-header-id-meta":"","stick-header-meta":"","header-above-stick-meta":"","header-main-stick-meta":"","header-below-stick-meta":"","astra-migrate-meta-layouts":"set","ast-page-background-enabled":"default","ast-page-background-meta":{"desktop":{"background-color":"","background-image":"","background-repeat":"repeat","background-position":"center center","background-size":"auto","background-attachment":"scroll","background-type":"","background-media":"","overlay-type":"","overlay-color":"","overlay-opacity":"","overlay-gradient":""},"tablet":{"background-color":"","background-image":"","background-repeat":"repeat","background-position":"center center","background-size":"auto","background-attachment":"scroll","background-type":"","background-media":"","overlay-type":"","overlay-color":"","overlay-opacity":"","overlay-gradient":""},"mobile":{"background-color":"","background-image":"","background-repeat":"repeat","background-position":"center center","background-size":"auto","background-attachment":"scroll","background-type":"","background-media":"","overlay-type":"","overlay-color":"","overlay-opacity":"","overlay-gradient":""}},"ast-content-background-meta":{"desktop":{"background-color":"var(--ast-global-color-5)","background-image":"","background-repeat":"repeat","background-position":"center center","background-size":"auto","background-attachment":"scroll","background-type":"","background-media":"","overlay-type":"","overlay-color":"","overlay-opacity":"","overlay-gradient":""},"tablet":{"background-color":"var(--ast-global-color-5)","background-image":"","background-repeat":"repeat","background-position":"center center","background-size":"auto","background-attachment":"scroll","background-type":"","background-media":"","overlay-type":"","overlay-color":"","overlay-opacity":"","overlay-gradient":""},"mobile":{"background-color":"var(--ast-global-color-5)","background-image":"","background-repeat":"repeat","background-position":"center center","background-size":"auto","background-attachment":"scroll","background-type":"","background-media":"","overlay-type":"","overlay-color":"","overlay-opacity":"","overlay-gradient":""}},"_joinchat":{"telephone":"+8618077105796"}},"product_brand":[],"product_cat":[68,149,153,158,146],"product_tag":[97,228],"class_list":{"0":"post-3661","1":"product","2":"type-product","3":"status-publish","4":"has-post-thumbnail","6":"product_cat-25000-puff","7":"product_cat-buy-disposable-vapes-in-austria","8":"product_cat-buy-disposable-vapes-in-italy","9":"product_cat-buy-disposable-vapes-in-spain","10":"product_cat-rechargeable-disposable-vapes","11":"product_tag-hot-sale-disposable-vape","12":"product_tag-razz-bar-25000-puffs","13":"desktop-align-left","14":"tablet-align-left","15":"mobile-align-left","17":"first","18":"instock","19":"sale","20":"shipping-taxable","21":"purchasable","22":"product-type-simple"},"acf":[],"uagb_featured_image_src":{"full":["https:\/\/vapestornado.com\/wp-content\/uploads\/2025\/01\/RAZZ-BAR-25000-Puffs-Black-Dragon-ice-GEEK-BAR.webp",800,800,false],"thumbnail":["https:\/\/vapestornado.com\/wp-content\/uploads\/2025\/01\/RAZZ-BAR-25000-Puffs-Black-Dragon-ice-GEEK-BAR-150x150.webp",150,150,true],"medium":["https:\/\/vapestornado.com\/wp-content\/uploads\/2025\/01\/RAZZ-BAR-25000-Puffs-Black-Dragon-ice-GEEK-BAR-300x300.webp",300,300,true],"medium_large":["https:\/\/vapestornado.com\/wp-content\/uploads\/2025\/01\/RAZZ-BAR-25000-Puffs-Black-Dragon-ice-GEEK-BAR-768x768.webp",768,768,true],"large":["https:\/\/vapestornado.com\/wp-content\/uploads\/2025\/01\/RAZZ-BAR-25000-Puffs-Black-Dragon-ice-GEEK-BAR.webp",800,800,false],"1536x1536":["https:\/\/vapestornado.com\/wp-content\/uploads\/2025\/01\/RAZZ-BAR-25000-Puffs-Black-Dragon-ice-GEEK-BAR.webp",800,800,false],"2048x2048":["https:\/\/vapestornado.com\/wp-content\/uploads\/2025\/01\/RAZZ-BAR-25000-Puffs-Black-Dragon-ice-GEEK-BAR.webp",800,800,false],"trp-custom-language-flag":["https:\/\/vapestornado.com\/wp-content\/uploads\/2025\/01\/RAZZ-BAR-25000-Puffs-Black-Dragon-ice-GEEK-BAR.webp",12,12,false],"woocommerce_thumbnail":["https:\/\/vapestornado.com\/wp-content\/uploads\/2025\/01\/RAZZ-BAR-25000-Puffs-Black-Dragon-ice-GEEK-BAR-300x300.webp",300,300,true],"woocommerce_single":["https:\/\/vapestornado.com\/wp-content\/uploads\/2025\/01\/RAZZ-BAR-25000-Puffs-Black-Dragon-ice-GEEK-BAR-600x600.webp",600,600,true],"woocommerce_gallery_thumbnail":["https:\/\/vapestornado.com\/wp-content\/uploads\/2025\/01\/RAZZ-BAR-25000-Puffs-Black-Dragon-ice-GEEK-BAR-100x100.webp",100,100,true]},"uagb_author_info":{"display_name":"ESMANDY","author_link":"https:\/\/vapestornado.com\/pl\/author\/"},"uagb_comment_info":0,"uagb_excerpt":"RAZZ BAR 25000 Puffs Wholesale Vape at unbeatable prices. Offering 16 premium flavors, 650mAh rechargeable battery, and 25,000 puffs for long-lasting satisfaction! [caption id=\"attachment_2951\" align=\"alignnone\" width=\"265\"] Pls Contact Mandy's WhatsApp For Discount Price\u00a0 +8618077105796[\/caption] &nbsp;","_links":{"self":[{"href":"https:\/\/vapestornado.com\/pl\/wp-json\/wp\/v2\/product\/3661","targetHints":{"allow":["GET"]}}],"collection":[{"href":"https:\/\/vapestornado.com\/pl\/wp-json\/wp\/v2\/product"}],"about":[{"href":"https:\/\/vapestornado.com\/pl\/wp-json\/wp\/v2\/types\/product"}],"replies":[{"embeddable":true,"href":"https:\/\/vapestornado.com\/pl\/wp-json\/wp\/v2\/comments?post=3661"}],"wp:featuredmedia":[{"embeddable":true,"href":"https:\/\/vapestornado.com\/pl\/wp-json\/wp\/v2\/media\/3687"}],"wp:attachment":[{"href":"https:\/\/vapestornado.com\/pl\/wp-json\/wp\/v2\/media?parent=3661"}],"wp:term":[{"taxonomy":"product_brand","embeddable":true,"href":"https:\/\/vapestornado.com\/pl\/wp-json\/wp\/v2\/product_brand?post=3661"},{"taxonomy":"product_cat","embeddable":true,"href":"https:\/\/vapestornado.com\/pl\/wp-json\/wp\/v2\/product_cat?post=3661"},{"taxonomy":"product_tag","embeddable":true,"href":"https:\/\/vapestornado.com\/pl\/wp-json\/wp\/v2\/product_tag?post=3661"}],"curies":[{"name":"wp","href":"https:\/\/api.w.org\/{rel}","templated":true}]}}