{"id":3649,"date":"2025-01-03T07:00:39","date_gmt":"2025-01-03T07:00:39","guid":{"rendered":"https:\/\/vapestornado.com\/?post_type=product&#038;p=3649"},"modified":"2025-08-23T11:20:23","modified_gmt":"2025-08-23T11:20:23","slug":"jnr-mega-shisha-hookah-100000-puffs-disposable-vape-wholesale-price","status":"publish","type":"product","link":"https:\/\/vapestornado.com\/pl\/product\/jnr-mega-shisha-hookah-100000-puffs-disposable-vape-wholesale-price\/","title":{"rendered":"JNR Mega Shisha Hookah 100000 Zaci\u0105gni\u0119\u0107 Jednorazowy Vape Cena Hurtowa"},"content":{"rendered":"<h1 class=\"product-title\">JNR Mega Shisha Hookah 100000 Zaci\u0105gni\u0119\u0107 Jednorazowy Vape Cena Hurtowa<\/h1>\n<p data-start=\"194\" data-end=\"561\">Cyfrowy ekran <strong data-start=\"198\" data-end=\"253\">JNR Mega Shisha Hookah 100000 Zaci\u0105gni\u0119\u0107 Jednorazowy Vape<\/strong> ustanawia nowy standard dla jednorazowych urz\u0105dze\u0144 o du\u017cej pojemno\u015bci, co czyni go najlepszym wyborem dla <strong data-start=\"331\" data-end=\"371\">hurtownik\u00f3w i sprzedawc\u00f3w detalicznych<\/strong> poszukuj\u0105cych wyr\u00f3\u017cniaj\u0105cych si\u0119 produkt\u00f3w w Europie. Z niesamowit\u0105 <strong data-start=\"428\" data-end=\"453\">pojemno\u015bci\u0105 100 000 zaci\u0105gni\u0119\u0107<\/strong>, ten model zapewnia niezr\u00f3wnan\u0105 wytrzyma\u0142o\u015b\u0107, idealny dla sklep\u00f3w skierowanych do os\u00f3b intensywnie korzystaj\u0105cych i entuzjast\u00f3w shishy.<\/p>\n<p data-start=\"563\" data-end=\"850\">Zasilany przez <strong data-start=\"576\" data-end=\"608\">Akumulator 2200 mAh z mo\u017cliwo\u015bci\u0105 \u0142adowania<\/strong> i wyposa\u017cony w <strong data-start=\"627\" data-end=\"655\">szybkie \u0142adowanie USB typu C<\/strong>, JNR 100K zapewnia minimalne przestoje i maksymalne u\u017cytkowanie. A <strong data-start=\"716\" data-end=\"743\">zbiornik na e-liquid o pojemno\u015bci 60 ml<\/strong> w po\u0142\u0105czeniu z <strong data-start=\"756\" data-end=\"780\">Moc nikotyny 2%<\/strong> zapewnia d\u0142ugie, satysfakcjonuj\u0105ce sesje, dzi\u0119ki kt\u00f3rym klienci wracaj\u0105.<\/p>\n<p data-start=\"852\" data-end=\"1168\">Zintegrowany <strong data-start=\"867\" data-end=\"883\">Inteligentny Ekran<\/strong> wy\u015bwietla liczb\u0119 zaci\u0105gni\u0119\u0107, poziom na\u0142adowania baterii i poziom p\u0142ynu, a <strong data-start=\"942\" data-end=\"968\">konstrukcja Breathing Light<\/strong> dodaje stylowy, przyci\u0105gaj\u0105cy wzrok element dla m\u0142odszych odbiorc\u00f3w. Z <strong data-start=\"1037\" data-end=\"1063\">przep\u0142ywem powietrza Direct-to-Lung<\/strong> i regulowanymi ustawieniami, oferuje g\u0119st\u0105 par\u0119, mocne dostarczanie smaku i mo\u017cliwo\u015b\u0107 dostosowania do w\u0142asnych potrzeb.<\/p>\n<p data-start=\"1170\" data-end=\"1361\">Dla hurtownik\u00f3w <strong data-start=\"1191\" data-end=\"1215\">JNR Mega Shisha 100K<\/strong> \u0142\u0105czy <strong data-start=\"1225\" data-end=\"1302\">rekordowa liczba zaci\u0105gni\u0119\u0107, doskona\u0142e funkcje i atrakcyjne ceny hurtowe<\/strong>, co czyni go wysoce dochodowym dodatkiem do ka\u017cdego asortymentu vape.<\/p>\n<p><span style=\"color: #ff0000;\"><strong>Dodaj Amy na WhatsApp, aby uzyska\u0107 szybk\u0105 odpowied\u017a i kupon na vape!<\/strong><\/span><\/p>\n<p><img fetchpriority=\"high\" decoding=\"async\" class=\"size-full wp-image-2932\" src=\"https:\/\/vapestornado.com\/wp-content\/uploads\/2024\/12\/Vape-Wholesale.jpg\" alt=\"Hurtowa sprzeda\u017c e-papieros\u00f3w\" width=\"229\" height=\"300\" \/><\/p>\n<h3><a href=\"https:\/\/wa.me\/8617776015835\" target=\"_blank\" rel=\"noopener\"><span style=\"color: #ff0000;\"><strong>WhatsApp: +86 17776015835<\/strong><\/span><\/a><\/h3>\n<p>&nbsp;<\/p>\n<h2 class=\"product-title\"><strong>JNR Shisha Hookah 100000 Cechy Produktu<\/strong><\/h2>\n<div role=\"article\" data-tabster=\"{&quot;groupper&quot;:{&quot;tabbability&quot;:2},&quot;focusable&quot;:{}}\" data-content=\"ai-message\" aria-labelledby=\"juhNTJ6o7Gk1cgwZMJgv2-author juhNTJ6o7Gk1cgwZMJgv2-content\">\n<div id=\"juhNTJ6o7Gk1cgwZMJgv2-content\">\n<div role=\"article\" data-tabster=\"{&quot;groupper&quot;:{&quot;tabbability&quot;:2},&quot;focusable&quot;:{}}\" data-content=\"ai-message\" aria-labelledby=\"x4EZuCZWrTbh3weWUt7CU-author x4EZuCZWrTbh3weWUt7CU-content\">\n<div id=\"x4EZuCZWrTbh3weWUt7CU-content\">\n<div class=\"flex max-w-full flex-col flex-grow\">\n<div class=\"min-h-8 text-message flex w-full flex-col items-end gap-2 whitespace-normal break-words text-start [.text-message+&amp;]:mt-5\" dir=\"auto\" data-message-author-role=\"assistant\" data-message-id=\"52c6e00a-252f-4104-805d-2f1a84739c71\" data-message-model-slug=\"gpt-4o\">\n<div class=\"flex w-full flex-col gap-1 empty:hidden first:pt-[3px]\">\n<div class=\"markdown prose w-full break-words dark:prose-invert light\">\n<h4><\/h4>\n<ol>\n<li><strong>Wyj\u0105tkowa Trwa\u0142o\u015b\u0107<\/strong>: Ciesz si\u0119 do 100 000 zaci\u0105gni\u0119\u0107 na urz\u0105dzenie.<\/li>\n<li><strong>Inteligentny Ekran<\/strong>: B\u0105d\u017a na bie\u017c\u0105co dzi\u0119ki danym w czasie rzeczywistym i ciesz si\u0119 \u017cywym, dynamicznym pokazem \u015bwiate\u0142.<\/li>\n<li><strong>Ogromna Pojemno\u015b\u0107 E-Juice<\/strong>: Wst\u0119pnie nape\u0142niony 60 ml dla d\u0142u\u017cszego u\u017cytkowania.<\/li>\n<li><strong>Pot\u0119\u017cna Bateria<\/strong>: Akumulator 2200mAh z obs\u0142ug\u0105 USB Type-C.<\/li>\n<li><strong>Regulowany Przep\u0142yw Powietrza<\/strong>: Dostosuj swoje zaci\u0105gni\u0119cie, aby uzyska\u0107 idealny vaping DTL (Direct-To-Lung).<\/li>\n<\/ol>\n<\/div>\n<\/div>\n<\/div>\n<\/div>\n<div class=\"mb-2 flex gap-3 empty:hidden -ml-2\"><\/div>\n<\/div>\n<\/div>\n<\/div>\n<\/div>\n<h2 class=\"product-title\"><strong>Popularny Smak dla <\/strong><strong>Szisza fajka wodna<\/strong><strong> 100 tys. <\/strong><strong>Jednorazowe E-papierosy<\/strong><\/h2>\n<h2 class=\"product-title\"><\/h2>\n<p>Odkryj \u015bwiat smak\u00f3w z JNR Mega Shisha Hookah. Od orze\u017awiaj\u0105cej mi\u0119ty po owocowe rozkosze, szeroki wyb\u00f3r opcji zapewnia idealne dopasowanie do ka\u017cdego nastroju i preferencji smakowych. Prosimy zapozna\u0107 si\u0119 z popularnymi smakami wed\u0142ug naszych danych sprzeda\u017cy i opinii klient\u00f3w.<\/p>\n<p>1. Dwa Jab\u0142ka<span style=\"color: #ff0000;\"><strong> &gt;&gt;&gt;&gt; Gor\u0105ce!<\/strong><\/span><br \/>\n2. Mro\u017cona Jagoda <span style=\"color: #ff0000;\"><strong>&gt;&gt;&gt;&gt; Gor\u0105ce!<\/strong><\/span><br \/>\n3. Mi\u0119ta Winogronowa<br \/>\n4. Hawaje<br \/>\n5. Kiwi Marakuja Guawa<br \/>\n6. Lady Killa <span style=\"color: #ff0000;\"><strong>&gt;&gt;&gt;&gt; Najlepszy !<\/strong><\/span><br \/>\n7. Love 66<br \/>\n8. Soczysty L\u00f3d<br \/>\n9. Magiczna Mi\u0142o\u015b\u0107<br \/>\n10. Mi Amor <span style=\"color: #ff0000;\"><strong>&gt;&gt;&gt;&gt; Gor\u0105ce!<\/strong><\/span><br \/>\n11. Mro\u017cona Brzoskwinia<br \/>\n12. Truskawkowy Punch<\/p>\n<p><img decoding=\"async\" class=\"wp-image-3647 size-full\" src=\"https:\/\/vapestornado.com\/wp-content\/uploads\/2025\/01\/Shisha-Hookah-100000-Puffs-Disposable-Vape-JNR.webp\" alt=\"Shisha Hookah 100000 Zaci\u0105gni\u0119\u0107 Jednorazowy Vape JNR\" width=\"800\" height=\"476\" srcset=\"https:\/\/vapestornado.com\/wp-content\/uploads\/2025\/01\/Shisha-Hookah-100000-Puffs-Disposable-Vape-JNR.webp 800w, https:\/\/vapestornado.com\/wp-content\/uploads\/2025\/01\/Shisha-Hookah-100000-Puffs-Disposable-Vape-JNR-300x179.webp 300w, https:\/\/vapestornado.com\/wp-content\/uploads\/2025\/01\/Shisha-Hookah-100000-Puffs-Disposable-Vape-JNR-768x457.webp 768w, https:\/\/vapestornado.com\/wp-content\/uploads\/2025\/01\/Shisha-Hookah-100000-Puffs-Disposable-Vape-JNR-600x357.webp 600w\" sizes=\"(max-width: 800px) 100vw, 800px\" \/><\/p>\n<div class=\"flex-shrink-0 flex flex-col relative items-end\">\n<div class=\"pt-0\">\n<div class=\"gizmo-bot-avatar flex h-8 w-8 items-center justify-center overflow-hidden rounded-full\">\n<div class=\"relative p-1 rounded-sm flex items-center justify-center bg-token-main-surface-primary text-token-text-primary h-8 w-8\">\n<h2>FAQ dla JNR Shisha Hookah 100000 Smart<strong>\u00a0<\/strong>Jednorazowy e-papieros<\/h2>\n<h4><\/h4>\n<ol>\n<li><strong>Jak d\u0142ugo dzia\u0142a JNR Mega Shisha Hookah 100k?<\/strong><br \/>\nKa\u017cde urz\u0105dzenie oferuje imponuj\u0105ce 100 000 zaci\u0105gni\u0119\u0107, dzi\u0119ki czemu idealnie nadaje si\u0119 do d\u0142ugotrwa\u0142ego u\u017cytkowania.<\/li>\n<li><strong>Jak na\u0142adowa\u0107 urz\u0105dzenie JNR Mega Shisha Hookah?<\/strong><br \/>\nJest wyposa\u017cone we wbudowan\u0105 bateri\u0119 2200 mAh, kt\u00f3ra obs\u0142uguje szybkie \u0142adowanie USB typu C.<\/li>\n<li><strong>Jak\u0105 funkcj\u0119 pe\u0142ni Inteligentny Ekran?<\/strong><br \/>\nInteligentny Ekran wy\u015bwietla istotne dane, takie jak \u017cywotno\u015b\u0107 baterii i poziom p\u0142ynu, w po\u0142\u0105czeniu ze stylowym \u015awiat\u0142em Oddechu, zapewniaj\u0105c wyj\u0105tkowe wra\u017cenia z wapowania.<\/li>\n<li><strong>Czy mog\u0119 go u\u017cywa\u0107 z hookah stacjonarnym?<\/strong><br \/>\nAbsolutnie! JNR Mega Shisha Hookah jest w pe\u0142ni kompatybilny z konfiguracjami hookah stacjonarnymi, zapewniaj\u0105c wszechstronne wra\u017cenia.<\/li>\n<li><strong>Gdzie mog\u0119 go kupi\u0107 w cenie hurtowej?<\/strong><br \/>\nMo\u017cesz kupi\u0107 JNR Mega Shisha Hookah w najlepszej cenie hurtowej od <strong>vapestornado internetowy sklep z e-papierosami<\/strong>.<\/li>\n<\/ol>\n<div class=\"flex max-w-full flex-col flex-grow\">\n<div class=\"min-h-8 text-message flex w-full flex-col items-end gap-2 whitespace-normal break-words text-start [.text-message+&amp;]:mt-5\" dir=\"auto\" data-message-author-role=\"assistant\" data-message-id=\"4dc48248-df95-45bd-b800-6dedb43cf7f1\" data-message-model-slug=\"gpt-4o\">\n<div class=\"flex w-full flex-col gap-1 empty:hidden first:pt-[3px]\"><\/div>\n<\/div>\n<\/div>\n<\/div>\n<\/div>\n<\/div>\n<\/div>\n<div class=\"flex-shrink-0 flex flex-col relative items-end\">\n<div class=\"pt-0\">\n<div class=\"gizmo-bot-avatar flex h-8 w-8 items-center justify-center overflow-hidden rounded-full\">\n<div class=\"relative p-1 rounded-sm flex items-center justify-center bg-token-main-surface-primary text-token-text-primary h-8 w-8\">\n<div class=\"mb-2 flex gap-3 empty:hidden -ml-2\">\n<div role=\"article\" data-tabster=\"{&quot;groupper&quot;:{&quot;tabbability&quot;:2},&quot;focusable&quot;:{}}\" data-content=\"ai-message\" aria-labelledby=\"Vdt5ez4X7Tg813x6rFVha-author Vdt5ez4X7Tg813x6rFVha-content\">\n<div id=\"Vdt5ez4X7Tg813x6rFVha-content\">\n<div role=\"article\" data-tabster=\"{&quot;groupper&quot;:{&quot;tabbability&quot;:2},&quot;focusable&quot;:{}}\" data-content=\"ai-message\" aria-labelledby=\"o968oC7CEo2fGHsGdsRYC-author o968oC7CEo2fGHsGdsRYC-content\">\n<div id=\"o968oC7CEo2fGHsGdsRYC-content\">\n<h2>Dlaczego warto wybra\u0107 vapestornado dla JNR Shisha Hookah 100000 Puffs Jednorazowy Vape Hurtowo?<\/h2>\n<div class=\"flex-shrink-0 flex flex-col relative items-end\">\n<div class=\"pt-0\">\n<div class=\"gizmo-bot-avatar flex h-8 w-8 items-center justify-center overflow-hidden rounded-full\">\n<div class=\"relative p-1 rounded-sm flex items-center justify-center bg-token-main-surface-primary text-token-text-primary h-8 w-8\">\n<p>Witamy w vapestornado, Twoim zaufanym sklepie internetowym z papierosami elektronicznymi premium. Z ponad 5-letnim do\u015bwiadczeniem, oferujemy popularne marki jednorazowych papieros\u00f3w elektronicznych, takie jak Fumot RandM Vape, <a href=\"https:\/\/vapestornado.com\/pl\/product-category\/vapme-shisha\/\">Vapme<\/a>, Bang Vape, Waspe Vape, and WGA Vape, itp.<\/p>\n<p>Nasza oferta obejmuje popularne e-papierosy, takie jak <a href=\"https:\/\/vapestornado.com\/pl\/product\/randm-12000-puffs-fumot-digital-disposable-vape-wholesale-price\/\">RandM Tornado 12000<\/a>, oraz bogate w smaku opcje, takie jak <a href=\"https:\/\/vapestornado.com\/pl\/product\/wga-crystal-pro-max-extra-15000-puffs-rechargeable-disposable-vape-wholesale-bulk-buy\/\">\u00a0WGA Crystal 15k Zaci\u0105gni\u0119\u0107<\/a> . Ka\u017cdy produkt jest wybierany z my\u015bl\u0105 o jako\u015bci, warto\u015bci i r\u00f3\u017cnorodno\u015bci, dzi\u0119ki czemu znajdziesz idealne dopasowanie do swoich potrzeb. Odkryj wyj\u0105tkow\u0105 obs\u0142ug\u0119 i szerok\u0105 gam\u0119 najlepszych produkt\u00f3w w cenach hurtowych na vapestornado.<\/p>\n<\/div>\n<p>&nbsp;<\/p>\n<p><strong>Inne popularne jednorazowe e-papierosy<\/strong><\/p>\n<p><a href=\"https:\/\/vapestornado.com\/pl\/product\/vozol-star-20000-puffs-disposable-vape-2-low-nicotine-bulk-buy-wholesale-cheap-price\/\">VOZOL Star 20000 Chmur <span style=\"color: #ff0000;\"><strong>&gt;&gt;&gt;&gt; Dalej !<\/strong><\/span><\/a><\/p>\n<p><a href=\"https:\/\/vapestornado.com\/pl\/product\/refillable-disposable-vape-bang-40000-puffs-with-smart-screen-display-wholesale\/\">Bang 40000 Chmur<span style=\"color: #ff0000;\"><strong>&gt;&gt;&gt;&gt; Dalej !<\/strong><\/span><\/a><\/p>\n<p><a href=\"https:\/\/vapestornado.com\/pl\/product\/bang-king-vape-35000-puff-smart-digital-display-wholesale-disposable-electronic-cigarette-wholesale\/\">Bang King 35000 <span style=\"color: #ff0000;\"><strong>&gt;&gt;&gt;&gt; Dalej !<\/strong><\/span><\/a><\/p>\n<\/div>\n<\/div>\n<\/div>\n<p>&nbsp;<\/p>\n<\/div>\n<\/div>\n<\/div>\n<\/div>\n<\/div>\n<\/div>\n<\/div>\n<\/div>\n<\/div>","protected":false},"excerpt":{"rendered":"<p>Cyfrowy ekran <strong data-start=\"1405\" data-end=\"1436\">JNR Mega Shisha Hookah 100K<\/strong> zapewnia niezr\u00f3wnane 100 000 zaci\u0105gni\u0119\u0107, inteligentny ekran i zbiornik na e-liquid o pojemno\u015bci 60 ml. Akumulator jednorazowy stworzony dla <strong data-start=\"1548\" data-end=\"1583\">hurtowych nabywc\u00f3w w Europie<\/strong>.<\/p>\n<p><strong>Dodaj Amy do WhatsAppa, aby uzyska\u0107 szybk\u0105 odpowied\u017a i kupon na vape!<\/strong><\/p>\n<p><img fetchpriority=\"high\" decoding=\"async\" class=\"size-full wp-image-2932\" src=\"https:\/\/vapestornado.com\/wp-content\/uploads\/2024\/12\/Vape-Wholesale.jpg\" alt=\"Hurtowa sprzeda\u017c e-papieros\u00f3w\" width=\"229\" height=\"300\" \/><\/p>\n<h3><a href=\"https:\/\/wa.me\/8617776015835\"><span style=\"color: #ff0000;\"><strong>WhatsApp: +86 17776015835<\/strong><\/span><\/a><\/h3>\n<p>&nbsp;<\/p>","protected":false},"featured_media":3648,"comment_status":"open","ping_status":"closed","template":"","meta":{"_acf_changed":false,"_uag_custom_page_level_css":"","_lmt_disableupdate":"no","_lmt_disable":"","_monsterinsights_skip_tracking":false,"_monsterinsights_sitenote_active":false,"_monsterinsights_sitenote_note":"","_monsterinsights_sitenote_category":0,"site-sidebar-layout":"default","site-content-layout":"","ast-site-content-layout":"default","site-content-style":"default","site-sidebar-style":"default","ast-global-header-display":"","ast-banner-title-visibility":"","ast-main-header-display":"","ast-hfb-above-header-display":"","ast-hfb-below-header-display":"","ast-hfb-mobile-header-display":"","site-post-title":"","ast-breadcrumbs-content":"","ast-featured-img":"","footer-sml-layout":"","ast-disable-related-posts":"","theme-transparent-header-meta":"default","adv-header-id-meta":"","stick-header-meta":"","header-above-stick-meta":"","header-main-stick-meta":"","header-below-stick-meta":"","astra-migrate-meta-layouts":"set","ast-page-background-enabled":"default","ast-page-background-meta":{"desktop":{"background-color":"","background-image":"","background-repeat":"repeat","background-position":"center center","background-size":"auto","background-attachment":"scroll","background-type":"","background-media":"","overlay-type":"","overlay-color":"","overlay-opacity":"","overlay-gradient":""},"tablet":{"background-color":"","background-image":"","background-repeat":"repeat","background-position":"center center","background-size":"auto","background-attachment":"scroll","background-type":"","background-media":"","overlay-type":"","overlay-color":"","overlay-opacity":"","overlay-gradient":""},"mobile":{"background-color":"","background-image":"","background-repeat":"repeat","background-position":"center center","background-size":"auto","background-attachment":"scroll","background-type":"","background-media":"","overlay-type":"","overlay-color":"","overlay-opacity":"","overlay-gradient":""}},"ast-content-background-meta":{"desktop":{"background-color":"var(--ast-global-color-5)","background-image":"","background-repeat":"repeat","background-position":"center center","background-size":"auto","background-attachment":"scroll","background-type":"","background-media":"","overlay-type":"","overlay-color":"","overlay-opacity":"","overlay-gradient":""},"tablet":{"background-color":"var(--ast-global-color-5)","background-image":"","background-repeat":"repeat","background-position":"center center","background-size":"auto","background-attachment":"scroll","background-type":"","background-media":"","overlay-type":"","overlay-color":"","overlay-opacity":"","overlay-gradient":""},"mobile":{"background-color":"var(--ast-global-color-5)","background-image":"","background-repeat":"repeat","background-position":"center center","background-size":"auto","background-attachment":"scroll","background-type":"","background-media":"","overlay-type":"","overlay-color":"","overlay-opacity":"","overlay-gradient":""}},"_joinchat":{"telephone":"+8617776015835"}},"product_brand":[],"product_cat":[140,154,142,76,147],"product_tag":[165,105,97,225,166,94,131,226],"class_list":{"0":"post-3649","1":"product","2":"type-product","3":"status-publish","4":"has-post-thumbnail","6":"product_cat-big-puffs-disposable-vapes","7":"product_cat-buy-disposable-vapes-in-netherlands","8":"product_cat-digital-box-disposable-vapes","9":"product_cat-jnr-vape","10":"product_cat-shisha-hookah-disposable-vapes","11":"product_tag-cheap-vapes","12":"product_tag-digital-disposable-vape","13":"product_tag-hot-sale-disposable-vape","14":"product_tag-jnr-shisha-hookah-100000","15":"product_tag-low-nicotine-vape","16":"product_tag-rechargeable-disposable-vape","17":"product_tag-shisha-hookah","18":"product_tag-shisha-hookah-disposable-vapes","19":"desktop-align-left","20":"tablet-align-left","21":"mobile-align-left","23":"first","24":"instock","25":"sale","26":"shipping-taxable","27":"purchasable","28":"product-type-simple"},"acf":[],"uagb_featured_image_src":{"full":["https:\/\/vapestornado.com\/wp-content\/uploads\/2025\/01\/Shisha-Hookah-Disposable-Vape-100000-JNR.jpg",800,800,false],"thumbnail":["https:\/\/vapestornado.com\/wp-content\/uploads\/2025\/01\/Shisha-Hookah-Disposable-Vape-100000-JNR-150x150.jpg",150,150,true],"medium":["https:\/\/vapestornado.com\/wp-content\/uploads\/2025\/01\/Shisha-Hookah-Disposable-Vape-100000-JNR-300x300.jpg",300,300,true],"medium_large":["https:\/\/vapestornado.com\/wp-content\/uploads\/2025\/01\/Shisha-Hookah-Disposable-Vape-100000-JNR-768x768.jpg",768,768,true],"large":["https:\/\/vapestornado.com\/wp-content\/uploads\/2025\/01\/Shisha-Hookah-Disposable-Vape-100000-JNR.jpg",800,800,false],"1536x1536":["https:\/\/vapestornado.com\/wp-content\/uploads\/2025\/01\/Shisha-Hookah-Disposable-Vape-100000-JNR.jpg",800,800,false],"2048x2048":["https:\/\/vapestornado.com\/wp-content\/uploads\/2025\/01\/Shisha-Hookah-Disposable-Vape-100000-JNR.jpg",800,800,false],"trp-custom-language-flag":["https:\/\/vapestornado.com\/wp-content\/uploads\/2025\/01\/Shisha-Hookah-Disposable-Vape-100000-JNR.jpg",12,12,false],"woocommerce_thumbnail":["https:\/\/vapestornado.com\/wp-content\/uploads\/2025\/01\/Shisha-Hookah-Disposable-Vape-100000-JNR-300x300.jpg",300,300,true],"woocommerce_single":["https:\/\/vapestornado.com\/wp-content\/uploads\/2025\/01\/Shisha-Hookah-Disposable-Vape-100000-JNR-600x600.jpg",600,600,true],"woocommerce_gallery_thumbnail":["https:\/\/vapestornado.com\/wp-content\/uploads\/2025\/01\/Shisha-Hookah-Disposable-Vape-100000-JNR-100x100.jpg",100,100,true]},"uagb_author_info":{"display_name":"ESAMY","author_link":"https:\/\/vapestornado.com\/pl\/author\/"},"uagb_comment_info":0,"uagb_excerpt":"The JNR Mega Shisha Hookah 100K delivers an unmatched 100,000 puffs, smart screen, and 60ml e-liquid tank. A rechargeable disposable built for wholesale bulk buyers in Europe. Add Amy's whatsapp get right reply and vape coupon! WhatsApp: +86 17776015835 &nbsp;","_links":{"self":[{"href":"https:\/\/vapestornado.com\/pl\/wp-json\/wp\/v2\/product\/3649","targetHints":{"allow":["GET"]}}],"collection":[{"href":"https:\/\/vapestornado.com\/pl\/wp-json\/wp\/v2\/product"}],"about":[{"href":"https:\/\/vapestornado.com\/pl\/wp-json\/wp\/v2\/types\/product"}],"replies":[{"embeddable":true,"href":"https:\/\/vapestornado.com\/pl\/wp-json\/wp\/v2\/comments?post=3649"}],"wp:featuredmedia":[{"embeddable":true,"href":"https:\/\/vapestornado.com\/pl\/wp-json\/wp\/v2\/media\/3648"}],"wp:attachment":[{"href":"https:\/\/vapestornado.com\/pl\/wp-json\/wp\/v2\/media?parent=3649"}],"wp:term":[{"taxonomy":"product_brand","embeddable":true,"href":"https:\/\/vapestornado.com\/pl\/wp-json\/wp\/v2\/product_brand?post=3649"},{"taxonomy":"product_cat","embeddable":true,"href":"https:\/\/vapestornado.com\/pl\/wp-json\/wp\/v2\/product_cat?post=3649"},{"taxonomy":"product_tag","embeddable":true,"href":"https:\/\/vapestornado.com\/pl\/wp-json\/wp\/v2\/product_tag?post=3649"}],"curies":[{"name":"wp","href":"https:\/\/api.w.org\/{rel}","templated":true}]}}