{"id":3639,"date":"2025-01-03T01:54:34","date_gmt":"2025-01-03T01:54:34","guid":{"rendered":"https:\/\/vapestornado.com\/?post_type=product&#038;p=3639"},"modified":"2025-08-28T07:39:36","modified_gmt":"2025-08-28T07:39:36","slug":"bang-king-vape-35000-puff-smart-digital-display-wholesale-disposable-electronic-cigarette-wholesale","status":"publish","type":"product","link":"https:\/\/vapestornado.com\/pl\/product\/bang-king-vape-35000-puff-smart-digital-display-wholesale-disposable-electronic-cigarette-wholesale\/","title":{"rendered":"Bang King Vape 35000 Zaci\u0105gni\u0119\u0107 Inteligentny Cyfrowy Wy\u015bwietlacz Hurtowa Jednorazowa Elektroniczna Hurtownia Papieros\u00f3w"},"content":{"rendered":"<h1 class=\"product-title\">Bang King Vape 35000 Zaci\u0105gni\u0119\u0107 Inteligentny Cyfrowy Wy\u015bwietlacz Hurtowa Jednorazowa Elektroniczna Hurtownia Papieros\u00f3w<\/h1>\n<p data-start=\"389\" data-end=\"758\">Je\u015bli szukasz jednorazowego e-papierosa, kt\u00f3ry \u0142\u0105czy w sobie d\u0142ugotrwa\u0142\u0105 wydajno\u015b\u0107, nowoczesne funkcje i odwa\u017cne smaki, to <strong data-start=\"517\" data-end=\"546\">Bang King Vape 35000 Chmur<\/strong> zosta\u0142 stworzony, aby zrobi\u0107 wra\u017cenie. Zaprojektowany z <strong data-start=\"584\" data-end=\"609\">inteligentny wy\u015bwietlacz cyfrowy<\/strong> i zasilany przez <strong data-start=\"627\" data-end=\"659\">akumulatorem 1000 mAh z mo\u017cliwo\u015bci\u0105 ponownego \u0142adowania<\/strong>, to urz\u0105dzenie przenosi wygod\u0119 wapowania na wy\u017cszy poziom, zachowuj\u0105c elegancki wygl\u0105d i mieszcz\u0105c si\u0119 w kieszeni.<\/p>\n<h4 data-start=\"760\" data-end=\"797\">35 000 Zaci\u0105gni\u0119\u0107 Czystej Przyjemno\u015bci<\/h4>\n<p data-start=\"798\" data-end=\"1171\">Dzi\u0119ki jego <strong data-start=\"807\" data-end=\"829\">Pojemno\u015b\u0107 zbiornika na e-liquid 23 ml<\/strong> i zaawansowan\u0105 <strong data-start=\"843\" data-end=\"863\">systemem grza\u0142ki siatkowej<\/strong>, Bang King Vape gwarantuje sp\u00f3jno\u015b\u0107 od pierwszego do ostatniego zaci\u0105gni\u0119cia. Ka\u017cde zaci\u0105gni\u0119cie zapewnia g\u0142adk\u0105 par\u0119 i bogaty smak bez suchych uderze\u0144, kt\u00f3re wyst\u0119puj\u0105 w wielu innych jednorazowych e-papierosach. Oferuj\u0105c do <strong data-start=\"1060\" data-end=\"1076\">35 000 zaci\u0105gni\u0119\u0107<\/strong>, jest to idealny wyb\u00f3r dla m\u0119\u017cczyzn, kt\u00f3rzy ceni\u0105 trwa\u0142o\u015b\u0107 i najwy\u017csz\u0105 jako\u015b\u0107 w jednym urz\u0105dzeniu.<\/p>\n<h4 data-start=\"1173\" data-end=\"1204\">Elastyczne opcje nikotyny<\/h4>\n<p data-start=\"1205\" data-end=\"1495\">Dostosowuj\u0105c si\u0119 do r\u00f3\u017cnych preferencji, ten jednorazowy e-papieros jest dost\u0119pny z <strong data-start=\"1272\" data-end=\"1312\">0%, 2%, 3% i 5% st\u0119\u017ceniach nikotyny<\/strong>. Niezale\u017cnie od tego, czy stopniowo ograniczasz, czy wolisz mocniejsze uderzenie, Bang King Vape dostosowuje si\u0119 do Twoich potrzeb, co czyni go doskona\u0142\u0105 opcj\u0105 hurtow\u0105 dla r\u00f3\u017cnych rynk\u00f3w w ca\u0142ej Europie.<\/p>\n<h4 data-start=\"1497\" data-end=\"1542\">Inteligentny Wy\u015bwietlacz Cyfrowy dla Pe\u0142nej Kontroli<\/h4>\n<p data-start=\"1543\" data-end=\"1881\">Koniec z zgadywaniem. Wbudowany ekran pokazuje Tw\u00f3j <strong data-start=\"1593\" data-end=\"1632\">poziom na\u0142adowania baterii i pojemno\u015b\u0107 e-liquidu<\/strong> w czasie rzeczywistym, dzi\u0119ki czemu zawsze wiesz, kiedy nadszed\u0142 czas na na\u0142adowanie lub wymian\u0119. Ta funkcja odr\u00f3\u017cnia go od tradycyjnych jednorazowych e-papieros\u00f3w i stawia go w tej samej klasie premium, co popularne modele, takie jak <strong data-start=\"1830\" data-end=\"1878\">Elf Bar GH23000 Jednorazowy Pod Vape z Nikotyn\u0105<\/strong>.<\/p>\n<h4 data-start=\"1883\" data-end=\"1915\">Szybkie \u0141adowanie przez Type-C<\/h4>\n<p data-start=\"1916\" data-end=\"2180\">Wyposa\u017cony w <strong data-start=\"1930\" data-end=\"1953\">szybkie \u0142adowanie USB-C<\/strong>, bateria 1000 mAh jest gotowa do u\u017cycia w kr\u00f3tkim czasie. To sprawia, \u017ce jest to szczeg\u00f3lnie atrakcyjne dla nabywc\u00f3w hurtowych poszukuj\u0105cych jednorazowego e-papierosa, kt\u00f3ry \u0142\u0105czy wygod\u0119 wielokrotnego u\u017cytku z prostot\u0105 wst\u0119pnie nape\u0142nionych wk\u0142ad\u00f3w.<\/p>\n<p>&nbsp;<\/p>\n<p><span style=\"color: #ff0000;\"><strong>Dodaj Amy na WhatsApp, aby uzyska\u0107 szybk\u0105 odpowied\u017a i kupon na vape!<\/strong><\/span><\/p>\n<p><img fetchpriority=\"high\" decoding=\"async\" class=\"size-full wp-image-2932\" src=\"https:\/\/vapestornado.com\/wp-content\/uploads\/2024\/12\/Vape-Wholesale.jpg\" alt=\"Hurtowa sprzeda\u017c e-papieros\u00f3w\" width=\"229\" height=\"300\" \/><\/p>\n<h3><a href=\"https:\/\/wa.me\/8617776015835\" target=\"_blank\" rel=\"noopener\"><span style=\"color: #ff0000;\"><strong>WhatsApp: +86 17776015835<\/strong><\/span><\/a><\/h3>\n<p>&nbsp;<\/p>\n<h2 class=\"product-title\"><strong>Bang King Vape 35000 Cechy Produktu<\/strong><\/h2>\n<div role=\"article\" data-tabster=\"{&quot;groupper&quot;:{&quot;tabbability&quot;:2},&quot;focusable&quot;:{}}\" data-content=\"ai-message\" aria-labelledby=\"juhNTJ6o7Gk1cgwZMJgv2-author juhNTJ6o7Gk1cgwZMJgv2-content\">\n<div id=\"juhNTJ6o7Gk1cgwZMJgv2-content\">\n<div role=\"article\" data-tabster=\"{&quot;groupper&quot;:{&quot;tabbability&quot;:2},&quot;focusable&quot;:{}}\" data-content=\"ai-message\" aria-labelledby=\"x4EZuCZWrTbh3weWUt7CU-author x4EZuCZWrTbh3weWUt7CU-content\">\n<div id=\"x4EZuCZWrTbh3weWUt7CU-content\">\n<div class=\"flex max-w-full flex-col flex-grow\">\n<div class=\"min-h-8 text-message flex w-full flex-col items-end gap-2 whitespace-normal break-words text-start [.text-message+&amp;]:mt-5\" dir=\"auto\" data-message-author-role=\"assistant\" data-message-id=\"52c6e00a-252f-4104-805d-2f1a84739c71\" data-message-model-slug=\"gpt-4o\">\n<div class=\"flex w-full flex-col gap-1 empty:hidden first:pt-[3px]\">\n<div class=\"markdown prose w-full break-words dark:prose-invert light\">\n<ol>\n<li><strong>35 000 Zaci\u0105gni\u0119\u0107<\/strong>: Wyj\u0105tkowa liczba zaci\u0105gni\u0119\u0107 dla d\u0142ugotrwa\u0142ej satysfakcji.<\/li>\n<li><strong>Inteligentny cyfrowy wy\u015bwietlacz<\/strong>: Pokazuje poziom baterii i e-liquidu dla \u0142atwo\u015bci u\u017cycia.<\/li>\n<li><strong>23ml Pojemno\u015b\u0107 E-liquidu<\/strong>: Du\u017ca pojemno\u015b\u0107 na d\u0142u\u017csze sesje wapowania.<\/li>\n<li><strong>Technologia Mesh Coil<\/strong>: Wzmacnia smak i zapewnia sta\u0142\u0105 wydajno\u015b\u0107.<\/li>\n<li><strong>Akumulator 1000mAh<\/strong>: Niezawodna moc z szybkim \u0142adowaniem przez USB-C.<\/li>\n<li><strong>Ochrona przed suchym spalaniem<\/strong>: Gwarantuje g\u0142adkie i satysfakcjonuj\u0105ce zaci\u0105gni\u0119cia.<\/li>\n<\/ol>\n<\/div>\n<\/div>\n<\/div>\n<\/div>\n<div class=\"mb-2 flex gap-3 empty:hidden -ml-2\"><img decoding=\"async\" class=\"wp-image-3635 size-full\" src=\"https:\/\/vapestornado.com\/wp-content\/uploads\/2025\/01\/Bang-King-35000-Puffs-Disposable-Vapes-Wholesale.jpg\" alt=\"Hurt jednorazowych e-papieros\u00f3w Bang King 35000 Puffs\" width=\"800\" height=\"800\" srcset=\"https:\/\/vapestornado.com\/wp-content\/uploads\/2025\/01\/Bang-King-35000-Puffs-Disposable-Vapes-Wholesale.jpg 800w, https:\/\/vapestornado.com\/wp-content\/uploads\/2025\/01\/Bang-King-35000-Puffs-Disposable-Vapes-Wholesale-300x300.jpg 300w, https:\/\/vapestornado.com\/wp-content\/uploads\/2025\/01\/Bang-King-35000-Puffs-Disposable-Vapes-Wholesale-150x150.jpg 150w, https:\/\/vapestornado.com\/wp-content\/uploads\/2025\/01\/Bang-King-35000-Puffs-Disposable-Vapes-Wholesale-768x768.jpg 768w, https:\/\/vapestornado.com\/wp-content\/uploads\/2025\/01\/Bang-King-35000-Puffs-Disposable-Vapes-Wholesale-600x600.jpg 600w, https:\/\/vapestornado.com\/wp-content\/uploads\/2025\/01\/Bang-King-35000-Puffs-Disposable-Vapes-Wholesale-100x100.jpg 100w\" sizes=\"(max-width: 800px) 100vw, 800px\" \/><\/div>\n<\/div>\n<\/div>\n<\/div>\n<\/div>\n<h2 class=\"product-title\"><strong>Popularne Smaki dla Bang King Vape 35000<\/strong><strong>\u00a0<\/strong><strong>Jednorazowe E-papierosy<\/strong><\/h2>\n<p>Bang King Vape 35000 zapewnia zr\u00f3\u017cnicowan\u0105 i ekscytuj\u0105c\u0105 gam\u0119 opcji dla Twojej linii produkt\u00f3w, zaspokajaj\u0105c r\u00f3\u017cne preferencje smakowe! Poni\u017cej znajdziesz popularne smaki na podstawie naszych danych sprzeda\u017cy i opinii klient\u00f3w.<\/p>\n<p>1.Truskawka Mango <strong><span style=\"color: #ff0000;\">&gt;&gt;&gt; Gor\u0105ce !<\/span><\/strong><br \/>\n2.Mi\u0142o\u015b\u010766<br \/>\n3.Niebieska Malina z Lodem <strong><span style=\"color: #ff0000;\">&gt;&gt;&gt; Gor\u0105ce !<\/span><\/strong><br \/>\n4. Truskawka Arbuz<br \/>\n5.Cytryna Mi\u0119ta<br \/>\n6.Podw\u00f3jne Jab\u0142ko<br \/>\n7.Nap\u00f3j Energetyczny<br \/>\n8.Brzoskwinia lodowa<br \/>\n9.Truskawka Kiwi <strong><span style=\"color: #ff0000;\">&gt;&gt;&gt; Najlepsze !<\/span><\/strong><br \/>\n10. Winogrono L\u00f3d<br \/>\n11.Bor\u00f3wkowy L\u00f3d <strong><span style=\"color: #ff0000;\">&gt;&gt;&gt; Gor\u0105ce !<\/span><\/strong><br \/>\n12.Arbuz<\/p>\n<div class=\"flex-shrink-0 flex flex-col relative items-end\">\n<div class=\"pt-0\">\n<div class=\"gizmo-bot-avatar flex h-8 w-8 items-center justify-center overflow-hidden rounded-full\">\n<div class=\"relative p-1 rounded-sm flex items-center justify-center bg-token-main-surface-primary text-token-text-primary h-8 w-8\">\n<h2>FAQ dotycz\u0105ce BangKing Vape 35000 Smart<strong>\u00a0<\/strong>Jednorazowy e-papieros<\/h2>\n<h3><\/h3>\n<ol>\n<li><strong>Ile zaci\u0105gni\u0119\u0107 zapewnia Bang King 35000?<\/strong><br \/>\nCyfrowy ekran <strong>Bang King 35000<\/strong> oferuje zdumiewaj\u0105c\u0105 liczb\u0119 <strong>35 000 zaci\u0105gni\u0119\u0107<\/strong>, co czyni go jednym z najd\u0142u\u017cej dzia\u0142aj\u0105cych dost\u0119pnych jednorazowych e-papieros\u00f3w.<\/li>\n<li><strong>Jaka jest pojemno\u015b\u0107 e-liquidu w Bang King 35000 Vape?<\/strong><br \/>\nPosiada <strong>23 ml e-liquidu<\/strong>, zapewniaj\u0105c d\u0142ugotrwa\u0142e u\u017cytkowanie bez cz\u0119stego uzupe\u0142niania.<\/li>\n<li><strong>Czy BangKing 35000 ma akumulator?<\/strong><br \/>\nTak, zawiera <strong>akumulatorem 1000 mAh z mo\u017cliwo\u015bci\u0105 ponownego \u0142adowania<\/strong> z <strong>\u0141adowanie przez USB-C<\/strong>, oferuj\u0105c zr\u00f3wnowa\u017cone i wygodne u\u017cytkowanie.<\/li>\n<li><strong>Co sprawia, \u017ce inteligentny wy\u015bwietlacz cyfrowy jest wyj\u0105tkowy?<\/strong><br \/>\nCyfrowy ekran <strong>cyfrowy wy\u015bwietlacz<\/strong> pokazuje istotne szczeg\u00f3\u0142y, takie jak <strong>procent na\u0142adowania baterii<\/strong> i <strong>poziom\u00f3w e-liquidu<\/strong>, co u\u0142atwia \u015bledzenie zu\u017cycia.<\/li>\n<li><strong>Gdzie mog\u0119 kupi\u0107 Bang King Vape 35000 Puff w cenach hurtowych?<\/strong><br \/>\nAby uzyska\u0107 najlepsze <strong>cen hurtowych<\/strong>, odwied\u017a <strong>Vapestornado Sklep z e-papierosami online<\/strong>, oferuj\u0105c doskona\u0142e oferty i szerok\u0105 gam\u0119 produkt\u00f3w.<\/li>\n<\/ol>\n<div class=\"flex max-w-full flex-col flex-grow\">\n<div class=\"min-h-8 text-message flex w-full flex-col items-end gap-2 whitespace-normal break-words text-start [.text-message+&amp;]:mt-5\" dir=\"auto\" data-message-author-role=\"assistant\" data-message-id=\"4dc48248-df95-45bd-b800-6dedb43cf7f1\" data-message-model-slug=\"gpt-4o\">\n<div class=\"flex w-full flex-col gap-1 empty:hidden first:pt-[3px]\"><\/div>\n<\/div>\n<\/div>\n<\/div>\n<\/div>\n<\/div>\n<\/div>\n<div class=\"flex-shrink-0 flex flex-col relative items-end\">\n<div class=\"pt-0\">\n<div class=\"gizmo-bot-avatar flex h-8 w-8 items-center justify-center overflow-hidden rounded-full\">\n<div class=\"relative p-1 rounded-sm flex items-center justify-center bg-token-main-surface-primary text-token-text-primary h-8 w-8\">\n<div class=\"mb-2 flex gap-3 empty:hidden -ml-2\">\n<div role=\"article\" data-tabster=\"{&quot;groupper&quot;:{&quot;tabbability&quot;:2},&quot;focusable&quot;:{}}\" data-content=\"ai-message\" aria-labelledby=\"Vdt5ez4X7Tg813x6rFVha-author Vdt5ez4X7Tg813x6rFVha-content\">\n<div id=\"Vdt5ez4X7Tg813x6rFVha-content\">\n<div role=\"article\" data-tabster=\"{&quot;groupper&quot;:{&quot;tabbability&quot;:2},&quot;focusable&quot;:{}}\" data-content=\"ai-message\" aria-labelledby=\"o968oC7CEo2fGHsGdsRYC-author o968oC7CEo2fGHsGdsRYC-content\">\n<div id=\"o968oC7CEo2fGHsGdsRYC-content\">\n<h2>Dlaczego warto wybra\u0107 vapestornado do zakupu hurtowego Bang King Vape 35k Puff?<\/h2>\n<div class=\"flex-shrink-0 flex flex-col relative items-end\">\n<div class=\"pt-0\">\n<div class=\"gizmo-bot-avatar flex h-8 w-8 items-center justify-center overflow-hidden rounded-full\">\n<div class=\"relative p-1 rounded-sm flex items-center justify-center bg-token-main-surface-primary text-token-text-primary h-8 w-8\">\n<p>Witamy w vapestornado, Twoim zaufanym sklepie internetowym z papierosami elektronicznymi premium. Z ponad 5-letnim do\u015bwiadczeniem, oferujemy popularne marki jednorazowych papieros\u00f3w elektronicznych, takie jak Fumot RandM Vape, <a href=\"https:\/\/vapestornado.com\/pl\/product-category\/vapme-shisha\/\">Vapme<\/a>, Bang Vape, Waspe Vape, and WGA Vape, itp.<\/p>\n<p>Nasza oferta obejmuje popularne e-papierosy, takie jak <a href=\"https:\/\/vapestornado.com\/pl\/product\/randm-12000-puffs-fumot-digital-disposable-vape-wholesale-price\/\">RandM Tornado 12000<\/a>, oraz bogate w smaku opcje, takie jak <a href=\"https:\/\/vapestornado.com\/pl\/product\/wga-crystal-pro-max-extra-15000-puffs-rechargeable-disposable-vape-wholesale-bulk-buy\/\">\u00a0WGA Crystal 15k Zaci\u0105gni\u0119\u0107<\/a> . Ka\u017cdy produkt jest wybierany z my\u015bl\u0105 o jako\u015bci, warto\u015bci i r\u00f3\u017cnorodno\u015bci, dzi\u0119ki czemu znajdziesz idealne dopasowanie do swoich potrzeb. Odkryj wyj\u0105tkow\u0105 obs\u0142ug\u0119 i szerok\u0105 gam\u0119 najlepszych produkt\u00f3w w cenach hurtowych na vapestornado.<\/p>\n<\/div>\n<p>&nbsp;<\/p>\n<p><strong>Inne popularne jednorazowe e-papierosy<\/strong><\/p>\n<p><a href=\"https:\/\/vapestornado.com\/pl\/product\/vozol-star-20000-puffs-disposable-vape-2-low-nicotine-bulk-buy-wholesale-cheap-price\/\">VOZOL Star 20000 Chmur <span style=\"color: #ff0000;\"><strong>&gt;&gt;&gt;&gt; Dalej !<\/strong><\/span><\/a><\/p>\n<p><a href=\"https:\/\/vapestornado.com\/pl\/product\/refillable-disposable-vape-bang-40000-puffs-with-smart-screen-display-wholesale\/\">Bang 40000 Chmur<span style=\"color: #ff0000;\"><strong>&gt;&gt;&gt;&gt; Dalej !<\/strong><\/span><\/a><\/p>\n<p><a href=\"https:\/\/vapestornado.com\/pl\/product\/puff-25k-bang-king-25000-puffs-rechargeable-disposable-vape-wholesale-bulk-buy\/\">Bang King 25000 <span style=\"color: #ff0000;\"><strong>&gt;&gt;&gt;&gt; Dalej !<\/strong><\/span><\/a><\/p>\n<\/div>\n<\/div>\n<\/div>\n<p>&nbsp;<\/p>\n<\/div>\n<\/div>\n<\/div>\n<\/div>\n<\/div>\n<\/div>\n<\/div>\n<\/div>\n<\/div>","protected":false},"excerpt":{"rendered":"<p>BangKing Vape 35000 zaci\u0105gni\u0119\u0107 2% niska nikotyna jednorazowy e-papieros hurt<br \/>\nBang King 35000 zaci\u0105gni\u0119\u0107 cyfrowy wy\u015bwietlacz jednorazowy e-papieros zakup hurtowy<br \/>\nBang King Vape 35k \u0142adowalny jednorazowy e-papieros niska cena<\/p>\n<p><strong>Dodaj Amy do WhatsAppa, aby uzyska\u0107 szybk\u0105 odpowied\u017a i kupon na vape!<\/strong><\/p>\n<p><img fetchpriority=\"high\" decoding=\"async\" class=\"size-full wp-image-2932\" src=\"https:\/\/vapestornado.com\/wp-content\/uploads\/2024\/12\/Vape-Wholesale.jpg\" alt=\"Hurtowa sprzeda\u017c e-papieros\u00f3w\" width=\"229\" height=\"300\" \/><\/p>\n<h3><a href=\"https:\/\/wa.me\/8617776015835\"><span style=\"color: #ff0000;\"><strong>WhatsApp: +86 17776015835<\/strong><\/span><\/a><\/h3>\n<p>&nbsp;<\/p>","protected":false},"featured_media":3636,"comment_status":"open","ping_status":"closed","template":"","meta":{"_acf_changed":false,"_uag_custom_page_level_css":"","_lmt_disableupdate":"no","_lmt_disable":"","_monsterinsights_skip_tracking":false,"_monsterinsights_sitenote_active":false,"_monsterinsights_sitenote_note":"","_monsterinsights_sitenote_category":0,"site-sidebar-layout":"default","site-content-layout":"","ast-site-content-layout":"default","site-content-style":"default","site-sidebar-style":"default","ast-global-header-display":"","ast-banner-title-visibility":"","ast-main-header-display":"","ast-hfb-above-header-display":"","ast-hfb-below-header-display":"","ast-hfb-mobile-header-display":"","site-post-title":"","ast-breadcrumbs-content":"","ast-featured-img":"","footer-sml-layout":"","ast-disable-related-posts":"","theme-transparent-header-meta":"default","adv-header-id-meta":"","stick-header-meta":"","header-above-stick-meta":"","header-main-stick-meta":"","header-below-stick-meta":"","astra-migrate-meta-layouts":"set","ast-page-background-enabled":"default","ast-page-background-meta":{"desktop":{"background-color":"","background-image":"","background-repeat":"repeat","background-position":"center center","background-size":"auto","background-attachment":"scroll","background-type":"","background-media":"","overlay-type":"","overlay-color":"","overlay-opacity":"","overlay-gradient":""},"tablet":{"background-color":"","background-image":"","background-repeat":"repeat","background-position":"center center","background-size":"auto","background-attachment":"scroll","background-type":"","background-media":"","overlay-type":"","overlay-color":"","overlay-opacity":"","overlay-gradient":""},"mobile":{"background-color":"","background-image":"","background-repeat":"repeat","background-position":"center center","background-size":"auto","background-attachment":"scroll","background-type":"","background-media":"","overlay-type":"","overlay-color":"","overlay-opacity":"","overlay-gradient":""}},"ast-content-background-meta":{"desktop":{"background-color":"var(--ast-global-color-5)","background-image":"","background-repeat":"repeat","background-position":"center center","background-size":"auto","background-attachment":"scroll","background-type":"","background-media":"","overlay-type":"","overlay-color":"","overlay-opacity":"","overlay-gradient":""},"tablet":{"background-color":"var(--ast-global-color-5)","background-image":"","background-repeat":"repeat","background-position":"center center","background-size":"auto","background-attachment":"scroll","background-type":"","background-media":"","overlay-type":"","overlay-color":"","overlay-opacity":"","overlay-gradient":""},"mobile":{"background-color":"var(--ast-global-color-5)","background-image":"","background-repeat":"repeat","background-position":"center center","background-size":"auto","background-attachment":"scroll","background-type":"","background-media":"","overlay-type":"","overlay-color":"","overlay-opacity":"","overlay-gradient":""}},"_joinchat":{"telephone":"+8617776015835"}},"product_brand":[],"product_cat":[175,63,152,157,160,143,144],"product_tag":[224,223,165,105,97,166,94],"class_list":{"0":"post-3639","1":"product","2":"type-product","3":"status-publish","4":"has-post-thumbnail","6":"product_cat-35000-puff","7":"product_cat-bangking","8":"product_cat-buy-disposable-vapes-in-cermany","9":"product_cat-buy-disposable-vapes-in-portugal","10":"product_cat-buy-disposable-vapes-in-switzerland","11":"product_cat-dual-mesh-disposable-vapes","12":"product_cat-low-nicotine-disposable-vapes","13":"product_tag-bang-king-35000","14":"product_tag-bang-king-vape-35000","15":"product_tag-cheap-vapes","16":"product_tag-digital-disposable-vape","17":"product_tag-hot-sale-disposable-vape","18":"product_tag-low-nicotine-vape","19":"product_tag-rechargeable-disposable-vape","20":"desktop-align-left","21":"tablet-align-left","22":"mobile-align-left","24":"first","25":"instock","26":"sale","27":"shipping-taxable","28":"purchasable","29":"product-type-simple"},"acf":[],"uagb_featured_image_src":{"full":["https:\/\/vapestornado.com\/wp-content\/uploads\/2025\/01\/Bang-King-Vape-35000-Puffs-Wholesale.webp",800,800,false],"thumbnail":["https:\/\/vapestornado.com\/wp-content\/uploads\/2025\/01\/Bang-King-Vape-35000-Puffs-Wholesale-150x150.webp",150,150,true],"medium":["https:\/\/vapestornado.com\/wp-content\/uploads\/2025\/01\/Bang-King-Vape-35000-Puffs-Wholesale-300x300.webp",300,300,true],"medium_large":["https:\/\/vapestornado.com\/wp-content\/uploads\/2025\/01\/Bang-King-Vape-35000-Puffs-Wholesale-768x768.webp",768,768,true],"large":["https:\/\/vapestornado.com\/wp-content\/uploads\/2025\/01\/Bang-King-Vape-35000-Puffs-Wholesale.webp",800,800,false],"1536x1536":["https:\/\/vapestornado.com\/wp-content\/uploads\/2025\/01\/Bang-King-Vape-35000-Puffs-Wholesale.webp",800,800,false],"2048x2048":["https:\/\/vapestornado.com\/wp-content\/uploads\/2025\/01\/Bang-King-Vape-35000-Puffs-Wholesale.webp",800,800,false],"trp-custom-language-flag":["https:\/\/vapestornado.com\/wp-content\/uploads\/2025\/01\/Bang-King-Vape-35000-Puffs-Wholesale.webp",12,12,false],"woocommerce_thumbnail":["https:\/\/vapestornado.com\/wp-content\/uploads\/2025\/01\/Bang-King-Vape-35000-Puffs-Wholesale-300x300.webp",300,300,true],"woocommerce_single":["https:\/\/vapestornado.com\/wp-content\/uploads\/2025\/01\/Bang-King-Vape-35000-Puffs-Wholesale-600x600.webp",600,600,true],"woocommerce_gallery_thumbnail":["https:\/\/vapestornado.com\/wp-content\/uploads\/2025\/01\/Bang-King-Vape-35000-Puffs-Wholesale-100x100.webp",100,100,true]},"uagb_author_info":{"display_name":"ESAMY","author_link":"https:\/\/vapestornado.com\/pl\/author\/"},"uagb_comment_info":0,"uagb_excerpt":"BangKing Vape 35000 Puffs 2% Low Nicotine Disposable Vape Wholesale Bang King 35000 Puff \u00a0Digital Display Disposable Vape Bulk Buy Bang King Vape 35k Rechargeable Disposable Vape Cheap Price Add Amy's whatsapp get right reply and vape coupon! WhatsApp: +86 17776015835 &nbsp;","_links":{"self":[{"href":"https:\/\/vapestornado.com\/pl\/wp-json\/wp\/v2\/product\/3639","targetHints":{"allow":["GET"]}}],"collection":[{"href":"https:\/\/vapestornado.com\/pl\/wp-json\/wp\/v2\/product"}],"about":[{"href":"https:\/\/vapestornado.com\/pl\/wp-json\/wp\/v2\/types\/product"}],"replies":[{"embeddable":true,"href":"https:\/\/vapestornado.com\/pl\/wp-json\/wp\/v2\/comments?post=3639"}],"wp:featuredmedia":[{"embeddable":true,"href":"https:\/\/vapestornado.com\/pl\/wp-json\/wp\/v2\/media\/3636"}],"wp:attachment":[{"href":"https:\/\/vapestornado.com\/pl\/wp-json\/wp\/v2\/media?parent=3639"}],"wp:term":[{"taxonomy":"product_brand","embeddable":true,"href":"https:\/\/vapestornado.com\/pl\/wp-json\/wp\/v2\/product_brand?post=3639"},{"taxonomy":"product_cat","embeddable":true,"href":"https:\/\/vapestornado.com\/pl\/wp-json\/wp\/v2\/product_cat?post=3639"},{"taxonomy":"product_tag","embeddable":true,"href":"https:\/\/vapestornado.com\/pl\/wp-json\/wp\/v2\/product_tag?post=3639"}],"curies":[{"name":"wp","href":"https:\/\/api.w.org\/{rel}","templated":true}]}}