{"id":3631,"date":"2025-01-02T09:26:09","date_gmt":"2025-01-02T09:26:09","guid":{"rendered":"https:\/\/vapestornado.com\/?post_type=product&#038;p=3631"},"modified":"2025-08-23T09:38:46","modified_gmt":"2025-08-23T09:38:46","slug":"uwin-tornado-vape-music-35000-puffs-wholesale-price","status":"publish","type":"product","link":"https:\/\/vapestornado.com\/pl\/product\/uwin-tornado-vape-music-35000-puffs-wholesale-price\/","title":{"rendered":"UWIN Tornado Vape Music 35000 Zaci\u0105gni\u0119\u0107 Cena Hurtowa"},"content":{"rendered":"<h1>UWIN Tornado Vape Music 35000 Zaci\u0105gni\u0119\u0107 Cena Hurtowa<\/h1>\n<p>&nbsp;<\/p>\n<div role=\"article\" data-tabster=\"{&quot;groupper&quot;:{&quot;tabbability&quot;:2},&quot;focusable&quot;:{}}\" data-content=\"ai-message\" aria-labelledby=\"64JRvXrTnY7mRmPkEQLLT-author 64JRvXrTnY7mRmPkEQLLT-content\">\n<div id=\"64JRvXrTnY7mRmPkEQLLT-content\">\n<p data-start=\"318\" data-end=\"611\">Cyfrowy ekran <strong data-start=\"322\" data-end=\"377\">UWIN Tornado Vape Music 35000 Puffs Jednorazowy Vape<\/strong> \u0142\u0105czy du\u017c\u0105 pojemno\u015b\u0107, wydajno\u015b\u0107 i unikalny design zar\u00f3wno dla indywidualnych u\u017cytkownik\u00f3w, jak i nabywc\u00f3w hurtowych. Z maksymalnie <strong data-start=\"492\" data-end=\"508\">35 000 zaci\u0105gni\u0119\u0107<\/strong> i <strong data-start=\"513\" data-end=\"535\">16 wyj\u0105tkowych smak\u00f3w<\/strong>, zapewnia d\u0142ugotrwa\u0142e u\u017cytkowanie i r\u00f3\u017cnorodno\u015b\u0107 dopasowan\u0105 do r\u00f3\u017cnych preferencji.<\/p>\n<p data-start=\"613\" data-end=\"882\">Dost\u0119pne w <strong data-start=\"626\" data-end=\"667\">0%, 2%, 3% i 5% st\u0119\u017ceniach nikotyny<\/strong>, ten vape zaspokaja potrzeby szerokiego grona odbiorc\u00f3w. System <strong data-start=\"710\" data-end=\"728\">1.0\u03a9 siatkowa grza\u0142ka<\/strong> zapewnia p\u0142ynn\u0105 produkcj\u0119 pary, podczas gdy <strong data-start=\"772\" data-end=\"803\">akumulator o pojemno\u015bci 650 mAh<\/strong> z <strong data-start=\"809\" data-end=\"833\">Szybkie \u0142adowanie typu C<\/strong> dostarcza niezawodn\u0105 moc do d\u0142u\u017cszych sesji.<\/p>\n<p data-start=\"884\" data-end=\"1179\">Jego wyr\u00f3\u017cniaj\u0105cy si\u0119 <strong data-start=\"897\" data-end=\"920\">system o\u015bwietlenia RGB<\/strong> synchronizuje si\u0119 z rytmami muzyki, oferuj\u0105c interaktywne wra\u017cenia obok sta\u0142ego smaku i wydajno\u015bci. Pakowany w <strong data-start=\"1037\" data-end=\"1058\">kartony po 160 sztuk<\/strong> (21 kg na karton), <strong data-start=\"1082\" data-end=\"1102\">UWIN Tornado 35K<\/strong> jest zaprojektowany z my\u015bl\u0105 o efektywnej dystrybucji hurtowej i silnym popycie detalicznym.<\/p>\n<figure id=\"attachment_3652\" aria-describedby=\"caption-attachment-3652\" style=\"width: 669px\" class=\"wp-caption alignnone\"><img fetchpriority=\"high\" decoding=\"async\" class=\"wp-image-3652\" src=\"https:\/\/vapestornado.com\/wp-content\/uploads\/2025\/01\/Cheap-Price-Uwin-Tornado-35k-Puffs-Vape.jpg\" alt=\"Tania Cena Uwin Tornado 35k Zaci\u0105gni\u0119\u0107 Vape\" width=\"669\" height=\"669\" srcset=\"https:\/\/vapestornado.com\/wp-content\/uploads\/2025\/01\/Cheap-Price-Uwin-Tornado-35k-Puffs-Vape.jpg 800w, https:\/\/vapestornado.com\/wp-content\/uploads\/2025\/01\/Cheap-Price-Uwin-Tornado-35k-Puffs-Vape-300x300.jpg 300w, https:\/\/vapestornado.com\/wp-content\/uploads\/2025\/01\/Cheap-Price-Uwin-Tornado-35k-Puffs-Vape-150x150.jpg 150w, https:\/\/vapestornado.com\/wp-content\/uploads\/2025\/01\/Cheap-Price-Uwin-Tornado-35k-Puffs-Vape-768x768.jpg 768w, https:\/\/vapestornado.com\/wp-content\/uploads\/2025\/01\/Cheap-Price-Uwin-Tornado-35k-Puffs-Vape-600x600.jpg 600w, https:\/\/vapestornado.com\/wp-content\/uploads\/2025\/01\/Cheap-Price-Uwin-Tornado-35k-Puffs-Vape-100x100.jpg 100w\" sizes=\"(max-width: 669px) 100vw, 669px\" \/><figcaption id=\"caption-attachment-3652\" class=\"wp-caption-text\">Tania Cena Uwin Tornado 35k Zaci\u0105gni\u0119\u0107 Vape<\/figcaption><\/figure>\n<\/div>\n<\/div>\n<p><img decoding=\"async\" class=\"alignleft wp-image-2951 size-medium\" src=\"https:\/\/vapestornado.com\/wp-content\/uploads\/2024\/12\/Wholesale-Disposable-Vape-265x300.jpg\" alt=\"Hurtownia jednorazowych vape\" width=\"265\" height=\"300\" srcset=\"https:\/\/vapestornado.com\/wp-content\/uploads\/2024\/12\/Wholesale-Disposable-Vape-265x300.jpg 265w, https:\/\/vapestornado.com\/wp-content\/uploads\/2024\/12\/Wholesale-Disposable-Vape-768x871.jpg 768w, https:\/\/vapestornado.com\/wp-content\/uploads\/2024\/12\/Wholesale-Disposable-Vape-600x680.jpg 600w, https:\/\/vapestornado.com\/wp-content\/uploads\/2024\/12\/Wholesale-Disposable-Vape.jpg 823w\" sizes=\"(max-width: 265px) 100vw, 265px\" \/><\/p>\n<h5>Skontaktuj si\u0119 z Mandy przez WhatsApp, aby uzyska\u0107 cen\u0119 promocyjn\u0105<a href=\"https:\/\/wa.me\/8618077105796\" target=\"_blank\" rel=\"noopener\">+8618077105796<\/a><\/h5>\n<div class=\"flex max-w-full flex-col flex-grow\">\n<div class=\"min-h-8 text-message flex w-full flex-col items-end gap-2 whitespace-normal break-words text-start [.text-message+&amp;]:mt-5\" dir=\"auto\" data-message-author-role=\"assistant\" data-message-id=\"cdb991c0-f594-4bff-b2d5-fbbdd7ce9e54\" data-message-model-slug=\"gpt-4o-mini\">\n<div class=\"flex w-full flex-col gap-1 empty:hidden first:pt-[3px]\">\n<div class=\"markdown prose w-full break-words dark:prose-invert light\"><\/div>\n<\/div>\n<\/div>\n<\/div>\n<div class=\"mb-2 flex gap-3 empty:hidden -ml-2\">\n<h2>UWIN Tornado Vape Music 35000 Zaci\u0105gni\u0119\u0107 Kluczowe Cechy:<\/h2>\n<ul>\n<li><strong>Opcje Nikotyny<\/strong>: 0%, 2%, 3%, 5% \u2013 Dostosowane do r\u00f3\u017cnych preferencji.<\/li>\n<li><strong>Zaci\u0105gni\u0119\u0107<\/strong>: 35 000 \u2013 Wyj\u0105tkowa trwa\u0142o\u015b\u0107 dla nieprzerwanego do\u015bwiadczenia wapowania.<\/li>\n<li><strong>Ilo\u015b\u0107 w kartonie<\/strong>: 160 szt. \u2013 Idealne do sprzeda\u017cy hurtowej i dystrybucji na du\u017c\u0105 skal\u0119.<\/li>\n<li><strong>Smaki<\/strong>: 16 \u2013 Szeroki wyb\u00f3r, aby zaspokoi\u0107 ka\u017cdy profil smakowy.<\/li>\n<li><strong>Bateria<\/strong>: 650mAh Akumulator z portem Type-C \u2013 Niezawodna moc z szybkim \u0142adowaniem.<\/li>\n<li><strong>Cewka<\/strong>: Grza\u0142ka siatkowa 1,0-ohm \u2013 Zapewnia p\u0142ynn\u0105 i sp\u00f3jn\u0105 produkcj\u0119 pary.<\/li>\n<li><strong>Waga kartonu<\/strong>: 21kg \u2013 Solidne opakowanie u\u0142atwiaj\u0105ce obs\u0142ug\u0119.<\/li>\n<li><strong>Wymiary kartonu<\/strong>: Kompaktowe i zoptymalizowane do wydajnego przechowywania i wysy\u0142ki.<\/li>\n<li><strong>\u015awiat\u0142a RGB<\/strong>: \u017bywe o\u015bwietlenie dla nowoczesnej estetyki.<\/li>\n<li><strong>Dynamiczne o\u015bwietlenie<\/strong>: \u015awiat\u0142a bij\u0105 w rytm muzyki, tworz\u0105c wci\u0105gaj\u0105ce wra\u017cenia z wapowania.<\/li>\n<\/ul>\n<\/div>\n<h2>UWIN Tornado Music 35000 Zaci\u0105gni\u0119\u0107 Jednorazowe Vapes Smak:<\/h2>\n<p>1. Jagoda Malina<br \/>\n2.Winogronowy L\u00f3d<br \/>\n3. Truskawka Arbuz<br \/>\n4.Bor\u00f3wka Ameryka\u0144ska Z Lodem<br \/>\n5. Arbuzowy L\u00f3d<br \/>\n6.Wi\u015bniowy L\u00f3d<br \/>\n7.Truskawka Malina Wi\u015bnia L\u00f3d<br \/>\n8.Kiwi Marakuja Gujawa<br \/>\n9. L\u00f3d Truskawkowy<br \/>\n10.Brzoskwinia Mango Ananas<br \/>\n11. Jagoda Wi\u015bnia \u017burawina<br \/>\n12.Brzoskwiniowa Jagoda<br \/>\n13.Cola Wi\u015bniowa<br \/>\n14.Mieszanka Jag\u00f3d<br \/>\n15.Pan Niebieski<br \/>\n16.Letnia Brzoskwinia z Lodem<\/p>\n<div role=\"article\" data-tabster=\"{&quot;groupper&quot;:{&quot;tabbability&quot;:2},&quot;focusable&quot;:{}}\" data-content=\"ai-message\" aria-labelledby=\"dARUyEWDoEYhnSPXFwx5A-author dARUyEWDoEYhnSPXFwx5A-content\">\n<div id=\"dARUyEWDoEYhnSPXFwx5A-content\">\n<h2>Dlaczego warto wybra\u0107 UWIN Tornado Vapes Music 35000 Puff <strong>\u00a0<\/strong>at <a href=\"https:\/\/vapestornado.com\/pl\/product\/bang-box-35k-puffs-high-capacity-long-lasting-disposable-vape\/\">vapestornado.com?<\/a><\/h2>\n<ul>\n<li><strong>Niezr\u00f3wnana pojemno\u015b\u0107 zaci\u0105gni\u0119\u0107<\/strong>: 35 000 zaci\u0105gni\u0119\u0107 na urz\u0105dzenie zapewnia wyj\u0105tkow\u0105 warto\u015b\u0107 i trwa\u0142o\u015b\u0107, przyci\u0105gaj\u0105c wi\u0119cej klient\u00f3w.<\/li>\n<li><strong>Innowacyjny design<\/strong>: Wyposa\u017cony w \u015bwiat\u0142a RGB, kt\u00f3re synchronizuj\u0105 si\u0119 z muzyk\u0105, zapewniaj\u0105c unikalne i wci\u0105gaj\u0105ce wra\u017cenia z wapowania, kt\u00f3re wyr\u00f3\u017cniaj\u0105 si\u0119 na rynku.<\/li>\n<li><strong>Wysokiej jako\u015bci komponenty<\/strong>: Posiada akumulator 650 mAh, port USB-C i grza\u0142k\u0119 siatkow\u0105 1,0-oma, co zapewnia sp\u00f3jne i niezawodne dzia\u0142anie.<\/li>\n<li><strong>R\u00f3\u017cnorodno\u015b\u0107 Smak\u00f3w<\/strong>: Dzi\u0119ki 16 r\u00f3\u017cnym smakom klienci mog\u0105 odkrywa\u0107 szerok\u0105 gam\u0119 smak\u00f3w, co zapewnia powracaj\u0105cych klient\u00f3w.<\/li>\n<li><strong>Opakowanie przyjazne dla zakup\u00f3w hurtowych<\/strong>: Ka\u017cdy karton zawiera 160 sztuk, co czyni go idealnym do operacji hurtowych i detalicznych.<\/li>\n<li><strong>Konkurencyjne ceny<\/strong>: vapestornado.com oferuje wiod\u0105ce w bran\u017cy ceny hurtowe, aby zmaksymalizowa\u0107 Twoje mar\u017ce zysku.<\/li>\n<li><strong>Zaufany Dostawca<\/strong>: Dzi\u0119ki zaanga\u017cowaniu w jako\u015b\u0107 i niezawodn\u0105 dostaw\u0119, vapestornado.com jest partnerem, kt\u00f3remu mo\u017cesz zaufa\u0107 w rozwoju swojej firmy.<\/li>\n<\/ul>\n<\/div>\n<\/div>\n<h2>Cz\u0119sto zadawane pytania dotycz\u0105ce UWIN Tornado Vape Music 35000 Puffs Vape Pods<\/h2>\n<ul>\n<li><strong>Co sprawia, \u017ce UWIN 35k puffs Tornado Vape Music jest wyj\u0105tkowy?<\/strong><br \/>\nUWIN Tornado wyr\u00f3\u017cnia si\u0119 <strong>pojemno\u015bci\u0105 35 000 zaci\u0105gni\u0119\u0107<\/strong>, \u015bwiat\u0142ami RGB, kt\u00f3re synchronizuj\u0105 si\u0119 z muzyk\u0105, oraz szerok\u0105 gam\u0105 <strong>16 wyj\u0105tkowych smak\u00f3w<\/strong>, oferuj\u0105c stylowe i wci\u0105gaj\u0105ce wra\u017cenia z wapowania.<\/li>\n<li><strong>Jakiej grza\u0142ki u\u017cywa UWIN Tornado Vape Music 35k puff?<\/strong><br \/>\nUWIN Tornado wyposa\u017cony jest w <strong>grza\u0142ka siatkowa o oporno\u015bci 1,0-ohm<\/strong>, zapewniaj\u0105c g\u0142adk\u0105, aromatyczn\u0105 i sp\u00f3jn\u0105 produkcj\u0119 pary przy ka\u017cdym zaci\u0105gni\u0119ciu.<\/li>\n<li><strong>Jak dzia\u0142aj\u0105 \u015bwiat\u0142a RGB?<\/strong><br \/>\n\u015awiat\u0142a RGB urz\u0105dzenia s\u0105 dynamiczne i pulsuj\u0105 w rytm muzyki, tworz\u0105c wizualnie atrakcyjne wra\u017cenia, kt\u00f3re uzupe\u0142niaj\u0105 jego nowoczesny design.<\/li>\n<li><strong>Dlaczego powinienem wybra\u0107 UWIN Tornado Vapes 35000 Puffs zamiast innych jednorazowych e-papieros\u00f3w?<\/strong><br \/>\nUWIN Tornado \u0142\u0105czy w sobie najwy\u017csz\u0105 jako\u015b\u0107, innowacyjne funkcje i niezr\u00f3wnan\u0105 pojemno\u015b\u0107 zaci\u0105gni\u0119\u0107, co czyni go najlepszym wyborem na rynku e-papieros\u00f3w z wy\u017cszej p\u00f3\u0142ki.<\/li>\n<\/ul>","protected":false},"excerpt":{"rendered":"<p><strong>UWIN Tornado Vape Music 35000 Zaci\u0105gni\u0119\u0107<\/strong>, rewolucja w jednorazowym waporyzowaniu. Dzi\u0119ki dynamicznym diodom LED synchronizuj\u0105cym si\u0119 z muzyk\u0105, ogromnej pojemno\u015bci 35 000 zaci\u0105gni\u0119\u0107 i \u0142adowalnej konstrukcji typu Type-C, ten waporyzator \u0142\u0105czy innowacyjno\u015b\u0107 ze stylem. Idealny dla hurtownik\u00f3w poszukuj\u0105cych urz\u0105dze\u0144 premium o wysokiej wydajno\u015bci w konkurencyjnych cenach.<\/p>\n<figure id=\"attachment_2951\" aria-describedby=\"caption-attachment-2951\" style=\"width: 265px\" class=\"wp-caption alignnone\"><img decoding=\"async\" class=\"size-medium wp-image-2951\" src=\"https:\/\/vapestornado.com\/wp-content\/uploads\/2024\/12\/Wholesale-Disposable-Vape-265x300.jpg\" alt=\"Hurtownia jednorazowych vape\" width=\"265\" height=\"300\" srcset=\"https:\/\/vapestornado.com\/wp-content\/uploads\/2024\/12\/Wholesale-Disposable-Vape-265x300.jpg 265w, https:\/\/vapestornado.com\/wp-content\/uploads\/2024\/12\/Wholesale-Disposable-Vape-768x871.jpg 768w, https:\/\/vapestornado.com\/wp-content\/uploads\/2024\/12\/Wholesale-Disposable-Vape-600x680.jpg 600w, https:\/\/vapestornado.com\/wp-content\/uploads\/2024\/12\/Wholesale-Disposable-Vape.jpg 823w\" sizes=\"(max-width: 265px) 100vw, 265px\" \/><figcaption id=\"caption-attachment-2951\" class=\"wp-caption-text\">Skontaktuj si\u0119 z Mandy przez WhatsApp, aby uzyska\u0107 cen\u0119 promocyjn\u0105\u00a0 <a href=\"https:\/\/wa.me\/8618077105796\">+8618077105796<\/a><\/figcaption><\/figure>\n<p>&nbsp;<\/p>","protected":false},"featured_media":3654,"comment_status":"open","ping_status":"closed","template":"","meta":{"_acf_changed":false,"_uag_custom_page_level_css":"","_lmt_disableupdate":"no","_lmt_disable":"","_monsterinsights_skip_tracking":false,"_monsterinsights_sitenote_active":false,"_monsterinsights_sitenote_note":"","_monsterinsights_sitenote_category":0,"site-sidebar-layout":"default","site-content-layout":"","ast-site-content-layout":"default","site-content-style":"default","site-sidebar-style":"default","ast-global-header-display":"","ast-banner-title-visibility":"","ast-main-header-display":"","ast-hfb-above-header-display":"","ast-hfb-below-header-display":"","ast-hfb-mobile-header-display":"","site-post-title":"","ast-breadcrumbs-content":"","ast-featured-img":"","footer-sml-layout":"","ast-disable-related-posts":"","theme-transparent-header-meta":"default","adv-header-id-meta":"","stick-header-meta":"","header-above-stick-meta":"","header-main-stick-meta":"","header-below-stick-meta":"","astra-migrate-meta-layouts":"set","ast-page-background-enabled":"default","ast-page-background-meta":{"desktop":{"background-color":"","background-image":"","background-repeat":"repeat","background-position":"center center","background-size":"auto","background-attachment":"scroll","background-type":"","background-media":"","overlay-type":"","overlay-color":"","overlay-opacity":"","overlay-gradient":""},"tablet":{"background-color":"","background-image":"","background-repeat":"repeat","background-position":"center center","background-size":"auto","background-attachment":"scroll","background-type":"","background-media":"","overlay-type":"","overlay-color":"","overlay-opacity":"","overlay-gradient":""},"mobile":{"background-color":"","background-image":"","background-repeat":"repeat","background-position":"center center","background-size":"auto","background-attachment":"scroll","background-type":"","background-media":"","overlay-type":"","overlay-color":"","overlay-opacity":"","overlay-gradient":""}},"ast-content-background-meta":{"desktop":{"background-color":"var(--ast-global-color-5)","background-image":"","background-repeat":"repeat","background-position":"center center","background-size":"auto","background-attachment":"scroll","background-type":"","background-media":"","overlay-type":"","overlay-color":"","overlay-opacity":"","overlay-gradient":""},"tablet":{"background-color":"var(--ast-global-color-5)","background-image":"","background-repeat":"repeat","background-position":"center center","background-size":"auto","background-attachment":"scroll","background-type":"","background-media":"","overlay-type":"","overlay-color":"","overlay-opacity":"","overlay-gradient":""},"mobile":{"background-color":"var(--ast-global-color-5)","background-image":"","background-repeat":"repeat","background-position":"center center","background-size":"auto","background-attachment":"scroll","background-type":"","background-media":"","overlay-type":"","overlay-color":"","overlay-opacity":"","overlay-gradient":""}},"_joinchat":{"telephone":"+8618077105796"}},"product_brand":[],"product_cat":[175,140,150,157,233],"product_tag":[97,133],"class_list":{"0":"post-3631","1":"product","2":"type-product","3":"status-publish","4":"has-post-thumbnail","6":"product_cat-35000-puff","7":"product_cat-big-puffs-disposable-vapes","8":"product_cat-buy-disposable-vapes-in-belgium","9":"product_cat-buy-disposable-vapes-in-portugal","10":"product_cat-uwin-vape","11":"product_tag-hot-sale-disposable-vape","12":"product_tag-uwin-tornado-35000","13":"desktop-align-left","14":"tablet-align-left","15":"mobile-align-left","17":"first","18":"instock","19":"sale","20":"shipping-taxable","21":"purchasable","22":"product-type-simple"},"acf":[],"uagb_featured_image_src":{"full":["https:\/\/vapestornado.com\/wp-content\/uploads\/2025\/01\/Good-Sale-Uwin-Tornado-35k-Puffs-Disposable-Vape.jpg",800,800,false],"thumbnail":["https:\/\/vapestornado.com\/wp-content\/uploads\/2025\/01\/Good-Sale-Uwin-Tornado-35k-Puffs-Disposable-Vape-150x150.jpg",150,150,true],"medium":["https:\/\/vapestornado.com\/wp-content\/uploads\/2025\/01\/Good-Sale-Uwin-Tornado-35k-Puffs-Disposable-Vape-300x300.jpg",300,300,true],"medium_large":["https:\/\/vapestornado.com\/wp-content\/uploads\/2025\/01\/Good-Sale-Uwin-Tornado-35k-Puffs-Disposable-Vape-768x768.jpg",768,768,true],"large":["https:\/\/vapestornado.com\/wp-content\/uploads\/2025\/01\/Good-Sale-Uwin-Tornado-35k-Puffs-Disposable-Vape.jpg",800,800,false],"1536x1536":["https:\/\/vapestornado.com\/wp-content\/uploads\/2025\/01\/Good-Sale-Uwin-Tornado-35k-Puffs-Disposable-Vape.jpg",800,800,false],"2048x2048":["https:\/\/vapestornado.com\/wp-content\/uploads\/2025\/01\/Good-Sale-Uwin-Tornado-35k-Puffs-Disposable-Vape.jpg",800,800,false],"trp-custom-language-flag":["https:\/\/vapestornado.com\/wp-content\/uploads\/2025\/01\/Good-Sale-Uwin-Tornado-35k-Puffs-Disposable-Vape.jpg",12,12,false],"woocommerce_thumbnail":["https:\/\/vapestornado.com\/wp-content\/uploads\/2025\/01\/Good-Sale-Uwin-Tornado-35k-Puffs-Disposable-Vape-300x300.jpg",300,300,true],"woocommerce_single":["https:\/\/vapestornado.com\/wp-content\/uploads\/2025\/01\/Good-Sale-Uwin-Tornado-35k-Puffs-Disposable-Vape-600x600.jpg",600,600,true],"woocommerce_gallery_thumbnail":["https:\/\/vapestornado.com\/wp-content\/uploads\/2025\/01\/Good-Sale-Uwin-Tornado-35k-Puffs-Disposable-Vape-100x100.jpg",100,100,true]},"uagb_author_info":{"display_name":"ESMANDY","author_link":"https:\/\/vapestornado.com\/pl\/author\/"},"uagb_comment_info":0,"uagb_excerpt":"UWIN Tornado Vape Music 35000 Puffs, a game-changer in disposable vaping. With its dynamic music-synced LED lights, massive 35,000 puffs capacity, and rechargeable Type-C design, this vape blends innovation with style. Perfect for wholesalers seeking premium, high-performance devices at competitive prices. [caption id=\"attachment_2951\" align=\"alignnone\" width=\"265\"] Pls Contact Mandy's WhatsApp For Discount Price\u00a0 +8618077105796[\/caption] &nbsp;","_links":{"self":[{"href":"https:\/\/vapestornado.com\/pl\/wp-json\/wp\/v2\/product\/3631","targetHints":{"allow":["GET"]}}],"collection":[{"href":"https:\/\/vapestornado.com\/pl\/wp-json\/wp\/v2\/product"}],"about":[{"href":"https:\/\/vapestornado.com\/pl\/wp-json\/wp\/v2\/types\/product"}],"replies":[{"embeddable":true,"href":"https:\/\/vapestornado.com\/pl\/wp-json\/wp\/v2\/comments?post=3631"}],"wp:featuredmedia":[{"embeddable":true,"href":"https:\/\/vapestornado.com\/pl\/wp-json\/wp\/v2\/media\/3654"}],"wp:attachment":[{"href":"https:\/\/vapestornado.com\/pl\/wp-json\/wp\/v2\/media?parent=3631"}],"wp:term":[{"taxonomy":"product_brand","embeddable":true,"href":"https:\/\/vapestornado.com\/pl\/wp-json\/wp\/v2\/product_brand?post=3631"},{"taxonomy":"product_cat","embeddable":true,"href":"https:\/\/vapestornado.com\/pl\/wp-json\/wp\/v2\/product_cat?post=3631"},{"taxonomy":"product_tag","embeddable":true,"href":"https:\/\/vapestornado.com\/pl\/wp-json\/wp\/v2\/product_tag?post=3631"}],"curies":[{"name":"wp","href":"https:\/\/api.w.org\/{rel}","templated":true}]}}