{"id":3624,"date":"2025-01-02T07:15:34","date_gmt":"2025-01-02T07:15:34","guid":{"rendered":"https:\/\/vapestornado.com\/?post_type=product&#038;p=3624"},"modified":"2025-08-23T11:39:50","modified_gmt":"2025-08-23T11:39:50","slug":"vozol-star-20000-puffs-disposable-vape-2-low-nicotine-bulk-buy-wholesale-cheap-price","status":"publish","type":"product","link":"https:\/\/vapestornado.com\/pl\/product\/vozol-star-20000-puffs-disposable-vape-2-low-nicotine-bulk-buy-wholesale-cheap-price\/","title":{"rendered":"VOZOL Star 20000 Zaci\u0105gni\u0119\u0107 Jednorazowy Vape 2% Niska Nikotyna Zakup Hurtowy Tanie Cena"},"content":{"rendered":"<h1 class=\"product-title\">VOZOL Star 20000 Zaci\u0105gni\u0119\u0107 Jednorazowy Vape 2% Niska Nikotyna Zakup Hurtowy Tanie Cena<\/h1>\n<p data-start=\"197\" data-end=\"530\">Cyfrowy ekran <strong data-start=\"201\" data-end=\"243\">VOZOL Star 20000 Zaci\u0105gni\u0119\u0107 Jednorazowy E-papieros<\/strong> to innowacyjne urz\u0105dzenie stworzone dla waper\u00f3w i <strong data-start=\"289\" data-end=\"315\">hurtowych dystrybutor\u00f3w<\/strong> kt\u00f3rzy chc\u0105 mie\u0107 na p\u00f3\u0142ce co\u015b wyj\u0105tkowego. Jako pierwszy na \u015bwiecie jednorazowy e-papieros z <strong data-start=\"395\" data-end=\"421\">ekranem HD o przek\u0105tnej 2,2 cala z efektem lustra<\/strong>, oferuje zar\u00f3wno futurystyczny design, jak i praktyczn\u0105 funkcjonalno\u015b\u0107, dzi\u0119ki czemu wyr\u00f3\u017cnia si\u0119 w ka\u017cdej ofercie detalicznej.<\/p>\n<p data-start=\"532\" data-end=\"840\">Z pojemno\u015bci\u0105 do <strong data-start=\"543\" data-end=\"559\">20 000 zaci\u0105gni\u0119\u0107<\/strong>Star jest zasilany przez <strong data-start=\"586\" data-end=\"617\">akumulator o pojemno\u015bci 650 mAh<\/strong> i <strong data-start=\"624\" data-end=\"657\">24 ml wst\u0119pnie nape\u0142nionego zbiornika e-liquidu<\/strong>, co zapewnia wyd\u0142u\u017con\u0105 wydajno\u015b\u0107. Urz\u0105dzenie <strong data-start=\"694\" data-end=\"719\">system podw\u00f3jnej siatki grzewczej<\/strong> zapewnia bogaty smak i g\u0119ste chmury, a regulowane ustawienia pozwalaj\u0105 u\u017cytkownikom personalizowa\u0107 sesje wapowania.<\/p>\n<p data-start=\"842\" data-end=\"1136\">Cyfrowy ekran <strong data-start=\"846\" data-end=\"874\">Interaktywny kolorowy ekran<\/strong> wy\u015bwietla w czasie rzeczywistym liczb\u0119 zaci\u0105gni\u0119\u0107, poziom na\u0142adowania baterii i pozosta\u0142\u0105 ilo\u015b\u0107 e-liquidu, daj\u0105c klientom pe\u0142n\u0105 kontrol\u0119 nad ich do\u015bwiadczeniem. Jego eleganckie i nowoczesne wyko\u0144czenie czyni go szczeg\u00f3lnie atrakcyjnym dla m\u0142odszych grup demograficznych w Niemczech, Francji, Hiszpanii i innych krajach UE.<\/p>\n<p data-start=\"1138\" data-end=\"1324\">Dla hurtownik\u00f3w <strong data-start=\"1159\" data-end=\"1177\">VOZOL Star 20K<\/strong> \u0142\u0105czy w sobie zaawansowane funkcje, d\u0142ugotrwa\u0142e u\u017cytkowanie i konkurencyjne ceny hurtowe, co czyni go dobrze sprzedaj\u0105cym si\u0119 jednorazowym e-papierosem do dystrybucji w Europie.<\/p>\n<p><strong>Zam\u00f3w VOZOL Star 20000 Jednorazowy E-papieros<\/strong> online z <strong>sklepu internetowego z e-papierosami vapestornado<\/strong>\u00a0i ciesz si\u0119 wyj\u0105tkowymi us\u0142ugami dostawy w ca\u0142ej <strong>Niemczech<\/strong>, <strong>Holandia<\/strong>, <strong>Francji<\/strong>, <strong>W\u0142ochy<\/strong>, <strong>Hiszpania<\/strong>, <strong>Polsce<\/strong>, <strong>Szwecja<\/strong>, <strong>Polska<\/strong>, <strong>Belgia<\/strong>, <strong>Austria<\/strong>, <strong>Polsce<\/strong>, <strong>Dania<\/strong>, <strong>Finlandia<\/strong>, <strong>Portugalia<\/strong>, <strong>W\u0119gry<\/strong>, i wiele innych.<\/p>\n<p>&nbsp;<\/p>\n<p><span style=\"color: #ff0000;\"><strong>Dodaj Amy na WhatsApp, aby uzyska\u0107 szybk\u0105 odpowied\u017a i kupon na vape!<\/strong><\/span><\/p>\n<p><img fetchpriority=\"high\" decoding=\"async\" class=\"size-full wp-image-2932\" src=\"https:\/\/vapestornado.com\/wp-content\/uploads\/2024\/12\/Vape-Wholesale.jpg\" alt=\"Hurtowa sprzeda\u017c e-papieros\u00f3w\" width=\"229\" height=\"300\" \/><\/p>\n<h3><a href=\"https:\/\/wa.me\/8617776015835\" target=\"_blank\" rel=\"noopener\"><span style=\"color: #ff0000;\"><strong>WhatsApp: +86 17776015835<\/strong><\/span><\/a><\/h3>\n<p>&nbsp;<\/p>\n<h2 class=\"product-title\"><strong>VOZOL Star 20000 Cechy Produktu<\/strong><\/h2>\n<div role=\"article\" data-tabster=\"{&quot;groupper&quot;:{&quot;tabbability&quot;:2},&quot;focusable&quot;:{}}\" data-content=\"ai-message\" aria-labelledby=\"juhNTJ6o7Gk1cgwZMJgv2-author juhNTJ6o7Gk1cgwZMJgv2-content\">\n<div id=\"juhNTJ6o7Gk1cgwZMJgv2-content\">\n<div role=\"article\" data-tabster=\"{&quot;groupper&quot;:{&quot;tabbability&quot;:2},&quot;focusable&quot;:{}}\" data-content=\"ai-message\" aria-labelledby=\"x4EZuCZWrTbh3weWUt7CU-author x4EZuCZWrTbh3weWUt7CU-content\">\n<div id=\"x4EZuCZWrTbh3weWUt7CU-content\">\n<div class=\"flex max-w-full flex-col flex-grow\">\n<div class=\"min-h-8 text-message flex w-full flex-col items-end gap-2 whitespace-normal break-words text-start [.text-message+&amp;]:mt-5\" dir=\"auto\" data-message-author-role=\"assistant\" data-message-id=\"52c6e00a-252f-4104-805d-2f1a84739c71\" data-message-model-slug=\"gpt-4o\">\n<div class=\"flex w-full flex-col gap-1 empty:hidden first:pt-[3px]\">\n<div class=\"markdown prose w-full break-words dark:prose-invert light\">\n<p>&nbsp;<\/p>\n<ol>\n<li><strong>Wy\u015bwietlacz HD Mirror 2.2\u2033<\/strong>: Przejrzysty, interaktywny wy\u015bwietlacz do \u0142atwego \u015bledzenia statystyk wapowania.<\/li>\n<li><strong>Technologia Twin Mesh Coil<\/strong>: Wzmacnia intensywno\u015b\u0107 smaku i zapewnia sta\u0142\u0105 produkcj\u0119 pary.<\/li>\n<li><strong>Do 20 000 Zaci\u0105gni\u0119\u0107<\/strong>: D\u0142ugotrwa\u0142e wapowanie z mo\u017cliwo\u015bci\u0105 dostosowania wydajno\u015bci.<\/li>\n<li><strong>Akumulator 650 mAh<\/strong>: Szybkie \u0142adowanie dla d\u0142u\u017cszego u\u017cytkowania z minimalnym czasem przestoju.<\/li>\n<li><strong>Pojemno\u015b\u0107 E-liquidu 24mL<\/strong>: Zapewnia wystarczaj\u0105c\u0105 ilo\u015b\u0107 e-liquidu na d\u0142u\u017csze sesje bez cz\u0119stego uzupe\u0142niania.<\/li>\n<li><strong>Przezroczysta Konstrukcja<\/strong>: Mo\u017cliwo\u015b\u0107 podgl\u0105du pozosta\u0142ego e-liquidu dla wi\u0119kszej wygody i \u0142atwo\u015bci u\u017cytkowania.<\/li>\n<\/ol>\n<figure id=\"attachment_3630\" aria-describedby=\"caption-attachment-3630\" style=\"width: 800px\" class=\"wp-caption alignnone\"><img decoding=\"async\" class=\"wp-image-3630 size-full\" src=\"https:\/\/vapestornado.com\/wp-content\/uploads\/2025\/01\/Vozol-Star-20000-Puff-Rechargeable-Disposable-Vape.webp\" alt=\"Vozol Star 20000 Puff Jednorazowy E-papieros z mo\u017cliwo\u015bci\u0105 \u0142adowania\" width=\"800\" height=\"800\" srcset=\"https:\/\/vapestornado.com\/wp-content\/uploads\/2025\/01\/Vozol-Star-20000-Puff-Rechargeable-Disposable-Vape.webp 800w, https:\/\/vapestornado.com\/wp-content\/uploads\/2025\/01\/Vozol-Star-20000-Puff-Rechargeable-Disposable-Vape-300x300.webp 300w, https:\/\/vapestornado.com\/wp-content\/uploads\/2025\/01\/Vozol-Star-20000-Puff-Rechargeable-Disposable-Vape-150x150.webp 150w, https:\/\/vapestornado.com\/wp-content\/uploads\/2025\/01\/Vozol-Star-20000-Puff-Rechargeable-Disposable-Vape-768x768.webp 768w, https:\/\/vapestornado.com\/wp-content\/uploads\/2025\/01\/Vozol-Star-20000-Puff-Rechargeable-Disposable-Vape-600x600.webp 600w, https:\/\/vapestornado.com\/wp-content\/uploads\/2025\/01\/Vozol-Star-20000-Puff-Rechargeable-Disposable-Vape-100x100.webp 100w\" sizes=\"(max-width: 800px) 100vw, 800px\" \/><figcaption id=\"caption-attachment-3630\" class=\"wp-caption-text\">Vozol Star 20000 Puff Jednorazowy E-papieros z mo\u017cliwo\u015bci\u0105 \u0142adowania<\/figcaption><\/figure>\n<\/div>\n<\/div>\n<\/div>\n<\/div>\n<div class=\"mb-2 flex gap-3 empty:hidden -ml-2\"><\/div>\n<\/div>\n<\/div>\n<\/div>\n<\/div>\n<h2 class=\"product-title\"><strong>Popularne smaki dla VOZOL Star 20000<\/strong><strong>\u00a0<\/strong><strong>Jednorazowe E-papierosy<\/strong><\/h2>\n<p>Vozol Vista 20000 zapewnia r\u00f3\u017cnorodn\u0105 i ekscytuj\u0105c\u0105 gam\u0119 opcji dla Twojej linii produkt\u00f3w, zaspokajaj\u0105c r\u00f3\u017cne preferencje smakowe! Znajd\u017a popularny smak zgodnie z nasz\u0105 dat\u0105 sprzeda\u017cy i opiniami klient\u00f3w.<\/p>\n<p>1.Cytryna Mi\u0119ta<br \/>\n2. Mieszane Jagody<span style=\"color: #ff0000;\"> <strong>&gt;&gt;&gt; Gor\u0105ce!<\/strong><\/span><br \/>\n3.Truskawka Mango<br \/>\n4.Mango L\u00f3d<br \/>\n5.Mango Ananas Grejpfrut<br \/>\n6. Winogronowy L\u00f3d<span style=\"color: #ff0000;\"><strong>&gt;&gt;&gt; Gor\u0105ce!<\/strong><\/span><br \/>\n7. Brzoskwinia na Lodzie<br \/>\n8.Cytryna Limonka<br \/>\n9. Arbuz z Lodem <span style=\"color: #ff0000;\"><strong>&gt;&gt;&gt; Gor\u0105ce!<\/strong><\/span><br \/>\n10.Smoczy Owoc Banan Wi\u015bnia<br \/>\n11.Podw\u00f3jne Jab\u0142ko L\u00f3d<br \/>\n12.Wi\u015bniowa Lemoniada<br \/>\n13. Truskawka Arbuz<br \/>\n14.Niebieski Razz Ice <span style=\"color: #ff0000;\"><strong>&gt;&gt;&gt; Gor\u0105ce!<\/strong><\/span><br \/>\n15.Bor\u00f3wkowa Burza<br \/>\n16.Niebieskie Mojito <span style=\"color: #ff0000;\"><strong>&gt;&gt;&gt; Najlepsze\uff01<\/strong><\/span><br \/>\n17.Malina Arbuz<br \/>\n18.Ogie\u0144 Wulkaniczny<\/p>\n<p>&nbsp;<\/p>\n<div class=\"flex-shrink-0 flex flex-col relative items-end\">\n<div class=\"pt-0\">\n<div class=\"gizmo-bot-avatar flex h-8 w-8 items-center justify-center overflow-hidden rounded-full\">\n<div class=\"relative p-1 rounded-sm flex items-center justify-center bg-token-main-surface-primary text-token-text-primary h-8 w-8\">\n<h2>FAQ dotycz\u0105ce VOZOL Star 20k<strong>\u00a0<\/strong>Jednorazowy e-papieros<\/h2>\n<p>&nbsp;<\/p>\n<ol>\n<li><strong>Jak d\u0142ugo dzia\u0142a VOZOL Star 20000?<\/strong><br \/>\nVOZOL Star zapewnia do <strong>20 000 zaci\u0105gni\u0119\u0107<\/strong>, oferuj\u0105c d\u0142ugotrwa\u0142e do\u015bwiadczenie dla intensywnie wapuj\u0105cych.<\/li>\n<li><strong>Jaki jest cel 2,2-calowego wy\u015bwietlacza lustrzanego HD?<\/strong><br \/>\nCyfrowy ekran <strong>2.2\u2033 lustrzany wy\u015bwietlacz HD<\/strong> pokazuje wa\u017cne informacje, takie jak liczba zaci\u0105gni\u0119\u0107, \u017cywotno\u015b\u0107 baterii i poziom e-liquidu, co zapewnia interaktywne, przyjazne dla u\u017cytkownika do\u015bwiadczenie.<\/li>\n<li><strong>W jaki spos\u00f3b technologia podw\u00f3jnej siatki grzewczej poprawia wra\u017cenia z wapowania?<\/strong><br \/>\nCyfrowy ekran <strong>technologii podw\u00f3jnej siatkowej grza\u0142ki<\/strong> wzmacnia intensywno\u015b\u0107 smaku i zapewnia sta\u0142\u0105 produkcj\u0119 pary, daj\u0105c u\u017cytkownikom p\u0142ynniejsze, bogatsze wra\u017cenia.<\/li>\n<li><strong>Czy VOZOL Star jest \u0142adowalny?<\/strong><br \/>\nTak, urz\u0105dzenie jest wyposa\u017cone w <strong>akumulator o pojemno\u015bci 650 mAh<\/strong> i mo\u017cna je szybko na\u0142adowa\u0107, aby zminimalizowa\u0107 przestoje.<\/li>\n<li><strong>Ile e-liquidu mie\u015bci VOZOL Star?<\/strong><br \/>\nCyfrowy ekran <strong>VOZOL Star<\/strong> posiada <strong>24 ml pojemno\u015b\u0107 e-liquidu<\/strong>, co jest idealne do d\u0142ugich sesji wapowania.<\/li>\n<li><strong>Gdzie mog\u0119 kupi\u0107 VOZOL Star 20000 Puffs?<\/strong><br \/>\nCyfrowy ekran <strong>VOZOL Star 20000 Chmur<\/strong> jest dost\u0119pny w sprzeda\u017cy online na <strong>vapestornado<\/strong>, z us\u0142ugami dostawy do r\u00f3\u017cnych kraj\u00f3w europejskich, w tym do <strong>Niemczech<\/strong>, <strong>Francji<\/strong>, <strong>W\u0142ochy<\/strong>, i wiele innych.<\/li>\n<\/ol>\n<div class=\"flex max-w-full flex-col flex-grow\"><\/div>\n<\/div>\n<\/div>\n<\/div>\n<\/div>\n<div class=\"flex-shrink-0 flex flex-col relative items-end\">\n<div class=\"pt-0\">\n<div class=\"gizmo-bot-avatar flex h-8 w-8 items-center justify-center overflow-hidden rounded-full\">\n<div class=\"relative p-1 rounded-sm flex items-center justify-center bg-token-main-surface-primary text-token-text-primary h-8 w-8\">\n<div class=\"mb-2 flex gap-3 empty:hidden -ml-2\">\n<div role=\"article\" data-tabster=\"{&quot;groupper&quot;:{&quot;tabbability&quot;:2},&quot;focusable&quot;:{}}\" data-content=\"ai-message\" aria-labelledby=\"Vdt5ez4X7Tg813x6rFVha-author Vdt5ez4X7Tg813x6rFVha-content\">\n<div id=\"Vdt5ez4X7Tg813x6rFVha-content\">\n<div role=\"article\" data-tabster=\"{&quot;groupper&quot;:{&quot;tabbability&quot;:2},&quot;focusable&quot;:{}}\" data-content=\"ai-message\" aria-labelledby=\"o968oC7CEo2fGHsGdsRYC-author o968oC7CEo2fGHsGdsRYC-content\">\n<div id=\"o968oC7CEo2fGHsGdsRYC-content\">\n<h2>Dlaczego warto wybra\u0107 vapestornado do hurtowej sprzeda\u017cy e-papieros\u00f3w VOZOL Star 20k Puffs?<\/h2>\n<div class=\"flex-shrink-0 flex flex-col relative items-end\">\n<div class=\"pt-0\">\n<div class=\"gizmo-bot-avatar flex h-8 w-8 items-center justify-center overflow-hidden rounded-full\">\n<div class=\"relative p-1 rounded-sm flex items-center justify-center bg-token-main-surface-primary text-token-text-primary h-8 w-8\">\n<p>Witamy w vapestornado, Twoim zaufanym sklepie internetowym z papierosami elektronicznymi premium. Z ponad 5-letnim do\u015bwiadczeniem, oferujemy popularne marki jednorazowych papieros\u00f3w elektronicznych, takie jak Fumot RandM Vape, <a href=\"https:\/\/vapestornado.com\/pl\/product-category\/vapme-shisha\/\">Vapme<\/a>, Bang Vape, Waspe Vape, and WGA Vape, itp.<\/p>\n<p>Nasza oferta obejmuje popularne e-papierosy, takie jak <a href=\"https:\/\/vapestornado.com\/pl\/product\/randm-12000-puffs-fumot-digital-disposable-vape-wholesale-price\/\">RandM Tornado 12000<\/a>, oraz bogate w smaku opcje, takie jak <a href=\"https:\/\/vapestornado.com\/pl\/product\/wga-crystal-pro-max-extra-15000-puffs-rechargeable-disposable-vape-wholesale-bulk-buy\/\">\u00a0WGA Crystal 15k Zaci\u0105gni\u0119\u0107<\/a> . Ka\u017cdy produkt jest wybierany z my\u015bl\u0105 o jako\u015bci, warto\u015bci i r\u00f3\u017cnorodno\u015bci, dzi\u0119ki czemu znajdziesz idealne dopasowanie do swoich potrzeb. Odkryj wyj\u0105tkow\u0105 obs\u0142ug\u0119 i szerok\u0105 gam\u0119 najlepszych produkt\u00f3w w cenach hurtowych na vapestornado.<\/p>\n<\/div>\n<p>&nbsp;<\/p>\n<p><strong>Inne popularne jednorazowe e-papierosy<\/strong><\/p>\n<p><a href=\"https:\/\/vapestornado.com\/pl\/product\/vozol-vista-20000-vape-rechargeable-disposable-vape-wholesale-cheap-price\/\">VOZOL VISTA 20000 Puffs <span style=\"color: #ff0000;\"><strong>&gt;&gt;&gt;&gt; Dalej !<\/strong><\/span><\/a><\/p>\n<p><a href=\"https:\/\/vapestornado.com\/pl\/product\/vozol-gear-power-20k-20000-puffs-vape-rechargeable-disposable-box-bulk-buy-cheap-price\/\">VOZOL Star 20000<span style=\"color: #ff0000;\"><strong>&gt;&gt;&gt;&gt; Dalej !<\/strong><\/span><\/a><\/p>\n<p><a href=\"https:\/\/vapestornado.com\/pl\/product\/puff-25k-bang-king-25000-puffs-rechargeable-disposable-vape-wholesale-bulk-buy\/\">Bang King 25000 <span style=\"color: #ff0000;\"><strong>&gt;&gt;&gt;&gt; Dalej !<\/strong><\/span><\/a><\/p>\n<\/div>\n<\/div>\n<\/div>\n<p>&nbsp;<\/p>\n<\/div>\n<\/div>\n<\/div>\n<\/div>\n<\/div>\n<\/div>\n<\/div>\n<\/div>\n<\/div>","protected":false},"excerpt":{"rendered":"<p>VOZOL Star 20000 Zaci\u0105gni\u0119\u0107 2% Niskonikoferowy Jednorazowy E-papieros Hurt<br \/>\nVOZOL Star 20000 Zaci\u0105gni\u0119\u0107 Cyfrowy Wy\u015bwietlacz Jednorazowy E-papieros Zakup Hurtowy<br \/>\nVOZOL Star 20k Jednorazowy E-papieros z Mo\u017cliwo\u015bci\u0105 \u0141adowania Niska Cena<\/p>\n<p><strong>Dodaj Amy do WhatsAppa, aby uzyska\u0107 szybk\u0105 odpowied\u017a i kupon na vape!<\/strong><\/p>\n<p><img fetchpriority=\"high\" decoding=\"async\" class=\"size-full wp-image-2932\" src=\"https:\/\/vapestornado.com\/wp-content\/uploads\/2024\/12\/Vape-Wholesale.jpg\" alt=\"Hurtowa sprzeda\u017c e-papieros\u00f3w\" width=\"229\" height=\"300\" \/><\/p>\n<h3><a href=\"https:\/\/wa.me\/8617776015835\"><span style=\"color: #ff0000;\"><strong>WhatsApp: +86 17776015835<\/strong><\/span><\/a><\/h3>\n<p>&nbsp;<\/p>","protected":false},"featured_media":3625,"comment_status":"open","ping_status":"closed","template":"","meta":{"_acf_changed":false,"_uag_custom_page_level_css":"","_lmt_disableupdate":"no","_lmt_disable":"","_monsterinsights_skip_tracking":false,"_monsterinsights_sitenote_active":false,"_monsterinsights_sitenote_note":"","_monsterinsights_sitenote_category":0,"site-sidebar-layout":"default","site-content-layout":"","ast-site-content-layout":"default","site-content-style":"default","site-sidebar-style":"default","ast-global-header-display":"","ast-banner-title-visibility":"","ast-main-header-display":"","ast-hfb-above-header-display":"","ast-hfb-below-header-display":"","ast-hfb-mobile-header-display":"","site-post-title":"","ast-breadcrumbs-content":"","ast-featured-img":"","footer-sml-layout":"","ast-disable-related-posts":"","theme-transparent-header-meta":"default","adv-header-id-meta":"","stick-header-meta":"","header-above-stick-meta":"","header-main-stick-meta":"","header-below-stick-meta":"","astra-migrate-meta-layouts":"set","ast-page-background-enabled":"default","ast-page-background-meta":{"desktop":{"background-color":"","background-image":"","background-repeat":"repeat","background-position":"center center","background-size":"auto","background-attachment":"scroll","background-type":"","background-media":"","overlay-type":"","overlay-color":"","overlay-opacity":"","overlay-gradient":""},"tablet":{"background-color":"","background-image":"","background-repeat":"repeat","background-position":"center center","background-size":"auto","background-attachment":"scroll","background-type":"","background-media":"","overlay-type":"","overlay-color":"","overlay-opacity":"","overlay-gradient":""},"mobile":{"background-color":"","background-image":"","background-repeat":"repeat","background-position":"center center","background-size":"auto","background-attachment":"scroll","background-type":"","background-media":"","overlay-type":"","overlay-color":"","overlay-opacity":"","overlay-gradient":""}},"ast-content-background-meta":{"desktop":{"background-color":"var(--ast-global-color-5)","background-image":"","background-repeat":"repeat","background-position":"center center","background-size":"auto","background-attachment":"scroll","background-type":"","background-media":"","overlay-type":"","overlay-color":"","overlay-opacity":"","overlay-gradient":""},"tablet":{"background-color":"var(--ast-global-color-5)","background-image":"","background-repeat":"repeat","background-position":"center center","background-size":"auto","background-attachment":"scroll","background-type":"","background-media":"","overlay-type":"","overlay-color":"","overlay-opacity":"","overlay-gradient":""},"mobile":{"background-color":"var(--ast-global-color-5)","background-image":"","background-repeat":"repeat","background-position":"center center","background-size":"auto","background-attachment":"scroll","background-type":"","background-media":"","overlay-type":"","overlay-color":"","overlay-opacity":"","overlay-gradient":""}},"_joinchat":{"telephone":"+8617776015835"}},"product_brand":[],"product_cat":[69,154,155,157,160,142,146,57],"product_tag":[165,105,97,166,94,222,221,220],"class_list":{"0":"post-3624","1":"product","2":"type-product","3":"status-publish","4":"has-post-thumbnail","6":"product_cat-20000-puff","7":"product_cat-buy-disposable-vapes-in-netherlands","8":"product_cat-buy-disposable-vapes-in-norway","9":"product_cat-buy-disposable-vapes-in-portugal","10":"product_cat-buy-disposable-vapes-in-switzerland","11":"product_cat-digital-box-disposable-vapes","12":"product_cat-rechargeable-disposable-vapes","13":"product_cat-vozol-vape","14":"product_tag-cheap-vapes","15":"product_tag-digital-disposable-vape","16":"product_tag-hot-sale-disposable-vape","17":"product_tag-low-nicotine-vape","18":"product_tag-rechargeable-disposable-vape","19":"product_tag-vozol-gear-power-20000","20":"product_tag-vozol-gear-power-20k","21":"product_tag-vozol-vape","22":"desktop-align-left","23":"tablet-align-left","24":"mobile-align-left","26":"first","27":"instock","28":"sale","29":"shipping-taxable","30":"purchasable","31":"product-type-simple"},"acf":[],"uagb_featured_image_src":{"full":["https:\/\/vapestornado.com\/wp-content\/uploads\/2025\/01\/Vozol-Star-20000-Puff-Disposable-Vape-Love-777-Flavor.webp",800,800,false],"thumbnail":["https:\/\/vapestornado.com\/wp-content\/uploads\/2025\/01\/Vozol-Star-20000-Puff-Disposable-Vape-Love-777-Flavor-150x150.webp",150,150,true],"medium":["https:\/\/vapestornado.com\/wp-content\/uploads\/2025\/01\/Vozol-Star-20000-Puff-Disposable-Vape-Love-777-Flavor-300x300.webp",300,300,true],"medium_large":["https:\/\/vapestornado.com\/wp-content\/uploads\/2025\/01\/Vozol-Star-20000-Puff-Disposable-Vape-Love-777-Flavor-768x768.webp",768,768,true],"large":["https:\/\/vapestornado.com\/wp-content\/uploads\/2025\/01\/Vozol-Star-20000-Puff-Disposable-Vape-Love-777-Flavor.webp",800,800,false],"1536x1536":["https:\/\/vapestornado.com\/wp-content\/uploads\/2025\/01\/Vozol-Star-20000-Puff-Disposable-Vape-Love-777-Flavor.webp",800,800,false],"2048x2048":["https:\/\/vapestornado.com\/wp-content\/uploads\/2025\/01\/Vozol-Star-20000-Puff-Disposable-Vape-Love-777-Flavor.webp",800,800,false],"trp-custom-language-flag":["https:\/\/vapestornado.com\/wp-content\/uploads\/2025\/01\/Vozol-Star-20000-Puff-Disposable-Vape-Love-777-Flavor.webp",12,12,false],"woocommerce_thumbnail":["https:\/\/vapestornado.com\/wp-content\/uploads\/2025\/01\/Vozol-Star-20000-Puff-Disposable-Vape-Love-777-Flavor-300x300.webp",300,300,true],"woocommerce_single":["https:\/\/vapestornado.com\/wp-content\/uploads\/2025\/01\/Vozol-Star-20000-Puff-Disposable-Vape-Love-777-Flavor-600x600.webp",600,600,true],"woocommerce_gallery_thumbnail":["https:\/\/vapestornado.com\/wp-content\/uploads\/2025\/01\/Vozol-Star-20000-Puff-Disposable-Vape-Love-777-Flavor-100x100.webp",100,100,true]},"uagb_author_info":{"display_name":"ESAMY","author_link":"https:\/\/vapestornado.com\/pl\/author\/"},"uagb_comment_info":0,"uagb_excerpt":"VOZOL Star 20000 Puffs 2% Low Nicotine Disposable Vape Wholesale VOZOL Star 20000 Puff \u00a0Digital Display Disposable Vape Bulk Buy VOZOL Star 20k Rechargeable Disposable Vape Cheap Price Add Amy's whatsapp get right reply and vape coupon! WhatsApp: +86 17776015835 &nbsp;","_links":{"self":[{"href":"https:\/\/vapestornado.com\/pl\/wp-json\/wp\/v2\/product\/3624","targetHints":{"allow":["GET"]}}],"collection":[{"href":"https:\/\/vapestornado.com\/pl\/wp-json\/wp\/v2\/product"}],"about":[{"href":"https:\/\/vapestornado.com\/pl\/wp-json\/wp\/v2\/types\/product"}],"replies":[{"embeddable":true,"href":"https:\/\/vapestornado.com\/pl\/wp-json\/wp\/v2\/comments?post=3624"}],"wp:featuredmedia":[{"embeddable":true,"href":"https:\/\/vapestornado.com\/pl\/wp-json\/wp\/v2\/media\/3625"}],"wp:attachment":[{"href":"https:\/\/vapestornado.com\/pl\/wp-json\/wp\/v2\/media?parent=3624"}],"wp:term":[{"taxonomy":"product_brand","embeddable":true,"href":"https:\/\/vapestornado.com\/pl\/wp-json\/wp\/v2\/product_brand?post=3624"},{"taxonomy":"product_cat","embeddable":true,"href":"https:\/\/vapestornado.com\/pl\/wp-json\/wp\/v2\/product_cat?post=3624"},{"taxonomy":"product_tag","embeddable":true,"href":"https:\/\/vapestornado.com\/pl\/wp-json\/wp\/v2\/product_tag?post=3624"}],"curies":[{"name":"wp","href":"https:\/\/api.w.org\/{rel}","templated":true}]}}